{"id":1024,"date":"2024-05-14T17:49:59","date_gmt":"2024-05-14T09:49:59","guid":{"rendered":"https:\/\/shanghepanel.com\/?post_type=product&#038;p=1024"},"modified":"2025-06-05T14:10:17","modified_gmt":"2025-06-05T06:10:17","slug":"polyurethane-sandwich-wall-panels-for-superior-insulation-and-durability","status":"publish","type":"product","link":"https:\/\/shanghepanel.com\/de\/product\/polyurethane-sandwich-wall-panels-for-superior-insulation-and-durability\/","title":{"rendered":"Polyurethan-Sandwichwandpaneele"},"content":{"rendered":"<div data-elementor-type=\"product-post\" data-elementor-id=\"1024\" class=\"elementor elementor-1024\" data-elementor-post-type=\"product\">\n\t\t\t\t<div class=\"elementor-element elementor-element-4db54157 e-flex e-con-boxed e-con e-parent\" data-id=\"4db54157\" data-element_type=\"container\" data-e-type=\"container\">\n\t\t\t\t\t<div class=\"e-con-inner\">\n\t\t\t\t<div class=\"elementor-element elementor-element-5f88902f elementor-widget elementor-widget-text-editor\" data-id=\"5f88902f\" data-element_type=\"widget\" data-e-type=\"widget\" data-widget_type=\"text-editor.default\">\n\t\t\t\t<div class=\"elementor-widget-container\">\n\t\t\t\t\t\t\t\t\t<h2>Einf\u00fchrung<\/h2>\r\nUnsere mit Polyurethan isolierten Wand-Sandwichpaneele sind so konzipiert, dass sie eine au\u00dfergew\u00f6hnliche W\u00e4rmed\u00e4mmung f\u00fcr verschiedene Bauprojekte bieten. Diese Paneele bestehen aus hochwertigem Polyurethan (PU)-Schaum, der zwischen zwei Schichten langlebiger PIR (Polyisocyanurat) oder PUR (Polyurethan)-Bl\u00e4tter eingebettet ist.\r\n<h2>Hervorragende Isolierung<\/h2>\r\nUnsere isolierten Wand-Sandwichpaneele bieten hervorragende W\u00e4rmed\u00e4mmeigenschaften, die dazu beitragen, eine angenehme Innentemperatur unabh\u00e4ngig von den Wetterbedingungen drau\u00dfen aufrechtzuerhalten. Der Polyurethan-Schaumkern hat einen hohen R-Wert, was bedeutet, dass er den W\u00e4rmetransfer effektiv reduziert und den Energieverbrauch f\u00fcr Heizung und K\u00fchlung minimiert.\r\n<h2>Langlebig und Leicht<\/h2>\r\nUnsere Paneele sind nicht nur hoch isolierend, sondern auch \u00e4u\u00dferst langlebig und leicht. Die PIR- oder PUR-Bl\u00e4tter bieten eine hervorragende strukturelle Integrit\u00e4t, sodass die Paneele verschiedenen \u00e4u\u00dferen Kr\u00e4ften standhalten k\u00f6nnen. Zus\u00e4tzlich macht ihr geringes Gewicht die Installation schnell und einfach, was sowohl Zeit als auch Arbeitskosten spart.\r\n<h2>Vielseitige Anwendungen<\/h2>\r\nUnsere mit Polyurethan isolierten Wand-Sandwichpaneele sind f\u00fcr eine Vielzahl von Anwendungen geeignet, einschlie\u00dflich Wohn-, Gewerbe- und Industriegeb\u00e4uden. Sie k\u00f6nnen f\u00fcr Au\u00dfenw\u00e4nde, Trennw\u00e4nde, D\u00e4cher und sogar K\u00fchlr\u00e4ume verwendet werden. Mit ihrer Vielseitigkeit bieten diese Paneele eine kosteng\u00fcnstige L\u00f6sung zur Erreichung von Energieeffizienz und thermischem Komfort in jedem Bauprojekt.\r\n<h2>Fazit<\/h2>\r\nUnsere mit Polyurethan isolierten Wand-Sandwichpaneele bieten au\u00dfergew\u00f6hnliche W\u00e4rmed\u00e4mmung, Langlebigkeit und Vielseitigkeit f\u00fcr verschiedene Bauprojekte. Mit ihrer \u00fcberlegenen Leistung und einfachen Installation sind diese Paneele eine ideale Wahl f\u00fcr alle, die die Energieeffizienz und den Komfort ihrer Geb\u00e4ude verbessern m\u00f6chten.\t\t\t\t\t\t\t\t<\/div>\n\t\t\t\t<\/div>\n\t\t\t\t\t<\/div>\n\t\t\t\t<\/div>\n\t\t<div class=\"elementor-element elementor-element-cf5a449 e-con-full e-flex e-con e-parent\" data-id=\"cf5a449\" data-element_type=\"container\" data-e-type=\"container\">\n\t\t\t\t<div class=\"elementor-element elementor-element-470e426 elementor-widget elementor-widget-heading\" data-id=\"470e426\" data-element_type=\"widget\" data-e-type=\"widget\" data-widget_type=\"heading.default\">\n\t\t\t\t<div class=\"elementor-widget-container\">\n\t\t\t\t\t<h2 class=\"elementor-heading-title elementor-size-default\">Eine Brandschutzklasse A Steinwolle-Sandwichplatte f\u00fcr Metallwandbekleidungssystem<\/h2>\t\t\t\t<\/div>\n\t\t\t\t<\/div>\n\t\t\t\t<div class=\"elementor-element elementor-element-76333ff elementor-widget elementor-widget-image\" data-id=\"76333ff\" data-element_type=\"widget\" data-e-type=\"widget\" data-widget_type=\"image.default\">\n\t\t\t\t<div class=\"elementor-widget-container\">\n\t\t\t\t\t\t\t\t\t\t\t\t\t\t\t<img fetchpriority=\"high\" decoding=\"async\" width=\"1060\" height=\"565\" src=\"https:\/\/shanghepanel.com\/wp-content\/uploads\/2024\/05\/PU-st-19.jpg\" class=\"attachment-full size-full wp-image-1036\" alt=\"\" srcset=\"https:\/\/shanghepanel.com\/wp-content\/uploads\/2024\/05\/PU-st-19.jpg 1060w, https:\/\/shanghepanel.com\/wp-content\/uploads\/2024\/05\/PU-st-19-300x160.jpg 300w, https:\/\/shanghepanel.com\/wp-content\/uploads\/2024\/05\/PU-st-19-1024x546.jpg 1024w, https:\/\/shanghepanel.com\/wp-content\/uploads\/2024\/05\/PU-st-19-768x409.jpg 768w, https:\/\/shanghepanel.com\/wp-content\/uploads\/2024\/05\/PU-st-19-600x320.jpg 600w\" sizes=\"(max-width: 1060px) 100vw, 1060px\" \/>\t\t\t\t\t\t\t\t\t\t\t\t\t\t\t<\/div>\n\t\t\t\t<\/div>\n\t\t\t\t<div class=\"elementor-element elementor-element-d7b951c elementor-tabs-view-horizontal elementor-widget elementor-widget-tabs\" data-id=\"d7b951c\" data-element_type=\"widget\" data-e-type=\"widget\" data-widget_type=\"tabs.default\">\n\t\t\t\t<div class=\"elementor-widget-container\">\n\t\t\t\t\t\t\t<div class=\"elementor-tabs\">\n\t\t\t<div class=\"elementor-tabs-wrapper\" role=\"tablist\" >\n\t\t\t\t\t\t\t\t\t<div id=\"elementor-tab-title-2261\" class=\"elementor-tab-title elementor-tab-desktop-title\" aria-selected=\"true\" data-tab=\"1\" role=\"tab\" tabindex=\"0\" aria-controls=\"elementor-tab-content-2261\" aria-expanded=\"false\">Produktspezifikationen<\/div>\n\t\t\t\t\t\t\t\t\t<div id=\"elementor-tab-title-2262\" class=\"elementor-tab-title elementor-tab-desktop-title\" aria-selected=\"false\" data-tab=\"2\" role=\"tab\" tabindex=\"-1\" aria-controls=\"elementor-tab-content-2262\" aria-expanded=\"false\">Produktmerkmale<\/div>\n\t\t\t\t\t\t\t\t\t<div id=\"elementor-tab-title-2263\" class=\"elementor-tab-title elementor-tab-desktop-title\" aria-selected=\"false\" data-tab=\"3\" role=\"tab\" tabindex=\"-1\" aria-controls=\"elementor-tab-content-2263\" aria-expanded=\"false\">Transaktionsinformationen<\/div>\n\t\t\t\t\t\t\t<\/div>\n\t\t\t<div class=\"elementor-tabs-content-wrapper\" role=\"tablist\" aria-orientation=\"vertical\">\n\t\t\t\t\t\t\t\t\t<div class=\"elementor-tab-title elementor-tab-mobile-title\" aria-selected=\"true\" data-tab=\"1\" role=\"tab\" tabindex=\"0\" aria-controls=\"elementor-tab-content-2261\" aria-expanded=\"false\">Produktspezifikationen<\/div>\n\t\t\t\t\t<div id=\"elementor-tab-content-2261\" class=\"elementor-tab-content elementor-clearfix\" data-tab=\"1\" role=\"tabpanel\" aria-labelledby=\"elementor-tab-title-2261\" tabindex=\"0\" hidden=\"false\"><table style=\"font-weight: 400;\"><tbody><tr><td rowspan=\"5\" width=\"169\"><p>Stahl-Au\u00dfenschicht<\/p><\/td><td width=\"164\"><p>\u00a0Standarddicke (mm)<\/p><\/td><td width=\"267\"><p>Spezifikationen 0,5-0,8 (Beschichtetes Stahlpaneel)<\/p><\/td><\/tr><tr><td width=\"164\">\u00a0<\/td><td width=\"267\"><p>Spezifikationen 0,46-0,7 (Edelstahl)<\/p><\/td><\/tr><tr><td width=\"164\"><p>Standardl\u00e4nge (mm)<\/p><\/td><td width=\"267\"><p>\u226415.000<\/p><\/td><\/tr><tr><td width=\"164\"><p>Standardbreite (mm)<\/p><\/td><td width=\"267\"><p>920-1120<\/p><\/td><\/tr><tr><td width=\"164\"><p>Beschichtung<\/p><\/td><td width=\"267\"><p>PVDF\/HDP\/PE\u00a0\u00a0\u00a0\u00a0\u00a0\u00a0<\/p><\/td><\/tr><tr><td rowspan=\"5\" width=\"169\"><p>D\u00e4mmkern<\/p><\/td><td width=\"164\"><p>Kernmaterial<\/p><\/td><td width=\"267\"><p>PU<\/p><\/td><\/tr><tr><td width=\"164\"><p>VW (kg\/m\u00b3)<\/p><\/td><td width=\"267\"><p>PU: 40\u00b12<\/p><\/td><\/tr><tr><td width=\"164\"><p>Dicke (mm)<\/p><\/td><td width=\"267\"><p>50-200\u00a0\u00a0<\/p><\/td><\/tr><tr><td width=\"164\"><p>Wert (W\/mK)<\/p><\/td><td width=\"267\"><p>PU:\u22640.024<\/p><\/td><\/tr><tr><td width=\"164\"><p>Brandschutzklasse<\/p><\/td><td width=\"267\"><p>PU:KLASS B1<\/p><\/td><\/tr><tr><td rowspan=\"3\" width=\"169\"><p>Prozess<\/p><\/td><td width=\"164\"><p>Fuge<\/p><\/td><td width=\"267\"><p>Zweiseitige Verbindung - Male-Weibliche Verbindung<\/p><\/td><\/tr><tr><td width=\"164\"><p>Herstellungsprozess<\/p><\/td><td width=\"267\"><p>Kontinuierlicher Produktionsprozess<\/p><\/td><\/tr><tr><td width=\"164\"><p>Oberfl\u00e4chenstruktur<\/p><\/td><td width=\"267\"><p>Flach\/gerade Perle\/Mikro-Welle<\/p><\/td><\/tr><tr><td width=\"169\"><p>Zentrumskantenbehandlung<\/p><\/td><td colspan=\"2\" width=\"431\"><p>PU-F\u00fcllung + Dekorative Abdeckung<\/p><\/td><\/tr><\/tbody><\/table><\/div>\n\t\t\t\t\t\t\t\t\t<div class=\"elementor-tab-title elementor-tab-mobile-title\" aria-selected=\"false\" data-tab=\"2\" role=\"tab\" tabindex=\"-1\" aria-controls=\"elementor-tab-content-2262\" aria-expanded=\"false\">Produktmerkmale<\/div>\n\t\t\t\t\t<div id=\"elementor-tab-content-2262\" class=\"elementor-tab-content elementor-clearfix\" data-tab=\"2\" role=\"tabpanel\" aria-labelledby=\"elementor-tab-title-2262\" tabindex=\"0\" hidden=\"hidden\"><ol><li><div>Das Kernmaterial verwendet ein neues Generationen-System aus starrer PU-PIR-Schaumverbundmaterialien, das die W\u00e4rmeleitung effektiv blockiert und somit eine hervorragende W\u00e4rmed\u00e4mmleistung bietet<\/div><\/li><li><div>Rationales Fugen-Design, gro\u00dfe W\u00e4rmed\u00e4mmeffektivit\u00e4t und \u00fcberlegene mechanische Leistung<\/div><\/li><li><div>Hervorragende W\u00e4rmed\u00e4mmleistung, hohe wirtschaftliche Vorteile, Verringerung des Luftverlusts und der solaren Strahlungsheizung, dadurch geringerer Energieverbrauch &amp; Kosten, CO2-Emissionen und Energieverbrauch des Geb\u00e4udes<\/div><\/li><li><div>Erf\u00fcllt verschiedene wichtige Brandschutzstandards weltweit<\/div><\/li><li><div>Geringere Emissionen fl\u00fcchtiger organischer Verbindungen (VOC), umweltfreundlich und nachhaltig<\/div><img decoding=\"async\" class=\"aligncenter wp-image-1034 size-full\" src=\"https:\/\/shanghepanel.com\/wp-content\/uploads\/2024\/05\/20220628092208_82797.jpg\" alt=\"\" width=\"865\" height=\"166\" srcset=\"https:\/\/shanghepanel.com\/wp-content\/uploads\/2024\/05\/20220628092208_82797.jpg 865w, https:\/\/shanghepanel.com\/wp-content\/uploads\/2024\/05\/20220628092208_82797-300x58.jpg 300w, https:\/\/shanghepanel.com\/wp-content\/uploads\/2024\/05\/20220628092208_82797-768x147.jpg 768w, https:\/\/shanghepanel.com\/wp-content\/uploads\/2024\/05\/20220628092208_82797-600x115.jpg 600w\" sizes=\"(max-width: 865px) 100vw, 865px\" \/><\/li><\/ol><\/div>\n\t\t\t\t\t\t\t\t\t<div class=\"elementor-tab-title elementor-tab-mobile-title\" aria-selected=\"false\" data-tab=\"3\" role=\"tab\" tabindex=\"-1\" aria-controls=\"elementor-tab-content-2263\" aria-expanded=\"false\">Transaktionsinformationen<\/div>\n\t\t\t\t\t<div id=\"elementor-tab-content-2263\" class=\"elementor-tab-content elementor-clearfix\" data-tab=\"3\" role=\"tabpanel\" aria-labelledby=\"elementor-tab-title-2263\" tabindex=\"0\" hidden=\"hidden\"><ul><li><p><span style=\"color: #142d7d;\">Zahlung <\/span>: <span style=\"color: #737373; font-size: 1rem;\">TT\/LC<\/span><\/p><\/li><li><p><span style=\"color: #142d7d;\">Produktursprung <\/span>: <span style=\"color: #737373; font-size: 1rem;\">Shandong Province, China<\/span><\/p><\/li><li><p><span style=\"color: #142d7d;\">Farbe <\/span>: <span style=\"color: #737373; font-size: 1rem;\">Anpassung nach Ihren W\u00fcnschen<\/span><\/p><\/li><li><p><span style=\"color: #142d7d;\">Mindestbestellmenge <\/span>: <span style=\"color: #737373; font-size: 1rem;\">\u00a0500 Quadratmeter<\/span><\/p><\/li><li><p><span style=\"color: #142d7d;\">Versandhafen <\/span>: <span style=\"color: #737373; font-size: 1rem;\">Qingdao Hafen, China<\/span><\/p><\/li><li><p><span style=\"color: #142d7d;\">Lieferzeit <\/span>\uff1a <span style=\"color: #737373; font-size: 1rem;\">20-30 Tage nach Erhalt Ihrer Anzahlung<\/span><\/p><\/li><\/ul><\/div>\n\t\t\t\t\t\t\t<\/div>\n\t\t<\/div>\n\t\t\t\t\t\t<\/div>\n\t\t\t\t<\/div>\n\t\t\t\t<div class=\"elementor-element elementor-element-0c84ed5 elementor-widget elementor-widget-elementskit-faq\" data-id=\"0c84ed5\" data-element_type=\"widget\" data-e-type=\"widget\" data-widget_type=\"elementskit-faq.default\">\n\t\t\t\t<div class=\"elementor-widget-container\">\n\t\t\t\t\t<div class=\"ekit-wid-con\" >\n                <div class=\"elementskit-single-faq elementor-repeater-item-f583996\">\n            <div class=\"elementskit-faq-header\">\n                <h2 class=\"elementskit-faq-title\">Wie lange h\u00e4lt es drau\u00dfen ohne Verblassen?<\/h2>\n            <\/div>\n            <div class=\"elementskit-faq-body\">\n                Die \u00e4u\u00dfere Metallschicht kann 45 Jahre lang nicht rosten, und die Lackfarbe kann 15 Jahre lang nicht verblassen.            <\/div>\n        <\/div>\n                <div class=\"elementskit-single-faq elementor-repeater-item-faa9272\">\n            <div class=\"elementskit-faq-header\">\n                <h2 class=\"elementskit-faq-title\">Gibt es Schalld\u00e4mmwirkung?<\/h2>\n            <\/div>\n            <div class=\"elementskit-faq-body\">\n                Das Kernmaterial in der Mitte ist eine W\u00e4rme- und Schalld\u00e4mmungsschicht, bestehend aus hochdichtem Material, und seine Innenseite ist eine eigenst\u00e4ndige geschlossene Zellenstruktur, die eine gute Schalld\u00e4mmung aufweist.            <\/div>\n        <\/div>\n                <div class=\"elementskit-single-faq elementor-repeater-item-f1cd0bf\">\n            <div class=\"elementskit-faq-header\">\n                <h2 class=\"elementskit-faq-title\">Kann ich Muster zur Inspektion erhalten?<\/h2>\n            <\/div>\n            <div class=\"elementskit-faq-body\">\n                Wir stellen Ihnen vor der Auftragsbest\u00e4tigung kostenlose Muster zur Verf\u00fcgung.            <\/div>\n        <\/div>\n                \n    <\/div>\t\t\t\t<\/div>\n\t\t\t\t<\/div>\n\t\t\t\t<\/div>\n\t\t\t\t<\/div>","protected":false},"excerpt":{"rendered":"<p>Entdecken Sie das Beste im Bauwesen mit unseren hochwertigen PU-Polyurethan-Sandwich-Wandpaneelen. Entwickelt f\u00fcr au\u00dfergew\u00f6hnliche W\u00e4rmed\u00e4mmung, verf\u00fcgen diese Paneele \u00fcber einen robusten Polyurethan-Kern, der zwischen zwei langlebigen Metallblechen eingebettet ist. Ideal f\u00fcr gewerbliche, industrielle und Wohnanwendungen sorgen unsere Paneele f\u00fcr Energieeffizienz und Kosteneinsparungen. Das leichte Design erm\u00f6glicht eine einfache Installation, w\u00e4hrend die hervorragende Feuerbest\u00e4ndigkeit die Sicherheit erh\u00f6ht. W\u00e4hlen Sie unsere Polyurethan-Sandwich-Wandpaneele f\u00fcr langlebige Leistung, reduzierte Wartung und verbesserten Innenkomfort. Investieren Sie in erstklassige Qualit\u00e4t und Nachhaltigkeit mit unseren innovativen Bau-L\u00f6sungen.<\/p>","protected":false},"featured_media":1028,"comment_status":"open","ping_status":"closed","template":"","meta":[],"product_brand":[],"product_cat":[31],"product_tag":[30,32,29],"class_list":{"0":"post-1024","1":"product","2":"type-product","3":"status-publish","4":"has-post-thumbnail","6":"product_cat-pu","7":"product_tag-insulation-board","8":"product_tag-pu","9":"product_tag-wall-board","11":"first","12":"instock","13":"shipping-taxable","14":"product-type-simple"},"yoast_head":"<!-- This site is optimized with the Yoast SEO plugin v24.2 - https:\/\/yoast.com\/wordpress\/plugins\/seo\/ -->\n<title>Polyurethane Sandwich Wall Panels - Shang He Sandwich Panel<\/title>\n<meta name=\"description\" content=\"PU Polyurethane Wall Sandwich Panels offer superior insulation, lightweight strength, and moisture resistance, perfect for energy-efficient buildings.\" \/>\n<meta name=\"robots\" content=\"index, follow, max-snippet:-1, max-image-preview:large, max-video-preview:-1\" \/>\n<link rel=\"canonical\" href=\"https:\/\/shanghepanel.com\/de\/product\/polyurethane-sandwich-wall-panels-for-superior-insulation-and-durability\/\" \/>\n<meta property=\"og:locale\" content=\"de_DE\" \/>\n<meta property=\"og:type\" content=\"article\" \/>\n<meta property=\"og:title\" content=\"Polyurethane Sandwich Wall Panels - Shang He Sandwich Panel\" \/>\n<meta property=\"og:description\" content=\"PU Polyurethane Wall Sandwich Panels offer superior insulation, lightweight strength, and moisture resistance, perfect for energy-efficient buildings.\" \/>\n<meta property=\"og:url\" content=\"https:\/\/shanghepanel.com\/de\/product\/polyurethane-sandwich-wall-panels-for-superior-insulation-and-durability\/\" \/>\n<meta property=\"og:site_name\" content=\"Shang He Sandwich Panel\" \/>\n<meta property=\"article:modified_time\" content=\"2025-06-05T06:10:17+00:00\" \/>\n<meta property=\"og:image\" content=\"https:\/\/shanghepanel.com\/wp-content\/uploads\/2024\/05\/PU-bd-111.jpg\" \/>\n\t<meta property=\"og:image:width\" content=\"800\" \/>\n\t<meta property=\"og:image:height\" content=\"800\" \/>\n\t<meta property=\"og:image:type\" content=\"image\/jpeg\" \/>\n<meta name=\"twitter:card\" content=\"summary_large_image\" \/>\n<meta name=\"twitter:label1\" content=\"Gesch\u00e4tzte Lesezeit\" \/>\n\t<meta name=\"twitter:data1\" content=\"4\u00a0Minuten\" \/>\n<script type=\"application\/ld+json\" class=\"yoast-schema-graph\">{\"@context\":\"https:\/\/schema.org\",\"@graph\":[{\"@type\":\"WebPage\",\"@id\":\"https:\/\/shanghepanel.com\/product\/polyurethane-sandwich-wall-panels-for-superior-insulation-and-durability\/\",\"url\":\"https:\/\/shanghepanel.com\/product\/polyurethane-sandwich-wall-panels-for-superior-insulation-and-durability\/\",\"name\":\"Polyurethane Sandwich Wall Panels - Shang He Sandwich Panel\",\"isPartOf\":{\"@id\":\"https:\/\/shanghepanel.com\/#website\"},\"primaryImageOfPage\":{\"@id\":\"https:\/\/shanghepanel.com\/product\/polyurethane-sandwich-wall-panels-for-superior-insulation-and-durability\/#primaryimage\"},\"image\":{\"@id\":\"https:\/\/shanghepanel.com\/product\/polyurethane-sandwich-wall-panels-for-superior-insulation-and-durability\/#primaryimage\"},\"thumbnailUrl\":\"https:\/\/shanghepanel.com\/wp-content\/uploads\/2024\/05\/PU-bd-111.jpg\",\"datePublished\":\"2024-05-14T09:49:59+00:00\",\"dateModified\":\"2025-06-05T06:10:17+00:00\",\"description\":\"PU Polyurethane Wall Sandwich Panels offer superior insulation, lightweight strength, and moisture resistance, perfect for energy-efficient buildings.\",\"breadcrumb\":{\"@id\":\"https:\/\/shanghepanel.com\/product\/polyurethane-sandwich-wall-panels-for-superior-insulation-and-durability\/#breadcrumb\"},\"inLanguage\":\"de\",\"potentialAction\":[{\"@type\":\"ReadAction\",\"target\":[\"https:\/\/shanghepanel.com\/product\/polyurethane-sandwich-wall-panels-for-superior-insulation-and-durability\/\"]}]},{\"@type\":\"ImageObject\",\"inLanguage\":\"de\",\"@id\":\"https:\/\/shanghepanel.com\/product\/polyurethane-sandwich-wall-panels-for-superior-insulation-and-durability\/#primaryimage\",\"url\":\"https:\/\/shanghepanel.com\/wp-content\/uploads\/2024\/05\/PU-bd-111.jpg\",\"contentUrl\":\"https:\/\/shanghepanel.com\/wp-content\/uploads\/2024\/05\/PU-bd-111.jpg\",\"width\":800,\"height\":800},{\"@type\":\"BreadcrumbList\",\"@id\":\"https:\/\/shanghepanel.com\/product\/polyurethane-sandwich-wall-panels-for-superior-insulation-and-durability\/#breadcrumb\",\"itemListElement\":[{\"@type\":\"ListItem\",\"position\":1,\"name\":\"\u9996\u9875\",\"item\":\"https:\/\/shanghepanel.com\/en\/\"},{\"@type\":\"ListItem\",\"position\":2,\"name\":\"\u4ea7\u54c1\",\"item\":\"https:\/\/shanghepanel.com\/index.php\/shop\/\"},{\"@type\":\"ListItem\",\"position\":3,\"name\":\"Polyurethane Sandwich Wall Panels\"}]},{\"@type\":\"WebSite\",\"@id\":\"https:\/\/shanghepanel.com\/#website\",\"url\":\"https:\/\/shanghepanel.com\/\",\"name\":\"shanghepanel.com\",\"description\":\"\",\"publisher\":{\"@id\":\"https:\/\/shanghepanel.com\/#organization\"},\"potentialAction\":[{\"@type\":\"SearchAction\",\"target\":{\"@type\":\"EntryPoint\",\"urlTemplate\":\"https:\/\/shanghepanel.com\/?s={search_term_string}\"},\"query-input\":{\"@type\":\"PropertyValueSpecification\",\"valueRequired\":true,\"valueName\":\"search_term_string\"}}],\"inLanguage\":\"de\"},{\"@type\":\"Organization\",\"@id\":\"https:\/\/shanghepanel.com\/#organization\",\"name\":\"Shandong ShangHe New Construction Engineering Co., ltd.\",\"url\":\"https:\/\/shanghepanel.com\/\",\"logo\":{\"@type\":\"ImageObject\",\"inLanguage\":\"de\",\"@id\":\"https:\/\/shanghepanel.com\/#\/schema\/logo\/image\/\",\"url\":\"https:\/\/shanghepanel.com\/wp-content\/uploads\/2024\/03\/logo-1.png\",\"contentUrl\":\"https:\/\/shanghepanel.com\/wp-content\/uploads\/2024\/03\/logo-1.png\",\"width\":800,\"height\":800,\"caption\":\"Shandong ShangHe New Construction Engineering Co., ltd.\"},\"image\":{\"@id\":\"https:\/\/shanghepanel.com\/#\/schema\/logo\/image\/\"}}]}<\/script>\n<!-- \/ Yoast SEO plugin. -->","yoast_head_json":{"title":"Polyurethan-Sandwich-Wandpaneele - Shang He Sandwich Panel","description":"PU Polyurethan-Wand-Sandwichpaneele bieten hervorragende Isolierung, leichte Festigkeit und Feuchtigkeitsbest\u00e4ndigkeit, perfekt f\u00fcr energieeffiziente Geb\u00e4ude.","robots":{"index":"index","follow":"follow","max-snippet":"max-snippet:-1","max-image-preview":"max-image-preview:large","max-video-preview":"max-video-preview:-1"},"canonical":"https:\/\/shanghepanel.com\/de\/product\/polyurethane-sandwich-wall-panels-for-superior-insulation-and-durability\/","og_locale":"de_DE","og_type":"article","og_title":"Polyurethane Sandwich Wall Panels - Shang He Sandwich Panel","og_description":"PU Polyurethane Wall Sandwich Panels offer superior insulation, lightweight strength, and moisture resistance, perfect for energy-efficient buildings.","og_url":"https:\/\/shanghepanel.com\/de\/product\/polyurethane-sandwich-wall-panels-for-superior-insulation-and-durability\/","og_site_name":"Shang He Sandwich Panel","article_modified_time":"2025-06-05T06:10:17+00:00","og_image":[{"width":800,"height":800,"url":"https:\/\/shanghepanel.com\/wp-content\/uploads\/2024\/05\/PU-bd-111.jpg","type":"image\/jpeg"}],"twitter_card":"summary_large_image","twitter_misc":{"Gesch\u00e4tzte Lesezeit":"4\u00a0Minuten"},"schema":{"@context":"https:\/\/schema.org","@graph":[{"@type":"WebPage","@id":"https:\/\/shanghepanel.com\/product\/polyurethane-sandwich-wall-panels-for-superior-insulation-and-durability\/","url":"https:\/\/shanghepanel.com\/product\/polyurethane-sandwich-wall-panels-for-superior-insulation-and-durability\/","name":"Polyurethan-Sandwich-Wandpaneele - Shang He Sandwich Panel","isPartOf":{"@id":"https:\/\/shanghepanel.com\/#website"},"primaryImageOfPage":{"@id":"https:\/\/shanghepanel.com\/product\/polyurethane-sandwich-wall-panels-for-superior-insulation-and-durability\/#primaryimage"},"image":{"@id":"https:\/\/shanghepanel.com\/product\/polyurethane-sandwich-wall-panels-for-superior-insulation-and-durability\/#primaryimage"},"thumbnailUrl":"https:\/\/shanghepanel.com\/wp-content\/uploads\/2024\/05\/PU-bd-111.jpg","datePublished":"2024-05-14T09:49:59+00:00","dateModified":"2025-06-05T06:10:17+00:00","description":"PU Polyurethan-Wand-Sandwichpaneele bieten hervorragende Isolierung, leichte Festigkeit und Feuchtigkeitsbest\u00e4ndigkeit, perfekt f\u00fcr energieeffiziente Geb\u00e4ude.","breadcrumb":{"@id":"https:\/\/shanghepanel.com\/product\/polyurethane-sandwich-wall-panels-for-superior-insulation-and-durability\/#breadcrumb"},"inLanguage":"de","potentialAction":[{"@type":"ReadAction","target":["https:\/\/shanghepanel.com\/product\/polyurethane-sandwich-wall-panels-for-superior-insulation-and-durability\/"]}]},{"@type":"ImageObject","inLanguage":"de","@id":"https:\/\/shanghepanel.com\/product\/polyurethane-sandwich-wall-panels-for-superior-insulation-and-durability\/#primaryimage","url":"https:\/\/shanghepanel.com\/wp-content\/uploads\/2024\/05\/PU-bd-111.jpg","contentUrl":"https:\/\/shanghepanel.com\/wp-content\/uploads\/2024\/05\/PU-bd-111.jpg","width":800,"height":800},{"@type":"BreadcrumbList","@id":"https:\/\/shanghepanel.com\/product\/polyurethane-sandwich-wall-panels-for-superior-insulation-and-durability\/#breadcrumb","itemListElement":[{"@type":"ListItem","position":1,"name":"\u9996\u9875","item":"https:\/\/shanghepanel.com\/en\/"},{"@type":"ListItem","position":2,"name":"\u4ea7\u54c1","item":"https:\/\/shanghepanel.com\/index.php\/shop\/"},{"@type":"ListItem","position":3,"name":"Polyurethane Sandwich Wall Panels"}]},{"@type":"WebSite","@id":"https:\/\/shanghepanel.com\/#website","url":"https:\/\/shanghepanel.com\/","name":"shanghepanel.com","description":"","publisher":{"@id":"https:\/\/shanghepanel.com\/#organization"},"potentialAction":[{"@type":"SearchAction","target":{"@type":"EntryPoint","urlTemplate":"https:\/\/shanghepanel.com\/?s={search_term_string}"},"query-input":{"@type":"PropertyValueSpecification","valueRequired":true,"valueName":"search_term_string"}}],"inLanguage":"de"},{"@type":"Organization","@id":"https:\/\/shanghepanel.com\/#organization","name":"Shandong ShangHe Neubauingenieurgesellschaft mbH","url":"https:\/\/shanghepanel.com\/","logo":{"@type":"ImageObject","inLanguage":"de","@id":"https:\/\/shanghepanel.com\/#\/schema\/logo\/image\/","url":"https:\/\/shanghepanel.com\/wp-content\/uploads\/2024\/03\/logo-1.png","contentUrl":"https:\/\/shanghepanel.com\/wp-content\/uploads\/2024\/03\/logo-1.png","width":800,"height":800,"caption":"Shandong ShangHe New Construction Engineering Co., ltd."},"image":{"@id":"https:\/\/shanghepanel.com\/#\/schema\/logo\/image\/"}}]}},"_links":{"self":[{"href":"https:\/\/shanghepanel.com\/de\/wp-json\/wp\/v2\/product\/1024","targetHints":{"allow":["GET"]}}],"collection":[{"href":"https:\/\/shanghepanel.com\/de\/wp-json\/wp\/v2\/product"}],"about":[{"href":"https:\/\/shanghepanel.com\/de\/wp-json\/wp\/v2\/types\/product"}],"replies":[{"embeddable":true,"href":"https:\/\/shanghepanel.com\/de\/wp-json\/wp\/v2\/comments?post=1024"}],"version-history":[{"count":0,"href":"https:\/\/shanghepanel.com\/de\/wp-json\/wp\/v2\/product\/1024\/revisions"}],"wp:featuredmedia":[{"embeddable":true,"href":"https:\/\/shanghepanel.com\/de\/wp-json\/wp\/v2\/media\/1028"}],"wp:attachment":[{"href":"https:\/\/shanghepanel.com\/de\/wp-json\/wp\/v2\/media?parent=1024"}],"wp:term":[{"taxonomy":"product_brand","embeddable":true,"href":"https:\/\/shanghepanel.com\/de\/wp-json\/wp\/v2\/product_brand?post=1024"},{"taxonomy":"product_cat","embeddable":true,"href":"https:\/\/shanghepanel.com\/de\/wp-json\/wp\/v2\/product_cat?post=1024"},{"taxonomy":"product_tag","embeddable":true,"href":"https:\/\/shanghepanel.com\/de\/wp-json\/wp\/v2\/product_tag?post=1024"}],"curies":[{"name":"wp","href":"https:\/\/api.w.org\/{rel}","templated":true}]}}