{"id":1751,"date":"2024-06-11T20:26:50","date_gmt":"2024-06-11T12:26:50","guid":{"rendered":"https:\/\/shanghepanel.com\/?post_type=product&#038;p=1751"},"modified":"2025-06-05T14:09:58","modified_gmt":"2025-06-05T06:09:58","slug":"fireproof-pu-foam-sandwich-panel-exterior-wall-metal-carved-board","status":"publish","type":"product","link":"https:\/\/shanghepanel.com\/de\/product\/fireproof-pu-foam-sandwich-panel-exterior-wall-metal-carved-board\/","title":{"rendered":"Holzmaserung Metall geschnitztes Brett"},"content":{"rendered":"<div data-elementor-type=\"product-post\" data-elementor-id=\"1751\" class=\"elementor elementor-1751\" data-elementor-post-type=\"product\">\n\t\t\t\t<div class=\"elementor-element elementor-element-99d86df e-con-full e-flex e-con e-parent\" data-id=\"99d86df\" data-element_type=\"container\" data-e-type=\"container\">\n\t\t\t\t<div class=\"elementor-element elementor-element-b591a4d elementor-widget elementor-widget-text-editor\" data-id=\"b591a4d\" data-element_type=\"widget\" data-e-type=\"widget\" data-widget_type=\"text-editor.default\">\n\t\t\t\t<div class=\"elementor-widget-container\">\n\t\t\t\t\t\t\t\t\t<div class=\"lake-content\"><span class=\"ne-text\">Die Oberfl\u00e4che der Metallskulpturplatte besteht aus einer Schicht aluminisiertem Zinkstahlblech, die Mitte ist eine hochdichte Schaumstoff-Polyurethan-Isolationsschicht, die untere Schicht ist wasserdichtes und feuchtigkeitsbest\u00e4ndiges Aluminiumfolienpapier, spezielle Struktur macht die Metallskulpturplatte hitzebest\u00e4ndig, feuerfest und feuchtigkeitsbest\u00e4ndig, einfache Installation, lange Lebensdauer, mehr als hundert Reliefmuster und Farben bieten mehr als hundert Kombinationsm\u00f6glichkeiten, luxuri\u00f6ser und sch\u00f6ner Dekorations-Effekt, so hebt das Geb\u00e4ude Klasse und Geschmack hervor, einfache und flexible Demontage und Montage, so wird das Wanddesign mit einem Austausch zum Kinderspiel, sehr geeignet f\u00fcr Au\u00dfenwandd\u00e4mm- und Dekorationsmaterialien.<\/span><\/div>\t\t\t\t\t\t\t\t<\/div>\n\t\t\t\t<\/div>\n\t\t\t\t<div class=\"elementor-element elementor-element-52f37b3 elementor-headline--style-highlight elementor-widget elementor-widget-animated-headline\" data-id=\"52f37b3\" data-element_type=\"widget\" data-e-type=\"widget\" data-settings=\"{&quot;marker&quot;:&quot;underline_zigzag&quot;,&quot;highlighted_text&quot;:&quot;PU Foam Sandwich Panel&quot;,&quot;headline_style&quot;:&quot;highlight&quot;,&quot;loop&quot;:&quot;yes&quot;,&quot;highlight_animation_duration&quot;:1200,&quot;highlight_iteration_delay&quot;:8000}\" data-widget_type=\"animated-headline.default\">\n\t\t\t\t<div class=\"elementor-widget-container\">\n\t\t\t\t\t\t\t<div class=\"elementor-headline\">\n\t\t\t\t\t<span class=\"elementor-headline-plain-text elementor-headline-text-wrapper\">Feuerfest<\/span>\n\t\t\t\t<span class=\"elementor-headline-dynamic-wrapper elementor-headline-text-wrapper\">\n\t\t\t\t\t<span class=\"elementor-headline-dynamic-text elementor-headline-text-active\">PU-Schaum Sandwichpaneel<\/span>\n\t\t\t\t<\/span>\n\t\t\t\t\t<span class=\"elementor-headline-plain-text elementor-headline-text-wrapper\">Au\u00dfenwand-Metallschalungsplatte Verbund-Sandwichpaneele<\/span>\n\t\t\t\t\t<\/div>\n\t\t\t\t\t\t<\/div>\n\t\t\t\t<\/div>\n\t\t\t\t<div class=\"elementor-element elementor-element-ca5d912 elementor-widget elementor-widget-image\" data-id=\"ca5d912\" data-element_type=\"widget\" data-e-type=\"widget\" data-widget_type=\"image.default\">\n\t\t\t\t<div class=\"elementor-widget-container\">\n\t\t\t\t\t\t\t\t\t\t\t\t\t\t\t<img fetchpriority=\"high\" decoding=\"async\" width=\"800\" height=\"664\" src=\"https:\/\/shanghepanel.com\/wp-content\/uploads\/2024\/06\/B_05-1024x850.jpg\" class=\"attachment-large size-large wp-image-1766\" alt=\"\" srcset=\"https:\/\/shanghepanel.com\/wp-content\/uploads\/2024\/06\/B_05-1024x850.jpg 1024w, https:\/\/shanghepanel.com\/wp-content\/uploads\/2024\/06\/B_05-300x249.jpg 300w, https:\/\/shanghepanel.com\/wp-content\/uploads\/2024\/06\/B_05-768x638.jpg 768w, https:\/\/shanghepanel.com\/wp-content\/uploads\/2024\/06\/B_05-600x498.jpg 600w, https:\/\/shanghepanel.com\/wp-content\/uploads\/2024\/06\/B_05.jpg 1060w\" sizes=\"(max-width: 800px) 100vw, 800px\" \/>\t\t\t\t\t\t\t\t\t\t\t\t\t\t\t<\/div>\n\t\t\t\t<\/div>\n\t\t\t\t<\/div>\n\t\t<div class=\"elementor-element elementor-element-a3000ed e-flex e-con-boxed e-con e-parent\" data-id=\"a3000ed\" data-element_type=\"container\" data-e-type=\"container\">\n\t\t\t\t\t<div class=\"e-con-inner\">\n\t\t\t\t<div class=\"elementor-element elementor-element-361b511 elementor-tabs-view-horizontal elementor-widget elementor-widget-tabs\" data-id=\"361b511\" data-element_type=\"widget\" data-e-type=\"widget\" data-widget_type=\"tabs.default\">\n\t\t\t\t<div class=\"elementor-widget-container\">\n\t\t\t\t\t\t\t<div class=\"elementor-tabs\">\n\t\t\t<div class=\"elementor-tabs-wrapper\" role=\"tablist\" >\n\t\t\t\t\t\t\t\t\t<div id=\"elementor-tab-title-5671\" class=\"elementor-tab-title elementor-tab-desktop-title\" aria-selected=\"true\" data-tab=\"1\" role=\"tab\" tabindex=\"0\" aria-controls=\"elementor-tab-content-5671\" aria-expanded=\"false\">Produktspezifikationen<\/div>\n\t\t\t\t\t\t\t\t\t<div id=\"elementor-tab-title-5672\" class=\"elementor-tab-title elementor-tab-desktop-title\" aria-selected=\"false\" data-tab=\"2\" role=\"tab\" tabindex=\"-1\" aria-controls=\"elementor-tab-content-5672\" aria-expanded=\"false\">Produktmerkmale<\/div>\n\t\t\t\t\t\t\t\t\t<div id=\"elementor-tab-title-5673\" class=\"elementor-tab-title elementor-tab-desktop-title\" aria-selected=\"false\" data-tab=\"3\" role=\"tab\" tabindex=\"-1\" aria-controls=\"elementor-tab-content-5673\" aria-expanded=\"false\">Transaktionsinformationen<\/div>\n\t\t\t\t\t\t\t<\/div>\n\t\t\t<div class=\"elementor-tabs-content-wrapper\" role=\"tablist\" aria-orientation=\"vertical\">\n\t\t\t\t\t\t\t\t\t<div class=\"elementor-tab-title elementor-tab-mobile-title\" aria-selected=\"true\" data-tab=\"1\" role=\"tab\" tabindex=\"0\" aria-controls=\"elementor-tab-content-5671\" aria-expanded=\"false\">Produktspezifikationen<\/div>\n\t\t\t\t\t<div id=\"elementor-tab-content-5671\" class=\"elementor-tab-content elementor-clearfix\" data-tab=\"1\" role=\"tabpanel\" aria-labelledby=\"elementor-tab-title-5671\" tabindex=\"0\" hidden=\"false\"><table class=\"has-title hight-light-first-column all magic-10\"><tbody><tr><td colspan=\"1\" rowspan=\"1\"><div class=\"magic-11\" data-spm-anchor-id=\"a2700.details.0.i95.2a101888jG48cr\">Produktname<\/div><\/td><td colspan=\"1\" rowspan=\"1\"><div class=\"magic-12\">Isolations-Polyurethan-Sandwichpaneel<\/div><\/td><\/tr><tr><td colspan=\"1\" rowspan=\"1\"><div class=\"magic-11\">Designstil<\/div><\/td><td colspan=\"1\" rowspan=\"1\"><div class=\"magic-12\">Unifarben, Ziegelstruktur, Steinstruktur, Holzmaserung oder kundenspezifisch<\/div><\/td><\/tr><tr><td colspan=\"1\" rowspan=\"1\"><div class=\"magic-11\">Paneelmaterial<\/div><\/td><td colspan=\"1\" rowspan=\"1\"><div class=\"magic-12\">Galvalume-Stahl<\/div><\/td><\/tr><tr><td colspan=\"1\" rowspan=\"1\"><div class=\"magic-11\">Kernmaterial<\/div><\/td><td colspan=\"1\" rowspan=\"1\"><div class=\"magic-12\">Hartpolyurethanschaum<\/div><\/td><\/tr><tr><td colspan=\"1\" rowspan=\"1\"><div class=\"magic-11\">Lackierte Oberfl\u00e4che<\/div><\/td><td colspan=\"1\" rowspan=\"1\"><div class=\"magic-12\">Hochtemperatur-Autolack<\/div><\/td><\/tr><tr><td colspan=\"1\" rowspan=\"1\"><div class=\"magic-11\">Farbe<\/div><\/td><td colspan=\"1\" rowspan=\"1\"><div class=\"magic-12\">Kundenanforderung<\/div><\/td><\/tr><tr><td colspan=\"1\" rowspan=\"1\"><div class=\"magic-11\">Dicke<\/div><\/td><td colspan=\"1\" rowspan=\"1\"><div class=\"magic-12\">16mm<\/div><\/td><\/tr><tr><td colspan=\"1\" rowspan=\"1\"><div class=\"magic-11\">L\u00e4nge<\/div><\/td><td colspan=\"1\" rowspan=\"1\"><div class=\"magic-12\">Kundenwahl<\/div><\/td><\/tr><tr><td colspan=\"1\" rowspan=\"1\"><div class=\"magic-11\">Zertifikat<\/div><\/td><td colspan=\"1\" rowspan=\"1\"><div class=\"magic-12\">CE ISO<\/div><\/td><\/tr><tr><td colspan=\"1\" rowspan=\"1\"><div class=\"magic-11\">Effektive Breite<\/div><\/td><td colspan=\"1\" rowspan=\"1\"><div class=\"magic-12\">383mm<\/div><\/td><\/tr><tr><td colspan=\"1\" rowspan=\"1\"><div class=\"magic-13\">L\u00e4nge<\/div><\/td><td colspan=\"1\" rowspan=\"1\"><div class=\"magic-14\">3800mm, 5800mm<\/div><\/td><\/tr><tr><td colspan=\"1\" rowspan=\"1\"><div class=\"magic-11\">Feuerfestigkeitsstufe<\/div><\/td><td colspan=\"1\" rowspan=\"1\"><div class=\"magic-12\">B-Niveau<\/div><\/td><\/tr><tr><td colspan=\"1\" rowspan=\"1\"><div class=\"magic-11\">Anwendung<\/div><\/td><td colspan=\"1\" rowspan=\"1\"><div class=\"magic-12\">Hotel, Villa, Apartment, B\u00fcrogeb\u00e4ude, Krankenhaus, Schule, Einkaufszentrum<\/div><\/td><\/tr><\/tbody><\/table><\/div>\n\t\t\t\t\t\t\t\t\t<div class=\"elementor-tab-title elementor-tab-mobile-title\" aria-selected=\"false\" data-tab=\"2\" role=\"tab\" tabindex=\"-1\" aria-controls=\"elementor-tab-content-5672\" aria-expanded=\"false\">Produktmerkmale<\/div>\n\t\t\t\t\t<div id=\"elementor-tab-content-5672\" class=\"elementor-tab-content elementor-clearfix\" data-tab=\"2\" role=\"tabpanel\" aria-labelledby=\"elementor-tab-title-5672\" tabindex=\"0\" hidden=\"hidden\"><p><img decoding=\"async\" class=\"alignnone size-medium wp-image-1771\" src=\"https:\/\/shanghepanel.com\/wp-content\/uploads\/2024\/06\/B-xq-11-300x181.jpg\" alt=\"\" width=\"300\" height=\"181\" srcset=\"https:\/\/shanghepanel.com\/wp-content\/uploads\/2024\/06\/B-xq-11-300x181.jpg 300w, https:\/\/shanghepanel.com\/wp-content\/uploads\/2024\/06\/B-xq-11-1024x619.jpg 1024w, https:\/\/shanghepanel.com\/wp-content\/uploads\/2024\/06\/B-xq-11-768x464.jpg 768w, https:\/\/shanghepanel.com\/wp-content\/uploads\/2024\/06\/B-xq-11-600x363.jpg 600w, https:\/\/shanghepanel.com\/wp-content\/uploads\/2024\/06\/B-xq-11.jpg 1060w\" sizes=\"(max-width: 300px) 100vw, 300px\" \/>Polyurethansandwichpaneel ist leicht, hat ein sch\u00f6nes Erscheinungsbild und eine gute Korrosionsbest\u00e4ndigkeit und kann direkt verarbeitet werden. Es bietet eine neue Art von Rohstoff f\u00fcr die Bauindustrie, Schiffbauindustrie, Fahrzeugherstellungsindustrie, M\u00f6belindustrie, Elektroindustrie usw. und hat eine gute Rolle bei der Ersetzung von Holz durch Stahl, effizientem Bau, Energieeinsparung und Umweltschutz gespielt.<\/p><\/div>\n\t\t\t\t\t\t\t\t\t<div class=\"elementor-tab-title elementor-tab-mobile-title\" aria-selected=\"false\" data-tab=\"3\" role=\"tab\" tabindex=\"-1\" aria-controls=\"elementor-tab-content-5673\" aria-expanded=\"false\">Transaktionsinformationen<\/div>\n\t\t\t\t\t<div id=\"elementor-tab-content-5673\" class=\"elementor-tab-content elementor-clearfix\" data-tab=\"3\" role=\"tabpanel\" aria-labelledby=\"elementor-tab-title-5673\" tabindex=\"0\" hidden=\"hidden\"><ul><li><p><span style=\"color: #142d7d;\">Zahlung <\/span>: <span style=\"color: #737373; font-size: 1rem;\">TT\/LC<\/span><\/p><\/li><li><p><span style=\"color: #142d7d;\">Produktursprung <\/span>: <span style=\"color: #737373; font-size: 1rem;\">Shandong Province, China<\/span><\/p><\/li><li><p><span style=\"color: #142d7d;\">Farbe <\/span>: <span style=\"color: #737373; font-size: 1rem;\">Anpassung nach Ihren W\u00fcnschen<\/span><\/p><\/li><li><p><span style=\"color: #142d7d;\">Mindestbestellmenge <\/span>: <span style=\"color: #737373; font-size: 1rem;\">\u00a0500 Quadratmeter<\/span><\/p><\/li><li><p><span style=\"color: #142d7d;\">Versandhafen <\/span>: <span style=\"color: #737373; font-size: 1rem;\">Qingdao Hafen, China<\/span><\/p><\/li><li><p><span style=\"color: #142d7d;\">Lieferzeit <\/span>\uff1a <span style=\"color: #737373; font-size: 1rem;\">20-30 Tage nach Erhalt Ihrer Anzahlung<\/span><\/p><\/li><\/ul><\/div>\n\t\t\t\t\t\t\t<\/div>\n\t\t<\/div>\n\t\t\t\t\t\t<\/div>\n\t\t\t\t<\/div>\n\t\t\t\t\t<\/div>\n\t\t\t\t<\/div>\n\t\t\t\t<\/div>","protected":false},"excerpt":{"rendered":"<p>Metallpr\u00e4gungspanelen, mit hochwertiger Isolierung und dekorativem Design, sind die ultimative Wahl f\u00fcr moderne Bauweise. Diese Paneele bieten au\u00dfergew\u00f6hnliche W\u00e4rmed\u00e4mmung, reduzieren Energiekosten f\u00fcr Heizung und K\u00fchlung. Mit ihren leichten und hochfesten Eigenschaften bieten sie hervorragende Haltbarkeit und Schlagfestigkeit. Einfach in jedem Klima zu installieren, verk\u00fcrzen sie die Bauzeit und senken die Gesamtkosten. Feuerfest und wasserdicht sch\u00fctzen diese Paneele Geb\u00e4ude vor Wettersch\u00e4den und erh\u00f6hen die Sicherheit. Erh\u00e4ltlich in verschiedenen Mustern und Farben, verleihen sie jeder Fassade eine luxuri\u00f6se Note. Ideal f\u00fcr Wohn-, Gewerbe- und Industrieanwendungen sind Metallpr\u00e4gungspanelen eine vielseitige und kosteneffektive L\u00f6sung f\u00fcr Neubauten und Renovierungen. W\u00e4hlen Sie Metallpr\u00e4gungspanelen f\u00fcr ein umweltfreundliches, langlebiges und stilvolles Baumaterial.<\/p>","protected":false},"featured_media":1758,"comment_status":"open","ping_status":"closed","template":"","meta":[],"product_brand":[],"product_cat":[33],"product_tag":[32,29],"class_list":{"0":"post-1751","1":"product","2":"type-product","3":"status-publish","4":"has-post-thumbnail","6":"product_cat-metal-carved-board","7":"product_tag-pu","8":"product_tag-wall-board","10":"first","11":"instock","12":"shipping-taxable","13":"product-type-grouped"},"yoast_head":"<!-- This site is optimized with the Yoast SEO plugin v24.2 - https:\/\/yoast.com\/wordpress\/plugins\/seo\/ -->\n<title>Wood Grain Metal Carved Board - Shang He Sandwich Panel<\/title>\n<meta name=\"description\" content=\"Metal carved board Built to last, our metal decorative panels are resistant to weather, corrosion, and impact, ensuring long-lasting beauty and performance.\" \/>\n<meta name=\"robots\" content=\"index, follow, max-snippet:-1, max-image-preview:large, max-video-preview:-1\" \/>\n<link rel=\"canonical\" href=\"https:\/\/shanghepanel.com\/de\/product\/fireproof-pu-foam-sandwich-panel-exterior-wall-metal-carved-board\/\" \/>\n<meta property=\"og:locale\" content=\"de_DE\" \/>\n<meta property=\"og:type\" content=\"article\" \/>\n<meta property=\"og:title\" content=\"Wood Grain Metal Carved Board - Shang He Sandwich Panel\" \/>\n<meta property=\"og:description\" content=\"Metal carved board Built to last, our metal decorative panels are resistant to weather, corrosion, and impact, ensuring long-lasting beauty and performance.\" \/>\n<meta property=\"og:url\" content=\"https:\/\/shanghepanel.com\/de\/product\/fireproof-pu-foam-sandwich-panel-exterior-wall-metal-carved-board\/\" \/>\n<meta property=\"og:site_name\" content=\"Shang He Sandwich Panel\" \/>\n<meta property=\"article:modified_time\" content=\"2025-06-05T06:09:58+00:00\" \/>\n<meta property=\"og:image\" content=\"https:\/\/shanghepanel.com\/wp-content\/uploads\/2024\/06\/MW-bd-44.jpg\" \/>\n\t<meta property=\"og:image:width\" content=\"800\" \/>\n\t<meta property=\"og:image:height\" content=\"800\" \/>\n\t<meta property=\"og:image:type\" content=\"image\/jpeg\" \/>\n<meta name=\"twitter:card\" content=\"summary_large_image\" \/>\n<meta name=\"twitter:label1\" content=\"Gesch\u00e4tzte Lesezeit\" \/>\n\t<meta name=\"twitter:data1\" content=\"3\u00a0Minuten\" \/>\n<script type=\"application\/ld+json\" class=\"yoast-schema-graph\">{\"@context\":\"https:\/\/schema.org\",\"@graph\":[{\"@type\":\"WebPage\",\"@id\":\"https:\/\/shanghepanel.com\/product\/fireproof-pu-foam-sandwich-panel-exterior-wall-metal-carved-board\/\",\"url\":\"https:\/\/shanghepanel.com\/product\/fireproof-pu-foam-sandwich-panel-exterior-wall-metal-carved-board\/\",\"name\":\"Wood Grain Metal Carved Board - Shang He Sandwich Panel\",\"isPartOf\":{\"@id\":\"https:\/\/shanghepanel.com\/#website\"},\"primaryImageOfPage\":{\"@id\":\"https:\/\/shanghepanel.com\/product\/fireproof-pu-foam-sandwich-panel-exterior-wall-metal-carved-board\/#primaryimage\"},\"image\":{\"@id\":\"https:\/\/shanghepanel.com\/product\/fireproof-pu-foam-sandwich-panel-exterior-wall-metal-carved-board\/#primaryimage\"},\"thumbnailUrl\":\"https:\/\/shanghepanel.com\/wp-content\/uploads\/2024\/06\/MW-bd-44.jpg\",\"datePublished\":\"2024-06-11T12:26:50+00:00\",\"dateModified\":\"2025-06-05T06:09:58+00:00\",\"description\":\"Metal carved board Built to last, our metal decorative panels are resistant to weather, corrosion, and impact, ensuring long-lasting beauty and performance.\",\"breadcrumb\":{\"@id\":\"https:\/\/shanghepanel.com\/product\/fireproof-pu-foam-sandwich-panel-exterior-wall-metal-carved-board\/#breadcrumb\"},\"inLanguage\":\"de\",\"potentialAction\":[{\"@type\":\"ReadAction\",\"target\":[\"https:\/\/shanghepanel.com\/product\/fireproof-pu-foam-sandwich-panel-exterior-wall-metal-carved-board\/\"]}]},{\"@type\":\"ImageObject\",\"inLanguage\":\"de\",\"@id\":\"https:\/\/shanghepanel.com\/product\/fireproof-pu-foam-sandwich-panel-exterior-wall-metal-carved-board\/#primaryimage\",\"url\":\"https:\/\/shanghepanel.com\/wp-content\/uploads\/2024\/06\/MW-bd-44.jpg\",\"contentUrl\":\"https:\/\/shanghepanel.com\/wp-content\/uploads\/2024\/06\/MW-bd-44.jpg\",\"width\":800,\"height\":800},{\"@type\":\"BreadcrumbList\",\"@id\":\"https:\/\/shanghepanel.com\/product\/fireproof-pu-foam-sandwich-panel-exterior-wall-metal-carved-board\/#breadcrumb\",\"itemListElement\":[{\"@type\":\"ListItem\",\"position\":1,\"name\":\"\u9996\u9875\",\"item\":\"https:\/\/shanghepanel.com\/en\/\"},{\"@type\":\"ListItem\",\"position\":2,\"name\":\"\u4ea7\u54c1\",\"item\":\"https:\/\/shanghepanel.com\/index.php\/shop\/\"},{\"@type\":\"ListItem\",\"position\":3,\"name\":\"Wood Grain Metal Carved Board\"}]},{\"@type\":\"WebSite\",\"@id\":\"https:\/\/shanghepanel.com\/#website\",\"url\":\"https:\/\/shanghepanel.com\/\",\"name\":\"shanghepanel.com\",\"description\":\"\",\"publisher\":{\"@id\":\"https:\/\/shanghepanel.com\/#organization\"},\"potentialAction\":[{\"@type\":\"SearchAction\",\"target\":{\"@type\":\"EntryPoint\",\"urlTemplate\":\"https:\/\/shanghepanel.com\/?s={search_term_string}\"},\"query-input\":{\"@type\":\"PropertyValueSpecification\",\"valueRequired\":true,\"valueName\":\"search_term_string\"}}],\"inLanguage\":\"de\"},{\"@type\":\"Organization\",\"@id\":\"https:\/\/shanghepanel.com\/#organization\",\"name\":\"Shandong ShangHe New Construction Engineering Co., ltd.\",\"url\":\"https:\/\/shanghepanel.com\/\",\"logo\":{\"@type\":\"ImageObject\",\"inLanguage\":\"de\",\"@id\":\"https:\/\/shanghepanel.com\/#\/schema\/logo\/image\/\",\"url\":\"https:\/\/shanghepanel.com\/wp-content\/uploads\/2024\/03\/logo-1.png\",\"contentUrl\":\"https:\/\/shanghepanel.com\/wp-content\/uploads\/2024\/03\/logo-1.png\",\"width\":800,\"height\":800,\"caption\":\"Shandong ShangHe New Construction Engineering Co., ltd.\"},\"image\":{\"@id\":\"https:\/\/shanghepanel.com\/#\/schema\/logo\/image\/\"}}]}<\/script>\n<!-- \/ Yoast SEO plugin. -->","yoast_head_json":{"title":"Holzmaserung Metall geschnitztes Brett - Shang He Sandwichplatte","description":"Metallgeschnittenes Brett, langlebig gebaut, sind unsere metallischen Dekorationspaneele wetterfest, korrosionsbest\u00e4ndig und sto\u00dffest, was eine langanhaltende Sch\u00f6nheit und Leistung gew\u00e4hrleistet.","robots":{"index":"index","follow":"follow","max-snippet":"max-snippet:-1","max-image-preview":"max-image-preview:large","max-video-preview":"max-video-preview:-1"},"canonical":"https:\/\/shanghepanel.com\/de\/product\/fireproof-pu-foam-sandwich-panel-exterior-wall-metal-carved-board\/","og_locale":"de_DE","og_type":"article","og_title":"Wood Grain Metal Carved Board - Shang He Sandwich Panel","og_description":"Metal carved board Built to last, our metal decorative panels are resistant to weather, corrosion, and impact, ensuring long-lasting beauty and performance.","og_url":"https:\/\/shanghepanel.com\/de\/product\/fireproof-pu-foam-sandwich-panel-exterior-wall-metal-carved-board\/","og_site_name":"Shang He Sandwich Panel","article_modified_time":"2025-06-05T06:09:58+00:00","og_image":[{"width":800,"height":800,"url":"https:\/\/shanghepanel.com\/wp-content\/uploads\/2024\/06\/MW-bd-44.jpg","type":"image\/jpeg"}],"twitter_card":"summary_large_image","twitter_misc":{"Gesch\u00e4tzte Lesezeit":"3\u00a0Minuten"},"schema":{"@context":"https:\/\/schema.org","@graph":[{"@type":"WebPage","@id":"https:\/\/shanghepanel.com\/product\/fireproof-pu-foam-sandwich-panel-exterior-wall-metal-carved-board\/","url":"https:\/\/shanghepanel.com\/product\/fireproof-pu-foam-sandwich-panel-exterior-wall-metal-carved-board\/","name":"Holzmaserung Metall geschnitztes Brett - Shang He Sandwichplatte","isPartOf":{"@id":"https:\/\/shanghepanel.com\/#website"},"primaryImageOfPage":{"@id":"https:\/\/shanghepanel.com\/product\/fireproof-pu-foam-sandwich-panel-exterior-wall-metal-carved-board\/#primaryimage"},"image":{"@id":"https:\/\/shanghepanel.com\/product\/fireproof-pu-foam-sandwich-panel-exterior-wall-metal-carved-board\/#primaryimage"},"thumbnailUrl":"https:\/\/shanghepanel.com\/wp-content\/uploads\/2024\/06\/MW-bd-44.jpg","datePublished":"2024-06-11T12:26:50+00:00","dateModified":"2025-06-05T06:09:58+00:00","description":"Metallgeschnittenes Brett, langlebig gebaut, sind unsere metallischen Dekorationspaneele wetterfest, korrosionsbest\u00e4ndig und sto\u00dffest, was eine langanhaltende Sch\u00f6nheit und Leistung gew\u00e4hrleistet.","breadcrumb":{"@id":"https:\/\/shanghepanel.com\/product\/fireproof-pu-foam-sandwich-panel-exterior-wall-metal-carved-board\/#breadcrumb"},"inLanguage":"de","potentialAction":[{"@type":"ReadAction","target":["https:\/\/shanghepanel.com\/product\/fireproof-pu-foam-sandwich-panel-exterior-wall-metal-carved-board\/"]}]},{"@type":"ImageObject","inLanguage":"de","@id":"https:\/\/shanghepanel.com\/product\/fireproof-pu-foam-sandwich-panel-exterior-wall-metal-carved-board\/#primaryimage","url":"https:\/\/shanghepanel.com\/wp-content\/uploads\/2024\/06\/MW-bd-44.jpg","contentUrl":"https:\/\/shanghepanel.com\/wp-content\/uploads\/2024\/06\/MW-bd-44.jpg","width":800,"height":800},{"@type":"BreadcrumbList","@id":"https:\/\/shanghepanel.com\/product\/fireproof-pu-foam-sandwich-panel-exterior-wall-metal-carved-board\/#breadcrumb","itemListElement":[{"@type":"ListItem","position":1,"name":"\u9996\u9875","item":"https:\/\/shanghepanel.com\/en\/"},{"@type":"ListItem","position":2,"name":"\u4ea7\u54c1","item":"https:\/\/shanghepanel.com\/index.php\/shop\/"},{"@type":"ListItem","position":3,"name":"Wood Grain Metal Carved Board"}]},{"@type":"WebSite","@id":"https:\/\/shanghepanel.com\/#website","url":"https:\/\/shanghepanel.com\/","name":"shanghepanel.com","description":"","publisher":{"@id":"https:\/\/shanghepanel.com\/#organization"},"potentialAction":[{"@type":"SearchAction","target":{"@type":"EntryPoint","urlTemplate":"https:\/\/shanghepanel.com\/?s={search_term_string}"},"query-input":{"@type":"PropertyValueSpecification","valueRequired":true,"valueName":"search_term_string"}}],"inLanguage":"de"},{"@type":"Organization","@id":"https:\/\/shanghepanel.com\/#organization","name":"Shandong ShangHe Neubauingenieurgesellschaft mbH","url":"https:\/\/shanghepanel.com\/","logo":{"@type":"ImageObject","inLanguage":"de","@id":"https:\/\/shanghepanel.com\/#\/schema\/logo\/image\/","url":"https:\/\/shanghepanel.com\/wp-content\/uploads\/2024\/03\/logo-1.png","contentUrl":"https:\/\/shanghepanel.com\/wp-content\/uploads\/2024\/03\/logo-1.png","width":800,"height":800,"caption":"Shandong ShangHe New Construction Engineering Co., ltd."},"image":{"@id":"https:\/\/shanghepanel.com\/#\/schema\/logo\/image\/"}}]}},"_links":{"self":[{"href":"https:\/\/shanghepanel.com\/de\/wp-json\/wp\/v2\/product\/1751","targetHints":{"allow":["GET"]}}],"collection":[{"href":"https:\/\/shanghepanel.com\/de\/wp-json\/wp\/v2\/product"}],"about":[{"href":"https:\/\/shanghepanel.com\/de\/wp-json\/wp\/v2\/types\/product"}],"replies":[{"embeddable":true,"href":"https:\/\/shanghepanel.com\/de\/wp-json\/wp\/v2\/comments?post=1751"}],"version-history":[{"count":0,"href":"https:\/\/shanghepanel.com\/de\/wp-json\/wp\/v2\/product\/1751\/revisions"}],"wp:featuredmedia":[{"embeddable":true,"href":"https:\/\/shanghepanel.com\/de\/wp-json\/wp\/v2\/media\/1758"}],"wp:attachment":[{"href":"https:\/\/shanghepanel.com\/de\/wp-json\/wp\/v2\/media?parent=1751"}],"wp:term":[{"taxonomy":"product_brand","embeddable":true,"href":"https:\/\/shanghepanel.com\/de\/wp-json\/wp\/v2\/product_brand?post=1751"},{"taxonomy":"product_cat","embeddable":true,"href":"https:\/\/shanghepanel.com\/de\/wp-json\/wp\/v2\/product_cat?post=1751"},{"taxonomy":"product_tag","embeddable":true,"href":"https:\/\/shanghepanel.com\/de\/wp-json\/wp\/v2\/product_tag?post=1751"}],"curies":[{"name":"wp","href":"https:\/\/api.w.org\/{rel}","templated":true}]}}