{"id":4898,"date":"2025-05-20T14:26:56","date_gmt":"2025-05-20T06:26:56","guid":{"rendered":"https:\/\/shanghepanel.com\/?post_type=product&#038;p=4898"},"modified":"2025-06-05T14:08:53","modified_gmt":"2025-06-05T06:08:53","slug":"marble-decorative-panels-%e5%a4%8d%e5%88%b6","status":"publish","type":"product","link":"https:\/\/shanghepanel.com\/de\/product\/marble-decorative-panels-%e5%a4%8d%e5%88%b6\/","title":{"rendered":"Marmor Dekorative Paneele-1"},"content":{"rendered":"<div data-elementor-type=\"product-post\" data-elementor-id=\"4898\" class=\"elementor elementor-4898\" data-elementor-post-type=\"product\">\n\t\t\t\t<div class=\"elementor-element elementor-element-4766956a e-flex e-con-boxed e-con e-parent\" data-id=\"4766956a\" data-element_type=\"container\" data-e-type=\"container\">\n\t\t\t\t\t<div class=\"e-con-inner\">\n\t\t\t\t<div class=\"elementor-element elementor-element-37286890 elementor-widget elementor-widget-text-editor\" data-id=\"37286890\" data-element_type=\"widget\" data-e-type=\"widget\" data-widget_type=\"text-editor.default\">\n\t\t\t\t<div class=\"elementor-widget-container\">\n\t\t\t\t\t\t\t\t\tMarmorstruktur-Isolations-Dekor-Sandwichpaneele, mit dem eleganten Erscheinungsbild von Marmor und der hervorragenden Leistung von Isolationspaneelen, sind eine ideale Wahl f\u00fcr die moderne architektonische Dekoration. Das Produkt verf\u00fcgt \u00fcber hervorragende W\u00e4rmed\u00e4mmung, Schalld\u00e4mmung und Ger\u00e4uschreduzierung, und besitzt au\u00dferdem feuerhemmende, wasserdichte und feuchtigkeitsbest\u00e4ndige Funktionen, die den Komfort und die Langlebigkeit des Geb\u00e4udes effektiv verbessern k\u00f6nnen.\n\nMarmorstruktur-Isolations-Dekor-Sandwichpaneele werden h\u00e4ufig bei der Innen- und Au\u00dfendekoration verwendet, wie z.B. in Hotels, Einkaufszentren, B\u00fcrogeb\u00e4uden, Wohnh\u00e4usern usw. Das Produkt kann f\u00fcr W\u00e4nde, Decken, Trennw\u00e4nde und andere Teile verwendet werden, was dem Raum im Geb\u00e4ude einen luxuri\u00f6sen und edlen Eindruck verleiht.\n\nUmweltfreundliche Marmorstruktur-Isolations-Dekor-Sandwichpaneele verwenden gr\u00fcne und umweltfreundliche Materialien, enthalten keine sch\u00e4dlichen Substanzen wie Formaldehyd und erf\u00fcllen die Anforderungen an umweltgerechtes Bauen. Das Produkt kann den Energieverbrauch des Geb\u00e4udes effektiv reduzieren, die CO2-Emissionen verringern und somit zum Umweltschutz beitragen.\n\nM\u00f6chten Sie, dass Ihr Geb\u00e4ude luxuri\u00f6ser wirkt? Marmorstruktur-Isolations-Dekor-Sandwichpaneele sind Ihre beste Wahl! Das Produkt bietet nicht nur eine hervorragende D\u00e4mmleistung f\u00fcr das Geb\u00e4ude, sondern schafft auch eine hochwertige und atmosph\u00e4rische Raumgestaltung. Es ist eine trendige Wahl f\u00fcr die moderne architektonische Dekoration.\t\t\t\t\t\t\t\t<\/div>\n\t\t\t\t<\/div>\n\t\t\t\t\t<\/div>\n\t\t\t\t<\/div>\n\t\t<div class=\"elementor-element elementor-element-8d6325c e-flex e-con-boxed e-con e-parent\" data-id=\"8d6325c\" data-element_type=\"container\" data-e-type=\"container\">\n\t\t\t\t\t<div class=\"e-con-inner\">\n\t\t\t\t\t<\/div>\n\t\t\t\t<\/div>\n\t\t<div class=\"elementor-element elementor-element-a48910f e-flex e-con-boxed e-con e-parent\" data-id=\"a48910f\" data-element_type=\"container\" data-e-type=\"container\">\n\t\t\t\t\t<div class=\"e-con-inner\">\n\t\t\t\t\t<\/div>\n\t\t\t\t<\/div>\n\t\t\t\t<\/div>","protected":false},"excerpt":{"rendered":"<p>Unsere <strong>Marmor Muster W\u00e4rmed\u00e4mmende Dekorative Sandwichpaneele<\/strong> Verbindet die Eleganz von Marmor mit der \u00fcberlegenen Leistung von D\u00e4mmmaterialien. Bietet hervorragende W\u00e4rmed\u00e4mmung, Schalld\u00e4mmung und Feuerbest\u00e4ndigkeit, was es zu einer idealen Wahl f\u00fcr moderne architektonische Dekoration macht.<\/p>\n<p>&nbsp;<\/p>","protected":false},"featured_media":3783,"comment_status":"open","ping_status":"closed","template":"","meta":[],"product_brand":[],"product_cat":[33],"product_tag":[48,29,49],"class_list":{"0":"post-4898","1":"product","2":"type-product","3":"status-publish","4":"has-post-thumbnail","6":"product_cat-metal-carved-board","7":"product_tag-marble","8":"product_tag-wall-board","9":"product_tag-wall-panel","11":"first","12":"instock","13":"shipping-taxable","14":"product-type-simple"},"yoast_head":"<!-- This site is optimized with the Yoast SEO plugin v24.2 - https:\/\/yoast.com\/wordpress\/plugins\/seo\/ -->\n<title>Marble Decorative Panels-1 - Shang He Sandwich Panel<\/title>\n<meta name=\"description\" content=\"Marble texture insulation decorative sandwich panels use advanced technology to perfectly combine marble texture with high-performance insulation materials.\" \/>\n<meta name=\"robots\" content=\"index, follow, max-snippet:-1, max-image-preview:large, max-video-preview:-1\" \/>\n<link rel=\"canonical\" href=\"https:\/\/shanghepanel.com\/de\/product\/marble-decorative-panels-\u590d\u5236\/\" \/>\n<meta property=\"og:locale\" content=\"de_DE\" \/>\n<meta property=\"og:type\" content=\"article\" \/>\n<meta property=\"og:title\" content=\"Marble Decorative Panels-1 - Shang He Sandwich Panel\" \/>\n<meta property=\"og:description\" content=\"Marble texture insulation decorative sandwich panels use advanced technology to perfectly combine marble texture with high-performance insulation materials.\" \/>\n<meta property=\"og:url\" content=\"https:\/\/shanghepanel.com\/de\/product\/marble-decorative-panels-\u590d\u5236\/\" \/>\n<meta property=\"og:site_name\" content=\"Shang He Sandwich Panel\" \/>\n<meta property=\"article:modified_time\" content=\"2025-06-05T06:08:53+00:00\" \/>\n<meta property=\"og:image\" content=\"https:\/\/shanghepanel.com\/wp-content\/uploads\/2024\/07\/B-zt-12.jpg\" \/>\n\t<meta property=\"og:image:width\" content=\"800\" \/>\n\t<meta property=\"og:image:height\" content=\"800\" \/>\n\t<meta property=\"og:image:type\" content=\"image\/jpeg\" \/>\n<meta name=\"twitter:card\" content=\"summary_large_image\" \/>\n<meta name=\"twitter:label1\" content=\"Gesch\u00e4tzte Lesezeit\" \/>\n\t<meta name=\"twitter:data1\" content=\"2\u00a0Minuten\" \/>\n<script type=\"application\/ld+json\" class=\"yoast-schema-graph\">{\"@context\":\"https:\/\/schema.org\",\"@graph\":[{\"@type\":\"WebPage\",\"@id\":\"https:\/\/shanghepanel.com\/product\/marble-decorative-panels-%e5%a4%8d%e5%88%b6\/\",\"url\":\"https:\/\/shanghepanel.com\/product\/marble-decorative-panels-%e5%a4%8d%e5%88%b6\/\",\"name\":\"Marble Decorative Panels-1 - Shang He Sandwich Panel\",\"isPartOf\":{\"@id\":\"https:\/\/shanghepanel.com\/#website\"},\"primaryImageOfPage\":{\"@id\":\"https:\/\/shanghepanel.com\/product\/marble-decorative-panels-%e5%a4%8d%e5%88%b6\/#primaryimage\"},\"image\":{\"@id\":\"https:\/\/shanghepanel.com\/product\/marble-decorative-panels-%e5%a4%8d%e5%88%b6\/#primaryimage\"},\"thumbnailUrl\":\"https:\/\/shanghepanel.com\/wp-content\/uploads\/2024\/07\/B-zt-12.jpg\",\"datePublished\":\"2025-05-20T06:26:56+00:00\",\"dateModified\":\"2025-06-05T06:08:53+00:00\",\"description\":\"Marble texture insulation decorative sandwich panels use advanced technology to perfectly combine marble texture with high-performance insulation materials.\",\"breadcrumb\":{\"@id\":\"https:\/\/shanghepanel.com\/product\/marble-decorative-panels-%e5%a4%8d%e5%88%b6\/#breadcrumb\"},\"inLanguage\":\"de\",\"potentialAction\":[{\"@type\":\"ReadAction\",\"target\":[\"https:\/\/shanghepanel.com\/product\/marble-decorative-panels-%e5%a4%8d%e5%88%b6\/\"]}]},{\"@type\":\"ImageObject\",\"inLanguage\":\"de\",\"@id\":\"https:\/\/shanghepanel.com\/product\/marble-decorative-panels-%e5%a4%8d%e5%88%b6\/#primaryimage\",\"url\":\"https:\/\/shanghepanel.com\/wp-content\/uploads\/2024\/07\/B-zt-12.jpg\",\"contentUrl\":\"https:\/\/shanghepanel.com\/wp-content\/uploads\/2024\/07\/B-zt-12.jpg\",\"width\":800,\"height\":800},{\"@type\":\"BreadcrumbList\",\"@id\":\"https:\/\/shanghepanel.com\/product\/marble-decorative-panels-%e5%a4%8d%e5%88%b6\/#breadcrumb\",\"itemListElement\":[{\"@type\":\"ListItem\",\"position\":1,\"name\":\"\u9996\u9875\",\"item\":\"https:\/\/shanghepanel.com\/en\/\"},{\"@type\":\"ListItem\",\"position\":2,\"name\":\"\u4ea7\u54c1\",\"item\":\"https:\/\/shanghepanel.com\/index.php\/shop\/\"},{\"@type\":\"ListItem\",\"position\":3,\"name\":\"Marble Decorative Panels-1\"}]},{\"@type\":\"WebSite\",\"@id\":\"https:\/\/shanghepanel.com\/#website\",\"url\":\"https:\/\/shanghepanel.com\/\",\"name\":\"shanghepanel.com\",\"description\":\"\",\"publisher\":{\"@id\":\"https:\/\/shanghepanel.com\/#organization\"},\"potentialAction\":[{\"@type\":\"SearchAction\",\"target\":{\"@type\":\"EntryPoint\",\"urlTemplate\":\"https:\/\/shanghepanel.com\/?s={search_term_string}\"},\"query-input\":{\"@type\":\"PropertyValueSpecification\",\"valueRequired\":true,\"valueName\":\"search_term_string\"}}],\"inLanguage\":\"de\"},{\"@type\":\"Organization\",\"@id\":\"https:\/\/shanghepanel.com\/#organization\",\"name\":\"Shandong ShangHe New Construction Engineering Co., ltd.\",\"url\":\"https:\/\/shanghepanel.com\/\",\"logo\":{\"@type\":\"ImageObject\",\"inLanguage\":\"de\",\"@id\":\"https:\/\/shanghepanel.com\/#\/schema\/logo\/image\/\",\"url\":\"https:\/\/shanghepanel.com\/wp-content\/uploads\/2024\/03\/logo-1.png\",\"contentUrl\":\"https:\/\/shanghepanel.com\/wp-content\/uploads\/2024\/03\/logo-1.png\",\"width\":800,\"height\":800,\"caption\":\"Shandong ShangHe New Construction Engineering Co., ltd.\"},\"image\":{\"@id\":\"https:\/\/shanghepanel.com\/#\/schema\/logo\/image\/\"}}]}<\/script>\n<!-- \/ Yoast SEO plugin. -->","yoast_head_json":{"title":"Marmor Dekorative Paneele-1 - Shang He Sandwichpaneel","description":"Marmorstruktur-Isolations-Decorative Sandwichpaneele verwenden fortschrittliche Technologie, um Marmorstruktur mit hochleistungsf\u00e4higen Isolationsmaterialien perfekt zu verbinden.","robots":{"index":"index","follow":"follow","max-snippet":"max-snippet:-1","max-image-preview":"max-image-preview:large","max-video-preview":"max-video-preview:-1"},"canonical":"https:\/\/shanghepanel.com\/de\/product\/marble-decorative-panels-\u590d\u5236\/","og_locale":"de_DE","og_type":"article","og_title":"Marble Decorative Panels-1 - Shang He Sandwich Panel","og_description":"Marble texture insulation decorative sandwich panels use advanced technology to perfectly combine marble texture with high-performance insulation materials.","og_url":"https:\/\/shanghepanel.com\/de\/product\/marble-decorative-panels-\u590d\u5236\/","og_site_name":"Shang He Sandwich Panel","article_modified_time":"2025-06-05T06:08:53+00:00","og_image":[{"width":800,"height":800,"url":"https:\/\/shanghepanel.com\/wp-content\/uploads\/2024\/07\/B-zt-12.jpg","type":"image\/jpeg"}],"twitter_card":"summary_large_image","twitter_misc":{"Gesch\u00e4tzte Lesezeit":"2\u00a0Minuten"},"schema":{"@context":"https:\/\/schema.org","@graph":[{"@type":"WebPage","@id":"https:\/\/shanghepanel.com\/product\/marble-decorative-panels-%e5%a4%8d%e5%88%b6\/","url":"https:\/\/shanghepanel.com\/product\/marble-decorative-panels-%e5%a4%8d%e5%88%b6\/","name":"Marmor Dekorative Paneele-1 - Shang He Sandwichpaneel","isPartOf":{"@id":"https:\/\/shanghepanel.com\/#website"},"primaryImageOfPage":{"@id":"https:\/\/shanghepanel.com\/product\/marble-decorative-panels-%e5%a4%8d%e5%88%b6\/#primaryimage"},"image":{"@id":"https:\/\/shanghepanel.com\/product\/marble-decorative-panels-%e5%a4%8d%e5%88%b6\/#primaryimage"},"thumbnailUrl":"https:\/\/shanghepanel.com\/wp-content\/uploads\/2024\/07\/B-zt-12.jpg","datePublished":"2025-05-20T06:26:56+00:00","dateModified":"2025-06-05T06:08:53+00:00","description":"Marmorstruktur-Isolations-Decorative Sandwichpaneele verwenden fortschrittliche Technologie, um Marmorstruktur mit hochleistungsf\u00e4higen Isolationsmaterialien perfekt zu verbinden.","breadcrumb":{"@id":"https:\/\/shanghepanel.com\/product\/marble-decorative-panels-%e5%a4%8d%e5%88%b6\/#breadcrumb"},"inLanguage":"de","potentialAction":[{"@type":"ReadAction","target":["https:\/\/shanghepanel.com\/product\/marble-decorative-panels-%e5%a4%8d%e5%88%b6\/"]}]},{"@type":"ImageObject","inLanguage":"de","@id":"https:\/\/shanghepanel.com\/product\/marble-decorative-panels-%e5%a4%8d%e5%88%b6\/#primaryimage","url":"https:\/\/shanghepanel.com\/wp-content\/uploads\/2024\/07\/B-zt-12.jpg","contentUrl":"https:\/\/shanghepanel.com\/wp-content\/uploads\/2024\/07\/B-zt-12.jpg","width":800,"height":800},{"@type":"BreadcrumbList","@id":"https:\/\/shanghepanel.com\/product\/marble-decorative-panels-%e5%a4%8d%e5%88%b6\/#breadcrumb","itemListElement":[{"@type":"ListItem","position":1,"name":"\u9996\u9875","item":"https:\/\/shanghepanel.com\/en\/"},{"@type":"ListItem","position":2,"name":"\u4ea7\u54c1","item":"https:\/\/shanghepanel.com\/index.php\/shop\/"},{"@type":"ListItem","position":3,"name":"Marble Decorative Panels-1"}]},{"@type":"WebSite","@id":"https:\/\/shanghepanel.com\/#website","url":"https:\/\/shanghepanel.com\/","name":"shanghepanel.com","description":"","publisher":{"@id":"https:\/\/shanghepanel.com\/#organization"},"potentialAction":[{"@type":"SearchAction","target":{"@type":"EntryPoint","urlTemplate":"https:\/\/shanghepanel.com\/?s={search_term_string}"},"query-input":{"@type":"PropertyValueSpecification","valueRequired":true,"valueName":"search_term_string"}}],"inLanguage":"de"},{"@type":"Organization","@id":"https:\/\/shanghepanel.com\/#organization","name":"Shandong ShangHe Neubauingenieurgesellschaft mbH","url":"https:\/\/shanghepanel.com\/","logo":{"@type":"ImageObject","inLanguage":"de","@id":"https:\/\/shanghepanel.com\/#\/schema\/logo\/image\/","url":"https:\/\/shanghepanel.com\/wp-content\/uploads\/2024\/03\/logo-1.png","contentUrl":"https:\/\/shanghepanel.com\/wp-content\/uploads\/2024\/03\/logo-1.png","width":800,"height":800,"caption":"Shandong ShangHe New Construction Engineering Co., ltd."},"image":{"@id":"https:\/\/shanghepanel.com\/#\/schema\/logo\/image\/"}}]}},"_links":{"self":[{"href":"https:\/\/shanghepanel.com\/de\/wp-json\/wp\/v2\/product\/4898","targetHints":{"allow":["GET"]}}],"collection":[{"href":"https:\/\/shanghepanel.com\/de\/wp-json\/wp\/v2\/product"}],"about":[{"href":"https:\/\/shanghepanel.com\/de\/wp-json\/wp\/v2\/types\/product"}],"replies":[{"embeddable":true,"href":"https:\/\/shanghepanel.com\/de\/wp-json\/wp\/v2\/comments?post=4898"}],"version-history":[{"count":0,"href":"https:\/\/shanghepanel.com\/de\/wp-json\/wp\/v2\/product\/4898\/revisions"}],"wp:featuredmedia":[{"embeddable":true,"href":"https:\/\/shanghepanel.com\/de\/wp-json\/wp\/v2\/media\/3783"}],"wp:attachment":[{"href":"https:\/\/shanghepanel.com\/de\/wp-json\/wp\/v2\/media?parent=4898"}],"wp:term":[{"taxonomy":"product_brand","embeddable":true,"href":"https:\/\/shanghepanel.com\/de\/wp-json\/wp\/v2\/product_brand?post=4898"},{"taxonomy":"product_cat","embeddable":true,"href":"https:\/\/shanghepanel.com\/de\/wp-json\/wp\/v2\/product_cat?post=4898"},{"taxonomy":"product_tag","embeddable":true,"href":"https:\/\/shanghepanel.com\/de\/wp-json\/wp\/v2\/product_tag?post=4898"}],"curies":[{"name":"wp","href":"https:\/\/api.w.org\/{rel}","templated":true}]}}