{"id":4960,"date":"2025-05-22T10:20:09","date_gmt":"2025-05-22T02:20:09","guid":{"rendered":"https:\/\/shanghepanel.com\/?post_type=product&#038;p=4960"},"modified":"2025-06-05T14:08:38","modified_gmt":"2025-06-05T06:08:38","slug":"sandwich-panel-60-faster-installation","status":"publish","type":"product","link":"https:\/\/shanghepanel.com\/de\/product\/sandwich-panel-60-faster-installation\/","title":{"rendered":"Sandwichpaneel 60% Schnellere Installation"},"content":{"rendered":"<table class=\"aligncenter\" style=\"border-collapse: collapse; width: 1015.52pt;\" border=\"0\" width=\"1354\" cellspacing=\"0\" cellpadding=\"0\">\n<tbody>\n<tr style=\"height: 22.50pt;\">\n<td class=\"et3\" style=\"height: 22.5pt; width: 1015.5pt; text-align: center;\" colspan=\"4\" width=\"1354\" height=\"30\"><strong>Wichtige Eigenschaften<\/strong><\/td>\n<\/tr>\n<tr style=\"height: 22.50pt;\">\n<td class=\"et4\" style=\"height: 22.5pt;\" height=\"30\">Design<\/td>\n<td class=\"et4\">das heutige Zeitalter<\/td>\n<td class=\"et4\">Kundendienst<\/td>\n<td class=\"et4\">Online-Technischer Support, Sonstiges<\/td>\n<\/tr>\n<tr style=\"height: 22.50pt;\">\n<td class=\"et5\" style=\"height: 22.50pt;\" height=\"30\">Herkunft<\/td>\n<td class=\"et5\">Shandong, China<\/td>\n<td class=\"et5\">Anwendungsszenarien<\/td>\n<td class=\"et5\">Lagerhaus<\/td>\n<\/tr>\n<tr style=\"height: 23.25pt;\">\n<td class=\"et5\" style=\"height: 23.25pt;\" height=\"31\">Marke<\/td>\n<td class=\"et5\">SH<\/td>\n<td class=\"et5\">Garantieservice<\/td>\n<td class=\"et6\" style=\"width: 238.50pt;\" width=\"318\"><\/td>\n<\/tr>\n<tr style=\"height: 22.50pt;\">\n<td class=\"et5\" style=\"height: 22.50pt;\" height=\"30\">Paneelmaterial<\/td>\n<td class=\"et5\">Metall<\/td>\n<td class=\"et5\">Modelle<\/td>\n<td class=\"et5\">SH 150mm PU<\/td>\n<\/tr>\n<tr style=\"height: 23.25pt;\">\n<td class=\"et5\" style=\"height: 23.25pt;\" height=\"31\">Nutzung<\/td>\n<td class=\"et7\" style=\"width: 256.50pt;\" width=\"342\">Au\u00dfenraumgestaltung<\/td>\n<td class=\"et8\" style=\"width: 195.00pt;\" width=\"260\">Produktname<\/td>\n<td class=\"et5\">Sandwichpaneele<\/td>\n<\/tr>\n<tr style=\"height: 23.25pt;\">\n<td class=\"et5\" style=\"height: 23.25pt;\" height=\"31\">Oberfl\u00e4chenmaterial<\/td>\n<td class=\"et9\" style=\"width: 256.50pt;\" width=\"342\">Metallisch<\/td>\n<td class=\"et5\">Mindestbestellmenge<\/td>\n<td class=\"et5\">Personalisierung<\/td>\n<\/tr>\n<tr style=\"height: 22.50pt;\">\n<td class=\"et5\" style=\"height: 22.50pt;\" height=\"30\">Dicke<\/td>\n<td class=\"et5\">16MM\/20MM\/25MM<\/td>\n<td class=\"et5\">Farbe<\/td>\n<td class=\"et5\">Helles Rot, Zinnober, Limette, Himmelblau, Aquamarin, Erbsengr\u00fcn oder individuell anpassbar<\/td>\n<\/tr>\n<tr style=\"height: 22.50pt;\">\n<td class=\"et10\" style=\"height: 22.50pt;\" height=\"30\">Breite<\/td>\n<td class=\"et2\">50mm, 75mm, 100mm, 120mm, 150mm, 200mm<\/td>\n<td class=\"et2\"><\/td>\n<td class=\"et2\"><\/td>\n<\/tr>\n<\/tbody>\n<\/table>\n<h3 class=\"ds-markdown-paragraph\" style=\"text-align: center;\"><strong>\u201eMineralwolle-Kerne kosten mehr \u2013 Warum sollte ich sie \u00fcberhaupt w\u00e4hlen?\u201c<\/strong><\/h3>\n<h4 class=\"ds-markdown-paragraph\">\n<strong>Lass uns \u00fcber Vulkanleistung sprechen. Mineralwolle wird aus geschmolzenem Basaltgestein hergestellt (ja, Lava-Material). Vorteile?<\/strong><\/h4>\n<ul>\n<li>\n<p class=\"ds-markdown-paragraph\">H\u00e4lt Temperaturen hotter als Pizzastationen (1000\u00b0C+)<\/p>\n<\/li>\n<li>\n<p class=\"ds-markdown-paragraph\">Reduziert L\u00e4rm besser als ger\u00e4uschunterdr\u00fcckende Kopfh\u00f6rer<\/p>\n<\/li>\n<li>\n<p class=\"ds-markdown-paragraph\" style=\"text-align: left;\">Brennt nicht \u2013 Punkt<br \/>\nPerfekt f\u00fcr Krankenh\u00e4user (leise + feuerfest) oder Musikstudios. Ja, sie sind teurer als EPS, aber Versicherungen lieben sie \u2013 k\u00f6nnten Ihre Pr\u00e4mien senken. Es ist wie beim Kauf eines Volvo \u2013 sicher, zuverl\u00e4ssig, jeden Cent wert.<\/p>\n<\/li>\n<\/ul>\n<h3 style=\"text-align: center;\"><strong><a href=\"https:\/\/shanghepanel.com\/product\/fireproof-rock-wool-sandwich-panel\/\">Sandwich-Wandpaneele<\/a> \u2013 Sind die nicht nur f\u00fcr gro\u00dfe Lagerhallen?<\/strong><\/h3>\n<p class=\"ds-markdown-paragraph\" style=\"text-align: left;\">\n<span>\u00a0 \u00a0 \u00a0Plot-Twist: Sie sind die Schweizer Taschenmesser des Bauens! Klar, sie sind gro\u00dfartig f\u00fcr Industriegeb\u00e4ude (denken Sie an Amazon-Lager), aber rat mal? Das schicke Hinterhofstudio Ihres Nachbarn? Wahrscheinlich Sandwichpaneele. Kaffeeh\u00e4user verwenden sie f\u00fcr ausgefallene Au\u00dfenw\u00e4nde. Schulen? Feuerfeste Versionen f\u00fcr Sicherheit. Sie sind in Farben erh\u00e4ltlich, die einen Tesla neidisch machen, lassen sich schneller installieren als IKEA-M\u00f6bel und sind wetterfest wie ein Profi. Beim n\u00e4chsten modernen B\u00fcrogeb\u00e4ude wetten Sie auf Sandwichpaneele!<\/span><\/p>","protected":false},"excerpt":{"rendered":"<table style=\"border-collapse: collapse; width: 470.27pt;\" border=\"0\" width=\"627\" cellspacing=\"0\" cellpadding=\"0\">\n<tbody>\n<tr style=\"height: 22.50pt;\">\n<td class=\"et2\" style=\"height: 22.5pt; width: 238.5pt; text-align: center;\" width=\"318\" height=\"30\">Typ<\/td>\n<td class=\"et2\" style=\"width: 231.75pt; text-align: center;\" width=\"309\">Organosilicon<\/td>\n<\/tr>\n<tr style=\"height: 22.50pt;\">\n<td class=\"et2\" style=\"height: 22.5pt; text-align: center;\" height=\"30\">Brandschutzklasse<\/td>\n<td class=\"et2\" style=\"text-align: center;\">Klasse A (ASTM E84)<\/td>\n<\/tr>\n<tr style=\"height: 22.50pt;\">\n<td class=\"et2\" style=\"height: 22.5pt; text-align: center;\" height=\"30\">Druckfestigkeit<\/td>\n<td class=\"et4\" style=\"text-align: center;\">\u2265300\/kPa<\/td>\n<\/tr>\n<tr style=\"height: 22.50pt;\">\n<td class=\"et2\" style=\"height: 22.5pt; text-align: center;\" height=\"30\">Liefermethode<\/td>\n<td class=\"et2\" style=\"text-align: center;\">Ware auf Lager<\/td>\n<\/tr>\n<tr style=\"height: 22.50pt;\">\n<td class=\"et5\" style=\"height: 22.5pt; text-align: center;\" colspan=\"2\" height=\"30\">(Klicken Sie hier) f\u00fcr kostenlose Muster<\/td>\n<\/tr>\n<tr style=\"height: 22.50pt;\">\n<td class=\"et7\" style=\"height: 22.5pt; width: 238.5pt; text-align: center;\" width=\"318\" height=\"30\">Transportart<\/td>\n<td class=\"et2\" style=\"text-align: center;\">See-, Stra\u00dfen- und Lufttransport<\/td>\n<\/tr>\n<\/tbody>\n<\/table>\n<ul>\n<li>\n<h5>Das Schnappverschluss-Design halbiert Ihre Aufbauzeit<\/h5>\n<\/li>\n<li>\n<h5>Keine Sch\u00e4tzpreise \u2013 verwenden Sie unseren Online-Rechner, um die genauen Kosten f\u00fcr Materialien, Versand und Steuern zu sehen.<\/h5>\n<\/li>\n<li>\n<h5>Passen Sie Ihre Spezifikationen an: Geben Sie Ma\u00dfe ein und sehen Sie sofort 3D-Vorschauen mit Echtzeitpreisen<\/h5>\n<\/li>\n<li>\n<h5>Kostenlose professionelle Designhilfe inklusive<\/h5>\n<\/li>\n<li>\n<h5>Erhalten Sie sofort Angebote online (Versand &amp; Steuern inklusive) \u2013 keine versteckten Geb\u00fchren.<\/h5>\n<\/li>\n<li>\n<h5>Unser intelligentes KI-Tool empfiehlt automatisch die besten Materialien f\u00fcr Ihr Projekt.<\/h5>\n<\/li>\n<li>\n<h5>RoHS-Konformit\u00e4tsdokumente zum Download bereit \u2013 durchlaufen Sie den Zoll mit einem Klick!<\/h5>\n<\/li>\n<\/ul>\n<p>&nbsp;<\/p>","protected":false},"featured_media":2269,"comment_status":"open","ping_status":"closed","template":"","meta":[],"product_brand":[],"product_cat":[15],"product_tag":[],"class_list":{"0":"post-4960","1":"product","2":"type-product","3":"status-publish","4":"has-post-thumbnail","6":"product_cat-all","8":"first","9":"instock","10":"shipping-taxable","11":"product-type-simple"},"yoast_head":"<!-- This site is optimized with the Yoast SEO plugin v24.2 - https:\/\/yoast.com\/wordpress\/plugins\/seo\/ -->\n<title>Sandwich Panel 60% Faster Installation - Shang He Sandwich Panel<\/title>\n<meta name=\"description\" content=\"Tax Rebate Eligible sandwich-pane shanghe New R&amp;D, more cartons, customized colors Meet your different needs here, click me to give you different enjoyment\" \/>\n<meta name=\"robots\" content=\"index, follow, max-snippet:-1, max-image-preview:large, max-video-preview:-1\" \/>\n<link rel=\"canonical\" href=\"https:\/\/shanghepanel.com\/de\/product\/sandwich-panel-60-faster-installation\/\" \/>\n<meta property=\"og:locale\" content=\"de_DE\" \/>\n<meta property=\"og:type\" content=\"article\" \/>\n<meta property=\"og:title\" content=\"Sandwich Panel 60% Faster Installation - Shang He Sandwich Panel\" \/>\n<meta property=\"og:description\" content=\"Tax Rebate Eligible sandwich-pane shanghe New R&amp;D, more cartons, customized colors Meet your different needs here, click me to give you different enjoyment\" \/>\n<meta property=\"og:url\" content=\"https:\/\/shanghepanel.com\/de\/product\/sandwich-panel-60-faster-installation\/\" \/>\n<meta property=\"og:site_name\" content=\"Shang He Sandwich Panel\" \/>\n<meta property=\"article:modified_time\" content=\"2025-06-05T06:08:38+00:00\" \/>\n<meta property=\"og:image\" content=\"https:\/\/shanghepanel.com\/wp-content\/uploads\/2024\/07\/RW-gc-259.jpg\" \/>\n\t<meta property=\"og:image:width\" content=\"800\" \/>\n\t<meta property=\"og:image:height\" content=\"800\" \/>\n\t<meta property=\"og:image:type\" content=\"image\/jpeg\" \/>\n<meta name=\"twitter:card\" content=\"summary_large_image\" \/>\n<meta name=\"twitter:label1\" content=\"Gesch\u00e4tzte Lesezeit\" \/>\n\t<meta name=\"twitter:data1\" content=\"2\u00a0Minuten\" \/>\n<script type=\"application\/ld+json\" class=\"yoast-schema-graph\">{\"@context\":\"https:\/\/schema.org\",\"@graph\":[{\"@type\":\"WebPage\",\"@id\":\"https:\/\/shanghepanel.com\/product\/sandwich-panel-60-faster-installation\/\",\"url\":\"https:\/\/shanghepanel.com\/product\/sandwich-panel-60-faster-installation\/\",\"name\":\"Sandwich Panel 60% Faster Installation - Shang He Sandwich Panel\",\"isPartOf\":{\"@id\":\"https:\/\/shanghepanel.com\/#website\"},\"primaryImageOfPage\":{\"@id\":\"https:\/\/shanghepanel.com\/product\/sandwich-panel-60-faster-installation\/#primaryimage\"},\"image\":{\"@id\":\"https:\/\/shanghepanel.com\/product\/sandwich-panel-60-faster-installation\/#primaryimage\"},\"thumbnailUrl\":\"https:\/\/shanghepanel.com\/wp-content\/uploads\/2024\/07\/RW-gc-259.jpg\",\"datePublished\":\"2025-05-22T02:20:09+00:00\",\"dateModified\":\"2025-06-05T06:08:38+00:00\",\"description\":\"Tax Rebate Eligible sandwich-pane shanghe New R&D, more cartons, customized colors Meet your different needs here, click me to give you different enjoyment\",\"breadcrumb\":{\"@id\":\"https:\/\/shanghepanel.com\/product\/sandwich-panel-60-faster-installation\/#breadcrumb\"},\"inLanguage\":\"de\",\"potentialAction\":[{\"@type\":\"ReadAction\",\"target\":[\"https:\/\/shanghepanel.com\/product\/sandwich-panel-60-faster-installation\/\"]}]},{\"@type\":\"ImageObject\",\"inLanguage\":\"de\",\"@id\":\"https:\/\/shanghepanel.com\/product\/sandwich-panel-60-faster-installation\/#primaryimage\",\"url\":\"https:\/\/shanghepanel.com\/wp-content\/uploads\/2024\/07\/RW-gc-259.jpg\",\"contentUrl\":\"https:\/\/shanghepanel.com\/wp-content\/uploads\/2024\/07\/RW-gc-259.jpg\",\"width\":800,\"height\":800},{\"@type\":\"BreadcrumbList\",\"@id\":\"https:\/\/shanghepanel.com\/product\/sandwich-panel-60-faster-installation\/#breadcrumb\",\"itemListElement\":[{\"@type\":\"ListItem\",\"position\":1,\"name\":\"\u9996\u9875\",\"item\":\"https:\/\/shanghepanel.com\/en\/\"},{\"@type\":\"ListItem\",\"position\":2,\"name\":\"\u4ea7\u54c1\",\"item\":\"https:\/\/shanghepanel.com\/index.php\/shop\/\"},{\"@type\":\"ListItem\",\"position\":3,\"name\":\"Sandwich Panel 60% Faster Installation\"}]},{\"@type\":\"WebSite\",\"@id\":\"https:\/\/shanghepanel.com\/#website\",\"url\":\"https:\/\/shanghepanel.com\/\",\"name\":\"shanghepanel.com\",\"description\":\"\",\"publisher\":{\"@id\":\"https:\/\/shanghepanel.com\/#organization\"},\"potentialAction\":[{\"@type\":\"SearchAction\",\"target\":{\"@type\":\"EntryPoint\",\"urlTemplate\":\"https:\/\/shanghepanel.com\/?s={search_term_string}\"},\"query-input\":{\"@type\":\"PropertyValueSpecification\",\"valueRequired\":true,\"valueName\":\"search_term_string\"}}],\"inLanguage\":\"de\"},{\"@type\":\"Organization\",\"@id\":\"https:\/\/shanghepanel.com\/#organization\",\"name\":\"Shandong ShangHe New Construction Engineering Co., ltd.\",\"url\":\"https:\/\/shanghepanel.com\/\",\"logo\":{\"@type\":\"ImageObject\",\"inLanguage\":\"de\",\"@id\":\"https:\/\/shanghepanel.com\/#\/schema\/logo\/image\/\",\"url\":\"https:\/\/shanghepanel.com\/wp-content\/uploads\/2024\/03\/logo-1.png\",\"contentUrl\":\"https:\/\/shanghepanel.com\/wp-content\/uploads\/2024\/03\/logo-1.png\",\"width\":800,\"height\":800,\"caption\":\"Shandong ShangHe New Construction Engineering Co., ltd.\"},\"image\":{\"@id\":\"https:\/\/shanghepanel.com\/#\/schema\/logo\/image\/\"}}]}<\/script>\n<!-- \/ Yoast SEO plugin. -->","yoast_head_json":{"title":"Sandwichpaneel 60% Schnellere Installation - Shang He Sandwichpaneel","description":"Steuererstattungsberechtigt Sandwich-Panel Shanghe Neue Forschung &amp; Entwicklung, mehr Kartons, individuelle Farben Erf\u00fcllen Sie hier Ihre unterschiedlichen Bed\u00fcrfnisse, klicken Sie mich an, um Ihnen verschiedene Freude zu bereiten","robots":{"index":"index","follow":"follow","max-snippet":"max-snippet:-1","max-image-preview":"max-image-preview:large","max-video-preview":"max-video-preview:-1"},"canonical":"https:\/\/shanghepanel.com\/de\/product\/sandwich-panel-60-faster-installation\/","og_locale":"de_DE","og_type":"article","og_title":"Sandwich Panel 60% Faster Installation - Shang He Sandwich Panel","og_description":"Tax Rebate Eligible sandwich-pane shanghe New R&D, more cartons, customized colors Meet your different needs here, click me to give you different enjoyment","og_url":"https:\/\/shanghepanel.com\/de\/product\/sandwich-panel-60-faster-installation\/","og_site_name":"Shang He Sandwich Panel","article_modified_time":"2025-06-05T06:08:38+00:00","og_image":[{"width":800,"height":800,"url":"https:\/\/shanghepanel.com\/wp-content\/uploads\/2024\/07\/RW-gc-259.jpg","type":"image\/jpeg"}],"twitter_card":"summary_large_image","twitter_misc":{"Gesch\u00e4tzte Lesezeit":"2\u00a0Minuten"},"schema":{"@context":"https:\/\/schema.org","@graph":[{"@type":"WebPage","@id":"https:\/\/shanghepanel.com\/product\/sandwich-panel-60-faster-installation\/","url":"https:\/\/shanghepanel.com\/product\/sandwich-panel-60-faster-installation\/","name":"Sandwichpaneel 60% Schnellere Installation - Shang He Sandwichpaneel","isPartOf":{"@id":"https:\/\/shanghepanel.com\/#website"},"primaryImageOfPage":{"@id":"https:\/\/shanghepanel.com\/product\/sandwich-panel-60-faster-installation\/#primaryimage"},"image":{"@id":"https:\/\/shanghepanel.com\/product\/sandwich-panel-60-faster-installation\/#primaryimage"},"thumbnailUrl":"https:\/\/shanghepanel.com\/wp-content\/uploads\/2024\/07\/RW-gc-259.jpg","datePublished":"2025-05-22T02:20:09+00:00","dateModified":"2025-06-05T06:08:38+00:00","description":"Steuererstattungsberechtigt Sandwich-Panel Shanghe Neue Forschung &amp; Entwicklung, mehr Kartons, individuelle Farben Erf\u00fcllen Sie hier Ihre unterschiedlichen Bed\u00fcrfnisse, klicken Sie mich an, um Ihnen verschiedene Freude zu bereiten","breadcrumb":{"@id":"https:\/\/shanghepanel.com\/product\/sandwich-panel-60-faster-installation\/#breadcrumb"},"inLanguage":"de","potentialAction":[{"@type":"ReadAction","target":["https:\/\/shanghepanel.com\/product\/sandwich-panel-60-faster-installation\/"]}]},{"@type":"ImageObject","inLanguage":"de","@id":"https:\/\/shanghepanel.com\/product\/sandwich-panel-60-faster-installation\/#primaryimage","url":"https:\/\/shanghepanel.com\/wp-content\/uploads\/2024\/07\/RW-gc-259.jpg","contentUrl":"https:\/\/shanghepanel.com\/wp-content\/uploads\/2024\/07\/RW-gc-259.jpg","width":800,"height":800},{"@type":"BreadcrumbList","@id":"https:\/\/shanghepanel.com\/product\/sandwich-panel-60-faster-installation\/#breadcrumb","itemListElement":[{"@type":"ListItem","position":1,"name":"\u9996\u9875","item":"https:\/\/shanghepanel.com\/en\/"},{"@type":"ListItem","position":2,"name":"\u4ea7\u54c1","item":"https:\/\/shanghepanel.com\/index.php\/shop\/"},{"@type":"ListItem","position":3,"name":"Sandwich Panel 60% Faster Installation"}]},{"@type":"WebSite","@id":"https:\/\/shanghepanel.com\/#website","url":"https:\/\/shanghepanel.com\/","name":"shanghepanel.com","description":"","publisher":{"@id":"https:\/\/shanghepanel.com\/#organization"},"potentialAction":[{"@type":"SearchAction","target":{"@type":"EntryPoint","urlTemplate":"https:\/\/shanghepanel.com\/?s={search_term_string}"},"query-input":{"@type":"PropertyValueSpecification","valueRequired":true,"valueName":"search_term_string"}}],"inLanguage":"de"},{"@type":"Organization","@id":"https:\/\/shanghepanel.com\/#organization","name":"Shandong ShangHe Neubauingenieurgesellschaft mbH","url":"https:\/\/shanghepanel.com\/","logo":{"@type":"ImageObject","inLanguage":"de","@id":"https:\/\/shanghepanel.com\/#\/schema\/logo\/image\/","url":"https:\/\/shanghepanel.com\/wp-content\/uploads\/2024\/03\/logo-1.png","contentUrl":"https:\/\/shanghepanel.com\/wp-content\/uploads\/2024\/03\/logo-1.png","width":800,"height":800,"caption":"Shandong ShangHe New Construction Engineering Co., ltd."},"image":{"@id":"https:\/\/shanghepanel.com\/#\/schema\/logo\/image\/"}}]}},"_links":{"self":[{"href":"https:\/\/shanghepanel.com\/de\/wp-json\/wp\/v2\/product\/4960","targetHints":{"allow":["GET"]}}],"collection":[{"href":"https:\/\/shanghepanel.com\/de\/wp-json\/wp\/v2\/product"}],"about":[{"href":"https:\/\/shanghepanel.com\/de\/wp-json\/wp\/v2\/types\/product"}],"replies":[{"embeddable":true,"href":"https:\/\/shanghepanel.com\/de\/wp-json\/wp\/v2\/comments?post=4960"}],"version-history":[{"count":0,"href":"https:\/\/shanghepanel.com\/de\/wp-json\/wp\/v2\/product\/4960\/revisions"}],"wp:featuredmedia":[{"embeddable":true,"href":"https:\/\/shanghepanel.com\/de\/wp-json\/wp\/v2\/media\/2269"}],"wp:attachment":[{"href":"https:\/\/shanghepanel.com\/de\/wp-json\/wp\/v2\/media?parent=4960"}],"wp:term":[{"taxonomy":"product_brand","embeddable":true,"href":"https:\/\/shanghepanel.com\/de\/wp-json\/wp\/v2\/product_brand?post=4960"},{"taxonomy":"product_cat","embeddable":true,"href":"https:\/\/shanghepanel.com\/de\/wp-json\/wp\/v2\/product_cat?post=4960"},{"taxonomy":"product_tag","embeddable":true,"href":"https:\/\/shanghepanel.com\/de\/wp-json\/wp\/v2\/product_tag?post=4960"}],"curies":[{"name":"wp","href":"https:\/\/api.w.org\/{rel}","templated":true}]}}