{"id":4966,"date":"2025-05-22T11:08:45","date_gmt":"2025-05-22T03:08:45","guid":{"rendered":"https:\/\/shanghepanel.com\/?post_type=product&#038;p=4966"},"modified":"2025-06-05T14:08:06","modified_gmt":"2025-06-05T06:08:06","slug":"metal-sandwich-panel","status":"publish","type":"product","link":"https:\/\/shanghepanel.com\/de\/product\/metal-sandwich-panel\/","title":{"rendered":"Metall-Sandwichpaneel gem\u00e4\u00df Fema P-320 Vorschriften"},"content":{"rendered":"<h2 style=\"text-align: center;\"><span style=\"color: #000080;\"><strong>Wie funktionieren W\u00e4nde und<span> D\u00e4cher<\/span> Gemeinsam mit Sandwichpaneelen?<\/strong><\/span><\/h2>\n<pre><span>W\u00e4nde und D\u00e4cher sind nicht nur separate Teile eines Geb\u00e4udes \u2013 sie sind Teamkollegen. Mit Sandwichpaneelen teilen beide Systeme die gleiche DNA: eine langlebige Au\u00dfenhaut und einen isolierenden Kern. Diese Harmonie bedeutet weniger L\u00fccken f\u00fcr Luftlecks, gleichm\u00e4\u00dfige Temperaturkontrolle und ein schlankeres Erscheinungsbild. Stellen Sie sich vor, Ihr Dach und Ihre W\u00e4nde sprechen die gleiche \"W\u00e4rmesprache\" \u2013 kein Schwitzen im Sommer oder Frieren im Winter mehr. Au\u00dferdem beschleunigt das einheitliche Design den Bau. Wenn Ihr Projekt Wetterschutz von oben bis unten ben\u00f6tigt, ist diese Kombination eine klare Wahl.\r\n<\/span><\/pre>\n<table style=\"border-collapse: collapse; width: 1369px; height: 337px;\" border=\"0\" width=\"1354\" cellspacing=\"0\" cellpadding=\"0\">\n<tbody>\n<tr style=\"height: 22.50pt;\">\n<td class=\"et3\" style=\"height: 22.5pt; width: 1015.5pt; text-align: center;\" colspan=\"4\" width=\"1354\" height=\"30\">\n<h3><span style=\"color: #000080;\">Wichtige Eigenschaften<\/span><\/h3>\n<\/td>\n<\/tr>\n<tr style=\"height: 22.50pt;\">\n<td class=\"et4\" style=\"height: 22.5pt; text-align: center;\" height=\"30\">Design<\/td>\n<td class=\"et4\" style=\"text-align: center;\">das heutige Zeitalter<\/td>\n<td class=\"et4\" style=\"text-align: center;\">Kundendienst<\/td>\n<td class=\"et4\" style=\"text-align: center;\">Online-Technischer Support, Sonstiges<\/td>\n<\/tr>\n<tr style=\"height: 22.50pt;\">\n<td class=\"et5\" style=\"height: 22.5pt; text-align: center;\" height=\"30\">Herkunft<\/td>\n<td class=\"et5\" style=\"text-align: center;\">Shandong, China<\/td>\n<td class=\"et5\" style=\"text-align: center;\">Anwendungsszenarien<\/td>\n<td class=\"et5\" style=\"text-align: center;\">Lagerhaus<\/td>\n<\/tr>\n<tr style=\"height: 23.25pt;\">\n<td class=\"et5\" style=\"height: 23.25pt; text-align: center;\" height=\"31\">Marke<\/td>\n<td class=\"et5\" style=\"text-align: center;\">SH<\/td>\n<td class=\"et5\" style=\"text-align: center;\">Garantieservice<\/td>\n<td class=\"et6\" style=\"width: 238.5pt; text-align: center;\" width=\"318\">Metall-Sandwichpaneele<\/td>\n<\/tr>\n<tr style=\"height: 22.50pt;\">\n<td class=\"et5\" style=\"height: 22.5pt; text-align: center;\" height=\"30\">Paneelmaterial<\/td>\n<td class=\"et5\" style=\"text-align: center;\">Metall<\/td>\n<td class=\"et5\" style=\"text-align: center;\">Modelle<\/td>\n<td class=\"et5\" style=\"text-align: center;\">SH 150mm PU<\/td>\n<\/tr>\n<tr style=\"height: 23.25pt;\">\n<td class=\"et5\" style=\"height: 23.25pt; text-align: center;\" height=\"31\">Nutzung<\/td>\n<td class=\"et7\" style=\"width: 256.5pt; text-align: center;\" width=\"342\">Au\u00dfenraumgestaltung<\/td>\n<td class=\"et8\" style=\"width: 195pt; text-align: center;\" width=\"260\">Produktname<\/td>\n<td class=\"et5\" style=\"text-align: center;\">Metall-Sandwichpaneele<\/td>\n<\/tr>\n<tr style=\"height: 23.25pt;\">\n<td class=\"et5\" style=\"height: 23.25pt; text-align: center;\" height=\"31\">Oberfl\u00e4chenmaterial<\/td>\n<td class=\"et9\" style=\"width: 256.5pt; text-align: center;\" width=\"342\">Metallisch<\/td>\n<td class=\"et5\" style=\"text-align: center;\">Mindestbestellmenge<\/td>\n<td class=\"et5\" style=\"text-align: center;\">Personalisierung<\/td>\n<\/tr>\n<tr style=\"height: 22.50pt;\">\n<td class=\"et5\" style=\"height: 22.5pt; text-align: center;\" height=\"30\">Dicke<\/td>\n<td class=\"et5\" style=\"text-align: center;\">16MM\/20MM\/25MM<\/td>\n<td class=\"et5\" style=\"text-align: center;\">Farbe<\/td>\n<td class=\"et5\" style=\"text-align: center;\">Helles Rot, Zinnober, Limette, Himmelblau, Aquamarin, Erbsengr\u00fcn oder individuell anpassbar<\/td>\n<\/tr>\n<tr style=\"height: 22.50pt;\">\n<td class=\"et10\" style=\"height: 22.5pt; text-align: center;\" height=\"30\">Breite<\/td>\n<td class=\"et2\" style=\"text-align: center;\">50mm, 75mm, 100mm, 120mm, 150mm, 200mm<\/td>\n<td class=\"et2\"><\/td>\n<td class=\"et2\"><\/td>\n<\/tr>\n<\/tbody>\n<\/table>\n<h2 style=\"text-align: center;\"><span style=\"color: #000080;\"><strong>W\u00e4rmed\u00e4mmung: Warum ist sie das Herzst\u00fcck von Sandwichpaneelen?<\/strong><\/span><\/h2>\n<p><span>W\u00e4rmed\u00e4mmung ist nicht nur Schnickschnack \u2013 sie ist der Superheld in Ihren Sandwichpaneelen. Das Kernmaterial (wie PIR-Schaum oder Steinwolle) f\u00e4ngt Lufttaschen ein und verlangsamt den W\u00e4rmetransfer. Stellen Sie es sich vor wie einen Stau f\u00fcr W\u00e4rme: Im Winter versucht die W\u00e4rme zu entkommen, bleibt aber im D\u00e4mmungsmaze stecken. Im Sommer hat die Au\u00dfentemperatur Schwierigkeiten, Ihren k\u00fchlen Raum zu infiltrieren. Noch besser: Gute D\u00e4mmung reduziert auch L\u00e4rmverschmutzung. Wenn Ihre Paneele diese Schicht nicht priorisieren, bauen Sie im Grunde genommen ein Seihtuch statt einer Festung.<\/span><\/p>\n<h2 style=\"text-align: center;\"><span style=\"color: #000080;\"><strong>Kernmaterialien in Sandwichpaneelen: Welches passt zu Ihrem Projekt?<\/strong><\/span><\/h2>\n<p><span>Die Wahl der Kernmaterialien ist wie die Auswahl des richtigen Motors f\u00fcr Ihr Auto. Polyurethanschaum (PUR)? Leicht und hoch isolierend. Mineralwolle? Feuerfest und schallabsorbierend. EPS? Budgetfreundlich, aber weniger umweltfreundlich. Jedes hat seine Kompromisse: PUR bietet den h\u00f6chsten R-Wert pro Zoll, w\u00e4hrend Steinwolle in Brandsicherheit gewinnt. Brauchen Sie etwas Nachhaltiges? Suchen Sie nach bio-basierten Kernen. Ihr Klima, die Bauvorschriften und Ihr Budget entscheiden den Gewinner. Diesen Schritt zu \u00fcberspringen? Sie riskieren \u00dcberzahlung oder Unterleistung.<\/span><\/p>\n<h3 style=\"text-align: center;\"><span style=\"color: #000080;\"><strong>Sandwichpaneele 101: Was macht sie zum Favoriten eines Bauherrn?<\/strong><\/span><\/h3>\n<p><span>Bauunternehmen lieben Sandwichpaneele aus dem gleichen Grund, warum wir Smartphones lieben: Sie erledigen mehrere Aufgaben gleichzeitig. Struktur? Check. D\u00e4mmung? Check. Wetterschutz? Check. Ihr leichtes Design reduziert die Fundamentkosten, w\u00e4hrend die vorgefertigte Gr\u00f6\u00dfe Abfall minimiert. F\u00fcgen Sie Funktionen wie versteckte Befestigungen oder solarbereite Oberfl\u00e4chen hinzu, und Sie haben ein zukunftssicheres System. Von -40\u00b0F Gefriertruhen bis hin zu tropischen Resorts \u2013 diese Paneele bew\u00e4ltigen Extreme. Verwenden Sie noch Ziegel und M\u00f6rtel? Es ist Zeit, sich der Bau-Revolution des 21. Jahrhunderts anzuschlie\u00dfen.<\/span><\/p>","protected":false},"excerpt":{"rendered":"<table style=\"border-collapse: collapse; width: 470.27pt;\" border=\"0\" width=\"627\" cellspacing=\"0\" cellpadding=\"0\">\n<tbody>\n<tr style=\"height: 22.50pt;\">\n<td class=\"et2\" style=\"height: 22.5pt; width: 238.5pt; text-align: center;\" width=\"318\" height=\"30\">Typ<\/td>\n<td class=\"et2\" style=\"width: 231.75pt; text-align: center;\" width=\"309\">Organosilicon<\/td>\n<\/tr>\n<tr style=\"height: 22.50pt;\">\n<td class=\"et2\" style=\"height: 22.5pt; text-align: center;\" height=\"30\">Brandschutzklasse<\/td>\n<td class=\"et2\" style=\"text-align: center;\">Klasse A (ASTM E84)<\/td>\n<\/tr>\n<tr style=\"height: 22.50pt;\">\n<td class=\"et2\" style=\"height: 22.5pt; text-align: center;\" height=\"30\">Druckfestigkeit<\/td>\n<td class=\"et4\" style=\"text-align: center;\">\u2265300\/kPa<\/td>\n<\/tr>\n<tr style=\"height: 22.50pt;\">\n<td class=\"et2\" style=\"height: 22.5pt; text-align: center;\" height=\"30\">Liefermethode<\/td>\n<td class=\"et2\" style=\"text-align: center;\">Ware auf Lager<\/td>\n<\/tr>\n<tr style=\"height: 22.50pt;\">\n<td class=\"et5\" style=\"height: 22.5pt; text-align: center;\" colspan=\"2\" height=\"30\">\n<h3><span style=\"color: #ff0000;\">(Klicken Sie hier) f\u00fcr kostenlose Muster<\/span><\/h3>\n<\/td>\n<\/tr>\n<tr style=\"height: 22.50pt;\">\n<td class=\"et7\" style=\"height: 22.5pt; width: 238.5pt; text-align: center;\" width=\"318\" height=\"30\">Transportart<\/td>\n<td class=\"et2\" style=\"text-align: center;\">See-, Stra\u00dfen- und Lufttransport<\/td>\n<\/tr>\n<\/tbody>\n<\/table>\n<ul>\n<li>Erhalten Sie sofort Angebote online (Versand &amp; Steuern inklusive) \u2013 keine versteckten Geb\u00fchren.<\/li>\n<li>Unser intelligentes KI-Tool empfiehlt automatisch die besten Materialien f\u00fcr Ihr Projekt.<\/li>\n<li>RoHS-Konformit\u00e4tsdokumente zum Download bereit \u2013 durchlaufen Sie den Zoll mit einem Klick!<\/li>\n<li>24-Stunden-Versand bei Standard-Sandwichpaneelen \u2013 Schneller als Bestellungen bei Baum\u00e4rkten!<\/li>\n<li>Snap-Fit Sandwichpaneele \u2013 1000 sqft in 3 Stunden installieren (Sehen Sie, wie unser Hund es macht!)<\/li>\n<li>UL-Feuerfeste Sandwichpaneele \u2013 Testvideos &amp; Zertifikate sofort herunterladen<\/li>\n<\/ul>","protected":false},"featured_media":3731,"comment_status":"open","ping_status":"closed","template":"","meta":[],"product_brand":[],"product_cat":[15],"product_tag":[],"class_list":{"0":"post-4966","1":"product","2":"type-product","3":"status-publish","4":"has-post-thumbnail","6":"product_cat-all","8":"first","9":"instock","10":"shipping-taxable","11":"product-type-simple"},"yoast_head":"<!-- This site is optimized with the Yoast SEO plugin v24.2 - https:\/\/yoast.com\/wordpress\/plugins\/seo\/ -->\n<title>Metal Sandwich Panel Fema P-320 Compliant - Shang He Sandwich Panel<\/title>\n<meta name=\"description\" content=\"Full EU Fire Certification metal sandwich panel shanghe New R&amp;D, more cartons, customized colors Meet your different needs here, click me\" \/>\n<meta name=\"robots\" content=\"index, follow, max-snippet:-1, max-image-preview:large, max-video-preview:-1\" \/>\n<link rel=\"canonical\" href=\"https:\/\/shanghepanel.com\/de\/product\/metal-sandwich-panel\/\" \/>\n<meta property=\"og:locale\" content=\"de_DE\" \/>\n<meta property=\"og:type\" content=\"article\" \/>\n<meta property=\"og:title\" content=\"Metal Sandwich Panel Fema P-320 Compliant - Shang He Sandwich Panel\" \/>\n<meta property=\"og:description\" content=\"Full EU Fire Certification metal sandwich panel shanghe New R&amp;D, more cartons, customized colors Meet your different needs here, click me\" \/>\n<meta property=\"og:url\" content=\"https:\/\/shanghepanel.com\/de\/product\/metal-sandwich-panel\/\" \/>\n<meta property=\"og:site_name\" content=\"Shang He Sandwich Panel\" \/>\n<meta property=\"article:modified_time\" content=\"2025-06-05T06:08:06+00:00\" \/>\n<meta property=\"og:image\" content=\"https:\/\/shanghepanel.com\/wp-content\/uploads\/2024\/07\/GW-zt-3.jpg\" \/>\n\t<meta property=\"og:image:width\" content=\"800\" \/>\n\t<meta property=\"og:image:height\" content=\"800\" \/>\n\t<meta property=\"og:image:type\" content=\"image\/jpeg\" \/>\n<meta name=\"twitter:card\" content=\"summary_large_image\" \/>\n<meta name=\"twitter:label1\" content=\"Gesch\u00e4tzte Lesezeit\" \/>\n\t<meta name=\"twitter:data1\" content=\"2\u00a0Minuten\" \/>\n<script type=\"application\/ld+json\" class=\"yoast-schema-graph\">{\"@context\":\"https:\/\/schema.org\",\"@graph\":[{\"@type\":\"WebPage\",\"@id\":\"https:\/\/shanghepanel.com\/product\/metal-sandwich-panel\/\",\"url\":\"https:\/\/shanghepanel.com\/product\/metal-sandwich-panel\/\",\"name\":\"Metal Sandwich Panel Fema P-320 Compliant - Shang He Sandwich Panel\",\"isPartOf\":{\"@id\":\"https:\/\/shanghepanel.com\/#website\"},\"primaryImageOfPage\":{\"@id\":\"https:\/\/shanghepanel.com\/product\/metal-sandwich-panel\/#primaryimage\"},\"image\":{\"@id\":\"https:\/\/shanghepanel.com\/product\/metal-sandwich-panel\/#primaryimage\"},\"thumbnailUrl\":\"https:\/\/shanghepanel.com\/wp-content\/uploads\/2024\/07\/GW-zt-3.jpg\",\"datePublished\":\"2025-05-22T03:08:45+00:00\",\"dateModified\":\"2025-06-05T06:08:06+00:00\",\"description\":\"Full EU Fire Certification metal sandwich panel shanghe New R&D, more cartons, customized colors Meet your different needs here, click me\",\"breadcrumb\":{\"@id\":\"https:\/\/shanghepanel.com\/product\/metal-sandwich-panel\/#breadcrumb\"},\"inLanguage\":\"de\",\"potentialAction\":[{\"@type\":\"ReadAction\",\"target\":[\"https:\/\/shanghepanel.com\/product\/metal-sandwich-panel\/\"]}]},{\"@type\":\"ImageObject\",\"inLanguage\":\"de\",\"@id\":\"https:\/\/shanghepanel.com\/product\/metal-sandwich-panel\/#primaryimage\",\"url\":\"https:\/\/shanghepanel.com\/wp-content\/uploads\/2024\/07\/GW-zt-3.jpg\",\"contentUrl\":\"https:\/\/shanghepanel.com\/wp-content\/uploads\/2024\/07\/GW-zt-3.jpg\",\"width\":800,\"height\":800},{\"@type\":\"BreadcrumbList\",\"@id\":\"https:\/\/shanghepanel.com\/product\/metal-sandwich-panel\/#breadcrumb\",\"itemListElement\":[{\"@type\":\"ListItem\",\"position\":1,\"name\":\"\u9996\u9875\",\"item\":\"https:\/\/shanghepanel.com\/en\/\"},{\"@type\":\"ListItem\",\"position\":2,\"name\":\"\u4ea7\u54c1\",\"item\":\"https:\/\/shanghepanel.com\/index.php\/shop\/\"},{\"@type\":\"ListItem\",\"position\":3,\"name\":\"Metal Sandwich Panel Fema P-320 Compliant\"}]},{\"@type\":\"WebSite\",\"@id\":\"https:\/\/shanghepanel.com\/#website\",\"url\":\"https:\/\/shanghepanel.com\/\",\"name\":\"shanghepanel.com\",\"description\":\"\",\"publisher\":{\"@id\":\"https:\/\/shanghepanel.com\/#organization\"},\"potentialAction\":[{\"@type\":\"SearchAction\",\"target\":{\"@type\":\"EntryPoint\",\"urlTemplate\":\"https:\/\/shanghepanel.com\/?s={search_term_string}\"},\"query-input\":{\"@type\":\"PropertyValueSpecification\",\"valueRequired\":true,\"valueName\":\"search_term_string\"}}],\"inLanguage\":\"de\"},{\"@type\":\"Organization\",\"@id\":\"https:\/\/shanghepanel.com\/#organization\",\"name\":\"Shandong ShangHe New Construction Engineering Co., ltd.\",\"url\":\"https:\/\/shanghepanel.com\/\",\"logo\":{\"@type\":\"ImageObject\",\"inLanguage\":\"de\",\"@id\":\"https:\/\/shanghepanel.com\/#\/schema\/logo\/image\/\",\"url\":\"https:\/\/shanghepanel.com\/wp-content\/uploads\/2024\/03\/logo-1.png\",\"contentUrl\":\"https:\/\/shanghepanel.com\/wp-content\/uploads\/2024\/03\/logo-1.png\",\"width\":800,\"height\":800,\"caption\":\"Shandong ShangHe New Construction Engineering Co., ltd.\"},\"image\":{\"@id\":\"https:\/\/shanghepanel.com\/#\/schema\/logo\/image\/\"}}]}<\/script>\n<!-- \/ Yoast SEO plugin. -->","yoast_head_json":{"title":"Metall-Sandwichpaneel Fema P-320 konform - Shang He Sandwichpaneel","description":"Vollst\u00e4ndige EU-Feuerzertifizierung Metall-Sandwichpaneel Shanghe Neues Forschungs- und Entwicklungszentrum, mehr Kartons, individuelle Farben Erf\u00fcllen Sie hier Ihre unterschiedlichen Bed\u00fcrfnisse, klicken Sie mich","robots":{"index":"index","follow":"follow","max-snippet":"max-snippet:-1","max-image-preview":"max-image-preview:large","max-video-preview":"max-video-preview:-1"},"canonical":"https:\/\/shanghepanel.com\/de\/product\/metal-sandwich-panel\/","og_locale":"de_DE","og_type":"article","og_title":"Metal Sandwich Panel Fema P-320 Compliant - Shang He Sandwich Panel","og_description":"Full EU Fire Certification metal sandwich panel shanghe New R&D, more cartons, customized colors Meet your different needs here, click me","og_url":"https:\/\/shanghepanel.com\/de\/product\/metal-sandwich-panel\/","og_site_name":"Shang He Sandwich Panel","article_modified_time":"2025-06-05T06:08:06+00:00","og_image":[{"width":800,"height":800,"url":"https:\/\/shanghepanel.com\/wp-content\/uploads\/2024\/07\/GW-zt-3.jpg","type":"image\/jpeg"}],"twitter_card":"summary_large_image","twitter_misc":{"Gesch\u00e4tzte Lesezeit":"2\u00a0Minuten"},"schema":{"@context":"https:\/\/schema.org","@graph":[{"@type":"WebPage","@id":"https:\/\/shanghepanel.com\/product\/metal-sandwich-panel\/","url":"https:\/\/shanghepanel.com\/product\/metal-sandwich-panel\/","name":"Metall-Sandwichpaneel Fema P-320 konform - Shang He Sandwichpaneel","isPartOf":{"@id":"https:\/\/shanghepanel.com\/#website"},"primaryImageOfPage":{"@id":"https:\/\/shanghepanel.com\/product\/metal-sandwich-panel\/#primaryimage"},"image":{"@id":"https:\/\/shanghepanel.com\/product\/metal-sandwich-panel\/#primaryimage"},"thumbnailUrl":"https:\/\/shanghepanel.com\/wp-content\/uploads\/2024\/07\/GW-zt-3.jpg","datePublished":"2025-05-22T03:08:45+00:00","dateModified":"2025-06-05T06:08:06+00:00","description":"Vollst\u00e4ndige EU-Feuerzertifizierung Metall-Sandwichpaneel Shanghe Neues Forschungs- und Entwicklungszentrum, mehr Kartons, individuelle Farben Erf\u00fcllen Sie hier Ihre unterschiedlichen Bed\u00fcrfnisse, klicken Sie mich","breadcrumb":{"@id":"https:\/\/shanghepanel.com\/product\/metal-sandwich-panel\/#breadcrumb"},"inLanguage":"de","potentialAction":[{"@type":"ReadAction","target":["https:\/\/shanghepanel.com\/product\/metal-sandwich-panel\/"]}]},{"@type":"ImageObject","inLanguage":"de","@id":"https:\/\/shanghepanel.com\/product\/metal-sandwich-panel\/#primaryimage","url":"https:\/\/shanghepanel.com\/wp-content\/uploads\/2024\/07\/GW-zt-3.jpg","contentUrl":"https:\/\/shanghepanel.com\/wp-content\/uploads\/2024\/07\/GW-zt-3.jpg","width":800,"height":800},{"@type":"BreadcrumbList","@id":"https:\/\/shanghepanel.com\/product\/metal-sandwich-panel\/#breadcrumb","itemListElement":[{"@type":"ListItem","position":1,"name":"\u9996\u9875","item":"https:\/\/shanghepanel.com\/en\/"},{"@type":"ListItem","position":2,"name":"\u4ea7\u54c1","item":"https:\/\/shanghepanel.com\/index.php\/shop\/"},{"@type":"ListItem","position":3,"name":"Metal Sandwich Panel Fema P-320 Compliant"}]},{"@type":"WebSite","@id":"https:\/\/shanghepanel.com\/#website","url":"https:\/\/shanghepanel.com\/","name":"shanghepanel.com","description":"","publisher":{"@id":"https:\/\/shanghepanel.com\/#organization"},"potentialAction":[{"@type":"SearchAction","target":{"@type":"EntryPoint","urlTemplate":"https:\/\/shanghepanel.com\/?s={search_term_string}"},"query-input":{"@type":"PropertyValueSpecification","valueRequired":true,"valueName":"search_term_string"}}],"inLanguage":"de"},{"@type":"Organization","@id":"https:\/\/shanghepanel.com\/#organization","name":"Shandong ShangHe Neubauingenieurgesellschaft mbH","url":"https:\/\/shanghepanel.com\/","logo":{"@type":"ImageObject","inLanguage":"de","@id":"https:\/\/shanghepanel.com\/#\/schema\/logo\/image\/","url":"https:\/\/shanghepanel.com\/wp-content\/uploads\/2024\/03\/logo-1.png","contentUrl":"https:\/\/shanghepanel.com\/wp-content\/uploads\/2024\/03\/logo-1.png","width":800,"height":800,"caption":"Shandong ShangHe New Construction Engineering Co., ltd."},"image":{"@id":"https:\/\/shanghepanel.com\/#\/schema\/logo\/image\/"}}]}},"_links":{"self":[{"href":"https:\/\/shanghepanel.com\/de\/wp-json\/wp\/v2\/product\/4966","targetHints":{"allow":["GET"]}}],"collection":[{"href":"https:\/\/shanghepanel.com\/de\/wp-json\/wp\/v2\/product"}],"about":[{"href":"https:\/\/shanghepanel.com\/de\/wp-json\/wp\/v2\/types\/product"}],"replies":[{"embeddable":true,"href":"https:\/\/shanghepanel.com\/de\/wp-json\/wp\/v2\/comments?post=4966"}],"version-history":[{"count":0,"href":"https:\/\/shanghepanel.com\/de\/wp-json\/wp\/v2\/product\/4966\/revisions"}],"wp:featuredmedia":[{"embeddable":true,"href":"https:\/\/shanghepanel.com\/de\/wp-json\/wp\/v2\/media\/3731"}],"wp:attachment":[{"href":"https:\/\/shanghepanel.com\/de\/wp-json\/wp\/v2\/media?parent=4966"}],"wp:term":[{"taxonomy":"product_brand","embeddable":true,"href":"https:\/\/shanghepanel.com\/de\/wp-json\/wp\/v2\/product_brand?post=4966"},{"taxonomy":"product_cat","embeddable":true,"href":"https:\/\/shanghepanel.com\/de\/wp-json\/wp\/v2\/product_cat?post=4966"},{"taxonomy":"product_tag","embeddable":true,"href":"https:\/\/shanghepanel.com\/de\/wp-json\/wp\/v2\/product_tag?post=4966"}],"curies":[{"name":"wp","href":"https:\/\/api.w.org\/{rel}","templated":true}]}}