{"id":4979,"date":"2025-05-22T11:51:38","date_gmt":"2025-05-22T03:51:38","guid":{"rendered":"https:\/\/shanghepanel.com\/?post_type=product&#038;p=4979"},"modified":"2025-06-05T14:07:37","modified_gmt":"2025-06-05T06:07:37","slug":"insulated-sandwich-panel","status":"publish","type":"product","link":"https:\/\/shanghepanel.com\/de\/product\/insulated-sandwich-panel\/","title":{"rendered":"Isoliertes Sandwichpaneel 0,01\u03bcg\/m\u00b3 Formaldehyd"},"content":{"rendered":"<h2 style=\"text-align: center;\"><span style=\"color: #000080;\"><strong>Was bedeutet genau \u201aW\u00e4rmed\u00e4mmung\u2018 f\u00fcr mein Bauprojekt?<\/strong><\/span><\/h2>\n<p><span>W\u00e4rmed\u00e4mmung bezieht sich auf Materialien, die den W\u00e4rmetransfer zwischen Oberfl\u00e4chen verlangsamen. In der Welt der Sandwichpaneele ist es die Geheimzutat, die Ihr Lager im Winter warm und im Sommer k\u00fchl h\u00e4lt. Diese Paneele wirken wie eine thermische Barriere \u2013 der isolierte Kern f\u00e4ngt Lufttaschen ein, um den W\u00e4rmestrom zu blockieren. Bessere W\u00e4rmed\u00e4mmung = niedrigere Heizungs-, L\u00fcftungs- und Klimakosten. Profi-Tipp: Achten Sie auf Paneele mit Polyurethankernen, wenn Sie erstklassige D\u00e4mmleistung w\u00fcnschen, die sich in 3-5 Jahren amortisiert.<\/span><\/p>\n<h2 style=\"text-align: center;\"><span style=\"color: #000080;\"><strong>Sind alle D\u00e4mmpaneele gleich?<\/strong><\/span><\/h2>\n<p><span>Ganz und gar nicht! W\u00e4hrend \u201aD\u00e4mmpaneele\u2018 generisch klingt, variiert die Qualit\u00e4t stark. Echtes isoliertes Sandwichpaneel kombiniert drei Schichten: robuste \u00e4u\u00dfere Metallschichten + pr\u00e4zise entwickelter Kern + Klebeverbindung. G\u00fcnstige Alternativen verwenden m\u00f6glicherweise minderwertige Kerne wie EPS-Schaum, die mit der Zeit abgebaut werden. Die besten Paneele behalten ihre R-Werte (D\u00e4mmwerte) jahrzehntelang konstant. Fragen Sie immer Hersteller nach unabh\u00e4ngigen Testberichten \u2013 das trennt echte D\u00e4mmpaneele von Nachahmern!<\/span><\/p>\n<h3 style=\"text-align: center;\"><span style=\"color: #000080;\"><strong>Warum sollte ich mich f\u00fcr Wandpaneele f\u00fcr Industriegeb\u00e4ude interessieren?<\/strong><\/span><\/h3>\n<p><span>Wandpaneele erf\u00fcllen dreifache Aufgaben: Sie sind Ihre Struktur, D\u00e4mmung UND fertige Oberfl\u00e4che. Im Gegensatz zu traditionellen Ziegel- und D\u00e4mmkombinationen installieren sich Sandwich-Wandpaneele schneller. Sie sind der Grund, warum Amazon-Lagerh\u00e4user in Wochen, nicht Monaten gebaut werden. Bonus? Das nahtlose Design verhindert Feuchtigkeitsansammlungen, die in normalen W\u00e4nden Schimmel verursachen. F\u00fcr Fabriken oder K\u00e4ltespeicher k\u00f6nnen geeignete Wandpaneele Energieverluste um bis zu 40% im Vergleich zur herk\u00f6mmlichen Bauweise reduzieren.<\/span><\/p>\n<pre><span>.\r\n<\/span><\/pre>\n<table style=\"border-collapse: collapse; width: 1369px; height: 337px;\" border=\"0\" width=\"1354\" cellspacing=\"0\" cellpadding=\"0\">\n<tbody>\n<tr style=\"height: 22.50pt;\">\n<td class=\"et3\" style=\"height: 22.5pt; width: 1015.5pt; text-align: center;\" colspan=\"4\" width=\"1354\" height=\"30\">\n<h3><span style=\"color: #000080;\">Wichtige Eigenschaften<\/span><\/h3>\n<\/td>\n<\/tr>\n<tr style=\"height: 22.50pt;\">\n<td class=\"et4\" style=\"height: 22.5pt; text-align: center;\" height=\"30\">Design<\/td>\n<td class=\"et4\" style=\"text-align: center;\">das heutige Zeitalter<\/td>\n<td class=\"et4\" style=\"text-align: center;\">Kundendienst<\/td>\n<td class=\"et4\" style=\"text-align: center;\">Online-Technischer Support, Sonstiges<\/td>\n<\/tr>\n<tr style=\"height: 22.50pt;\">\n<td class=\"et5\" style=\"height: 22.5pt; text-align: center;\" height=\"30\">Herkunft<\/td>\n<td class=\"et5\" style=\"text-align: center;\">Shandong, China<\/td>\n<td class=\"et5\" style=\"text-align: center;\">Anwendungsszenarien<\/td>\n<td class=\"et5\" style=\"text-align: center;\">Lagerhaus<\/td>\n<\/tr>\n<tr style=\"height: 23.25pt;\">\n<td class=\"et5\" style=\"height: 23.25pt; text-align: center;\" height=\"31\">Marke<\/td>\n<td class=\"et5\" style=\"text-align: center;\">SH<\/td>\n<td class=\"et5\" style=\"text-align: center;\">Garantieservice<\/td>\n<td class=\"et6\" style=\"width: 238.5pt; text-align: center;\" width=\"318\">Metall-Sandwichpaneele<\/td>\n<\/tr>\n<tr style=\"height: 22.50pt;\">\n<td class=\"et5\" style=\"height: 22.5pt; text-align: center;\" height=\"30\">Paneelmaterial<\/td>\n<td class=\"et5\" style=\"text-align: center;\">Metall<\/td>\n<td class=\"et5\" style=\"text-align: center;\">Modelle<\/td>\n<td class=\"et5\" style=\"text-align: center;\">SH 150mm PU<\/td>\n<\/tr>\n<tr style=\"height: 23.25pt;\">\n<td class=\"et5\" style=\"height: 23.25pt; text-align: center;\" height=\"31\">Nutzung<\/td>\n<td class=\"et7\" style=\"width: 256.5pt; text-align: center;\" width=\"342\">Au\u00dfenraumgestaltung<\/td>\n<td class=\"et8\" style=\"width: 195pt; text-align: center;\" width=\"260\">Produktname<\/td>\n<td class=\"et5\" style=\"text-align: center;\">isolierte Sandwichpaneel<\/td>\n<\/tr>\n<tr style=\"height: 23.25pt;\">\n<td class=\"et5\" style=\"height: 23.25pt; text-align: center;\" height=\"31\">Oberfl\u00e4chenmaterial<\/td>\n<td class=\"et9\" style=\"width: 256.5pt; text-align: center;\" width=\"342\">Metallisch<\/td>\n<td class=\"et5\" style=\"text-align: center;\">Mindestbestellmenge<\/td>\n<td class=\"et5\" style=\"text-align: center;\">Personalisierung<\/td>\n<\/tr>\n<tr style=\"height: 22.50pt;\">\n<td class=\"et5\" style=\"height: 22.5pt; text-align: center;\" height=\"30\">Dicke<\/td>\n<td class=\"et5\" style=\"text-align: center;\">16MM\/20MM\/25MM<\/td>\n<td class=\"et5\" style=\"text-align: center;\">Farbe<\/td>\n<td class=\"et5\" style=\"text-align: center;\">Helles Rot, Zinnober, Limette, Himmelblau, Aquamarin, Erbsengr\u00fcn oder individuell anpassbar<\/td>\n<\/tr>\n<tr style=\"height: 22.50pt;\">\n<td class=\"et10\" style=\"height: 22.5pt; text-align: center;\" height=\"30\">Breite<\/td>\n<td class=\"et2\" style=\"text-align: center;\">100mm,120mm,150mm,200mm<\/td>\n<td class=\"et2\"><\/td>\n<td class=\"et2\"><\/td>\n<\/tr>\n<\/tbody>\n<\/table>\n<h2 style=\"text-align: center;\"><span style=\"color: #000080;\"><strong>Bieten Paneele mehr als nur D\u00e4mmung?<\/strong><\/span><\/h2>\n<p class=\"ds-markdown-paragraph\" style=\"text-align: center;\">Moderne Sandwichpaneele sind Schweizer Taschenmesser! Neben D\u00e4mmung bieten sie:<\/p>\n<ul>\n<li>\n<p class=\"ds-markdown-paragraph\" style=\"text-align: center;\">Brandschutz (Mineralwolle-Kerne k\u00f6nnen Temperaturen \u00fcber 1000\u00b0C standhalten)<\/p>\n<\/li>\n<li style=\"text-align: center;\">\n<p class=\"ds-markdown-paragraph\">Schalld\u00e4mmung (perfekt f\u00fcr Flugh\u00e4fen)<\/p>\n<\/li>\n<li>\n<p class=\"ds-markdown-paragraph\" style=\"text-align: center;\">Strukturelle St\u00e4rke (einige \u00fcberspannen 6 m ohne St\u00fctzen)<\/p>\n<\/li>\n<\/ul>\n<p class=\"ds-markdown-paragraph\">Chemikalienbest\u00e4ndigkeit (wichtig f\u00fcr Pharmaanlagen)<br \/>\nDas Beste daran? All diese Vorteile sind vorgefertigt \u2013 es sind keine mehreren Materialien notwendig. Deshalb lieben Rechenzentren sie f\u00fcr kombinierte thermische und Sicherheitsleistungen.<\/p>\n<p class=\"ds-markdown-paragraph\" style=\"text-align: center;\"><strong>Was ist das \u201aD\u00e4mm-Sandwich\u2018 in diesen Paneelen?<\/strong><\/p>\n<p style=\"text-align: center;\"><span>Das \u201aD\u00e4mm-Sandwich\u2018 ist kein Mittagessen \u2013 es ist intelligente Technik! Stellen Sie sich Folgendes vor:<\/span><br \/>\n<span>Obere Schicht: Wellblech (wetterfeste R\u00fcstung)<\/span><br \/>\n<span>Mitte: Rigid-D\u00e4mmkern (der thermische Boss)<\/span><br \/>\n<span>Unten: Glatte Metalinnenseite (reinigbare Oberfl\u00e4che)<\/span><br \/>\n<span>Dieses Setup schl\u00e4gt traditionelle Bauweisen, bei denen die D\u00e4mmung mit der Zeit zusammengedr\u00fcckt wird. Die Sandwich-Struktur beh\u00e4lt die gleichm\u00e4\u00dfige Dicke bei, sodass die D\u00e4mmung nie abnimmt. Profi-Tipp: Dickere Kerne (100mm+) = bessere Langzeitleistung.<\/span><\/p>","protected":false},"excerpt":{"rendered":"<table style=\"border-collapse: collapse; width: 470.27pt;\" border=\"0\" width=\"627\" cellspacing=\"0\" cellpadding=\"0\">\n<tbody>\n<tr style=\"height: 22.50pt;\">\n<td class=\"et2\" style=\"height: 22.5pt; width: 238.5pt; text-align: center;\" width=\"318\" height=\"30\">Typ<\/td>\n<td class=\"et2\" style=\"width: 231.75pt; text-align: center;\" width=\"309\">Organosilicon<\/td>\n<\/tr>\n<tr style=\"height: 22.50pt;\">\n<td class=\"et2\" style=\"height: 22.5pt; text-align: center;\" height=\"30\">Brandschutzklasse<\/td>\n<td class=\"et2\" style=\"text-align: center;\">Klasse A (ASTM E84)<\/td>\n<\/tr>\n<tr style=\"height: 22.50pt;\">\n<td class=\"et2\" style=\"height: 22.5pt; text-align: center;\" height=\"30\">Druckfestigkeit<\/td>\n<td class=\"et4\" style=\"text-align: center;\">\u2265300\/kPa<\/td>\n<\/tr>\n<tr style=\"height: 22.50pt;\">\n<td class=\"et2\" style=\"height: 22.5pt; text-align: center;\" height=\"30\">Liefermethode<\/td>\n<td class=\"et2\" style=\"text-align: center;\">Ware auf Lager<\/td>\n<\/tr>\n<tr style=\"height: 22.50pt;\">\n<td class=\"et5\" style=\"height: 22.5pt; text-align: center;\" colspan=\"2\" height=\"30\">\n<h3><span style=\"color: #ff0000;\">(Klicken Sie hier) f\u00fcr kostenlose Muster<\/span><\/h3>\n<\/td>\n<\/tr>\n<tr style=\"height: 22.50pt;\">\n<td class=\"et7\" style=\"height: 22.5pt; width: 238.5pt; text-align: center;\" width=\"318\" height=\"30\">Transportart<\/td>\n<td class=\"et2\" style=\"text-align: center;\">See-, Stra\u00dfen- und Lufttransport<\/td>\n<\/tr>\n<\/tbody>\n<\/table>\n<ul>\n<li>Treuhandzahlungsschutz \u2013 Wir werden nur bezahlt, wenn Sie die Installation genehmigen<\/li>\n<li>Tesla-Gebrauchte Sandwichpaneele \u2013 Sehen Sie sich Erdbeben-Testvideos aus ihrer Fabrik in Nevada an<\/li>\n<li>Jede Form m\u00f6glich! Gebogene\/runde Sandwichpaneele \u2013 Skizze senden, 3D-Design erhalten<\/li>\n<li>UL-Feuerfeste Sandwichpaneele \u2013 Testvideos &amp; Zertifikate sofort herunterladen<\/li>\n<li>EPA-zugelassene Sandwichpaneele \u2013 Qualifizieren f\u00fcr Steuerverg\u00fcnstigungen f\u00fcr umweltfreundliches Bauen<\/li>\n<\/ul>","protected":false},"featured_media":2323,"comment_status":"open","ping_status":"closed","template":"","meta":[],"product_brand":[],"product_cat":[33],"product_tag":[],"class_list":{"0":"post-4979","1":"product","2":"type-product","3":"status-publish","4":"has-post-thumbnail","6":"product_cat-metal-carved-board","8":"first","9":"instock","10":"shipping-taxable","11":"product-type-simple"},"yoast_head":"<!-- This site is optimized with the Yoast SEO plugin v24.2 - https:\/\/yoast.com\/wordpress\/plugins\/seo\/ -->\n<title>Insulated Sandwich Panel 0.01\u03bcg\/M\u00b3 Formaldehyde - Shang He Sandwich Panel<\/title>\n<meta name=\"description\" content=\"insulated sandwich panel Zero VOC (CDPH + French A+) Easy to install, easy to operate to meet your different needs, click me to give you a quote!\" \/>\n<meta name=\"robots\" content=\"index, follow, max-snippet:-1, max-image-preview:large, max-video-preview:-1\" \/>\n<link rel=\"canonical\" href=\"https:\/\/shanghepanel.com\/de\/product\/insulated-sandwich-panel\/\" \/>\n<meta property=\"og:locale\" content=\"de_DE\" \/>\n<meta property=\"og:type\" content=\"article\" \/>\n<meta property=\"og:title\" content=\"Insulated Sandwich Panel 0.01\u03bcg\/M\u00b3 Formaldehyde - Shang He Sandwich Panel\" \/>\n<meta property=\"og:description\" content=\"insulated sandwich panel Zero VOC (CDPH + French A+) Easy to install, easy to operate to meet your different needs, click me to give you a quote!\" \/>\n<meta property=\"og:url\" content=\"https:\/\/shanghepanel.com\/de\/product\/insulated-sandwich-panel\/\" \/>\n<meta property=\"og:site_name\" content=\"Shang He Sandwich Panel\" \/>\n<meta property=\"article:modified_time\" content=\"2025-06-05T06:07:37+00:00\" \/>\n<meta property=\"og:image\" content=\"https:\/\/shanghepanel.com\/wp-content\/uploads\/2024\/07\/B-gc-76.jpg\" \/>\n\t<meta property=\"og:image:width\" content=\"800\" \/>\n\t<meta property=\"og:image:height\" content=\"800\" \/>\n\t<meta property=\"og:image:type\" content=\"image\/jpeg\" \/>\n<meta name=\"twitter:card\" content=\"summary_large_image\" \/>\n<meta name=\"twitter:label1\" content=\"Gesch\u00e4tzte Lesezeit\" \/>\n\t<meta name=\"twitter:data1\" content=\"3\u00a0Minuten\" \/>\n<script type=\"application\/ld+json\" class=\"yoast-schema-graph\">{\"@context\":\"https:\/\/schema.org\",\"@graph\":[{\"@type\":\"WebPage\",\"@id\":\"https:\/\/shanghepanel.com\/product\/insulated-sandwich-panel\/\",\"url\":\"https:\/\/shanghepanel.com\/product\/insulated-sandwich-panel\/\",\"name\":\"Insulated Sandwich Panel 0.01\u03bcg\/M\u00b3 Formaldehyde - Shang He Sandwich Panel\",\"isPartOf\":{\"@id\":\"https:\/\/shanghepanel.com\/#website\"},\"primaryImageOfPage\":{\"@id\":\"https:\/\/shanghepanel.com\/product\/insulated-sandwich-panel\/#primaryimage\"},\"image\":{\"@id\":\"https:\/\/shanghepanel.com\/product\/insulated-sandwich-panel\/#primaryimage\"},\"thumbnailUrl\":\"https:\/\/shanghepanel.com\/wp-content\/uploads\/2024\/07\/B-gc-76.jpg\",\"datePublished\":\"2025-05-22T03:51:38+00:00\",\"dateModified\":\"2025-06-05T06:07:37+00:00\",\"description\":\"insulated sandwich panel Zero VOC (CDPH + French A+) Easy to install, easy to operate to meet your different needs, click me to give you a quote!\",\"breadcrumb\":{\"@id\":\"https:\/\/shanghepanel.com\/product\/insulated-sandwich-panel\/#breadcrumb\"},\"inLanguage\":\"de\",\"potentialAction\":[{\"@type\":\"ReadAction\",\"target\":[\"https:\/\/shanghepanel.com\/product\/insulated-sandwich-panel\/\"]}]},{\"@type\":\"ImageObject\",\"inLanguage\":\"de\",\"@id\":\"https:\/\/shanghepanel.com\/product\/insulated-sandwich-panel\/#primaryimage\",\"url\":\"https:\/\/shanghepanel.com\/wp-content\/uploads\/2024\/07\/B-gc-76.jpg\",\"contentUrl\":\"https:\/\/shanghepanel.com\/wp-content\/uploads\/2024\/07\/B-gc-76.jpg\",\"width\":800,\"height\":800},{\"@type\":\"BreadcrumbList\",\"@id\":\"https:\/\/shanghepanel.com\/product\/insulated-sandwich-panel\/#breadcrumb\",\"itemListElement\":[{\"@type\":\"ListItem\",\"position\":1,\"name\":\"\u9996\u9875\",\"item\":\"https:\/\/shanghepanel.com\/en\/\"},{\"@type\":\"ListItem\",\"position\":2,\"name\":\"\u4ea7\u54c1\",\"item\":\"https:\/\/shanghepanel.com\/index.php\/shop\/\"},{\"@type\":\"ListItem\",\"position\":3,\"name\":\"Insulated Sandwich Panel 0.01\u03bcg\/M\u00b3 Formaldehyde\"}]},{\"@type\":\"WebSite\",\"@id\":\"https:\/\/shanghepanel.com\/#website\",\"url\":\"https:\/\/shanghepanel.com\/\",\"name\":\"shanghepanel.com\",\"description\":\"\",\"publisher\":{\"@id\":\"https:\/\/shanghepanel.com\/#organization\"},\"potentialAction\":[{\"@type\":\"SearchAction\",\"target\":{\"@type\":\"EntryPoint\",\"urlTemplate\":\"https:\/\/shanghepanel.com\/?s={search_term_string}\"},\"query-input\":{\"@type\":\"PropertyValueSpecification\",\"valueRequired\":true,\"valueName\":\"search_term_string\"}}],\"inLanguage\":\"de\"},{\"@type\":\"Organization\",\"@id\":\"https:\/\/shanghepanel.com\/#organization\",\"name\":\"Shandong ShangHe New Construction Engineering Co., ltd.\",\"url\":\"https:\/\/shanghepanel.com\/\",\"logo\":{\"@type\":\"ImageObject\",\"inLanguage\":\"de\",\"@id\":\"https:\/\/shanghepanel.com\/#\/schema\/logo\/image\/\",\"url\":\"https:\/\/shanghepanel.com\/wp-content\/uploads\/2024\/03\/logo-1.png\",\"contentUrl\":\"https:\/\/shanghepanel.com\/wp-content\/uploads\/2024\/03\/logo-1.png\",\"width\":800,\"height\":800,\"caption\":\"Shandong ShangHe New Construction Engineering Co., ltd.\"},\"image\":{\"@id\":\"https:\/\/shanghepanel.com\/#\/schema\/logo\/image\/\"}}]}<\/script>\n<!-- \/ Yoast SEO plugin. -->","yoast_head_json":{"title":"Isoliertes Sandwichpaneel 0,01\u03bcg\/m\u00b3 Formaldehyd - Shang He Sandwichpaneel","description":"isoliertes Sandwichpaneel Zero VOC (CDPH + Franz\u00f6sisches A+) Einfach zu installieren, einfach zu bedienen, um Ihre unterschiedlichen Bed\u00fcrfnisse zu erf\u00fcllen, klicken Sie mich an, um ein Angebot zu erhalten!","robots":{"index":"index","follow":"follow","max-snippet":"max-snippet:-1","max-image-preview":"max-image-preview:large","max-video-preview":"max-video-preview:-1"},"canonical":"https:\/\/shanghepanel.com\/de\/product\/insulated-sandwich-panel\/","og_locale":"de_DE","og_type":"article","og_title":"Insulated Sandwich Panel 0.01\u03bcg\/M\u00b3 Formaldehyde - Shang He Sandwich Panel","og_description":"insulated sandwich panel Zero VOC (CDPH + French A+) Easy to install, easy to operate to meet your different needs, click me to give you a quote!","og_url":"https:\/\/shanghepanel.com\/de\/product\/insulated-sandwich-panel\/","og_site_name":"Shang He Sandwich Panel","article_modified_time":"2025-06-05T06:07:37+00:00","og_image":[{"width":800,"height":800,"url":"https:\/\/shanghepanel.com\/wp-content\/uploads\/2024\/07\/B-gc-76.jpg","type":"image\/jpeg"}],"twitter_card":"summary_large_image","twitter_misc":{"Gesch\u00e4tzte Lesezeit":"3\u00a0Minuten"},"schema":{"@context":"https:\/\/schema.org","@graph":[{"@type":"WebPage","@id":"https:\/\/shanghepanel.com\/product\/insulated-sandwich-panel\/","url":"https:\/\/shanghepanel.com\/product\/insulated-sandwich-panel\/","name":"Isoliertes Sandwichpaneel 0,01\u03bcg\/m\u00b3 Formaldehyd - Shang He Sandwichpaneel","isPartOf":{"@id":"https:\/\/shanghepanel.com\/#website"},"primaryImageOfPage":{"@id":"https:\/\/shanghepanel.com\/product\/insulated-sandwich-panel\/#primaryimage"},"image":{"@id":"https:\/\/shanghepanel.com\/product\/insulated-sandwich-panel\/#primaryimage"},"thumbnailUrl":"https:\/\/shanghepanel.com\/wp-content\/uploads\/2024\/07\/B-gc-76.jpg","datePublished":"2025-05-22T03:51:38+00:00","dateModified":"2025-06-05T06:07:37+00:00","description":"isoliertes Sandwichpaneel Zero VOC (CDPH + Franz\u00f6sisches A+) Einfach zu installieren, einfach zu bedienen, um Ihre unterschiedlichen Bed\u00fcrfnisse zu erf\u00fcllen, klicken Sie mich an, um ein Angebot zu erhalten!","breadcrumb":{"@id":"https:\/\/shanghepanel.com\/product\/insulated-sandwich-panel\/#breadcrumb"},"inLanguage":"de","potentialAction":[{"@type":"ReadAction","target":["https:\/\/shanghepanel.com\/product\/insulated-sandwich-panel\/"]}]},{"@type":"ImageObject","inLanguage":"de","@id":"https:\/\/shanghepanel.com\/product\/insulated-sandwich-panel\/#primaryimage","url":"https:\/\/shanghepanel.com\/wp-content\/uploads\/2024\/07\/B-gc-76.jpg","contentUrl":"https:\/\/shanghepanel.com\/wp-content\/uploads\/2024\/07\/B-gc-76.jpg","width":800,"height":800},{"@type":"BreadcrumbList","@id":"https:\/\/shanghepanel.com\/product\/insulated-sandwich-panel\/#breadcrumb","itemListElement":[{"@type":"ListItem","position":1,"name":"\u9996\u9875","item":"https:\/\/shanghepanel.com\/en\/"},{"@type":"ListItem","position":2,"name":"\u4ea7\u54c1","item":"https:\/\/shanghepanel.com\/index.php\/shop\/"},{"@type":"ListItem","position":3,"name":"Insulated Sandwich Panel 0.01\u03bcg\/M\u00b3 Formaldehyde"}]},{"@type":"WebSite","@id":"https:\/\/shanghepanel.com\/#website","url":"https:\/\/shanghepanel.com\/","name":"shanghepanel.com","description":"","publisher":{"@id":"https:\/\/shanghepanel.com\/#organization"},"potentialAction":[{"@type":"SearchAction","target":{"@type":"EntryPoint","urlTemplate":"https:\/\/shanghepanel.com\/?s={search_term_string}"},"query-input":{"@type":"PropertyValueSpecification","valueRequired":true,"valueName":"search_term_string"}}],"inLanguage":"de"},{"@type":"Organization","@id":"https:\/\/shanghepanel.com\/#organization","name":"Shandong ShangHe Neubauingenieurgesellschaft mbH","url":"https:\/\/shanghepanel.com\/","logo":{"@type":"ImageObject","inLanguage":"de","@id":"https:\/\/shanghepanel.com\/#\/schema\/logo\/image\/","url":"https:\/\/shanghepanel.com\/wp-content\/uploads\/2024\/03\/logo-1.png","contentUrl":"https:\/\/shanghepanel.com\/wp-content\/uploads\/2024\/03\/logo-1.png","width":800,"height":800,"caption":"Shandong ShangHe New Construction Engineering Co., ltd."},"image":{"@id":"https:\/\/shanghepanel.com\/#\/schema\/logo\/image\/"}}]}},"_links":{"self":[{"href":"https:\/\/shanghepanel.com\/de\/wp-json\/wp\/v2\/product\/4979","targetHints":{"allow":["GET"]}}],"collection":[{"href":"https:\/\/shanghepanel.com\/de\/wp-json\/wp\/v2\/product"}],"about":[{"href":"https:\/\/shanghepanel.com\/de\/wp-json\/wp\/v2\/types\/product"}],"replies":[{"embeddable":true,"href":"https:\/\/shanghepanel.com\/de\/wp-json\/wp\/v2\/comments?post=4979"}],"version-history":[{"count":0,"href":"https:\/\/shanghepanel.com\/de\/wp-json\/wp\/v2\/product\/4979\/revisions"}],"wp:featuredmedia":[{"embeddable":true,"href":"https:\/\/shanghepanel.com\/de\/wp-json\/wp\/v2\/media\/2323"}],"wp:attachment":[{"href":"https:\/\/shanghepanel.com\/de\/wp-json\/wp\/v2\/media?parent=4979"}],"wp:term":[{"taxonomy":"product_brand","embeddable":true,"href":"https:\/\/shanghepanel.com\/de\/wp-json\/wp\/v2\/product_brand?post=4979"},{"taxonomy":"product_cat","embeddable":true,"href":"https:\/\/shanghepanel.com\/de\/wp-json\/wp\/v2\/product_cat?post=4979"},{"taxonomy":"product_tag","embeddable":true,"href":"https:\/\/shanghepanel.com\/de\/wp-json\/wp\/v2\/product_tag?post=4979"}],"curies":[{"name":"wp","href":"https:\/\/api.w.org\/{rel}","templated":true}]}}