{"id":4984,"date":"2025-05-22T14:48:29","date_gmt":"2025-05-22T06:48:29","guid":{"rendered":"https:\/\/shanghepanel.com\/?post_type=product&#038;p=4984"},"modified":"2025-06-05T14:07:27","modified_gmt":"2025-06-05T06:07:27","slug":"metal-roof-sandwich-panels","status":"publish","type":"product","link":"https:\/\/shanghepanel.com\/de\/product\/metal-roof-sandwich-panels\/","title":{"rendered":"Metall-Dach-Sandwichpaneele 1 Arbeiter, 500 qm\/Tag"},"content":{"rendered":"<h2 style=\"text-align: center;\"><span style=\"color: #000080;\"><strong>Welche Metall-Dach-Sandwichpaneele? Und wie funktionieren isolierte Sandwichpaneele \u00fcberhaupt?<\/strong><\/span><\/h2>\n<p class=\"ds-markdown-paragraph\"><span>Dachsysteme sind die vollst\u00e4ndigen Strukturen, die Geb\u00e4ude vor Wetter sch\u00fctzen, die Temperatur regulieren und die Haltbarkeit erh\u00f6hen. Aber welche Rolle spielen hier isolierte Sandwichpaneele? Diese Paneele sind ein Schl\u00fcsselelement moderner Dachsysteme, weil sie Isolierung und strukturelle St\u00e4rke in einem leichten, einfach zu installierenden Produkt vereinen. Im Gegensatz zu traditionellen Dachmaterialien, die separate Schichten f\u00fcr Isolierung und Wetterschutz ben\u00f6tigen, integrieren Sandwichpaneele alles in einer Einheit. Das spart Zeit bei der Installation und reduziert langfristige Wartungskosten. Zum Beispiel bieten isolierte Sandwichpaneele in Lagerhallen oder Industriegeb\u00e4uden eine nahtlose Dachfl\u00e4che, die W\u00e4rmeverluste verhindert und starken Winden oder Schneelasten widersteht. Wenn Sie nach einem effizienten, langlebigen und kosteng\u00fcnstigen Dachsystem suchen, sind diese Paneele ein echter Wendepunkt.<\/span><\/p>\n<h3 style=\"text-align: center;\"><span style=\"color: #000080;\"><strong>Warum sind isolierte Metalldachpaneele BESSER als normale D\u00e4cher?<\/strong><\/span><\/h3>\n<p class=\"ds-markdown-paragraph\">Lass uns ehrlich sein\u2014traditionelle D\u00e4cher wie Asphalt-Schindeln oder Betontile sind<span>\u00a0<\/span><em>so letzte Dekade<\/em>. Isolierte Metalldachpaneele? Sie sind wie das Tesla-Dach. Hier ist warum: Das Metall au\u00dfen h\u00e4lt Rost, Feuer und sogar Hurrikanwinde ab. Der Schaum im Inneren? Es ist, als w\u00fcrde man das Geb\u00e4ude in eine kuschelige Decke h\u00fcllen\u2014keine Schwitzerei im Sommer oder Frieren im Winter mehr. Au\u00dferdem lieben Installateure diese Paneele, weil sie vorgefertigt und einsatzbereit sind, was Tage an Arbeit spart. Stell dir den Gefrierbereich eines Supermarkts vor: Diese Paneele halten die K\u00e4lte eingeschlossen, ohne Energie zu verschwenden. Oh, und sie sehen modern genug f\u00fcr ein B\u00fcro oder einen trendigen Einzelhandelsraum aus. Kein Wunder, dass Handwerker die alten Sachen meiden!<\/p>\n<hr \/>\n<p class=\"ds-markdown-paragraph\">\n<table style=\"border-collapse: collapse; width: 1369px; height: 337px;\" border=\"0\" width=\"1354\" cellspacing=\"0\" cellpadding=\"0\">\n<tbody>\n<tr style=\"height: 22.50pt;\">\n<td class=\"et3\" style=\"height: 22.5pt; width: 1015.5pt; text-align: center;\" colspan=\"4\" width=\"1354\" height=\"30\">\n<h3><span style=\"color: #000080;\">Wichtige Eigenschaften<\/span><\/h3>\n<\/td>\n<\/tr>\n<tr style=\"height: 22.50pt;\">\n<td class=\"et4\" style=\"height: 22.5pt; text-align: center;\" height=\"30\">Design<\/td>\n<td class=\"et4\" style=\"text-align: center;\">das heutige Zeitalter<\/td>\n<td class=\"et4\" style=\"text-align: center;\">Kundendienst<\/td>\n<td class=\"et4\" style=\"text-align: center;\">Online-Technischer Support, Sonstiges<\/td>\n<\/tr>\n<tr style=\"height: 22.50pt;\">\n<td class=\"et5\" style=\"height: 22.5pt; text-align: center;\" height=\"30\">Herkunft<\/td>\n<td class=\"et5\" style=\"text-align: center;\">Shandong, China<\/td>\n<td class=\"et5\" style=\"text-align: center;\">Anwendungsszenarien<\/td>\n<td class=\"et5\" style=\"text-align: center;\">Lagerhaus<\/td>\n<\/tr>\n<tr style=\"height: 23.25pt;\">\n<td class=\"et5\" style=\"height: 23.25pt; text-align: center;\" height=\"31\">Marke<\/td>\n<td class=\"et5\" style=\"text-align: center;\">SH<\/td>\n<td class=\"et5\" style=\"text-align: center;\">Garantieservice<\/td>\n<td class=\"et6\" style=\"width: 238.5pt; text-align: center;\" width=\"318\">Metall-Sandwichpaneele<\/td>\n<\/tr>\n<tr style=\"height: 22.50pt;\">\n<td class=\"et5\" style=\"height: 22.5pt; text-align: center;\" height=\"30\">Paneelmaterial<\/td>\n<td class=\"et5\" style=\"text-align: center;\">Metall<\/td>\n<td class=\"et5\" style=\"text-align: center;\">Modelle<\/td>\n<td class=\"et5\" style=\"text-align: center;\">SH 150mm PU<\/td>\n<\/tr>\n<tr style=\"height: 23.25pt;\">\n<td class=\"et5\" style=\"height: 23.25pt; text-align: center;\" height=\"31\">Nutzung<\/td>\n<td class=\"et7\" style=\"width: 256.5pt; text-align: center;\" width=\"342\">Au\u00dfenraumgestaltung<\/td>\n<td class=\"et8\" style=\"width: 195pt; text-align: center;\" width=\"260\">Produktname<\/td>\n<td class=\"et5\" style=\"text-align: center;\"><a href=\"https:\/\/shanghepanel.com\/product\/metal-sandwich-panel\/\">Metall-Dach-Sandwichpaneele<\/a><\/td>\n<\/tr>\n<tr style=\"height: 23.25pt;\">\n<td class=\"et5\" style=\"height: 23.25pt; text-align: center;\" height=\"31\">Oberfl\u00e4chenmaterial<\/td>\n<td class=\"et9\" style=\"width: 256.5pt; text-align: center;\" width=\"342\">Metallisch<\/td>\n<td class=\"et5\" style=\"text-align: center;\">Mindestbestellmenge<\/td>\n<td class=\"et5\" style=\"text-align: center;\">Personalisierung<\/td>\n<\/tr>\n<tr style=\"height: 22.50pt;\">\n<td class=\"et5\" style=\"height: 22.5pt; text-align: center;\" height=\"30\">Dicke<\/td>\n<td class=\"et5\" style=\"text-align: center;\">16MM\/20MM\/25MM<\/td>\n<td class=\"et5\" style=\"text-align: center;\">Farbe<\/td>\n<td class=\"et5\" style=\"text-align: center;\">Helles Rot, Zinnober, Limette, Himmelblau, Aquamarin, Erbsengr\u00fcn oder individuell anpassbar<\/td>\n<\/tr>\n<tr style=\"height: 22.50pt;\">\n<td class=\"et10\" style=\"height: 22.5pt; text-align: center;\" height=\"30\">Breite<\/td>\n<td class=\"et2\" style=\"text-align: center;\">100mm,120mm,150mm,200mm<\/td>\n<td class=\"et2\"><\/td>\n<td class=\"et2\"><\/td>\n<\/tr>\n<\/tbody>\n<\/table>\n<h3 style=\"text-align: center;\"><span style=\"color: #000080;\"><strong>Moment mal\u2014Kann man isolierte Paneele auch im Inneren eines Geb\u00e4udes verwenden?<\/strong><\/span><\/h3>\n<p class=\"ds-markdown-paragraph\">\u00dcberraschung! Diese Paneele sind nicht nur f\u00fcr D\u00e4cher oder Au\u00dfenw\u00e4nde. M\u00fcssen Sie ein Lager in B\u00fcros unterteilen? M\u00f6chten Sie schalldichte R\u00e4ume in einem belebten Restaurant? Isolierte Paneele sind Ihre Geheimwaffe. F\u00fcr Au\u00dfenbereiche sind sie der ultimative Schutz gegen Hitze, K\u00e4lte und L\u00e4rmverschmutzung. Aber drinnen sind sie perfekt, um Reinr\u00e4ume (denken Sie an Labore oder Krankenh\u00e4user) oder sogar schicke Akzentw\u00e4nde zu schaffen. Angenommen, Sie entwerfen eine Brauerei: Verwenden Sie Paneele au\u00dfen, um Stra\u00dfenl\u00e4rm zu blockieren, und innen, um die Brautanks vom Verkostungsbereich zu trennen. Der Schaumkern h\u00e4lt die Temperaturen konstant, und die glatte Oberfl\u00e4che ist leicht zu reinigen. Ein echtes Multitalent!<\/p>\n<hr \/>\n<h3 style=\"text-align: center;\"><span style=\"color: #000080;\"><strong>SENKEN isolierte Paneele TATS\u00c4CHLICH den Energieverbrauch? Lass uns die Zahlen durchgehen.<\/strong><\/span><\/h3>\n<p class=\"ds-markdown-paragraph\">Energiekosten machen Sie gestresst? Hier ist die Sache: isolierte Paneele sind wie ein Geldspar-Trick. Der Schaumkern reduziert den W\u00e4rmetransfer\u2014damit k\u00e4mpft Ihre Klimaanlage nicht gegen 100-Grad-Hitze im Sommer, und Ihre Heizung k\u00e4mpft nicht gegen Winterk\u00e4lte. Zum Beispiel k\u00f6nnte ein Lagerhaus, das diese Paneele verwendet, seine Heizungs-, L\u00fcftungs- und Klimaanlagenkosten um 40 % senken, weil das Geb\u00e4ude tags\u00fcber k\u00fchler und nachts w\u00e4rmer bleibt. Und weil die Paneele wie Puzzlest\u00fccke zusammenpassen, gibt es keine versteckten Luftlecks. \u00dcber 10 Jahre summiert sich das auf Tausende an Ersparnissen. Bonus: Viele Paneele qualifizieren sich f\u00fcr gr\u00fcne Geb\u00e4udezertifikate, die Steuerverg\u00fcnstigungen bringen k\u00f6nnen. Wenn Sie Geld sparen wollen,<span>\u00a0<\/span><em>und<\/em><span>\u00a0<\/span>die Umwelt schonen, ist das eine klare Sache.<\/p>\n<p style=\"text-align: center;\">","protected":false},"excerpt":{"rendered":"<table style=\"border-collapse: collapse; width: 470.27pt;\" border=\"0\" width=\"627\" cellspacing=\"0\" cellpadding=\"0\">\n<tbody>\n<tr style=\"height: 22.50pt;\">\n<td class=\"et2\" style=\"height: 22.5pt; width: 238.5pt; text-align: center;\" width=\"318\" height=\"30\">Typ<\/td>\n<td class=\"et2\" style=\"width: 231.75pt; text-align: center;\" width=\"309\">Organosilicon<\/td>\n<\/tr>\n<tr style=\"height: 22.50pt;\">\n<td class=\"et2\" style=\"height: 22.5pt; text-align: center;\" height=\"30\">Brandschutzklasse<\/td>\n<td class=\"et2\" style=\"text-align: center;\">Klasse A (ASTM E84)<\/td>\n<\/tr>\n<tr style=\"height: 22.50pt;\">\n<td class=\"et2\" style=\"height: 22.5pt; text-align: center;\" height=\"30\">Druckfestigkeit<\/td>\n<td class=\"et4\" style=\"text-align: center;\">\u2265300\/kPa<\/td>\n<\/tr>\n<tr style=\"height: 22.50pt;\">\n<td class=\"et2\" style=\"height: 22.5pt; text-align: center;\" height=\"30\">Liefermethode<\/td>\n<td class=\"et2\" style=\"text-align: center;\">Ware auf Lager<\/td>\n<\/tr>\n<tr style=\"height: 22.50pt;\">\n<td class=\"et5\" style=\"height: 22.5pt; text-align: center;\" colspan=\"2\" height=\"30\">\n<h3><span style=\"color: #ff0000;\">(Klicken Sie hier) f\u00fcr kostenlose Muster<\/span><\/h3>\n<\/td>\n<\/tr>\n<tr style=\"height: 22.50pt;\">\n<td class=\"et7\" style=\"height: 22.5pt; width: 238.5pt; text-align: center;\" width=\"318\" height=\"30\">Transportart<\/td>\n<td class=\"et2\" style=\"text-align: center;\">See-, Stra\u00dfen- und Lufttransport<\/td>\n<\/tr>\n<\/tbody>\n<\/table>\n<ul>\n<li>Snap-Fit Sandwichpaneele \u2013 1000 sqft in 3 Stunden installieren (Sehen Sie, wie unser Hund es macht!)<\/li>\n<li>UL-Feuerfeste Sandwichpaneele \u2013 Testvideos &amp; Zertifikate sofort herunterladen<\/li>\n<li>20-Jahres-Rostfrei-Garantie \u2013 Wir zahlen $1000, wenn Ihre Metall-Sandwichpaneele korrodieren<\/li>\n<li>Jede Form m\u00f6glich! Gebogene\/runde Sandwichpaneele \u2013 Skizze senden, 3D-Design erhalten<\/li>\n<li>KI-gesteuerte Layouts \u2013 Lagerfotos hochladen, Sandwichpaneel-Schnitte optimieren<\/li>\n<li>Milit\u00e4rische Verpackung \u2013 Besch\u00e4digte Sandwichpaneele = kostenloses Neuprodukt + $500 Guthaben<\/li>\n<\/ul>","protected":false},"featured_media":3788,"comment_status":"open","ping_status":"closed","template":"","meta":[],"product_brand":[],"product_cat":[33],"product_tag":[],"class_list":{"0":"post-4984","1":"product","2":"type-product","3":"status-publish","4":"has-post-thumbnail","6":"product_cat-metal-carved-board","8":"first","9":"instock","10":"shipping-taxable","11":"product-type-simple"},"yoast_head":"<!-- This site is optimized with the Yoast SEO plugin v24.2 - https:\/\/yoast.com\/wordpress\/plugins\/seo\/ -->\n<title>Metal Roof Sandwich Panels 1 Worker, 500 Sqft\/Day - Shang He Sandwich Panel<\/title>\n<meta name=\"description\" content=\"metal roof sandwich panels 80% Faster Installation Easy to install, modular design, very simple when installing, to meet your different needs\" \/>\n<meta name=\"robots\" content=\"index, follow, max-snippet:-1, max-image-preview:large, max-video-preview:-1\" \/>\n<link rel=\"canonical\" href=\"https:\/\/shanghepanel.com\/de\/product\/metal-roof-sandwich-panels\/\" \/>\n<meta property=\"og:locale\" content=\"de_DE\" \/>\n<meta property=\"og:type\" content=\"article\" \/>\n<meta property=\"og:title\" content=\"Metal Roof Sandwich Panels 1 Worker, 500 Sqft\/Day - Shang He Sandwich Panel\" \/>\n<meta property=\"og:description\" content=\"metal roof sandwich panels 80% Faster Installation Easy to install, modular design, very simple when installing, to meet your different needs\" \/>\n<meta property=\"og:url\" content=\"https:\/\/shanghepanel.com\/de\/product\/metal-roof-sandwich-panels\/\" \/>\n<meta property=\"og:site_name\" content=\"Shang He Sandwich Panel\" \/>\n<meta property=\"article:modified_time\" content=\"2025-06-05T06:07:27+00:00\" \/>\n<meta property=\"og:image\" content=\"https:\/\/shanghepanel.com\/wp-content\/uploads\/2024\/07\/B-zt-17.jpg\" \/>\n\t<meta property=\"og:image:width\" content=\"800\" \/>\n\t<meta property=\"og:image:height\" content=\"800\" \/>\n\t<meta property=\"og:image:type\" content=\"image\/jpeg\" \/>\n<meta name=\"twitter:card\" content=\"summary_large_image\" \/>\n<meta name=\"twitter:label1\" content=\"Gesch\u00e4tzte Lesezeit\" \/>\n\t<meta name=\"twitter:data1\" content=\"3\u00a0Minuten\" \/>\n<script type=\"application\/ld+json\" class=\"yoast-schema-graph\">{\"@context\":\"https:\/\/schema.org\",\"@graph\":[{\"@type\":\"WebPage\",\"@id\":\"https:\/\/shanghepanel.com\/product\/metal-roof-sandwich-panels\/\",\"url\":\"https:\/\/shanghepanel.com\/product\/metal-roof-sandwich-panels\/\",\"name\":\"Metal Roof Sandwich Panels 1 Worker, 500 Sqft\/Day - Shang He Sandwich Panel\",\"isPartOf\":{\"@id\":\"https:\/\/shanghepanel.com\/#website\"},\"primaryImageOfPage\":{\"@id\":\"https:\/\/shanghepanel.com\/product\/metal-roof-sandwich-panels\/#primaryimage\"},\"image\":{\"@id\":\"https:\/\/shanghepanel.com\/product\/metal-roof-sandwich-panels\/#primaryimage\"},\"thumbnailUrl\":\"https:\/\/shanghepanel.com\/wp-content\/uploads\/2024\/07\/B-zt-17.jpg\",\"datePublished\":\"2025-05-22T06:48:29+00:00\",\"dateModified\":\"2025-06-05T06:07:27+00:00\",\"description\":\"metal roof sandwich panels 80% Faster Installation Easy to install, modular design, very simple when installing, to meet your different needs\",\"breadcrumb\":{\"@id\":\"https:\/\/shanghepanel.com\/product\/metal-roof-sandwich-panels\/#breadcrumb\"},\"inLanguage\":\"de\",\"potentialAction\":[{\"@type\":\"ReadAction\",\"target\":[\"https:\/\/shanghepanel.com\/product\/metal-roof-sandwich-panels\/\"]}]},{\"@type\":\"ImageObject\",\"inLanguage\":\"de\",\"@id\":\"https:\/\/shanghepanel.com\/product\/metal-roof-sandwich-panels\/#primaryimage\",\"url\":\"https:\/\/shanghepanel.com\/wp-content\/uploads\/2024\/07\/B-zt-17.jpg\",\"contentUrl\":\"https:\/\/shanghepanel.com\/wp-content\/uploads\/2024\/07\/B-zt-17.jpg\",\"width\":800,\"height\":800},{\"@type\":\"BreadcrumbList\",\"@id\":\"https:\/\/shanghepanel.com\/product\/metal-roof-sandwich-panels\/#breadcrumb\",\"itemListElement\":[{\"@type\":\"ListItem\",\"position\":1,\"name\":\"\u9996\u9875\",\"item\":\"https:\/\/shanghepanel.com\/en\/\"},{\"@type\":\"ListItem\",\"position\":2,\"name\":\"\u4ea7\u54c1\",\"item\":\"https:\/\/shanghepanel.com\/index.php\/shop\/\"},{\"@type\":\"ListItem\",\"position\":3,\"name\":\"Metal Roof Sandwich Panels 1 Worker, 500 Sqft\/Day\"}]},{\"@type\":\"WebSite\",\"@id\":\"https:\/\/shanghepanel.com\/#website\",\"url\":\"https:\/\/shanghepanel.com\/\",\"name\":\"shanghepanel.com\",\"description\":\"\",\"publisher\":{\"@id\":\"https:\/\/shanghepanel.com\/#organization\"},\"potentialAction\":[{\"@type\":\"SearchAction\",\"target\":{\"@type\":\"EntryPoint\",\"urlTemplate\":\"https:\/\/shanghepanel.com\/?s={search_term_string}\"},\"query-input\":{\"@type\":\"PropertyValueSpecification\",\"valueRequired\":true,\"valueName\":\"search_term_string\"}}],\"inLanguage\":\"de\"},{\"@type\":\"Organization\",\"@id\":\"https:\/\/shanghepanel.com\/#organization\",\"name\":\"Shandong ShangHe New Construction Engineering Co., ltd.\",\"url\":\"https:\/\/shanghepanel.com\/\",\"logo\":{\"@type\":\"ImageObject\",\"inLanguage\":\"de\",\"@id\":\"https:\/\/shanghepanel.com\/#\/schema\/logo\/image\/\",\"url\":\"https:\/\/shanghepanel.com\/wp-content\/uploads\/2024\/03\/logo-1.png\",\"contentUrl\":\"https:\/\/shanghepanel.com\/wp-content\/uploads\/2024\/03\/logo-1.png\",\"width\":800,\"height\":800,\"caption\":\"Shandong ShangHe New Construction Engineering Co., ltd.\"},\"image\":{\"@id\":\"https:\/\/shanghepanel.com\/#\/schema\/logo\/image\/\"}}]}<\/script>\n<!-- \/ Yoast SEO plugin. -->","yoast_head_json":{"title":"Metall-Dach-Sandwichpaneele 1 Arbeiter, 500 qm\/Tag - Shang He Sandwich Panel","description":"Metall-Dach-Sandwichpaneele 80% Schnellere Installation, einfach zu montieren, modulares Design, sehr einfach bei der Installation, um Ihre unterschiedlichen Bed\u00fcrfnisse zu erf\u00fcllen","robots":{"index":"index","follow":"follow","max-snippet":"max-snippet:-1","max-image-preview":"max-image-preview:large","max-video-preview":"max-video-preview:-1"},"canonical":"https:\/\/shanghepanel.com\/de\/product\/metal-roof-sandwich-panels\/","og_locale":"de_DE","og_type":"article","og_title":"Metal Roof Sandwich Panels 1 Worker, 500 Sqft\/Day - Shang He Sandwich Panel","og_description":"metal roof sandwich panels 80% Faster Installation Easy to install, modular design, very simple when installing, to meet your different needs","og_url":"https:\/\/shanghepanel.com\/de\/product\/metal-roof-sandwich-panels\/","og_site_name":"Shang He Sandwich Panel","article_modified_time":"2025-06-05T06:07:27+00:00","og_image":[{"width":800,"height":800,"url":"https:\/\/shanghepanel.com\/wp-content\/uploads\/2024\/07\/B-zt-17.jpg","type":"image\/jpeg"}],"twitter_card":"summary_large_image","twitter_misc":{"Gesch\u00e4tzte Lesezeit":"3\u00a0Minuten"},"schema":{"@context":"https:\/\/schema.org","@graph":[{"@type":"WebPage","@id":"https:\/\/shanghepanel.com\/product\/metal-roof-sandwich-panels\/","url":"https:\/\/shanghepanel.com\/product\/metal-roof-sandwich-panels\/","name":"Metall-Dach-Sandwichpaneele 1 Arbeiter, 500 qm\/Tag - Shang He Sandwich Panel","isPartOf":{"@id":"https:\/\/shanghepanel.com\/#website"},"primaryImageOfPage":{"@id":"https:\/\/shanghepanel.com\/product\/metal-roof-sandwich-panels\/#primaryimage"},"image":{"@id":"https:\/\/shanghepanel.com\/product\/metal-roof-sandwich-panels\/#primaryimage"},"thumbnailUrl":"https:\/\/shanghepanel.com\/wp-content\/uploads\/2024\/07\/B-zt-17.jpg","datePublished":"2025-05-22T06:48:29+00:00","dateModified":"2025-06-05T06:07:27+00:00","description":"Metall-Dach-Sandwichpaneele 80% Schnellere Installation, einfach zu montieren, modulares Design, sehr einfach bei der Installation, um Ihre unterschiedlichen Bed\u00fcrfnisse zu erf\u00fcllen","breadcrumb":{"@id":"https:\/\/shanghepanel.com\/product\/metal-roof-sandwich-panels\/#breadcrumb"},"inLanguage":"de","potentialAction":[{"@type":"ReadAction","target":["https:\/\/shanghepanel.com\/product\/metal-roof-sandwich-panels\/"]}]},{"@type":"ImageObject","inLanguage":"de","@id":"https:\/\/shanghepanel.com\/product\/metal-roof-sandwich-panels\/#primaryimage","url":"https:\/\/shanghepanel.com\/wp-content\/uploads\/2024\/07\/B-zt-17.jpg","contentUrl":"https:\/\/shanghepanel.com\/wp-content\/uploads\/2024\/07\/B-zt-17.jpg","width":800,"height":800},{"@type":"BreadcrumbList","@id":"https:\/\/shanghepanel.com\/product\/metal-roof-sandwich-panels\/#breadcrumb","itemListElement":[{"@type":"ListItem","position":1,"name":"\u9996\u9875","item":"https:\/\/shanghepanel.com\/en\/"},{"@type":"ListItem","position":2,"name":"\u4ea7\u54c1","item":"https:\/\/shanghepanel.com\/index.php\/shop\/"},{"@type":"ListItem","position":3,"name":"Metal Roof Sandwich Panels 1 Worker, 500 Sqft\/Day"}]},{"@type":"WebSite","@id":"https:\/\/shanghepanel.com\/#website","url":"https:\/\/shanghepanel.com\/","name":"shanghepanel.com","description":"","publisher":{"@id":"https:\/\/shanghepanel.com\/#organization"},"potentialAction":[{"@type":"SearchAction","target":{"@type":"EntryPoint","urlTemplate":"https:\/\/shanghepanel.com\/?s={search_term_string}"},"query-input":{"@type":"PropertyValueSpecification","valueRequired":true,"valueName":"search_term_string"}}],"inLanguage":"de"},{"@type":"Organization","@id":"https:\/\/shanghepanel.com\/#organization","name":"Shandong ShangHe Neubauingenieurgesellschaft mbH","url":"https:\/\/shanghepanel.com\/","logo":{"@type":"ImageObject","inLanguage":"de","@id":"https:\/\/shanghepanel.com\/#\/schema\/logo\/image\/","url":"https:\/\/shanghepanel.com\/wp-content\/uploads\/2024\/03\/logo-1.png","contentUrl":"https:\/\/shanghepanel.com\/wp-content\/uploads\/2024\/03\/logo-1.png","width":800,"height":800,"caption":"Shandong ShangHe New Construction Engineering Co., ltd."},"image":{"@id":"https:\/\/shanghepanel.com\/#\/schema\/logo\/image\/"}}]}},"_links":{"self":[{"href":"https:\/\/shanghepanel.com\/de\/wp-json\/wp\/v2\/product\/4984","targetHints":{"allow":["GET"]}}],"collection":[{"href":"https:\/\/shanghepanel.com\/de\/wp-json\/wp\/v2\/product"}],"about":[{"href":"https:\/\/shanghepanel.com\/de\/wp-json\/wp\/v2\/types\/product"}],"replies":[{"embeddable":true,"href":"https:\/\/shanghepanel.com\/de\/wp-json\/wp\/v2\/comments?post=4984"}],"version-history":[{"count":0,"href":"https:\/\/shanghepanel.com\/de\/wp-json\/wp\/v2\/product\/4984\/revisions"}],"wp:featuredmedia":[{"embeddable":true,"href":"https:\/\/shanghepanel.com\/de\/wp-json\/wp\/v2\/media\/3788"}],"wp:attachment":[{"href":"https:\/\/shanghepanel.com\/de\/wp-json\/wp\/v2\/media?parent=4984"}],"wp:term":[{"taxonomy":"product_brand","embeddable":true,"href":"https:\/\/shanghepanel.com\/de\/wp-json\/wp\/v2\/product_brand?post=4984"},{"taxonomy":"product_cat","embeddable":true,"href":"https:\/\/shanghepanel.com\/de\/wp-json\/wp\/v2\/product_cat?post=4984"},{"taxonomy":"product_tag","embeddable":true,"href":"https:\/\/shanghepanel.com\/de\/wp-json\/wp\/v2\/product_tag?post=4984"}],"curies":[{"name":"wp","href":"https:\/\/api.w.org\/{rel}","templated":true}]}}