{"id":4986,"date":"2025-05-22T15:12:26","date_gmt":"2025-05-22T07:12:26","guid":{"rendered":"https:\/\/shanghepanel.com\/?post_type=product&#038;p=4986"},"modified":"2025-06-05T14:07:17","modified_gmt":"2025-06-05T06:07:17","slug":"insulated-sandwich-panels","status":"publish","type":"product","link":"https:\/\/shanghepanel.com\/de\/product\/insulated-sandwich-panels\/","title":{"rendered":"Isolierte Sandwichpaneele bei jedem Wetter Installationsf\u00e4hig (-20\u00b0C bis 50\u00b0C)"},"content":{"rendered":"<h2 style=\"text-align: center;\"><\/h2>\n<h2 style=\"text-align: center;\"><strong>Metallblech-Sandwichpaneel: Warum es die Superkraft der Sandwichpaneele ist<\/strong><\/h2>\n<p><span>Wenn wir \u00fcber W\u00e4rmed\u00e4mmung im Bau sprechen, fragen wir eigentlich: \u201eWie gut blockiert dieses Material den W\u00e4rmetransfer?\u201c Genau hier gl\u00e4nzen isolierte Sandwichpaneele wie Superhelden! Diese Paneele funktionieren wie eine gem\u00fctliche Winterjacke f\u00fcr Ihr Geb\u00e4ude \u2013 ihr Schichtdesign f\u00e4ngt Luft ein und verlangsamt die W\u00e4rmebewegung. Ob es drau\u00dfen 100\u00b0F sind oder eiskalt, Geb\u00e4ude, die diese Paneele verwenden, bleiben komfortabel, ohne die HVAC-Systeme zu \u00fcberlasten. Profi-Tipp: Bessere D\u00e4mmung = niedrigere Energiekosten. Stellen Sie es sich vor wie eine Temperatur-Kraftfeld!<\/span><\/p>\n<h2 style=\"text-align: center;\"><strong>Wie vereinfachen isolierte Sandwichpaneele den Bau?<\/strong><\/h2>\n<ul>\n<li class=\"ds-markdown-paragraph\"><strong>Zeit = Geld, richtig?<\/strong><br \/>\nDiese<span>\u00a0<\/span><strong>Baumaterial<\/strong><span>\u00a0<\/span>Stars beschleunigen Projekte enorm:<\/li>\n<li class=\"ds-markdown-paragraph\"><strong>Vorgefertigte Paneele<\/strong> = weniger Messen\/Schneiden vor Ort<\/li>\n<li class=\"ds-markdown-paragraph\"><strong>Leichtes Design<\/strong> = keine schweren Maschinen erforderlich<\/li>\n<li class=\"ds-markdown-paragraph\"><strong>Alles-in-einem-Installation<\/strong>\u00a0(Struktur + D\u00e4mmung in einem Schritt)<\/li>\n<\/ul>\n<p class=\"ds-markdown-paragraph\">Baufirmen m\u00f6gen sie, weil sie die Arbeitsstunden reduzieren. Architekten lieben das saubere Aussehen. Und Sie? Sie bekommen ein wetterdichtes Geb\u00e4ude schneller, ab<span>\u00a0<\/span><strong>hervorragenden W\u00e4rmed\u00e4mmeigenschaften<\/strong><span>\u00a0<\/span>vom ersten Tag an.<\/p>\n<h2 style=\"text-align: center;\"><strong>Was ist das gro\u00dfe Ding bei Kernmaterialien in isolierten Paneelen?<\/strong><\/h2>\n<ul>\n<li class=\"ds-markdown-paragraph\"><strong>\u00dcberspringen Sie diesen Teil nicht \u2014 es ist wichtig!<\/strong>Die richtige Auswahl treffen<span>\u00a0<\/span><strong>Kernmaterial<\/strong><span>\u00a0<\/span>ist wie die Wahl des Motors f\u00fcr Ihr Auto. Hier die Aufschl\u00fcsselung:<\/li>\n<li class=\"ds-markdown-paragraph\"><strong>Polyurethankerne<\/strong>: K\u00f6nig der<span>\u00a0<\/span><strong>W\u00e4rmeleitf\u00e4higkeit<\/strong><span>\u00a0<\/span>(R-6 pro Zoll!<\/li>\n<li class=\"ds-markdown-paragraph\"><strong>Mineralwolle<\/strong>: Feuerfester Champion f\u00fcr Sicherheits-erst Projekte<\/li>\n<li class=\"ds-markdown-paragraph\"><strong>PIR-Schaum<\/strong>: Das Beste aus beiden Welten \u2014 gute W\u00e4rmed\u00e4mmung UND Feuerbest\u00e4ndigkeit<\/li>\n<li class=\"ds-markdown-paragraph\">Pro Tipp: Dicker ist nicht immer besser. Ein billiges Kernmaterial mit schlechter<span>\u00a0<\/span><strong>Isolierungseigenschaften<\/strong><span>\u00a0<\/span>verschwendet Platz und Geld. Fragen Sie immer nach unabh\u00e4ngigen Testberichten, um Leistungsversprechen zu belegen.<\/li>\n<\/ul>\n<hr \/>\n<table style=\"border-collapse: collapse; width: 1369px; height: 337px;\" border=\"0\" width=\"1354\" cellspacing=\"0\" cellpadding=\"0\">\n<tbody>\n<tr style=\"height: 22.50pt;\">\n<td class=\"et3\" style=\"height: 22.5pt; width: 1015.5pt; text-align: center;\" colspan=\"4\" width=\"1354\" height=\"30\">\n<h2><span style=\"color: #000000;\">Wichtige Eigenschaften<\/span><\/h2>\n<\/td>\n<\/tr>\n<tr style=\"height: 22.50pt;\">\n<td class=\"et4\" style=\"height: 22.5pt; text-align: center;\" height=\"30\">Design<\/td>\n<td class=\"et4\" style=\"text-align: center;\">das heutige Zeitalter<\/td>\n<td class=\"et4\" style=\"text-align: center;\">Kundendienst<\/td>\n<td class=\"et4\" style=\"text-align: center;\">Online-Technischer Support, Sonstiges<\/td>\n<\/tr>\n<tr style=\"height: 22.50pt;\">\n<td class=\"et5\" style=\"height: 22.5pt; text-align: center;\" height=\"30\">Herkunft<\/td>\n<td class=\"et5\" style=\"text-align: center;\">Shandong, China<\/td>\n<td class=\"et5\" style=\"text-align: center;\">Anwendungsszenarien<\/td>\n<td class=\"et5\" style=\"text-align: center;\">Lagerhaus<\/td>\n<\/tr>\n<tr style=\"height: 23.25pt;\">\n<td class=\"et5\" style=\"height: 23.25pt; text-align: center;\" height=\"31\">Marke<\/td>\n<td class=\"et5\" style=\"text-align: center;\">SH<\/td>\n<td class=\"et5\" style=\"text-align: center;\">Garantieservice<\/td>\n<td class=\"et6\" style=\"width: 238.5pt; text-align: center;\" width=\"318\">Metall-Sandwichpaneele<\/td>\n<\/tr>\n<tr style=\"height: 22.50pt;\">\n<td class=\"et5\" style=\"height: 22.5pt; text-align: center;\" height=\"30\">Paneelmaterial<\/td>\n<td class=\"et5\" style=\"text-align: center;\">Metall<\/td>\n<td class=\"et5\" style=\"text-align: center;\">Modelle<\/td>\n<td class=\"et5\" style=\"text-align: center;\">SH 150mm PU<\/td>\n<\/tr>\n<tr style=\"height: 23.25pt;\">\n<td class=\"et5\" style=\"height: 23.25pt; text-align: center;\" height=\"31\">Nutzung<\/td>\n<td class=\"et7\" style=\"width: 256.5pt; text-align: center;\" width=\"342\">Au\u00dfenraumgestaltung<\/td>\n<td class=\"et8\" style=\"width: 195pt; text-align: center;\" width=\"260\">Produktname<\/td>\n<td class=\"et5\" style=\"text-align: center;\"><a href=\"https:\/\/shanghepanel.com\/product\/insulated-sandwich-panel\/\">isolierte Sandwichpaneele<\/a><\/td>\n<\/tr>\n<tr style=\"height: 23.25pt;\">\n<td class=\"et5\" style=\"height: 23.25pt; text-align: center;\" height=\"31\">Oberfl\u00e4chenmaterial<\/td>\n<td class=\"et9\" style=\"width: 256.5pt; text-align: center;\" width=\"342\">Metallisch<\/td>\n<td class=\"et5\" style=\"text-align: center;\">Mindestbestellmenge<\/td>\n<td class=\"et5\" style=\"text-align: center;\">Personalisierung<\/td>\n<\/tr>\n<tr style=\"height: 22.50pt;\">\n<td class=\"et5\" style=\"height: 22.5pt; text-align: center;\" height=\"30\">Dicke<\/td>\n<td class=\"et5\" style=\"text-align: center;\">16MM\/20MM\/25MM<\/td>\n<td class=\"et5\" style=\"text-align: center;\">Farbe<\/td>\n<td class=\"et5\" style=\"text-align: center;\">Helles Rot, Zinnober, Limette, Himmelblau, Aquamarin, Erbsengr\u00fcn oder individuell anpassbar<\/td>\n<\/tr>\n<tr style=\"height: 22.50pt;\">\n<td class=\"et10\" style=\"height: 22.5pt; text-align: center;\" height=\"30\">Breite<\/td>\n<td class=\"et2\" style=\"text-align: center;\">100mm,120mm,150mm,200mm<\/td>\n<td class=\"et2\"><\/td>\n<td class=\"et2\"><\/td>\n<\/tr>\n<\/tbody>\n<\/table>\n<p>&nbsp;<\/p>\n<h2 style=\"text-align: center;\"><strong>Kernmaterialien, die die Leistung bestimmen oder ruinieren<\/strong><\/h2>\n<p style=\"text-align: left;\"><span>Der Kern ist das Herzst\u00fcck des Paneels. Optionen umfassen<\/span><\/p>\n<ul>\n<li><strong>Polyurethan (PUR)<\/strong><span>: D\u00fcnner, aber kraftvoller Isolator<\/span><\/li>\n<li><strong>Mineralwolle<\/strong>: Feuerwehrgeeigneter Schutz<\/li>\n<li><strong>PIR<\/strong>: Aufger\u00fcstetes PUR mit besserer Feuerbest\u00e4ndigkeit<\/li>\n<li><strong>EPS<\/strong><span>: Budgetfreundlicher Feuchtigkeitsk\u00e4mpfer<\/span><br \/>\n<span>Jeder Kern erf\u00fcllt unterschiedliche Bed\u00fcrfnisse \u2013 wie die Wahl zwischen einem Sportwagen oder SUV, beide bringen Sie ans Ziel, aber mit unterschiedlichen Vorteilen<\/span><span><\/span><\/li>\n<\/ul>\n<h2 style=\"text-align: center;\"><strong>Energieeffizienz: Der neue beste Freund Ihres Geb\u00e4udes<\/strong><\/h2>\n<ul>\n<li style=\"text-align: left;\"><span>M\u00f6chten Sie Geb\u00e4ude, die sich praktisch selbst finanzieren? Energieeffiziente Sandwichpaneele sind wie ein intelligenter Thermostat, der in Ihren W\u00e4nden eingebaut ist. Sie:<\/span><\/li>\n<li style=\"text-align: left;\"><span>Blockieren 60-70% unerw\u00fcnschte W\u00e4rme\u00fcbertragung<\/span><\/li>\n<li style=\"text-align: left;\"><span>Halten das stabile Innentemperatur das ganze Jahr \u00fcber<\/span><\/li>\n<li style=\"text-align: left;\"><span>Reduzieren die Laufzeiten von Klimaanlage\/Heizung um bis zu 40%<\/span><\/li>\n<li style=\"text-align: left;\"><span>Helfen, LEED-Zertifizierungspunkte zu erreichen<\/span><br \/>\n<span>Fun Fact: Ein Lagerhaus, das diese Paneele verwendet, spart j\u00e4hrlich $18k bei der K\u00fchlung \u2013 das sind Einsparungen bei Energie, die einem neuen Firmenwagen entsprechen!<\/span><\/li>\n<\/ul>","protected":false},"excerpt":{"rendered":"<table style=\"border-collapse: collapse; width: 470.27pt;\" border=\"0\" width=\"627\" cellspacing=\"0\" cellpadding=\"0\">\n<tbody>\n<tr style=\"height: 22.50pt;\">\n<td class=\"et2\" style=\"height: 22.5pt; width: 238.5pt; text-align: center;\" width=\"318\" height=\"30\">Typ<\/td>\n<td class=\"et2\" style=\"width: 231.75pt; text-align: center;\" width=\"309\">Organosilicon<\/td>\n<\/tr>\n<tr style=\"height: 22.50pt;\">\n<td class=\"et2\" style=\"height: 22.5pt; text-align: center;\" height=\"30\">Brandschutzklasse<\/td>\n<td class=\"et2\" style=\"text-align: center;\">Klasse A (ASTM E84)<\/td>\n<\/tr>\n<tr style=\"height: 22.50pt;\">\n<td class=\"et2\" style=\"height: 22.5pt; text-align: center;\" height=\"30\">Druckfestigkeit<\/td>\n<td class=\"et4\" style=\"text-align: center;\">\u2265300\/kPa<\/td>\n<\/tr>\n<tr style=\"height: 22.50pt;\">\n<td class=\"et2\" style=\"height: 22.5pt; text-align: center;\" height=\"30\">Liefermethode<\/td>\n<td class=\"et2\" style=\"text-align: center;\">Ware auf Lager<\/td>\n<\/tr>\n<tr style=\"height: 22.50pt;\">\n<td class=\"et5\" style=\"height: 22.5pt; text-align: center;\" colspan=\"2\" height=\"30\">\n<h3><span style=\"color: #ff0000;\">(Klicken Sie hier) f\u00fcr kostenlose Muster<\/span><\/h3>\n<\/td>\n<\/tr>\n<tr style=\"height: 22.50pt;\">\n<td class=\"et7\" style=\"height: 22.5pt; width: 238.5pt; text-align: center;\" width=\"318\" height=\"30\">Transportart<\/td>\n<td class=\"et2\" style=\"text-align: center;\">See-, Stra\u00dfen- und Lufttransport<\/td>\n<\/tr>\n<\/tbody>\n<\/table>\n<ul>\n<li>Jede Form m\u00f6glich! Gebogene\/runde Sandwichpaneele \u2013 Skizze senden, 3D-Design erhalten<\/li>\n<li>KI-gesteuerte Layouts \u2013 Lagerfotos hochladen, Sandwichpaneel-Schnitte optimieren<\/li>\n<li>Milit\u00e4rische Verpackung \u2013 Besch\u00e4digte Sandwichpaneele = kostenloses Neuprodukt + $500 Guthaben<\/li>\n<li>Alte Paneele recyceln \u2013 50% Rabatt auf neue Bestellung + kostenloses umweltfreundliches Entsorgen<\/li>\n<li>Tesla-Gebrauchte Sandwichpaneele \u2013 Sehen Sie sich Erdbeben-Testvideos aus ihrer Fabrik in Nevada an<\/li>\n<li>-40\u00b0F Arktische Paneele \u2013 Halten Sie Lagerh\u00e4user in Deutschland warm mit halb so viel Energie<\/li>\n<li>Kostenlose j\u00e4hrliche \u00dcberpr\u00fcfungen \u2013 Scannen Sie den QR-Code auf Ihren Paneelen, um Wartung zu buchen<\/li>\n<li>91% Auftragnehmer Nachbestellung \u2013 Warum unsere Sandwichpaneele Stahl &amp; Beton \u00fcbertreffen<\/li>\n<li>Von NASA-Ingenieuren entwickeltes Verriegelungssystem \u2013 Ihre Paneele bewegen sich bei Hurrikans nicht<\/li>\n<\/ul>","protected":false},"featured_media":3732,"comment_status":"open","ping_status":"closed","template":"","meta":[],"product_brand":[],"product_cat":[33],"product_tag":[],"class_list":{"0":"post-4986","1":"product","2":"type-product","3":"status-publish","4":"has-post-thumbnail","6":"product_cat-metal-carved-board","8":"first","9":"instock","10":"shipping-taxable","11":"product-type-simple"},"yoast_head":"<!-- This site is optimized with the Yoast SEO plugin v24.2 - https:\/\/yoast.com\/wordpress\/plugins\/seo\/ -->\n<title>Insulated Sandwich Panels All Weather Install (-20\u00b0C To 50\u00b0C) - Shang He Sandwich Panel<\/title>\n<meta name=\"description\" content=\"insulated sandwich panels 0.01\u03bcg\/m\u00b3 Formaldehyd Decoding Industry Lingo: From \u2018Hidden Fixings\u2019 to \u2018FR Core\u2019 Like a Pro Easy to install, modular design\" \/>\n<meta name=\"robots\" content=\"index, follow, max-snippet:-1, max-image-preview:large, max-video-preview:-1\" \/>\n<link rel=\"canonical\" href=\"https:\/\/shanghepanel.com\/de\/product\/insulated-sandwich-panels\/\" \/>\n<meta property=\"og:locale\" content=\"de_DE\" \/>\n<meta property=\"og:type\" content=\"article\" \/>\n<meta property=\"og:title\" content=\"Insulated Sandwich Panels All Weather Install (-20\u00b0C To 50\u00b0C) - Shang He Sandwich Panel\" \/>\n<meta property=\"og:description\" content=\"insulated sandwich panels 0.01\u03bcg\/m\u00b3 Formaldehyd Decoding Industry Lingo: From \u2018Hidden Fixings\u2019 to \u2018FR Core\u2019 Like a Pro Easy to install, modular design\" \/>\n<meta property=\"og:url\" content=\"https:\/\/shanghepanel.com\/de\/product\/insulated-sandwich-panels\/\" \/>\n<meta property=\"og:site_name\" content=\"Shang He Sandwich Panel\" \/>\n<meta property=\"article:modified_time\" content=\"2025-06-05T06:07:17+00:00\" \/>\n<meta property=\"og:image\" content=\"https:\/\/shanghepanel.com\/wp-content\/uploads\/2024\/07\/GW-zt-6.jpg\" \/>\n\t<meta property=\"og:image:width\" content=\"800\" \/>\n\t<meta property=\"og:image:height\" content=\"800\" \/>\n\t<meta property=\"og:image:type\" content=\"image\/jpeg\" \/>\n<meta name=\"twitter:card\" content=\"summary_large_image\" \/>\n<meta name=\"twitter:label1\" content=\"Gesch\u00e4tzte Lesezeit\" \/>\n\t<meta name=\"twitter:data1\" content=\"3\u00a0Minuten\" \/>\n<script type=\"application\/ld+json\" class=\"yoast-schema-graph\">{\"@context\":\"https:\/\/schema.org\",\"@graph\":[{\"@type\":\"WebPage\",\"@id\":\"https:\/\/shanghepanel.com\/product\/insulated-sandwich-panels\/\",\"url\":\"https:\/\/shanghepanel.com\/product\/insulated-sandwich-panels\/\",\"name\":\"Insulated Sandwich Panels All Weather Install (-20\u00b0C To 50\u00b0C) - Shang He Sandwich Panel\",\"isPartOf\":{\"@id\":\"https:\/\/shanghepanel.com\/#website\"},\"primaryImageOfPage\":{\"@id\":\"https:\/\/shanghepanel.com\/product\/insulated-sandwich-panels\/#primaryimage\"},\"image\":{\"@id\":\"https:\/\/shanghepanel.com\/product\/insulated-sandwich-panels\/#primaryimage\"},\"thumbnailUrl\":\"https:\/\/shanghepanel.com\/wp-content\/uploads\/2024\/07\/GW-zt-6.jpg\",\"datePublished\":\"2025-05-22T07:12:26+00:00\",\"dateModified\":\"2025-06-05T06:07:17+00:00\",\"description\":\"insulated sandwich panels 0.01\u03bcg\/m\u00b3 Formaldehyd Decoding Industry Lingo: From \u2018Hidden Fixings\u2019 to \u2018FR Core\u2019 Like a Pro Easy to install, modular design\",\"breadcrumb\":{\"@id\":\"https:\/\/shanghepanel.com\/product\/insulated-sandwich-panels\/#breadcrumb\"},\"inLanguage\":\"de\",\"potentialAction\":[{\"@type\":\"ReadAction\",\"target\":[\"https:\/\/shanghepanel.com\/product\/insulated-sandwich-panels\/\"]}]},{\"@type\":\"ImageObject\",\"inLanguage\":\"de\",\"@id\":\"https:\/\/shanghepanel.com\/product\/insulated-sandwich-panels\/#primaryimage\",\"url\":\"https:\/\/shanghepanel.com\/wp-content\/uploads\/2024\/07\/GW-zt-6.jpg\",\"contentUrl\":\"https:\/\/shanghepanel.com\/wp-content\/uploads\/2024\/07\/GW-zt-6.jpg\",\"width\":800,\"height\":800},{\"@type\":\"BreadcrumbList\",\"@id\":\"https:\/\/shanghepanel.com\/product\/insulated-sandwich-panels\/#breadcrumb\",\"itemListElement\":[{\"@type\":\"ListItem\",\"position\":1,\"name\":\"\u9996\u9875\",\"item\":\"https:\/\/shanghepanel.com\/en\/\"},{\"@type\":\"ListItem\",\"position\":2,\"name\":\"\u4ea7\u54c1\",\"item\":\"https:\/\/shanghepanel.com\/index.php\/shop\/\"},{\"@type\":\"ListItem\",\"position\":3,\"name\":\"Insulated Sandwich Panels All Weather Install (-20\u00b0C To 50\u00b0C)\"}]},{\"@type\":\"WebSite\",\"@id\":\"https:\/\/shanghepanel.com\/#website\",\"url\":\"https:\/\/shanghepanel.com\/\",\"name\":\"shanghepanel.com\",\"description\":\"\",\"publisher\":{\"@id\":\"https:\/\/shanghepanel.com\/#organization\"},\"potentialAction\":[{\"@type\":\"SearchAction\",\"target\":{\"@type\":\"EntryPoint\",\"urlTemplate\":\"https:\/\/shanghepanel.com\/?s={search_term_string}\"},\"query-input\":{\"@type\":\"PropertyValueSpecification\",\"valueRequired\":true,\"valueName\":\"search_term_string\"}}],\"inLanguage\":\"de\"},{\"@type\":\"Organization\",\"@id\":\"https:\/\/shanghepanel.com\/#organization\",\"name\":\"Shandong ShangHe New Construction Engineering Co., ltd.\",\"url\":\"https:\/\/shanghepanel.com\/\",\"logo\":{\"@type\":\"ImageObject\",\"inLanguage\":\"de\",\"@id\":\"https:\/\/shanghepanel.com\/#\/schema\/logo\/image\/\",\"url\":\"https:\/\/shanghepanel.com\/wp-content\/uploads\/2024\/03\/logo-1.png\",\"contentUrl\":\"https:\/\/shanghepanel.com\/wp-content\/uploads\/2024\/03\/logo-1.png\",\"width\":800,\"height\":800,\"caption\":\"Shandong ShangHe New Construction Engineering Co., ltd.\"},\"image\":{\"@id\":\"https:\/\/shanghepanel.com\/#\/schema\/logo\/image\/\"}}]}<\/script>\n<!-- \/ Yoast SEO plugin. -->","yoast_head_json":{"title":"Isolierte Sandwichpaneele Allwetter-Installation (-20\u00b0C bis 50\u00b0C) - Shang He Sandwichpaneel","description":"isolierte Sandwichpaneele 0,01 \u03bcg\/m\u00b3 Formaldehyd Entschl\u00fcsselung Branchenjargon: Von \u201eVerborgene Befestigungen\u201c bis \u201eFR-Kern\u201c wie ein Profi Einfach zu installieren, modulares Design","robots":{"index":"index","follow":"follow","max-snippet":"max-snippet:-1","max-image-preview":"max-image-preview:large","max-video-preview":"max-video-preview:-1"},"canonical":"https:\/\/shanghepanel.com\/de\/product\/insulated-sandwich-panels\/","og_locale":"de_DE","og_type":"article","og_title":"Insulated Sandwich Panels All Weather Install (-20\u00b0C To 50\u00b0C) - Shang He Sandwich Panel","og_description":"insulated sandwich panels 0.01\u03bcg\/m\u00b3 Formaldehyd Decoding Industry Lingo: From \u2018Hidden Fixings\u2019 to \u2018FR Core\u2019 Like a Pro Easy to install, modular design","og_url":"https:\/\/shanghepanel.com\/de\/product\/insulated-sandwich-panels\/","og_site_name":"Shang He Sandwich Panel","article_modified_time":"2025-06-05T06:07:17+00:00","og_image":[{"width":800,"height":800,"url":"https:\/\/shanghepanel.com\/wp-content\/uploads\/2024\/07\/GW-zt-6.jpg","type":"image\/jpeg"}],"twitter_card":"summary_large_image","twitter_misc":{"Gesch\u00e4tzte Lesezeit":"3\u00a0Minuten"},"schema":{"@context":"https:\/\/schema.org","@graph":[{"@type":"WebPage","@id":"https:\/\/shanghepanel.com\/product\/insulated-sandwich-panels\/","url":"https:\/\/shanghepanel.com\/product\/insulated-sandwich-panels\/","name":"Isolierte Sandwichpaneele Allwetter-Installation (-20\u00b0C bis 50\u00b0C) - Shang He Sandwichpaneel","isPartOf":{"@id":"https:\/\/shanghepanel.com\/#website"},"primaryImageOfPage":{"@id":"https:\/\/shanghepanel.com\/product\/insulated-sandwich-panels\/#primaryimage"},"image":{"@id":"https:\/\/shanghepanel.com\/product\/insulated-sandwich-panels\/#primaryimage"},"thumbnailUrl":"https:\/\/shanghepanel.com\/wp-content\/uploads\/2024\/07\/GW-zt-6.jpg","datePublished":"2025-05-22T07:12:26+00:00","dateModified":"2025-06-05T06:07:17+00:00","description":"isolierte Sandwichpaneele 0,01 \u03bcg\/m\u00b3 Formaldehyd Entschl\u00fcsselung Branchenjargon: Von \u201eVerborgene Befestigungen\u201c bis \u201eFR-Kern\u201c wie ein Profi Einfach zu installieren, modulares Design","breadcrumb":{"@id":"https:\/\/shanghepanel.com\/product\/insulated-sandwich-panels\/#breadcrumb"},"inLanguage":"de","potentialAction":[{"@type":"ReadAction","target":["https:\/\/shanghepanel.com\/product\/insulated-sandwich-panels\/"]}]},{"@type":"ImageObject","inLanguage":"de","@id":"https:\/\/shanghepanel.com\/product\/insulated-sandwich-panels\/#primaryimage","url":"https:\/\/shanghepanel.com\/wp-content\/uploads\/2024\/07\/GW-zt-6.jpg","contentUrl":"https:\/\/shanghepanel.com\/wp-content\/uploads\/2024\/07\/GW-zt-6.jpg","width":800,"height":800},{"@type":"BreadcrumbList","@id":"https:\/\/shanghepanel.com\/product\/insulated-sandwich-panels\/#breadcrumb","itemListElement":[{"@type":"ListItem","position":1,"name":"\u9996\u9875","item":"https:\/\/shanghepanel.com\/en\/"},{"@type":"ListItem","position":2,"name":"\u4ea7\u54c1","item":"https:\/\/shanghepanel.com\/index.php\/shop\/"},{"@type":"ListItem","position":3,"name":"Insulated Sandwich Panels All Weather Install (-20\u00b0C To 50\u00b0C)"}]},{"@type":"WebSite","@id":"https:\/\/shanghepanel.com\/#website","url":"https:\/\/shanghepanel.com\/","name":"shanghepanel.com","description":"","publisher":{"@id":"https:\/\/shanghepanel.com\/#organization"},"potentialAction":[{"@type":"SearchAction","target":{"@type":"EntryPoint","urlTemplate":"https:\/\/shanghepanel.com\/?s={search_term_string}"},"query-input":{"@type":"PropertyValueSpecification","valueRequired":true,"valueName":"search_term_string"}}],"inLanguage":"de"},{"@type":"Organization","@id":"https:\/\/shanghepanel.com\/#organization","name":"Shandong ShangHe Neubauingenieurgesellschaft mbH","url":"https:\/\/shanghepanel.com\/","logo":{"@type":"ImageObject","inLanguage":"de","@id":"https:\/\/shanghepanel.com\/#\/schema\/logo\/image\/","url":"https:\/\/shanghepanel.com\/wp-content\/uploads\/2024\/03\/logo-1.png","contentUrl":"https:\/\/shanghepanel.com\/wp-content\/uploads\/2024\/03\/logo-1.png","width":800,"height":800,"caption":"Shandong ShangHe New Construction Engineering Co., ltd."},"image":{"@id":"https:\/\/shanghepanel.com\/#\/schema\/logo\/image\/"}}]}},"_links":{"self":[{"href":"https:\/\/shanghepanel.com\/de\/wp-json\/wp\/v2\/product\/4986","targetHints":{"allow":["GET"]}}],"collection":[{"href":"https:\/\/shanghepanel.com\/de\/wp-json\/wp\/v2\/product"}],"about":[{"href":"https:\/\/shanghepanel.com\/de\/wp-json\/wp\/v2\/types\/product"}],"replies":[{"embeddable":true,"href":"https:\/\/shanghepanel.com\/de\/wp-json\/wp\/v2\/comments?post=4986"}],"version-history":[{"count":0,"href":"https:\/\/shanghepanel.com\/de\/wp-json\/wp\/v2\/product\/4986\/revisions"}],"wp:featuredmedia":[{"embeddable":true,"href":"https:\/\/shanghepanel.com\/de\/wp-json\/wp\/v2\/media\/3732"}],"wp:attachment":[{"href":"https:\/\/shanghepanel.com\/de\/wp-json\/wp\/v2\/media?parent=4986"}],"wp:term":[{"taxonomy":"product_brand","embeddable":true,"href":"https:\/\/shanghepanel.com\/de\/wp-json\/wp\/v2\/product_brand?post=4986"},{"taxonomy":"product_cat","embeddable":true,"href":"https:\/\/shanghepanel.com\/de\/wp-json\/wp\/v2\/product_cat?post=4986"},{"taxonomy":"product_tag","embeddable":true,"href":"https:\/\/shanghepanel.com\/de\/wp-json\/wp\/v2\/product_tag?post=4986"}],"curies":[{"name":"wp","href":"https:\/\/api.w.org\/{rel}","templated":true}]}}