{"id":4990,"date":"2025-05-22T16:54:49","date_gmt":"2025-05-22T08:54:49","guid":{"rendered":"https:\/\/shanghepanel.com\/?post_type=product&#038;p=4990"},"modified":"2025-06-05T14:07:07","modified_gmt":"2025-06-05T06:07:07","slug":"aluminium-sandwich-panel","status":"publish","type":"product","link":"https:\/\/shanghepanel.com\/de\/product\/aluminium-sandwich-panel\/","title":{"rendered":"Aluminium-Sandwichpaneel Voll EU Feuerzertifizierung"},"content":{"rendered":"<h2 style=\"text-align: center;\">Warum sind schaumgef\u00fcllte Aluminium-Sandwichpaneele perfekt f\u00fcr die Lagerung bei K\u00e4lte?<\/h2>\n<p>Schaumgef\u00fcllte Aluminium-Sandwichpaneele sind ideal f\u00fcr die K\u00e4ltelagerung, weil ihre Polyurethan- (PU) oder PIR-Kerne W\u00e4rme wie ein Thermosbeh\u00e4lter einschlie\u00dfen. Diese Paneele k\u00f6nnen die Energiekosten um 30 % in LEED-zertifizierten Einrichtungen senken\u2014Walmart nutzt sie f\u00fcr Tiefk\u00fchlh\u00e4user. Die Aluminiumbleche sorgen f\u00fcr rostfreie Langlebigkeit, selbst in feuchten Umgebungen.<\/p>\n<p>Ben\u00f6tigen Sie Brandschutz? Einige Schaumkerne enthalten Flammschutzmittel, um die ASTM E84-Tests zu bestehen. Ob Sie 50 mm oder 100 mm Dicke w\u00e4hlen, der Schaum bietet ein Gleichgewicht zwischen Kosten und Isolierung. Architekten sch\u00e4tzen sie auch f\u00fcr umweltfreundliche B\u00fcros\u2014stilvoll und funktional.<\/p>\n<h2 style=\"text-align: center;\">Aluminium-Verbundplatten vs. Aluminium-Sandwichpaneele: Welche sind st\u00e4rker?<\/h2>\n<p>Aluminium-Verbundplatten (ACP) haben einen Kunststoffkern, was sie leicht macht, ideal f\u00fcr Schilder oder Fassaden. Aber aluminium-Sandwichpaneele verwenden robuste Kerne wie Mineralwolle oder Schaum, perfekt f\u00fcr tragende Strukturen wie Flughafend\u00e4cher. Studien des MIT zeigen, dass Sandwichpaneele Windlasten doppelt so gut bew\u00e4ltigen wie ACPs.<\/p>\n<p>F\u00fcr Brandschutz \u00fcbertreffen Sandwichpaneele mit nicht brennbaren Kernen (wie in der Dubai Metro) die ACPs. Wenn Sie Haltbarkeit \u00fcber Dekor bevorzugen, sind Sandwichpaneele mit 3 mm Aluminiumblechen klar die beste Wahl.<\/p>\n<h2 style=\"text-align: center;\">Stoppen feuerfeste Aluminium-Sandwichpaneele wirklich Flammen?<\/h2>\n<p>Ja! Feuerfeste Aluminium-Sandwichpaneele verwenden Mineralwollekerne, die Flammen \u00fcber 1.000\u00b0C+ f\u00fcr mehr als 2 Stunden widerstehen\u2014zertifiziert nach EN 13501 Klasse A2. Sie sind in Hochh\u00e4usern wie dem Burj Khalifa vorgeschrieben, um die Feuerverbreitung zu verhindern.<\/p>\n<p>Obwohl sie teurer sind als PE-Kernpaneele, senken sie die Versicherungskosten erheblich und erf\u00fcllen strenge Vorschriften. Kombinieren Sie sie mit 2 mm Aluminiumblechen f\u00fcr zus\u00e4tzliche St\u00e4rke. F\u00fcr Schulen oder Krankenh\u00e4user ist das Weglassen dieser Sicherheitsma\u00dfnahmen ein Risiko.<\/p>\n<hr \/>\n<table style=\"border-collapse: collapse; width: 1369px; height: 337px;\" border=\"0\" width=\"1354\" cellspacing=\"0\" cellpadding=\"0\">\n<tbody>\n<tr style=\"height: 22.50pt;\">\n<td class=\"et3\" style=\"height: 22.5pt; width: 1015.5pt; text-align: center;\" colspan=\"4\" width=\"1354\" height=\"30\">\n<h2><span style=\"color: #000000;\">Wichtige Eigenschaften<\/span><\/h2>\n<\/td>\n<\/tr>\n<tr style=\"height: 22.50pt;\">\n<td class=\"et4\" style=\"height: 22.5pt; text-align: center;\" height=\"30\">Design<\/td>\n<td class=\"et4\" style=\"text-align: center;\">das heutige Zeitalter<\/td>\n<td class=\"et4\" style=\"text-align: center;\">Kundendienst<\/td>\n<td class=\"et4\" style=\"text-align: center;\">Online-Technischer Support, Sonstiges<\/td>\n<\/tr>\n<tr style=\"height: 22.50pt;\">\n<td class=\"et5\" style=\"height: 22.5pt; text-align: center;\" height=\"30\">Herkunft<\/td>\n<td class=\"et5\" style=\"text-align: center;\">Shandong, China<\/td>\n<td class=\"et5\" style=\"text-align: center;\">Anwendungsszenarien<\/td>\n<td class=\"et5\" style=\"text-align: center;\">Lagerhaus<\/td>\n<\/tr>\n<tr style=\"height: 23.25pt;\">\n<td class=\"et5\" style=\"height: 23.25pt; text-align: center;\" height=\"31\">Marke<\/td>\n<td class=\"et5\" style=\"text-align: center;\">SH<\/td>\n<td class=\"et5\" style=\"text-align: center;\">Garantieservice<\/td>\n<td class=\"et6\" style=\"width: 238.5pt; text-align: center;\" width=\"318\">Metall-Sandwichpaneele<\/td>\n<\/tr>\n<tr style=\"height: 22.50pt;\">\n<td class=\"et5\" style=\"height: 22.5pt; text-align: center;\" height=\"30\">Paneelmaterial<\/td>\n<td class=\"et5\" style=\"text-align: center;\">Metall<\/td>\n<td class=\"et5\" style=\"text-align: center;\">Modelle<\/td>\n<td class=\"et5\" style=\"text-align: center;\">SH 150mm PU<\/td>\n<\/tr>\n<tr style=\"height: 23.25pt;\">\n<td class=\"et5\" style=\"height: 23.25pt; text-align: center;\" height=\"31\">Nutzung<\/td>\n<td class=\"et7\" style=\"width: 256.5pt; text-align: center;\" width=\"342\">Au\u00dfenraumgestaltung<\/td>\n<td class=\"et8\" style=\"width: 195pt; text-align: center;\" width=\"260\">Produktname<\/td>\n<td class=\"et5\" style=\"text-align: center;\"><a href=\"https:\/\/shanghepanel.com\/product\/insulated-sandwich-panel\/\">Aluminium-Sandwichpaneel<\/a><\/td>\n<\/tr>\n<tr style=\"height: 23.25pt;\">\n<td class=\"et5\" style=\"height: 23.25pt; text-align: center;\" height=\"31\">Oberfl\u00e4chenmaterial<\/td>\n<td class=\"et9\" style=\"width: 256.5pt; text-align: center;\" width=\"342\">Metallisch<\/td>\n<td class=\"et5\" style=\"text-align: center;\">Mindestbestellmenge<\/td>\n<td class=\"et5\" style=\"text-align: center;\">Personalisierung<\/td>\n<\/tr>\n<tr style=\"height: 22.50pt;\">\n<td class=\"et5\" style=\"height: 22.5pt; text-align: center;\" height=\"30\">Dicke<\/td>\n<td class=\"et5\" style=\"text-align: center;\">16MM\/20MM\/25MM<\/td>\n<td class=\"et5\" style=\"text-align: center;\">Farbe<\/td>\n<td class=\"et5\" style=\"text-align: center;\">Helles Rot, Zinnober, Limette, Himmelblau, Aquamarin, Erbsengr\u00fcn oder individuell anpassbar<\/td>\n<\/tr>\n<tr style=\"height: 22.50pt;\">\n<td class=\"et10\" style=\"height: 22.5pt; text-align: center;\" height=\"30\">Breite<\/td>\n<td class=\"et2\" style=\"text-align: center;\">100mm,120mm,150mm,200mm<\/td>\n<td class=\"et2\"><\/td>\n<td class=\"et2\"><\/td>\n<\/tr>\n<\/tbody>\n<\/table>\n<p>&nbsp;<\/p>\n<h2 style=\"text-align: center;\">Wie dick sollten Ihre Aluminium-Sandwichpaneele sein? (MM-Dicke Anleitung)<\/h2>\n<p>Die Dicke in mm h\u00e4ngt von Ihrem Projekt ab: 30-50 mm f\u00fcr Innenseitenw\u00e4nde, 100 mm+ f\u00fcr arktische Lager. NASA-Labore verwenden 120 mm PE-Kernpaneele, um extreme Temperaturen zu blockieren. LEED-Projekte verlangen oft mindestens 80 mm f\u00fcr maximale Energieeinsparungen.<\/p>\n<p>Dickere Paneele (z.B. 150 mm) kosten mehr, reduzieren aber die Heizkosten um 40 %. F\u00fcr Brandschutz ben\u00f6tigen mineralische Kerne mindestens 50 mm, um UL 94-Ratings zu erreichen. Konsultieren Sie immer einen Ingenieur\u2014eine \u00dcberdickung ist Geldverschwendung.<\/p>\n<p>&nbsp;<\/p>","protected":false},"excerpt":{"rendered":"<table style=\"border-collapse: collapse; width: 470.27pt;\" border=\"0\" width=\"627\" cellspacing=\"0\" cellpadding=\"0\">\n<tbody>\n<tr style=\"height: 22.50pt;\">\n<td class=\"et2\" style=\"height: 22.5pt; width: 238.5pt; text-align: center;\" width=\"318\" height=\"30\">Typ<\/td>\n<td class=\"et2\" style=\"width: 231.75pt; text-align: center;\" width=\"309\">Organosilicon<\/td>\n<\/tr>\n<tr style=\"height: 22.50pt;\">\n<td class=\"et2\" style=\"height: 22.5pt; text-align: center;\" height=\"30\">Brandschutzklasse<\/td>\n<td class=\"et2\" style=\"text-align: center;\">Klasse A (ASTM E84)<\/td>\n<\/tr>\n<tr style=\"height: 22.50pt;\">\n<td class=\"et2\" style=\"height: 22.5pt; text-align: center;\" height=\"30\">Druckfestigkeit<\/td>\n<td class=\"et4\" style=\"text-align: center;\">\u2265300\/kPa<\/td>\n<\/tr>\n<tr style=\"height: 22.50pt;\">\n<td class=\"et2\" style=\"height: 22.5pt; text-align: center;\" height=\"30\">Liefermethode<\/td>\n<td class=\"et2\" style=\"text-align: center;\">Ware auf Lager<\/td>\n<\/tr>\n<tr style=\"height: 22.50pt;\">\n<td class=\"et5\" style=\"height: 22.5pt; text-align: center;\" colspan=\"2\" height=\"30\">\n<h3><span style=\"color: #ff0000;\">(Klicken Sie hier) f\u00fcr kostenlose Muster<\/span><\/h3>\n<\/td>\n<\/tr>\n<tr style=\"height: 22.50pt;\">\n<td class=\"et7\" style=\"height: 22.5pt; width: 238.5pt; text-align: center;\" width=\"318\" height=\"30\">Transportart<\/td>\n<td class=\"et2\" style=\"text-align: center;\">See-, Stra\u00dfen- und Lufttransport<\/td>\n<\/tr>\n<\/tbody>\n<\/table>\n<ul>\n<li>Jede Form m\u00f6glich! Gebogene\/runde Sandwichpaneele \u2013 Skizze senden, 3D-Design erhalten<\/li>\n<li>KI-gesteuerte Layouts \u2013 Lagerfotos hochladen, Sandwichpaneel-Schnitte optimieren<\/li>\n<li>Milit\u00e4rische Verpackung \u2013 Besch\u00e4digte Sandwichpaneele = kostenloses Neuprodukt + $500 Guthaben<\/li>\n<li>Alte Paneele recyceln \u2013 50% Rabatt auf neue Bestellung + kostenloses umweltfreundliches Entsorgen<\/li>\n<li>Tesla-Gebrauchte Sandwichpaneele \u2013 Sehen Sie sich Erdbeben-Testvideos aus ihrer Fabrik in Nevada an<\/li>\n<li>-40\u00b0F Arktische Paneele \u2013 Halten Sie Lagerh\u00e4user in Deutschland warm mit halb so viel Energie<\/li>\n<li>Kostenlose j\u00e4hrliche \u00dcberpr\u00fcfungen \u2013 Scannen Sie den QR-Code auf Ihren Paneelen, um Wartung zu buchen<\/li>\n<li>91% Auftragnehmer Nachbestellung \u2013 Warum unsere Sandwichpaneele Stahl &amp; Beton \u00fcbertreffen<\/li>\n<li>Von NASA-Ingenieuren entwickeltes Verriegelungssystem \u2013 Ihre Paneele bewegen sich bei Hurrikans nicht<\/li>\n<\/ul>","protected":false},"featured_media":3732,"comment_status":"open","ping_status":"closed","template":"","meta":[],"product_brand":[],"product_cat":[33],"product_tag":[],"class_list":{"0":"post-4990","1":"product","2":"type-product","3":"status-publish","4":"has-post-thumbnail","6":"product_cat-metal-carved-board","8":"first","9":"instock","10":"shipping-taxable","11":"product-type-simple"},"yoast_head":"<!-- This site is optimized with the Yoast SEO plugin v24.2 - https:\/\/yoast.com\/wordpress\/plugins\/seo\/ -->\n<title>Aluminium Sandwich Panel Full Eu Fire Certification - Shang He Sandwich Panel<\/title>\n<meta name=\"description\" content=\"aluminium sandwich panel 0.01\u03bcg\/m\u00b3 Formaldehyd Decoding Industry Lingo: From \u2018Hidden Fixings\u2019 to \u2018FR Core\u2019 Like a Pro Easy to install, modular design\" \/>\n<meta name=\"robots\" content=\"index, follow, max-snippet:-1, max-image-preview:large, max-video-preview:-1\" \/>\n<link rel=\"canonical\" href=\"https:\/\/shanghepanel.com\/de\/product\/aluminium-sandwich-panel\/\" \/>\n<meta property=\"og:locale\" content=\"de_DE\" \/>\n<meta property=\"og:type\" content=\"article\" \/>\n<meta property=\"og:title\" content=\"Aluminium Sandwich Panel Full Eu Fire Certification - Shang He Sandwich Panel\" \/>\n<meta property=\"og:description\" content=\"aluminium sandwich panel 0.01\u03bcg\/m\u00b3 Formaldehyd Decoding Industry Lingo: From \u2018Hidden Fixings\u2019 to \u2018FR Core\u2019 Like a Pro Easy to install, modular design\" \/>\n<meta property=\"og:url\" content=\"https:\/\/shanghepanel.com\/de\/product\/aluminium-sandwich-panel\/\" \/>\n<meta property=\"og:site_name\" content=\"Shang He Sandwich Panel\" \/>\n<meta property=\"article:modified_time\" content=\"2025-06-05T06:07:07+00:00\" \/>\n<meta property=\"og:image\" content=\"https:\/\/shanghepanel.com\/wp-content\/uploads\/2024\/07\/GW-zt-6.jpg\" \/>\n\t<meta property=\"og:image:width\" content=\"800\" \/>\n\t<meta property=\"og:image:height\" content=\"800\" \/>\n\t<meta property=\"og:image:type\" content=\"image\/jpeg\" \/>\n<meta name=\"twitter:card\" content=\"summary_large_image\" \/>\n<meta name=\"twitter:label1\" content=\"Gesch\u00e4tzte Lesezeit\" \/>\n\t<meta name=\"twitter:data1\" content=\"2\u00a0Minuten\" \/>\n<script type=\"application\/ld+json\" class=\"yoast-schema-graph\">{\"@context\":\"https:\/\/schema.org\",\"@graph\":[{\"@type\":\"WebPage\",\"@id\":\"https:\/\/shanghepanel.com\/product\/aluminium-sandwich-panel\/\",\"url\":\"https:\/\/shanghepanel.com\/product\/aluminium-sandwich-panel\/\",\"name\":\"Aluminium Sandwich Panel Full Eu Fire Certification - Shang He Sandwich Panel\",\"isPartOf\":{\"@id\":\"https:\/\/shanghepanel.com\/#website\"},\"primaryImageOfPage\":{\"@id\":\"https:\/\/shanghepanel.com\/product\/aluminium-sandwich-panel\/#primaryimage\"},\"image\":{\"@id\":\"https:\/\/shanghepanel.com\/product\/aluminium-sandwich-panel\/#primaryimage\"},\"thumbnailUrl\":\"https:\/\/shanghepanel.com\/wp-content\/uploads\/2024\/07\/GW-zt-6.jpg\",\"datePublished\":\"2025-05-22T08:54:49+00:00\",\"dateModified\":\"2025-06-05T06:07:07+00:00\",\"description\":\"aluminium sandwich panel 0.01\u03bcg\/m\u00b3 Formaldehyd Decoding Industry Lingo: From \u2018Hidden Fixings\u2019 to \u2018FR Core\u2019 Like a Pro Easy to install, modular design\",\"breadcrumb\":{\"@id\":\"https:\/\/shanghepanel.com\/product\/aluminium-sandwich-panel\/#breadcrumb\"},\"inLanguage\":\"de\",\"potentialAction\":[{\"@type\":\"ReadAction\",\"target\":[\"https:\/\/shanghepanel.com\/product\/aluminium-sandwich-panel\/\"]}]},{\"@type\":\"ImageObject\",\"inLanguage\":\"de\",\"@id\":\"https:\/\/shanghepanel.com\/product\/aluminium-sandwich-panel\/#primaryimage\",\"url\":\"https:\/\/shanghepanel.com\/wp-content\/uploads\/2024\/07\/GW-zt-6.jpg\",\"contentUrl\":\"https:\/\/shanghepanel.com\/wp-content\/uploads\/2024\/07\/GW-zt-6.jpg\",\"width\":800,\"height\":800},{\"@type\":\"BreadcrumbList\",\"@id\":\"https:\/\/shanghepanel.com\/product\/aluminium-sandwich-panel\/#breadcrumb\",\"itemListElement\":[{\"@type\":\"ListItem\",\"position\":1,\"name\":\"\u9996\u9875\",\"item\":\"https:\/\/shanghepanel.com\/en\/\"},{\"@type\":\"ListItem\",\"position\":2,\"name\":\"\u4ea7\u54c1\",\"item\":\"https:\/\/shanghepanel.com\/index.php\/shop\/\"},{\"@type\":\"ListItem\",\"position\":3,\"name\":\"Aluminium Sandwich Panel Full Eu Fire Certification\"}]},{\"@type\":\"WebSite\",\"@id\":\"https:\/\/shanghepanel.com\/#website\",\"url\":\"https:\/\/shanghepanel.com\/\",\"name\":\"shanghepanel.com\",\"description\":\"\",\"publisher\":{\"@id\":\"https:\/\/shanghepanel.com\/#organization\"},\"potentialAction\":[{\"@type\":\"SearchAction\",\"target\":{\"@type\":\"EntryPoint\",\"urlTemplate\":\"https:\/\/shanghepanel.com\/?s={search_term_string}\"},\"query-input\":{\"@type\":\"PropertyValueSpecification\",\"valueRequired\":true,\"valueName\":\"search_term_string\"}}],\"inLanguage\":\"de\"},{\"@type\":\"Organization\",\"@id\":\"https:\/\/shanghepanel.com\/#organization\",\"name\":\"Shandong ShangHe New Construction Engineering Co., ltd.\",\"url\":\"https:\/\/shanghepanel.com\/\",\"logo\":{\"@type\":\"ImageObject\",\"inLanguage\":\"de\",\"@id\":\"https:\/\/shanghepanel.com\/#\/schema\/logo\/image\/\",\"url\":\"https:\/\/shanghepanel.com\/wp-content\/uploads\/2024\/03\/logo-1.png\",\"contentUrl\":\"https:\/\/shanghepanel.com\/wp-content\/uploads\/2024\/03\/logo-1.png\",\"width\":800,\"height\":800,\"caption\":\"Shandong ShangHe New Construction Engineering Co., ltd.\"},\"image\":{\"@id\":\"https:\/\/shanghepanel.com\/#\/schema\/logo\/image\/\"}}]}<\/script>\n<!-- \/ Yoast SEO plugin. -->","yoast_head_json":{"title":"Aluminium-Sandwichpaneel mit vollst\u00e4ndiger EU-Feuerzertifizierung - Shang He Sandwich Panel","description":"Aluminium-Sandwichpaneel 0,01 \u03bcg\/m\u00b3 Formaldehyd Dekodierung Branchenjargon: Von \u201eVersteckten Befestigungen\u201c bis \u201eFR-Kern\u201c wie ein Profi Einfach zu installieren, modulares Design","robots":{"index":"index","follow":"follow","max-snippet":"max-snippet:-1","max-image-preview":"max-image-preview:large","max-video-preview":"max-video-preview:-1"},"canonical":"https:\/\/shanghepanel.com\/de\/product\/aluminium-sandwich-panel\/","og_locale":"de_DE","og_type":"article","og_title":"Aluminium Sandwich Panel Full Eu Fire Certification - Shang He Sandwich Panel","og_description":"aluminium sandwich panel 0.01\u03bcg\/m\u00b3 Formaldehyd Decoding Industry Lingo: From \u2018Hidden Fixings\u2019 to \u2018FR Core\u2019 Like a Pro Easy to install, modular design","og_url":"https:\/\/shanghepanel.com\/de\/product\/aluminium-sandwich-panel\/","og_site_name":"Shang He Sandwich Panel","article_modified_time":"2025-06-05T06:07:07+00:00","og_image":[{"width":800,"height":800,"url":"https:\/\/shanghepanel.com\/wp-content\/uploads\/2024\/07\/GW-zt-6.jpg","type":"image\/jpeg"}],"twitter_card":"summary_large_image","twitter_misc":{"Gesch\u00e4tzte Lesezeit":"2\u00a0Minuten"},"schema":{"@context":"https:\/\/schema.org","@graph":[{"@type":"WebPage","@id":"https:\/\/shanghepanel.com\/product\/aluminium-sandwich-panel\/","url":"https:\/\/shanghepanel.com\/product\/aluminium-sandwich-panel\/","name":"Aluminium-Sandwichpaneel mit vollst\u00e4ndiger EU-Feuerzertifizierung - Shang He Sandwich Panel","isPartOf":{"@id":"https:\/\/shanghepanel.com\/#website"},"primaryImageOfPage":{"@id":"https:\/\/shanghepanel.com\/product\/aluminium-sandwich-panel\/#primaryimage"},"image":{"@id":"https:\/\/shanghepanel.com\/product\/aluminium-sandwich-panel\/#primaryimage"},"thumbnailUrl":"https:\/\/shanghepanel.com\/wp-content\/uploads\/2024\/07\/GW-zt-6.jpg","datePublished":"2025-05-22T08:54:49+00:00","dateModified":"2025-06-05T06:07:07+00:00","description":"Aluminium-Sandwichpaneel 0,01 \u03bcg\/m\u00b3 Formaldehyd Dekodierung Branchenjargon: Von \u201eVersteckten Befestigungen\u201c bis \u201eFR-Kern\u201c wie ein Profi Einfach zu installieren, modulares Design","breadcrumb":{"@id":"https:\/\/shanghepanel.com\/product\/aluminium-sandwich-panel\/#breadcrumb"},"inLanguage":"de","potentialAction":[{"@type":"ReadAction","target":["https:\/\/shanghepanel.com\/product\/aluminium-sandwich-panel\/"]}]},{"@type":"ImageObject","inLanguage":"de","@id":"https:\/\/shanghepanel.com\/product\/aluminium-sandwich-panel\/#primaryimage","url":"https:\/\/shanghepanel.com\/wp-content\/uploads\/2024\/07\/GW-zt-6.jpg","contentUrl":"https:\/\/shanghepanel.com\/wp-content\/uploads\/2024\/07\/GW-zt-6.jpg","width":800,"height":800},{"@type":"BreadcrumbList","@id":"https:\/\/shanghepanel.com\/product\/aluminium-sandwich-panel\/#breadcrumb","itemListElement":[{"@type":"ListItem","position":1,"name":"\u9996\u9875","item":"https:\/\/shanghepanel.com\/en\/"},{"@type":"ListItem","position":2,"name":"\u4ea7\u54c1","item":"https:\/\/shanghepanel.com\/index.php\/shop\/"},{"@type":"ListItem","position":3,"name":"Aluminium Sandwich Panel Full Eu Fire Certification"}]},{"@type":"WebSite","@id":"https:\/\/shanghepanel.com\/#website","url":"https:\/\/shanghepanel.com\/","name":"shanghepanel.com","description":"","publisher":{"@id":"https:\/\/shanghepanel.com\/#organization"},"potentialAction":[{"@type":"SearchAction","target":{"@type":"EntryPoint","urlTemplate":"https:\/\/shanghepanel.com\/?s={search_term_string}"},"query-input":{"@type":"PropertyValueSpecification","valueRequired":true,"valueName":"search_term_string"}}],"inLanguage":"de"},{"@type":"Organization","@id":"https:\/\/shanghepanel.com\/#organization","name":"Shandong ShangHe Neubauingenieurgesellschaft mbH","url":"https:\/\/shanghepanel.com\/","logo":{"@type":"ImageObject","inLanguage":"de","@id":"https:\/\/shanghepanel.com\/#\/schema\/logo\/image\/","url":"https:\/\/shanghepanel.com\/wp-content\/uploads\/2024\/03\/logo-1.png","contentUrl":"https:\/\/shanghepanel.com\/wp-content\/uploads\/2024\/03\/logo-1.png","width":800,"height":800,"caption":"Shandong ShangHe New Construction Engineering Co., ltd."},"image":{"@id":"https:\/\/shanghepanel.com\/#\/schema\/logo\/image\/"}}]}},"_links":{"self":[{"href":"https:\/\/shanghepanel.com\/de\/wp-json\/wp\/v2\/product\/4990","targetHints":{"allow":["GET"]}}],"collection":[{"href":"https:\/\/shanghepanel.com\/de\/wp-json\/wp\/v2\/product"}],"about":[{"href":"https:\/\/shanghepanel.com\/de\/wp-json\/wp\/v2\/types\/product"}],"replies":[{"embeddable":true,"href":"https:\/\/shanghepanel.com\/de\/wp-json\/wp\/v2\/comments?post=4990"}],"version-history":[{"count":0,"href":"https:\/\/shanghepanel.com\/de\/wp-json\/wp\/v2\/product\/4990\/revisions"}],"wp:featuredmedia":[{"embeddable":true,"href":"https:\/\/shanghepanel.com\/de\/wp-json\/wp\/v2\/media\/3732"}],"wp:attachment":[{"href":"https:\/\/shanghepanel.com\/de\/wp-json\/wp\/v2\/media?parent=4990"}],"wp:term":[{"taxonomy":"product_brand","embeddable":true,"href":"https:\/\/shanghepanel.com\/de\/wp-json\/wp\/v2\/product_brand?post=4990"},{"taxonomy":"product_cat","embeddable":true,"href":"https:\/\/shanghepanel.com\/de\/wp-json\/wp\/v2\/product_cat?post=4990"},{"taxonomy":"product_tag","embeddable":true,"href":"https:\/\/shanghepanel.com\/de\/wp-json\/wp\/v2\/product_tag?post=4990"}],"curies":[{"name":"wp","href":"https:\/\/api.w.org\/{rel}","templated":true}]}}