{"id":5003,"date":"2025-05-23T17:48:55","date_gmt":"2025-05-23T09:48:55","guid":{"rendered":"https:\/\/shanghepanel.com\/?post_type=product&#038;p=5003"},"modified":"2025-06-05T14:06:10","modified_gmt":"2025-06-05T06:06:10","slug":"aluminum-sandwich-panels","status":"publish","type":"product","link":"https:\/\/shanghepanel.com\/de\/product\/aluminum-sandwich-panels\/","title":{"rendered":"Aluminium-Sandwichpaneele ASTM getestet"},"content":{"rendered":"<h2 style=\"text-align: center;\"><strong>Wie Verbundpaneele die moderne Bauweise revolutionieren<\/strong><\/h2>\n<p class=\"ds-markdown-paragraph\"><span>Verbundpaneele ver\u00e4ndern die Baubranche, indem sie eine Mischung aus Haltbarkeit und Designflexibilit\u00e4t bieten. Im Gegensatz zu traditionellen Materialien kombinieren Aluminium-Verbundpaneele (ACP) leichte Aluminiumbleche mit Kernschichten wie Polyethylen (PE), wodurch Strukturen entstehen, die Verformung und Witterung widerstehen. Zum Beispiel verwenden LEED-zertifizierte Projekte h\u00e4ufig ACPs wegen ihrer Energieeffizienz und Recyclingf\u00e4higkeit. Architekten sch\u00e4tzen, wie diese Paneele ihre Oberfl\u00e4che jahrzehntelang erhalten, selbst in K\u00fcstenregionen, die Salzspr\u00fchneigung aufweisen. Ob Wolkenkratzer oder Einzelhandelsgesch\u00e4ft, Verbundpaneele bieten hohe Leistung ohne Kompromisse bei der \u00c4sthetik.<\/span><\/p>\n<h3 style=\"text-align: center;\"><strong>Die verborgenen St\u00e4rken der Sandwichpaneel-Technologie<\/strong><\/h3>\n<p class=\"ds-markdown-paragraph\"><span>Sandwichpaneele sind nicht nur Materialschichten \u2013 sie sind f\u00fcr maximale St\u00e4rke ausgelegt. Im Kern wirken Materialien wie Mineralwolle oder PE-Schaum als Isolatoren, w\u00e4hrend Aluminiumbleche an der Au\u00dfenseite schwere Lasten und raues Wetter bew\u00e4ltigen. Man kann sie als das \u201eSicherungsnetz\u201c der Geb\u00e4udeh\u00fcllen betrachten. Eine Studie des MIT aus dem Jahr 2021 zeigte, wie das Design von Sandwichpaneelen die Energiekosten in Gewerbegeb\u00e4uden um bis zu 30 % senkt. Von Flughafenterminals bis zu K\u00fchlh\u00e4usern sind diese Paneele darauf ausgelegt, Einzel-Schicht-Alternativen zu \u00fcbertreffen.<\/span><\/p>\n<hr \/>\n<table style=\"border-collapse: collapse; width: 1369px; height: 337px;\" border=\"0\" width=\"1354\" cellspacing=\"0\" cellpadding=\"0\">\n<tbody>\n<tr style=\"height: 22.50pt;\">\n<td class=\"et3\" style=\"height: 22.5pt; width: 1015.5pt; text-align: center;\" colspan=\"4\" width=\"1354\" height=\"30\">\n<h3><span style=\"color: #000000;\">Wichtige Eigenschaften<\/span><\/h3>\n<\/td>\n<\/tr>\n<tr style=\"height: 22.50pt;\">\n<td class=\"et4\" style=\"height: 22.5pt; text-align: center;\" height=\"30\">Design<\/td>\n<td class=\"et4\" style=\"text-align: center;\">das heutige Zeitalter<\/td>\n<td class=\"et4\" style=\"text-align: center;\">Kundendienst<\/td>\n<td class=\"et4\" style=\"text-align: center;\">Online-Technischer Support, Sonstiges<\/td>\n<\/tr>\n<tr style=\"height: 22.50pt;\">\n<td class=\"et5\" style=\"height: 22.5pt; text-align: center;\" height=\"30\">Herkunft<\/td>\n<td class=\"et5\" style=\"text-align: center;\">Shandong, China<\/td>\n<td class=\"et5\" style=\"text-align: center;\">Anwendungsszenarien<\/td>\n<td class=\"et5\" style=\"text-align: center;\">Lagerhaus<\/td>\n<\/tr>\n<tr style=\"height: 23.25pt;\">\n<td class=\"et5\" style=\"height: 23.25pt; text-align: center;\" height=\"31\">Marke<\/td>\n<td class=\"et5\" style=\"text-align: center;\">SH<\/td>\n<td class=\"et5\" style=\"text-align: center;\">Garantieservice<\/td>\n<td class=\"et6\" style=\"width: 238.5pt; text-align: center;\" width=\"318\">Metall-Sandwichpaneele<\/td>\n<\/tr>\n<tr style=\"height: 22.50pt;\">\n<td class=\"et5\" style=\"height: 22.5pt; text-align: center;\" height=\"30\">Paneelmaterial<\/td>\n<td class=\"et5\" style=\"text-align: center;\">Metall<\/td>\n<td class=\"et5\" style=\"text-align: center;\">Modelle<\/td>\n<td class=\"et5\" style=\"text-align: center;\">SH 150mm PU<\/td>\n<\/tr>\n<tr style=\"height: 23.25pt;\">\n<td class=\"et5\" style=\"height: 23.25pt; text-align: center;\" height=\"31\">Nutzung<\/td>\n<td class=\"et7\" style=\"width: 256.5pt; text-align: center;\" width=\"342\">Au\u00dfenraumgestaltung<\/td>\n<td class=\"et8\" style=\"width: 195pt; text-align: center;\" width=\"260\">Produktname<\/td>\n<td class=\"et5\" style=\"text-align: center;\">Aluminium-Sandwichpaneele<\/td>\n<\/tr>\n<tr style=\"height: 23.25pt;\">\n<td class=\"et5\" style=\"height: 23.25pt; text-align: center;\" height=\"31\">Oberfl\u00e4chenmaterial<\/td>\n<td class=\"et9\" style=\"width: 256.5pt; text-align: center;\" width=\"342\">Metallisch<\/td>\n<td class=\"et5\" style=\"text-align: center;\">Mindestbestellmenge<\/td>\n<td class=\"et5\" style=\"text-align: center;\">Personalisierung<\/td>\n<\/tr>\n<tr style=\"height: 22.50pt;\">\n<td class=\"et5\" style=\"height: 22.5pt; text-align: center;\" height=\"30\">Dicke<\/td>\n<td class=\"et5\" style=\"text-align: center;\">16MM\/20MM\/25MM<\/td>\n<td class=\"et5\" style=\"text-align: center;\">Farbe<\/td>\n<td class=\"et5\" style=\"text-align: center;\">Helles Rot, Zinnober, Limette, Himmelblau, Aquamarin, Erbsengr\u00fcn oder individuell anpassbar<\/td>\n<\/tr>\n<tr style=\"height: 22.50pt;\">\n<td class=\"et10\" style=\"height: 22.5pt; text-align: center;\" height=\"30\">Breite<\/td>\n<td class=\"et2\" style=\"text-align: center;\">100mm,120mm,150mm,200mm<\/td>\n<td class=\"et2\"><\/td>\n<td class=\"et2\"><\/td>\n<\/tr>\n<\/tbody>\n<\/table>\n<h4 style=\"text-align: center;\"><span style=\"color: #000000;\"><strong>Warum hochwertige Aluminiumpaneele jeden Cent wert sind<\/strong><\/span><\/h4>\n<p class=\"ds-markdown-paragraph\"><span>Hochwertige Aluminium-Sandwichpaneele sind eine Investition, keine Ausgabe. Billige Nachahmungen sparen zwar anfangs Geld, rei\u00dfen aber bei UV-Belastung oder Falten. Premium-Paneele, wie solche mit PVDF-Beschichtung, bleiben \u00fcber 20 Jahre lebendig und sto\u00dffest. Das Burj Khalifa beispielsweise verwendet erstklassige Aluminium-Verbundmaterialien f\u00fcr die Fassade, um der extremen Hitze in Dubai standzuhalten. F\u00fcr Projekte, bei denen Langlebigkeit entscheidend ist, ist kein Abk\u00fcrzen erlaubt.<\/span><\/p>\n<hr \/>\n<h5 style=\"text-align: center;\"><strong>Wetterbest\u00e4ndiges Aluminium: \u00dcberlebensausr\u00fcstung f\u00fcr Geb\u00e4ude<\/strong><\/h5>\n<p class=\"ds-markdown-paragraph\"><span>Wenn Ihr Geb\u00e4ude Hurrikans, Schneest\u00fcrmen oder sengender Sonne ausgesetzt ist, sind wetterbest\u00e4ndige Aluminiumpaneele ein Muss. Diese Paneele verwenden eine patentierte Legierung (wie AluGuard\u2122), um Oxidation und Verblassen zu verhindern. In Berlin, wo Hurrikans selten sind, schw\u00f6ren Bauunternehmer auf ihre F\u00e4higkeit, Windgeschwindigkeiten von 150 km\/h ohne Verformung zu widerstehen. Au\u00dferdem schrecken ihre pulverbeschichteten Oberfl\u00e4chen Feuchtigkeit ab, sodass Schimmel und Rost kein Thema sind.<\/span><\/p>\n<p class=\"ds-markdown-paragraph\">\n<hr \/>\n<h3 style=\"text-align: center;\"><strong>Korrosionsbest\u00e4ndige Paneele: Das Geheimnis langlebiger Fassaden<\/strong><\/h3>\n<p><span>Salzwasser, saurer Regen und Umweltverschmutzung greifen gew\u00f6hnliche Metalle an \u2013 nicht jedoch korrosionsbest\u00e4ndige Aluminium-Verbundpaneele. Marken wie Alucobond\u00ae verwenden eine Chrombehandlung, um eine Barriere gegen chemische Sch\u00e4den zu schaffen. Das Opernhaus Sydney, das t\u00e4glich salzhaltiger Meeresluft ausgesetzt ist, nutzt \u00e4hnliche Technologien, um sein ikonisches Aussehen zu bewahren. F\u00fcr Fabriken oder K\u00fcstenvillen sind diese Paneele wie eine integrierte Versicherung.<\/span><\/p>","protected":false},"excerpt":{"rendered":"<table style=\"border-collapse: collapse; width: 470.27pt;\" border=\"0\" width=\"627\" cellspacing=\"0\" cellpadding=\"0\">\n<tbody>\n<tr style=\"height: 22.50pt;\">\n<td class=\"et2\" style=\"height: 22.5pt; width: 238.5pt; text-align: center;\" width=\"318\" height=\"30\">Typ<\/td>\n<td class=\"et2\" style=\"width: 231.75pt; text-align: center;\" width=\"309\">Organosilicon<\/td>\n<\/tr>\n<tr style=\"height: 22.50pt;\">\n<td class=\"et2\" style=\"height: 22.5pt; text-align: center;\" height=\"30\">Brandschutzklasse<\/td>\n<td class=\"et2\" style=\"text-align: center;\">Klasse A (ASTM E84)<\/td>\n<\/tr>\n<tr style=\"height: 22.50pt;\">\n<td class=\"et2\" style=\"height: 22.5pt; text-align: center;\" height=\"30\">Druckfestigkeit<\/td>\n<td class=\"et4\" style=\"text-align: center;\">\u2265300\/kPa<\/td>\n<\/tr>\n<tr style=\"height: 22.50pt;\">\n<td class=\"et2\" style=\"height: 22.5pt; text-align: center;\" height=\"30\">Liefermethode<\/td>\n<td class=\"et2\" style=\"text-align: center;\">Ware auf Lager<\/td>\n<\/tr>\n<tr style=\"height: 22.50pt;\">\n<td class=\"et5\" style=\"height: 22.5pt; text-align: center;\" colspan=\"2\" height=\"30\">\n<h3><span style=\"color: #ff0000;\">(Klicken Sie hier) f\u00fcr kostenlose Muster<\/span><\/h3>\n<\/td>\n<\/tr>\n<tr style=\"height: 22.50pt;\">\n<td class=\"et7\" style=\"height: 22.5pt; width: 238.5pt; text-align: center;\" width=\"318\" height=\"30\">Transportart<\/td>\n<td class=\"et2\" style=\"text-align: center;\">See-, Stra\u00dfen- und Lufttransport<\/td>\n<\/tr>\n<\/tbody>\n<\/table>\n<ul>\n<li>RoHS-Konformit\u00e4tsdokumente zum Download bereit \u2013 durchlaufen Sie den Zoll mit einem Klick!<\/li>\n<li>24-Stunden-Versand bei Standard-Sandwichpaneelen \u2013 Schneller als Bestellungen bei Baum\u00e4rkten!<\/li>\n<li>Snap-Fit Sandwichpaneele \u2013 1000 sqft in 3 Stunden installieren (Sehen Sie, wie unser Hund es macht!)<\/li>\n<li>UL-Feuerfeste Sandwichpaneele \u2013 Testvideos &amp; Zertifikate sofort herunterladen<\/li>\n<li>20-Jahres-Rostfrei-Garantie \u2013 Wir zahlen $1000, wenn Ihre Metall-Sandwichpaneele korrodieren<\/li>\n<li>Jede Form m\u00f6glich! Gebogene\/runde Sandwichpaneele \u2013 Skizze senden, 3D-Design erhalten<\/li>\n<li>KI-gesteuerte Layouts \u2013 Lagerfotos hochladen, Sandwichpaneel-Schnitte optimieren<\/li>\n<li>Milit\u00e4rische Verpackung \u2013 Besch\u00e4digte Sandwichpaneele = kostenloses Neuprodukt + $500 Guthaben<\/li>\n<\/ul>","protected":false},"featured_media":2265,"comment_status":"open","ping_status":"closed","template":"","meta":[],"product_brand":[],"product_cat":[33],"product_tag":[],"class_list":{"0":"post-5003","1":"product","2":"type-product","3":"status-publish","4":"has-post-thumbnail","6":"product_cat-metal-carved-board","8":"first","9":"instock","10":"shipping-taxable","11":"product-type-simple"},"yoast_head":"<!-- This site is optimized with the Yoast SEO plugin v24.2 - https:\/\/yoast.com\/wordpress\/plugins\/seo\/ -->\n<title>Aluminum Sandwich Panels Astm Tested - Shang He Sandwich Panel<\/title>\n<meta name=\"description\" content=\"aluminum sandwich panels 80% Faster Installation Easy to install, modular design, very simple when installing, to meet your different needs\" \/>\n<meta name=\"robots\" content=\"index, follow, max-snippet:-1, max-image-preview:large, max-video-preview:-1\" \/>\n<link rel=\"canonical\" href=\"https:\/\/shanghepanel.com\/de\/product\/aluminum-sandwich-panels\/\" \/>\n<meta property=\"og:locale\" content=\"de_DE\" \/>\n<meta property=\"og:type\" content=\"article\" \/>\n<meta property=\"og:title\" content=\"Aluminum Sandwich Panels Astm Tested - Shang He Sandwich Panel\" \/>\n<meta property=\"og:description\" content=\"aluminum sandwich panels 80% Faster Installation Easy to install, modular design, very simple when installing, to meet your different needs\" \/>\n<meta property=\"og:url\" content=\"https:\/\/shanghepanel.com\/de\/product\/aluminum-sandwich-panels\/\" \/>\n<meta property=\"og:site_name\" content=\"Shang He Sandwich Panel\" \/>\n<meta property=\"article:modified_time\" content=\"2025-06-05T06:06:10+00:00\" \/>\n<meta property=\"og:image\" content=\"https:\/\/shanghepanel.com\/wp-content\/uploads\/2024\/07\/RW-gc-193.jpg\" \/>\n\t<meta property=\"og:image:width\" content=\"800\" \/>\n\t<meta property=\"og:image:height\" content=\"800\" \/>\n\t<meta property=\"og:image:type\" content=\"image\/jpeg\" \/>\n<meta name=\"twitter:card\" content=\"summary_large_image\" \/>\n<meta name=\"twitter:label1\" content=\"Gesch\u00e4tzte Lesezeit\" \/>\n\t<meta name=\"twitter:data1\" content=\"3\u00a0Minuten\" \/>\n<script type=\"application\/ld+json\" class=\"yoast-schema-graph\">{\"@context\":\"https:\/\/schema.org\",\"@graph\":[{\"@type\":\"WebPage\",\"@id\":\"https:\/\/shanghepanel.com\/product\/aluminum-sandwich-panels\/\",\"url\":\"https:\/\/shanghepanel.com\/product\/aluminum-sandwich-panels\/\",\"name\":\"Aluminum Sandwich Panels Astm Tested - Shang He Sandwich Panel\",\"isPartOf\":{\"@id\":\"https:\/\/shanghepanel.com\/#website\"},\"primaryImageOfPage\":{\"@id\":\"https:\/\/shanghepanel.com\/product\/aluminum-sandwich-panels\/#primaryimage\"},\"image\":{\"@id\":\"https:\/\/shanghepanel.com\/product\/aluminum-sandwich-panels\/#primaryimage\"},\"thumbnailUrl\":\"https:\/\/shanghepanel.com\/wp-content\/uploads\/2024\/07\/RW-gc-193.jpg\",\"datePublished\":\"2025-05-23T09:48:55+00:00\",\"dateModified\":\"2025-06-05T06:06:10+00:00\",\"description\":\"aluminum sandwich panels 80% Faster Installation Easy to install, modular design, very simple when installing, to meet your different needs\",\"breadcrumb\":{\"@id\":\"https:\/\/shanghepanel.com\/product\/aluminum-sandwich-panels\/#breadcrumb\"},\"inLanguage\":\"de\",\"potentialAction\":[{\"@type\":\"ReadAction\",\"target\":[\"https:\/\/shanghepanel.com\/product\/aluminum-sandwich-panels\/\"]}]},{\"@type\":\"ImageObject\",\"inLanguage\":\"de\",\"@id\":\"https:\/\/shanghepanel.com\/product\/aluminum-sandwich-panels\/#primaryimage\",\"url\":\"https:\/\/shanghepanel.com\/wp-content\/uploads\/2024\/07\/RW-gc-193.jpg\",\"contentUrl\":\"https:\/\/shanghepanel.com\/wp-content\/uploads\/2024\/07\/RW-gc-193.jpg\",\"width\":800,\"height\":800},{\"@type\":\"BreadcrumbList\",\"@id\":\"https:\/\/shanghepanel.com\/product\/aluminum-sandwich-panels\/#breadcrumb\",\"itemListElement\":[{\"@type\":\"ListItem\",\"position\":1,\"name\":\"\u9996\u9875\",\"item\":\"https:\/\/shanghepanel.com\/en\/\"},{\"@type\":\"ListItem\",\"position\":2,\"name\":\"\u4ea7\u54c1\",\"item\":\"https:\/\/shanghepanel.com\/index.php\/shop\/\"},{\"@type\":\"ListItem\",\"position\":3,\"name\":\"Aluminum Sandwich Panels Astm Tested\"}]},{\"@type\":\"WebSite\",\"@id\":\"https:\/\/shanghepanel.com\/#website\",\"url\":\"https:\/\/shanghepanel.com\/\",\"name\":\"shanghepanel.com\",\"description\":\"\",\"publisher\":{\"@id\":\"https:\/\/shanghepanel.com\/#organization\"},\"potentialAction\":[{\"@type\":\"SearchAction\",\"target\":{\"@type\":\"EntryPoint\",\"urlTemplate\":\"https:\/\/shanghepanel.com\/?s={search_term_string}\"},\"query-input\":{\"@type\":\"PropertyValueSpecification\",\"valueRequired\":true,\"valueName\":\"search_term_string\"}}],\"inLanguage\":\"de\"},{\"@type\":\"Organization\",\"@id\":\"https:\/\/shanghepanel.com\/#organization\",\"name\":\"Shandong ShangHe New Construction Engineering Co., ltd.\",\"url\":\"https:\/\/shanghepanel.com\/\",\"logo\":{\"@type\":\"ImageObject\",\"inLanguage\":\"de\",\"@id\":\"https:\/\/shanghepanel.com\/#\/schema\/logo\/image\/\",\"url\":\"https:\/\/shanghepanel.com\/wp-content\/uploads\/2024\/03\/logo-1.png\",\"contentUrl\":\"https:\/\/shanghepanel.com\/wp-content\/uploads\/2024\/03\/logo-1.png\",\"width\":800,\"height\":800,\"caption\":\"Shandong ShangHe New Construction Engineering Co., ltd.\"},\"image\":{\"@id\":\"https:\/\/shanghepanel.com\/#\/schema\/logo\/image\/\"}}]}<\/script>\n<!-- \/ Yoast SEO plugin. -->","yoast_head_json":{"title":"Aluminium-Sandwichpaneele ASTM-gepr\u00fcft - Shang He Sandwichpaneel","description":"Aluminium-Sandwichpaneele 80% Schnellere Installation Einfach zu installieren, modulares Design, sehr einfach bei der Installation, um Ihre unterschiedlichen Bed\u00fcrfnisse zu erf\u00fcllen","robots":{"index":"index","follow":"follow","max-snippet":"max-snippet:-1","max-image-preview":"max-image-preview:large","max-video-preview":"max-video-preview:-1"},"canonical":"https:\/\/shanghepanel.com\/de\/product\/aluminum-sandwich-panels\/","og_locale":"de_DE","og_type":"article","og_title":"Aluminum Sandwich Panels Astm Tested - Shang He Sandwich Panel","og_description":"aluminum sandwich panels 80% Faster Installation Easy to install, modular design, very simple when installing, to meet your different needs","og_url":"https:\/\/shanghepanel.com\/de\/product\/aluminum-sandwich-panels\/","og_site_name":"Shang He Sandwich Panel","article_modified_time":"2025-06-05T06:06:10+00:00","og_image":[{"width":800,"height":800,"url":"https:\/\/shanghepanel.com\/wp-content\/uploads\/2024\/07\/RW-gc-193.jpg","type":"image\/jpeg"}],"twitter_card":"summary_large_image","twitter_misc":{"Gesch\u00e4tzte Lesezeit":"3\u00a0Minuten"},"schema":{"@context":"https:\/\/schema.org","@graph":[{"@type":"WebPage","@id":"https:\/\/shanghepanel.com\/product\/aluminum-sandwich-panels\/","url":"https:\/\/shanghepanel.com\/product\/aluminum-sandwich-panels\/","name":"Aluminium-Sandwichpaneele ASTM-gepr\u00fcft - Shang He Sandwichpaneel","isPartOf":{"@id":"https:\/\/shanghepanel.com\/#website"},"primaryImageOfPage":{"@id":"https:\/\/shanghepanel.com\/product\/aluminum-sandwich-panels\/#primaryimage"},"image":{"@id":"https:\/\/shanghepanel.com\/product\/aluminum-sandwich-panels\/#primaryimage"},"thumbnailUrl":"https:\/\/shanghepanel.com\/wp-content\/uploads\/2024\/07\/RW-gc-193.jpg","datePublished":"2025-05-23T09:48:55+00:00","dateModified":"2025-06-05T06:06:10+00:00","description":"Aluminium-Sandwichpaneele 80% Schnellere Installation Einfach zu installieren, modulares Design, sehr einfach bei der Installation, um Ihre unterschiedlichen Bed\u00fcrfnisse zu erf\u00fcllen","breadcrumb":{"@id":"https:\/\/shanghepanel.com\/product\/aluminum-sandwich-panels\/#breadcrumb"},"inLanguage":"de","potentialAction":[{"@type":"ReadAction","target":["https:\/\/shanghepanel.com\/product\/aluminum-sandwich-panels\/"]}]},{"@type":"ImageObject","inLanguage":"de","@id":"https:\/\/shanghepanel.com\/product\/aluminum-sandwich-panels\/#primaryimage","url":"https:\/\/shanghepanel.com\/wp-content\/uploads\/2024\/07\/RW-gc-193.jpg","contentUrl":"https:\/\/shanghepanel.com\/wp-content\/uploads\/2024\/07\/RW-gc-193.jpg","width":800,"height":800},{"@type":"BreadcrumbList","@id":"https:\/\/shanghepanel.com\/product\/aluminum-sandwich-panels\/#breadcrumb","itemListElement":[{"@type":"ListItem","position":1,"name":"\u9996\u9875","item":"https:\/\/shanghepanel.com\/en\/"},{"@type":"ListItem","position":2,"name":"\u4ea7\u54c1","item":"https:\/\/shanghepanel.com\/index.php\/shop\/"},{"@type":"ListItem","position":3,"name":"Aluminum Sandwich Panels Astm Tested"}]},{"@type":"WebSite","@id":"https:\/\/shanghepanel.com\/#website","url":"https:\/\/shanghepanel.com\/","name":"shanghepanel.com","description":"","publisher":{"@id":"https:\/\/shanghepanel.com\/#organization"},"potentialAction":[{"@type":"SearchAction","target":{"@type":"EntryPoint","urlTemplate":"https:\/\/shanghepanel.com\/?s={search_term_string}"},"query-input":{"@type":"PropertyValueSpecification","valueRequired":true,"valueName":"search_term_string"}}],"inLanguage":"de"},{"@type":"Organization","@id":"https:\/\/shanghepanel.com\/#organization","name":"Shandong ShangHe Neubauingenieurgesellschaft mbH","url":"https:\/\/shanghepanel.com\/","logo":{"@type":"ImageObject","inLanguage":"de","@id":"https:\/\/shanghepanel.com\/#\/schema\/logo\/image\/","url":"https:\/\/shanghepanel.com\/wp-content\/uploads\/2024\/03\/logo-1.png","contentUrl":"https:\/\/shanghepanel.com\/wp-content\/uploads\/2024\/03\/logo-1.png","width":800,"height":800,"caption":"Shandong ShangHe New Construction Engineering Co., ltd."},"image":{"@id":"https:\/\/shanghepanel.com\/#\/schema\/logo\/image\/"}}]}},"_links":{"self":[{"href":"https:\/\/shanghepanel.com\/de\/wp-json\/wp\/v2\/product\/5003","targetHints":{"allow":["GET"]}}],"collection":[{"href":"https:\/\/shanghepanel.com\/de\/wp-json\/wp\/v2\/product"}],"about":[{"href":"https:\/\/shanghepanel.com\/de\/wp-json\/wp\/v2\/types\/product"}],"replies":[{"embeddable":true,"href":"https:\/\/shanghepanel.com\/de\/wp-json\/wp\/v2\/comments?post=5003"}],"version-history":[{"count":0,"href":"https:\/\/shanghepanel.com\/de\/wp-json\/wp\/v2\/product\/5003\/revisions"}],"wp:featuredmedia":[{"embeddable":true,"href":"https:\/\/shanghepanel.com\/de\/wp-json\/wp\/v2\/media\/2265"}],"wp:attachment":[{"href":"https:\/\/shanghepanel.com\/de\/wp-json\/wp\/v2\/media?parent=5003"}],"wp:term":[{"taxonomy":"product_brand","embeddable":true,"href":"https:\/\/shanghepanel.com\/de\/wp-json\/wp\/v2\/product_brand?post=5003"},{"taxonomy":"product_cat","embeddable":true,"href":"https:\/\/shanghepanel.com\/de\/wp-json\/wp\/v2\/product_cat?post=5003"},{"taxonomy":"product_tag","embeddable":true,"href":"https:\/\/shanghepanel.com\/de\/wp-json\/wp\/v2\/product_tag?post=5003"}],"curies":[{"name":"wp","href":"https:\/\/api.w.org\/{rel}","templated":true}]}}