{"id":5015,"date":"2025-05-26T14:26:23","date_gmt":"2025-05-26T06:26:23","guid":{"rendered":"https:\/\/shanghepanel.com\/?post_type=product&#038;p=5015"},"modified":"2025-06-05T14:05:28","modified_gmt":"2025-06-05T06:05:28","slug":"eps-sandwich-panel","status":"publish","type":"product","link":"https:\/\/shanghepanel.com\/de\/product\/eps-sandwich-panel\/","title":{"rendered":"EPS-Sandwichpaneel 80% Schnellere Installation"},"content":{"rendered":"<h2 style=\"text-align: center;\"><span style=\"color: #000080;\"><strong>Was macht EPS-Sandwichpaneele zur Top-Wahl f\u00fcr moderne Baumaterialien?<\/strong><\/span><\/h2>\n<p class=\"ds-markdown-paragraph\"><span>EPS-Sandwichpaneele ver\u00e4ndern die Baubranche \u2013 sie sind leicht, robust und budgetfreundlich. Diese Paneele schichten Stahl au\u00dfen mit einem EPS (expandiertes Polystyrol) Schaumkern in der Mitte, was Ihnen hervorragende W\u00e4rmed\u00e4mmung und solide Festigkeit bietet. Sie sind perfekt f\u00fcr den Bau von Lagerh\u00e4usern, Fabriken oder Gesch\u00e4ften, da sie die Bauzeit im Vergleich zu traditionellen Methoden halbieren. LEED-zertifizierte Projekte sch\u00e4tzen sie, weil sie die Heiz- und K\u00fchlkosten um 30-40 % senken. Au\u00dferdem k\u00f6nnen Sie ihr Design f\u00fcr W\u00e4nde, D\u00e4cher oder sogar Trennw\u00e4nde anpassen. Wenn Sie etwas suchen, das hart arbeitet, ohne das Budget zu sprengen, sind EPS-Sandwichpaneele die beste Wahl.<\/span><\/p>\n<h3 style=\"text-align: center;\"><span style=\"color: #000080;\"><strong>Panel EPS L\u00f6sungen zur Schalld\u00e4mmung im urbanen Bau<\/strong><\/span><\/h3>\n<p class=\"ds-markdown-paragraph\"><span>Genervt vom Stadtl\u00e4rm? EPS-Sandwichpaneele sind wie Ohrensch\u00fctzer f\u00fcr Ihr Geb\u00e4ude. Der dichte Schaumkern absorbiert 30 Dezibel L\u00e4rm \u2013 perfekt f\u00fcr Wohnungen in der N\u00e4he von Flugh\u00e4fen oder belebten Stra\u00dfen. Nehmen wir Hochh\u00e4user in einer Gro\u00dfstadt: Nach dem Anbringen von EPS-Wandpaneelen sank der Umgebungsl\u00e4rm um 40 Dezibel. Im Gegensatz zu Beton k\u00f6nnen diese Paneele leicht nachger\u00fcstet werden. Bau eines Studios oder eines ruhigen B\u00fcros? EPS verwandelt L\u00e4rmchaos in Zen-Mode.<\/span><\/p>\n<hr \/>\n<table style=\"border-collapse: collapse; width: 1369px; height: 337px;\" border=\"0\" width=\"1354\" cellspacing=\"0\" cellpadding=\"0\">\n<tbody>\n<tr style=\"height: 22.50pt;\">\n<td class=\"et3\" style=\"height: 22.5pt; width: 1015.5pt; text-align: center;\" colspan=\"4\" width=\"1354\" height=\"30\">\n<h3><span style=\"color: #000080;\">Wichtige Eigenschaften<\/span><\/h3>\n<\/td>\n<\/tr>\n<tr style=\"height: 22.50pt;\">\n<td class=\"et4\" style=\"height: 22.5pt; text-align: center;\" height=\"30\">Design<\/td>\n<td class=\"et4\" style=\"text-align: center;\">das heutige Zeitalter<\/td>\n<td class=\"et4\" style=\"text-align: center;\">Kundendienst<\/td>\n<td class=\"et4\" style=\"text-align: center;\">Online-Technischer Support, Sonstiges<\/td>\n<\/tr>\n<tr style=\"height: 22.50pt;\">\n<td class=\"et5\" style=\"height: 22.5pt; text-align: center;\" height=\"30\">Herkunft<\/td>\n<td class=\"et5\" style=\"text-align: center;\">Shandong, China<\/td>\n<td class=\"et5\" style=\"text-align: center;\">Anwendungsszenarien<\/td>\n<td class=\"et5\" style=\"text-align: center;\">Lagerhaus<\/td>\n<\/tr>\n<tr style=\"height: 23.25pt;\">\n<td class=\"et5\" style=\"height: 23.25pt; text-align: center;\" height=\"31\">Marke<\/td>\n<td class=\"et5\" style=\"text-align: center;\">SH<\/td>\n<td class=\"et5\" style=\"text-align: center;\">Garantieservice<\/td>\n<td class=\"et6\" style=\"width: 238.5pt; text-align: center;\" width=\"318\">Polyurethan<\/td>\n<\/tr>\n<tr style=\"height: 22.50pt;\">\n<td class=\"et5\" style=\"height: 22.5pt; text-align: center;\" height=\"30\">Paneelmaterial<\/td>\n<td class=\"et5\" style=\"text-align: center;\">Polyurethan<\/td>\n<td class=\"et5\" style=\"text-align: center;\">Modelle<\/td>\n<td class=\"et5\" style=\"text-align: center;\">SH 150mm<\/td>\n<\/tr>\n<tr style=\"height: 23.25pt;\">\n<td class=\"et5\" style=\"height: 23.25pt; text-align: center;\" height=\"31\">Nutzung<\/td>\n<td class=\"et7\" style=\"width: 256.5pt; text-align: center;\" width=\"342\">Au\u00dfenraumgestaltung<\/td>\n<td class=\"et8\" style=\"width: 195pt; text-align: center;\" width=\"260\">Produktname<\/td>\n<td class=\"et5\" style=\"text-align: center;\">eps sandwich panel<\/td>\n<\/tr>\n<tr style=\"height: 23.25pt;\">\n<td class=\"et5\" style=\"height: 23.25pt; text-align: center;\" height=\"31\">Oberfl\u00e4chenmaterial<\/td>\n<td class=\"et9\" style=\"width: 256.5pt; text-align: center;\" width=\"342\">Metallisch<\/td>\n<td class=\"et5\" style=\"text-align: center;\">Mindestbestellmenge<\/td>\n<td class=\"et5\" style=\"text-align: center;\">Personalisierung<\/td>\n<\/tr>\n<tr style=\"height: 22.50pt;\">\n<td class=\"et5\" style=\"height: 22.5pt; text-align: center;\" height=\"30\">Dicke<\/td>\n<td class=\"et5\" style=\"text-align: center;\">16MM\/20MM\/25MM<\/td>\n<td class=\"et5\" style=\"text-align: center;\">Farbe<\/td>\n<td class=\"et5\" style=\"text-align: center;\">Helles Rot, Zinnober, Limette, Himmelblau, Aquamarin, Erbsengr\u00fcn oder individuell anpassbar<\/td>\n<\/tr>\n<tr style=\"height: 22.50pt;\">\n<td class=\"et10\" style=\"height: 22.5pt; text-align: center;\" height=\"30\">Breite<\/td>\n<td class=\"et2\" style=\"text-align: center;\">100mm,120mm,150mm,200mm<\/td>\n<td class=\"et2\"><\/td>\n<td class=\"et2\"><\/td>\n<\/tr>\n<\/tbody>\n<\/table>\n<h3 style=\"text-align: center;\"><span style=\"color: #000080;\"><strong>Expandiertes Polystyrol (EPS): Das Geheimnis hinter Hochleistungs-Sandwichpaneelen<\/strong><\/span><\/h3>\n<p class=\"ds-markdown-paragraph\"><span>Vergessen Sie Kaffeetassen \u2013 EPS ist der MVP in Sandwichpaneelen. Sein geschlossenzelliger Schaum bek\u00e4mpft Feuchtigkeit, Schimmel und Insekten, weshalb USDA-zertifizierte K\u00fchlr\u00e4ume darauf schw\u00f6ren. Im Gegensatz zu anderen D\u00e4mmstoffen, die durchh\u00e4ngen, beh\u00e4lt EPS Jahrzehnte lang seine R-Wert (D\u00e4mmleistung). Bonus: Es ist zu 100 % recycelbar und passt perfekt zu umweltfreundlichen Zielen. Von Hausw\u00e4nden bis zu Fabrikd\u00e4chern macht dieses Schaumstoffmaterial die Paneele robust und vielseitig.<\/span><\/p>\n<hr \/>\n<h3 style=\"text-align: center;\"><span style=\"color: #000080;\"><strong>Sandwichpaneele mit EPS-Kern: Schnellere Bauweise, st\u00e4rkere Ergebnisse<\/strong><\/span><\/h3>\n<p class=\"ds-markdown-paragraph\"><span>EPS-Kern-Sandwichpaneele sind ein Traum f\u00fcr Bauunternehmer \u2013 sie sparen Zeit und Geld. Die vorgefertigte Konstruktion erm\u00f6glicht es Teams, W\u00e4nde oder D\u00e4cher dreimal schneller zu errichten als mit Ziegel und M\u00f6rtel. Das Walmart-Lagerhaus in Texas wurde mit diesen Paneelen acht Wochen fr\u00fcher fertiggestellt. Die Stahl-EPS-Kombination trotzt auch Hurrikans und besteht die strengen Windtests in Miami-Dade. Weniger Verz\u00f6gerungen, zufriedene Kunden \u2013 was gibt es Besseres?<\/span><\/p>\n<h3 style=\"text-align: center;\"><span style=\"color: #000080;\"><strong>Schalld\u00e4mmung? EPS-Sandwichpaneele machen den Unterschied<\/strong><\/span><\/h3>\n<p><span>EPS-Sandwichpaneele sind nicht nur f\u00fcr W\u00e4rme \u2013 sie sind auch Profis im Schallschutz. Der Schaum zerstreut Schallwellen und macht sie ideal f\u00fcr Hotels, Theater oder H\u00e4user in der N\u00e4he von Autobahnen. UCLA-Forscher haben herausgefunden, dass EPS-Paneele den mittleren Frequenzbereich um die H\u00e4lfte im Vergleich zu Trockenbau reduzieren. Sie sind auch d\u00fcnner als herk\u00f6mmliche Schalld\u00e4mmung und sparen Platz. M\u00f6chten Sie Ruhe ohne sperrige W\u00e4nde? EPS ist die L\u00f6sung.<\/span><\/p>\n<h3 style=\"text-align: center;\"><span style=\"color: #000080;\"><strong>Mehrfach-Span-Bauten lieben EPS-Sandwichpaneele \u2013 Hier ist warum<\/strong><\/span><\/h3>\n<p class=\"ds-markdown-paragraph\"><span>Gro\u00dfe, offene Geb\u00e4ude ben\u00f6tigen Materialien, die lange Spannweiten und schwere Lasten tragen k\u00f6nnen. Hier kommen EPS-Sandwichpaneele ins Spiel \u2013 Stahlh\u00fcllen und starrer Schaum machen sie robust und gleichzeitig leicht. Landwirte verwenden sie f\u00fcr riesige Scheunen, die Traktoren und Schneest\u00fcrme \u00fcberleben. Weniger St\u00fctzpfeiler bedeuten weite offene R\u00e4ume, wie die Tesla-Fabrik in Nevada, wo Roboter frei zischen k\u00f6nnen. Effizienz trifft Flexibilit\u00e4t, ganz ohne Aufwand.<\/span><\/p>\n<hr \/>\n<h3 style=\"text-align: center;\"><span style=\"color: #000080;\"><strong>Niedrige W\u00e4rmeleitf\u00e4higkeit bei EPS-Paneelen: Der beste Freund kalter Klimazonen<\/strong><\/span><\/h3>\n<p class=\"ds-markdown-paragraph\"><span>EPS-Paneele sind D\u00e4mmchampions, weil sie kaum W\u00e4rme durchlassen. Mit einer W\u00e4rmeleitf\u00e4higkeit von nur 0,030 W\/m\u00b7K \u00fcbertreffen sie Holz, Beton und ausgekl\u00fcgelte Aerogele. Wie? Die luftgef\u00fcllten EPS-Perlen verlangsamen den W\u00e4rmeverlust. Arktische Lagerh\u00e4user oder W\u00fcstenb\u00fcros \u2013 diese Paneele meistern Extreme wie Profis.<\/span><\/p>\n<hr \/>\n<p>&nbsp;<\/p>","protected":false},"excerpt":{"rendered":"<table style=\"border-collapse: collapse; width: 470.27pt;\" border=\"0\" width=\"627\" cellspacing=\"0\" cellpadding=\"0\">\n<tbody>\n<tr style=\"height: 22.50pt;\">\n<td class=\"et2\" style=\"height: 22.5pt; width: 238.5pt; text-align: center;\" width=\"318\" height=\"30\">Typ<\/td>\n<td class=\"et2\" style=\"width: 231.75pt; text-align: center;\" width=\"309\">Organosilicon<\/td>\n<\/tr>\n<tr style=\"height: 22.50pt;\">\n<td class=\"et2\" style=\"height: 22.5pt; text-align: center;\" height=\"30\">Brandschutzklasse<\/td>\n<td class=\"et2\" style=\"text-align: center;\">Klasse A (ASTM E84)<\/td>\n<\/tr>\n<tr style=\"height: 22.50pt;\">\n<td class=\"et2\" style=\"height: 22.5pt; text-align: center;\" height=\"30\">Druckfestigkeit<\/td>\n<td class=\"et4\" style=\"text-align: center;\">\u2265300\/kPa<\/td>\n<\/tr>\n<tr style=\"height: 22.50pt;\">\n<td class=\"et2\" style=\"height: 22.5pt; text-align: center;\" height=\"30\">Liefermethode<\/td>\n<td class=\"et2\" style=\"text-align: center;\">Ware auf Lager<\/td>\n<\/tr>\n<tr style=\"height: 22.50pt;\">\n<td class=\"et5\" style=\"height: 22.5pt; text-align: center;\" colspan=\"2\" height=\"30\">\n<h3><span style=\"color: #ff0000;\">(Klicken Sie hier) f\u00fcr kostenlose Muster<\/span><\/h3>\n<\/td>\n<\/tr>\n<tr style=\"height: 22.50pt;\">\n<td class=\"et7\" style=\"height: 22.5pt; width: 238.5pt; text-align: center;\" width=\"318\" height=\"30\">Transportart<\/td>\n<td class=\"et2\" style=\"text-align: center;\">See-, Stra\u00dfen- und Lufttransport<\/td>\n<\/tr>\n<\/tbody>\n<\/table>\n<ul>\n<li>Snap-Fit Sandwichpaneele \u2013 1000 sqft in 3 Stunden installieren (Sehen Sie, wie unser Hund es macht!)<\/li>\n<li>UL-Feuerfeste Sandwichpaneele \u2013 Testvideos &amp; Zertifikate sofort herunterladen<\/li>\n<li>20-Jahres-Rostfrei-Garantie \u2013 Wir zahlen $1000, wenn Ihre Metall-Sandwichpaneele korrodieren<\/li>\n<li>Jede Form m\u00f6glich! Gebogene\/runde Sandwichpaneele \u2013 Skizze senden, 3D-Design erhalten<\/li>\n<li>KI-gesteuerte Layouts \u2013 Lagerfotos hochladen, Sandwichpaneel-Schnitte optimieren<\/li>\n<li>Milit\u00e4rische Verpackung \u2013 Besch\u00e4digte Sandwichpaneele = kostenloses Neuprodukt + $500 Guthaben<\/li>\n<\/ul>","protected":false},"featured_media":2276,"comment_status":"open","ping_status":"closed","template":"","meta":[],"product_brand":[],"product_cat":[33],"product_tag":[],"class_list":{"0":"post-5015","1":"product","2":"type-product","3":"status-publish","4":"has-post-thumbnail","6":"product_cat-metal-carved-board","8":"first","9":"instock","10":"shipping-taxable","11":"product-type-simple"},"yoast_head":"<!-- This site is optimized with the Yoast SEO plugin v24.2 - https:\/\/yoast.com\/wordpress\/plugins\/seo\/ -->\n<title>Eps Sandwich Panel 80% Faster Installation - Shang He Sandwich Panel<\/title>\n<meta name=\"description\" content=\"eps sandwich panel 80% Faster Installation Easy to install, modular design, very simple when installing, to meet your different needseps sandwich panel\" \/>\n<meta name=\"robots\" content=\"index, follow, max-snippet:-1, max-image-preview:large, max-video-preview:-1\" \/>\n<link rel=\"canonical\" href=\"https:\/\/shanghepanel.com\/de\/product\/eps-sandwich-panel\/\" \/>\n<meta property=\"og:locale\" content=\"de_DE\" \/>\n<meta property=\"og:type\" content=\"article\" \/>\n<meta property=\"og:title\" content=\"Eps Sandwich Panel 80% Faster Installation - Shang He Sandwich Panel\" \/>\n<meta property=\"og:description\" content=\"eps sandwich panel 80% Faster Installation Easy to install, modular design, very simple when installing, to meet your different needseps sandwich panel\" \/>\n<meta property=\"og:url\" content=\"https:\/\/shanghepanel.com\/de\/product\/eps-sandwich-panel\/\" \/>\n<meta property=\"og:site_name\" content=\"Shang He Sandwich Panel\" \/>\n<meta property=\"article:modified_time\" content=\"2025-06-05T06:05:28+00:00\" \/>\n<meta property=\"og:image\" content=\"https:\/\/shanghepanel.com\/wp-content\/uploads\/2024\/07\/RW-gc-367.jpg\" \/>\n\t<meta property=\"og:image:width\" content=\"800\" \/>\n\t<meta property=\"og:image:height\" content=\"800\" \/>\n\t<meta property=\"og:image:type\" content=\"image\/jpeg\" \/>\n<meta name=\"twitter:card\" content=\"summary_large_image\" \/>\n<meta name=\"twitter:label1\" content=\"Gesch\u00e4tzte Lesezeit\" \/>\n\t<meta name=\"twitter:data1\" content=\"3\u00a0Minuten\" \/>\n<script type=\"application\/ld+json\" class=\"yoast-schema-graph\">{\"@context\":\"https:\/\/schema.org\",\"@graph\":[{\"@type\":\"WebPage\",\"@id\":\"https:\/\/shanghepanel.com\/product\/eps-sandwich-panel\/\",\"url\":\"https:\/\/shanghepanel.com\/product\/eps-sandwich-panel\/\",\"name\":\"Eps Sandwich Panel 80% Faster Installation - Shang He Sandwich Panel\",\"isPartOf\":{\"@id\":\"https:\/\/shanghepanel.com\/#website\"},\"primaryImageOfPage\":{\"@id\":\"https:\/\/shanghepanel.com\/product\/eps-sandwich-panel\/#primaryimage\"},\"image\":{\"@id\":\"https:\/\/shanghepanel.com\/product\/eps-sandwich-panel\/#primaryimage\"},\"thumbnailUrl\":\"https:\/\/shanghepanel.com\/wp-content\/uploads\/2024\/07\/RW-gc-367.jpg\",\"datePublished\":\"2025-05-26T06:26:23+00:00\",\"dateModified\":\"2025-06-05T06:05:28+00:00\",\"description\":\"eps sandwich panel 80% Faster Installation Easy to install, modular design, very simple when installing, to meet your different needseps sandwich panel\",\"breadcrumb\":{\"@id\":\"https:\/\/shanghepanel.com\/product\/eps-sandwich-panel\/#breadcrumb\"},\"inLanguage\":\"de\",\"potentialAction\":[{\"@type\":\"ReadAction\",\"target\":[\"https:\/\/shanghepanel.com\/product\/eps-sandwich-panel\/\"]}]},{\"@type\":\"ImageObject\",\"inLanguage\":\"de\",\"@id\":\"https:\/\/shanghepanel.com\/product\/eps-sandwich-panel\/#primaryimage\",\"url\":\"https:\/\/shanghepanel.com\/wp-content\/uploads\/2024\/07\/RW-gc-367.jpg\",\"contentUrl\":\"https:\/\/shanghepanel.com\/wp-content\/uploads\/2024\/07\/RW-gc-367.jpg\",\"width\":800,\"height\":800},{\"@type\":\"BreadcrumbList\",\"@id\":\"https:\/\/shanghepanel.com\/product\/eps-sandwich-panel\/#breadcrumb\",\"itemListElement\":[{\"@type\":\"ListItem\",\"position\":1,\"name\":\"\u9996\u9875\",\"item\":\"https:\/\/shanghepanel.com\/en\/\"},{\"@type\":\"ListItem\",\"position\":2,\"name\":\"\u4ea7\u54c1\",\"item\":\"https:\/\/shanghepanel.com\/index.php\/shop\/\"},{\"@type\":\"ListItem\",\"position\":3,\"name\":\"Eps Sandwich Panel 80% Faster Installation\"}]},{\"@type\":\"WebSite\",\"@id\":\"https:\/\/shanghepanel.com\/#website\",\"url\":\"https:\/\/shanghepanel.com\/\",\"name\":\"shanghepanel.com\",\"description\":\"\",\"publisher\":{\"@id\":\"https:\/\/shanghepanel.com\/#organization\"},\"potentialAction\":[{\"@type\":\"SearchAction\",\"target\":{\"@type\":\"EntryPoint\",\"urlTemplate\":\"https:\/\/shanghepanel.com\/?s={search_term_string}\"},\"query-input\":{\"@type\":\"PropertyValueSpecification\",\"valueRequired\":true,\"valueName\":\"search_term_string\"}}],\"inLanguage\":\"de\"},{\"@type\":\"Organization\",\"@id\":\"https:\/\/shanghepanel.com\/#organization\",\"name\":\"Shandong ShangHe New Construction Engineering Co., ltd.\",\"url\":\"https:\/\/shanghepanel.com\/\",\"logo\":{\"@type\":\"ImageObject\",\"inLanguage\":\"de\",\"@id\":\"https:\/\/shanghepanel.com\/#\/schema\/logo\/image\/\",\"url\":\"https:\/\/shanghepanel.com\/wp-content\/uploads\/2024\/03\/logo-1.png\",\"contentUrl\":\"https:\/\/shanghepanel.com\/wp-content\/uploads\/2024\/03\/logo-1.png\",\"width\":800,\"height\":800,\"caption\":\"Shandong ShangHe New Construction Engineering Co., ltd.\"},\"image\":{\"@id\":\"https:\/\/shanghepanel.com\/#\/schema\/logo\/image\/\"}}]}<\/script>\n<!-- \/ Yoast SEO plugin. -->","yoast_head_json":{"title":"Eps Sandwichpaneel 80% Schnellere Installation - Shang He Sandwichpaneel","description":"eps Sandwichpaneel 80% Schnellere Installation Einfach zu installieren, modulares Design, sehr einfach bei der Installation, um Ihre unterschiedlichen Bed\u00fcrfnisse zu erf\u00fcllen eps Sandwichpaneel","robots":{"index":"index","follow":"follow","max-snippet":"max-snippet:-1","max-image-preview":"max-image-preview:large","max-video-preview":"max-video-preview:-1"},"canonical":"https:\/\/shanghepanel.com\/de\/product\/eps-sandwich-panel\/","og_locale":"de_DE","og_type":"article","og_title":"Eps Sandwich Panel 80% Faster Installation - Shang He Sandwich Panel","og_description":"eps sandwich panel 80% Faster Installation Easy to install, modular design, very simple when installing, to meet your different needseps sandwich panel","og_url":"https:\/\/shanghepanel.com\/de\/product\/eps-sandwich-panel\/","og_site_name":"Shang He Sandwich Panel","article_modified_time":"2025-06-05T06:05:28+00:00","og_image":[{"width":800,"height":800,"url":"https:\/\/shanghepanel.com\/wp-content\/uploads\/2024\/07\/RW-gc-367.jpg","type":"image\/jpeg"}],"twitter_card":"summary_large_image","twitter_misc":{"Gesch\u00e4tzte Lesezeit":"3\u00a0Minuten"},"schema":{"@context":"https:\/\/schema.org","@graph":[{"@type":"WebPage","@id":"https:\/\/shanghepanel.com\/product\/eps-sandwich-panel\/","url":"https:\/\/shanghepanel.com\/product\/eps-sandwich-panel\/","name":"Eps Sandwichpaneel 80% Schnellere Installation - Shang He Sandwichpaneel","isPartOf":{"@id":"https:\/\/shanghepanel.com\/#website"},"primaryImageOfPage":{"@id":"https:\/\/shanghepanel.com\/product\/eps-sandwich-panel\/#primaryimage"},"image":{"@id":"https:\/\/shanghepanel.com\/product\/eps-sandwich-panel\/#primaryimage"},"thumbnailUrl":"https:\/\/shanghepanel.com\/wp-content\/uploads\/2024\/07\/RW-gc-367.jpg","datePublished":"2025-05-26T06:26:23+00:00","dateModified":"2025-06-05T06:05:28+00:00","description":"eps Sandwichpaneel 80% Schnellere Installation Einfach zu installieren, modulares Design, sehr einfach bei der Installation, um Ihre unterschiedlichen Bed\u00fcrfnisse zu erf\u00fcllen eps Sandwichpaneel","breadcrumb":{"@id":"https:\/\/shanghepanel.com\/product\/eps-sandwich-panel\/#breadcrumb"},"inLanguage":"de","potentialAction":[{"@type":"ReadAction","target":["https:\/\/shanghepanel.com\/product\/eps-sandwich-panel\/"]}]},{"@type":"ImageObject","inLanguage":"de","@id":"https:\/\/shanghepanel.com\/product\/eps-sandwich-panel\/#primaryimage","url":"https:\/\/shanghepanel.com\/wp-content\/uploads\/2024\/07\/RW-gc-367.jpg","contentUrl":"https:\/\/shanghepanel.com\/wp-content\/uploads\/2024\/07\/RW-gc-367.jpg","width":800,"height":800},{"@type":"BreadcrumbList","@id":"https:\/\/shanghepanel.com\/product\/eps-sandwich-panel\/#breadcrumb","itemListElement":[{"@type":"ListItem","position":1,"name":"\u9996\u9875","item":"https:\/\/shanghepanel.com\/en\/"},{"@type":"ListItem","position":2,"name":"\u4ea7\u54c1","item":"https:\/\/shanghepanel.com\/index.php\/shop\/"},{"@type":"ListItem","position":3,"name":"Eps Sandwich Panel 80% Faster Installation"}]},{"@type":"WebSite","@id":"https:\/\/shanghepanel.com\/#website","url":"https:\/\/shanghepanel.com\/","name":"shanghepanel.com","description":"","publisher":{"@id":"https:\/\/shanghepanel.com\/#organization"},"potentialAction":[{"@type":"SearchAction","target":{"@type":"EntryPoint","urlTemplate":"https:\/\/shanghepanel.com\/?s={search_term_string}"},"query-input":{"@type":"PropertyValueSpecification","valueRequired":true,"valueName":"search_term_string"}}],"inLanguage":"de"},{"@type":"Organization","@id":"https:\/\/shanghepanel.com\/#organization","name":"Shandong ShangHe Neubauingenieurgesellschaft mbH","url":"https:\/\/shanghepanel.com\/","logo":{"@type":"ImageObject","inLanguage":"de","@id":"https:\/\/shanghepanel.com\/#\/schema\/logo\/image\/","url":"https:\/\/shanghepanel.com\/wp-content\/uploads\/2024\/03\/logo-1.png","contentUrl":"https:\/\/shanghepanel.com\/wp-content\/uploads\/2024\/03\/logo-1.png","width":800,"height":800,"caption":"Shandong ShangHe New Construction Engineering Co., ltd."},"image":{"@id":"https:\/\/shanghepanel.com\/#\/schema\/logo\/image\/"}}]}},"_links":{"self":[{"href":"https:\/\/shanghepanel.com\/de\/wp-json\/wp\/v2\/product\/5015","targetHints":{"allow":["GET"]}}],"collection":[{"href":"https:\/\/shanghepanel.com\/de\/wp-json\/wp\/v2\/product"}],"about":[{"href":"https:\/\/shanghepanel.com\/de\/wp-json\/wp\/v2\/types\/product"}],"replies":[{"embeddable":true,"href":"https:\/\/shanghepanel.com\/de\/wp-json\/wp\/v2\/comments?post=5015"}],"version-history":[{"count":0,"href":"https:\/\/shanghepanel.com\/de\/wp-json\/wp\/v2\/product\/5015\/revisions"}],"wp:featuredmedia":[{"embeddable":true,"href":"https:\/\/shanghepanel.com\/de\/wp-json\/wp\/v2\/media\/2276"}],"wp:attachment":[{"href":"https:\/\/shanghepanel.com\/de\/wp-json\/wp\/v2\/media?parent=5015"}],"wp:term":[{"taxonomy":"product_brand","embeddable":true,"href":"https:\/\/shanghepanel.com\/de\/wp-json\/wp\/v2\/product_brand?post=5015"},{"taxonomy":"product_cat","embeddable":true,"href":"https:\/\/shanghepanel.com\/de\/wp-json\/wp\/v2\/product_cat?post=5015"},{"taxonomy":"product_tag","embeddable":true,"href":"https:\/\/shanghepanel.com\/de\/wp-json\/wp\/v2\/product_tag?post=5015"}],"curies":[{"name":"wp","href":"https:\/\/api.w.org\/{rel}","templated":true}]}}