{"id":5018,"date":"2025-05-26T15:22:04","date_gmt":"2025-05-26T07:22:04","guid":{"rendered":"https:\/\/shanghepanel.com\/?post_type=product&#038;p=5018"},"modified":"2025-06-05T14:05:17","modified_gmt":"2025-06-05T06:05:17","slug":"fibreglass-sandwich-panel","status":"publish","type":"product","link":"https:\/\/shanghepanel.com\/de\/product\/fibreglass-sandwich-panel\/","title":{"rendered":"Fiberglas-Sandwichpaneel ASTM-getestet"},"content":{"rendered":"<h2 style=\"text-align: center;\"><span style=\"color: #000080;\"><strong>Warum revolutionieren Fiberglas-Sandwichpaneele die Verbundplatten-Technologie?<\/strong><\/span><\/h2>\n<p class=\"ds-markdown-paragraph\"><span>Fiberglas-Sandwichpaneele erobern die Branche der Verbundplatten \u2013 und hier ist warum. Diese Paneele kombinieren eine leichte \u00e4u\u00dfere Schicht aus Fiberglas mit einem hochfesten Kernmaterial (wie Schaum oder Wabenkern), wodurch eine starre, aber \u00fcberraschend leichte Struktur entsteht. Man kann sie als das Schweizer Taschenmesser der Baumaterialien betrachten: Sie werden in allem verwendet, von Bootsh\u00fcllen bis hin zu Flugzeuginnenr\u00e4umen, weil sie Korrosion widerstehen, nicht rosten und extreme Temperaturen problemlos aushalten. Boeing verwendet Fiberglaspaneele sogar in Frachtflugzeugen wegen ihres Haltbarkeits-zu-Gewicht-Verh\u00e4ltnisses. Wenn Sie schwere St\u00e4hle oder zerbrechliche Kunststoffe leid sind, sind diese Paneele ein echter Wendepunkt. Au\u00dferdem sind sie LEED-freundlich, was sie zu einer bevorzugten Wahl f\u00fcr umweltbewusste Projekte macht.<\/span><\/p>\n<h3 style=\"text-align: center;\"><span style=\"color: #000080;\"><strong>Wie Kohlefaser Fiberglas-Sandwichpaneele f\u00fcr maximale St\u00e4rke erg\u00e4nzt<\/strong><\/span><\/h3>\n<p class=\"ds-markdown-paragraph\"><span>Lass uns \u00fcber Teamarbeit sprechen. Fiberglas-Sandwichpaneele sind allein schon robust, aber f\u00fcgen Sie Kohlefaser hinzu? Jetzt spielen Sie in der Champions League. Kohlefaserstreifen oder -lagen verst\u00e4rken die Festigkeit, ohne Ihr Projekt zu einem Schwergewicht zu machen. NASA\u2019s Jet Propulsion Laboratory nutzt das f\u00fcr Satellitenkomponenten \u2013 denn wenn es im All funktioniert, funktioniert es \u00fcberall. Zum Beispiel verwenden Hochgeschwindigkeitsz\u00fcge diese Hybridtechnik, um leicht zu bleiben, aber Unf\u00e4lle zu \u00fcberleben. Es ist, als w\u00fcrde man Ihrem Design einen Turbo-Boost geben. Und hey, Sie zahlen hier keine Lamborghini-Preise \u2013 nur intelligente Technik.<\/span><\/p>\n<hr \/>\n<table style=\"border-collapse: collapse; width: 1369px; height: 337px;\" border=\"0\" width=\"1354\" cellspacing=\"0\" cellpadding=\"0\">\n<tbody>\n<tr style=\"height: 22.50pt;\">\n<td class=\"et3\" style=\"height: 22.5pt; width: 1015.5pt; text-align: center;\" colspan=\"4\" width=\"1354\" height=\"30\">\n<h3><span style=\"color: #000080;\">Wichtige Eigenschaften<\/span><\/h3>\n<\/td>\n<\/tr>\n<tr style=\"height: 22.50pt;\">\n<td class=\"et4\" style=\"height: 22.5pt; text-align: center;\" height=\"30\">Design<\/td>\n<td class=\"et4\" style=\"text-align: center;\">das heutige Zeitalter<\/td>\n<td class=\"et4\" style=\"text-align: center;\">Kundendienst<\/td>\n<td class=\"et4\" style=\"text-align: center;\">Online-Technischer Support, Sonstiges<\/td>\n<\/tr>\n<tr style=\"height: 22.50pt;\">\n<td class=\"et5\" style=\"height: 22.5pt; text-align: center;\" height=\"30\">Herkunft<\/td>\n<td class=\"et5\" style=\"text-align: center;\">Shandong, China<\/td>\n<td class=\"et5\" style=\"text-align: center;\">Anwendungsszenarien<\/td>\n<td class=\"et5\" style=\"text-align: center;\">Lagerhaus<\/td>\n<\/tr>\n<tr style=\"height: 23.25pt;\">\n<td class=\"et5\" style=\"height: 23.25pt; text-align: center;\" height=\"31\">Marke<\/td>\n<td class=\"et5\" style=\"text-align: center;\">SH<\/td>\n<td class=\"et5\" style=\"text-align: center;\">Garantieservice<\/td>\n<td class=\"et6\" style=\"width: 238.5pt; text-align: center;\" width=\"318\">Polyurethan<\/td>\n<\/tr>\n<tr style=\"height: 22.50pt;\">\n<td class=\"et5\" style=\"height: 22.5pt; text-align: center;\" height=\"30\">Paneelmaterial<\/td>\n<td class=\"et5\" style=\"text-align: center;\">Polyurethan<\/td>\n<td class=\"et5\" style=\"text-align: center;\">Modelle<\/td>\n<td class=\"et5\" style=\"text-align: center;\">SH 150mm<\/td>\n<\/tr>\n<tr style=\"height: 23.25pt;\">\n<td class=\"et5\" style=\"height: 23.25pt; text-align: center;\" height=\"31\">Nutzung<\/td>\n<td class=\"et7\" style=\"width: 256.5pt; text-align: center;\" width=\"342\">Au\u00dfenraumgestaltung<\/td>\n<td class=\"et8\" style=\"width: 195pt; text-align: center;\" width=\"260\">Produktname<\/td>\n<td class=\"et5\" style=\"text-align: center;\">Fiberglas-Sandwichpaneel<\/td>\n<\/tr>\n<tr style=\"height: 23.25pt;\">\n<td class=\"et5\" style=\"height: 23.25pt; text-align: center;\" height=\"31\">Oberfl\u00e4chenmaterial<\/td>\n<td class=\"et9\" style=\"width: 256.5pt; text-align: center;\" width=\"342\">Metallisch<\/td>\n<td class=\"et5\" style=\"text-align: center;\">Mindestbestellmenge<\/td>\n<td class=\"et5\" style=\"text-align: center;\">Personalisierung<\/td>\n<\/tr>\n<tr style=\"height: 22.50pt;\">\n<td class=\"et5\" style=\"height: 22.5pt; text-align: center;\" height=\"30\">Dicke<\/td>\n<td class=\"et5\" style=\"text-align: center;\">16MM\/20MM\/25MM<\/td>\n<td class=\"et5\" style=\"text-align: center;\">Farbe<\/td>\n<td class=\"et5\" style=\"text-align: center;\">Helles Rot, Zinnober, Limette, Himmelblau, Aquamarin, Erbsengr\u00fcn oder individuell anpassbar<\/td>\n<\/tr>\n<tr style=\"height: 22.50pt;\">\n<td class=\"et10\" style=\"height: 22.5pt; text-align: center;\" height=\"30\">Breite<\/td>\n<td class=\"et2\" style=\"text-align: center;\">100mm,120mm,150mm,200mm<\/td>\n<td class=\"et2\"><\/td>\n<td class=\"et2\"><\/td>\n<\/tr>\n<\/tbody>\n<\/table>\n<h3 style=\"text-align: center;\"><span style=\"color: #000080;\"><strong>Warum Hochfest-Fiberglaspaneele herk\u00f6mmliche Baumaterialien \u00fcbertreffen<\/strong><\/span><\/h3>\n<p class=\"ds-markdown-paragraph\"><span>Seien wir ehrlich: Holz verrottet, Stahl rostet, aber Hochfest-Fiberglaspaneele? Sie geben einfach nicht auf. Im Ernst, diese Dinger lachen Regen, UV-Strahlen und sogar aggressive Chemikalien weg. Bootsbauer schw\u00f6ren auf sie, weil Salzwasser kein Problem ist. MIT hat eine Studie durchgef\u00fchrt, die zeigt, dass Fiberglas nach 50 Jahren noch 95% seiner St\u00e4rke beh\u00e4lt \u2013 w\u00e4hrend Beton Risse bekommt und Metall m\u00fcde wird. Oh, und sie sind auch feuerfest (dank ASTM E84 Ratings). Beim Bau einer Br\u00fccke oder eines hurricane-sicheren Hauses sind diese Paneele die \u201eeinmal installieren, vergessen\u201c-L\u00f6sung.<\/span><\/p>\n<hr \/>\n<h3 style=\"text-align: center;\"><span style=\"color: #000080;\"><strong>Kernmaterialien in Fiberglas-Sandwichpaneelen: Was Sie wissen m\u00fcssen<\/strong><\/span><\/h3>\n<p class=\"ds-markdown-paragraph\"><span>Hier ist die Sache: Das Kernmaterial ist der Ort, an dem die Magie passiert. Du hast Optionen\u2014wie PVC-Schaum f\u00fcr Isolierung oder Aluminium-Wabenkern, wenn du den \u201eunzerst\u00f6rbaren\u201c Modus brauchst (Kampfjets verwenden das Zeug). Airbus setzt in Flugzeugen Polyurethanschaum ein, um L\u00e4rm und Vibrationen zu minimieren. Aber warte\u2014das Kernmaterial, das du w\u00e4hlst, \u00e4ndert alles. Willst du, dass deine Paneele schweben? W\u00e4hle leichten Schaum. Musst du, dass sie einem Abriss standhalten? Wabenkern ist dein Ding. Architekten m\u00f6gen Balsaholzkerne f\u00fcr Umweltprojekte, weil sie erneuerbar sind. Fazit: Passe das Kernmaterial an den Stil deines Projekts an.<\/span><\/p>\n<h3 style=\"text-align: center;\"><span style=\"color: #000080;\"><strong>Feuerfeste Fiberglas-Sandwichpaneele: Sicherheit ohne Kompromisse bei der St\u00e4rke<\/strong><\/span><\/h3>\n<p><span>Brandschutz muss nicht langweilig sein. Fiberglas-Sandwichpaneele k\u00f6nnen mit feuerhemmenden Harzen und Kernen wie Mineralwolle geladen werden, erreichen UL 94 V-0 Ratings (\u00dcbersetzung: sie kommen schnell aus Flammen heraus). Krankenh\u00e4user verwenden sie in feuerfesten W\u00e4nden, weil jede Sekunde in einem Notfall z\u00e4hlt. Ein Casino in Vegas hat seine W\u00e4nde mit diesen Paneelen erneuert, um die Brandschutzvorschriften zu erf\u00fcllen, aber den glamour\u00f6sen Look beizubehalten. Und hey, sie tragen immer noch schwere Lasten \u2013 kein \u201esicher, aber zerbrechlich\u201c-Unsinn hier.<\/span><\/p>\n<h3 style=\"text-align: center;\"><span style=\"color: #000080;\"><strong>Wie Fiberglas-Paneele Kosten in der Industrieinstallation senken<\/strong><\/span><\/h3>\n<p class=\"ds-markdown-paragraph\"><span>Lass uns \u00fcber Geld sprechen. Fiberglas-Sandwichpaneele sparen schneller Geld als eine Rabattaktion. Sie sind leicht, daher sind Versandkosten niedrig, und sie k\u00f6nnen ohne Kr\u00e4ne installiert werden. Das Werk in Michigan von Ford sparte 15% bei Arbeitskosten durch vorgefertigte Fiberglasd\u00e4cher. Landwirte bauen ganze Scheunen mit einfachen Werkzeugen \u2013 keine Auftragnehmer n\u00f6tig. Und da sie nicht rosten oder verrotten, sind Wartungskosten praktisch null. Lagerh\u00e4user, Gew\u00e4chsh\u00e4user, Stra\u00dfenbarrieren \u2013 diese Paneele schonen Ihren Geldbeutel.<\/span><\/p>\n<hr \/>\n<h3 style=\"text-align: center;\"><span style=\"color: #000080;\"><strong>Fiberglas vs. Kohlefaser-Sandwichpaneele: Welche sollten Sie w\u00e4hlen?<\/strong><\/span><\/h3>\n<p class=\"ds-markdown-paragraph\"><span>Fiberglas oder Kohlefaser? Hier ist die kurze Version. Fiberglas ist g\u00fcnstiger (wirklich viel g\u00fcnstiger) und l\u00e4sst sich leicht biegen \u2013 perfekt f\u00fcr gebogene Bootsh\u00fcllen. Kohlefaser ist steifer und leichter, aber Ihr Budget k\u00f6nnte weinen. Lamborghini verwendet Kohlefaser f\u00fcr auff\u00e4llige Autos, aber Wohnmobilhersteller bleiben bei Fiberglas, weil es erschwinglich ist. Profi-Tipp: Mischen Sie sie! F\u00fcgen Sie Kohlefaserstreifen an hochbelasteten Stellen eines Fiberglaspaneels hinzu. Es sei denn, Sie sind Elon Musk, dann wird Fiberglas wahrscheinlich ausreichen.<\/span><\/p>\n<hr \/>\n<p>&nbsp;<\/p>","protected":false},"excerpt":{"rendered":"<table style=\"border-collapse: collapse; width: 470.27pt;\" border=\"0\" width=\"627\" cellspacing=\"0\" cellpadding=\"0\">\n<tbody>\n<tr style=\"height: 22.50pt;\">\n<td class=\"et2\" style=\"height: 22.5pt; width: 238.5pt; text-align: center;\" width=\"318\" height=\"30\">Typ<\/td>\n<td class=\"et2\" style=\"width: 231.75pt; text-align: center;\" width=\"309\">Organosilicon<\/td>\n<\/tr>\n<tr style=\"height: 22.50pt;\">\n<td class=\"et2\" style=\"height: 22.5pt; text-align: center;\" height=\"30\">Brandschutzklasse<\/td>\n<td class=\"et2\" style=\"text-align: center;\">Klasse A (ASTM E84)<\/td>\n<\/tr>\n<tr style=\"height: 22.50pt;\">\n<td class=\"et2\" style=\"height: 22.5pt; text-align: center;\" height=\"30\">Druckfestigkeit<\/td>\n<td class=\"et4\" style=\"text-align: center;\">\u2265300\/kPa<\/td>\n<\/tr>\n<tr style=\"height: 22.50pt;\">\n<td class=\"et2\" style=\"height: 22.5pt; text-align: center;\" height=\"30\">Liefermethode<\/td>\n<td class=\"et2\" style=\"text-align: center;\">Ware auf Lager<\/td>\n<\/tr>\n<tr style=\"height: 22.50pt;\">\n<td class=\"et5\" style=\"height: 22.5pt; text-align: center;\" colspan=\"2\" height=\"30\">\n<h3><span style=\"color: #ff0000;\">(Klicken Sie hier) f\u00fcr kostenlose Muster<\/span><\/h3>\n<\/td>\n<\/tr>\n<tr style=\"height: 22.50pt;\">\n<td class=\"et7\" style=\"height: 22.5pt; width: 238.5pt; text-align: center;\" width=\"318\" height=\"30\">Transportart<\/td>\n<td class=\"et2\" style=\"text-align: center;\">See-, Stra\u00dfen- und Lufttransport<\/td>\n<\/tr>\n<\/tbody>\n<\/table>\n<ul>\n<li>Jede Form m\u00f6glich! Gebogene\/runde Sandwichpaneele \u2013 Skizze senden, 3D-Design erhalten<\/li>\n<li>KI-gesteuerte Layouts \u2013 Lagerfotos hochladen, Sandwichpaneel-Schnitte optimieren<\/li>\n<li>Milit\u00e4rische Verpackung \u2013 Besch\u00e4digte Sandwichpaneele = kostenloses Neuprodukt + $500 Guthaben<\/li>\n<li>EPA-zugelassene Sandwichpaneele \u2013 Qualifizieren f\u00fcr Steuerverg\u00fcnstigungen f\u00fcr umweltfreundliches Bauen<\/li>\n<li>Alte Paneele recyceln \u2013 50% Rabatt auf neue Bestellung + kostenloses umweltfreundliches Entsorgen<\/li>\n<li>Tesla-Gebrauchte Sandwichpaneele \u2013 Sehen Sie sich Erdbeben-Testvideos aus ihrer Fabrik in Nevada an<\/li>\n<li>-40\u00b0F Arktische Paneele \u2013 Halten Sie Lagerh\u00e4user in Deutschland warm mit halb so viel Energie<\/li>\n<li>Kostenlose j\u00e4hrliche \u00dcberpr\u00fcfungen \u2013 Scannen Sie den QR-Code auf Ihren Paneelen, um Wartung zu buchen<\/li>\n<li>91% Auftragnehmer Nachbestellung \u2013 Warum unsere Sandwichpaneele Stahl &amp; Beton \u00fcbertreffen<\/li>\n<li>Von NASA-Ingenieuren entwickeltes Verriegelungssystem \u2013 Ihre Paneele bewegen sich bei Hurrikans nicht<\/li>\n<li>Treuhandzahlungsschutz \u2013 Wir werden nur bezahlt, wenn Sie die Installation genehmigen<\/li>\n<\/ul>","protected":false},"featured_media":2276,"comment_status":"open","ping_status":"closed","template":"","meta":[],"product_brand":[],"product_cat":[33],"product_tag":[],"class_list":{"0":"post-5018","1":"product","2":"type-product","3":"status-publish","4":"has-post-thumbnail","6":"product_cat-metal-carved-board","8":"first","9":"instock","10":"shipping-taxable","11":"product-type-simple"},"yoast_head":"<!-- This site is optimized with the Yoast SEO plugin v24.2 - https:\/\/yoast.com\/wordpress\/plugins\/seo\/ -->\n<title>Fibreglass Sandwich Panel Astm Tested - Shang He Sandwich Panel<\/title>\n<meta name=\"description\" content=\"fibreglass sandwich panel The block-to-block construction makes it exceptionally easy for installers to work.Contact me to surprise you!\" \/>\n<meta name=\"robots\" content=\"index, follow, max-snippet:-1, max-image-preview:large, max-video-preview:-1\" \/>\n<link rel=\"canonical\" href=\"https:\/\/shanghepanel.com\/de\/product\/fibreglass-sandwich-panel\/\" \/>\n<meta property=\"og:locale\" content=\"de_DE\" \/>\n<meta property=\"og:type\" content=\"article\" \/>\n<meta property=\"og:title\" content=\"Fibreglass Sandwich Panel Astm Tested - Shang He Sandwich Panel\" \/>\n<meta property=\"og:description\" content=\"fibreglass sandwich panel The block-to-block construction makes it exceptionally easy for installers to work.Contact me to surprise you!\" \/>\n<meta property=\"og:url\" content=\"https:\/\/shanghepanel.com\/de\/product\/fibreglass-sandwich-panel\/\" \/>\n<meta property=\"og:site_name\" content=\"Shang He Sandwich Panel\" \/>\n<meta property=\"article:modified_time\" content=\"2025-06-05T06:05:17+00:00\" \/>\n<meta property=\"og:image\" content=\"https:\/\/shanghepanel.com\/wp-content\/uploads\/2024\/07\/RW-gc-367.jpg\" \/>\n\t<meta property=\"og:image:width\" content=\"800\" \/>\n\t<meta property=\"og:image:height\" content=\"800\" \/>\n\t<meta property=\"og:image:type\" content=\"image\/jpeg\" \/>\n<meta name=\"twitter:card\" content=\"summary_large_image\" \/>\n<meta name=\"twitter:label1\" content=\"Gesch\u00e4tzte Lesezeit\" \/>\n\t<meta name=\"twitter:data1\" content=\"4\u00a0Minuten\" \/>\n<script type=\"application\/ld+json\" class=\"yoast-schema-graph\">{\"@context\":\"https:\/\/schema.org\",\"@graph\":[{\"@type\":\"WebPage\",\"@id\":\"https:\/\/shanghepanel.com\/product\/fibreglass-sandwich-panel\/\",\"url\":\"https:\/\/shanghepanel.com\/product\/fibreglass-sandwich-panel\/\",\"name\":\"Fibreglass Sandwich Panel Astm Tested - Shang He Sandwich Panel\",\"isPartOf\":{\"@id\":\"https:\/\/shanghepanel.com\/#website\"},\"primaryImageOfPage\":{\"@id\":\"https:\/\/shanghepanel.com\/product\/fibreglass-sandwich-panel\/#primaryimage\"},\"image\":{\"@id\":\"https:\/\/shanghepanel.com\/product\/fibreglass-sandwich-panel\/#primaryimage\"},\"thumbnailUrl\":\"https:\/\/shanghepanel.com\/wp-content\/uploads\/2024\/07\/RW-gc-367.jpg\",\"datePublished\":\"2025-05-26T07:22:04+00:00\",\"dateModified\":\"2025-06-05T06:05:17+00:00\",\"description\":\"fibreglass sandwich panel The block-to-block construction makes it exceptionally easy for installers to work.Contact me to surprise you!\",\"breadcrumb\":{\"@id\":\"https:\/\/shanghepanel.com\/product\/fibreglass-sandwich-panel\/#breadcrumb\"},\"inLanguage\":\"de\",\"potentialAction\":[{\"@type\":\"ReadAction\",\"target\":[\"https:\/\/shanghepanel.com\/product\/fibreglass-sandwich-panel\/\"]}]},{\"@type\":\"ImageObject\",\"inLanguage\":\"de\",\"@id\":\"https:\/\/shanghepanel.com\/product\/fibreglass-sandwich-panel\/#primaryimage\",\"url\":\"https:\/\/shanghepanel.com\/wp-content\/uploads\/2024\/07\/RW-gc-367.jpg\",\"contentUrl\":\"https:\/\/shanghepanel.com\/wp-content\/uploads\/2024\/07\/RW-gc-367.jpg\",\"width\":800,\"height\":800},{\"@type\":\"BreadcrumbList\",\"@id\":\"https:\/\/shanghepanel.com\/product\/fibreglass-sandwich-panel\/#breadcrumb\",\"itemListElement\":[{\"@type\":\"ListItem\",\"position\":1,\"name\":\"\u9996\u9875\",\"item\":\"https:\/\/shanghepanel.com\/en\/\"},{\"@type\":\"ListItem\",\"position\":2,\"name\":\"\u4ea7\u54c1\",\"item\":\"https:\/\/shanghepanel.com\/index.php\/shop\/\"},{\"@type\":\"ListItem\",\"position\":3,\"name\":\"Fibreglass Sandwich Panel Astm Tested\"}]},{\"@type\":\"WebSite\",\"@id\":\"https:\/\/shanghepanel.com\/#website\",\"url\":\"https:\/\/shanghepanel.com\/\",\"name\":\"shanghepanel.com\",\"description\":\"\",\"publisher\":{\"@id\":\"https:\/\/shanghepanel.com\/#organization\"},\"potentialAction\":[{\"@type\":\"SearchAction\",\"target\":{\"@type\":\"EntryPoint\",\"urlTemplate\":\"https:\/\/shanghepanel.com\/?s={search_term_string}\"},\"query-input\":{\"@type\":\"PropertyValueSpecification\",\"valueRequired\":true,\"valueName\":\"search_term_string\"}}],\"inLanguage\":\"de\"},{\"@type\":\"Organization\",\"@id\":\"https:\/\/shanghepanel.com\/#organization\",\"name\":\"Shandong ShangHe New Construction Engineering Co., ltd.\",\"url\":\"https:\/\/shanghepanel.com\/\",\"logo\":{\"@type\":\"ImageObject\",\"inLanguage\":\"de\",\"@id\":\"https:\/\/shanghepanel.com\/#\/schema\/logo\/image\/\",\"url\":\"https:\/\/shanghepanel.com\/wp-content\/uploads\/2024\/03\/logo-1.png\",\"contentUrl\":\"https:\/\/shanghepanel.com\/wp-content\/uploads\/2024\/03\/logo-1.png\",\"width\":800,\"height\":800,\"caption\":\"Shandong ShangHe New Construction Engineering Co., ltd.\"},\"image\":{\"@id\":\"https:\/\/shanghepanel.com\/#\/schema\/logo\/image\/\"}}]}<\/script>\n<!-- \/ Yoast SEO plugin. -->","yoast_head_json":{"title":"Fiberglas-Sandwichpaneel ASTM-gepr\u00fcft - Shang He Sandwichpaneel","description":"Faserverbund-Sandwichplatte Die Block-zu-Block-Konstruktion macht die Arbeit f\u00fcr Monteure au\u00dfergew\u00f6hnlich einfach. Kontaktieren Sie mich, um Sie zu \u00fcberraschen!","robots":{"index":"index","follow":"follow","max-snippet":"max-snippet:-1","max-image-preview":"max-image-preview:large","max-video-preview":"max-video-preview:-1"},"canonical":"https:\/\/shanghepanel.com\/de\/product\/fibreglass-sandwich-panel\/","og_locale":"de_DE","og_type":"article","og_title":"Fibreglass Sandwich Panel Astm Tested - Shang He Sandwich Panel","og_description":"fibreglass sandwich panel The block-to-block construction makes it exceptionally easy for installers to work.Contact me to surprise you!","og_url":"https:\/\/shanghepanel.com\/de\/product\/fibreglass-sandwich-panel\/","og_site_name":"Shang He Sandwich Panel","article_modified_time":"2025-06-05T06:05:17+00:00","og_image":[{"width":800,"height":800,"url":"https:\/\/shanghepanel.com\/wp-content\/uploads\/2024\/07\/RW-gc-367.jpg","type":"image\/jpeg"}],"twitter_card":"summary_large_image","twitter_misc":{"Gesch\u00e4tzte Lesezeit":"4\u00a0Minuten"},"schema":{"@context":"https:\/\/schema.org","@graph":[{"@type":"WebPage","@id":"https:\/\/shanghepanel.com\/product\/fibreglass-sandwich-panel\/","url":"https:\/\/shanghepanel.com\/product\/fibreglass-sandwich-panel\/","name":"Fiberglas-Sandwichpaneel ASTM-gepr\u00fcft - Shang He Sandwichpaneel","isPartOf":{"@id":"https:\/\/shanghepanel.com\/#website"},"primaryImageOfPage":{"@id":"https:\/\/shanghepanel.com\/product\/fibreglass-sandwich-panel\/#primaryimage"},"image":{"@id":"https:\/\/shanghepanel.com\/product\/fibreglass-sandwich-panel\/#primaryimage"},"thumbnailUrl":"https:\/\/shanghepanel.com\/wp-content\/uploads\/2024\/07\/RW-gc-367.jpg","datePublished":"2025-05-26T07:22:04+00:00","dateModified":"2025-06-05T06:05:17+00:00","description":"Faserverbund-Sandwichplatte Die Block-zu-Block-Konstruktion macht die Arbeit f\u00fcr Monteure au\u00dfergew\u00f6hnlich einfach. Kontaktieren Sie mich, um Sie zu \u00fcberraschen!","breadcrumb":{"@id":"https:\/\/shanghepanel.com\/product\/fibreglass-sandwich-panel\/#breadcrumb"},"inLanguage":"de","potentialAction":[{"@type":"ReadAction","target":["https:\/\/shanghepanel.com\/product\/fibreglass-sandwich-panel\/"]}]},{"@type":"ImageObject","inLanguage":"de","@id":"https:\/\/shanghepanel.com\/product\/fibreglass-sandwich-panel\/#primaryimage","url":"https:\/\/shanghepanel.com\/wp-content\/uploads\/2024\/07\/RW-gc-367.jpg","contentUrl":"https:\/\/shanghepanel.com\/wp-content\/uploads\/2024\/07\/RW-gc-367.jpg","width":800,"height":800},{"@type":"BreadcrumbList","@id":"https:\/\/shanghepanel.com\/product\/fibreglass-sandwich-panel\/#breadcrumb","itemListElement":[{"@type":"ListItem","position":1,"name":"\u9996\u9875","item":"https:\/\/shanghepanel.com\/en\/"},{"@type":"ListItem","position":2,"name":"\u4ea7\u54c1","item":"https:\/\/shanghepanel.com\/index.php\/shop\/"},{"@type":"ListItem","position":3,"name":"Fibreglass Sandwich Panel Astm Tested"}]},{"@type":"WebSite","@id":"https:\/\/shanghepanel.com\/#website","url":"https:\/\/shanghepanel.com\/","name":"shanghepanel.com","description":"","publisher":{"@id":"https:\/\/shanghepanel.com\/#organization"},"potentialAction":[{"@type":"SearchAction","target":{"@type":"EntryPoint","urlTemplate":"https:\/\/shanghepanel.com\/?s={search_term_string}"},"query-input":{"@type":"PropertyValueSpecification","valueRequired":true,"valueName":"search_term_string"}}],"inLanguage":"de"},{"@type":"Organization","@id":"https:\/\/shanghepanel.com\/#organization","name":"Shandong ShangHe Neubauingenieurgesellschaft mbH","url":"https:\/\/shanghepanel.com\/","logo":{"@type":"ImageObject","inLanguage":"de","@id":"https:\/\/shanghepanel.com\/#\/schema\/logo\/image\/","url":"https:\/\/shanghepanel.com\/wp-content\/uploads\/2024\/03\/logo-1.png","contentUrl":"https:\/\/shanghepanel.com\/wp-content\/uploads\/2024\/03\/logo-1.png","width":800,"height":800,"caption":"Shandong ShangHe New Construction Engineering Co., ltd."},"image":{"@id":"https:\/\/shanghepanel.com\/#\/schema\/logo\/image\/"}}]}},"_links":{"self":[{"href":"https:\/\/shanghepanel.com\/de\/wp-json\/wp\/v2\/product\/5018","targetHints":{"allow":["GET"]}}],"collection":[{"href":"https:\/\/shanghepanel.com\/de\/wp-json\/wp\/v2\/product"}],"about":[{"href":"https:\/\/shanghepanel.com\/de\/wp-json\/wp\/v2\/types\/product"}],"replies":[{"embeddable":true,"href":"https:\/\/shanghepanel.com\/de\/wp-json\/wp\/v2\/comments?post=5018"}],"version-history":[{"count":0,"href":"https:\/\/shanghepanel.com\/de\/wp-json\/wp\/v2\/product\/5018\/revisions"}],"wp:featuredmedia":[{"embeddable":true,"href":"https:\/\/shanghepanel.com\/de\/wp-json\/wp\/v2\/media\/2276"}],"wp:attachment":[{"href":"https:\/\/shanghepanel.com\/de\/wp-json\/wp\/v2\/media?parent=5018"}],"wp:term":[{"taxonomy":"product_brand","embeddable":true,"href":"https:\/\/shanghepanel.com\/de\/wp-json\/wp\/v2\/product_brand?post=5018"},{"taxonomy":"product_cat","embeddable":true,"href":"https:\/\/shanghepanel.com\/de\/wp-json\/wp\/v2\/product_cat?post=5018"},{"taxonomy":"product_tag","embeddable":true,"href":"https:\/\/shanghepanel.com\/de\/wp-json\/wp\/v2\/product_tag?post=5018"}],"curies":[{"name":"wp","href":"https:\/\/api.w.org\/{rel}","templated":true}]}}