{"id":5020,"date":"2025-05-26T15:29:14","date_gmt":"2025-05-26T07:29:14","guid":{"rendered":"https:\/\/shanghepanel.com\/?post_type=product&#038;p=5020"},"modified":"2025-06-05T14:05:02","modified_gmt":"2025-06-05T06:05:02","slug":"composite-sandwich-panel","status":"publish","type":"product","link":"https:\/\/shanghepanel.com\/de\/product\/composite-sandwich-panel\/","title":{"rendered":"Verbund-Sandwichpaneel Sandwichpaneele F\u00fcr Schnelle"},"content":{"rendered":"<h2 style=\"text-align: center;\"><span style=\"color: #000080;\"><strong>Wie Kohlefaser Verbund-Sandwichpaneele in technische Wunderwerke verwandelt<\/strong><\/span><\/h2>\n<p class=\"ds-markdown-paragraph\"><span>Wei\u00dft du, was alles von Flugzeugen bis Wolkenkratzern revolutioniert? Kohlefaser in Verbund-Sandwichpaneelen. Diese Paneele kombinieren einen leichten Kern\u2014wie Schaum oder Wabenkern\u2014mit ultra-starken Kohlefaserh\u00e4uten. Das Ergebnis? Ein Material, das h\u00e4rter als Stahl ist, aber leicht genug zum Schweben. NASA verwendet ber\u00fchmt Kohlefaser-verst\u00e4rkte Paneele in Raumfahrzeugen, weil sie extreme Hitze und Stress aushalten. F\u00fcr den Alltag im Bau bedeutet das, dass Geb\u00e4ude st\u00e4rker werden, ohne an Volumen zuzulegen. Au\u00dferdem lieben LEED-zertifizierte Projekte sie, um den Energieverbrauch zu reduzieren. Wenn du also Haltbarkeit ohne Gewicht willst, sind Kohlefaser-Sandwichpaneele die L\u00f6sung.<\/span><\/p>\n<h3 style=\"text-align: center;\"><span style=\"color: #000080;\"><strong>Verbundpaneele 101: Grundwissen und ihre vielseitigen Anwendungen<\/strong><\/span><\/h3>\n<p class=\"ds-markdown-paragraph\"><span>Lass uns das aufschl\u00fcsseln: Verbundpaneele sind wie ein High-Tech-Sandwich. Zwei starre \u00e4u\u00dfere Schichten (denk an Aluminium oder Glasfaser) umarmen einen weicheren Kern\u2014zum Beispiel Schaum oder Polymer. Diese Kombination schafft ein Material, das sowohl steif als auch leicht ist. MIT-Forscher haben herausgefunden, dass Verbundpaneele die Baukosten um 20% senken k\u00f6nnen, dank ihrer einfachen Installation. Von Flughafend\u00e4chern bis zu Wohnmobilb\u00f6den sind diese Paneele \u00fcberall. Sie sind feuerfest, wetterfest und d\u00e4mpfen sogar den Schall. Oh, und Architekten lieben sie f\u00fcr elegante, moderne Designs. Fazit? Wenn du Vielseitigkeit brauchst, liefern Verbundpaneele.<\/span><\/p>\n<hr \/>\n<table style=\"border-collapse: collapse; width: 1369px; height: 337px;\" border=\"0\" width=\"1354\" cellspacing=\"0\" cellpadding=\"0\">\n<tbody>\n<tr style=\"height: 22.50pt;\">\n<td class=\"et3\" style=\"height: 22.5pt; width: 1015.5pt; text-align: center;\" colspan=\"4\" width=\"1354\" height=\"30\">\n<h3><span style=\"color: #000080;\">Wichtige Eigenschaften<\/span><\/h3>\n<\/td>\n<\/tr>\n<tr style=\"height: 22.50pt;\">\n<td class=\"et4\" style=\"height: 22.5pt; text-align: center;\" height=\"30\">Design<\/td>\n<td class=\"et4\" style=\"text-align: center;\">das heutige Zeitalter<\/td>\n<td class=\"et4\" style=\"text-align: center;\">Kundendienst<\/td>\n<td class=\"et4\" style=\"text-align: center;\">Online-Technischer Support, Sonstiges<\/td>\n<\/tr>\n<tr style=\"height: 22.50pt;\">\n<td class=\"et5\" style=\"height: 22.5pt; text-align: center;\" height=\"30\">Herkunft<\/td>\n<td class=\"et5\" style=\"text-align: center;\">Shandong, China<\/td>\n<td class=\"et5\" style=\"text-align: center;\">Anwendungsszenarien<\/td>\n<td class=\"et5\" style=\"text-align: center;\">Lagerhaus<\/td>\n<\/tr>\n<tr style=\"height: 23.25pt;\">\n<td class=\"et5\" style=\"height: 23.25pt; text-align: center;\" height=\"31\">Marke<\/td>\n<td class=\"et5\" style=\"text-align: center;\">SH<\/td>\n<td class=\"et5\" style=\"text-align: center;\">Garantieservice<\/td>\n<td class=\"et6\" style=\"width: 238.5pt; text-align: center;\" width=\"318\">Polyurethan<\/td>\n<\/tr>\n<tr style=\"height: 22.50pt;\">\n<td class=\"et5\" style=\"height: 22.5pt; text-align: center;\" height=\"30\">Paneelmaterial<\/td>\n<td class=\"et5\" style=\"text-align: center;\">Polyurethan<\/td>\n<td class=\"et5\" style=\"text-align: center;\">Modelle<\/td>\n<td class=\"et5\" style=\"text-align: center;\">SH 150mm<\/td>\n<\/tr>\n<tr style=\"height: 23.25pt;\">\n<td class=\"et5\" style=\"height: 23.25pt; text-align: center;\" height=\"31\">Nutzung<\/td>\n<td class=\"et7\" style=\"width: 256.5pt; text-align: center;\" width=\"342\">Au\u00dfenraumgestaltung<\/td>\n<td class=\"et8\" style=\"width: 195pt; text-align: center;\" width=\"260\">Produktname<\/td>\n<td class=\"et5\" style=\"text-align: center;\">Verbundsandwichpaneel<\/td>\n<\/tr>\n<tr style=\"height: 23.25pt;\">\n<td class=\"et5\" style=\"height: 23.25pt; text-align: center;\" height=\"31\">Oberfl\u00e4chenmaterial<\/td>\n<td class=\"et9\" style=\"width: 256.5pt; text-align: center;\" width=\"342\">Metallisch<\/td>\n<td class=\"et5\" style=\"text-align: center;\">Mindestbestellmenge<\/td>\n<td class=\"et5\" style=\"text-align: center;\">Personalisierung<\/td>\n<\/tr>\n<tr style=\"height: 22.50pt;\">\n<td class=\"et5\" style=\"height: 22.5pt; text-align: center;\" height=\"30\">Dicke<\/td>\n<td class=\"et5\" style=\"text-align: center;\">16MM\/20MM\/25MM<\/td>\n<td class=\"et5\" style=\"text-align: center;\">Farbe<\/td>\n<td class=\"et5\" style=\"text-align: center;\">Helles Rot, Zinnober, Limette, Himmelblau, Aquamarin, Erbsengr\u00fcn oder individuell anpassbar<\/td>\n<\/tr>\n<tr style=\"height: 22.50pt;\">\n<td class=\"et10\" style=\"height: 22.5pt; text-align: center;\" height=\"30\">Breite<\/td>\n<td class=\"et2\" style=\"text-align: center;\">100mm,120mm,150mm,200mm<\/td>\n<td class=\"et2\"><\/td>\n<td class=\"et2\"><\/td>\n<\/tr>\n<\/tbody>\n<\/table>\n<h3 style=\"text-align: center;\"><span style=\"color: #000080;\"><strong>Die Bedeutung des Kernmaterials f\u00fcr die Langlebigkeit von Verbund-Sandwichpaneelen<\/strong><\/span><\/h3>\n<p class=\"ds-markdown-paragraph\"><span>Hier ist die Sache: Das Kernmaterial ist der unerkannte Held der Verbund-Sandwichpaneele. Ob Polyurethanschaum oder Balsaholz, das Kernmaterial entscheidet, wie die Paneele performen. W\u00e4hrend PET-Schaumkerne umweltfreundlich und 100% recycelbar sind\u2014perfekt f\u00fcr gr\u00fcne Geb\u00e4ude. Eine Studie von 2023 von Stanford zeigte, dass Paneele mit fortschrittlichen Kernen in rauen Klimazonen 30% l\u00e4nger halten. Also, beim Sparen am Kern, zahlt man sp\u00e4ter drauf. W\u00e4hle weise, und deine Paneele werden die Konkurrenz \u00fcberleben.<\/span><\/p>\n<hr \/>\n<h3 style=\"text-align: center;\"><span style=\"color: #000080;\"><strong>Verbundsandwichl\u00f6sungen f\u00fcr LEED-zertifizierte gr\u00fcne Geb\u00e4ude<\/strong><\/span><\/h3>\n<p class=\"ds-markdown-paragraph\"><span>Hier ist die Sache: Das Kernmaterial ist der Ort, an dem die Magie passiert. Du hast Optionen\u2014wie PVC-Schaum f\u00fcr Isolierung oder Aluminium-Wabenkern, wenn du den \u201eunzerst\u00f6rbaren\u201c Modus brauchst (Kampfjets verwenden das Zeug). Airbus setzt in Flugzeugen Polyurethanschaum ein, um L\u00e4rm und Vibrationen zu minimieren. Aber warte\u2014das Kernmaterial, das du w\u00e4hlst, \u00e4ndert alles. Willst du, dass deine Paneele schweben? W\u00e4hle leichten Schaum. Musst du, dass sie einem Abriss standhalten? Wabenkern ist dein Ding. Architekten m\u00f6gen Balsaholzkerne f\u00fcr Umweltprojekte, weil sie erneuerbar sind. Fazit: Passe das Kernmaterial an den Stil deines Projekts an.<\/span><\/p>\n<h3 style=\"text-align: center;\"><span style=\"color: #000080;\"><strong>Warum Architekten Sandwichpaneele f\u00fcr umweltfreundliche und langlebige Designs w\u00e4hlen<\/strong><\/span><\/h3>\n<p><span>Architekten verzichten auf alte Materialien zugunsten von Sandwichpaneelen, und hier ist warum: Sie sind leicht, was kleinere Fundamente und geringere Transportemissionen bedeutet. Ein aktueller AIA-Bericht zeigte, dass 67% der Firmen jetzt Sandwichpaneele f\u00fcr gewerbliche Projekte spezifizieren. Die Paneele biegen sich (buchst\u00e4blich!) in kreative Formen\u2014denke an geschwungene Fassaden oder Kuppeld\u00e4cher. Und mit Optionen wie feuerbest\u00e4ndigen mineralischen Kernen erf\u00fcllen sie strenge Sicherheitsvorschriften ohne Volumen. Oh, und Wartung? Ein kurzer Wasserstrahl h\u00e4lt sie wie neu aussehen. F\u00fcr Designs, die Sch\u00f6nheit und Funktion verbinden, gewinnen Sandwichpaneele jedes Mal.<\/span><\/p>\n<p>&nbsp;<\/p>","protected":false},"excerpt":{"rendered":"<table style=\"border-collapse: collapse; width: 470.27pt;\" border=\"0\" width=\"627\" cellspacing=\"0\" cellpadding=\"0\">\n<tbody>\n<tr style=\"height: 22.50pt;\">\n<td class=\"et2\" style=\"height: 22.5pt; width: 238.5pt; text-align: center;\" width=\"318\" height=\"30\">Typ<\/td>\n<td class=\"et2\" style=\"width: 231.75pt; text-align: center;\" width=\"309\">Organosilicon<\/td>\n<\/tr>\n<tr style=\"height: 22.50pt;\">\n<td class=\"et2\" style=\"height: 22.5pt; text-align: center;\" height=\"30\">Brandschutzklasse<\/td>\n<td class=\"et2\" style=\"text-align: center;\">Klasse A (ASTM E84)<\/td>\n<\/tr>\n<tr style=\"height: 22.50pt;\">\n<td class=\"et2\" style=\"height: 22.5pt; text-align: center;\" height=\"30\">Druckfestigkeit<\/td>\n<td class=\"et4\" style=\"text-align: center;\">\u2265300\/kPa<\/td>\n<\/tr>\n<tr style=\"height: 22.50pt;\">\n<td class=\"et2\" style=\"height: 22.5pt; text-align: center;\" height=\"30\">Liefermethode<\/td>\n<td class=\"et2\" style=\"text-align: center;\">Ware auf Lager<\/td>\n<\/tr>\n<tr style=\"height: 22.50pt;\">\n<td class=\"et5\" style=\"height: 22.5pt; text-align: center;\" colspan=\"2\" height=\"30\">\n<h3><span style=\"color: #ff0000;\">(Klicken Sie hier) f\u00fcr kostenlose Muster<\/span><\/h3>\n<\/td>\n<\/tr>\n<tr style=\"height: 22.50pt;\">\n<td class=\"et7\" style=\"height: 22.5pt; width: 238.5pt; text-align: center;\" width=\"318\" height=\"30\">Transportart<\/td>\n<td class=\"et2\" style=\"text-align: center;\">See-, Stra\u00dfen- und Lufttransport<\/td>\n<\/tr>\n<\/tbody>\n<\/table>\n<ul>\n<li>Tesla-Gebrauchte Sandwichpaneele \u2013 Sehen Sie sich Erdbeben-Testvideos aus ihrer Fabrik in Nevada an<\/li>\n<li>-40\u00b0F Arktische Paneele \u2013 Halten Sie Lagerh\u00e4user in Deutschland warm mit halb so viel Energie<\/li>\n<li>Kostenlose j\u00e4hrliche \u00dcberpr\u00fcfungen \u2013 Scannen Sie den QR-Code auf Ihren Paneelen, um Wartung zu buchen<\/li>\n<li>91% Auftragnehmer Nachbestellung \u2013 Warum unsere Sandwichpaneele Stahl &amp; Beton \u00fcbertreffen<\/li>\n<li>Von NASA-Ingenieuren entwickeltes Verriegelungssystem \u2013 Ihre Paneele bewegen sich bei Hurrikans nicht<\/li>\n<li>Treuhandzahlungsschutz \u2013 Wir werden nur bezahlt, wenn Sie die Installation genehmigen<\/li>\n<li>Das Schnappverschluss-Design halbiert Ihre Aufbauzeit<\/li>\n<li>Keine Sch\u00e4tzpreise \u2013 verwenden Sie unseren Online-Rechner, um die genauen Kosten f\u00fcr Materialien, Versand und Steuern zu sehen.<\/li>\n<li>Passen Sie Ihre Spezifikationen an: Geben Sie Ma\u00dfe ein und sehen Sie sofort 3D-Vorschauen mit Echtzeitpreisen<\/li>\n<li>Kostenlose professionelle Designhilfe inklusive<\/li>\n<li>Erhalten Sie sofort Angebote online (Versand &amp; Steuern inklusive) \u2013 keine versteckten Geb\u00fchren.<\/li>\n<li>Unser intelligentes KI-Tool empfiehlt automatisch die besten Materialien f\u00fcr Ihr Projekt.<\/li>\n<li>RoHS-Konformit\u00e4tsdokumente zum Download bereit \u2013 durchlaufen Sie den Zoll mit einem Klick!<\/li>\n<li>24-Stunden-Versand bei Standard-Sandwichpaneelen \u2013 Schneller als Bestellungen bei Baum\u00e4rkten!<\/li>\n<li>Snap-Fit Sandwichpaneele \u2013 1000 sqft in 3 Stunden installieren (Sehen Sie, wie unser Hund es macht!)<\/li>\n<li>UL-Feuerfeste Sandwichpaneele \u2013 Testvideos &amp; Zertifikate sofort herunterladen<\/li>\n<li>20-Jahres-Rostfrei-Garantie \u2013 Wir zahlen $1000, wenn Ihre Metall-Sandwichpaneele korrodieren<\/li>\n<\/ul>","protected":false},"featured_media":2276,"comment_status":"open","ping_status":"closed","template":"","meta":[],"product_brand":[],"product_cat":[33],"product_tag":[],"class_list":{"0":"post-5020","1":"product","2":"type-product","3":"status-publish","4":"has-post-thumbnail","6":"product_cat-metal-carved-board","8":"first","9":"instock","10":"shipping-taxable","11":"product-type-simple"},"yoast_head":"<!-- This site is optimized with the Yoast SEO plugin v24.2 - https:\/\/yoast.com\/wordpress\/plugins\/seo\/ -->\n<title>Composite Sandwich Panel Sandwich Panels For Fast - Shang He Sandwich Panel<\/title>\n<meta name=\"description\" content=\"composite sandwich panel The block-to-block construction makes it exceptionally easy for installers to work.Contact me to surprise you!\" \/>\n<meta name=\"robots\" content=\"index, follow, max-snippet:-1, max-image-preview:large, max-video-preview:-1\" \/>\n<link rel=\"canonical\" href=\"https:\/\/shanghepanel.com\/de\/product\/composite-sandwich-panel\/\" \/>\n<meta property=\"og:locale\" content=\"de_DE\" \/>\n<meta property=\"og:type\" content=\"article\" \/>\n<meta property=\"og:title\" content=\"Composite Sandwich Panel Sandwich Panels For Fast - Shang He Sandwich Panel\" \/>\n<meta property=\"og:description\" content=\"composite sandwich panel The block-to-block construction makes it exceptionally easy for installers to work.Contact me to surprise you!\" \/>\n<meta property=\"og:url\" content=\"https:\/\/shanghepanel.com\/de\/product\/composite-sandwich-panel\/\" \/>\n<meta property=\"og:site_name\" content=\"Shang He Sandwich Panel\" \/>\n<meta property=\"article:modified_time\" content=\"2025-06-05T06:05:02+00:00\" \/>\n<meta property=\"og:image\" content=\"https:\/\/shanghepanel.com\/wp-content\/uploads\/2024\/07\/RW-gc-367.jpg\" \/>\n\t<meta property=\"og:image:width\" content=\"800\" \/>\n\t<meta property=\"og:image:height\" content=\"800\" \/>\n\t<meta property=\"og:image:type\" content=\"image\/jpeg\" \/>\n<meta name=\"twitter:card\" content=\"summary_large_image\" \/>\n<meta name=\"twitter:label1\" content=\"Gesch\u00e4tzte Lesezeit\" \/>\n\t<meta name=\"twitter:data1\" content=\"3\u00a0Minuten\" \/>\n<script type=\"application\/ld+json\" class=\"yoast-schema-graph\">{\"@context\":\"https:\/\/schema.org\",\"@graph\":[{\"@type\":\"WebPage\",\"@id\":\"https:\/\/shanghepanel.com\/product\/composite-sandwich-panel\/\",\"url\":\"https:\/\/shanghepanel.com\/product\/composite-sandwich-panel\/\",\"name\":\"Composite Sandwich Panel Sandwich Panels For Fast - Shang He Sandwich Panel\",\"isPartOf\":{\"@id\":\"https:\/\/shanghepanel.com\/#website\"},\"primaryImageOfPage\":{\"@id\":\"https:\/\/shanghepanel.com\/product\/composite-sandwich-panel\/#primaryimage\"},\"image\":{\"@id\":\"https:\/\/shanghepanel.com\/product\/composite-sandwich-panel\/#primaryimage\"},\"thumbnailUrl\":\"https:\/\/shanghepanel.com\/wp-content\/uploads\/2024\/07\/RW-gc-367.jpg\",\"datePublished\":\"2025-05-26T07:29:14+00:00\",\"dateModified\":\"2025-06-05T06:05:02+00:00\",\"description\":\"composite sandwich panel The block-to-block construction makes it exceptionally easy for installers to work.Contact me to surprise you!\",\"breadcrumb\":{\"@id\":\"https:\/\/shanghepanel.com\/product\/composite-sandwich-panel\/#breadcrumb\"},\"inLanguage\":\"de\",\"potentialAction\":[{\"@type\":\"ReadAction\",\"target\":[\"https:\/\/shanghepanel.com\/product\/composite-sandwich-panel\/\"]}]},{\"@type\":\"ImageObject\",\"inLanguage\":\"de\",\"@id\":\"https:\/\/shanghepanel.com\/product\/composite-sandwich-panel\/#primaryimage\",\"url\":\"https:\/\/shanghepanel.com\/wp-content\/uploads\/2024\/07\/RW-gc-367.jpg\",\"contentUrl\":\"https:\/\/shanghepanel.com\/wp-content\/uploads\/2024\/07\/RW-gc-367.jpg\",\"width\":800,\"height\":800},{\"@type\":\"BreadcrumbList\",\"@id\":\"https:\/\/shanghepanel.com\/product\/composite-sandwich-panel\/#breadcrumb\",\"itemListElement\":[{\"@type\":\"ListItem\",\"position\":1,\"name\":\"\u9996\u9875\",\"item\":\"https:\/\/shanghepanel.com\/en\/\"},{\"@type\":\"ListItem\",\"position\":2,\"name\":\"\u4ea7\u54c1\",\"item\":\"https:\/\/shanghepanel.com\/index.php\/shop\/\"},{\"@type\":\"ListItem\",\"position\":3,\"name\":\"Composite Sandwich Panel Sandwich Panels For Fast\"}]},{\"@type\":\"WebSite\",\"@id\":\"https:\/\/shanghepanel.com\/#website\",\"url\":\"https:\/\/shanghepanel.com\/\",\"name\":\"shanghepanel.com\",\"description\":\"\",\"publisher\":{\"@id\":\"https:\/\/shanghepanel.com\/#organization\"},\"potentialAction\":[{\"@type\":\"SearchAction\",\"target\":{\"@type\":\"EntryPoint\",\"urlTemplate\":\"https:\/\/shanghepanel.com\/?s={search_term_string}\"},\"query-input\":{\"@type\":\"PropertyValueSpecification\",\"valueRequired\":true,\"valueName\":\"search_term_string\"}}],\"inLanguage\":\"de\"},{\"@type\":\"Organization\",\"@id\":\"https:\/\/shanghepanel.com\/#organization\",\"name\":\"Shandong ShangHe New Construction Engineering Co., ltd.\",\"url\":\"https:\/\/shanghepanel.com\/\",\"logo\":{\"@type\":\"ImageObject\",\"inLanguage\":\"de\",\"@id\":\"https:\/\/shanghepanel.com\/#\/schema\/logo\/image\/\",\"url\":\"https:\/\/shanghepanel.com\/wp-content\/uploads\/2024\/03\/logo-1.png\",\"contentUrl\":\"https:\/\/shanghepanel.com\/wp-content\/uploads\/2024\/03\/logo-1.png\",\"width\":800,\"height\":800,\"caption\":\"Shandong ShangHe New Construction Engineering Co., ltd.\"},\"image\":{\"@id\":\"https:\/\/shanghepanel.com\/#\/schema\/logo\/image\/\"}}]}<\/script>\n<!-- \/ Yoast SEO plugin. -->","yoast_head_json":{"title":"Composite Sandwich Panel Sandwich Panels F\u00fcr Schnelle - Shang He Sandwich Panel","description":"Composite-Sandwichpaneel Die Block-zu-Block-Konstruktion macht es den Monteuren au\u00dfergew\u00f6hnlich einfach zu arbeiten. Kontaktieren Sie mich, um Sie zu \u00fcberraschen!","robots":{"index":"index","follow":"follow","max-snippet":"max-snippet:-1","max-image-preview":"max-image-preview:large","max-video-preview":"max-video-preview:-1"},"canonical":"https:\/\/shanghepanel.com\/de\/product\/composite-sandwich-panel\/","og_locale":"de_DE","og_type":"article","og_title":"Composite Sandwich Panel Sandwich Panels For Fast - Shang He Sandwich Panel","og_description":"composite sandwich panel The block-to-block construction makes it exceptionally easy for installers to work.Contact me to surprise you!","og_url":"https:\/\/shanghepanel.com\/de\/product\/composite-sandwich-panel\/","og_site_name":"Shang He Sandwich Panel","article_modified_time":"2025-06-05T06:05:02+00:00","og_image":[{"width":800,"height":800,"url":"https:\/\/shanghepanel.com\/wp-content\/uploads\/2024\/07\/RW-gc-367.jpg","type":"image\/jpeg"}],"twitter_card":"summary_large_image","twitter_misc":{"Gesch\u00e4tzte Lesezeit":"3\u00a0Minuten"},"schema":{"@context":"https:\/\/schema.org","@graph":[{"@type":"WebPage","@id":"https:\/\/shanghepanel.com\/product\/composite-sandwich-panel\/","url":"https:\/\/shanghepanel.com\/product\/composite-sandwich-panel\/","name":"Composite Sandwich Panel Sandwich Panels F\u00fcr Schnelle - Shang He Sandwich Panel","isPartOf":{"@id":"https:\/\/shanghepanel.com\/#website"},"primaryImageOfPage":{"@id":"https:\/\/shanghepanel.com\/product\/composite-sandwich-panel\/#primaryimage"},"image":{"@id":"https:\/\/shanghepanel.com\/product\/composite-sandwich-panel\/#primaryimage"},"thumbnailUrl":"https:\/\/shanghepanel.com\/wp-content\/uploads\/2024\/07\/RW-gc-367.jpg","datePublished":"2025-05-26T07:29:14+00:00","dateModified":"2025-06-05T06:05:02+00:00","description":"Composite-Sandwichpaneel Die Block-zu-Block-Konstruktion macht es den Monteuren au\u00dfergew\u00f6hnlich einfach zu arbeiten. Kontaktieren Sie mich, um Sie zu \u00fcberraschen!","breadcrumb":{"@id":"https:\/\/shanghepanel.com\/product\/composite-sandwich-panel\/#breadcrumb"},"inLanguage":"de","potentialAction":[{"@type":"ReadAction","target":["https:\/\/shanghepanel.com\/product\/composite-sandwich-panel\/"]}]},{"@type":"ImageObject","inLanguage":"de","@id":"https:\/\/shanghepanel.com\/product\/composite-sandwich-panel\/#primaryimage","url":"https:\/\/shanghepanel.com\/wp-content\/uploads\/2024\/07\/RW-gc-367.jpg","contentUrl":"https:\/\/shanghepanel.com\/wp-content\/uploads\/2024\/07\/RW-gc-367.jpg","width":800,"height":800},{"@type":"BreadcrumbList","@id":"https:\/\/shanghepanel.com\/product\/composite-sandwich-panel\/#breadcrumb","itemListElement":[{"@type":"ListItem","position":1,"name":"\u9996\u9875","item":"https:\/\/shanghepanel.com\/en\/"},{"@type":"ListItem","position":2,"name":"\u4ea7\u54c1","item":"https:\/\/shanghepanel.com\/index.php\/shop\/"},{"@type":"ListItem","position":3,"name":"Composite Sandwich Panel Sandwich Panels For Fast"}]},{"@type":"WebSite","@id":"https:\/\/shanghepanel.com\/#website","url":"https:\/\/shanghepanel.com\/","name":"shanghepanel.com","description":"","publisher":{"@id":"https:\/\/shanghepanel.com\/#organization"},"potentialAction":[{"@type":"SearchAction","target":{"@type":"EntryPoint","urlTemplate":"https:\/\/shanghepanel.com\/?s={search_term_string}"},"query-input":{"@type":"PropertyValueSpecification","valueRequired":true,"valueName":"search_term_string"}}],"inLanguage":"de"},{"@type":"Organization","@id":"https:\/\/shanghepanel.com\/#organization","name":"Shandong ShangHe Neubauingenieurgesellschaft mbH","url":"https:\/\/shanghepanel.com\/","logo":{"@type":"ImageObject","inLanguage":"de","@id":"https:\/\/shanghepanel.com\/#\/schema\/logo\/image\/","url":"https:\/\/shanghepanel.com\/wp-content\/uploads\/2024\/03\/logo-1.png","contentUrl":"https:\/\/shanghepanel.com\/wp-content\/uploads\/2024\/03\/logo-1.png","width":800,"height":800,"caption":"Shandong ShangHe New Construction Engineering Co., ltd."},"image":{"@id":"https:\/\/shanghepanel.com\/#\/schema\/logo\/image\/"}}]}},"_links":{"self":[{"href":"https:\/\/shanghepanel.com\/de\/wp-json\/wp\/v2\/product\/5020","targetHints":{"allow":["GET"]}}],"collection":[{"href":"https:\/\/shanghepanel.com\/de\/wp-json\/wp\/v2\/product"}],"about":[{"href":"https:\/\/shanghepanel.com\/de\/wp-json\/wp\/v2\/types\/product"}],"replies":[{"embeddable":true,"href":"https:\/\/shanghepanel.com\/de\/wp-json\/wp\/v2\/comments?post=5020"}],"version-history":[{"count":0,"href":"https:\/\/shanghepanel.com\/de\/wp-json\/wp\/v2\/product\/5020\/revisions"}],"wp:featuredmedia":[{"embeddable":true,"href":"https:\/\/shanghepanel.com\/de\/wp-json\/wp\/v2\/media\/2276"}],"wp:attachment":[{"href":"https:\/\/shanghepanel.com\/de\/wp-json\/wp\/v2\/media?parent=5020"}],"wp:term":[{"taxonomy":"product_brand","embeddable":true,"href":"https:\/\/shanghepanel.com\/de\/wp-json\/wp\/v2\/product_brand?post=5020"},{"taxonomy":"product_cat","embeddable":true,"href":"https:\/\/shanghepanel.com\/de\/wp-json\/wp\/v2\/product_cat?post=5020"},{"taxonomy":"product_tag","embeddable":true,"href":"https:\/\/shanghepanel.com\/de\/wp-json\/wp\/v2\/product_tag?post=5020"}],"curies":[{"name":"wp","href":"https:\/\/api.w.org\/{rel}","templated":true}]}}