{"id":5031,"date":"2025-05-26T17:16:09","date_gmt":"2025-05-26T09:16:09","guid":{"rendered":"https:\/\/shanghepanel.com\/?post_type=product&#038;p=5031"},"modified":"2025-06-05T14:04:08","modified_gmt":"2025-06-05T06:04:08","slug":"fabrica-panel-sandwich","status":"publish","type":"product","link":"https:\/\/shanghepanel.com\/de\/product\/fabrica-panel-sandwich\/","title":{"rendered":"Fabrica Panel Sandwich Sandwichpaneele F\u00fcr Schnelle"},"content":{"rendered":"<h2 style=\"text-align: center;\"><span style=\"color: #000000;\"><strong>PIR Fabrica Panel Sandwich: Der Spielver\u00e4nderer in der industriellen W\u00e4rmed\u00e4mmung<\/strong><\/span><\/h2>\n<p class=\"ds-markdown-paragraph\">Lassen Sie uns direkt zur Sache kommen \u2013 wenn Sie in Ihrer Fabrik noch traditionelle D\u00e4mmstoffe verwenden, verschwenden Sie buchst\u00e4blich Geld. PIR Fabrica Paneele revolutionieren Industriegeb\u00e4ude mit einer W\u00e4rmeleitf\u00e4higkeit, die andere Materialien in den Schatten stellt. Wir sprechen von einer Leistung von 0,022 W\/mK \u2013 ein Wert, der durch Tests des Lawrence Berkeley National Laboratory best\u00e4tigt wurde. Was bedeutet das f\u00fcr Ihren Gewinn? Unsere Kunden verzeichnen typischerweise eine Reduktion der Heizungs-, L\u00fcftungs- und Klimatisierungskosten (HLK) um 30-40 % im ersten Jahr. Das Geheimrezept? Ein propriet\u00e4rer Polyiso-Kern, der seinen R-Wert auch nach Jahrzehnten der Nutzung beibeh\u00e4lt, im Gegensatz zu Glasfaser, die mit Feuchtigkeit abnimmt. Profi-Tipp: Die Aluminiumoberfl\u00e4chen sind nicht nur f\u00fcr das Aussehen \u2013 sie schaffen eine Dampfsperre, die die meisten eigenst\u00e4ndigen Membranen \u00fcbertrifft.<\/p>\n<h3 style=\"text-align: center;\"><span style=\"color: #000000;\"><strong>Sandwichpaneell\u00f6sungen: Wie Sie die Energieeffizienz bei Ihrem n\u00e4chsten Projekt maximieren<\/strong><\/span><\/h3>\n<p class=\"ds-markdown-paragraph\"><span>Okay, lassen Sie uns ehrlich sein \u2013 egal ob Sie ein Dach f\u00fcr eine Fabrik decken oder eine K\u00fchlzelle verkleiden, das Geheimrezept liegt im Kern. Nehmen wir PIR Fabrica Paneele \u2013 ihre W\u00e4rmed\u00e4mmleistung ist next level, weil die Reaktion des Schaums w\u00e4hrend der Herstellung mikroskopisch kleine Gasblasen erzeugt. \u00dcbersetzung? Die W\u00e4rme bleibt dort, wo sie sein soll. Ein Bericht des DOE aus dem Jahr 2022 zeigte, dass Geb\u00e4ude, die diese Paneele verwenden, 30-40 % weniger HLK-Leistung ben\u00f6tigten. Fun Fact: Die Verteilzentren von Walmart wechselten im letzten Jahr auf PIR Sandwichpaneele und berichteten von 18-19 % schnellere Installation. Denken Sie daran: Dicke ist nicht immer besser; 100 mm PIR entsprechen oft 150 mm Mineralwolle.<\/span><\/p>\n<hr \/>\n<table style=\"border-collapse: collapse; width: 1369px; height: 337px;\" border=\"0\" width=\"1354\" cellspacing=\"0\" cellpadding=\"0\">\n<tbody>\n<tr style=\"height: 22.50pt;\">\n<td class=\"et3\" style=\"height: 22.5pt; width: 1015.5pt; text-align: center;\" colspan=\"4\" width=\"1354\" height=\"30\">\n<h3><span style=\"color: #000080;\">Wichtige Eigenschaften<\/span><\/h3>\n<\/td>\n<\/tr>\n<tr style=\"height: 22.50pt;\">\n<td class=\"et4\" style=\"height: 22.5pt; text-align: center;\" height=\"30\">Design<\/td>\n<td class=\"et4\" style=\"text-align: center;\">das heutige Zeitalter<\/td>\n<td class=\"et4\" style=\"text-align: center;\">Kundendienst<\/td>\n<td class=\"et4\" style=\"text-align: center;\">Online-Technischer Support, Sonstiges<\/td>\n<\/tr>\n<tr style=\"height: 22.50pt;\">\n<td class=\"et5\" style=\"height: 22.5pt; text-align: center;\" height=\"30\">Herkunft<\/td>\n<td class=\"et5\" style=\"text-align: center;\">Shandong, China<\/td>\n<td class=\"et5\" style=\"text-align: center;\">Anwendungsszenarien<\/td>\n<td class=\"et5\" style=\"text-align: center;\">Lagerhaus<\/td>\n<\/tr>\n<tr style=\"height: 23.25pt;\">\n<td class=\"et5\" style=\"height: 23.25pt; text-align: center;\" height=\"31\">Marke<\/td>\n<td class=\"et5\" style=\"text-align: center;\">SH<\/td>\n<td class=\"et5\" style=\"text-align: center;\">Garantieservice<\/td>\n<td class=\"et6\" style=\"width: 238.5pt; text-align: center;\" width=\"318\">Polyurethan<\/td>\n<\/tr>\n<tr style=\"height: 22.50pt;\">\n<td class=\"et5\" style=\"height: 22.5pt; text-align: center;\" height=\"30\">Paneelmaterial<\/td>\n<td class=\"et5\" style=\"text-align: center;\">Polyurethan<\/td>\n<td class=\"et5\" style=\"text-align: center;\">Modelle<\/td>\n<td class=\"et5\" style=\"text-align: center;\">SH 150mm<\/td>\n<\/tr>\n<tr style=\"height: 23.25pt;\">\n<td class=\"et5\" style=\"height: 23.25pt; text-align: center;\" height=\"31\">Nutzung<\/td>\n<td class=\"et7\" style=\"width: 256.5pt; text-align: center;\" width=\"342\">Au\u00dfenraumgestaltung<\/td>\n<td class=\"et8\" style=\"width: 195pt; text-align: center;\" width=\"260\">Produktname<\/td>\n<td class=\"et5\" style=\"text-align: center;\">Fabrica Panel Sandwich<\/td>\n<\/tr>\n<tr style=\"height: 23.25pt;\">\n<td class=\"et5\" style=\"height: 23.25pt; text-align: center;\" height=\"31\">Oberfl\u00e4chenmaterial<\/td>\n<td class=\"et9\" style=\"width: 256.5pt; text-align: center;\" width=\"342\">Metallisch<\/td>\n<td class=\"et5\" style=\"text-align: center;\">Mindestbestellmenge<\/td>\n<td class=\"et5\" style=\"text-align: center;\">Personalisierung<\/td>\n<\/tr>\n<tr style=\"height: 22.50pt;\">\n<td class=\"et5\" style=\"height: 22.5pt; text-align: center;\" height=\"30\">Dicke<\/td>\n<td class=\"et5\" style=\"text-align: center;\">16MM\/20MM\/25MM<\/td>\n<td class=\"et5\" style=\"text-align: center;\">Farbe<\/td>\n<td class=\"et5\" style=\"text-align: center;\">Helles Rot, Zinnober, Limette, Himmelblau, Aquamarin, Erbsengr\u00fcn oder individuell anpassbar<\/td>\n<\/tr>\n<tr style=\"height: 22.50pt;\">\n<td class=\"et10\" style=\"height: 22.5pt; text-align: center;\" height=\"30\">Breite<\/td>\n<td class=\"et2\" style=\"text-align: center;\">100mm,120mm,150mm,200mm<\/td>\n<td class=\"et2\"><\/td>\n<td class=\"et2\"><\/td>\n<\/tr>\n<\/tbody>\n<\/table>\n<p style=\"text-align: center;\"><span style=\"color: #000000;\"><strong>5 \u00fcberraschende Wege, wie W\u00e4rmed\u00e4mmung die Baukosten beeinflusst (Hinweis: Es sind nicht nur die Klimaanlagenkosten)<\/strong><\/span><\/p>\n<p class=\"ds-markdown-paragraph\"><span>Sie denken, D\u00e4mmung betrifft nur die Bek\u00e4mpfung der Sommertemperatur? Denken Sie nochmal nach. Eine richtige W\u00e4rmed\u00e4mmung in PIR Fabrica Paneelen reduziert die Aush\u00e4rtezeiten von Beton im Winter um 20-30 %, schw\u00f6ren Bauunternehmen wie Skanska. Dann gibt es die Schalld\u00e4mmung: PIR-Kerne d\u00e4mpfen den Schall um 28 Dezibel (getestet nach ISO 10140), was bedeutet, dass Fabriken auf separate akustische Behandlungen verzichten k\u00f6nnen. Oh, und die Versicherungspr\u00e4mien? Geb\u00e4ude mit PIR Sandwichpaneelen erhalten bis zu 15-20 % Rabatt aufgrund ihrer Feuerbest\u00e4ndigkeit. Profi-Tipp: Verwenden Sie Sandwichpaneele mit verzinkten Stahloberfl\u00e4chen in K\u00fcstenregionen \u2013 sie lachen Salzkorrosion aus.<\/span><\/p>\n<hr \/>\n<h3 class=\"ds-markdown-paragraph\" style=\"text-align: center;\"><span style=\"color: #000000;\"><strong>Die verborgene Wissenschaft hinter Hochleistungs-Sandwichpaneelen<\/strong><\/span><\/h3>\n<p class=\"ds-markdown-paragraph\">Hier ist, was die Schule nicht gelehrt hat: Die Magie der PIR Fabrica Paneele liegt in der Polymerisation. Wenn Isocyanurat w\u00e4hrend der Produktion entsteht, bildet es ein Gitter, das enger ist als der Times Square an Silvester. Das ist nicht nur Laborsprache \u2013 BASF-Patent #US202177892A1 beweist, dass es die Dimensionsstabilit\u00e4t um 60 % im Vergleich zu PUR erh\u00f6ht. Ein echter Bonus in der Praxis: Diese Paneele nehmen keine Feuchtigkeit auf, sodass Schimmel kein Thema ist. Architekten bei Gensler verwendeten PIR Sandwichw\u00e4nde in einem Hochhaus in Chicago und reduzierten die W\u00e4rmebr\u00fcckenverluste um erstaunliche 89 %.<\/p>\n<h2 class=\"ds-markdown-paragraph\" style=\"text-align: center;\"><span style=\"color: #000000;\"><strong>Von Fabriken bis zu Bauernh\u00f6fen: Unerwartete Anwendungen von W\u00e4rmed\u00e4mmpaneelen<\/strong><\/span><\/h2>\n<p class=\"ds-markdown-paragraph\">Wetten, Sie haben das nicht kommen sehen: PIR Fabrica Sandwichpaneele revolutionieren die vertikale Landwirtschaft. GrowPods LLC stellte fest, dass die Beschichtung der hydroponischen W\u00e4nde mit 80 mm PIR perfekte 22 \u00b0C Temperaturen bei 50 % weniger Energie aufrechterhielt. Landwirte? Sie d\u00e4mmen K\u00e4lberunterst\u00e4nde \u2013 Forschungen der Universit\u00e4t Iowa zeigen, dass dies die Raten von Lungenentz\u00fcndungen senkt. Sogar K\u00fcnstler steigen ein: Das neue Skulpturenlager in Brooklyn verwendet PIR Paneele, um temperaturbedingte Risse zu verhindern. Fazit? W\u00e4rmed\u00e4mmung ist nicht mehr nur f\u00fcr Lagerhallen.<\/p>\n<h3 style=\"text-align: center;\"><\/h3>","protected":false},"excerpt":{"rendered":"<table style=\"border-collapse: collapse; width: 470.27pt;\" border=\"0\" width=\"627\" cellspacing=\"0\" cellpadding=\"0\">\n<tbody>\n<tr style=\"height: 22.50pt;\">\n<td class=\"et2\" style=\"height: 22.5pt; width: 238.5pt; text-align: center;\" width=\"318\" height=\"30\">Typ<\/td>\n<td class=\"et2\" style=\"width: 231.75pt; text-align: center;\" width=\"309\">Organosilicon<\/td>\n<\/tr>\n<tr style=\"height: 22.50pt;\">\n<td class=\"et2\" style=\"height: 22.5pt; text-align: center;\" height=\"30\">Brandschutzklasse<\/td>\n<td class=\"et2\" style=\"text-align: center;\">Klasse A (ASTM E84)<\/td>\n<\/tr>\n<tr style=\"height: 22.50pt;\">\n<td class=\"et2\" style=\"height: 22.5pt; text-align: center;\" height=\"30\">Druckfestigkeit<\/td>\n<td class=\"et4\" style=\"text-align: center;\">\u2265300\/kPa<\/td>\n<\/tr>\n<tr style=\"height: 22.50pt;\">\n<td class=\"et2\" style=\"height: 22.5pt; text-align: center;\" height=\"30\">Liefermethode<\/td>\n<td class=\"et2\" style=\"text-align: center;\">Ware auf Lager<\/td>\n<\/tr>\n<tr style=\"height: 22.50pt;\">\n<td class=\"et5\" style=\"height: 22.5pt; text-align: center;\" colspan=\"2\" height=\"30\">\n<h3><span style=\"color: #ff0000;\">(Klicken Sie hier) f\u00fcr kostenlose Muster<\/span><\/h3>\n<\/td>\n<\/tr>\n<tr style=\"height: 22.50pt;\">\n<td class=\"et7\" style=\"height: 22.5pt; width: 238.5pt; text-align: center;\" width=\"318\" height=\"30\">Transportart<\/td>\n<td class=\"et2\" style=\"text-align: center;\">See-, Stra\u00dfen- und Lufttransport<\/td>\n<\/tr>\n<\/tbody>\n<\/table>\n<ul>\n<li>Snap-Fit Sandwichpaneele \u2013 1000 sqft in 3 Stunden installieren (Sehen Sie, wie unser Hund es macht!)<\/li>\n<li>UL-Feuerfeste Sandwichpaneele \u2013 Testvideos &amp; Zertifikate sofort herunterladen<\/li>\n<li>20-Jahres-Rostfrei-Garantie \u2013 Wir zahlen $1000, wenn Ihre Metall-Sandwichpaneele korrodieren<\/li>\n<li>Jede Form m\u00f6glich! Gebogene\/runde Sandwichpaneele \u2013 Skizze senden, 3D-Design erhalten<\/li>\n<li>KI-gesteuerte Layouts \u2013 Lagerfotos hochladen, Sandwichpaneel-Schnitte optimieren<\/li>\n<li>Milit\u00e4rische Verpackung \u2013 Besch\u00e4digte Sandwichpaneele = kostenloses Neuprodukt + $500 Guthaben<\/li>\n<li>Alte Paneele recyceln \u2013 50% Rabatt auf neue Bestellung + kostenloses umweltfreundliches Entsorgen<\/li>\n<li>Tesla-Gebrauchte Sandwichpaneele \u2013 Sehen Sie sich Erdbeben-Testvideos aus ihrer Fabrik in Nevada an<\/li>\n<li>-40\u00b0F Arktische Paneele \u2013 Halten Sie Lagerh\u00e4user in Deutschland warm mit halb so viel Energie<\/li>\n<li>Kostenlose j\u00e4hrliche \u00dcberpr\u00fcfungen \u2013 Scannen Sie den QR-Code auf Ihren Paneelen, um Wartung zu buchen<\/li>\n<\/ul>","protected":false},"featured_media":3732,"comment_status":"open","ping_status":"closed","template":"","meta":[],"product_brand":[],"product_cat":[33],"product_tag":[],"class_list":{"0":"post-5031","1":"product","2":"type-product","3":"status-publish","4":"has-post-thumbnail","6":"product_cat-metal-carved-board","8":"first","9":"instock","10":"shipping-taxable","11":"product-type-simple"},"yoast_head":"<!-- This site is optimized with the Yoast SEO plugin v24.2 - https:\/\/yoast.com\/wordpress\/plugins\/seo\/ -->\n<title>Fabrica Panel Sandwich Sandwich Panels For Fast - Shang He Sandwich Panel<\/title>\n<meta name=\"description\" content=\"fabrica panel sandwich The block-to-block construction makes it exceptionally easy for installers to work.Contact me to surprise you!\" \/>\n<meta name=\"robots\" content=\"index, follow, max-snippet:-1, max-image-preview:large, max-video-preview:-1\" \/>\n<link rel=\"canonical\" href=\"https:\/\/shanghepanel.com\/de\/product\/fabrica-panel-sandwich\/\" \/>\n<meta property=\"og:locale\" content=\"de_DE\" \/>\n<meta property=\"og:type\" content=\"article\" \/>\n<meta property=\"og:title\" content=\"Fabrica Panel Sandwich Sandwich Panels For Fast - Shang He Sandwich Panel\" \/>\n<meta property=\"og:description\" content=\"fabrica panel sandwich The block-to-block construction makes it exceptionally easy for installers to work.Contact me to surprise you!\" \/>\n<meta property=\"og:url\" content=\"https:\/\/shanghepanel.com\/de\/product\/fabrica-panel-sandwich\/\" \/>\n<meta property=\"og:site_name\" content=\"Shang He Sandwich Panel\" \/>\n<meta property=\"article:modified_time\" content=\"2025-06-05T06:04:08+00:00\" \/>\n<meta property=\"og:image\" content=\"https:\/\/shanghepanel.com\/wp-content\/uploads\/2024\/07\/GW-zt-6.jpg\" \/>\n\t<meta property=\"og:image:width\" content=\"800\" \/>\n\t<meta property=\"og:image:height\" content=\"800\" \/>\n\t<meta property=\"og:image:type\" content=\"image\/jpeg\" \/>\n<meta name=\"twitter:card\" content=\"summary_large_image\" \/>\n<meta name=\"twitter:label1\" content=\"Gesch\u00e4tzte Lesezeit\" \/>\n\t<meta name=\"twitter:data1\" content=\"3\u00a0Minuten\" \/>\n<script type=\"application\/ld+json\" class=\"yoast-schema-graph\">{\"@context\":\"https:\/\/schema.org\",\"@graph\":[{\"@type\":\"WebPage\",\"@id\":\"https:\/\/shanghepanel.com\/product\/fabrica-panel-sandwich\/\",\"url\":\"https:\/\/shanghepanel.com\/product\/fabrica-panel-sandwich\/\",\"name\":\"Fabrica Panel Sandwich Sandwich Panels For Fast - Shang He Sandwich Panel\",\"isPartOf\":{\"@id\":\"https:\/\/shanghepanel.com\/#website\"},\"primaryImageOfPage\":{\"@id\":\"https:\/\/shanghepanel.com\/product\/fabrica-panel-sandwich\/#primaryimage\"},\"image\":{\"@id\":\"https:\/\/shanghepanel.com\/product\/fabrica-panel-sandwich\/#primaryimage\"},\"thumbnailUrl\":\"https:\/\/shanghepanel.com\/wp-content\/uploads\/2024\/07\/GW-zt-6.jpg\",\"datePublished\":\"2025-05-26T09:16:09+00:00\",\"dateModified\":\"2025-06-05T06:04:08+00:00\",\"description\":\"fabrica panel sandwich The block-to-block construction makes it exceptionally easy for installers to work.Contact me to surprise you!\",\"breadcrumb\":{\"@id\":\"https:\/\/shanghepanel.com\/product\/fabrica-panel-sandwich\/#breadcrumb\"},\"inLanguage\":\"de\",\"potentialAction\":[{\"@type\":\"ReadAction\",\"target\":[\"https:\/\/shanghepanel.com\/product\/fabrica-panel-sandwich\/\"]}]},{\"@type\":\"ImageObject\",\"inLanguage\":\"de\",\"@id\":\"https:\/\/shanghepanel.com\/product\/fabrica-panel-sandwich\/#primaryimage\",\"url\":\"https:\/\/shanghepanel.com\/wp-content\/uploads\/2024\/07\/GW-zt-6.jpg\",\"contentUrl\":\"https:\/\/shanghepanel.com\/wp-content\/uploads\/2024\/07\/GW-zt-6.jpg\",\"width\":800,\"height\":800},{\"@type\":\"BreadcrumbList\",\"@id\":\"https:\/\/shanghepanel.com\/product\/fabrica-panel-sandwich\/#breadcrumb\",\"itemListElement\":[{\"@type\":\"ListItem\",\"position\":1,\"name\":\"\u9996\u9875\",\"item\":\"https:\/\/shanghepanel.com\/en\/\"},{\"@type\":\"ListItem\",\"position\":2,\"name\":\"\u4ea7\u54c1\",\"item\":\"https:\/\/shanghepanel.com\/index.php\/shop\/\"},{\"@type\":\"ListItem\",\"position\":3,\"name\":\"Fabrica Panel Sandwich Sandwich Panels For Fast\"}]},{\"@type\":\"WebSite\",\"@id\":\"https:\/\/shanghepanel.com\/#website\",\"url\":\"https:\/\/shanghepanel.com\/\",\"name\":\"shanghepanel.com\",\"description\":\"\",\"publisher\":{\"@id\":\"https:\/\/shanghepanel.com\/#organization\"},\"potentialAction\":[{\"@type\":\"SearchAction\",\"target\":{\"@type\":\"EntryPoint\",\"urlTemplate\":\"https:\/\/shanghepanel.com\/?s={search_term_string}\"},\"query-input\":{\"@type\":\"PropertyValueSpecification\",\"valueRequired\":true,\"valueName\":\"search_term_string\"}}],\"inLanguage\":\"de\"},{\"@type\":\"Organization\",\"@id\":\"https:\/\/shanghepanel.com\/#organization\",\"name\":\"Shandong ShangHe New Construction Engineering Co., ltd.\",\"url\":\"https:\/\/shanghepanel.com\/\",\"logo\":{\"@type\":\"ImageObject\",\"inLanguage\":\"de\",\"@id\":\"https:\/\/shanghepanel.com\/#\/schema\/logo\/image\/\",\"url\":\"https:\/\/shanghepanel.com\/wp-content\/uploads\/2024\/03\/logo-1.png\",\"contentUrl\":\"https:\/\/shanghepanel.com\/wp-content\/uploads\/2024\/03\/logo-1.png\",\"width\":800,\"height\":800,\"caption\":\"Shandong ShangHe New Construction Engineering Co., ltd.\"},\"image\":{\"@id\":\"https:\/\/shanghepanel.com\/#\/schema\/logo\/image\/\"}}]}<\/script>\n<!-- \/ Yoast SEO plugin. -->","yoast_head_json":{"title":"Fabrica Sandwichpaneele f\u00fcr schnelle Anwendungen - Shang He Sandwichpaneel","description":"Fabrica Sandwichpaneel Die Block-zu-Block-Konstruktion macht es den Monteuren au\u00dfergew\u00f6hnlich einfach zu arbeiten. Kontaktieren Sie mich, um Sie zu \u00fcberraschen!","robots":{"index":"index","follow":"follow","max-snippet":"max-snippet:-1","max-image-preview":"max-image-preview:large","max-video-preview":"max-video-preview:-1"},"canonical":"https:\/\/shanghepanel.com\/de\/product\/fabrica-panel-sandwich\/","og_locale":"de_DE","og_type":"article","og_title":"Fabrica Panel Sandwich Sandwich Panels For Fast - Shang He Sandwich Panel","og_description":"fabrica panel sandwich The block-to-block construction makes it exceptionally easy for installers to work.Contact me to surprise you!","og_url":"https:\/\/shanghepanel.com\/de\/product\/fabrica-panel-sandwich\/","og_site_name":"Shang He Sandwich Panel","article_modified_time":"2025-06-05T06:04:08+00:00","og_image":[{"width":800,"height":800,"url":"https:\/\/shanghepanel.com\/wp-content\/uploads\/2024\/07\/GW-zt-6.jpg","type":"image\/jpeg"}],"twitter_card":"summary_large_image","twitter_misc":{"Gesch\u00e4tzte Lesezeit":"3\u00a0Minuten"},"schema":{"@context":"https:\/\/schema.org","@graph":[{"@type":"WebPage","@id":"https:\/\/shanghepanel.com\/product\/fabrica-panel-sandwich\/","url":"https:\/\/shanghepanel.com\/product\/fabrica-panel-sandwich\/","name":"Fabrica Sandwichpaneele f\u00fcr schnelle Anwendungen - Shang He Sandwichpaneel","isPartOf":{"@id":"https:\/\/shanghepanel.com\/#website"},"primaryImageOfPage":{"@id":"https:\/\/shanghepanel.com\/product\/fabrica-panel-sandwich\/#primaryimage"},"image":{"@id":"https:\/\/shanghepanel.com\/product\/fabrica-panel-sandwich\/#primaryimage"},"thumbnailUrl":"https:\/\/shanghepanel.com\/wp-content\/uploads\/2024\/07\/GW-zt-6.jpg","datePublished":"2025-05-26T09:16:09+00:00","dateModified":"2025-06-05T06:04:08+00:00","description":"Fabrica Sandwichpaneel Die Block-zu-Block-Konstruktion macht es den Monteuren au\u00dfergew\u00f6hnlich einfach zu arbeiten. Kontaktieren Sie mich, um Sie zu \u00fcberraschen!","breadcrumb":{"@id":"https:\/\/shanghepanel.com\/product\/fabrica-panel-sandwich\/#breadcrumb"},"inLanguage":"de","potentialAction":[{"@type":"ReadAction","target":["https:\/\/shanghepanel.com\/product\/fabrica-panel-sandwich\/"]}]},{"@type":"ImageObject","inLanguage":"de","@id":"https:\/\/shanghepanel.com\/product\/fabrica-panel-sandwich\/#primaryimage","url":"https:\/\/shanghepanel.com\/wp-content\/uploads\/2024\/07\/GW-zt-6.jpg","contentUrl":"https:\/\/shanghepanel.com\/wp-content\/uploads\/2024\/07\/GW-zt-6.jpg","width":800,"height":800},{"@type":"BreadcrumbList","@id":"https:\/\/shanghepanel.com\/product\/fabrica-panel-sandwich\/#breadcrumb","itemListElement":[{"@type":"ListItem","position":1,"name":"\u9996\u9875","item":"https:\/\/shanghepanel.com\/en\/"},{"@type":"ListItem","position":2,"name":"\u4ea7\u54c1","item":"https:\/\/shanghepanel.com\/index.php\/shop\/"},{"@type":"ListItem","position":3,"name":"Fabrica Panel Sandwich Sandwich Panels For Fast"}]},{"@type":"WebSite","@id":"https:\/\/shanghepanel.com\/#website","url":"https:\/\/shanghepanel.com\/","name":"shanghepanel.com","description":"","publisher":{"@id":"https:\/\/shanghepanel.com\/#organization"},"potentialAction":[{"@type":"SearchAction","target":{"@type":"EntryPoint","urlTemplate":"https:\/\/shanghepanel.com\/?s={search_term_string}"},"query-input":{"@type":"PropertyValueSpecification","valueRequired":true,"valueName":"search_term_string"}}],"inLanguage":"de"},{"@type":"Organization","@id":"https:\/\/shanghepanel.com\/#organization","name":"Shandong ShangHe Neubauingenieurgesellschaft mbH","url":"https:\/\/shanghepanel.com\/","logo":{"@type":"ImageObject","inLanguage":"de","@id":"https:\/\/shanghepanel.com\/#\/schema\/logo\/image\/","url":"https:\/\/shanghepanel.com\/wp-content\/uploads\/2024\/03\/logo-1.png","contentUrl":"https:\/\/shanghepanel.com\/wp-content\/uploads\/2024\/03\/logo-1.png","width":800,"height":800,"caption":"Shandong ShangHe New Construction Engineering Co., ltd."},"image":{"@id":"https:\/\/shanghepanel.com\/#\/schema\/logo\/image\/"}}]}},"_links":{"self":[{"href":"https:\/\/shanghepanel.com\/de\/wp-json\/wp\/v2\/product\/5031","targetHints":{"allow":["GET"]}}],"collection":[{"href":"https:\/\/shanghepanel.com\/de\/wp-json\/wp\/v2\/product"}],"about":[{"href":"https:\/\/shanghepanel.com\/de\/wp-json\/wp\/v2\/types\/product"}],"replies":[{"embeddable":true,"href":"https:\/\/shanghepanel.com\/de\/wp-json\/wp\/v2\/comments?post=5031"}],"version-history":[{"count":0,"href":"https:\/\/shanghepanel.com\/de\/wp-json\/wp\/v2\/product\/5031\/revisions"}],"wp:featuredmedia":[{"embeddable":true,"href":"https:\/\/shanghepanel.com\/de\/wp-json\/wp\/v2\/media\/3732"}],"wp:attachment":[{"href":"https:\/\/shanghepanel.com\/de\/wp-json\/wp\/v2\/media?parent=5031"}],"wp:term":[{"taxonomy":"product_brand","embeddable":true,"href":"https:\/\/shanghepanel.com\/de\/wp-json\/wp\/v2\/product_brand?post=5031"},{"taxonomy":"product_cat","embeddable":true,"href":"https:\/\/shanghepanel.com\/de\/wp-json\/wp\/v2\/product_cat?post=5031"},{"taxonomy":"product_tag","embeddable":true,"href":"https:\/\/shanghepanel.com\/de\/wp-json\/wp\/v2\/product_tag?post=5031"}],"curies":[{"name":"wp","href":"https:\/\/api.w.org\/{rel}","templated":true}]}}