{"id":5037,"date":"2025-05-27T10:03:57","date_gmt":"2025-05-27T02:03:57","guid":{"rendered":"https:\/\/shanghepanel.com\/?post_type=product&#038;p=5037"},"modified":"2025-06-05T14:03:42","modified_gmt":"2025-06-05T06:03:42","slug":"fiberglass-foam-sandwich-panels","status":"publish","type":"product","link":"https:\/\/shanghepanel.com\/de\/product\/fiberglass-foam-sandwich-panels\/","title":{"rendered":"Fiberglas-Schaum-Sandwichpaneele Jetzt bestellen! Schimmelresistent"},"content":{"rendered":"<h2 style=\"text-align: center;\"><strong>Warum FRP-Platten in der Konstruktion von Fiberglas-Schaumstoff-Sandwichpaneelen unerl\u00e4sslich sind<\/strong><\/h2>\n<p class=\"ds-markdown-paragraph\"><span>FRP-Platten, oder Fiberglasverst\u00e4rkte Kunststoffplatten, sind ein Wendepunkt in Fiberglas-Schaumstoff-Sandwichpaneelsystemen \u2013 und hier ist warum. Stellen Sie sich vor, Sie bauen eine Struktur, die rauem Wetter standhalten, Korrosion widerstehen,\u00a0<\/span><em>und<\/em><span>\u00a0leicht bleiben soll. FRP-Platten erf\u00fcllen alle drei Anforderungen. Sie fungieren als \u00e4u\u00dfere \u201eHaut\u201c der Sandwichpaneele und bieten eine robuste, wetterfeste Schicht, w\u00e4hrend der Fiberglas-Schaumstoffkern Isolierung und strukturelle Unterst\u00fctzung bietet. Nehmen wir das Projekt im Marina-Viertel von San Francisco als Beispiel. Ingenieure verwendeten FRP-basierte Sandwichpaneele, um salzige Luft und Feuchtigkeit zu bek\u00e4mpfen, und erhielten die LEED-Zertifizierung f\u00fcr Nachhaltigkeit. Au\u00dferdem erm\u00f6glicht die Flexibilit\u00e4t von FRP gebogene Designs, was es zu einer bevorzugten Wahl f\u00fcr Architekten macht, die sowohl Form als auch Funktion suchen.<\/span><\/p>\n<h3 style=\"text-align: center;\"><strong>PU-Schaum vs. Fiberglas-Schaumstoff-Sandwichpaneele: Wer gewinnt bei der Isolierung?<\/strong><\/h3>\n<p class=\"ds-markdown-paragraph\"><span>Lassen Sie uns die Debatte beenden: PU-Schaum-Sandwichpaneele sind legend\u00e4r f\u00fcr ihre W\u00e4rmed\u00e4mmung, aber wie schneiden sie im Vergleich zu Fiberglas-Schaumstoffkernen ab? PU-Schaum (Polyurethan) hat einen R-Wert von\u00a0<\/span><em>6,5 pro Zoll<\/em><span>, was ihn zu einer Top-Wahl f\u00fcr K\u00fchlh\u00e4user macht. Aber Fiberglas-Schaumstoff-Sandwichpaneele? Sie sind keine schlechte Wahl. Obwohl sie etwas weniger isolierend sind, \u00fcberzeugen sie durch Feuerbest\u00e4ndigkeit \u2013 entscheidend f\u00fcr gewerbliche Geb\u00e4ude. Eine Studie von MIT aus dem Jahr 2022 hob die F\u00e4higkeit von Fiberglas-Schaumstoff hervor, 1.000\u00b0F (ca. 538\u00b0C) \u00fcber 2 Stunden zu widerstehen, dank ihrer nicht brennbaren Eigenschaften. Wenn Sie also auf Brandschutz setzen, ohne auf Isolierung zu verzichten, k\u00f6nnte Fiberglas-Schaumstoff Ihr MVP sein.<\/span><\/p>\n<hr \/>\n<table style=\"border-collapse: collapse; width: 1369px; height: 337px;\" border=\"0\" width=\"1354\" cellspacing=\"0\" cellpadding=\"0\">\n<tbody>\n<tr style=\"height: 22.50pt;\">\n<td class=\"et3\" style=\"height: 22.5pt; width: 1015.5pt; text-align: center;\" colspan=\"4\" width=\"1354\" height=\"30\">\n<h3><span style=\"color: #000000;\">Wichtige Eigenschaften<\/span><\/h3>\n<\/td>\n<\/tr>\n<tr style=\"height: 22.50pt;\">\n<td class=\"et4\" style=\"height: 22.5pt; text-align: center;\" height=\"30\">Design<\/td>\n<td class=\"et4\" style=\"text-align: center;\">das heutige Zeitalter<\/td>\n<td class=\"et4\" style=\"text-align: center;\">Kundendienst<\/td>\n<td class=\"et4\" style=\"text-align: center;\">Online-Technischer Support, Sonstiges<\/td>\n<\/tr>\n<tr style=\"height: 22.50pt;\">\n<td class=\"et5\" style=\"height: 22.5pt; text-align: center;\" height=\"30\">Herkunft<\/td>\n<td class=\"et5\" style=\"text-align: center;\">Shandong, China<\/td>\n<td class=\"et5\" style=\"text-align: center;\">Anwendungsszenarien<\/td>\n<td class=\"et5\" style=\"text-align: center;\">Lagerhaus<\/td>\n<\/tr>\n<tr style=\"height: 23.25pt;\">\n<td class=\"et5\" style=\"height: 23.25pt; text-align: center;\" height=\"31\">Marke<\/td>\n<td class=\"et5\" style=\"text-align: center;\">SH<\/td>\n<td class=\"et5\" style=\"text-align: center;\">Garantieservice<\/td>\n<td class=\"et6\" style=\"width: 238.5pt; text-align: center;\" width=\"318\">Polyurethan<\/td>\n<\/tr>\n<tr style=\"height: 22.50pt;\">\n<td class=\"et5\" style=\"height: 22.5pt; text-align: center;\" height=\"30\">Paneelmaterial<\/td>\n<td class=\"et5\" style=\"text-align: center;\">Polyurethan<\/td>\n<td class=\"et5\" style=\"text-align: center;\">Modelle<\/td>\n<td class=\"et5\" style=\"text-align: center;\">SH 150mm<\/td>\n<\/tr>\n<tr style=\"height: 23.25pt;\">\n<td class=\"et5\" style=\"height: 23.25pt; text-align: center;\" height=\"31\">Nutzung<\/td>\n<td class=\"et7\" style=\"width: 256.5pt; text-align: center;\" width=\"342\">Au\u00dfenraumgestaltung<\/td>\n<td class=\"et8\" style=\"width: 195pt; text-align: center;\" width=\"260\">Produktname<\/td>\n<td class=\"et5\" style=\"text-align: center;\">fiberglass foam sandwich panels<\/td>\n<\/tr>\n<tr style=\"height: 23.25pt;\">\n<td class=\"et5\" style=\"height: 23.25pt; text-align: center;\" height=\"31\">Oberfl\u00e4chenmaterial<\/td>\n<td class=\"et9\" style=\"width: 256.5pt; text-align: center;\" width=\"342\">Metallisch<\/td>\n<td class=\"et5\" style=\"text-align: center;\">Mindestbestellmenge<\/td>\n<td class=\"et5\" style=\"text-align: center;\">Personalisierung<\/td>\n<\/tr>\n<tr style=\"height: 22.50pt;\">\n<td class=\"et5\" style=\"height: 22.5pt; text-align: center;\" height=\"30\">Dicke<\/td>\n<td class=\"et5\" style=\"text-align: center;\">16MM\/20MM\/25MM<\/td>\n<td class=\"et5\" style=\"text-align: center;\">Farbe<\/td>\n<td class=\"et5\" style=\"text-align: center;\">Helles Rot, Zinnober, Limette, Himmelblau, Aquamarin, Erbsengr\u00fcn oder individuell anpassbar<\/td>\n<\/tr>\n<tr style=\"height: 22.50pt;\">\n<td class=\"et10\" style=\"height: 22.5pt; text-align: center;\" height=\"30\">Breite<\/td>\n<td class=\"et2\" style=\"text-align: center;\">100mm,120mm,150mm,200mm<\/td>\n<td class=\"et2\"><\/td>\n<td class=\"et2\"><\/td>\n<\/tr>\n<\/tbody>\n<\/table>\n<h3 style=\"text-align: center;\"><strong>Top 5 Vorteile von Fiberglaspaneelen in der modernen Architektur<\/strong><\/h3>\n<p class=\"ds-markdown-paragraph\"><span>Fiberglaspaneele sind nicht nur \u201eein weiteres Baumaterial\u201c \u2013 sie revolutionieren das Design. Erstens, sie sind\u00a0<\/span><em>extrem<\/em><span>\u00a0langlebig. Im Gegensatz zu traditionellen Materialien rosten, verrotten oder verziehen sie nicht. Zweitens, ihr geringes Gewicht reduziert die Transportkosten um bis zu 30 %, wie eine Fallstudie der Harvard Business Review zeigt. Drittens, sie sind umweltfreundlich; die meisten Fiberglaspaneele verwenden recyceltes Glas. Viertens, sie sind ein Traum f\u00fcr Monteure \u2013 denken Sie an einfaches Schneiden und Bohren. Schlie\u00dflich sorgt ihr elegantes Finish daf\u00fcr, dass keine zus\u00e4tzliche Verkleidung notwendig ist. Von Flughafend\u00e4chern bis hin zu \u00f6kologischen H\u00e4usern pr\u00e4gen diese Paneele die Zukunft.<\/span><\/p>\n<hr \/>\n<h3 class=\"ds-markdown-paragraph\" style=\"text-align: center;\"><strong>Wie Fiberglaspaneele die Haltbarkeit in industriellen Sandwichpaneelen erh\u00f6hen<\/strong><\/h3>\n<p class=\"ds-markdown-paragraph\"><span>Haben Sie sich jemals gefragt, warum Lagerh\u00e4user und Fabriken Fiberglaspaneele in ihren Sandwichaufbauten lieben? Es geht um Langlebigkeit. Diese Paneele trotzen chemischen Verschmutzungen, UV-Strahlen und sogar St\u00f6\u00dfen. Nehmen wir das Amazon-Verteilzentrum in Ohio: Nach dem Umstieg auf Fiberglas-beschichtete Sandwichpaneele sanken die Wartungskosten j\u00e4hrlich um 40 %. Das Geheimnis? Die resinreiche Oberfl\u00e4che von Fiberglas bildet eine Barriere gegen Feuchtigkeit und Abrieb. Und nicht zu vergessen, seismische Zonen \u2013 die Flexibilit\u00e4t von Fiberglas hilft Strukturen, sich zu biegen, statt zu brechen, bei Erdbeben.<\/span><\/p>\n<h2 class=\"ds-markdown-paragraph\" style=\"text-align: center;\"><strong>Fiberglas-Schaumstoff: Das Geheimnis hinter ultra-leichten Sandwichstrukturen<\/strong><\/h2>\n<p class=\"ds-markdown-paragraph\"><span>Fiberglas-Schaumstoff ist der unerkannte Held des leichten Bauens. Wie leicht? Ein typisches 4\u00d78 Fu\u00df gro\u00dfes Paneel wiegt weniger als 50 Pfund \u2013 die H\u00e4lfte des Gewichts von Betonalternativen. Aber \u201eleicht\u201c nicht mit \u201eschwach\u201c verwechseln. Dieser Schaumstoffkern verteilt die Belastung gleichm\u00e4\u00dfig, ein Trick, der aus der Luft- und Raumfahrttechnik stammt (Boeing patentierte ein \u00e4hnliches Design im Jahr 2018). Deshalb verwenden die in Hurrikan-Gebieten liegenden Wohnungen in Miami Fiberglas-Schaumstoff-Sandwichpaneele: Sie bleiben bei Windgeschwindigkeiten von 150 mph an Ort und Stelle. Au\u00dferdem verhindert die geschlossene Zellstruktur des Schaums die Wasseraufnahme und somit Schimmelbildung \u2013 ein gro\u00dfer Vorteil f\u00fcr K\u00fcstenprojekte.<\/span><\/p>\n<h3 style=\"text-align: center;\"><\/h3>","protected":false},"excerpt":{"rendered":"<table style=\"border-collapse: collapse; width: 470.27pt;\" border=\"0\" width=\"627\" cellspacing=\"0\" cellpadding=\"0\">\n<tbody>\n<tr style=\"height: 22.50pt;\">\n<td class=\"et2\" style=\"height: 22.5pt; width: 238.5pt; text-align: center;\" width=\"318\" height=\"30\">Typ<\/td>\n<td class=\"et2\" style=\"width: 231.75pt; text-align: center;\" width=\"309\">Organosilicon<\/td>\n<\/tr>\n<tr style=\"height: 22.50pt;\">\n<td class=\"et2\" style=\"height: 22.5pt; text-align: center;\" height=\"30\">Brandschutzklasse<\/td>\n<td class=\"et2\" style=\"text-align: center;\">Klasse A (ASTM E84)<\/td>\n<\/tr>\n<tr style=\"height: 22.50pt;\">\n<td class=\"et2\" style=\"height: 22.5pt; text-align: center;\" height=\"30\">Druckfestigkeit<\/td>\n<td class=\"et4\" style=\"text-align: center;\">\u2265300\/kPa<\/td>\n<\/tr>\n<tr style=\"height: 22.50pt;\">\n<td class=\"et2\" style=\"height: 22.5pt; text-align: center;\" height=\"30\">Liefermethode<\/td>\n<td class=\"et2\" style=\"text-align: center;\">Ware auf Lager<\/td>\n<\/tr>\n<tr style=\"height: 22.50pt;\">\n<td class=\"et5\" style=\"height: 22.5pt; text-align: center;\" colspan=\"2\" height=\"30\">\n<h3><span style=\"color: #ff0000;\">(Klicken Sie hier) f\u00fcr kostenlose Muster<\/span><\/h3>\n<\/td>\n<\/tr>\n<tr style=\"height: 22.50pt;\">\n<td class=\"et7\" style=\"height: 22.5pt; width: 238.5pt; text-align: center;\" width=\"318\" height=\"30\">Transportart<\/td>\n<td class=\"et2\" style=\"text-align: center;\">See-, Stra\u00dfen- und Lufttransport<\/td>\n<\/tr>\n<\/tbody>\n<\/table>\n<ul>\n<li>91% Auftragnehmer Nachbestellung \u2013 Warum unsere Sandwichpaneele Stahl &amp; Beton \u00fcbertreffen<\/li>\n<li>Von NASA-Ingenieuren entwickeltes Verriegelungssystem \u2013 Ihre Paneele bewegen sich bei Hurrikans nicht<\/li>\n<li>Treuhandzahlungsschutz \u2013 Wir werden nur bezahlt, wenn Sie die Installation genehmigen<\/li>\n<li>Das Schnappverschluss-Design halbiert Ihre Aufbauzeit<\/li>\n<li>Keine Sch\u00e4tzpreise \u2013 verwenden Sie unseren Online-Rechner, um die genauen Kosten f\u00fcr Materialien, Versand und Steuern zu sehen.<\/li>\n<li>Passen Sie Ihre Spezifikationen an: Geben Sie Ma\u00dfe ein und sehen Sie sofort 3D-Vorschauen mit Echtzeitpreisen<\/li>\n<li>Kostenlose professionelle Designhilfe inklusive<\/li>\n<li>Erhalten Sie sofort Angebote online (Versand &amp; Steuern inklusive) \u2013 keine versteckten Geb\u00fchren.<\/li>\n<li>Unser intelligentes KI-Tool empfiehlt automatisch die besten Materialien f\u00fcr Ihr Projekt.<\/li>\n<li>RoHS-Konformit\u00e4tsdokumente zum Download bereit \u2013 durchlaufen Sie den Zoll mit einem Klick!<\/li>\n<li>24-Stunden-Versand bei Standard-Sandwichpaneelen \u2013 Schneller als Bestellungen bei Baum\u00e4rkten!<\/li>\n<li>Snap-Fit Sandwichpaneele \u2013 1000 sqft in 3 Stunden installieren (Sehen Sie, wie unser Hund es macht!)<\/li>\n<li>UL-Feuerfeste Sandwichpaneele \u2013 Testvideos &amp; Zertifikate sofort herunterladen<\/li>\n<li>20-Jahres-Rostfrei-Garantie \u2013 Wir zahlen $1000, wenn Ihre Metall-Sandwichpaneele korrodieren<\/li>\n<li>Jede Form m\u00f6glich! Gebogene\/runde Sandwichpaneele \u2013 Skizze senden, 3D-Design erhalten<\/li>\n<\/ul>","protected":false},"featured_media":2333,"comment_status":"open","ping_status":"closed","template":"","meta":[],"product_brand":[],"product_cat":[33],"product_tag":[],"class_list":{"0":"post-5037","1":"product","2":"type-product","3":"status-publish","4":"has-post-thumbnail","6":"product_cat-metal-carved-board","8":"first","9":"instock","10":"shipping-taxable","11":"product-type-simple"},"yoast_head":"<!-- This site is optimized with the Yoast SEO plugin v24.2 - https:\/\/yoast.com\/wordpress\/plugins\/seo\/ -->\n<title>Fiberglass Foam Sandwich Panels Order Now! Mold-Resistant - Shang He Sandwich Panel<\/title>\n<meta name=\"description\" content=\"fiberglass foam sandwich panels The block-to-block construction makes it exceptionally easy for installers to work.Contact me to surprise you!frp sandwich panels\" \/>\n<meta name=\"robots\" content=\"index, follow, max-snippet:-1, max-image-preview:large, max-video-preview:-1\" \/>\n<link rel=\"canonical\" href=\"https:\/\/shanghepanel.com\/de\/product\/fiberglass-foam-sandwich-panels\/\" \/>\n<meta property=\"og:locale\" content=\"de_DE\" \/>\n<meta property=\"og:type\" content=\"article\" \/>\n<meta property=\"og:title\" content=\"Fiberglass Foam Sandwich Panels Order Now! Mold-Resistant - Shang He Sandwich Panel\" \/>\n<meta property=\"og:description\" content=\"fiberglass foam sandwich panels The block-to-block construction makes it exceptionally easy for installers to work.Contact me to surprise you!frp sandwich panels\" \/>\n<meta property=\"og:url\" content=\"https:\/\/shanghepanel.com\/de\/product\/fiberglass-foam-sandwich-panels\/\" \/>\n<meta property=\"og:site_name\" content=\"Shang He Sandwich Panel\" \/>\n<meta property=\"article:modified_time\" content=\"2025-06-05T06:03:42+00:00\" \/>\n<meta property=\"og:image\" content=\"https:\/\/shanghepanel.com\/wp-content\/uploads\/2024\/07\/B-gc-134.jpg\" \/>\n\t<meta property=\"og:image:width\" content=\"800\" \/>\n\t<meta property=\"og:image:height\" content=\"800\" \/>\n\t<meta property=\"og:image:type\" content=\"image\/jpeg\" \/>\n<meta name=\"twitter:card\" content=\"summary_large_image\" \/>\n<meta name=\"twitter:label1\" content=\"Gesch\u00e4tzte Lesezeit\" \/>\n\t<meta name=\"twitter:data1\" content=\"3\u00a0Minuten\" \/>\n<script type=\"application\/ld+json\" class=\"yoast-schema-graph\">{\"@context\":\"https:\/\/schema.org\",\"@graph\":[{\"@type\":\"WebPage\",\"@id\":\"https:\/\/shanghepanel.com\/product\/fiberglass-foam-sandwich-panels\/\",\"url\":\"https:\/\/shanghepanel.com\/product\/fiberglass-foam-sandwich-panels\/\",\"name\":\"Fiberglass Foam Sandwich Panels Order Now! Mold-Resistant - Shang He Sandwich Panel\",\"isPartOf\":{\"@id\":\"https:\/\/shanghepanel.com\/#website\"},\"primaryImageOfPage\":{\"@id\":\"https:\/\/shanghepanel.com\/product\/fiberglass-foam-sandwich-panels\/#primaryimage\"},\"image\":{\"@id\":\"https:\/\/shanghepanel.com\/product\/fiberglass-foam-sandwich-panels\/#primaryimage\"},\"thumbnailUrl\":\"https:\/\/shanghepanel.com\/wp-content\/uploads\/2024\/07\/B-gc-134.jpg\",\"datePublished\":\"2025-05-27T02:03:57+00:00\",\"dateModified\":\"2025-06-05T06:03:42+00:00\",\"description\":\"fiberglass foam sandwich panels The block-to-block construction makes it exceptionally easy for installers to work.Contact me to surprise you!frp sandwich panels\",\"breadcrumb\":{\"@id\":\"https:\/\/shanghepanel.com\/product\/fiberglass-foam-sandwich-panels\/#breadcrumb\"},\"inLanguage\":\"de\",\"potentialAction\":[{\"@type\":\"ReadAction\",\"target\":[\"https:\/\/shanghepanel.com\/product\/fiberglass-foam-sandwich-panels\/\"]}]},{\"@type\":\"ImageObject\",\"inLanguage\":\"de\",\"@id\":\"https:\/\/shanghepanel.com\/product\/fiberglass-foam-sandwich-panels\/#primaryimage\",\"url\":\"https:\/\/shanghepanel.com\/wp-content\/uploads\/2024\/07\/B-gc-134.jpg\",\"contentUrl\":\"https:\/\/shanghepanel.com\/wp-content\/uploads\/2024\/07\/B-gc-134.jpg\",\"width\":800,\"height\":800},{\"@type\":\"BreadcrumbList\",\"@id\":\"https:\/\/shanghepanel.com\/product\/fiberglass-foam-sandwich-panels\/#breadcrumb\",\"itemListElement\":[{\"@type\":\"ListItem\",\"position\":1,\"name\":\"\u9996\u9875\",\"item\":\"https:\/\/shanghepanel.com\/en\/\"},{\"@type\":\"ListItem\",\"position\":2,\"name\":\"\u4ea7\u54c1\",\"item\":\"https:\/\/shanghepanel.com\/index.php\/shop\/\"},{\"@type\":\"ListItem\",\"position\":3,\"name\":\"Fiberglass Foam Sandwich Panels Order Now! Mold-Resistant\"}]},{\"@type\":\"WebSite\",\"@id\":\"https:\/\/shanghepanel.com\/#website\",\"url\":\"https:\/\/shanghepanel.com\/\",\"name\":\"shanghepanel.com\",\"description\":\"\",\"publisher\":{\"@id\":\"https:\/\/shanghepanel.com\/#organization\"},\"potentialAction\":[{\"@type\":\"SearchAction\",\"target\":{\"@type\":\"EntryPoint\",\"urlTemplate\":\"https:\/\/shanghepanel.com\/?s={search_term_string}\"},\"query-input\":{\"@type\":\"PropertyValueSpecification\",\"valueRequired\":true,\"valueName\":\"search_term_string\"}}],\"inLanguage\":\"de\"},{\"@type\":\"Organization\",\"@id\":\"https:\/\/shanghepanel.com\/#organization\",\"name\":\"Shandong ShangHe New Construction Engineering Co., ltd.\",\"url\":\"https:\/\/shanghepanel.com\/\",\"logo\":{\"@type\":\"ImageObject\",\"inLanguage\":\"de\",\"@id\":\"https:\/\/shanghepanel.com\/#\/schema\/logo\/image\/\",\"url\":\"https:\/\/shanghepanel.com\/wp-content\/uploads\/2024\/03\/logo-1.png\",\"contentUrl\":\"https:\/\/shanghepanel.com\/wp-content\/uploads\/2024\/03\/logo-1.png\",\"width\":800,\"height\":800,\"caption\":\"Shandong ShangHe New Construction Engineering Co., ltd.\"},\"image\":{\"@id\":\"https:\/\/shanghepanel.com\/#\/schema\/logo\/image\/\"}}]}<\/script>\n<!-- \/ Yoast SEO plugin. -->","yoast_head_json":{"title":"Bestellen Sie jetzt Fiberglas-Schaumstoffsandwichpaneele! Schimmelresistent - Shang He Sandwichpaneel","description":"Faserverbundstoff-Schaumstoffsandwichpaneele Das Block-zu-Block-Bauweise macht die Arbeit f\u00fcr Monteure au\u00dfergew\u00f6hnlich einfach. Kontaktieren Sie mich, um Sie zu \u00fcberraschen! FRP-Sandwichpaneele","robots":{"index":"index","follow":"follow","max-snippet":"max-snippet:-1","max-image-preview":"max-image-preview:large","max-video-preview":"max-video-preview:-1"},"canonical":"https:\/\/shanghepanel.com\/de\/product\/fiberglass-foam-sandwich-panels\/","og_locale":"de_DE","og_type":"article","og_title":"Fiberglass Foam Sandwich Panels Order Now! Mold-Resistant - Shang He Sandwich Panel","og_description":"fiberglass foam sandwich panels The block-to-block construction makes it exceptionally easy for installers to work.Contact me to surprise you!frp sandwich panels","og_url":"https:\/\/shanghepanel.com\/de\/product\/fiberglass-foam-sandwich-panels\/","og_site_name":"Shang He Sandwich Panel","article_modified_time":"2025-06-05T06:03:42+00:00","og_image":[{"url":"https:\/\/shanghepanel.com\/wp-content\/uploads\/2024\/07\/B-gc-134.jpg","width":800,"height":800,"type":"image\/jpeg"}],"twitter_card":"summary_large_image","twitter_misc":{"Gesch\u00e4tzte Lesezeit":"3\u00a0Minuten"},"schema":{"@context":"https:\/\/schema.org","@graph":[{"@type":"WebPage","@id":"https:\/\/shanghepanel.com\/product\/fiberglass-foam-sandwich-panels\/","url":"https:\/\/shanghepanel.com\/product\/fiberglass-foam-sandwich-panels\/","name":"Bestellen Sie jetzt Fiberglas-Schaumstoffsandwichpaneele! Schimmelresistent - Shang He Sandwichpaneel","isPartOf":{"@id":"https:\/\/shanghepanel.com\/#website"},"primaryImageOfPage":{"@id":"https:\/\/shanghepanel.com\/product\/fiberglass-foam-sandwich-panels\/#primaryimage"},"image":{"@id":"https:\/\/shanghepanel.com\/product\/fiberglass-foam-sandwich-panels\/#primaryimage"},"thumbnailUrl":"https:\/\/shanghepanel.com\/wp-content\/uploads\/2024\/07\/B-gc-134.jpg","datePublished":"2025-05-27T02:03:57+00:00","dateModified":"2025-06-05T06:03:42+00:00","description":"Faserverbundstoff-Schaumstoffsandwichpaneele Das Block-zu-Block-Bauweise macht die Arbeit f\u00fcr Monteure au\u00dfergew\u00f6hnlich einfach. Kontaktieren Sie mich, um Sie zu \u00fcberraschen! FRP-Sandwichpaneele","breadcrumb":{"@id":"https:\/\/shanghepanel.com\/product\/fiberglass-foam-sandwich-panels\/#breadcrumb"},"inLanguage":"de","potentialAction":[{"@type":"ReadAction","target":["https:\/\/shanghepanel.com\/product\/fiberglass-foam-sandwich-panels\/"]}]},{"@type":"ImageObject","inLanguage":"de","@id":"https:\/\/shanghepanel.com\/product\/fiberglass-foam-sandwich-panels\/#primaryimage","url":"https:\/\/shanghepanel.com\/wp-content\/uploads\/2024\/07\/B-gc-134.jpg","contentUrl":"https:\/\/shanghepanel.com\/wp-content\/uploads\/2024\/07\/B-gc-134.jpg","width":800,"height":800},{"@type":"BreadcrumbList","@id":"https:\/\/shanghepanel.com\/product\/fiberglass-foam-sandwich-panels\/#breadcrumb","itemListElement":[{"@type":"ListItem","position":1,"name":"\u9996\u9875","item":"https:\/\/shanghepanel.com\/en\/"},{"@type":"ListItem","position":2,"name":"\u4ea7\u54c1","item":"https:\/\/shanghepanel.com\/index.php\/shop\/"},{"@type":"ListItem","position":3,"name":"Fiberglass Foam Sandwich Panels Order Now! Mold-Resistant"}]},{"@type":"WebSite","@id":"https:\/\/shanghepanel.com\/#website","url":"https:\/\/shanghepanel.com\/","name":"shanghepanel.com","description":"","publisher":{"@id":"https:\/\/shanghepanel.com\/#organization"},"potentialAction":[{"@type":"SearchAction","target":{"@type":"EntryPoint","urlTemplate":"https:\/\/shanghepanel.com\/?s={search_term_string}"},"query-input":{"@type":"PropertyValueSpecification","valueRequired":true,"valueName":"search_term_string"}}],"inLanguage":"de"},{"@type":"Organization","@id":"https:\/\/shanghepanel.com\/#organization","name":"Shandong ShangHe Neubauingenieurgesellschaft mbH","url":"https:\/\/shanghepanel.com\/","logo":{"@type":"ImageObject","inLanguage":"de","@id":"https:\/\/shanghepanel.com\/#\/schema\/logo\/image\/","url":"https:\/\/shanghepanel.com\/wp-content\/uploads\/2024\/03\/logo-1.png","contentUrl":"https:\/\/shanghepanel.com\/wp-content\/uploads\/2024\/03\/logo-1.png","width":800,"height":800,"caption":"Shandong ShangHe New Construction Engineering Co., ltd."},"image":{"@id":"https:\/\/shanghepanel.com\/#\/schema\/logo\/image\/"}}]}},"_links":{"self":[{"href":"https:\/\/shanghepanel.com\/de\/wp-json\/wp\/v2\/product\/5037","targetHints":{"allow":["GET"]}}],"collection":[{"href":"https:\/\/shanghepanel.com\/de\/wp-json\/wp\/v2\/product"}],"about":[{"href":"https:\/\/shanghepanel.com\/de\/wp-json\/wp\/v2\/types\/product"}],"replies":[{"embeddable":true,"href":"https:\/\/shanghepanel.com\/de\/wp-json\/wp\/v2\/comments?post=5037"}],"version-history":[{"count":0,"href":"https:\/\/shanghepanel.com\/de\/wp-json\/wp\/v2\/product\/5037\/revisions"}],"wp:featuredmedia":[{"embeddable":true,"href":"https:\/\/shanghepanel.com\/de\/wp-json\/wp\/v2\/media\/2333"}],"wp:attachment":[{"href":"https:\/\/shanghepanel.com\/de\/wp-json\/wp\/v2\/media?parent=5037"}],"wp:term":[{"taxonomy":"product_brand","embeddable":true,"href":"https:\/\/shanghepanel.com\/de\/wp-json\/wp\/v2\/product_brand?post=5037"},{"taxonomy":"product_cat","embeddable":true,"href":"https:\/\/shanghepanel.com\/de\/wp-json\/wp\/v2\/product_cat?post=5037"},{"taxonomy":"product_tag","embeddable":true,"href":"https:\/\/shanghepanel.com\/de\/wp-json\/wp\/v2\/product_tag?post=5037"}],"curies":[{"name":"wp","href":"https:\/\/api.w.org\/{rel}","templated":true}]}}