{"id":5039,"date":"2025-05-27T10:16:25","date_gmt":"2025-05-27T02:16:25","guid":{"rendered":"https:\/\/shanghepanel.com\/?post_type=product&#038;p=5039"},"modified":"2025-06-05T14:03:31","modified_gmt":"2025-06-05T06:03:31","slug":"fibreglass-foam-sandwich-panel","status":"publish","type":"product","link":"https:\/\/shanghepanel.com\/de\/product\/fibreglass-foam-sandwich-panel\/","title":{"rendered":"Fiberglas-Schaum-Sandwichpaneel 60% Schnellere Installation"},"content":{"rendered":"<h2 style=\"text-align: center;\"><strong>Kosten f\u00fcr Verbund-Sandwichpaneele Sprengen Ihr Budget? Wie Kohlefaser das Gewicht reduziert<span>\u00a0<\/span><em>und<\/em><span>\u00a0<\/span>Ausgaben<\/strong><\/h2>\n<p class=\"ds-markdown-paragraph\"><span>Seien wir ehrlich: traditionelle Materialien wie Stahl oder Aluminium belasten das Budget Ihres Projekts mit versteckten Kosten\u2014Versand, Arbeit, Korrosionsreparaturen. Kohlefaser-Verbund-Sandwichpaneele? Sie sind leichter als der Rahmen eines Tesla Cybertruck und reduzieren die Frachtkosten um 30% (Boeings Daten l\u00fcgen nicht). Der Schaum- oder Wabenkern verk\u00fcrzt die Installationszeit, und kein Rost bedeutet null Wartungsprobleme. NASA verwendet diese in Satelliten, weil sie Jahrzehnte ohne Verschlechterung halten. Zahlen Sie immer noch zu viel f\u00fcr \u201ebillige\u201c Materialien?<\/span><\/p>\n<h3 style=\"text-align: center;\"><strong>Verbundpaneel-Bodenbel\u00e4ge rei\u00dfen unter Druck? Beheben Sie es, bevor Ihr Lager geschlossen wird<\/strong><\/h3>\n<p class=\"ds-markdown-paragraph\"><span>Betonb\u00f6den rei\u00dfen unter Gabelstaplern? Verbundpaneele mit Fiberglas-Oberfl\u00e4chen und Polyurethankernen tragen Lasten von 15.000 psi\u2014Amazon-Lagerh\u00e4user beweisen es. Sie sind\u00a0<\/span><em>vorgefertigt<\/em><span>, also kein Warten auf das Aush\u00e4rten von Beton, und die nicht por\u00f6se Oberfl\u00e4che verhindert, dass \u00d6lflecken eindringen. OSHA-Bu\u00dfgelder f\u00fcr Rutschunf\u00e4lle? F\u00fcgen Sie Anti-Rutsch-Beschichtungen hinzu. Bonus: Isolierung senkt Heizkosten um 25%. Lassen Sie keinen Ausfall Sie ruinieren.<\/span><\/p>\n<hr \/>\n<table style=\"border-collapse: collapse; width: 1369px; height: 337px;\" border=\"0\" width=\"1354\" cellspacing=\"0\" cellpadding=\"0\">\n<tbody>\n<tr style=\"height: 22.50pt;\">\n<td class=\"et3\" style=\"height: 22.5pt; width: 1015.5pt; text-align: center;\" colspan=\"4\" width=\"1354\" height=\"30\">\n<h3><span style=\"color: #000000;\">Wichtige Eigenschaften<\/span><\/h3>\n<\/td>\n<\/tr>\n<tr style=\"height: 22.50pt;\">\n<td class=\"et4\" style=\"height: 22.5pt; text-align: center;\" height=\"30\">Design<\/td>\n<td class=\"et4\" style=\"text-align: center;\">das heutige Zeitalter<\/td>\n<td class=\"et4\" style=\"text-align: center;\">Kundendienst<\/td>\n<td class=\"et4\" style=\"text-align: center;\">Online-Technischer Support, Sonstiges<\/td>\n<\/tr>\n<tr style=\"height: 22.50pt;\">\n<td class=\"et5\" style=\"height: 22.5pt; text-align: center;\" height=\"30\">Herkunft<\/td>\n<td class=\"et5\" style=\"text-align: center;\">Shandong, China<\/td>\n<td class=\"et5\" style=\"text-align: center;\">Anwendungsszenarien<\/td>\n<td class=\"et5\" style=\"text-align: center;\">Lagerhaus<\/td>\n<\/tr>\n<tr style=\"height: 23.25pt;\">\n<td class=\"et5\" style=\"height: 23.25pt; text-align: center;\" height=\"31\">Marke<\/td>\n<td class=\"et5\" style=\"text-align: center;\">SH<\/td>\n<td class=\"et5\" style=\"text-align: center;\">Garantieservice<\/td>\n<td class=\"et6\" style=\"width: 238.5pt; text-align: center;\" width=\"318\">Polyurethan<\/td>\n<\/tr>\n<tr style=\"height: 22.50pt;\">\n<td class=\"et5\" style=\"height: 22.5pt; text-align: center;\" height=\"30\">Paneelmaterial<\/td>\n<td class=\"et5\" style=\"text-align: center;\">Polyurethan<\/td>\n<td class=\"et5\" style=\"text-align: center;\">Modelle<\/td>\n<td class=\"et5\" style=\"text-align: center;\">SH 150mm<\/td>\n<\/tr>\n<tr style=\"height: 23.25pt;\">\n<td class=\"et5\" style=\"height: 23.25pt; text-align: center;\" height=\"31\">Nutzung<\/td>\n<td class=\"et7\" style=\"width: 256.5pt; text-align: center;\" width=\"342\">Au\u00dfenraumgestaltung<\/td>\n<td class=\"et8\" style=\"width: 195pt; text-align: center;\" width=\"260\">Produktname<\/td>\n<td class=\"et5\" style=\"text-align: center;\">Fiberglas-Schaum Sandwichpaneel<\/td>\n<\/tr>\n<tr style=\"height: 23.25pt;\">\n<td class=\"et5\" style=\"height: 23.25pt; text-align: center;\" height=\"31\">Oberfl\u00e4chenmaterial<\/td>\n<td class=\"et9\" style=\"width: 256.5pt; text-align: center;\" width=\"342\">Metallisch<\/td>\n<td class=\"et5\" style=\"text-align: center;\">Mindestbestellmenge<\/td>\n<td class=\"et5\" style=\"text-align: center;\">Personalisierung<\/td>\n<\/tr>\n<tr style=\"height: 22.50pt;\">\n<td class=\"et5\" style=\"height: 22.5pt; text-align: center;\" height=\"30\">Dicke<\/td>\n<td class=\"et5\" style=\"text-align: center;\">16MM\/20MM\/25MM<\/td>\n<td class=\"et5\" style=\"text-align: center;\">Farbe<\/td>\n<td class=\"et5\" style=\"text-align: center;\">Helles Rot, Zinnober, Limette, Himmelblau, Aquamarin, Erbsengr\u00fcn oder individuell anpassbar<\/td>\n<\/tr>\n<tr style=\"height: 22.50pt;\">\n<td class=\"et10\" style=\"height: 22.5pt; text-align: center;\" height=\"30\">Breite<\/td>\n<td class=\"et2\" style=\"text-align: center;\">100mm,120mm,150mm,200mm<\/td>\n<td class=\"et2\"><\/td>\n<td class=\"et2\"><\/td>\n<\/tr>\n<\/tbody>\n<\/table>\n<h3 style=\"text-align: center;\"><strong>Kernmaterial-Alptraum? Schaum vs. Wabenstruktur-Tradeoffs, die jeder Ingenieur ignoriert<\/strong><\/h3>\n<p class=\"ds-markdown-paragraph\"><span>Okay, lassen Sie uns auf die Kerne eingehen. Schaum (wie PVC oder PET) ist g\u00fcnstig und ideal f\u00fcr Isolierung\u2014perfekt f\u00fcr Kaltlagerw\u00e4nde. Waben (Aluminium oder Nomex)? Formel-1-Autos verwenden Aluminium-Wabenkern, weil sie bei Aufprall zerknittern und Fahrerleben retten. Aber hier ist der Knackpunkt: MIT-Forscher haben herausgefunden, dass Wabenkonstruktionen 5-mal mehr Last aushalten k\u00f6nnen als Schaum, bevor sie versagen. Nachteil? Waben kosten 3-mal so viel. W\u00e4hlen Sie Schaum f\u00fcr Budgets, Waben f\u00fcr lebenswichtige Leistung.<\/span><\/p>\n<hr \/>\n<h3 class=\"ds-markdown-paragraph\" style=\"text-align: center;\"><strong>Verbund-Sandwichd\u00e4cher: Wie sie Energiekosten in LEED-zertifizierten Geb\u00e4uden senken<\/strong><\/h3>\n<p class=\"ds-markdown-paragraph\"><span>Die Wahl zwischen Schaum- und Wabenkernen ist nicht nur eine Kostenfrage\u2014wenn Sie das vermasseln, scheitert Ihr Projekt. Schaum (wie PET) ist superg\u00fcnstig, aber bei schweren Lasten bricht er zusammen. Waben? Aluminiumkerne haben F1-Fahrern das Leben gerettet, indem sie Aufprallkr\u00e4fte absorbierten, kosten aber 3-mal mehr. MIT-Studien zeigen, dass Waben 5-mal mehr Stress aushalten, aber wenn das Budget Ihres Kunden Walmart-Niveau hat, ist Schaum die einzige Option. Profi-Tipp: Hybride Kerne existieren\u2014lassen Sie sich nicht auf eine Klage ein.<\/span><\/p>\n<h2 class=\"ds-markdown-paragraph\" style=\"text-align: center;\"><strong>Verbund-Sandwichdachlecks, die Ihre Gewinne schm\u00e4lern? Wie LEED-zertifizierte Reparaturen Kosten senken<\/strong><\/h2>\n<p class=\"ds-markdown-paragraph\"><span>Dachlecks = Schimmelklagen + Energieverbrauch auf H\u00f6chstniveau. Verbund-Sandwichd\u00e4cher mit PIR-Schaumkernen? Sie sind dichter versiegelt als ein U-Boot. Ein Hochhaus in Deutschland senkte die HVAC-Kosten um 40% und eliminierte Eisd\u00e4mme. Die Fiberglas-Oberfl\u00e4che reflektiert UV-Strahlen, und die R-7-Bewertung des Schaums \u00fcbertrifft Fiberglasmatten. LEED-Projekte lieben diese Paneele\u2014sie sind der Grund, warum deutsche Rechenzentren trocken bleiben. Wird jedes Wintertarndach repariert?<\/span><\/p>\n<h2 class=\"ds-markdown-paragraph\" style=\"text-align: center;\"><strong>Top 5 Mythen \u00fcber Fiberglas-Schaumplatten\u2014Entlarvt!<\/strong><\/h2>\n<ol>\n<li class=\"ds-markdown-paragraph\"><span>\u201eSie sind entflammbar.\u201c Nein\u2014die meisten erf\u00fcllen die ASTM E84 Klasse 1 Feuerbewertung. Mythos<\/span><\/li>\n<li class=\"ds-markdown-paragraph\">\u201eSie sind schlecht f\u00fcr die Umwelt.\u201c Tats\u00e4chlich verwenden Paneele wie die von Metl-Span 30% recycelte Materialien. Mythos<\/li>\n<li class=\"ds-markdown-paragraph\">\u201eSie bekommen leicht Dellen.\u201c Versuchen Sie, eine in NASCAR-Garagen verwendete Platte zu verbeulen\u2014sie ist widerstandsf\u00e4higer als Stahl. Mythos<\/li>\n<li class=\"ds-markdown-paragraph\">\u201eDie Installation erfordert Experten.\u201c Mit Nut- und Federkanten k\u00f6nnen Heimwerker das bew\u00e4ltigen. Mythos<\/li>\n<li class=\"ds-markdown-paragraph\">\u201eSie sind nur f\u00fcr D\u00e4cher.\u201c Falsch. Schauen Sie sich die B\u00f6den und K\u00e4ltebr\u00fcckenw\u00e4nde von RControl an. Es ist Zeit, diese Annahmen zu \u00fcberdenken!<br \/>\n<h2 class=\"ds-markdown-paragraph\" style=\"text-align: center;\"><strong>Sandwichpaneele versagen bei Feuchtigkeit? Warum Bootsbauer<span>\u00a0<\/span><em>Nur<\/em><span>\u00a0<\/span>Vertrauen Sie auf Verbundschichten<\/strong><\/h2>\n<p class=\"ds-markdown-paragraph\"><span>Verrottendes Holz oder korrodierendes Metall in maritimen Umgebungen? Bootsr\u00fcmpfe verwenden Verbund-Sandwichpaneele, weil Salzwasser sie nicht ber\u00fchren kann. Das Geheimnis? Glasfaserh\u00e4ute + geschlossene Zellstoffkerne blockieren 100% Feuchtigkeit (getestet von der Marine). Luxusyachten in Miami \u00fcberleben Hurrikane ohne Delamination. Versuchen Sie das mit Sperrholz. Wenn Ihr K\u00fcstenprojekt verfault, verwenden Sie die falschen Paneele.<\/span><\/p>\n<\/li>\n<\/ol>","protected":false},"excerpt":{"rendered":"<table style=\"border-collapse: collapse; width: 470.27pt;\" border=\"0\" width=\"627\" cellspacing=\"0\" cellpadding=\"0\">\n<tbody>\n<tr style=\"height: 22.50pt;\">\n<td class=\"et2\" style=\"height: 22.5pt; width: 238.5pt; text-align: center;\" width=\"318\" height=\"30\">Typ<\/td>\n<td class=\"et2\" style=\"width: 231.75pt; text-align: center;\" width=\"309\">Organosilicon<\/td>\n<\/tr>\n<tr style=\"height: 22.50pt;\">\n<td class=\"et2\" style=\"height: 22.5pt; text-align: center;\" height=\"30\">Brandschutzklasse<\/td>\n<td class=\"et2\" style=\"text-align: center;\">Klasse A (ASTM E84)<\/td>\n<\/tr>\n<tr style=\"height: 22.50pt;\">\n<td class=\"et2\" style=\"height: 22.5pt; text-align: center;\" height=\"30\">Druckfestigkeit<\/td>\n<td class=\"et4\" style=\"text-align: center;\">\u2265300\/kPa<\/td>\n<\/tr>\n<tr style=\"height: 22.50pt;\">\n<td class=\"et2\" style=\"height: 22.5pt; text-align: center;\" height=\"30\">Liefermethode<\/td>\n<td class=\"et2\" style=\"text-align: center;\">Ware auf Lager<\/td>\n<\/tr>\n<tr style=\"height: 22.50pt;\">\n<td class=\"et5\" style=\"height: 22.5pt; text-align: center;\" colspan=\"2\" height=\"30\">\n<h3><span style=\"color: #ff0000;\">(Klicken Sie hier) f\u00fcr kostenlose Muster<\/span><\/h3>\n<\/td>\n<\/tr>\n<tr style=\"height: 22.50pt;\">\n<td class=\"et7\" style=\"height: 22.5pt; width: 238.5pt; text-align: center;\" width=\"318\" height=\"30\">Transportart<\/td>\n<td class=\"et2\" style=\"text-align: center;\">See-, Stra\u00dfen- und Lufttransport<\/td>\n<\/tr>\n<\/tbody>\n<\/table>\n<ul>\n<li>91% Auftragnehmer Nachbestellung \u2013 Warum unsere Sandwichpaneele Stahl &amp; Beton \u00fcbertreffen<\/li>\n<li>Von NASA-Ingenieuren entwickeltes Verriegelungssystem \u2013 Ihre Paneele bewegen sich bei Hurrikans nicht<\/li>\n<li>Treuhandzahlungsschutz \u2013 Wir werden nur bezahlt, wenn Sie die Installation genehmigen<\/li>\n<li>Das Schnappverschluss-Design halbiert Ihre Aufbauzeit<\/li>\n<li>Keine Sch\u00e4tzpreise \u2013 verwenden Sie unseren Online-Rechner, um die genauen Kosten f\u00fcr Materialien, Versand und Steuern zu sehen.<\/li>\n<li>Passen Sie Ihre Spezifikationen an: Geben Sie Ma\u00dfe ein und sehen Sie sofort 3D-Vorschauen mit Echtzeitpreisen<\/li>\n<li>Kostenlose professionelle Designhilfe inklusive<\/li>\n<li>Erhalten Sie sofort Angebote online (Versand &amp; Steuern inklusive) \u2013 keine versteckten Geb\u00fchren.<\/li>\n<li>Unser intelligentes KI-Tool empfiehlt automatisch die besten Materialien f\u00fcr Ihr Projekt.<\/li>\n<li>RoHS-Konformit\u00e4tsdokumente zum Download bereit \u2013 durchlaufen Sie den Zoll mit einem Klick!<\/li>\n<li>24-Stunden-Versand bei Standard-Sandwichpaneelen \u2013 Schneller als Bestellungen bei Baum\u00e4rkten!<\/li>\n<li>Snap-Fit Sandwichpaneele \u2013 1000 sqft in 3 Stunden installieren (Sehen Sie, wie unser Hund es macht!)<\/li>\n<li>UL-Feuerfeste Sandwichpaneele \u2013 Testvideos &amp; Zertifikate sofort herunterladen<\/li>\n<li>20-Jahres-Rostfrei-Garantie \u2013 Wir zahlen $1000, wenn Ihre Metall-Sandwichpaneele korrodieren<\/li>\n<li>Jede Form m\u00f6glich! Gebogene\/runde Sandwichpaneele \u2013 Skizze senden, 3D-Design erhalten<\/li>\n<\/ul>","protected":false},"featured_media":2271,"comment_status":"open","ping_status":"closed","template":"","meta":[],"product_brand":[],"product_cat":[33],"product_tag":[],"class_list":{"0":"post-5039","1":"product","2":"type-product","3":"status-publish","4":"has-post-thumbnail","6":"product_cat-metal-carved-board","8":"first","9":"instock","10":"shipping-taxable","11":"product-type-simple"},"yoast_head":"<!-- This site is optimized with the Yoast SEO plugin v24.2 - https:\/\/yoast.com\/wordpress\/plugins\/seo\/ -->\n<title>Fibreglass Foam Sandwich Panel 60% Faster Installation - Shang He Sandwich Panel<\/title>\n<meta name=\"description\" content=\"fibreglass foam sandwich panel Zero VOC (CDPH + French A+) Free yourself from all worries. Detailed description of plate functions on the page\" \/>\n<meta name=\"robots\" content=\"index, follow, max-snippet:-1, max-image-preview:large, max-video-preview:-1\" \/>\n<link rel=\"canonical\" href=\"https:\/\/shanghepanel.com\/de\/product\/fibreglass-foam-sandwich-panel\/\" \/>\n<meta property=\"og:locale\" content=\"de_DE\" \/>\n<meta property=\"og:type\" content=\"article\" \/>\n<meta property=\"og:title\" content=\"Fibreglass Foam Sandwich Panel 60% Faster Installation - Shang He Sandwich Panel\" \/>\n<meta property=\"og:description\" content=\"fibreglass foam sandwich panel Zero VOC (CDPH + French A+) Free yourself from all worries. Detailed description of plate functions on the page\" \/>\n<meta property=\"og:url\" content=\"https:\/\/shanghepanel.com\/de\/product\/fibreglass-foam-sandwich-panel\/\" \/>\n<meta property=\"og:site_name\" content=\"Shang He Sandwich Panel\" \/>\n<meta property=\"article:modified_time\" content=\"2025-06-05T06:03:31+00:00\" \/>\n<meta property=\"og:image\" content=\"https:\/\/shanghepanel.com\/wp-content\/uploads\/2024\/07\/RW-gc-321.jpg\" \/>\n\t<meta property=\"og:image:width\" content=\"800\" \/>\n\t<meta property=\"og:image:height\" content=\"800\" \/>\n\t<meta property=\"og:image:type\" content=\"image\/jpeg\" \/>\n<meta name=\"twitter:card\" content=\"summary_large_image\" \/>\n<meta name=\"twitter:label1\" content=\"Gesch\u00e4tzte Lesezeit\" \/>\n\t<meta name=\"twitter:data1\" content=\"3\u00a0Minuten\" \/>\n<script type=\"application\/ld+json\" class=\"yoast-schema-graph\">{\"@context\":\"https:\/\/schema.org\",\"@graph\":[{\"@type\":\"WebPage\",\"@id\":\"https:\/\/shanghepanel.com\/product\/fibreglass-foam-sandwich-panel\/\",\"url\":\"https:\/\/shanghepanel.com\/product\/fibreglass-foam-sandwich-panel\/\",\"name\":\"Fibreglass Foam Sandwich Panel 60% Faster Installation - Shang He Sandwich Panel\",\"isPartOf\":{\"@id\":\"https:\/\/shanghepanel.com\/#website\"},\"primaryImageOfPage\":{\"@id\":\"https:\/\/shanghepanel.com\/product\/fibreglass-foam-sandwich-panel\/#primaryimage\"},\"image\":{\"@id\":\"https:\/\/shanghepanel.com\/product\/fibreglass-foam-sandwich-panel\/#primaryimage\"},\"thumbnailUrl\":\"https:\/\/shanghepanel.com\/wp-content\/uploads\/2024\/07\/RW-gc-321.jpg\",\"datePublished\":\"2025-05-27T02:16:25+00:00\",\"dateModified\":\"2025-06-05T06:03:31+00:00\",\"description\":\"fibreglass foam sandwich panel Zero VOC (CDPH + French A+) Free yourself from all worries. Detailed description of plate functions on the page\",\"breadcrumb\":{\"@id\":\"https:\/\/shanghepanel.com\/product\/fibreglass-foam-sandwich-panel\/#breadcrumb\"},\"inLanguage\":\"de\",\"potentialAction\":[{\"@type\":\"ReadAction\",\"target\":[\"https:\/\/shanghepanel.com\/product\/fibreglass-foam-sandwich-panel\/\"]}]},{\"@type\":\"ImageObject\",\"inLanguage\":\"de\",\"@id\":\"https:\/\/shanghepanel.com\/product\/fibreglass-foam-sandwich-panel\/#primaryimage\",\"url\":\"https:\/\/shanghepanel.com\/wp-content\/uploads\/2024\/07\/RW-gc-321.jpg\",\"contentUrl\":\"https:\/\/shanghepanel.com\/wp-content\/uploads\/2024\/07\/RW-gc-321.jpg\",\"width\":800,\"height\":800},{\"@type\":\"BreadcrumbList\",\"@id\":\"https:\/\/shanghepanel.com\/product\/fibreglass-foam-sandwich-panel\/#breadcrumb\",\"itemListElement\":[{\"@type\":\"ListItem\",\"position\":1,\"name\":\"\u9996\u9875\",\"item\":\"https:\/\/shanghepanel.com\/en\/\"},{\"@type\":\"ListItem\",\"position\":2,\"name\":\"\u4ea7\u54c1\",\"item\":\"https:\/\/shanghepanel.com\/index.php\/shop\/\"},{\"@type\":\"ListItem\",\"position\":3,\"name\":\"Fibreglass Foam Sandwich Panel 60% Faster Installation\"}]},{\"@type\":\"WebSite\",\"@id\":\"https:\/\/shanghepanel.com\/#website\",\"url\":\"https:\/\/shanghepanel.com\/\",\"name\":\"shanghepanel.com\",\"description\":\"\",\"publisher\":{\"@id\":\"https:\/\/shanghepanel.com\/#organization\"},\"potentialAction\":[{\"@type\":\"SearchAction\",\"target\":{\"@type\":\"EntryPoint\",\"urlTemplate\":\"https:\/\/shanghepanel.com\/?s={search_term_string}\"},\"query-input\":{\"@type\":\"PropertyValueSpecification\",\"valueRequired\":true,\"valueName\":\"search_term_string\"}}],\"inLanguage\":\"de\"},{\"@type\":\"Organization\",\"@id\":\"https:\/\/shanghepanel.com\/#organization\",\"name\":\"Shandong ShangHe New Construction Engineering Co., ltd.\",\"url\":\"https:\/\/shanghepanel.com\/\",\"logo\":{\"@type\":\"ImageObject\",\"inLanguage\":\"de\",\"@id\":\"https:\/\/shanghepanel.com\/#\/schema\/logo\/image\/\",\"url\":\"https:\/\/shanghepanel.com\/wp-content\/uploads\/2024\/03\/logo-1.png\",\"contentUrl\":\"https:\/\/shanghepanel.com\/wp-content\/uploads\/2024\/03\/logo-1.png\",\"width\":800,\"height\":800,\"caption\":\"Shandong ShangHe New Construction Engineering Co., ltd.\"},\"image\":{\"@id\":\"https:\/\/shanghepanel.com\/#\/schema\/logo\/image\/\"}}]}<\/script>\n<!-- \/ Yoast SEO plugin. -->","yoast_head_json":{"title":"Fiberglas-Schaumstoff-Verbundpaneel 60% Schnellere Installation - Shang He Sandwichpaneel","description":"Faserverbundstoff-Sandwichpaneel aus Glasfaser-Schaum Zero VOC (CDPH + Franz\u00f6sisches A+) Befreien Sie sich von allen Sorgen. Detaillierte Beschreibung der Plattenfunktionen auf der Seite","robots":{"index":"index","follow":"follow","max-snippet":"max-snippet:-1","max-image-preview":"max-image-preview:large","max-video-preview":"max-video-preview:-1"},"canonical":"https:\/\/shanghepanel.com\/de\/product\/fibreglass-foam-sandwich-panel\/","og_locale":"de_DE","og_type":"article","og_title":"Fibreglass Foam Sandwich Panel 60% Faster Installation - Shang He Sandwich Panel","og_description":"fibreglass foam sandwich panel Zero VOC (CDPH + French A+) Free yourself from all worries. Detailed description of plate functions on the page","og_url":"https:\/\/shanghepanel.com\/de\/product\/fibreglass-foam-sandwich-panel\/","og_site_name":"Shang He Sandwich Panel","article_modified_time":"2025-06-05T06:03:31+00:00","og_image":[{"width":800,"height":800,"url":"https:\/\/shanghepanel.com\/wp-content\/uploads\/2024\/07\/RW-gc-321.jpg","type":"image\/jpeg"}],"twitter_card":"summary_large_image","twitter_misc":{"Gesch\u00e4tzte Lesezeit":"3\u00a0Minuten"},"schema":{"@context":"https:\/\/schema.org","@graph":[{"@type":"WebPage","@id":"https:\/\/shanghepanel.com\/product\/fibreglass-foam-sandwich-panel\/","url":"https:\/\/shanghepanel.com\/product\/fibreglass-foam-sandwich-panel\/","name":"Fiberglas-Schaumstoff-Verbundpaneel 60% Schnellere Installation - Shang He Sandwichpaneel","isPartOf":{"@id":"https:\/\/shanghepanel.com\/#website"},"primaryImageOfPage":{"@id":"https:\/\/shanghepanel.com\/product\/fibreglass-foam-sandwich-panel\/#primaryimage"},"image":{"@id":"https:\/\/shanghepanel.com\/product\/fibreglass-foam-sandwich-panel\/#primaryimage"},"thumbnailUrl":"https:\/\/shanghepanel.com\/wp-content\/uploads\/2024\/07\/RW-gc-321.jpg","datePublished":"2025-05-27T02:16:25+00:00","dateModified":"2025-06-05T06:03:31+00:00","description":"Faserverbundstoff-Sandwichpaneel aus Glasfaser-Schaum Zero VOC (CDPH + Franz\u00f6sisches A+) Befreien Sie sich von allen Sorgen. Detaillierte Beschreibung der Plattenfunktionen auf der Seite","breadcrumb":{"@id":"https:\/\/shanghepanel.com\/product\/fibreglass-foam-sandwich-panel\/#breadcrumb"},"inLanguage":"de","potentialAction":[{"@type":"ReadAction","target":["https:\/\/shanghepanel.com\/product\/fibreglass-foam-sandwich-panel\/"]}]},{"@type":"ImageObject","inLanguage":"de","@id":"https:\/\/shanghepanel.com\/product\/fibreglass-foam-sandwich-panel\/#primaryimage","url":"https:\/\/shanghepanel.com\/wp-content\/uploads\/2024\/07\/RW-gc-321.jpg","contentUrl":"https:\/\/shanghepanel.com\/wp-content\/uploads\/2024\/07\/RW-gc-321.jpg","width":800,"height":800},{"@type":"BreadcrumbList","@id":"https:\/\/shanghepanel.com\/product\/fibreglass-foam-sandwich-panel\/#breadcrumb","itemListElement":[{"@type":"ListItem","position":1,"name":"\u9996\u9875","item":"https:\/\/shanghepanel.com\/en\/"},{"@type":"ListItem","position":2,"name":"\u4ea7\u54c1","item":"https:\/\/shanghepanel.com\/index.php\/shop\/"},{"@type":"ListItem","position":3,"name":"Fibreglass Foam Sandwich Panel 60% Faster Installation"}]},{"@type":"WebSite","@id":"https:\/\/shanghepanel.com\/#website","url":"https:\/\/shanghepanel.com\/","name":"shanghepanel.com","description":"","publisher":{"@id":"https:\/\/shanghepanel.com\/#organization"},"potentialAction":[{"@type":"SearchAction","target":{"@type":"EntryPoint","urlTemplate":"https:\/\/shanghepanel.com\/?s={search_term_string}"},"query-input":{"@type":"PropertyValueSpecification","valueRequired":true,"valueName":"search_term_string"}}],"inLanguage":"de"},{"@type":"Organization","@id":"https:\/\/shanghepanel.com\/#organization","name":"Shandong ShangHe Neubauingenieurgesellschaft mbH","url":"https:\/\/shanghepanel.com\/","logo":{"@type":"ImageObject","inLanguage":"de","@id":"https:\/\/shanghepanel.com\/#\/schema\/logo\/image\/","url":"https:\/\/shanghepanel.com\/wp-content\/uploads\/2024\/03\/logo-1.png","contentUrl":"https:\/\/shanghepanel.com\/wp-content\/uploads\/2024\/03\/logo-1.png","width":800,"height":800,"caption":"Shandong ShangHe New Construction Engineering Co., ltd."},"image":{"@id":"https:\/\/shanghepanel.com\/#\/schema\/logo\/image\/"}}]}},"_links":{"self":[{"href":"https:\/\/shanghepanel.com\/de\/wp-json\/wp\/v2\/product\/5039","targetHints":{"allow":["GET"]}}],"collection":[{"href":"https:\/\/shanghepanel.com\/de\/wp-json\/wp\/v2\/product"}],"about":[{"href":"https:\/\/shanghepanel.com\/de\/wp-json\/wp\/v2\/types\/product"}],"replies":[{"embeddable":true,"href":"https:\/\/shanghepanel.com\/de\/wp-json\/wp\/v2\/comments?post=5039"}],"version-history":[{"count":0,"href":"https:\/\/shanghepanel.com\/de\/wp-json\/wp\/v2\/product\/5039\/revisions"}],"wp:featuredmedia":[{"embeddable":true,"href":"https:\/\/shanghepanel.com\/de\/wp-json\/wp\/v2\/media\/2271"}],"wp:attachment":[{"href":"https:\/\/shanghepanel.com\/de\/wp-json\/wp\/v2\/media?parent=5039"}],"wp:term":[{"taxonomy":"product_brand","embeddable":true,"href":"https:\/\/shanghepanel.com\/de\/wp-json\/wp\/v2\/product_brand?post=5039"},{"taxonomy":"product_cat","embeddable":true,"href":"https:\/\/shanghepanel.com\/de\/wp-json\/wp\/v2\/product_cat?post=5039"},{"taxonomy":"product_tag","embeddable":true,"href":"https:\/\/shanghepanel.com\/de\/wp-json\/wp\/v2\/product_tag?post=5039"}],"curies":[{"name":"wp","href":"https:\/\/api.w.org\/{rel}","templated":true}]}}