{"id":5052,"date":"2025-05-27T14:58:26","date_gmt":"2025-05-27T06:58:26","guid":{"rendered":"https:\/\/shanghepanel.com\/?post_type=product&#038;p=5052"},"modified":"2025-06-05T11:59:24","modified_gmt":"2025-06-05T03:59:24","slug":"fiberglass-sandwich-panels","status":"publish","type":"product","link":"https:\/\/shanghepanel.com\/de\/product\/fiberglass-sandwich-panels\/","title":{"rendered":"Fiberglas-Sandwichpaneele (VOC-frei)"},"content":{"rendered":"<h2 class=\"ds-markdown-paragraph\"><span style=\"color: #000000;\"><strong>Warum Glasfaser-Sandwichplatten traditionelle Materialien \u00fcberdauern \u2013 Eine 20-j\u00e4hrige Expertenanalyse (Spoiler: Es dreht sich alles um den Kern!)<\/strong><\/span><\/h2>\n<p class=\"ds-markdown-paragraph\">\n<span style=\"color: #000000;\">Hallo zusammen, David hier \u2013 bin seit der Zeit im <a href=\"https:\/\/shanghepanel.com\/product\/metal-sandwich-panels\/\">Sandwichpaneel<\/a> Gesch\u00e4ft, als DF\u00dc-Internet noch cool war. Kommen wir zur Sache: Glasfaser-Sandwichplatten dominieren aufgrund ihres Schichtaufbaus. Stellen Sie sich Folgendes vor: Zwei Glasfaser-Au\u00dfenschichten umschlie\u00dfen ein leichtes Kernmaterial (dazu kommen wir gleich). Ich habe gesehen, wie diese Platten Hurrikane in Florida und Hagelst\u00fcrme im Mittleren Westen \u00fcberstanden haben, die normale D\u00e4cher in moderne Kunst verwandelt haben. Profi-Tipp: Achten Sie auf LEED-zertifizierte Optionen, wenn Sie Energieeffizienz-Gutschriften anstreben.<\/span><\/p>\n<hr \/>\n<table style=\"border-collapse: collapse; width: 1369px; height: 337px;\" border=\"0\" width=\"1354\" cellspacing=\"0\" cellpadding=\"0\">\n<tbody>\n<tr style=\"height: 22.50pt;\">\n<td class=\"et3\" style=\"height: 22.5pt; width: 1015.5pt; text-align: center;\" colspan=\"4\" width=\"1354\" height=\"30\">\n<h3><span style=\"color: #000000;\">Wichtige Eigenschaften<\/span><\/h3>\n<\/td>\n<\/tr>\n<tr style=\"height: 22.50pt;\">\n<td class=\"et4\" style=\"height: 22.5pt; text-align: center;\" height=\"30\"><span style=\"color: #000000;\">Design<\/span><\/td>\n<td class=\"et4\" style=\"text-align: center;\"><span style=\"color: #000000;\">das heutige Zeitalter<\/span><\/td>\n<td class=\"et4\" style=\"text-align: center;\"><span style=\"color: #000000;\">Kundendienst<\/span><\/td>\n<td class=\"et4\" style=\"text-align: center;\"><span style=\"color: #000000;\">Online-Technischer Support, Sonstiges<\/span><\/td>\n<\/tr>\n<tr style=\"height: 22.50pt;\">\n<td class=\"et5\" style=\"height: 22.5pt; text-align: center;\" height=\"30\"><span style=\"color: #000000;\">Herkunft<\/span><\/td>\n<td class=\"et5\" style=\"text-align: center;\"><span style=\"color: #000000;\">Shandong, China<\/span><\/td>\n<td class=\"et5\" style=\"text-align: center;\"><span style=\"color: #000000;\">Anwendungsszenarien<\/span><\/td>\n<td class=\"et5\" style=\"text-align: center;\"><span style=\"color: #000000;\">Lagerhaus<\/span><\/td>\n<\/tr>\n<tr style=\"height: 23.25pt;\">\n<td class=\"et5\" style=\"height: 23.25pt; text-align: center;\" height=\"31\"><span style=\"color: #000000;\">Marke<\/span><\/td>\n<td class=\"et5\" style=\"text-align: center;\"><span style=\"color: #000000;\">SH<\/span><\/td>\n<td class=\"et5\" style=\"text-align: center;\"><span style=\"color: #000000;\">Garantieservice<\/span><\/td>\n<td class=\"et6\" style=\"width: 238.5pt; text-align: center;\" width=\"318\"><span style=\"color: #000000;\">Polyurethan<\/span><\/td>\n<\/tr>\n<tr style=\"height: 22.50pt;\">\n<td class=\"et5\" style=\"height: 22.5pt; text-align: center;\" height=\"30\"><span style=\"color: #000000;\">Paneelmaterial<\/span><\/td>\n<td class=\"et5\" style=\"text-align: center;\"><span style=\"color: #000000;\">Polyurethan<\/span><\/td>\n<td class=\"et5\" style=\"text-align: center;\"><span style=\"color: #000000;\">Modelle<\/span><\/td>\n<td class=\"et5\" style=\"text-align: center;\"><span style=\"color: #000000;\">SH 150mm<\/span><\/td>\n<\/tr>\n<tr style=\"height: 23.25pt;\">\n<td class=\"et5\" style=\"height: 23.25pt; text-align: center;\" height=\"31\"><span style=\"color: #000000;\">Nutzung<\/span><\/td>\n<td class=\"et7\" style=\"width: 256.5pt; text-align: center;\" width=\"342\"><span style=\"color: #000000;\">Au\u00dfenraumgestaltung<\/span><\/td>\n<td class=\"et8\" style=\"width: 195pt; text-align: center;\" width=\"260\"><span style=\"color: #000000;\">Produktname<\/span><\/td>\n<td class=\"et5\" style=\"text-align: center;\">Glasfaser-Sandwichplatten<\/td>\n<\/tr>\n<tr style=\"height: 23.25pt;\">\n<td class=\"et5\" style=\"height: 23.25pt; text-align: center;\" height=\"31\"><span style=\"color: #000000;\">Oberfl\u00e4chenmaterial<\/span><\/td>\n<td class=\"et9\" style=\"width: 256.5pt; text-align: center;\" width=\"342\"><span style=\"color: #000000;\">Metallisch<\/span><\/td>\n<td class=\"et5\" style=\"text-align: center;\"><span style=\"color: #000000;\">Mindestbestellmenge<\/span><\/td>\n<td class=\"et5\" style=\"text-align: center;\"><span style=\"color: #000000;\">Personalisierung<\/span><\/td>\n<\/tr>\n<tr style=\"height: 22.50pt;\">\n<td class=\"et5\" style=\"height: 22.5pt; text-align: center;\" height=\"30\"><span style=\"color: #000000;\">Dicke<\/span><\/td>\n<td class=\"et5\" style=\"text-align: center;\"><span style=\"color: #000000;\">16MM\/20MM\/25MM<\/span><\/td>\n<td class=\"et5\" style=\"text-align: center;\"><span style=\"color: #000000;\">Farbe<\/span><\/td>\n<td class=\"et5\" style=\"text-align: center;\"><span style=\"color: #000000;\">Helles Rot, Zinnober, Limette, Himmelblau, Aquamarin, Erbsengr\u00fcn oder individuell anpassbar<\/span><\/td>\n<\/tr>\n<tr style=\"height: 22.50pt;\">\n<td class=\"et10\" style=\"height: 22.5pt; text-align: center;\" height=\"30\"><span style=\"color: #000000;\">Breite<\/span><\/td>\n<td class=\"et2\" style=\"text-align: center;\"><span style=\"color: #000000;\">100mm,120mm,150mm,200mm<\/span><\/td>\n<td class=\"et2\"><\/td>\n<td class=\"et2\"><\/td>\n<\/tr>\n<\/tbody>\n<\/table>\n<hr \/>\n<p class=\"ds-markdown-paragraph\">\n<h2 class=\"ds-markdown-paragraph\" style=\"text-align: center;\"><span style=\"color: #000000;\"><strong>Glasfaser-Schaumstoff-Sandwichplatten: Das Geheimnis zur Senkung der HLK-Kosten ohne Einbu\u00dfen bei der Festigkeit<\/strong><\/span><\/h2>\n<p class=\"ds-markdown-paragraph\">\n<span style=\"color: #000000;\">Okay, reden wir \u00fcber den stillen Helden \u2013 Glasfaser-Schaumstoff-Sandwichplatten. Hier ist der Grund, warum Bauunternehmer davon besessen sind: Dieser Schaumstoffkern ist nicht nur F\u00fcllmaterial. Er wirkt wie eine W\u00e4rmebr\u00fccke und reduziert den Temperaturtransfer um 40-70% im Vergleich zu einschichtigen Materialien. Wir sprechen hier von R-Werten, die traditionelle D\u00e4mmstoffe err\u00f6ten lassen. Letzten Monat senkte ein Lagerhaus-Kunde seine K\u00fchlkosten um 30%, nachdem er auf diese umgestiegen war. Bonus? Die geschlossenzellige Struktur widersteht Feuchtigkeit besser als der R\u00fccken einer Ente. Keine durchn\u00e4ssten W\u00e4nde mehr!<\/span><\/p>\n<h2 class=\"ds-markdown-paragraph\" style=\"text-align: center;\"><span style=\"color: #000000;\"><strong>Glasfaser-Wabenkern-Sandwichplatten: Wo Luft- und Raumfahrttechnik auf Bau-Haltbarkeit trifft<\/strong><\/span><\/h2>\n<p class=\"ds-markdown-paragraph\">\n<span style=\"color: #000000;\">Jetzt wird es richtig interessant. Wabenkern-Sandwichplatten? Das ist NASA-Niveau-Technik in Ihrem Garten. Ich habe k\u00fcrzlich an einem Marineprojekt gearbeitet, bei dem diese Platten 5 Meter hohen Wellen standhielten, ohne sich zu verbiegen. Fun Fact: Boeing verwendet \u00e4hnliche Technologie in Flugzeugb\u00f6den. F\u00fcr Ihr Projekt bedeutet dies, gr\u00f6\u00dfere Spannweiten ohne St\u00fctzbalken zu \u00fcberbr\u00fccken \u2013 ideal f\u00fcr freie Sichtlinien im Einzelhandel oder in Luftfahrtzentren.<\/span><\/p>\n<h2 class=\"ds-markdown-paragraph\" style=\"text-align: center;\"><span style=\"color: #000000;\"><strong>Glasfaser-Sperrholz-Sandwichplatten: Die Schwerlastl\u00f6sung, die selbst skeptische Bauunternehmer lieben<\/strong><\/span><\/h2>\n<p class=\"ds-markdown-paragraph\">\n<span style=\"color: #000000;\">Altmodische Bauherren be\u00e4ugen Sie misstrauisch, wenn Sie \u201eleichte Materialien\u201c erw\u00e4hnen? Kontern Sie mit Glasfaser-Sperrholz-Sandwichplatten. Wir sprechen hier von marine-tauglichen Sperrholzkernen, die mit korrosionsbest\u00e4ndigem Glasfaser umwickelt sind. Ich habe diese in Chemieanlagen installiert, wo sich traditionelle Holzverbundwerkstoffe innerhalb von Monaten verzogen haben. Zehn Jahre sp\u00e4ter? Immer noch flach wie eine Flunder. Profi-Tipp: Geben Sie feuerhemmende Harze an, wenn Sie es mit gewerblichen Vorschriften zu tun haben.<\/span><\/p>\n<h2 class=\"ds-markdown-paragraph\" style=\"text-align: center;\"><span style=\"color: #000000;\"><strong>Mythen \u00fcber Glasfaserplatten entlarvt: Warum \u201eSie halten nicht lange\u201c nur schlechtes Gerede von Bauunternehmern ist<\/strong><\/span><\/h2>\n<p class=\"ds-markdown-paragraph\">\n<span style=\"color: #000000;\">Sprechen wir \u00fcber das Offensichtliche. Ja, ich habe die Horrorgeschichten geh\u00f6rt \u2013 \u201eGlasfaserplatten bleichen aus!\u201c \u201eSie rei\u00dfen leicht!\u201c Hier ist die Wahrheit: 90% der Ausf\u00e4lle sind auf unsachgem\u00e4\u00dfe Installation zur\u00fcckzuf\u00fchren. Beispiel: Ein Hotel in Vegas verwendete billige No-Name-Produkte ohne UV-Inhibitoren. Ihre Platten vergilbten schneller als eine Zeitung in der Sonne. In der Zwischenzeit sehen unsere UV-stabilen Platten im Rechenzentrum in Phoenix nach 8 W\u00fcstensommern noch wie neu aus. Moral? Man bekommt, was man bestellt.<\/span><\/p>\n<h2 class=\"ds-markdown-paragraph\" style=\"text-align: center;\"><span style=\"color: #000000;\"><strong>Sandwichplatten 101: So vermeiden Sie die 3 teuersten Fehler (von einem, der sie alle behoben hat)<\/strong><\/span><\/h2>\n<p class=\"ds-markdown-paragraph\">\n<span style=\"color: #000000;\">Nach zwei Jahrzehnten habe ich jeden Facepalm-Moment erlebt, den man sich vorstellen kann. Fehler #1? Dehnungsfugen ignorieren. Diese Materialien bewegen sich mit Temperatur\u00e4nderungen \u2013 sparen Sie an Fugen, und Sie erhalten schneller verbogene Platten, als ein unerfahrener Dachdecker \u201eups\u201c sagen kann. Fehler #2: Standard-Schrauben verwenden. Sie ben\u00f6tigen selbstbohrende Tech-Schrauben mit EPDM-Unterlegscheiben. Und #3? W\u00e4rmebr\u00fccken vergessen. Bestehen Sie immer auf thermisch getrennten Rahmen \u2013 Ihr zuk\u00fcnftiges Ich wird Sie abklatschen.<\/span><\/p>\n<h2 class=\"ds-markdown-paragraph\" style=\"text-align: center;\"><span style=\"color: #000000;\"><strong>Wann man Sandwichplatten gegen\u00fcber einzelnen Schichten w\u00e4hlen sollte: Ein Entscheidungsbaum, der Zeit und Geld spart<\/strong><\/span><\/h2>\n<p class=\"ds-markdown-paragraph\">\n<span style=\"color: #000000;\">Noch unentschlossen? Machen wir es einfach. Fragen Sie:<\/span><\/p>\n<ol start=\"1\">\n<li>\n<p class=\"ds-markdown-paragraph\"><span style=\"color: #000000;\">Ist Gewichtsreduzierung entscheidend (Dachsanierungen\/mobile Einheiten)?<\/span><\/p>\n<\/li>\n<li>\n<p class=\"ds-markdown-paragraph\"><span style=\"color: #000000;\">Ben\u00f6tigen Sie versteckte Isolierung (K\u00fchllager\/Reinr\u00e4ume)?<\/span><\/p>\n<\/li>\n<li>\n<p class=\"ds-markdown-paragraph\"><span style=\"color: #000000;\">Ist Korrosionsbest\u00e4ndigkeit unverhandelbar (K\u00fcste\/Industrie)?<\/span><br \/>\n<span style=\"color: #000000;\">Dr\u00fccken Sie auf \u201eJa\u201c bei irgendeinem? Sandwichpaneele gewinnen. Ein aktuelles Beispiel: Eine Dachbar in Brooklyn verwendete eineinzige Glasfaser f\u00fcr das Vordach. Sah gro\u00dfartig aus\u2026bis Winterkondensation daraus einen Indoor-Regen-Simulator machte. Unser Sandwichpaneel-Upgrade? Trocken wie Knochen und 12% leichter.<\/span><\/p>\n<\/li>\n<\/ol>","protected":false},"excerpt":{"rendered":"<table style=\"border-collapse: collapse; width: 470.27pt;\" border=\"0\" width=\"627\" cellspacing=\"0\" cellpadding=\"0\">\n<tbody>\n<tr style=\"height: 22.50pt;\">\n<td class=\"et2\" style=\"height: 22.5pt; width: 238.5pt; text-align: center;\" width=\"318\" height=\"30\">Typ<\/td>\n<td class=\"et2\" style=\"width: 231.75pt; text-align: center;\" width=\"309\">Organosilicon<\/td>\n<\/tr>\n<tr style=\"height: 22.50pt;\">\n<td class=\"et2\" style=\"height: 22.5pt; text-align: center;\" height=\"30\">Brandschutzklasse<\/td>\n<td class=\"et2\" style=\"text-align: center;\">Klasse A (ASTM E84)<\/td>\n<\/tr>\n<tr style=\"height: 22.50pt;\">\n<td class=\"et2\" style=\"height: 22.5pt; text-align: center;\" height=\"30\">Druckfestigkeit<\/td>\n<td class=\"et4\" style=\"text-align: center;\">\u2265300\/kPa<\/td>\n<\/tr>\n<tr style=\"height: 22.50pt;\">\n<td class=\"et2\" style=\"height: 22.5pt; text-align: center;\" height=\"30\">Liefermethode<\/td>\n<td class=\"et2\" style=\"text-align: center;\">Ware auf Lager<\/td>\n<\/tr>\n<tr style=\"height: 22.50pt;\">\n<td class=\"et5\" style=\"height: 22.5pt; text-align: center;\" colspan=\"2\" height=\"30\">\n<h3><span style=\"color: #ff0000;\">(Klicken Sie hier) f\u00fcr kostenlose Muster<\/span><\/h3>\n<\/td>\n<\/tr>\n<tr style=\"height: 22.50pt;\">\n<td class=\"et7\" style=\"height: 22.5pt; width: 238.5pt; text-align: center;\" width=\"318\" height=\"30\">Transportart<\/td>\n<td class=\"et2\" style=\"text-align: center;\">See-, Stra\u00dfen- und Lufttransport<\/td>\n<\/tr>\n<\/tbody>\n<\/table>\n<ul>\n<li>91% Auftragnehmer Nachbestellung \u2013 Warum unsere Sandwichpaneele Stahl &amp; Beton \u00fcbertreffen<\/li>\n<li>Von NASA-Ingenieuren entwickeltes Verriegelungssystem \u2013 Ihre Paneele bewegen sich bei Hurrikans nicht<\/li>\n<li>Treuhandzahlungsschutz \u2013 Wir werden nur bezahlt, wenn Sie die Installation genehmigen<\/li>\n<li>Das Schnappverschluss-Design halbiert Ihre Aufbauzeit<\/li>\n<li>Keine Sch\u00e4tzpreise \u2013 verwenden Sie unseren Online-Rechner, um die genauen Kosten f\u00fcr Materialien, Versand und Steuern zu sehen.<\/li>\n<li>Passen Sie Ihre Spezifikationen an: Geben Sie Ma\u00dfe ein und sehen Sie sofort 3D-Vorschauen mit Echtzeitpreisen<\/li>\n<li>Kostenlose professionelle Designhilfe inklusive<\/li>\n<li>Erhalten Sie sofort Angebote online (Versand &amp; Steuern inklusive) \u2013 keine versteckten Geb\u00fchren.<\/li>\n<li>Unser intelligentes KI-Tool empfiehlt automatisch die besten Materialien f\u00fcr Ihr Projekt.<\/li>\n<li>RoHS-Konformit\u00e4tsdokumente zum Download bereit \u2013 durchlaufen Sie den Zoll mit einem Klick!<\/li>\n<li>24-Stunden-Versand bei Standard-Sandwichpaneelen \u2013 Schneller als Bestellungen bei Baum\u00e4rkten!<\/li>\n<li>Snap-Fit Sandwichpaneele \u2013 1000 sqft in 3 Stunden installieren (Sehen Sie, wie unser Hund es macht!)<\/li>\n<\/ul>","protected":false},"featured_media":3730,"comment_status":"open","ping_status":"closed","template":"","meta":[],"product_brand":[],"product_cat":[33],"product_tag":[],"class_list":{"0":"post-5052","1":"product","2":"type-product","3":"status-publish","4":"has-post-thumbnail","6":"product_cat-metal-carved-board","8":"first","9":"instock","10":"shipping-taxable","11":"product-type-simple"},"yoast_head":"<!-- This site is optimized with the Yoast SEO plugin v24.2 - https:\/\/yoast.com\/wordpress\/plugins\/seo\/ -->\n<title>Fiberglass Sandwich Panels (Voc-Free) - Shang He Sandwich Panel<\/title>\n<meta name=\"description\" content=\"fiberglass sandwich panels This piece of content gives you the details\u3002Give you different results Click on me and I&#039;ll surprise you.\" \/>\n<meta name=\"robots\" content=\"index, follow, max-snippet:-1, max-image-preview:large, max-video-preview:-1\" \/>\n<link rel=\"canonical\" href=\"https:\/\/shanghepanel.com\/de\/product\/fiberglass-sandwich-panels\/\" \/>\n<meta property=\"og:locale\" content=\"de_DE\" \/>\n<meta property=\"og:type\" content=\"article\" \/>\n<meta property=\"og:title\" content=\"Fiberglass Sandwich Panels (Voc-Free) - Shang He Sandwich Panel\" \/>\n<meta property=\"og:description\" content=\"fiberglass sandwich panels This piece of content gives you the details\u3002Give you different results Click on me and I&#039;ll surprise you.\" \/>\n<meta property=\"og:url\" content=\"https:\/\/shanghepanel.com\/de\/product\/fiberglass-sandwich-panels\/\" \/>\n<meta property=\"og:site_name\" content=\"Shang He Sandwich Panel\" \/>\n<meta property=\"article:modified_time\" content=\"2025-06-05T03:59:24+00:00\" \/>\n<meta property=\"og:image\" content=\"https:\/\/shanghepanel.com\/wp-content\/uploads\/2024\/07\/GW-zt-2.jpg\" \/>\n\t<meta property=\"og:image:width\" content=\"800\" \/>\n\t<meta property=\"og:image:height\" content=\"800\" \/>\n\t<meta property=\"og:image:type\" content=\"image\/jpeg\" \/>\n<meta name=\"twitter:card\" content=\"summary_large_image\" \/>\n<meta name=\"twitter:label1\" content=\"Gesch\u00e4tzte Lesezeit\" \/>\n\t<meta name=\"twitter:data1\" content=\"3\u00a0Minuten\" \/>\n<script type=\"application\/ld+json\" class=\"yoast-schema-graph\">{\"@context\":\"https:\/\/schema.org\",\"@graph\":[{\"@type\":\"WebPage\",\"@id\":\"https:\/\/shanghepanel.com\/product\/fiberglass-sandwich-panels\/\",\"url\":\"https:\/\/shanghepanel.com\/product\/fiberglass-sandwich-panels\/\",\"name\":\"Fiberglass Sandwich Panels (Voc-Free) - Shang He Sandwich Panel\",\"isPartOf\":{\"@id\":\"https:\/\/shanghepanel.com\/#website\"},\"primaryImageOfPage\":{\"@id\":\"https:\/\/shanghepanel.com\/product\/fiberglass-sandwich-panels\/#primaryimage\"},\"image\":{\"@id\":\"https:\/\/shanghepanel.com\/product\/fiberglass-sandwich-panels\/#primaryimage\"},\"thumbnailUrl\":\"https:\/\/shanghepanel.com\/wp-content\/uploads\/2024\/07\/GW-zt-2.jpg\",\"datePublished\":\"2025-05-27T06:58:26+00:00\",\"dateModified\":\"2025-06-05T03:59:24+00:00\",\"description\":\"fiberglass sandwich panels This piece of content gives you the details\u3002Give you different results Click on me and I'll surprise you.\",\"breadcrumb\":{\"@id\":\"https:\/\/shanghepanel.com\/product\/fiberglass-sandwich-panels\/#breadcrumb\"},\"inLanguage\":\"de\",\"potentialAction\":[{\"@type\":\"ReadAction\",\"target\":[\"https:\/\/shanghepanel.com\/product\/fiberglass-sandwich-panels\/\"]}]},{\"@type\":\"ImageObject\",\"inLanguage\":\"de\",\"@id\":\"https:\/\/shanghepanel.com\/product\/fiberglass-sandwich-panels\/#primaryimage\",\"url\":\"https:\/\/shanghepanel.com\/wp-content\/uploads\/2024\/07\/GW-zt-2.jpg\",\"contentUrl\":\"https:\/\/shanghepanel.com\/wp-content\/uploads\/2024\/07\/GW-zt-2.jpg\",\"width\":800,\"height\":800},{\"@type\":\"BreadcrumbList\",\"@id\":\"https:\/\/shanghepanel.com\/product\/fiberglass-sandwich-panels\/#breadcrumb\",\"itemListElement\":[{\"@type\":\"ListItem\",\"position\":1,\"name\":\"\u9996\u9875\",\"item\":\"https:\/\/shanghepanel.com\/en\/\"},{\"@type\":\"ListItem\",\"position\":2,\"name\":\"\u4ea7\u54c1\",\"item\":\"https:\/\/shanghepanel.com\/index.php\/shop\/\"},{\"@type\":\"ListItem\",\"position\":3,\"name\":\"Fiberglass Sandwich Panels (Voc-Free)\"}]},{\"@type\":\"WebSite\",\"@id\":\"https:\/\/shanghepanel.com\/#website\",\"url\":\"https:\/\/shanghepanel.com\/\",\"name\":\"shanghepanel.com\",\"description\":\"\",\"publisher\":{\"@id\":\"https:\/\/shanghepanel.com\/#organization\"},\"potentialAction\":[{\"@type\":\"SearchAction\",\"target\":{\"@type\":\"EntryPoint\",\"urlTemplate\":\"https:\/\/shanghepanel.com\/?s={search_term_string}\"},\"query-input\":{\"@type\":\"PropertyValueSpecification\",\"valueRequired\":true,\"valueName\":\"search_term_string\"}}],\"inLanguage\":\"de\"},{\"@type\":\"Organization\",\"@id\":\"https:\/\/shanghepanel.com\/#organization\",\"name\":\"Shandong ShangHe New Construction Engineering Co., ltd.\",\"url\":\"https:\/\/shanghepanel.com\/\",\"logo\":{\"@type\":\"ImageObject\",\"inLanguage\":\"de\",\"@id\":\"https:\/\/shanghepanel.com\/#\/schema\/logo\/image\/\",\"url\":\"https:\/\/shanghepanel.com\/wp-content\/uploads\/2024\/03\/logo-1.png\",\"contentUrl\":\"https:\/\/shanghepanel.com\/wp-content\/uploads\/2024\/03\/logo-1.png\",\"width\":800,\"height\":800,\"caption\":\"Shandong ShangHe New Construction Engineering Co., ltd.\"},\"image\":{\"@id\":\"https:\/\/shanghepanel.com\/#\/schema\/logo\/image\/\"}}]}<\/script>\n<!-- \/ Yoast SEO plugin. -->","yoast_head_json":{"title":"Fiberglas-Sandwichpaneele (VOC-frei) - Shang He Sandwichpaneel","description":"Faserverbund-Sandwichpaneele Dieses St\u00fcck Inhalt gibt Ihnen die Details. Geben Sie Ihnen unterschiedliche Ergebnisse. Klicken Sie auf mich und ich werde Sie \u00fcberraschen.","robots":{"index":"index","follow":"follow","max-snippet":"max-snippet:-1","max-image-preview":"max-image-preview:large","max-video-preview":"max-video-preview:-1"},"canonical":"https:\/\/shanghepanel.com\/de\/product\/fiberglass-sandwich-panels\/","og_locale":"de_DE","og_type":"article","og_title":"Fiberglass Sandwich Panels (Voc-Free) - Shang He Sandwich Panel","og_description":"fiberglass sandwich panels This piece of content gives you the details\u3002Give you different results Click on me and I'll surprise you.","og_url":"https:\/\/shanghepanel.com\/de\/product\/fiberglass-sandwich-panels\/","og_site_name":"Shang He Sandwich Panel","article_modified_time":"2025-06-05T03:59:24+00:00","og_image":[{"width":800,"height":800,"url":"https:\/\/shanghepanel.com\/wp-content\/uploads\/2024\/07\/GW-zt-2.jpg","type":"image\/jpeg"}],"twitter_card":"summary_large_image","twitter_misc":{"Gesch\u00e4tzte Lesezeit":"3\u00a0Minuten"},"schema":{"@context":"https:\/\/schema.org","@graph":[{"@type":"WebPage","@id":"https:\/\/shanghepanel.com\/product\/fiberglass-sandwich-panels\/","url":"https:\/\/shanghepanel.com\/product\/fiberglass-sandwich-panels\/","name":"Fiberglas-Sandwichpaneele (VOC-frei) - Shang He Sandwichpaneel","isPartOf":{"@id":"https:\/\/shanghepanel.com\/#website"},"primaryImageOfPage":{"@id":"https:\/\/shanghepanel.com\/product\/fiberglass-sandwich-panels\/#primaryimage"},"image":{"@id":"https:\/\/shanghepanel.com\/product\/fiberglass-sandwich-panels\/#primaryimage"},"thumbnailUrl":"https:\/\/shanghepanel.com\/wp-content\/uploads\/2024\/07\/GW-zt-2.jpg","datePublished":"2025-05-27T06:58:26+00:00","dateModified":"2025-06-05T03:59:24+00:00","description":"Faserverbund-Sandwichpaneele Dieses St\u00fcck Inhalt gibt Ihnen die Details. Geben Sie Ihnen unterschiedliche Ergebnisse. Klicken Sie auf mich und ich werde Sie \u00fcberraschen.","breadcrumb":{"@id":"https:\/\/shanghepanel.com\/product\/fiberglass-sandwich-panels\/#breadcrumb"},"inLanguage":"de","potentialAction":[{"@type":"ReadAction","target":["https:\/\/shanghepanel.com\/product\/fiberglass-sandwich-panels\/"]}]},{"@type":"ImageObject","inLanguage":"de","@id":"https:\/\/shanghepanel.com\/product\/fiberglass-sandwich-panels\/#primaryimage","url":"https:\/\/shanghepanel.com\/wp-content\/uploads\/2024\/07\/GW-zt-2.jpg","contentUrl":"https:\/\/shanghepanel.com\/wp-content\/uploads\/2024\/07\/GW-zt-2.jpg","width":800,"height":800},{"@type":"BreadcrumbList","@id":"https:\/\/shanghepanel.com\/product\/fiberglass-sandwich-panels\/#breadcrumb","itemListElement":[{"@type":"ListItem","position":1,"name":"\u9996\u9875","item":"https:\/\/shanghepanel.com\/en\/"},{"@type":"ListItem","position":2,"name":"\u4ea7\u54c1","item":"https:\/\/shanghepanel.com\/index.php\/shop\/"},{"@type":"ListItem","position":3,"name":"Fiberglass Sandwich Panels (Voc-Free)"}]},{"@type":"WebSite","@id":"https:\/\/shanghepanel.com\/#website","url":"https:\/\/shanghepanel.com\/","name":"shanghepanel.com","description":"","publisher":{"@id":"https:\/\/shanghepanel.com\/#organization"},"potentialAction":[{"@type":"SearchAction","target":{"@type":"EntryPoint","urlTemplate":"https:\/\/shanghepanel.com\/?s={search_term_string}"},"query-input":{"@type":"PropertyValueSpecification","valueRequired":true,"valueName":"search_term_string"}}],"inLanguage":"de"},{"@type":"Organization","@id":"https:\/\/shanghepanel.com\/#organization","name":"Shandong ShangHe Neubauingenieurgesellschaft mbH","url":"https:\/\/shanghepanel.com\/","logo":{"@type":"ImageObject","inLanguage":"de","@id":"https:\/\/shanghepanel.com\/#\/schema\/logo\/image\/","url":"https:\/\/shanghepanel.com\/wp-content\/uploads\/2024\/03\/logo-1.png","contentUrl":"https:\/\/shanghepanel.com\/wp-content\/uploads\/2024\/03\/logo-1.png","width":800,"height":800,"caption":"Shandong ShangHe New Construction Engineering Co., ltd."},"image":{"@id":"https:\/\/shanghepanel.com\/#\/schema\/logo\/image\/"}}]}},"_links":{"self":[{"href":"https:\/\/shanghepanel.com\/de\/wp-json\/wp\/v2\/product\/5052","targetHints":{"allow":["GET"]}}],"collection":[{"href":"https:\/\/shanghepanel.com\/de\/wp-json\/wp\/v2\/product"}],"about":[{"href":"https:\/\/shanghepanel.com\/de\/wp-json\/wp\/v2\/types\/product"}],"replies":[{"embeddable":true,"href":"https:\/\/shanghepanel.com\/de\/wp-json\/wp\/v2\/comments?post=5052"}],"version-history":[{"count":0,"href":"https:\/\/shanghepanel.com\/de\/wp-json\/wp\/v2\/product\/5052\/revisions"}],"wp:featuredmedia":[{"embeddable":true,"href":"https:\/\/shanghepanel.com\/de\/wp-json\/wp\/v2\/media\/3730"}],"wp:attachment":[{"href":"https:\/\/shanghepanel.com\/de\/wp-json\/wp\/v2\/media?parent=5052"}],"wp:term":[{"taxonomy":"product_brand","embeddable":true,"href":"https:\/\/shanghepanel.com\/de\/wp-json\/wp\/v2\/product_brand?post=5052"},{"taxonomy":"product_cat","embeddable":true,"href":"https:\/\/shanghepanel.com\/de\/wp-json\/wp\/v2\/product_cat?post=5052"},{"taxonomy":"product_tag","embeddable":true,"href":"https:\/\/shanghepanel.com\/de\/wp-json\/wp\/v2\/product_tag?post=5052"}],"curies":[{"name":"wp","href":"https:\/\/api.w.org\/{rel}","templated":true}]}}