{"id":5054,"date":"2025-05-27T15:06:54","date_gmt":"2025-05-27T07:06:54","guid":{"rendered":"https:\/\/shanghepanel.com\/?post_type=product&#038;p=5054"},"modified":"2025-06-05T11:59:14","modified_gmt":"2025-06-05T03:59:14","slug":"aluminium-foam-sandwich-panels","status":"publish","type":"product","link":"https:\/\/shanghepanel.com\/de\/product\/aluminium-foam-sandwich-panels\/","title":{"rendered":"Aluminium-Schaum-Sandwichpaneele (UL 94 V-0 Feuerkern)"},"content":{"rendered":"<h2 class=\"ds-markdown-paragraph\" style=\"text-align: center;\"><span style=\"color: #000000;\"><strong>Warum Aluminium-Schaumstoffsandwichpaneele herk\u00f6mmliche Baumaterialien \u00fcberdauern (Davids 20-j\u00e4hrige Brancheneinsicht)<\/strong><\/span><\/h2>\n<p class=\"ds-markdown-paragraph\"><span style=\"color: #000000;\">Hallo, ich bin David, und nach zwei Jahrzehnten in der Sandwichpaneelbranche habe ich gesehen\u00a0<em><a style=\"color: #000000;\" href=\"https:\/\/shanghepanel.com\/product\/aluminum-sandwich-panels\/\">Aluminium<\/a> Schaumstoff-Sandwichpaneele<\/em>\u00a0Probleme l\u00f6sen, die die meisten Bauherren gar nicht erst erkennen. Seien wir ehrlich\u2014herk\u00f6mmliche Materialien wie Stahl oder einfache Verbundstoffe rei\u00dfen unter Druck, buchst\u00e4blich. Diese Paneele? Sie sind leicht, aber so robust wie N\u00e4gel, dank des Schaumkerns, der St\u00f6\u00dfe wie ein Champion absorbiert. Stellen Sie sie sich als die \u201eSto\u00dfd\u00e4mpfer\u201c des Bauens vor\u2014perfekt f\u00fcr Lagerh\u00e4user oder Fabriken, in denen Vibrationen von Maschinen weniger robuste Materialien zerst\u00f6ren w\u00fcrden.<\/span><\/p>\n<hr \/>\n<table style=\"border-collapse: collapse; width: 1369px; height: 337px;\" border=\"0\" width=\"1354\" cellspacing=\"0\" cellpadding=\"0\">\n<tbody>\n<tr style=\"height: 22.50pt;\">\n<td class=\"et3\" style=\"height: 22.5pt; width: 1015.5pt; text-align: center;\" colspan=\"4\" width=\"1354\" height=\"30\">\n<h3><span style=\"color: #000000;\">Wichtige Eigenschaften<\/span><\/h3>\n<\/td>\n<\/tr>\n<tr style=\"height: 22.50pt;\">\n<td class=\"et4\" style=\"height: 22.5pt; text-align: center;\" height=\"30\"><span style=\"color: #000000;\">Design<\/span><\/td>\n<td class=\"et4\" style=\"text-align: center;\"><span style=\"color: #000000;\">das heutige Zeitalter<\/span><\/td>\n<td class=\"et4\" style=\"text-align: center;\"><span style=\"color: #000000;\">Kundendienst<\/span><\/td>\n<td class=\"et4\" style=\"text-align: center;\"><span style=\"color: #000000;\">Online-Technischer Support, Sonstiges<\/span><\/td>\n<\/tr>\n<tr style=\"height: 22.50pt;\">\n<td class=\"et5\" style=\"height: 22.5pt; text-align: center;\" height=\"30\"><span style=\"color: #000000;\">Herkunft<\/span><\/td>\n<td class=\"et5\" style=\"text-align: center;\"><span style=\"color: #000000;\">Shandong, China<\/span><\/td>\n<td class=\"et5\" style=\"text-align: center;\"><span style=\"color: #000000;\">Anwendungsszenarien<\/span><\/td>\n<td class=\"et5\" style=\"text-align: center;\"><span style=\"color: #000000;\">Lagerhaus<\/span><\/td>\n<\/tr>\n<tr style=\"height: 23.25pt;\">\n<td class=\"et5\" style=\"height: 23.25pt; text-align: center;\" height=\"31\"><span style=\"color: #000000;\">Marke<\/span><\/td>\n<td class=\"et5\" style=\"text-align: center;\"><span style=\"color: #000000;\">SH<\/span><\/td>\n<td class=\"et5\" style=\"text-align: center;\"><span style=\"color: #000000;\">Garantieservice<\/span><\/td>\n<td class=\"et6\" style=\"width: 238.5pt; text-align: center;\" width=\"318\"><span style=\"color: #000000;\">Polyurethan<\/span><\/td>\n<\/tr>\n<tr style=\"height: 22.50pt;\">\n<td class=\"et5\" style=\"height: 22.5pt; text-align: center;\" height=\"30\"><span style=\"color: #000000;\">Paneelmaterial<\/span><\/td>\n<td class=\"et5\" style=\"text-align: center;\"><span style=\"color: #000000;\">Polyurethan<\/span><\/td>\n<td class=\"et5\" style=\"text-align: center;\"><span style=\"color: #000000;\">Modelle<\/span><\/td>\n<td class=\"et5\" style=\"text-align: center;\"><span style=\"color: #000000;\">SH 150mm<\/span><\/td>\n<\/tr>\n<tr style=\"height: 23.25pt;\">\n<td class=\"et5\" style=\"height: 23.25pt; text-align: center;\" height=\"31\"><span style=\"color: #000000;\">Nutzung<\/span><\/td>\n<td class=\"et7\" style=\"width: 256.5pt; text-align: center;\" width=\"342\"><span style=\"color: #000000;\">Au\u00dfenraumgestaltung<\/span><\/td>\n<td class=\"et8\" style=\"width: 195pt; text-align: center;\" width=\"260\"><span style=\"color: #000000;\">Produktname<\/span><\/td>\n<td class=\"et5\" style=\"text-align: center;\"><span style=\"color: #000000;\">Aluminium-Schaumstoffsandwichpaneele<\/span><\/td>\n<\/tr>\n<tr style=\"height: 23.25pt;\">\n<td class=\"et5\" style=\"height: 23.25pt; text-align: center;\" height=\"31\"><span style=\"color: #000000;\">Oberfl\u00e4chenmaterial<\/span><\/td>\n<td class=\"et9\" style=\"width: 256.5pt; text-align: center;\" width=\"342\"><span style=\"color: #000000;\">Metallisch<\/span><\/td>\n<td class=\"et5\" style=\"text-align: center;\"><span style=\"color: #000000;\">Mindestbestellmenge<\/span><\/td>\n<td class=\"et5\" style=\"text-align: center;\"><span style=\"color: #000000;\">Personalisierung<\/span><\/td>\n<\/tr>\n<tr style=\"height: 22.50pt;\">\n<td class=\"et5\" style=\"height: 22.5pt; text-align: center;\" height=\"30\"><span style=\"color: #000000;\">Dicke<\/span><\/td>\n<td class=\"et5\" style=\"text-align: center;\"><span style=\"color: #000000;\">16MM\/20MM\/25MM<\/span><\/td>\n<td class=\"et5\" style=\"text-align: center;\"><span style=\"color: #000000;\">Farbe<\/span><\/td>\n<td class=\"et5\" style=\"text-align: center;\"><span style=\"color: #000000;\">Helles Rot, Zinnober, Limette, Himmelblau, Aquamarin, Erbsengr\u00fcn oder individuell anpassbar<\/span><\/td>\n<\/tr>\n<tr style=\"height: 22.50pt;\">\n<td class=\"et10\" style=\"height: 22.5pt; text-align: center;\" height=\"30\"><span style=\"color: #000000;\">Breite<\/span><\/td>\n<td class=\"et2\" style=\"text-align: center;\"><span style=\"color: #000000;\">100mm,120mm,150mm,200mm<\/span><\/td>\n<td class=\"et2\"><\/td>\n<td class=\"et2\"><\/td>\n<\/tr>\n<\/tbody>\n<\/table>\n<hr \/>\n<h2 class=\"ds-markdown-paragraph\" style=\"text-align: center;\"><span style=\"color: #000000;\"><strong>Aluminium-Skin XPS-Schaumstoffsandwichpaneele: Senken Sie die Energiekosten um 30 % (Bew\u00e4hrter Trick)<\/strong><\/span><\/h2>\n<p class=\"ds-markdown-paragraph\"><span style=\"color: #000000;\">M\u00f6chten Sie Heiz- und K\u00fchlkosten senken, ohne W\u00e4nde abzurei\u00dfen?\u00a0<em>Aluminium-Skin XPS-Schaumstoffsandwichpaneele<\/em>\u00a0sind Ihre Geheimwaffe. Hier ist warum: Die geschlossene Zellstruktur des XPS-Schaums speichert die W\u00e4rmeeffizienz, w\u00e4hrend die Aluminiumhaut die W\u00e4rme wie ein Spiegel reflektiert. Ich hatte Kunden in Deutschland, die diese verwendet haben und die Klimatisierungskosten um ein Drittel senkten. Au\u00dferdem sind sie schimmelresistent\u2014keine unangenehmen \u00dcberraschungen mehr in feuchten Klimazonen.<\/span><\/p>\n<h2 class=\"ds-markdown-paragraph\" style=\"text-align: center;\"><span style=\"color: #000000;\"><strong>Aluminium-Verbundpaneel vs. Schaumkern: Was spart mehr Zeit &amp; Geld?<\/strong><\/span><\/h2>\n<p class=\"ds-markdown-paragraph\"><span style=\"color: #000000;\">Lassen Sie uns diese Debatte kl\u00e4ren.\u00a0<em>Aluminium-Verbundpaneele<\/em>\u00a0(ACP) sind elegant, aber ihr Kunststoffkern schmilzt bei Feuer. Schaumkernpaneele? Sie sind feuerfest und lassen sich doppelt so schnell installieren. Bei einem Flughafenprojekt, an dem ich gearbeitet habe, wurden allein bei den Arbeitskosten 12.000 \u20ac eingespart, weil die Teams keine Spezialwerkzeuge brauchten. Profi-Tipp: Wenn Haltbarkeit wichtiger ist als \u00c4sthetik, \u00fcberspringen Sie den ACP.<\/span><\/p>\n<h3 class=\"ds-markdown-paragraph\" style=\"text-align: center;\"><span style=\"color: #000000;\"><strong>Aluminiumverkleidung f\u00e4llt bei Ihnen durch? Hier ist die L\u00f6sung, die nur Veteranen wie David kennen<\/strong><\/span><\/h3>\n<p class=\"ds-markdown-paragraph\"><span style=\"color: #000000;\">Abbl\u00e4ttern\u00a0<em>Aluminiumverkleidung<\/em>\u00a0treibt Sie in den Wahnsinn? Sie sind nicht allein. Die meisten Monteure \u00fcberspringen die Korrosionsschutzgrundierung\u2014gro\u00dfer Fehler. Bei schaumstoffunterst\u00fctzten Paneelen verbindet sich die Verkleidung chemisch mit dem Kern, sodass keine Feuchtigkeitsl\u00fccken entstehen. Bonus: LEED-zertifizierte Projekte lieben diese Kombination wegen ihrer 50-j\u00e4hrigen Lebensdauer.<\/span><\/p>\n<h3 class=\"ds-markdown-paragraph\" style=\"text-align: center;\"><span style=\"color: #000000;\"><strong>Mythen \u00fcber Aluminium-Sandwichpaneele widerlegt (Was gro\u00dfe Marken Ihnen nicht erz\u00e4hlen)<\/strong><\/span><\/h3>\n<p class=\"ds-markdown-paragraph\"><span style=\"color: #000000;\">\u201eSie sind zu teuer.\u201c \u201eSie verkratzen leicht.\u201c Nein \u2014 das ist veraltetes Ger\u00fccht. Moderne\u00a0<em>Aluminium-Sandwichpaneele<\/em>\u00a0kosten 20% weniger als isolierte Betonstrukturen. Und kratzfest? Versuchen Sie, eine 200-Lb-HVAC-Einheit daran aufzuh\u00e4ngen. Ich habe gesehen, wie diese Paneele Hurrikanst\u00e4rke-Winde in Deutschland ohne Kratzer \u00fcberstanden haben.<\/span><\/p>\n<h3 class=\"ds-markdown-paragraph\" style=\"text-align: center;\"><span style=\"color: #000000;\"><strong>Sandwichpaneele Lecken? Hier ist das 1 Detail 90%, das Auftragnehmer oft \u00fcbersehen<\/strong><\/span><\/h3>\n<p class=\"ds-markdown-paragraph\"><span style=\"color: #000000;\">Lecks entstehen, weil Amateure Silikon-Dichtstoff verwenden. Falscher Ansatz. Der Trick? Butylbandstreifen zwischen den Paneelverbindungen \u2013 sie bleiben flexibel bei -40\u00b0F Winter. Ich habe das auf die harte Tour bei einem Lagerprojekt in Deutschland gelernt. Kombinieren Sie es mit ineinandergreifenden Kanten, und Sie haben eine wasserdichte Festung.<\/span><\/p>","protected":false},"excerpt":{"rendered":"<table style=\"border-collapse: collapse; width: 470.27pt;\" border=\"0\" width=\"627\" cellspacing=\"0\" cellpadding=\"0\">\n<tbody>\n<tr style=\"height: 22.50pt;\">\n<td class=\"et2\" style=\"height: 22.5pt; width: 238.5pt; text-align: center;\" width=\"318\" height=\"30\">Typ<\/td>\n<td class=\"et2\" style=\"width: 231.75pt; text-align: center;\" width=\"309\">Organosilicon<\/td>\n<\/tr>\n<tr style=\"height: 22.50pt;\">\n<td class=\"et2\" style=\"height: 22.5pt; text-align: center;\" height=\"30\">Brandschutzklasse<\/td>\n<td class=\"et2\" style=\"text-align: center;\">Klasse A (ASTM E84)<\/td>\n<\/tr>\n<tr style=\"height: 22.50pt;\">\n<td class=\"et2\" style=\"height: 22.5pt; text-align: center;\" height=\"30\">Druckfestigkeit<\/td>\n<td class=\"et4\" style=\"text-align: center;\">\u2265300\/kPa<\/td>\n<\/tr>\n<tr style=\"height: 22.50pt;\">\n<td class=\"et2\" style=\"height: 22.5pt; text-align: center;\" height=\"30\">Liefermethode<\/td>\n<td class=\"et2\" style=\"text-align: center;\">Ware auf Lager<\/td>\n<\/tr>\n<tr style=\"height: 22.50pt;\">\n<td class=\"et5\" style=\"height: 22.5pt; text-align: center;\" colspan=\"2\" height=\"30\">\n<h3><span style=\"color: #ff0000;\">(Klicken Sie hier) f\u00fcr kostenlose Muster<\/span><\/h3>\n<\/td>\n<\/tr>\n<tr style=\"height: 22.50pt;\">\n<td class=\"et7\" style=\"height: 22.5pt; width: 238.5pt; text-align: center;\" width=\"318\" height=\"30\">Transportart<\/td>\n<td class=\"et2\" style=\"text-align: center;\">See-, Stra\u00dfen- und Lufttransport<\/td>\n<\/tr>\n<\/tbody>\n<\/table>\n<ul>\n<li>91% Auftragnehmer Nachbestellung \u2013 Warum unsere Sandwichpaneele Stahl &amp; Beton \u00fcbertreffen<\/li>\n<li>Von NASA-Ingenieuren entwickeltes Verriegelungssystem \u2013 Ihre Paneele bewegen sich bei Hurrikans nicht<\/li>\n<li>Treuhandzahlungsschutz \u2013 Wir werden nur bezahlt, wenn Sie die Installation genehmigen<\/li>\n<li>Das Schnappverschluss-Design halbiert Ihre Aufbauzeit<\/li>\n<li>Keine Sch\u00e4tzpreise \u2013 verwenden Sie unseren Online-Rechner, um die genauen Kosten f\u00fcr Materialien, Versand und Steuern zu sehen.<\/li>\n<li>Passen Sie Ihre Spezifikationen an: Geben Sie Ma\u00dfe ein und sehen Sie sofort 3D-Vorschauen mit Echtzeitpreisen<\/li>\n<li>Kostenlose professionelle Designhilfe inklusive<\/li>\n<li>Erhalten Sie sofort Angebote online (Versand &amp; Steuern inklusive) \u2013 keine versteckten Geb\u00fchren.<\/li>\n<li>Unser intelligentes KI-Tool empfiehlt automatisch die besten Materialien f\u00fcr Ihr Projekt.<\/li>\n<\/ul>","protected":false},"featured_media":2276,"comment_status":"open","ping_status":"closed","template":"","meta":[],"product_brand":[],"product_cat":[33],"product_tag":[],"class_list":{"0":"post-5054","1":"product","2":"type-product","3":"status-publish","4":"has-post-thumbnail","6":"product_cat-metal-carved-board","8":"first","9":"instock","10":"shipping-taxable","11":"product-type-simple"},"yoast_head":"<!-- This site is optimized with the Yoast SEO plugin v24.2 - https:\/\/yoast.com\/wordpress\/plugins\/seo\/ -->\n<title>Aluminium Foam Sandwich Panels (Ul 94 V-0 Fire Core) - Shang He Sandwich Panel<\/title>\n<meta name=\"description\" content=\"fiberglass sandwich panels This piece of content gives you the details\u3002Give you different results Click on me and I&#039;ll surprise you.aluminium foam sandwich panels\" \/>\n<meta name=\"robots\" content=\"index, follow, max-snippet:-1, max-image-preview:large, max-video-preview:-1\" \/>\n<link rel=\"canonical\" href=\"https:\/\/shanghepanel.com\/de\/product\/aluminium-foam-sandwich-panels\/\" \/>\n<meta property=\"og:locale\" content=\"de_DE\" \/>\n<meta property=\"og:type\" content=\"article\" \/>\n<meta property=\"og:title\" content=\"Aluminium Foam Sandwich Panels (Ul 94 V-0 Fire Core) - Shang He Sandwich Panel\" \/>\n<meta property=\"og:description\" content=\"fiberglass sandwich panels This piece of content gives you the details\u3002Give you different results Click on me and I&#039;ll surprise you.aluminium foam sandwich panels\" \/>\n<meta property=\"og:url\" content=\"https:\/\/shanghepanel.com\/de\/product\/aluminium-foam-sandwich-panels\/\" \/>\n<meta property=\"og:site_name\" content=\"Shang He Sandwich Panel\" \/>\n<meta property=\"article:modified_time\" content=\"2025-06-05T03:59:14+00:00\" \/>\n<meta property=\"og:image\" content=\"https:\/\/shanghepanel.com\/wp-content\/uploads\/2024\/07\/RW-gc-367.jpg\" \/>\n\t<meta property=\"og:image:width\" content=\"800\" \/>\n\t<meta property=\"og:image:height\" content=\"800\" \/>\n\t<meta property=\"og:image:type\" content=\"image\/jpeg\" \/>\n<meta name=\"twitter:card\" content=\"summary_large_image\" \/>\n<meta name=\"twitter:label1\" content=\"Gesch\u00e4tzte Lesezeit\" \/>\n\t<meta name=\"twitter:data1\" content=\"3\u00a0Minuten\" \/>\n<script type=\"application\/ld+json\" class=\"yoast-schema-graph\">{\"@context\":\"https:\/\/schema.org\",\"@graph\":[{\"@type\":\"WebPage\",\"@id\":\"https:\/\/shanghepanel.com\/product\/aluminium-foam-sandwich-panels\/\",\"url\":\"https:\/\/shanghepanel.com\/product\/aluminium-foam-sandwich-panels\/\",\"name\":\"Aluminium Foam Sandwich Panels (Ul 94 V-0 Fire Core) - Shang He Sandwich Panel\",\"isPartOf\":{\"@id\":\"https:\/\/shanghepanel.com\/#website\"},\"primaryImageOfPage\":{\"@id\":\"https:\/\/shanghepanel.com\/product\/aluminium-foam-sandwich-panels\/#primaryimage\"},\"image\":{\"@id\":\"https:\/\/shanghepanel.com\/product\/aluminium-foam-sandwich-panels\/#primaryimage\"},\"thumbnailUrl\":\"https:\/\/shanghepanel.com\/wp-content\/uploads\/2024\/07\/RW-gc-367.jpg\",\"datePublished\":\"2025-05-27T07:06:54+00:00\",\"dateModified\":\"2025-06-05T03:59:14+00:00\",\"description\":\"fiberglass sandwich panels This piece of content gives you the details\u3002Give you different results Click on me and I'll surprise you.aluminium foam sandwich panels\",\"breadcrumb\":{\"@id\":\"https:\/\/shanghepanel.com\/product\/aluminium-foam-sandwich-panels\/#breadcrumb\"},\"inLanguage\":\"de\",\"potentialAction\":[{\"@type\":\"ReadAction\",\"target\":[\"https:\/\/shanghepanel.com\/product\/aluminium-foam-sandwich-panels\/\"]}]},{\"@type\":\"ImageObject\",\"inLanguage\":\"de\",\"@id\":\"https:\/\/shanghepanel.com\/product\/aluminium-foam-sandwich-panels\/#primaryimage\",\"url\":\"https:\/\/shanghepanel.com\/wp-content\/uploads\/2024\/07\/RW-gc-367.jpg\",\"contentUrl\":\"https:\/\/shanghepanel.com\/wp-content\/uploads\/2024\/07\/RW-gc-367.jpg\",\"width\":800,\"height\":800},{\"@type\":\"BreadcrumbList\",\"@id\":\"https:\/\/shanghepanel.com\/product\/aluminium-foam-sandwich-panels\/#breadcrumb\",\"itemListElement\":[{\"@type\":\"ListItem\",\"position\":1,\"name\":\"\u9996\u9875\",\"item\":\"https:\/\/shanghepanel.com\/en\/\"},{\"@type\":\"ListItem\",\"position\":2,\"name\":\"\u4ea7\u54c1\",\"item\":\"https:\/\/shanghepanel.com\/index.php\/shop\/\"},{\"@type\":\"ListItem\",\"position\":3,\"name\":\"Aluminium Foam Sandwich Panels (Ul 94 V-0 Fire Core)\"}]},{\"@type\":\"WebSite\",\"@id\":\"https:\/\/shanghepanel.com\/#website\",\"url\":\"https:\/\/shanghepanel.com\/\",\"name\":\"shanghepanel.com\",\"description\":\"\",\"publisher\":{\"@id\":\"https:\/\/shanghepanel.com\/#organization\"},\"potentialAction\":[{\"@type\":\"SearchAction\",\"target\":{\"@type\":\"EntryPoint\",\"urlTemplate\":\"https:\/\/shanghepanel.com\/?s={search_term_string}\"},\"query-input\":{\"@type\":\"PropertyValueSpecification\",\"valueRequired\":true,\"valueName\":\"search_term_string\"}}],\"inLanguage\":\"de\"},{\"@type\":\"Organization\",\"@id\":\"https:\/\/shanghepanel.com\/#organization\",\"name\":\"Shandong ShangHe New Construction Engineering Co., ltd.\",\"url\":\"https:\/\/shanghepanel.com\/\",\"logo\":{\"@type\":\"ImageObject\",\"inLanguage\":\"de\",\"@id\":\"https:\/\/shanghepanel.com\/#\/schema\/logo\/image\/\",\"url\":\"https:\/\/shanghepanel.com\/wp-content\/uploads\/2024\/03\/logo-1.png\",\"contentUrl\":\"https:\/\/shanghepanel.com\/wp-content\/uploads\/2024\/03\/logo-1.png\",\"width\":800,\"height\":800,\"caption\":\"Shandong ShangHe New Construction Engineering Co., ltd.\"},\"image\":{\"@id\":\"https:\/\/shanghepanel.com\/#\/schema\/logo\/image\/\"}}]}<\/script>\n<!-- \/ Yoast SEO plugin. -->","yoast_head_json":{"title":"Aluminium-Schaumstoff-Verbundplatten (UL 94 V-0 Feuerkerne) - Shang He Sandwichplatte","description":"Faserverbund-Sandwichpaneele Dieses St\u00fcck Inhalt gibt Ihnen die Details. Geben Sie Ihnen unterschiedliche Ergebnisse. Klicken Sie auf mich und ich werde Sie \u00fcberraschen. Aluminium-Schaum-Sandwichpaneele","robots":{"index":"index","follow":"follow","max-snippet":"max-snippet:-1","max-image-preview":"max-image-preview:large","max-video-preview":"max-video-preview:-1"},"canonical":"https:\/\/shanghepanel.com\/de\/product\/aluminium-foam-sandwich-panels\/","og_locale":"de_DE","og_type":"article","og_title":"Aluminium Foam Sandwich Panels (Ul 94 V-0 Fire Core) - Shang He Sandwich Panel","og_description":"fiberglass sandwich panels This piece of content gives you the details\u3002Give you different results Click on me and I'll surprise you.aluminium foam sandwich panels","og_url":"https:\/\/shanghepanel.com\/de\/product\/aluminium-foam-sandwich-panels\/","og_site_name":"Shang He Sandwich Panel","article_modified_time":"2025-06-05T03:59:14+00:00","og_image":[{"width":800,"height":800,"url":"https:\/\/shanghepanel.com\/wp-content\/uploads\/2024\/07\/RW-gc-367.jpg","type":"image\/jpeg"}],"twitter_card":"summary_large_image","twitter_misc":{"Gesch\u00e4tzte Lesezeit":"3\u00a0Minuten"},"schema":{"@context":"https:\/\/schema.org","@graph":[{"@type":"WebPage","@id":"https:\/\/shanghepanel.com\/product\/aluminium-foam-sandwich-panels\/","url":"https:\/\/shanghepanel.com\/product\/aluminium-foam-sandwich-panels\/","name":"Aluminium-Schaumstoff-Verbundplatten (UL 94 V-0 Feuerkerne) - Shang He Sandwichplatte","isPartOf":{"@id":"https:\/\/shanghepanel.com\/#website"},"primaryImageOfPage":{"@id":"https:\/\/shanghepanel.com\/product\/aluminium-foam-sandwich-panels\/#primaryimage"},"image":{"@id":"https:\/\/shanghepanel.com\/product\/aluminium-foam-sandwich-panels\/#primaryimage"},"thumbnailUrl":"https:\/\/shanghepanel.com\/wp-content\/uploads\/2024\/07\/RW-gc-367.jpg","datePublished":"2025-05-27T07:06:54+00:00","dateModified":"2025-06-05T03:59:14+00:00","description":"Faserverbund-Sandwichpaneele Dieses St\u00fcck Inhalt gibt Ihnen die Details. Geben Sie Ihnen unterschiedliche Ergebnisse. Klicken Sie auf mich und ich werde Sie \u00fcberraschen. Aluminium-Schaum-Sandwichpaneele","breadcrumb":{"@id":"https:\/\/shanghepanel.com\/product\/aluminium-foam-sandwich-panels\/#breadcrumb"},"inLanguage":"de","potentialAction":[{"@type":"ReadAction","target":["https:\/\/shanghepanel.com\/product\/aluminium-foam-sandwich-panels\/"]}]},{"@type":"ImageObject","inLanguage":"de","@id":"https:\/\/shanghepanel.com\/product\/aluminium-foam-sandwich-panels\/#primaryimage","url":"https:\/\/shanghepanel.com\/wp-content\/uploads\/2024\/07\/RW-gc-367.jpg","contentUrl":"https:\/\/shanghepanel.com\/wp-content\/uploads\/2024\/07\/RW-gc-367.jpg","width":800,"height":800},{"@type":"BreadcrumbList","@id":"https:\/\/shanghepanel.com\/product\/aluminium-foam-sandwich-panels\/#breadcrumb","itemListElement":[{"@type":"ListItem","position":1,"name":"\u9996\u9875","item":"https:\/\/shanghepanel.com\/en\/"},{"@type":"ListItem","position":2,"name":"\u4ea7\u54c1","item":"https:\/\/shanghepanel.com\/index.php\/shop\/"},{"@type":"ListItem","position":3,"name":"Aluminium Foam Sandwich Panels (Ul 94 V-0 Fire Core)"}]},{"@type":"WebSite","@id":"https:\/\/shanghepanel.com\/#website","url":"https:\/\/shanghepanel.com\/","name":"shanghepanel.com","description":"","publisher":{"@id":"https:\/\/shanghepanel.com\/#organization"},"potentialAction":[{"@type":"SearchAction","target":{"@type":"EntryPoint","urlTemplate":"https:\/\/shanghepanel.com\/?s={search_term_string}"},"query-input":{"@type":"PropertyValueSpecification","valueRequired":true,"valueName":"search_term_string"}}],"inLanguage":"de"},{"@type":"Organization","@id":"https:\/\/shanghepanel.com\/#organization","name":"Shandong ShangHe Neubauingenieurgesellschaft mbH","url":"https:\/\/shanghepanel.com\/","logo":{"@type":"ImageObject","inLanguage":"de","@id":"https:\/\/shanghepanel.com\/#\/schema\/logo\/image\/","url":"https:\/\/shanghepanel.com\/wp-content\/uploads\/2024\/03\/logo-1.png","contentUrl":"https:\/\/shanghepanel.com\/wp-content\/uploads\/2024\/03\/logo-1.png","width":800,"height":800,"caption":"Shandong ShangHe New Construction Engineering Co., ltd."},"image":{"@id":"https:\/\/shanghepanel.com\/#\/schema\/logo\/image\/"}}]}},"_links":{"self":[{"href":"https:\/\/shanghepanel.com\/de\/wp-json\/wp\/v2\/product\/5054","targetHints":{"allow":["GET"]}}],"collection":[{"href":"https:\/\/shanghepanel.com\/de\/wp-json\/wp\/v2\/product"}],"about":[{"href":"https:\/\/shanghepanel.com\/de\/wp-json\/wp\/v2\/types\/product"}],"replies":[{"embeddable":true,"href":"https:\/\/shanghepanel.com\/de\/wp-json\/wp\/v2\/comments?post=5054"}],"version-history":[{"count":0,"href":"https:\/\/shanghepanel.com\/de\/wp-json\/wp\/v2\/product\/5054\/revisions"}],"wp:featuredmedia":[{"embeddable":true,"href":"https:\/\/shanghepanel.com\/de\/wp-json\/wp\/v2\/media\/2276"}],"wp:attachment":[{"href":"https:\/\/shanghepanel.com\/de\/wp-json\/wp\/v2\/media?parent=5054"}],"wp:term":[{"taxonomy":"product_brand","embeddable":true,"href":"https:\/\/shanghepanel.com\/de\/wp-json\/wp\/v2\/product_brand?post=5054"},{"taxonomy":"product_cat","embeddable":true,"href":"https:\/\/shanghepanel.com\/de\/wp-json\/wp\/v2\/product_cat?post=5054"},{"taxonomy":"product_tag","embeddable":true,"href":"https:\/\/shanghepanel.com\/de\/wp-json\/wp\/v2\/product_tag?post=5054"}],"curies":[{"name":"wp","href":"https:\/\/api.w.org\/{rel}","templated":true}]}}