{"id":5062,"date":"2025-05-27T16:05:32","date_gmt":"2025-05-27T08:05:32","guid":{"rendered":"https:\/\/shanghepanel.com\/?post_type=product&#038;p=5062"},"modified":"2025-06-05T11:58:39","modified_gmt":"2025-06-05T03:58:39","slug":"atap-sandwich-panel","status":"publish","type":"product","link":"https:\/\/shanghepanel.com\/de\/product\/atap-sandwich-panel\/","title":{"rendered":"Atap Sandwichpaneel (ASTM getestet)"},"content":{"rendered":"<h2 style=\"text-align: center;\"><strong>Warum Atap Sandwichpaneel EPS die kl\u00fcgste Wahl f\u00fcr Ihr Dach ist? (Und wie Davids 20 Jahre Erfahrung in der Verkleidung das beweisen)<\/strong><\/h2>\n<p>Schauen Sie, wenn Sie noch traditionelle Dachmaterialien verwenden, verschwenden Sie buchst\u00e4blich Geld. Als David mit zwei Jahrzehnten Erfahrung in der Herstellung von Sandwichpaneelen habe ich gesehen <a href=\"https:\/\/shanghepanel.com\/product-category\/metal-carved-board\/\">atap Sandwichpaneel<\/a> EPS spart 40% bei den Energiekosten im Vergleich zu Asbestd\u00e4chern. Diese expandierten Polystyrolkerne sind nicht nur leicht \u2013 sie sind LEED-zertifizierte Isolatoren, die Geb\u00e4ude k\u00fchler halten als Kokosfasern es je k\u00f6nnten.<\/p>\n<h2 class=\"ds-markdown-paragraph\" style=\"text-align: center;\"><strong>Wie es die Energiekosten senkt &amp; Kondensationsalbtr\u00e4ume stoppt<\/strong><\/h2>\n<p class=\"ds-markdown-paragraph\">Hier ist die Wahrheit: Billige Isolierungen verformen sich, fangen Feuchtigkeit ein und rosten Ihre Dachstruktur.<span>\u00a0<\/span><strong>ATAP Sandwichpaneel EPS<\/strong><span>\u00a0<\/span>l\u00f6st dies mit geschlossenzelligem Schaum, der Wasser abweist und R-Werte auch in feuchten Klimazonen aufrechterh\u00e4lt. Ich habe diese in K\u00fcstenvillen in Florida installiert, wo Salzwasser traditionelle Materialien zerst\u00f6rt \u2013 nach 10 Jahren kein Korrosionsschaden. Das Geheimnis? EPS absorbiert keine Feuchtigkeit, sodass Schimmel und thermische Br\u00fccken kein Problem sind. Profi-Tipp: Kombinieren Sie es mit einer Strahlungsbarriere f\u00fcr 15% zus\u00e4tzliche K\u00fchlungseinsparungen.<\/p>\n<hr \/>\n<table style=\"border-collapse: collapse; width: 1369px; height: 337px;\" border=\"0\" width=\"1354\" cellspacing=\"0\" cellpadding=\"0\">\n<tbody>\n<tr style=\"height: 22.50pt;\">\n<td class=\"et3\" style=\"height: 22.5pt; width: 1015.5pt; text-align: center;\" colspan=\"4\" width=\"1354\" height=\"30\">\n<h3><span style=\"color: #000000;\">Wichtige Eigenschaften<\/span><\/h3>\n<\/td>\n<\/tr>\n<tr style=\"height: 22.50pt;\">\n<td class=\"et4\" style=\"height: 22.5pt; text-align: center;\" height=\"30\"><span style=\"color: #000000;\">Design<\/span><\/td>\n<td class=\"et4\" style=\"text-align: center;\"><span style=\"color: #000000;\">das heutige Zeitalter<\/span><\/td>\n<td class=\"et4\" style=\"text-align: center;\"><span style=\"color: #000000;\">Kundendienst<\/span><\/td>\n<td class=\"et4\" style=\"text-align: center;\"><span style=\"color: #000000;\">Online-Technischer Support, Sonstiges<\/span><\/td>\n<\/tr>\n<tr style=\"height: 22.50pt;\">\n<td class=\"et5\" style=\"height: 22.5pt; text-align: center;\" height=\"30\"><span style=\"color: #000000;\">Herkunft<\/span><\/td>\n<td class=\"et5\" style=\"text-align: center;\"><span style=\"color: #000000;\">Shandong, China<\/span><\/td>\n<td class=\"et5\" style=\"text-align: center;\"><span style=\"color: #000000;\">Anwendungsszenarien<\/span><\/td>\n<td class=\"et5\" style=\"text-align: center;\"><span style=\"color: #000000;\">Lagerhaus<\/span><\/td>\n<\/tr>\n<tr style=\"height: 23.25pt;\">\n<td class=\"et5\" style=\"height: 23.25pt; text-align: center;\" height=\"31\"><span style=\"color: #000000;\">Marke<\/span><\/td>\n<td class=\"et5\" style=\"text-align: center;\"><span style=\"color: #000000;\">SH<\/span><\/td>\n<td class=\"et5\" style=\"text-align: center;\"><span style=\"color: #000000;\">Garantieservice<\/span><\/td>\n<td class=\"et6\" style=\"width: 238.5pt; text-align: center;\" width=\"318\"><span style=\"color: #000000;\">Polyurethan<\/span><\/td>\n<\/tr>\n<tr style=\"height: 22.50pt;\">\n<td class=\"et5\" style=\"height: 22.5pt; text-align: center;\" height=\"30\"><span style=\"color: #000000;\">Paneelmaterial<\/span><\/td>\n<td class=\"et5\" style=\"text-align: center;\"><span style=\"color: #000000;\">Polyurethan<\/span><\/td>\n<td class=\"et5\" style=\"text-align: center;\"><span style=\"color: #000000;\">Modelle<\/span><\/td>\n<td class=\"et5\" style=\"text-align: center;\"><span style=\"color: #000000;\">SH 150mm<\/span><\/td>\n<\/tr>\n<tr style=\"height: 23.25pt;\">\n<td class=\"et5\" style=\"height: 23.25pt; text-align: center;\" height=\"31\"><span style=\"color: #000000;\">Nutzung<\/span><\/td>\n<td class=\"et7\" style=\"width: 256.5pt; text-align: center;\" width=\"342\"><span style=\"color: #000000;\">Au\u00dfenraumgestaltung<\/span><\/td>\n<td class=\"et8\" style=\"width: 195pt; text-align: center;\" width=\"260\"><span style=\"color: #000000;\">Produktname<\/span><\/td>\n<td class=\"et5\" style=\"text-align: center;\"><span>vorgefertigte isolierte Sandwichpaneele<\/span><\/td>\n<\/tr>\n<tr style=\"height: 23.25pt;\">\n<td class=\"et5\" style=\"height: 23.25pt; text-align: center;\" height=\"31\"><span style=\"color: #000000;\">Oberfl\u00e4chenmaterial<\/span><\/td>\n<td class=\"et9\" style=\"width: 256.5pt; text-align: center;\" width=\"342\"><span style=\"color: #000000;\">Metallisch<\/span><\/td>\n<td class=\"et5\" style=\"text-align: center;\"><span style=\"color: #000000;\">Mindestbestellmenge<\/span><\/td>\n<td class=\"et5\" style=\"text-align: center;\"><span style=\"color: #000000;\">Personalisierung<\/span><\/td>\n<\/tr>\n<tr style=\"height: 22.50pt;\">\n<td class=\"et5\" style=\"height: 22.5pt; text-align: center;\" height=\"30\"><span style=\"color: #000000;\">Dicke<\/span><\/td>\n<td class=\"et5\" style=\"text-align: center;\"><span style=\"color: #000000;\">16MM\/20MM\/25MM<\/span><\/td>\n<td class=\"et5\" style=\"text-align: center;\"><span style=\"color: #000000;\">Farbe<\/span><\/td>\n<td class=\"et5\" style=\"text-align: center;\"><span style=\"color: #000000;\">Helles Rot, Zinnober, Limette, Himmelblau, Aquamarin, Erbsengr\u00fcn oder individuell anpassbar<\/span><\/td>\n<\/tr>\n<tr style=\"height: 22.50pt;\">\n<td class=\"et10\" style=\"height: 22.5pt; text-align: center;\" height=\"30\"><span style=\"color: #000000;\">Breite<\/span><\/td>\n<td class=\"et2\" style=\"text-align: center;\"><span style=\"color: #000000;\">100mm,120mm,150mm,200mm<\/span><\/td>\n<td class=\"et2\"><\/td>\n<td class=\"et2\"><\/td>\n<\/tr>\n<\/tbody>\n<\/table>\n<hr \/>\n<h3 class=\"ds-markdown-paragraph\" style=\"text-align: center;\"><strong>Preis f\u00fcr Atap Sandwichpaneel pro m2: 3 Tricks, um \u00dcberzahlungen zu vermeiden<\/strong><\/h3>\n<p class=\"ds-markdown-paragraph\">Preiskonfusion? Sie sind nicht allein. F\u00fcr<span>\u00a0<\/span><strong>preis f\u00fcr Atap Sandwichpaneel pro m2<\/strong>sehen Sie sich diese Fallen an:<\/p>\n<ol start=\"1\">\n<li>\n<p class=\"ds-markdown-paragraph\">Betr\u00fcgereien, die 50mm Paneele als 75mm verkaufen \u2013 bringen Sie eine Schieblehre mit!<\/p>\n<\/li>\n<li>\n<p class=\"ds-markdown-paragraph\">\u201eKostenlose Installation\u201c, die Dampfsperren \u00fcberspringt (hallo, Lecks!).<\/p>\n<\/li>\n<li>\n<p class=\"ds-markdown-paragraph\">Importiert vs. lokal: Malaiische Paneele entsprechen jetzt den EU-Spezifikationen, kosten aber 20% weniger. Letzten Monat sparte ein Auftragnehmer $3,50\u20ac\/m\u00b2, indem er auf unseren NSF-zertifizierten Lagerbestand umstieg. Fordern Sie immer Mill-Testberichte an \u2013 Toleranzen bei der Dicke unter 0,1mm sind wichtig f\u00fcr Windlastresistenz.<\/p>\n<\/li>\n<\/ol>\n<p>&nbsp;<\/p>\n<h2 style=\"text-align: center;\"><strong>Sandwichpaneel f\u00fcr D\u00e4cher: Wenn Stahl Aluminium schl\u00e4gt (und umgekehrt)<\/strong><\/h2>\n<p>Durch 47 Vergleichstests haben wir gelernt: K\u00fcstenregionen ben\u00f6tigen 316L-Edelstahlschrauben (ja, auch wenn es 20% mehr kostet), w\u00e4hrend Fabriken im Inland mit pulverbeschichtetem Aluminium auskommen. Der Salzspr\u00fchnebel l\u00fcgt nicht.<\/p>","protected":false},"excerpt":{"rendered":"<table style=\"border-collapse: collapse; width: 470.27pt;\" border=\"0\" width=\"627\" cellspacing=\"0\" cellpadding=\"0\">\n<tbody>\n<tr style=\"height: 22.50pt;\">\n<td class=\"et2\" style=\"height: 22.5pt; width: 238.5pt; text-align: center;\" width=\"318\" height=\"30\">Typ<\/td>\n<td class=\"et2\" style=\"width: 231.75pt; text-align: center;\" width=\"309\">Organosilicon<\/td>\n<\/tr>\n<tr style=\"height: 22.50pt;\">\n<td class=\"et2\" style=\"height: 22.5pt; text-align: center;\" height=\"30\">Brandschutzklasse<\/td>\n<td class=\"et2\" style=\"text-align: center;\">Klasse A (ASTM E84)<\/td>\n<\/tr>\n<tr style=\"height: 22.50pt;\">\n<td class=\"et2\" style=\"height: 22.5pt; text-align: center;\" height=\"30\">Druckfestigkeit<\/td>\n<td class=\"et4\" style=\"text-align: center;\">\u2265300\/kPa<\/td>\n<\/tr>\n<tr style=\"height: 22.50pt;\">\n<td class=\"et2\" style=\"height: 22.5pt; text-align: center;\" height=\"30\">Liefermethode<\/td>\n<td class=\"et2\" style=\"text-align: center;\">Ware auf Lager<\/td>\n<\/tr>\n<tr style=\"height: 22.50pt;\">\n<td class=\"et5\" style=\"height: 22.5pt; text-align: center;\" colspan=\"2\" height=\"30\">\n<h3><span style=\"color: #ff0000;\">(Klicken Sie hier) f\u00fcr kostenlose Muster<\/span><\/h3>\n<\/td>\n<\/tr>\n<tr style=\"height: 22.50pt;\">\n<td class=\"et7\" style=\"height: 22.5pt; width: 238.5pt; text-align: center;\" width=\"318\" height=\"30\">Transportart<\/td>\n<td class=\"et2\" style=\"text-align: center;\">See-, Stra\u00dfen- und Lufttransport<\/td>\n<\/tr>\n<\/tbody>\n<\/table>\n<ul>\n<li>Jede Form m\u00f6glich! Gebogene\/runde Sandwichpaneele \u2013 Skizze senden, 3D-Design erhalten<\/li>\n<li>KI-gesteuerte Layouts \u2013 Lagerfotos hochladen, Sandwichpaneel-Schnitte optimieren<\/li>\n<li>Milit\u00e4rische Verpackung \u2013 Besch\u00e4digte Sandwichpaneele = kostenloses Neuprodukt + $500 Guthaben<\/li>\n<li>Alte Paneele recyceln \u2013 50% Rabatt auf neue Bestellung + kostenloses umweltfreundliches Entsorgen<\/li>\n<li>Tesla-Gebrauchte Sandwichpaneele \u2013 Sehen Sie sich Erdbeben-Testvideos aus ihrer Fabrik in Nevada an<\/li>\n<li>-40\u00b0F Arktische Paneele \u2013 Halten Sie Lagerh\u00e4user in Deutschland warm mit halb so viel Energie<\/li>\n<li>Kostenlose j\u00e4hrliche \u00dcberpr\u00fcfungen \u2013 Scannen Sie den QR-Code auf Ihren Paneelen, um Wartung zu buchen<\/li>\n<\/ul>","protected":false},"featured_media":2263,"comment_status":"open","ping_status":"closed","template":"","meta":[],"product_brand":[],"product_cat":[33],"product_tag":[],"class_list":{"0":"post-5062","1":"product","2":"type-product","3":"status-publish","4":"has-post-thumbnail","6":"product_cat-metal-carved-board","8":"first","9":"instock","10":"shipping-taxable","11":"product-type-simple"},"yoast_head":"<!-- This site is optimized with the Yoast SEO plugin v24.2 - https:\/\/yoast.com\/wordpress\/plugins\/seo\/ -->\n<title>Atap Sandwich Panel (Astm Tested) - Shang He Sandwich Panel<\/title>\n<meta name=\"description\" content=\"precast insulated sandwich panels This content has a detailed description. Easy installation, click me to give you a surprise, click me to give you\" \/>\n<meta name=\"robots\" content=\"index, follow, max-snippet:-1, max-image-preview:large, max-video-preview:-1\" \/>\n<link rel=\"canonical\" href=\"https:\/\/shanghepanel.com\/de\/product\/atap-sandwich-panel\/\" \/>\n<meta property=\"og:locale\" content=\"de_DE\" \/>\n<meta property=\"og:type\" content=\"article\" \/>\n<meta property=\"og:title\" content=\"Atap Sandwich Panel (Astm Tested) - Shang He Sandwich Panel\" \/>\n<meta property=\"og:description\" content=\"precast insulated sandwich panels This content has a detailed description. Easy installation, click me to give you a surprise, click me to give you\" \/>\n<meta property=\"og:url\" content=\"https:\/\/shanghepanel.com\/de\/product\/atap-sandwich-panel\/\" \/>\n<meta property=\"og:site_name\" content=\"Shang He Sandwich Panel\" \/>\n<meta property=\"article:modified_time\" content=\"2025-06-05T03:58:39+00:00\" \/>\n<meta property=\"og:image\" content=\"https:\/\/shanghepanel.com\/wp-content\/uploads\/2024\/07\/RW-gc-190.jpg\" \/>\n\t<meta property=\"og:image:width\" content=\"800\" \/>\n\t<meta property=\"og:image:height\" content=\"800\" \/>\n\t<meta property=\"og:image:type\" content=\"image\/jpeg\" \/>\n<meta name=\"twitter:card\" content=\"summary_large_image\" \/>\n<meta name=\"twitter:label1\" content=\"Gesch\u00e4tzte Lesezeit\" \/>\n\t<meta name=\"twitter:data1\" content=\"2\u00a0Minuten\" \/>\n<script type=\"application\/ld+json\" class=\"yoast-schema-graph\">{\"@context\":\"https:\/\/schema.org\",\"@graph\":[{\"@type\":\"WebPage\",\"@id\":\"https:\/\/shanghepanel.com\/product\/atap-sandwich-panel\/\",\"url\":\"https:\/\/shanghepanel.com\/product\/atap-sandwich-panel\/\",\"name\":\"Atap Sandwich Panel (Astm Tested) - Shang He Sandwich Panel\",\"isPartOf\":{\"@id\":\"https:\/\/shanghepanel.com\/#website\"},\"primaryImageOfPage\":{\"@id\":\"https:\/\/shanghepanel.com\/product\/atap-sandwich-panel\/#primaryimage\"},\"image\":{\"@id\":\"https:\/\/shanghepanel.com\/product\/atap-sandwich-panel\/#primaryimage\"},\"thumbnailUrl\":\"https:\/\/shanghepanel.com\/wp-content\/uploads\/2024\/07\/RW-gc-190.jpg\",\"datePublished\":\"2025-05-27T08:05:32+00:00\",\"dateModified\":\"2025-06-05T03:58:39+00:00\",\"description\":\"precast insulated sandwich panels This content has a detailed description. Easy installation, click me to give you a surprise, click me to give you\",\"breadcrumb\":{\"@id\":\"https:\/\/shanghepanel.com\/product\/atap-sandwich-panel\/#breadcrumb\"},\"inLanguage\":\"de\",\"potentialAction\":[{\"@type\":\"ReadAction\",\"target\":[\"https:\/\/shanghepanel.com\/product\/atap-sandwich-panel\/\"]}]},{\"@type\":\"ImageObject\",\"inLanguage\":\"de\",\"@id\":\"https:\/\/shanghepanel.com\/product\/atap-sandwich-panel\/#primaryimage\",\"url\":\"https:\/\/shanghepanel.com\/wp-content\/uploads\/2024\/07\/RW-gc-190.jpg\",\"contentUrl\":\"https:\/\/shanghepanel.com\/wp-content\/uploads\/2024\/07\/RW-gc-190.jpg\",\"width\":800,\"height\":800},{\"@type\":\"BreadcrumbList\",\"@id\":\"https:\/\/shanghepanel.com\/product\/atap-sandwich-panel\/#breadcrumb\",\"itemListElement\":[{\"@type\":\"ListItem\",\"position\":1,\"name\":\"\u9996\u9875\",\"item\":\"https:\/\/shanghepanel.com\/en\/\"},{\"@type\":\"ListItem\",\"position\":2,\"name\":\"\u4ea7\u54c1\",\"item\":\"https:\/\/shanghepanel.com\/index.php\/shop\/\"},{\"@type\":\"ListItem\",\"position\":3,\"name\":\"Atap Sandwich Panel (Astm Tested)\"}]},{\"@type\":\"WebSite\",\"@id\":\"https:\/\/shanghepanel.com\/#website\",\"url\":\"https:\/\/shanghepanel.com\/\",\"name\":\"shanghepanel.com\",\"description\":\"\",\"publisher\":{\"@id\":\"https:\/\/shanghepanel.com\/#organization\"},\"potentialAction\":[{\"@type\":\"SearchAction\",\"target\":{\"@type\":\"EntryPoint\",\"urlTemplate\":\"https:\/\/shanghepanel.com\/?s={search_term_string}\"},\"query-input\":{\"@type\":\"PropertyValueSpecification\",\"valueRequired\":true,\"valueName\":\"search_term_string\"}}],\"inLanguage\":\"de\"},{\"@type\":\"Organization\",\"@id\":\"https:\/\/shanghepanel.com\/#organization\",\"name\":\"Shandong ShangHe New Construction Engineering Co., ltd.\",\"url\":\"https:\/\/shanghepanel.com\/\",\"logo\":{\"@type\":\"ImageObject\",\"inLanguage\":\"de\",\"@id\":\"https:\/\/shanghepanel.com\/#\/schema\/logo\/image\/\",\"url\":\"https:\/\/shanghepanel.com\/wp-content\/uploads\/2024\/03\/logo-1.png\",\"contentUrl\":\"https:\/\/shanghepanel.com\/wp-content\/uploads\/2024\/03\/logo-1.png\",\"width\":800,\"height\":800,\"caption\":\"Shandong ShangHe New Construction Engineering Co., ltd.\"},\"image\":{\"@id\":\"https:\/\/shanghepanel.com\/#\/schema\/logo\/image\/\"}}]}<\/script>\n<!-- \/ Yoast SEO plugin. -->","yoast_head_json":{"title":"Atap Sandwichpaneel (ASTM-getestet) - Shang He Sandwichpaneel","description":"Vorgefertigte isolierte Sandwichpaneele Dieser Inhalt enth\u00e4lt eine detaillierte Beschreibung. Einfache Installation, klicke mich, um dich zu \u00fcberraschen, klicke mich, um dir zu...","robots":{"index":"index","follow":"follow","max-snippet":"max-snippet:-1","max-image-preview":"max-image-preview:large","max-video-preview":"max-video-preview:-1"},"canonical":"https:\/\/shanghepanel.com\/de\/product\/atap-sandwich-panel\/","og_locale":"de_DE","og_type":"article","og_title":"Atap Sandwich Panel (Astm Tested) - Shang He Sandwich Panel","og_description":"precast insulated sandwich panels This content has a detailed description. Easy installation, click me to give you a surprise, click me to give you","og_url":"https:\/\/shanghepanel.com\/de\/product\/atap-sandwich-panel\/","og_site_name":"Shang He Sandwich Panel","article_modified_time":"2025-06-05T03:58:39+00:00","og_image":[{"width":800,"height":800,"url":"https:\/\/shanghepanel.com\/wp-content\/uploads\/2024\/07\/RW-gc-190.jpg","type":"image\/jpeg"}],"twitter_card":"summary_large_image","twitter_misc":{"Gesch\u00e4tzte Lesezeit":"2\u00a0Minuten"},"schema":{"@context":"https:\/\/schema.org","@graph":[{"@type":"WebPage","@id":"https:\/\/shanghepanel.com\/product\/atap-sandwich-panel\/","url":"https:\/\/shanghepanel.com\/product\/atap-sandwich-panel\/","name":"Atap Sandwichpaneel (ASTM-getestet) - Shang He Sandwichpaneel","isPartOf":{"@id":"https:\/\/shanghepanel.com\/#website"},"primaryImageOfPage":{"@id":"https:\/\/shanghepanel.com\/product\/atap-sandwich-panel\/#primaryimage"},"image":{"@id":"https:\/\/shanghepanel.com\/product\/atap-sandwich-panel\/#primaryimage"},"thumbnailUrl":"https:\/\/shanghepanel.com\/wp-content\/uploads\/2024\/07\/RW-gc-190.jpg","datePublished":"2025-05-27T08:05:32+00:00","dateModified":"2025-06-05T03:58:39+00:00","description":"Vorgefertigte isolierte Sandwichpaneele Dieser Inhalt enth\u00e4lt eine detaillierte Beschreibung. Einfache Installation, klicke mich, um dich zu \u00fcberraschen, klicke mich, um dir zu...","breadcrumb":{"@id":"https:\/\/shanghepanel.com\/product\/atap-sandwich-panel\/#breadcrumb"},"inLanguage":"de","potentialAction":[{"@type":"ReadAction","target":["https:\/\/shanghepanel.com\/product\/atap-sandwich-panel\/"]}]},{"@type":"ImageObject","inLanguage":"de","@id":"https:\/\/shanghepanel.com\/product\/atap-sandwich-panel\/#primaryimage","url":"https:\/\/shanghepanel.com\/wp-content\/uploads\/2024\/07\/RW-gc-190.jpg","contentUrl":"https:\/\/shanghepanel.com\/wp-content\/uploads\/2024\/07\/RW-gc-190.jpg","width":800,"height":800},{"@type":"BreadcrumbList","@id":"https:\/\/shanghepanel.com\/product\/atap-sandwich-panel\/#breadcrumb","itemListElement":[{"@type":"ListItem","position":1,"name":"\u9996\u9875","item":"https:\/\/shanghepanel.com\/en\/"},{"@type":"ListItem","position":2,"name":"\u4ea7\u54c1","item":"https:\/\/shanghepanel.com\/index.php\/shop\/"},{"@type":"ListItem","position":3,"name":"Atap Sandwich Panel (Astm Tested)"}]},{"@type":"WebSite","@id":"https:\/\/shanghepanel.com\/#website","url":"https:\/\/shanghepanel.com\/","name":"shanghepanel.com","description":"","publisher":{"@id":"https:\/\/shanghepanel.com\/#organization"},"potentialAction":[{"@type":"SearchAction","target":{"@type":"EntryPoint","urlTemplate":"https:\/\/shanghepanel.com\/?s={search_term_string}"},"query-input":{"@type":"PropertyValueSpecification","valueRequired":true,"valueName":"search_term_string"}}],"inLanguage":"de"},{"@type":"Organization","@id":"https:\/\/shanghepanel.com\/#organization","name":"Shandong ShangHe Neubauingenieurgesellschaft mbH","url":"https:\/\/shanghepanel.com\/","logo":{"@type":"ImageObject","inLanguage":"de","@id":"https:\/\/shanghepanel.com\/#\/schema\/logo\/image\/","url":"https:\/\/shanghepanel.com\/wp-content\/uploads\/2024\/03\/logo-1.png","contentUrl":"https:\/\/shanghepanel.com\/wp-content\/uploads\/2024\/03\/logo-1.png","width":800,"height":800,"caption":"Shandong ShangHe New Construction Engineering Co., ltd."},"image":{"@id":"https:\/\/shanghepanel.com\/#\/schema\/logo\/image\/"}}]}},"_links":{"self":[{"href":"https:\/\/shanghepanel.com\/de\/wp-json\/wp\/v2\/product\/5062","targetHints":{"allow":["GET"]}}],"collection":[{"href":"https:\/\/shanghepanel.com\/de\/wp-json\/wp\/v2\/product"}],"about":[{"href":"https:\/\/shanghepanel.com\/de\/wp-json\/wp\/v2\/types\/product"}],"replies":[{"embeddable":true,"href":"https:\/\/shanghepanel.com\/de\/wp-json\/wp\/v2\/comments?post=5062"}],"version-history":[{"count":0,"href":"https:\/\/shanghepanel.com\/de\/wp-json\/wp\/v2\/product\/5062\/revisions"}],"wp:featuredmedia":[{"embeddable":true,"href":"https:\/\/shanghepanel.com\/de\/wp-json\/wp\/v2\/media\/2263"}],"wp:attachment":[{"href":"https:\/\/shanghepanel.com\/de\/wp-json\/wp\/v2\/media?parent=5062"}],"wp:term":[{"taxonomy":"product_brand","embeddable":true,"href":"https:\/\/shanghepanel.com\/de\/wp-json\/wp\/v2\/product_brand?post=5062"},{"taxonomy":"product_cat","embeddable":true,"href":"https:\/\/shanghepanel.com\/de\/wp-json\/wp\/v2\/product_cat?post=5062"},{"taxonomy":"product_tag","embeddable":true,"href":"https:\/\/shanghepanel.com\/de\/wp-json\/wp\/v2\/product_tag?post=5062"}],"curies":[{"name":"wp","href":"https:\/\/api.w.org\/{rel}","templated":true}]}}