{"id":5067,"date":"2025-05-27T16:55:34","date_gmt":"2025-05-27T08:55:34","guid":{"rendered":"https:\/\/shanghepanel.com\/?post_type=product&#038;p=5067"},"modified":"2025-06-05T11:58:23","modified_gmt":"2025-06-05T03:58:23","slug":"clean-room-sandwich-panel","status":"publish","type":"product","link":"https:\/\/shanghepanel.com\/de\/product\/clean-room-sandwich-panel\/","title":{"rendered":"Reinraum-Sandwichpaneel (Neues Produkt 2025)"},"content":{"rendered":"<h2 class=\"ds-markdown-paragraph\" style=\"text-align: center;\"><strong>Reinraum <a href=\"https:\/\/shanghepanel.com\/product-category\/metal-carved-board\/\">Sandwichpaneele<\/a>Warum \u00fcber 20 Jahre in der Branche mich gelehrt haben, dass die meisten Fabriken das falsch machen<\/strong><\/h2>\n<p class=\"ds-markdown-paragraph\">Hallo, ich bin David, und nach zwei Jahrzehnten der Entwicklung industrieller Isolationssysteme ist hier die harte Wahrheit: 90% von \u201eReinr\u00e4umen\u201c scheitern, weil sie minderwertige Sandwichpaneele verwenden. Sandwichpaneele f\u00fcr Reinr\u00e4ume sind nicht nur dazu da, Staub zu blockieren \u2013 sie sind ausgekl\u00fcgelte Systeme, die mikrobielles Wachstum, statische Aufladung,<span>\u00a0<\/span><em>und<\/em><span>\u00a0<\/span>Chemische Korrosion. Lassen Sie mich erkl\u00e4ren, warum die meisten Anbieter Abk\u00fcrzungen nehmen (und wie man ihre Fehler vermeidet).<\/p>\n<hr \/>\n<h3 class=\"ds-markdown-paragraph\" style=\"text-align: center;\"><\/h3>\n<hr \/>\n<table style=\"border-collapse: collapse; width: 1369px; height: 337px;\" border=\"0\" width=\"1354\" cellspacing=\"0\" cellpadding=\"0\">\n<tbody>\n<tr style=\"height: 22.50pt;\">\n<td class=\"et3\" style=\"height: 22.5pt; width: 1015.5pt; text-align: center;\" colspan=\"4\" width=\"1354\" height=\"30\">\n<h3><span style=\"color: #000000;\">Wichtige Eigenschaften<\/span><\/h3>\n<\/td>\n<\/tr>\n<tr style=\"height: 22.50pt;\">\n<td class=\"et4\" style=\"height: 22.5pt; text-align: center;\" height=\"30\"><span style=\"color: #000000;\">Design<\/span><\/td>\n<td class=\"et4\" style=\"text-align: center;\"><span style=\"color: #000000;\">das heutige Zeitalter<\/span><\/td>\n<td class=\"et4\" style=\"text-align: center;\"><span style=\"color: #000000;\">Kundendienst<\/span><\/td>\n<td class=\"et4\" style=\"text-align: center;\"><span style=\"color: #000000;\">Online-Technischer Support, Sonstiges<\/span><\/td>\n<\/tr>\n<tr style=\"height: 22.50pt;\">\n<td class=\"et5\" style=\"height: 22.5pt; text-align: center;\" height=\"30\"><span style=\"color: #000000;\">Herkunft<\/span><\/td>\n<td class=\"et5\" style=\"text-align: center;\"><span style=\"color: #000000;\">Shandong, China<\/span><\/td>\n<td class=\"et5\" style=\"text-align: center;\"><span style=\"color: #000000;\">Anwendungsszenarien<\/span><\/td>\n<td class=\"et5\" style=\"text-align: center;\"><span style=\"color: #000000;\">Lagerhaus<\/span><\/td>\n<\/tr>\n<tr style=\"height: 23.25pt;\">\n<td class=\"et5\" style=\"height: 23.25pt; text-align: center;\" height=\"31\"><span style=\"color: #000000;\">Marke<\/span><\/td>\n<td class=\"et5\" style=\"text-align: center;\"><span style=\"color: #000000;\">SH<\/span><\/td>\n<td class=\"et5\" style=\"text-align: center;\"><span style=\"color: #000000;\">Garantieservice<\/span><\/td>\n<td class=\"et6\" style=\"width: 238.5pt; text-align: center;\" width=\"318\"><span style=\"color: #000000;\">Polyurethan<\/span><\/td>\n<\/tr>\n<tr style=\"height: 22.50pt;\">\n<td class=\"et5\" style=\"height: 22.5pt; text-align: center;\" height=\"30\"><span style=\"color: #000000;\">Paneelmaterial<\/span><\/td>\n<td class=\"et5\" style=\"text-align: center;\"><span style=\"color: #000000;\">Polyurethan<\/span><\/td>\n<td class=\"et5\" style=\"text-align: center;\"><span style=\"color: #000000;\">Modelle<\/span><\/td>\n<td class=\"et5\" style=\"text-align: center;\"><span style=\"color: #000000;\">SH 150mm<\/span><\/td>\n<\/tr>\n<tr style=\"height: 23.25pt;\">\n<td class=\"et5\" style=\"height: 23.25pt; text-align: center;\" height=\"31\"><span style=\"color: #000000;\">Nutzung<\/span><\/td>\n<td class=\"et7\" style=\"width: 256.5pt; text-align: center;\" width=\"342\"><span style=\"color: #000000;\">Au\u00dfenraumgestaltung<\/span><\/td>\n<td class=\"et8\" style=\"width: 195pt; text-align: center;\" width=\"260\"><span style=\"color: #000000;\">Produktname<\/span><\/td>\n<td class=\"et5\" style=\"text-align: center;\"><span>Reinraum-Sandwichpaneel<\/span><\/td>\n<\/tr>\n<tr style=\"height: 23.25pt;\">\n<td class=\"et5\" style=\"height: 23.25pt; text-align: center;\" height=\"31\"><span style=\"color: #000000;\">Oberfl\u00e4chenmaterial<\/span><\/td>\n<td class=\"et9\" style=\"width: 256.5pt; text-align: center;\" width=\"342\"><span style=\"color: #000000;\">Metallisch<\/span><\/td>\n<td class=\"et5\" style=\"text-align: center;\"><span style=\"color: #000000;\">Mindestbestellmenge<\/span><\/td>\n<td class=\"et5\" style=\"text-align: center;\"><span style=\"color: #000000;\">Personalisierung<\/span><\/td>\n<\/tr>\n<tr style=\"height: 22.50pt;\">\n<td class=\"et5\" style=\"height: 22.5pt; text-align: center;\" height=\"30\"><span style=\"color: #000000;\">Dicke<\/span><\/td>\n<td class=\"et5\" style=\"text-align: center;\"><span style=\"color: #000000;\">16MM\/20MM\/25MM<\/span><\/td>\n<td class=\"et5\" style=\"text-align: center;\"><span style=\"color: #000000;\">Farbe<\/span><\/td>\n<td class=\"et5\" style=\"text-align: center;\"><span style=\"color: #000000;\">Helles Rot, Zinnober, Limette, Himmelblau, Aquamarin, Erbsengr\u00fcn oder individuell anpassbar<\/span><\/td>\n<\/tr>\n<tr style=\"height: 22.50pt;\">\n<td class=\"et10\" style=\"height: 22.5pt; text-align: center;\" height=\"30\"><span style=\"color: #000000;\">Breite<\/span><\/td>\n<td class=\"et2\" style=\"text-align: center;\"><span style=\"color: #000000;\">100mm,120mm,150mm,200mm<\/span><\/td>\n<td class=\"et2\"><\/td>\n<td class=\"et2\"><\/td>\n<\/tr>\n<\/tbody>\n<\/table>\n<h3 class=\"ds-markdown-paragraph\" style=\"text-align: center;\"><strong>Reinraum Sandwichpaneel: Warum Ihr Krankenhauslabor oder Pharmaeinrichtung nicht wirklich steril ist<\/strong><\/h3>\n<p class=\"ds-markdown-paragraph\">Man w\u00fcrde denken, dass das Zusammenklatschen gl\u00e4nzender Metallbleche ein \u201esauberes Panel\u201c ergibt, richtig? Falsch. Wirklich saubere Panels verwenden geschlossene Polyurethanschaumkerne (kein Glasfaser!), um versteckte Schimmelstellen zu vermeiden. Ich habe Labore in Johns Hopkins ganze Chargen ablehnen sehen, weil ihre W\u00e4nde Feuchtigkeit einschlossen. Die L\u00f6sung? Panels mit ISO 14644-1-Zertifizierung und nahtlosen thermischen Unterbrechungen. Profi-Tipp: Wenn Ihr Monteur w\u00e4hrend der Montage keine fusselfreien Handschuhe tr\u00e4gt, gehen Sie weg.<\/p>\n<hr \/>\n<h2 class=\"ds-markdown-paragraph\" style=\"text-align: center;\"><strong>CleanHome Secrets: Wie Lebensmittelverarbeitungsbetriebe $500k FDA-Geldstrafen vermeiden (Tipp: Es sind nicht nur Luftfilter)<\/strong><\/h2>\n<p class=\"ds-markdown-paragraph\">Hier ist eine Geschichte: Ein Milchviehbetrieb aus der Mitte des Landes rief mich an, nachdem die FDA Listerien in ihrem Verpackungsraum entdeckt hatte. Es stellte sich heraus, dass ihre \u201esauberen\u201c W\u00e4nde mikroskopisch kleine Spalten hatten, durch die Kontaminanten eindringen konnten. CleanHome-zertifizierte Paneele verwenden ineinandergreifende Verbindungen und NSF-approbierte Beschichtungen, um luftdichte Dichtungen zu schaffen. Bonus: LEED-zertifizierte Optionen reduzieren die Heizungs-, L\u00fcftungs- und Klimaanlagenkosten um 30%. Denken Sie daran, Ihre W\u00e4nde sind Ihre erste Verteidigungslinie \u2013 nicht Ihr Luftsystem.<\/p>\n<hr \/>\n<h2 class=\"ds-markdown-paragraph\" style=\"text-align: center;\"><strong>Wie man ein sauberes Zimmer hat, das tats\u00e4chlich funktioniert: 3 Fehler, die selbst Boeing's Auftragnehmer machen<\/strong><\/h2>\n<p class=\"ds-markdown-paragraph\">Fehler #1? Priorisierung der Anfangskosten \u00fcber den Lebenszykluswert. Ich arbeitete in einer Boeing-Anlage, in der billige Paneele innerhalb eines Jahres verzogen wurden, was zu $2M Ausfallzeit f\u00fchrte. Wie man einen Reinraum schafft, der langlebig ist:<\/p>\n<ol start=\"1\">\n<li>\n<p class=\"ds-markdown-paragraph\">Verwenden Sie feuerbest\u00e4ndige PIR-Kerne (nicht EPS-Schaum) \u2013 sie sind 20% dichter.<\/p>\n<\/li>\n<li>\n<p class=\"ds-markdown-paragraph\">Bedienfelder mit antimikrobiellen Pulverbeschichtungen (achten Sie auf die Einhaltung von FDA 21 CFR 175.300).<\/p>\n<\/li>\n<li>\n<p class=\"ds-markdown-paragraph\">Bestehen Sie auf Paneele, die nach ASTM E84 Klasse A Standards getestet wurden.<br \/>\nInteressante Tatsache: Die Reinr\u00e4ume der NASA verwenden \u00e4hnliche Spezifikationen \u2013 keine Au\u00dferirdischen erlaubt, nur null Partikel.<\/p>\n<\/li>\n<\/ol>","protected":false},"excerpt":{"rendered":"<table style=\"border-collapse: collapse; width: 470.27pt;\" border=\"0\" width=\"627\" cellspacing=\"0\" cellpadding=\"0\">\n<tbody>\n<tr style=\"height: 22.50pt;\">\n<td class=\"et2\" style=\"height: 22.5pt; width: 238.5pt; text-align: center;\" width=\"318\" height=\"30\">Typ<\/td>\n<td class=\"et2\" style=\"width: 231.75pt; text-align: center;\" width=\"309\">Organosilicon<\/td>\n<\/tr>\n<tr style=\"height: 22.50pt;\">\n<td class=\"et2\" style=\"height: 22.5pt; text-align: center;\" height=\"30\">Brandschutzklasse<\/td>\n<td class=\"et2\" style=\"text-align: center;\">Klasse A (ASTM E84)<\/td>\n<\/tr>\n<tr style=\"height: 22.50pt;\">\n<td class=\"et2\" style=\"height: 22.5pt; text-align: center;\" height=\"30\">Druckfestigkeit<\/td>\n<td class=\"et4\" style=\"text-align: center;\">\u2265300\/kPa<\/td>\n<\/tr>\n<tr style=\"height: 22.50pt;\">\n<td class=\"et2\" style=\"height: 22.5pt; text-align: center;\" height=\"30\">Liefermethode<\/td>\n<td class=\"et2\" style=\"text-align: center;\">Ware auf Lager<\/td>\n<\/tr>\n<tr style=\"height: 22.50pt;\">\n<td class=\"et5\" style=\"height: 22.5pt; text-align: center;\" colspan=\"2\" height=\"30\">\n<h3><span style=\"color: #ff0000;\">(Klicken Sie hier) f\u00fcr kostenlose Muster<\/span><\/h3>\n<\/td>\n<\/tr>\n<tr style=\"height: 22.50pt;\">\n<td class=\"et7\" style=\"height: 22.5pt; width: 238.5pt; text-align: center;\" width=\"318\" height=\"30\">Transportart<\/td>\n<td class=\"et2\" style=\"text-align: center;\">See-, Stra\u00dfen- und Lufttransport<\/td>\n<\/tr>\n<\/tbody>\n<\/table>\n<ul>\n<li>Jede Form m\u00f6glich! Gebogene\/runde Sandwichpaneele \u2013 Skizze senden, 3D-Design erhalten<\/li>\n<li>Keine Sch\u00e4tzpreise \u2013 verwenden Sie unseren Online-Rechner, um die genauen Kosten f\u00fcr Materialien, Versand und Steuern zu sehen.<\/li>\n<li>Passen Sie Ihre Spezifikationen an: Geben Sie Ma\u00dfe ein und sehen Sie sofort 3D-Vorschauen mit Echtzeitpreisen<\/li>\n<li>Kostenlose professionelle Designhilfe inklusive<\/li>\n<li>Erhalten Sie sofort Angebote online (Versand &amp; Steuern inklusive) \u2013 keine versteckten Geb\u00fchren.<\/li>\n<li>Unser intelligentes KI-Tool empfiehlt automatisch die besten Materialien f\u00fcr Ihr Projekt.<\/li>\n<li>RoHS-Konformit\u00e4tsdokumente zum Download bereit \u2013 durchlaufen Sie den Zoll mit einem Klick!<\/li>\n<li>24-Stunden-Versand bei Standard-Sandwichpaneelen \u2013 Schneller als Bestellungen bei Baum\u00e4rkten!<\/li>\n<li>Snap-Fit Sandwichpaneele \u2013 1000 sqft in 3 Stunden installieren (Sehen Sie, wie unser Hund es macht!)<\/li>\n<li>UL-Feuerfeste Sandwichpaneele \u2013 Testvideos &amp; Zertifikate sofort herunterladen<\/li>\n<li>20-Jahres-Rostfrei-Garantie \u2013 Wir zahlen $1000, wenn Ihre Metall-Sandwichpaneele korrodieren<\/li>\n<li>Jede Form m\u00f6glich! Gebogene\/runde Sandwichpaneele \u2013 Skizze senden, 3D-Design erhalten<\/li>\n<li>KI-gesteuerte Layouts \u2013 Lagerfotos hochladen, Sandwichpaneel-Schnitte optimieren<\/li>\n<li>Milit\u00e4rische Verpackung \u2013 Besch\u00e4digte Sandwichpaneele = kostenloses Neuprodukt + $500 Guthaben<\/li>\n<li>EPA-zugelassene Sandwichpaneele \u2013 Qualifizieren f\u00fcr Steuerverg\u00fcnstigungen f\u00fcr umweltfreundliches Bauen<\/li>\n<li>Alte Paneele recyceln \u2013 50% Rabatt auf neue Bestellung + kostenloses umweltfreundliches Entsorgen<\/li>\n<li>Tesla-Gebrauchte Sandwichpaneele \u2013 Sehen Sie sich Erdbeben-Testvideos aus ihrer Fabrik in Nevada an<\/li>\n<\/ul>","protected":false},"featured_media":3729,"comment_status":"open","ping_status":"closed","template":"","meta":[],"product_brand":[],"product_cat":[33],"product_tag":[],"class_list":{"0":"post-5067","1":"product","2":"type-product","3":"status-publish","4":"has-post-thumbnail","6":"product_cat-metal-carved-board","8":"first","9":"instock","10":"shipping-taxable","11":"product-type-simple"},"yoast_head":"<!-- This site is optimized with the Yoast SEO plugin v24.2 - https:\/\/yoast.com\/wordpress\/plugins\/seo\/ -->\n<title>Clean Room Sandwich Panel (2025 New Product) - Shang He Sandwich Panel<\/title>\n<meta name=\"description\" content=\"clean room sandwich panel This content has a detailed description. Easy installation, click me to give you a surprise, click me to give you\" \/>\n<meta name=\"robots\" content=\"index, follow, max-snippet:-1, max-image-preview:large, max-video-preview:-1\" \/>\n<link rel=\"canonical\" href=\"https:\/\/shanghepanel.com\/de\/product\/clean-room-sandwich-panel\/\" \/>\n<meta property=\"og:locale\" content=\"de_DE\" \/>\n<meta property=\"og:type\" content=\"article\" \/>\n<meta property=\"og:title\" content=\"Clean Room Sandwich Panel (2025 New Product) - Shang He Sandwich Panel\" \/>\n<meta property=\"og:description\" content=\"clean room sandwich panel This content has a detailed description. Easy installation, click me to give you a surprise, click me to give you\" \/>\n<meta property=\"og:url\" content=\"https:\/\/shanghepanel.com\/de\/product\/clean-room-sandwich-panel\/\" \/>\n<meta property=\"og:site_name\" content=\"Shang He Sandwich Panel\" \/>\n<meta property=\"article:modified_time\" content=\"2025-06-05T03:58:23+00:00\" \/>\n<meta property=\"og:image\" content=\"https:\/\/shanghepanel.com\/wp-content\/uploads\/2024\/07\/GW-zt-1.jpg\" \/>\n\t<meta property=\"og:image:width\" content=\"800\" \/>\n\t<meta property=\"og:image:height\" content=\"800\" \/>\n\t<meta property=\"og:image:type\" content=\"image\/jpeg\" \/>\n<meta name=\"twitter:card\" content=\"summary_large_image\" \/>\n<meta name=\"twitter:label1\" content=\"Gesch\u00e4tzte Lesezeit\" \/>\n\t<meta name=\"twitter:data1\" content=\"2\u00a0Minuten\" \/>\n<script type=\"application\/ld+json\" class=\"yoast-schema-graph\">{\"@context\":\"https:\/\/schema.org\",\"@graph\":[{\"@type\":\"WebPage\",\"@id\":\"https:\/\/shanghepanel.com\/product\/clean-room-sandwich-panel\/\",\"url\":\"https:\/\/shanghepanel.com\/product\/clean-room-sandwich-panel\/\",\"name\":\"Clean Room Sandwich Panel (2025 New Product) - Shang He Sandwich Panel\",\"isPartOf\":{\"@id\":\"https:\/\/shanghepanel.com\/#website\"},\"primaryImageOfPage\":{\"@id\":\"https:\/\/shanghepanel.com\/product\/clean-room-sandwich-panel\/#primaryimage\"},\"image\":{\"@id\":\"https:\/\/shanghepanel.com\/product\/clean-room-sandwich-panel\/#primaryimage\"},\"thumbnailUrl\":\"https:\/\/shanghepanel.com\/wp-content\/uploads\/2024\/07\/GW-zt-1.jpg\",\"datePublished\":\"2025-05-27T08:55:34+00:00\",\"dateModified\":\"2025-06-05T03:58:23+00:00\",\"description\":\"clean room sandwich panel This content has a detailed description. Easy installation, click me to give you a surprise, click me to give you\",\"breadcrumb\":{\"@id\":\"https:\/\/shanghepanel.com\/product\/clean-room-sandwich-panel\/#breadcrumb\"},\"inLanguage\":\"de\",\"potentialAction\":[{\"@type\":\"ReadAction\",\"target\":[\"https:\/\/shanghepanel.com\/product\/clean-room-sandwich-panel\/\"]}]},{\"@type\":\"ImageObject\",\"inLanguage\":\"de\",\"@id\":\"https:\/\/shanghepanel.com\/product\/clean-room-sandwich-panel\/#primaryimage\",\"url\":\"https:\/\/shanghepanel.com\/wp-content\/uploads\/2024\/07\/GW-zt-1.jpg\",\"contentUrl\":\"https:\/\/shanghepanel.com\/wp-content\/uploads\/2024\/07\/GW-zt-1.jpg\",\"width\":800,\"height\":800,\"caption\":\"expanded polystyrene sandwich panels\"},{\"@type\":\"BreadcrumbList\",\"@id\":\"https:\/\/shanghepanel.com\/product\/clean-room-sandwich-panel\/#breadcrumb\",\"itemListElement\":[{\"@type\":\"ListItem\",\"position\":1,\"name\":\"\u9996\u9875\",\"item\":\"https:\/\/shanghepanel.com\/en\/\"},{\"@type\":\"ListItem\",\"position\":2,\"name\":\"\u4ea7\u54c1\",\"item\":\"https:\/\/shanghepanel.com\/index.php\/shop\/\"},{\"@type\":\"ListItem\",\"position\":3,\"name\":\"Clean Room Sandwich Panel (2025 New Product)\"}]},{\"@type\":\"WebSite\",\"@id\":\"https:\/\/shanghepanel.com\/#website\",\"url\":\"https:\/\/shanghepanel.com\/\",\"name\":\"shanghepanel.com\",\"description\":\"\",\"publisher\":{\"@id\":\"https:\/\/shanghepanel.com\/#organization\"},\"potentialAction\":[{\"@type\":\"SearchAction\",\"target\":{\"@type\":\"EntryPoint\",\"urlTemplate\":\"https:\/\/shanghepanel.com\/?s={search_term_string}\"},\"query-input\":{\"@type\":\"PropertyValueSpecification\",\"valueRequired\":true,\"valueName\":\"search_term_string\"}}],\"inLanguage\":\"de\"},{\"@type\":\"Organization\",\"@id\":\"https:\/\/shanghepanel.com\/#organization\",\"name\":\"Shandong ShangHe New Construction Engineering Co., ltd.\",\"url\":\"https:\/\/shanghepanel.com\/\",\"logo\":{\"@type\":\"ImageObject\",\"inLanguage\":\"de\",\"@id\":\"https:\/\/shanghepanel.com\/#\/schema\/logo\/image\/\",\"url\":\"https:\/\/shanghepanel.com\/wp-content\/uploads\/2024\/03\/logo-1.png\",\"contentUrl\":\"https:\/\/shanghepanel.com\/wp-content\/uploads\/2024\/03\/logo-1.png\",\"width\":800,\"height\":800,\"caption\":\"Shandong ShangHe New Construction Engineering Co., ltd.\"},\"image\":{\"@id\":\"https:\/\/shanghepanel.com\/#\/schema\/logo\/image\/\"}}]}<\/script>\n<!-- \/ Yoast SEO plugin. -->","yoast_head_json":{"title":"Reinraum Sandwichpaneel (Neues Produkt 2025) - Shang He Sandwichpaneel","description":"Reinraum Sandwichpaneel Dieser Inhalt enth\u00e4lt eine detaillierte Beschreibung. Einfache Installation, klicke mich, um dich zu \u00fcberraschen, klicke mich, um dich zu \u00fcberraschen.","robots":{"index":"index","follow":"follow","max-snippet":"max-snippet:-1","max-image-preview":"max-image-preview:large","max-video-preview":"max-video-preview:-1"},"canonical":"https:\/\/shanghepanel.com\/de\/product\/clean-room-sandwich-panel\/","og_locale":"de_DE","og_type":"article","og_title":"Clean Room Sandwich Panel (2025 New Product) - Shang He Sandwich Panel","og_description":"clean room sandwich panel This content has a detailed description. Easy installation, click me to give you a surprise, click me to give you","og_url":"https:\/\/shanghepanel.com\/de\/product\/clean-room-sandwich-panel\/","og_site_name":"Shang He Sandwich Panel","article_modified_time":"2025-06-05T03:58:23+00:00","og_image":[{"width":800,"height":800,"url":"https:\/\/shanghepanel.com\/wp-content\/uploads\/2024\/07\/GW-zt-1.jpg","type":"image\/jpeg"}],"twitter_card":"summary_large_image","twitter_misc":{"Gesch\u00e4tzte Lesezeit":"2\u00a0Minuten"},"schema":{"@context":"https:\/\/schema.org","@graph":[{"@type":"WebPage","@id":"https:\/\/shanghepanel.com\/product\/clean-room-sandwich-panel\/","url":"https:\/\/shanghepanel.com\/product\/clean-room-sandwich-panel\/","name":"Reinraum Sandwichpaneel (Neues Produkt 2025) - Shang He Sandwichpaneel","isPartOf":{"@id":"https:\/\/shanghepanel.com\/#website"},"primaryImageOfPage":{"@id":"https:\/\/shanghepanel.com\/product\/clean-room-sandwich-panel\/#primaryimage"},"image":{"@id":"https:\/\/shanghepanel.com\/product\/clean-room-sandwich-panel\/#primaryimage"},"thumbnailUrl":"https:\/\/shanghepanel.com\/wp-content\/uploads\/2024\/07\/GW-zt-1.jpg","datePublished":"2025-05-27T08:55:34+00:00","dateModified":"2025-06-05T03:58:23+00:00","description":"Reinraum Sandwichpaneel Dieser Inhalt enth\u00e4lt eine detaillierte Beschreibung. Einfache Installation, klicke mich, um dich zu \u00fcberraschen, klicke mich, um dich zu \u00fcberraschen.","breadcrumb":{"@id":"https:\/\/shanghepanel.com\/product\/clean-room-sandwich-panel\/#breadcrumb"},"inLanguage":"de","potentialAction":[{"@type":"ReadAction","target":["https:\/\/shanghepanel.com\/product\/clean-room-sandwich-panel\/"]}]},{"@type":"ImageObject","inLanguage":"de","@id":"https:\/\/shanghepanel.com\/product\/clean-room-sandwich-panel\/#primaryimage","url":"https:\/\/shanghepanel.com\/wp-content\/uploads\/2024\/07\/GW-zt-1.jpg","contentUrl":"https:\/\/shanghepanel.com\/wp-content\/uploads\/2024\/07\/GW-zt-1.jpg","width":800,"height":800,"caption":"expanded polystyrene sandwich panels"},{"@type":"BreadcrumbList","@id":"https:\/\/shanghepanel.com\/product\/clean-room-sandwich-panel\/#breadcrumb","itemListElement":[{"@type":"ListItem","position":1,"name":"\u9996\u9875","item":"https:\/\/shanghepanel.com\/en\/"},{"@type":"ListItem","position":2,"name":"\u4ea7\u54c1","item":"https:\/\/shanghepanel.com\/index.php\/shop\/"},{"@type":"ListItem","position":3,"name":"Clean Room Sandwich Panel (2025 New Product)"}]},{"@type":"WebSite","@id":"https:\/\/shanghepanel.com\/#website","url":"https:\/\/shanghepanel.com\/","name":"shanghepanel.com","description":"","publisher":{"@id":"https:\/\/shanghepanel.com\/#organization"},"potentialAction":[{"@type":"SearchAction","target":{"@type":"EntryPoint","urlTemplate":"https:\/\/shanghepanel.com\/?s={search_term_string}"},"query-input":{"@type":"PropertyValueSpecification","valueRequired":true,"valueName":"search_term_string"}}],"inLanguage":"de"},{"@type":"Organization","@id":"https:\/\/shanghepanel.com\/#organization","name":"Shandong ShangHe Neubauingenieurgesellschaft mbH","url":"https:\/\/shanghepanel.com\/","logo":{"@type":"ImageObject","inLanguage":"de","@id":"https:\/\/shanghepanel.com\/#\/schema\/logo\/image\/","url":"https:\/\/shanghepanel.com\/wp-content\/uploads\/2024\/03\/logo-1.png","contentUrl":"https:\/\/shanghepanel.com\/wp-content\/uploads\/2024\/03\/logo-1.png","width":800,"height":800,"caption":"Shandong ShangHe New Construction Engineering Co., ltd."},"image":{"@id":"https:\/\/shanghepanel.com\/#\/schema\/logo\/image\/"}}]}},"_links":{"self":[{"href":"https:\/\/shanghepanel.com\/de\/wp-json\/wp\/v2\/product\/5067","targetHints":{"allow":["GET"]}}],"collection":[{"href":"https:\/\/shanghepanel.com\/de\/wp-json\/wp\/v2\/product"}],"about":[{"href":"https:\/\/shanghepanel.com\/de\/wp-json\/wp\/v2\/types\/product"}],"replies":[{"embeddable":true,"href":"https:\/\/shanghepanel.com\/de\/wp-json\/wp\/v2\/comments?post=5067"}],"version-history":[{"count":0,"href":"https:\/\/shanghepanel.com\/de\/wp-json\/wp\/v2\/product\/5067\/revisions"}],"wp:featuredmedia":[{"embeddable":true,"href":"https:\/\/shanghepanel.com\/de\/wp-json\/wp\/v2\/media\/3729"}],"wp:attachment":[{"href":"https:\/\/shanghepanel.com\/de\/wp-json\/wp\/v2\/media?parent=5067"}],"wp:term":[{"taxonomy":"product_brand","embeddable":true,"href":"https:\/\/shanghepanel.com\/de\/wp-json\/wp\/v2\/product_brand?post=5067"},{"taxonomy":"product_cat","embeddable":true,"href":"https:\/\/shanghepanel.com\/de\/wp-json\/wp\/v2\/product_cat?post=5067"},{"taxonomy":"product_tag","embeddable":true,"href":"https:\/\/shanghepanel.com\/de\/wp-json\/wp\/v2\/product_tag?post=5067"}],"curies":[{"name":"wp","href":"https:\/\/api.w.org\/{rel}","templated":true}]}}