{"id":960,"date":"2024-05-14T15:48:39","date_gmt":"2024-05-14T07:48:39","guid":{"rendered":"https:\/\/shanghepanel.com\/?post_type=product&#038;p=960"},"modified":"2025-06-05T14:10:26","modified_gmt":"2025-06-05T06:10:26","slug":"fireproof-rock-wool-sandwich-panel","status":"publish","type":"product","link":"https:\/\/shanghepanel.com\/de\/product\/fireproof-rock-wool-sandwich-panel\/","title":{"rendered":"Steinwolle-Sandwichwandpaneele"},"content":{"rendered":"<div data-elementor-type=\"product-post\" data-elementor-id=\"960\" class=\"elementor elementor-960\" data-elementor-post-type=\"product\">\n\t\t\t\t<div class=\"elementor-element elementor-element-63304e52 e-flex e-con-boxed e-con e-parent\" data-id=\"63304e52\" data-element_type=\"container\" data-e-type=\"container\">\n\t\t\t\t\t<div class=\"e-con-inner\">\n\t\t\t\t<div class=\"elementor-element elementor-element-1b00319e elementor-widget elementor-widget-text-editor\" data-id=\"1b00319e\" data-element_type=\"widget\" data-e-type=\"widget\" data-widget_type=\"text-editor.default\">\n\t\t\t\t<div class=\"elementor-widget-container\">\n\t\t\t\t\t\t\t\t\t<h2>Einf\u00fchrung der Steinwolle-Sandwichplatte<\/h2><p>Unsere Steinwolle-Sandwichplatte ist ein langlebiges und vielseitiges Baumaterial, das au\u00dfergew\u00f6hnliche W\u00e4rme- und Schalld\u00e4mmeigenschaften bietet. Hergestellt aus einer Kombination hochwertiger Steinwolle und zwei Schichten aus Stahl- oder Aluminiumblechen, bietet diese Platte hervorragenden Brandschutz und ist somit ideal f\u00fcr eine Vielzahl von Anwendungen.<\/p><h2>Merkmale und Vorteile<\/h2><ol><li>W\u00e4rmed\u00e4mmung: Der Steinwollkern der Platte verf\u00fcgt \u00fcber ausgezeichnete W\u00e4rmed\u00e4mmeigenschaften, hilft, eine angenehme Innentemperatur zu erhalten, und reduziert den Energieverbrauch.<\/li><li>Schalld\u00e4mmung: Die dichte Struktur des Steinwollmaterials absorbiert Schallwellen effektiv, reduziert die Ger\u00e4usch\u00fcbertragung und schafft eine ruhigere Umgebung.<\/li><li>Brandschutz: Der Steinwollkern ist nicht brennbar und kann hohen Temperaturen standhalten, was einen wertvollen Brandschutz f\u00fcr Geb\u00e4ude bietet.<\/li><li>Langlebigkeit: Die \u00e4u\u00dferen Schichten aus Stahl oder Aluminium sind korrosionsbest\u00e4ndig und k\u00f6nnen widrigen Wetterbedingungen standhalten, was eine langanhaltende Leistung gew\u00e4hrleistet.<\/li><li>Einfache Installation: Das leichte und modulare Design der Steinwolle-Sandwichplatte erm\u00f6glicht eine schnelle und einfache Montage, spart Zeit und Arbeitskosten.<\/li><\/ol><h2>Anwendungen<\/h2><p>Unsere Steinwolle-Sandwichplatte ist geeignet f\u00fcr verschiedene Anwendungen, einschlie\u00dflich:<\/p><ul><li>Industrielle Geb\u00e4ude<\/li><li>Gewerbebauten<\/li><li>K\u00fchlh\u00e4user<\/li><li>Lagerh\u00e4user<\/li><li>Landwirtschaftliche Geb\u00e4ude<\/li><li>Wohngeb\u00e4ude<\/li><li>Schalldichte R\u00e4ume<\/li><\/ul><p>Mit ihren au\u00dfergew\u00f6hnlichen D\u00e4mmungseigenschaften, Brandschutz und Langlebigkeit ist die Steinwolle-Sandwichplatte eine ausgezeichnete Wahl f\u00fcr jedes Bauprojekt. Kontaktieren Sie uns noch heute, um mehr dar\u00fcber zu erfahren, wie unsere Platte Ihre spezifischen Bed\u00fcrfnisse erf\u00fcllen kann.<\/p>\t\t\t\t\t\t\t\t<\/div>\n\t\t\t\t<\/div>\n\t\t\t\t\t<\/div>\n\t\t\t\t<\/div>\n\t\t<div class=\"elementor-element elementor-element-e7ef516 e-con-full e-flex e-con e-parent\" data-id=\"e7ef516\" data-element_type=\"container\" data-e-type=\"container\">\n\t\t\t\t<div class=\"elementor-element elementor-element-83b69e1 elementor-widget elementor-widget-heading\" data-id=\"83b69e1\" data-element_type=\"widget\" data-e-type=\"widget\" data-widget_type=\"heading.default\">\n\t\t\t\t<div class=\"elementor-widget-container\">\n\t\t\t\t\t<h2 class=\"elementor-heading-title elementor-size-default\">Eine Brandschutzklasse A Steinwolle-Sandwichplatte f\u00fcr Metallwandbekleidungssystem<\/h2>\t\t\t\t<\/div>\n\t\t\t\t<\/div>\n\t\t\t\t<div class=\"elementor-element elementor-element-f2aa141 elementor-widget elementor-widget-image\" data-id=\"f2aa141\" data-element_type=\"widget\" data-e-type=\"widget\" data-widget_type=\"image.default\">\n\t\t\t\t<div class=\"elementor-widget-container\">\n\t\t\t\t\t\t\t\t\t\t\t\t\t\t\t<img fetchpriority=\"high\" decoding=\"async\" width=\"1060\" height=\"565\" src=\"https:\/\/shanghepanel.com\/wp-content\/uploads\/2024\/05\/RW-st-30.jpg\" class=\"attachment-full size-full wp-image-992\" alt=\"\" srcset=\"https:\/\/shanghepanel.com\/wp-content\/uploads\/2024\/05\/RW-st-30.jpg 1060w, https:\/\/shanghepanel.com\/wp-content\/uploads\/2024\/05\/RW-st-30-300x160.jpg 300w, https:\/\/shanghepanel.com\/wp-content\/uploads\/2024\/05\/RW-st-30-1024x546.jpg 1024w, https:\/\/shanghepanel.com\/wp-content\/uploads\/2024\/05\/RW-st-30-768x409.jpg 768w, https:\/\/shanghepanel.com\/wp-content\/uploads\/2024\/05\/RW-st-30-600x320.jpg 600w\" sizes=\"(max-width: 1060px) 100vw, 1060px\" \/>\t\t\t\t\t\t\t\t\t\t\t\t\t\t\t<\/div>\n\t\t\t\t<\/div>\n\t\t\t\t<div class=\"elementor-element elementor-element-9596700 elementor-tabs-view-horizontal elementor-widget elementor-widget-tabs\" data-id=\"9596700\" data-element_type=\"widget\" data-e-type=\"widget\" data-widget_type=\"tabs.default\">\n\t\t\t\t<div class=\"elementor-widget-container\">\n\t\t\t\t\t\t\t<div class=\"elementor-tabs\">\n\t\t\t<div class=\"elementor-tabs-wrapper\" role=\"tablist\" >\n\t\t\t\t\t\t\t\t\t<div id=\"elementor-tab-title-1561\" class=\"elementor-tab-title elementor-tab-desktop-title\" aria-selected=\"true\" data-tab=\"1\" role=\"tab\" tabindex=\"0\" aria-controls=\"elementor-tab-content-1561\" aria-expanded=\"false\">Produktspezifikationen<\/div>\n\t\t\t\t\t\t\t\t\t<div id=\"elementor-tab-title-1562\" class=\"elementor-tab-title elementor-tab-desktop-title\" aria-selected=\"false\" data-tab=\"2\" role=\"tab\" tabindex=\"-1\" aria-controls=\"elementor-tab-content-1562\" aria-expanded=\"false\">Leistungsbeschreibung<\/div>\n\t\t\t\t\t\t\t\t\t<div id=\"elementor-tab-title-1563\" class=\"elementor-tab-title elementor-tab-desktop-title\" aria-selected=\"false\" data-tab=\"3\" role=\"tab\" tabindex=\"-1\" aria-controls=\"elementor-tab-content-1563\" aria-expanded=\"false\">Transaktionsinformationen<\/div>\n\t\t\t\t\t\t\t<\/div>\n\t\t\t<div class=\"elementor-tabs-content-wrapper\" role=\"tablist\" aria-orientation=\"vertical\">\n\t\t\t\t\t\t\t\t\t<div class=\"elementor-tab-title elementor-tab-mobile-title\" aria-selected=\"true\" data-tab=\"1\" role=\"tab\" tabindex=\"0\" aria-controls=\"elementor-tab-content-1561\" aria-expanded=\"false\">Produktspezifikationen<\/div>\n\t\t\t\t\t<div id=\"elementor-tab-content-1561\" class=\"elementor-tab-content elementor-clearfix\" data-tab=\"1\" role=\"tabpanel\" aria-labelledby=\"elementor-tab-title-1561\" tabindex=\"0\" hidden=\"false\"><table border=\"1\"><tbody><tr><td><p>Marke der Stahlplatten<\/p><\/td><td><p>Bao Stahl, Yieh Phui Stahl, Ma Stahl, BHP Stahl.<\/p><\/td><\/tr><tr><td><p>Anstrich von Stahlplatten<\/p><\/td><td><p>PVDF, SMP, HDP, PE; Der Oberfl\u00e4chenanstrich sollte \u00fcber 25\u03bcm liegen.<\/p><\/td><\/tr><tr><td><p>Verzinkerschicht\u00a0von Stahlplatten<\/p><\/td><td><p>Au\u00dfenplatte: 55% Aluzink \u00fcber 100g\/m\u00b3 oder Zinkbeschichtung \u00fcber 150g\/m\u00b3; Innere Platte: 55% Aluzink \u00fcber 70g\/m\u00b3 oder Zinkbeschichtung \u00fcber 100g\/m\u00b3.<\/p><\/td><\/tr><tr><td><p>Dicke der Stahlplatten<\/p><\/td><td><p>0,14mm-0,6mm.<\/p><\/td><\/tr><tr><td><p>Dicke des Kerns<\/p><\/td><td><p>50mm\/75mm\/100mm\/120mm\/150mm.<\/p><\/td><\/tr><tr><td><p>Dichte des Kerns<\/p><\/td><td><p>90\/100\/120kg\/m\u00b3<\/p><\/td><\/tr><tr><td><p>Effektive Breite<\/p><\/td><td><p>950\/1150mm<\/p><\/td><\/tr><tr><td><p>Paneell\u00e4nge<\/p><\/td><td><p>Nach Kundenwunsch<\/p><\/td><\/tr><\/tbody><\/table><\/div>\n\t\t\t\t\t\t\t\t\t<div class=\"elementor-tab-title elementor-tab-mobile-title\" aria-selected=\"false\" data-tab=\"2\" role=\"tab\" tabindex=\"-1\" aria-controls=\"elementor-tab-content-1562\" aria-expanded=\"false\">Leistungsbeschreibung<\/div>\n\t\t\t\t\t<div id=\"elementor-tab-content-1562\" class=\"elementor-tab-content elementor-clearfix\" data-tab=\"2\" role=\"tabpanel\" aria-labelledby=\"elementor-tab-title-1562\" tabindex=\"0\" hidden=\"hidden\"><ol><li><strong><span style=\"color: #142d7d;\">Brandschutz<\/span><\/strong>: Hochwertiger, wasserdichter Steinwolle und Brandwiderstand der Klasse A.<\/li><li><strong><span style=\"color: #142d7d;\">W\u00e4rmed\u00e4mmung<\/span><\/strong>: Der niedrige W\u00e4rmeleitf\u00e4higkeitskoeffizient und das ausgezeichnete Knoten-Design garantieren die Dichtheit und die W\u00e4rmed\u00e4mmeffektivit\u00e4t.<\/li><li><strong><span style=\"color: #142d7d;\">Schalld\u00e4mmung<\/span><\/strong>: Die Schalld\u00e4mmung ist gut. Der Schallabsorptionsfaktor betr\u00e4gt mindestens 30dB. Es kann effektiv die St\u00f6rung durch Au\u00dfenger\u00e4usche reduzieren.<\/li><li><strong><span style=\"color: #142d7d;\">Fest<\/span><\/strong>: Das Paneel hat hohe Festigkeit, ein einzigartiges Doppelst\u00fctz-Stecksystem und eine starke Winddruckbest\u00e4ndigkeit. Es besitzt eine hohe Tragf\u00e4higkeit, um Druck und Belastung standzuhalten, und kann als Au\u00dfenverkleidung und Tragkonstruktion verwendet werden.<\/li><li><strong><span style=\"color: #142d7d;\">Sch\u00f6nes Design<\/span><\/strong>: Hell in der Farbe und attraktiv im Erscheinungsbild, es ist nicht notwendig, die \u00e4u\u00dfere Verzierung zu machen. Das Panel verwendet ein verstecktes Schrauben-Knoten-Design und hat vielf\u00e4ltige Panel-Effekte.<\/li><li><strong><span style=\"color: #142d7d;\">Bequeme Installation<\/span><\/strong>: Einfach, flexibel und schnell. Im Vergleich zum Bauwesen kann die Bauzeit um \u00fcber 40% verk\u00fcrzt werden.<\/li><\/ol><\/div>\n\t\t\t\t\t\t\t\t\t<div class=\"elementor-tab-title elementor-tab-mobile-title\" aria-selected=\"false\" data-tab=\"3\" role=\"tab\" tabindex=\"-1\" aria-controls=\"elementor-tab-content-1563\" aria-expanded=\"false\">Transaktionsinformationen<\/div>\n\t\t\t\t\t<div id=\"elementor-tab-content-1563\" class=\"elementor-tab-content elementor-clearfix\" data-tab=\"3\" role=\"tabpanel\" aria-labelledby=\"elementor-tab-title-1563\" tabindex=\"0\" hidden=\"hidden\"><ul><li><p><span style=\"color: #142d7d;\">Zahlung <\/span>: <span style=\"color: #737373; font-size: 1rem;\">TT\/LC<\/span><\/p><\/li><li><p><span style=\"color: #142d7d;\">Produktursprung <\/span>: <span style=\"color: #737373; font-size: 1rem;\">Shandong Province, China<\/span><\/p><\/li><li><p><span style=\"color: #142d7d;\">Farbe <\/span>: <span style=\"color: #737373; font-size: 1rem;\">Anpassung nach Ihren W\u00fcnschen<\/span><\/p><\/li><li><p><span style=\"color: #142d7d;\">Mindestbestellmenge <\/span>: <span style=\"color: #737373; font-size: 1rem;\">\u00a01000 Quadratmeter<\/span><\/p><\/li><li><p><span style=\"color: #142d7d;\">Versandhafen <\/span>: <span style=\"color: #737373; font-size: 1rem;\">Qingdao Hafen, China<\/span><\/p><\/li><li><p><span style=\"color: #142d7d;\">Lieferzeit <\/span>\uff1a <span style=\"color: #737373; font-size: 1rem;\">20-30 Tage nach Erhalt Ihrer Anzahlung<\/span><\/p><\/li><\/ul><\/div>\n\t\t\t\t\t\t\t<\/div>\n\t\t<\/div>\n\t\t\t\t\t\t<\/div>\n\t\t\t\t<\/div>\n\t\t\t\t<div class=\"elementor-element elementor-element-9ea5780 elementor-widget elementor-widget-elementskit-faq\" data-id=\"9ea5780\" data-element_type=\"widget\" data-e-type=\"widget\" data-widget_type=\"elementskit-faq.default\">\n\t\t\t\t<div class=\"elementor-widget-container\">\n\t\t\t\t\t<div class=\"ekit-wid-con\" >\n                <div class=\"elementskit-single-faq elementor-repeater-item-f583996\">\n            <div class=\"elementskit-faq-header\">\n                <h2 class=\"elementskit-faq-title\">Wie lange h\u00e4lt es drau\u00dfen ohne Verblassen?<\/h2>\n            <\/div>\n            <div class=\"elementskit-faq-body\">\n                Die \u00e4u\u00dfere Metallschicht kann 45 Jahre lang nicht rosten, und die Lackfarbe kann 15 Jahre lang nicht verblassen.            <\/div>\n        <\/div>\n                <div class=\"elementskit-single-faq elementor-repeater-item-faa9272\">\n            <div class=\"elementskit-faq-header\">\n                <h2 class=\"elementskit-faq-title\">Gibt es Schalld\u00e4mmwirkung?<\/h2>\n            <\/div>\n            <div class=\"elementskit-faq-body\">\n                Das Kernmaterial in der Mitte ist eine W\u00e4rme- und Schalld\u00e4mmungsschicht, bestehend aus hochdichtem Material, und seine Innenseite ist eine eigenst\u00e4ndige geschlossene Zellenstruktur, die eine gute Schalld\u00e4mmung aufweist.            <\/div>\n        <\/div>\n                <div class=\"elementskit-single-faq elementor-repeater-item-f1cd0bf\">\n            <div class=\"elementskit-faq-header\">\n                <h2 class=\"elementskit-faq-title\">Kann ich Muster zur Inspektion erhalten?<\/h2>\n            <\/div>\n            <div class=\"elementskit-faq-body\">\n                Wir stellen Ihnen vor der Auftragsbest\u00e4tigung kostenlose Muster zur Verf\u00fcgung.            <\/div>\n        <\/div>\n                \n    <\/div>\t\t\t\t<\/div>\n\t\t\t\t<\/div>\n\t\t\t\t<\/div>\n\t\t\t\t<\/div>","protected":false},"excerpt":{"rendered":"<p>Um die h\u00f6heren Brandschutznormen von Geb\u00e4uden zu erf\u00fcllen, hat Shanghe die hochwertige <strong>Steinwolle-Sandwich-Verbundplatte<\/strong>eingef\u00fchrt. Das Produkt verwendet hochwertige, wasserfeste Steinwolle als Kernmaterial. Durch die superlange, pr\u00e4zise Doppelspur-H\u00e4rtung ist das Produkt in Bezug auf Brandschutz, W\u00e4rmed\u00e4mmung, Schalld\u00e4mmung und Umweltschutz ausgezeichnet.11122<\/p>","protected":false},"featured_media":961,"comment_status":"open","ping_status":"closed","template":"","meta":[],"product_brand":[],"product_cat":[27],"product_tag":[30,28,29],"class_list":{"0":"post-960","1":"product","2":"type-product","3":"status-publish","4":"has-post-thumbnail","6":"product_cat-rockwool","7":"product_tag-insulation-board","8":"product_tag-rock-wool","9":"product_tag-wall-board","11":"first","12":"instock","13":"shipping-taxable","14":"product-type-grouped"},"yoast_head":"<!-- This site is optimized with the Yoast SEO plugin v24.2 - https:\/\/yoast.com\/wordpress\/plugins\/seo\/ -->\n<title>Rockwool Sandwich Wall Panels - Shang He Sandwich Panel Rock Wool Sandwich Panel<\/title>\n<meta name=\"description\" content=\"Rock Wool Sandwich Wall Panel offer superior thermal insulation, fire resistance, and sound absorption, making them ideal for various building applications.\" \/>\n<meta name=\"robots\" content=\"index, follow, max-snippet:-1, max-image-preview:large, max-video-preview:-1\" \/>\n<link rel=\"canonical\" href=\"https:\/\/shanghepanel.com\/de\/product\/fireproof-rock-wool-sandwich-panel\/\" \/>\n<meta property=\"og:locale\" content=\"de_DE\" \/>\n<meta property=\"og:type\" content=\"article\" \/>\n<meta property=\"og:title\" content=\"Rockwool Sandwich Wall Panels - Shang He Sandwich Panel Rock Wool Sandwich Panel\" \/>\n<meta property=\"og:description\" content=\"Rock Wool Sandwich Wall Panel offer superior thermal insulation, fire resistance, and sound absorption, making them ideal for various building applications.\" \/>\n<meta property=\"og:url\" content=\"https:\/\/shanghepanel.com\/de\/product\/fireproof-rock-wool-sandwich-panel\/\" \/>\n<meta property=\"og:site_name\" content=\"Shang He Sandwich Panel\" \/>\n<meta property=\"article:modified_time\" content=\"2025-06-05T06:10:26+00:00\" \/>\n<meta property=\"og:image\" content=\"https:\/\/shanghepanel.com\/wp-content\/uploads\/2024\/05\/RW-bd-24.jpg\" \/>\n\t<meta property=\"og:image:width\" content=\"800\" \/>\n\t<meta property=\"og:image:height\" content=\"800\" \/>\n\t<meta property=\"og:image:type\" content=\"image\/jpeg\" \/>\n<meta name=\"twitter:card\" content=\"summary_large_image\" \/>\n<meta name=\"twitter:label1\" content=\"Gesch\u00e4tzte Lesezeit\" \/>\n\t<meta name=\"twitter:data1\" content=\"4\u00a0Minuten\" \/>\n<script type=\"application\/ld+json\" class=\"yoast-schema-graph\">{\"@context\":\"https:\/\/schema.org\",\"@graph\":[{\"@type\":\"WebPage\",\"@id\":\"https:\/\/shanghepanel.com\/product\/fireproof-rock-wool-sandwich-panel\/\",\"url\":\"https:\/\/shanghepanel.com\/product\/fireproof-rock-wool-sandwich-panel\/\",\"name\":\"Rockwool Sandwich Wall Panels - Shang He Sandwich Panel Rock Wool Sandwich Panel\",\"isPartOf\":{\"@id\":\"https:\/\/shanghepanel.com\/#website\"},\"primaryImageOfPage\":{\"@id\":\"https:\/\/shanghepanel.com\/product\/fireproof-rock-wool-sandwich-panel\/#primaryimage\"},\"image\":{\"@id\":\"https:\/\/shanghepanel.com\/product\/fireproof-rock-wool-sandwich-panel\/#primaryimage\"},\"thumbnailUrl\":\"https:\/\/shanghepanel.com\/wp-content\/uploads\/2024\/05\/RW-bd-24.jpg\",\"datePublished\":\"2024-05-14T07:48:39+00:00\",\"dateModified\":\"2025-06-05T06:10:26+00:00\",\"description\":\"Rock Wool Sandwich Wall Panel offer superior thermal insulation, fire resistance, and sound absorption, making them ideal for various building applications.\",\"breadcrumb\":{\"@id\":\"https:\/\/shanghepanel.com\/product\/fireproof-rock-wool-sandwich-panel\/#breadcrumb\"},\"inLanguage\":\"de\",\"potentialAction\":[{\"@type\":\"ReadAction\",\"target\":[\"https:\/\/shanghepanel.com\/product\/fireproof-rock-wool-sandwich-panel\/\"]}]},{\"@type\":\"ImageObject\",\"inLanguage\":\"de\",\"@id\":\"https:\/\/shanghepanel.com\/product\/fireproof-rock-wool-sandwich-panel\/#primaryimage\",\"url\":\"https:\/\/shanghepanel.com\/wp-content\/uploads\/2024\/05\/RW-bd-24.jpg\",\"contentUrl\":\"https:\/\/shanghepanel.com\/wp-content\/uploads\/2024\/05\/RW-bd-24.jpg\",\"width\":800,\"height\":800},{\"@type\":\"BreadcrumbList\",\"@id\":\"https:\/\/shanghepanel.com\/product\/fireproof-rock-wool-sandwich-panel\/#breadcrumb\",\"itemListElement\":[{\"@type\":\"ListItem\",\"position\":1,\"name\":\"\u9996\u9875\",\"item\":\"https:\/\/shanghepanel.com\/en\/\"},{\"@type\":\"ListItem\",\"position\":2,\"name\":\"\u4ea7\u54c1\",\"item\":\"https:\/\/shanghepanel.com\/index.php\/shop\/\"},{\"@type\":\"ListItem\",\"position\":3,\"name\":\"Rockwool Sandwich Wall Panels\"}]},{\"@type\":\"WebSite\",\"@id\":\"https:\/\/shanghepanel.com\/#website\",\"url\":\"https:\/\/shanghepanel.com\/\",\"name\":\"shanghepanel.com\",\"description\":\"\",\"publisher\":{\"@id\":\"https:\/\/shanghepanel.com\/#organization\"},\"potentialAction\":[{\"@type\":\"SearchAction\",\"target\":{\"@type\":\"EntryPoint\",\"urlTemplate\":\"https:\/\/shanghepanel.com\/?s={search_term_string}\"},\"query-input\":{\"@type\":\"PropertyValueSpecification\",\"valueRequired\":true,\"valueName\":\"search_term_string\"}}],\"inLanguage\":\"de\"},{\"@type\":\"Organization\",\"@id\":\"https:\/\/shanghepanel.com\/#organization\",\"name\":\"Shandong ShangHe New Construction Engineering Co., ltd.\",\"url\":\"https:\/\/shanghepanel.com\/\",\"logo\":{\"@type\":\"ImageObject\",\"inLanguage\":\"de\",\"@id\":\"https:\/\/shanghepanel.com\/#\/schema\/logo\/image\/\",\"url\":\"https:\/\/shanghepanel.com\/wp-content\/uploads\/2024\/03\/logo-1.png\",\"contentUrl\":\"https:\/\/shanghepanel.com\/wp-content\/uploads\/2024\/03\/logo-1.png\",\"width\":800,\"height\":800,\"caption\":\"Shandong ShangHe New Construction Engineering Co., ltd.\"},\"image\":{\"@id\":\"https:\/\/shanghepanel.com\/#\/schema\/logo\/image\/\"}}]}<\/script>\n<!-- \/ Yoast SEO plugin. -->","yoast_head_json":{"title":"Rockwool Sandwich-Wandpaneele - Shang He Sandwich-Panel Steinwolle Sandwich-Panel","description":"Steinwolle-Sandwich-Wandpaneele bieten hervorragende W\u00e4rmed\u00e4mmung, Feuerbest\u00e4ndigkeit und Schalld\u00e4mmung, was sie ideal f\u00fcr verschiedene Bauanwendungen macht.","robots":{"index":"index","follow":"follow","max-snippet":"max-snippet:-1","max-image-preview":"max-image-preview:large","max-video-preview":"max-video-preview:-1"},"canonical":"https:\/\/shanghepanel.com\/de\/product\/fireproof-rock-wool-sandwich-panel\/","og_locale":"de_DE","og_type":"article","og_title":"Rockwool Sandwich Wall Panels - Shang He Sandwich Panel Rock Wool Sandwich Panel","og_description":"Rock Wool Sandwich Wall Panel offer superior thermal insulation, fire resistance, and sound absorption, making them ideal for various building applications.","og_url":"https:\/\/shanghepanel.com\/de\/product\/fireproof-rock-wool-sandwich-panel\/","og_site_name":"Shang He Sandwich Panel","article_modified_time":"2025-06-05T06:10:26+00:00","og_image":[{"width":800,"height":800,"url":"https:\/\/shanghepanel.com\/wp-content\/uploads\/2024\/05\/RW-bd-24.jpg","type":"image\/jpeg"}],"twitter_card":"summary_large_image","twitter_misc":{"Gesch\u00e4tzte Lesezeit":"4\u00a0Minuten"},"schema":{"@context":"https:\/\/schema.org","@graph":[{"@type":"WebPage","@id":"https:\/\/shanghepanel.com\/product\/fireproof-rock-wool-sandwich-panel\/","url":"https:\/\/shanghepanel.com\/product\/fireproof-rock-wool-sandwich-panel\/","name":"Rockwool Sandwich-Wandpaneele - Shang He Sandwich-Panel Steinwolle Sandwich-Panel","isPartOf":{"@id":"https:\/\/shanghepanel.com\/#website"},"primaryImageOfPage":{"@id":"https:\/\/shanghepanel.com\/product\/fireproof-rock-wool-sandwich-panel\/#primaryimage"},"image":{"@id":"https:\/\/shanghepanel.com\/product\/fireproof-rock-wool-sandwich-panel\/#primaryimage"},"thumbnailUrl":"https:\/\/shanghepanel.com\/wp-content\/uploads\/2024\/05\/RW-bd-24.jpg","datePublished":"2024-05-14T07:48:39+00:00","dateModified":"2025-06-05T06:10:26+00:00","description":"Steinwolle-Sandwich-Wandpaneele bieten hervorragende W\u00e4rmed\u00e4mmung, Feuerbest\u00e4ndigkeit und Schalld\u00e4mmung, was sie ideal f\u00fcr verschiedene Bauanwendungen macht.","breadcrumb":{"@id":"https:\/\/shanghepanel.com\/product\/fireproof-rock-wool-sandwich-panel\/#breadcrumb"},"inLanguage":"de","potentialAction":[{"@type":"ReadAction","target":["https:\/\/shanghepanel.com\/product\/fireproof-rock-wool-sandwich-panel\/"]}]},{"@type":"ImageObject","inLanguage":"de","@id":"https:\/\/shanghepanel.com\/product\/fireproof-rock-wool-sandwich-panel\/#primaryimage","url":"https:\/\/shanghepanel.com\/wp-content\/uploads\/2024\/05\/RW-bd-24.jpg","contentUrl":"https:\/\/shanghepanel.com\/wp-content\/uploads\/2024\/05\/RW-bd-24.jpg","width":800,"height":800},{"@type":"BreadcrumbList","@id":"https:\/\/shanghepanel.com\/product\/fireproof-rock-wool-sandwich-panel\/#breadcrumb","itemListElement":[{"@type":"ListItem","position":1,"name":"\u9996\u9875","item":"https:\/\/shanghepanel.com\/en\/"},{"@type":"ListItem","position":2,"name":"\u4ea7\u54c1","item":"https:\/\/shanghepanel.com\/index.php\/shop\/"},{"@type":"ListItem","position":3,"name":"Rockwool Sandwich Wall Panels"}]},{"@type":"WebSite","@id":"https:\/\/shanghepanel.com\/#website","url":"https:\/\/shanghepanel.com\/","name":"shanghepanel.com","description":"","publisher":{"@id":"https:\/\/shanghepanel.com\/#organization"},"potentialAction":[{"@type":"SearchAction","target":{"@type":"EntryPoint","urlTemplate":"https:\/\/shanghepanel.com\/?s={search_term_string}"},"query-input":{"@type":"PropertyValueSpecification","valueRequired":true,"valueName":"search_term_string"}}],"inLanguage":"de"},{"@type":"Organization","@id":"https:\/\/shanghepanel.com\/#organization","name":"Shandong ShangHe Neubauingenieurgesellschaft mbH","url":"https:\/\/shanghepanel.com\/","logo":{"@type":"ImageObject","inLanguage":"de","@id":"https:\/\/shanghepanel.com\/#\/schema\/logo\/image\/","url":"https:\/\/shanghepanel.com\/wp-content\/uploads\/2024\/03\/logo-1.png","contentUrl":"https:\/\/shanghepanel.com\/wp-content\/uploads\/2024\/03\/logo-1.png","width":800,"height":800,"caption":"Shandong ShangHe New Construction Engineering Co., ltd."},"image":{"@id":"https:\/\/shanghepanel.com\/#\/schema\/logo\/image\/"}}]}},"_links":{"self":[{"href":"https:\/\/shanghepanel.com\/de\/wp-json\/wp\/v2\/product\/960","targetHints":{"allow":["GET"]}}],"collection":[{"href":"https:\/\/shanghepanel.com\/de\/wp-json\/wp\/v2\/product"}],"about":[{"href":"https:\/\/shanghepanel.com\/de\/wp-json\/wp\/v2\/types\/product"}],"replies":[{"embeddable":true,"href":"https:\/\/shanghepanel.com\/de\/wp-json\/wp\/v2\/comments?post=960"}],"version-history":[{"count":0,"href":"https:\/\/shanghepanel.com\/de\/wp-json\/wp\/v2\/product\/960\/revisions"}],"wp:featuredmedia":[{"embeddable":true,"href":"https:\/\/shanghepanel.com\/de\/wp-json\/wp\/v2\/media\/961"}],"wp:attachment":[{"href":"https:\/\/shanghepanel.com\/de\/wp-json\/wp\/v2\/media?parent=960"}],"wp:term":[{"taxonomy":"product_brand","embeddable":true,"href":"https:\/\/shanghepanel.com\/de\/wp-json\/wp\/v2\/product_brand?post=960"},{"taxonomy":"product_cat","embeddable":true,"href":"https:\/\/shanghepanel.com\/de\/wp-json\/wp\/v2\/product_cat?post=960"},{"taxonomy":"product_tag","embeddable":true,"href":"https:\/\/shanghepanel.com\/de\/wp-json\/wp\/v2\/product_tag?post=960"}],"curies":[{"name":"wp","href":"https:\/\/api.w.org\/{rel}","templated":true}]}}