{"id":1751,"date":"2024-06-11T20:26:50","date_gmt":"2024-06-11T12:26:50","guid":{"rendered":"https:\/\/shanghepanel.com\/?post_type=product&#038;p=1751"},"modified":"2025-06-05T14:09:58","modified_gmt":"2025-06-05T06:09:58","slug":"fireproof-pu-foam-sandwich-panel-exterior-wall-metal-carved-board","status":"publish","type":"product","link":"https:\/\/shanghepanel.com\/es\/product\/fireproof-pu-foam-sandwich-panel-exterior-wall-metal-carved-board\/","title":{"rendered":"Tablero tallado de metal con veta de madera"},"content":{"rendered":"<div data-elementor-type=\"product-post\" data-elementor-id=\"1751\" class=\"elementor elementor-1751\" data-elementor-post-type=\"product\">\n\t\t\t\t<div class=\"elementor-element elementor-element-99d86df e-con-full e-flex e-con e-parent\" data-id=\"99d86df\" data-element_type=\"container\">\n\t\t\t\t<div class=\"elementor-element elementor-element-b591a4d elementor-widget elementor-widget-text-editor\" data-id=\"b591a4d\" data-element_type=\"widget\" data-widget_type=\"text-editor.default\">\n\t\t\t\t<div class=\"elementor-widget-container\">\n\t\t\t\t\t\t\t\t\t<div class=\"lake-content\"><span class=\"ne-text\">La superficie del tablero de escultura de metal est\u00e1 compuesta por una capa de chapa de acero aluminizado con zinc, en el medio una capa de aislamiento de poliuretano de alta densidad, y en la parte inferior papel de aluminio impermeable y resistente a la humedad, una estructura especial hace que el tablero de escultura de metal tenga aislamiento t\u00e9rmico, resistencia al fuego y a la humedad, instalaci\u00f3n sencilla, larga vida \u00fatil, m\u00e1s de cien tipos de relieves y colores con m\u00e1s de cien combinaciones, efecto decorativo lujoso y hermoso, que hace que el edificio destaque por su clase y gusto, f\u00e1cil y flexible de desmontar e instalar, permitiendo que el dise\u00f1o de la pared sea un cambio sencillo, muy adecuado para materiales decorativos de aislamiento exterior.<\/span><\/div>\t\t\t\t\t\t\t\t<\/div>\n\t\t\t\t<\/div>\n\t\t\t\t<div class=\"elementor-element elementor-element-52f37b3 elementor-headline--style-highlight elementor-widget elementor-widget-animated-headline\" data-id=\"52f37b3\" data-element_type=\"widget\" data-settings=\"{&quot;marker&quot;:&quot;underline_zigzag&quot;,&quot;highlighted_text&quot;:&quot;PU Foam Sandwich Panel&quot;,&quot;headline_style&quot;:&quot;highlight&quot;,&quot;loop&quot;:&quot;yes&quot;,&quot;highlight_animation_duration&quot;:1200,&quot;highlight_iteration_delay&quot;:8000}\" data-widget_type=\"animated-headline.default\">\n\t\t\t\t<div class=\"elementor-widget-container\">\n\t\t\t\t\t\t\t<div class=\"elementor-headline\">\n\t\t\t\t\t<span class=\"elementor-headline-plain-text elementor-headline-text-wrapper\">Resistente al fuego<\/span>\n\t\t\t\t<span class=\"elementor-headline-dynamic-wrapper elementor-headline-text-wrapper\">\n\t\t\t\t\t<span class=\"elementor-headline-dynamic-text elementor-headline-text-active\">Panel s\u00e1ndwich de espuma de poliuretano<\/span>\n\t\t\t\t<\/span>\n\t\t\t\t\t<span class=\"elementor-headline-plain-text elementor-headline-text-wrapper\">Panel compuesto de revestimiento met\u00e1lico para paredes exteriores, paneles s\u00e1ndwich<\/span>\n\t\t\t\t\t<\/div>\n\t\t\t\t\t\t<\/div>\n\t\t\t\t<\/div>\n\t\t\t\t<div class=\"elementor-element elementor-element-ca5d912 elementor-widget elementor-widget-image\" data-id=\"ca5d912\" data-element_type=\"widget\" data-widget_type=\"image.default\">\n\t\t\t\t<div class=\"elementor-widget-container\">\n\t\t\t\t\t\t\t\t\t\t\t\t\t\t\t<img fetchpriority=\"high\" decoding=\"async\" width=\"800\" height=\"664\" src=\"https:\/\/shanghepanel.com\/wp-content\/uploads\/2024\/06\/B_05-1024x850.jpg\" class=\"attachment-large size-large wp-image-1766\" alt=\"\" srcset=\"https:\/\/shanghepanel.com\/wp-content\/uploads\/2024\/06\/B_05-1024x850.jpg 1024w, https:\/\/shanghepanel.com\/wp-content\/uploads\/2024\/06\/B_05-300x249.jpg 300w, https:\/\/shanghepanel.com\/wp-content\/uploads\/2024\/06\/B_05-768x638.jpg 768w, https:\/\/shanghepanel.com\/wp-content\/uploads\/2024\/06\/B_05-600x498.jpg 600w, https:\/\/shanghepanel.com\/wp-content\/uploads\/2024\/06\/B_05.jpg 1060w\" sizes=\"(max-width: 800px) 100vw, 800px\" \/>\t\t\t\t\t\t\t\t\t\t\t\t\t\t\t<\/div>\n\t\t\t\t<\/div>\n\t\t\t\t<\/div>\n\t\t<div class=\"elementor-element elementor-element-a3000ed e-flex e-con-boxed e-con e-parent\" data-id=\"a3000ed\" data-element_type=\"container\">\n\t\t\t\t\t<div class=\"e-con-inner\">\n\t\t\t\t<div class=\"elementor-element elementor-element-361b511 elementor-tabs-view-horizontal elementor-widget elementor-widget-tabs\" data-id=\"361b511\" data-element_type=\"widget\" data-widget_type=\"tabs.default\">\n\t\t\t\t<div class=\"elementor-widget-container\">\n\t\t\t\t\t\t\t<div class=\"elementor-tabs\">\n\t\t\t<div class=\"elementor-tabs-wrapper\" role=\"tablist\" >\n\t\t\t\t\t\t\t\t\t<div id=\"elementor-tab-title-5671\" class=\"elementor-tab-title elementor-tab-desktop-title\" aria-selected=\"true\" data-tab=\"1\" role=\"tab\" tabindex=\"0\" aria-controls=\"elementor-tab-content-5671\" aria-expanded=\"false\">Par\u00e1metros del Producto<\/div>\n\t\t\t\t\t\t\t\t\t<div id=\"elementor-tab-title-5672\" class=\"elementor-tab-title elementor-tab-desktop-title\" aria-selected=\"false\" data-tab=\"2\" role=\"tab\" tabindex=\"-1\" aria-controls=\"elementor-tab-content-5672\" aria-expanded=\"false\">Caracter\u00edsticas del producto<\/div>\n\t\t\t\t\t\t\t\t\t<div id=\"elementor-tab-title-5673\" class=\"elementor-tab-title elementor-tab-desktop-title\" aria-selected=\"false\" data-tab=\"3\" role=\"tab\" tabindex=\"-1\" aria-controls=\"elementor-tab-content-5673\" aria-expanded=\"false\">Informaci\u00f3n de la transacci\u00f3n<\/div>\n\t\t\t\t\t\t\t<\/div>\n\t\t\t<div class=\"elementor-tabs-content-wrapper\" role=\"tablist\" aria-orientation=\"vertical\">\n\t\t\t\t\t\t\t\t\t<div class=\"elementor-tab-title elementor-tab-mobile-title\" aria-selected=\"true\" data-tab=\"1\" role=\"tab\" tabindex=\"0\" aria-controls=\"elementor-tab-content-5671\" aria-expanded=\"false\">Par\u00e1metros del Producto<\/div>\n\t\t\t\t\t<div id=\"elementor-tab-content-5671\" class=\"elementor-tab-content elementor-clearfix\" data-tab=\"1\" role=\"tabpanel\" aria-labelledby=\"elementor-tab-title-5671\" tabindex=\"0\" hidden=\"false\"><table class=\"has-title hight-light-first-column all magic-10\"><tbody><tr><td colspan=\"1\" rowspan=\"1\"><div class=\"magic-11\" data-spm-anchor-id=\"a2700.details.0.i95.2a101888jG48cr\">Nombre del Producto<\/div><\/td><td colspan=\"1\" rowspan=\"1\"><div class=\"magic-12\">Panel s\u00e1ndwich de poliuretano con aislamiento<\/div><\/td><\/tr><tr><td colspan=\"1\" rowspan=\"1\"><div class=\"magic-11\">Estilo de dise\u00f1o<\/div><\/td><td colspan=\"1\" rowspan=\"1\"><div class=\"magic-12\">Color s\u00f3lido, veta de ladrillo, veta de piedra, veta de madera o personalizado<\/div><\/td><\/tr><tr><td colspan=\"1\" rowspan=\"1\"><div class=\"magic-11\">Material del panel<\/div><\/td><td colspan=\"1\" rowspan=\"1\"><div class=\"magic-12\">Acero Galvalume<\/div><\/td><\/tr><tr><td colspan=\"1\" rowspan=\"1\"><div class=\"magic-11\">Material del n\u00facleo<\/div><\/td><td colspan=\"1\" rowspan=\"1\"><div class=\"magic-12\">Espuma de poliuretano duro<\/div><\/td><\/tr><tr><td colspan=\"1\" rowspan=\"1\"><div class=\"magic-11\">Superficie pintada<\/div><\/td><td colspan=\"1\" rowspan=\"1\"><div class=\"magic-12\">Pintura para autom\u00f3viles de alta temperatura<\/div><\/td><\/tr><tr><td colspan=\"1\" rowspan=\"1\"><div class=\"magic-11\">Color<\/div><\/td><td colspan=\"1\" rowspan=\"1\"><div class=\"magic-12\">Requisito del cliente<\/div><\/td><\/tr><tr><td colspan=\"1\" rowspan=\"1\"><div class=\"magic-11\">Grosor<\/div><\/td><td colspan=\"1\" rowspan=\"1\"><div class=\"magic-12\">16mm<\/div><\/td><\/tr><tr><td colspan=\"1\" rowspan=\"1\"><div class=\"magic-11\">Longitud<\/div><\/td><td colspan=\"1\" rowspan=\"1\"><div class=\"magic-12\">Elecci\u00f3n del cliente<\/div><\/td><\/tr><tr><td colspan=\"1\" rowspan=\"1\"><div class=\"magic-11\">Certificado<\/div><\/td><td colspan=\"1\" rowspan=\"1\"><div class=\"magic-12\">CE ISO<\/div><\/td><\/tr><tr><td colspan=\"1\" rowspan=\"1\"><div class=\"magic-11\">Ancho efectivo<\/div><\/td><td colspan=\"1\" rowspan=\"1\"><div class=\"magic-12\">383mm<\/div><\/td><\/tr><tr><td colspan=\"1\" rowspan=\"1\"><div class=\"magic-13\">Longitud<\/div><\/td><td colspan=\"1\" rowspan=\"1\"><div class=\"magic-14\">3800mm, 5800mm<\/div><\/td><\/tr><tr><td colspan=\"1\" rowspan=\"1\"><div class=\"magic-11\">Nivel a prueba de fuego<\/div><\/td><td colspan=\"1\" rowspan=\"1\"><div class=\"magic-12\">Nivel B<\/div><\/td><\/tr><tr><td colspan=\"1\" rowspan=\"1\"><div class=\"magic-11\">Aplicaci\u00f3n<\/div><\/td><td colspan=\"1\" rowspan=\"1\"><div class=\"magic-12\">Hotel, Villa, Apartamento, Edificio de oficinas, Hospital, Escuela, Centro comercial<\/div><\/td><\/tr><\/tbody><\/table><\/div>\n\t\t\t\t\t\t\t\t\t<div class=\"elementor-tab-title elementor-tab-mobile-title\" aria-selected=\"false\" data-tab=\"2\" role=\"tab\" tabindex=\"-1\" aria-controls=\"elementor-tab-content-5672\" aria-expanded=\"false\">Caracter\u00edsticas del producto<\/div>\n\t\t\t\t\t<div id=\"elementor-tab-content-5672\" class=\"elementor-tab-content elementor-clearfix\" data-tab=\"2\" role=\"tabpanel\" aria-labelledby=\"elementor-tab-title-5672\" tabindex=\"0\" hidden=\"hidden\"><p><img decoding=\"async\" class=\"alignnone size-medium wp-image-1771\" src=\"https:\/\/shanghepanel.com\/wp-content\/uploads\/2024\/06\/B-xq-11-300x181.jpg\" alt=\"\" width=\"300\" height=\"181\" srcset=\"https:\/\/shanghepanel.com\/wp-content\/uploads\/2024\/06\/B-xq-11-300x181.jpg 300w, https:\/\/shanghepanel.com\/wp-content\/uploads\/2024\/06\/B-xq-11-1024x619.jpg 1024w, https:\/\/shanghepanel.com\/wp-content\/uploads\/2024\/06\/B-xq-11-768x464.jpg 768w, https:\/\/shanghepanel.com\/wp-content\/uploads\/2024\/06\/B-xq-11-600x363.jpg 600w, https:\/\/shanghepanel.com\/wp-content\/uploads\/2024\/06\/B-xq-11.jpg 1060w\" sizes=\"(max-width: 300px) 100vw, 300px\" \/>El panel s\u00e1ndwich de poliuretano tiene peso ligero, apariencia hermosa y buena resistencia a la corrosi\u00f3n, y puede ser procesado directamente. Proporciona un nuevo tipo de materia prima para la industria de la construcci\u00f3n, construcci\u00f3n naval, fabricaci\u00f3n de veh\u00edculos, industria del mobiliario, industria el\u00e9ctrica, etc., y ha desempe\u00f1ado un buen papel en reemplazar la madera con acero, construcci\u00f3n eficiente, ahorro de energ\u00eda y prevenci\u00f3n de la contaminaci\u00f3n<\/p><\/div>\n\t\t\t\t\t\t\t\t\t<div class=\"elementor-tab-title elementor-tab-mobile-title\" aria-selected=\"false\" data-tab=\"3\" role=\"tab\" tabindex=\"-1\" aria-controls=\"elementor-tab-content-5673\" aria-expanded=\"false\">Informaci\u00f3n de la transacci\u00f3n<\/div>\n\t\t\t\t\t<div id=\"elementor-tab-content-5673\" class=\"elementor-tab-content elementor-clearfix\" data-tab=\"3\" role=\"tabpanel\" aria-labelledby=\"elementor-tab-title-5673\" tabindex=\"0\" hidden=\"hidden\"><ul><li><p><span style=\"color: #142d7d;\">Pago <\/span>: <span style=\"color: #737373; font-size: 1rem;\">TT\/LC<\/span><\/p><\/li><li><p><span style=\"color: #142d7d;\">Origen del producto <\/span>: <span style=\"color: #737373; font-size: 1rem;\">Provincia de Shandong, China<\/span><\/p><\/li><li><p><span style=\"color: #142d7d;\">Color <\/span>: <span style=\"color: #737373; font-size: 1rem;\">Personalizado seg\u00fan su solicitud<\/span><\/p><\/li><li><p><span style=\"color: #142d7d;\">Cantidad M\u00ednima de Pedido <\/span>: <span style=\"color: #737373; font-size: 1rem;\">\u00a0500 metros cuadrados<\/span><\/p><\/li><li><p><span style=\"color: #142d7d;\">Puerto de env\u00edo <\/span>: <span style=\"color: #737373; font-size: 1rem;\">Puerto de Qingdao, China<\/span><\/p><\/li><li><p><span style=\"color: #142d7d;\">Tiempo de entrega <\/span>\uff1a <span style=\"color: #737373; font-size: 1rem;\">20-30 d\u00edas despu\u00e9s de recibir su dep\u00f3sito<\/span><\/p><\/li><\/ul><\/div>\n\t\t\t\t\t\t\t<\/div>\n\t\t<\/div>\n\t\t\t\t\t\t<\/div>\n\t\t\t\t<\/div>\n\t\t\t\t\t<\/div>\n\t\t\t\t<\/div>\n\t\t\t\t<\/div>","protected":false},"excerpt":{"rendered":"<p>Paneles en relieve de metal, que cuentan con aislamiento de alta calidad y dise\u00f1o decorativo, son la opci\u00f3n definitiva para construcciones modernas. Estos paneles ofrecen un aislamiento t\u00e9rmico excepcional, reduciendo los costos energ\u00e9ticos para calefacci\u00f3n y refrigeraci\u00f3n. Con sus propiedades ligeras y de alta resistencia, brindan una excelente durabilidad y resistencia a impactos. F\u00e1ciles de instalar en cualquier clima, acortan el tiempo de construcci\u00f3n y reducen los costos generales. Resistentes al fuego y al agua, estos paneles protegen los edificios del da\u00f1o causado por las condiciones clim\u00e1ticas y mejoran la seguridad. Disponibles en varios patrones y colores, a\u00f1aden un toque de lujo a cualquier fachada. Ideales para aplicaciones residenciales, comerciales e industriales, los Paneles en relieve de metal son una soluci\u00f3n vers\u00e1til y rentable tanto para nuevas construcciones como para renovaciones. Elija Paneles en relieve de metal para un material de construcci\u00f3n ecol\u00f3gico, duradero y con estilo.<\/p>","protected":false},"featured_media":1758,"comment_status":"open","ping_status":"closed","template":"","meta":[],"product_brand":[],"product_cat":[33],"product_tag":[32,29],"class_list":{"0":"post-1751","1":"product","2":"type-product","3":"status-publish","4":"has-post-thumbnail","6":"product_cat-metal-carved-board","7":"product_tag-pu","8":"product_tag-wall-board","10":"first","11":"instock","12":"shipping-taxable","13":"product-type-grouped"},"yoast_head":"<!-- This site is optimized with the Yoast SEO plugin v24.2 - https:\/\/yoast.com\/wordpress\/plugins\/seo\/ -->\n<title>Wood Grain Metal Carved Board - Shang He Sandwich Panel<\/title>\n<meta name=\"description\" content=\"Metal carved board Built to last, our metal decorative panels are resistant to weather, corrosion, and impact, ensuring long-lasting beauty and performance.\" \/>\n<meta name=\"robots\" content=\"index, follow, max-snippet:-1, max-image-preview:large, max-video-preview:-1\" \/>\n<link rel=\"canonical\" href=\"https:\/\/shanghepanel.com\/es\/product\/fireproof-pu-foam-sandwich-panel-exterior-wall-metal-carved-board\/\" \/>\n<meta property=\"og:locale\" content=\"es_ES\" \/>\n<meta property=\"og:type\" content=\"article\" \/>\n<meta property=\"og:title\" content=\"Wood Grain Metal Carved Board - Shang He Sandwich Panel\" \/>\n<meta property=\"og:description\" content=\"Metal carved board Built to last, our metal decorative panels are resistant to weather, corrosion, and impact, ensuring long-lasting beauty and performance.\" \/>\n<meta property=\"og:url\" content=\"https:\/\/shanghepanel.com\/es\/product\/fireproof-pu-foam-sandwich-panel-exterior-wall-metal-carved-board\/\" \/>\n<meta property=\"og:site_name\" content=\"Shang He Sandwich Panel\" \/>\n<meta property=\"article:modified_time\" content=\"2025-06-05T06:09:58+00:00\" \/>\n<meta property=\"og:image\" content=\"https:\/\/shanghepanel.com\/wp-content\/uploads\/2024\/06\/MW-bd-44.jpg\" \/>\n\t<meta property=\"og:image:width\" content=\"800\" \/>\n\t<meta property=\"og:image:height\" content=\"800\" \/>\n\t<meta property=\"og:image:type\" content=\"image\/jpeg\" \/>\n<meta name=\"twitter:card\" content=\"summary_large_image\" \/>\n<meta name=\"twitter:label1\" content=\"Tiempo de lectura\" \/>\n\t<meta name=\"twitter:data1\" content=\"3 minutos\" \/>\n<script type=\"application\/ld+json\" class=\"yoast-schema-graph\">{\"@context\":\"https:\/\/schema.org\",\"@graph\":[{\"@type\":\"WebPage\",\"@id\":\"https:\/\/shanghepanel.com\/product\/fireproof-pu-foam-sandwich-panel-exterior-wall-metal-carved-board\/\",\"url\":\"https:\/\/shanghepanel.com\/product\/fireproof-pu-foam-sandwich-panel-exterior-wall-metal-carved-board\/\",\"name\":\"Wood Grain Metal Carved Board - Shang He Sandwich Panel\",\"isPartOf\":{\"@id\":\"https:\/\/shanghepanel.com\/#website\"},\"primaryImageOfPage\":{\"@id\":\"https:\/\/shanghepanel.com\/product\/fireproof-pu-foam-sandwich-panel-exterior-wall-metal-carved-board\/#primaryimage\"},\"image\":{\"@id\":\"https:\/\/shanghepanel.com\/product\/fireproof-pu-foam-sandwich-panel-exterior-wall-metal-carved-board\/#primaryimage\"},\"thumbnailUrl\":\"https:\/\/shanghepanel.com\/wp-content\/uploads\/2024\/06\/MW-bd-44.jpg\",\"datePublished\":\"2024-06-11T12:26:50+00:00\",\"dateModified\":\"2025-06-05T06:09:58+00:00\",\"description\":\"Metal carved board Built to last, our metal decorative panels are resistant to weather, corrosion, and impact, ensuring long-lasting beauty and performance.\",\"breadcrumb\":{\"@id\":\"https:\/\/shanghepanel.com\/product\/fireproof-pu-foam-sandwich-panel-exterior-wall-metal-carved-board\/#breadcrumb\"},\"inLanguage\":\"es\",\"potentialAction\":[{\"@type\":\"ReadAction\",\"target\":[\"https:\/\/shanghepanel.com\/product\/fireproof-pu-foam-sandwich-panel-exterior-wall-metal-carved-board\/\"]}]},{\"@type\":\"ImageObject\",\"inLanguage\":\"es\",\"@id\":\"https:\/\/shanghepanel.com\/product\/fireproof-pu-foam-sandwich-panel-exterior-wall-metal-carved-board\/#primaryimage\",\"url\":\"https:\/\/shanghepanel.com\/wp-content\/uploads\/2024\/06\/MW-bd-44.jpg\",\"contentUrl\":\"https:\/\/shanghepanel.com\/wp-content\/uploads\/2024\/06\/MW-bd-44.jpg\",\"width\":800,\"height\":800},{\"@type\":\"BreadcrumbList\",\"@id\":\"https:\/\/shanghepanel.com\/product\/fireproof-pu-foam-sandwich-panel-exterior-wall-metal-carved-board\/#breadcrumb\",\"itemListElement\":[{\"@type\":\"ListItem\",\"position\":1,\"name\":\"\u9996\u9875\",\"item\":\"https:\/\/shanghepanel.com\/en\/\"},{\"@type\":\"ListItem\",\"position\":2,\"name\":\"\u4ea7\u54c1\",\"item\":\"https:\/\/shanghepanel.com\/index.php\/shop\/\"},{\"@type\":\"ListItem\",\"position\":3,\"name\":\"Wood Grain Metal Carved Board\"}]},{\"@type\":\"WebSite\",\"@id\":\"https:\/\/shanghepanel.com\/#website\",\"url\":\"https:\/\/shanghepanel.com\/\",\"name\":\"shanghepanel.com\",\"description\":\"\",\"publisher\":{\"@id\":\"https:\/\/shanghepanel.com\/#organization\"},\"potentialAction\":[{\"@type\":\"SearchAction\",\"target\":{\"@type\":\"EntryPoint\",\"urlTemplate\":\"https:\/\/shanghepanel.com\/?s={search_term_string}\"},\"query-input\":{\"@type\":\"PropertyValueSpecification\",\"valueRequired\":true,\"valueName\":\"search_term_string\"}}],\"inLanguage\":\"es\"},{\"@type\":\"Organization\",\"@id\":\"https:\/\/shanghepanel.com\/#organization\",\"name\":\"Shandong ShangHe New Construction Engineering Co., ltd.\",\"url\":\"https:\/\/shanghepanel.com\/\",\"logo\":{\"@type\":\"ImageObject\",\"inLanguage\":\"es\",\"@id\":\"https:\/\/shanghepanel.com\/#\/schema\/logo\/image\/\",\"url\":\"https:\/\/shanghepanel.com\/wp-content\/uploads\/2024\/03\/logo-1.png\",\"contentUrl\":\"https:\/\/shanghepanel.com\/wp-content\/uploads\/2024\/03\/logo-1.png\",\"width\":800,\"height\":800,\"caption\":\"Shandong ShangHe New Construction Engineering Co., ltd.\"},\"image\":{\"@id\":\"https:\/\/shanghepanel.com\/#\/schema\/logo\/image\/\"}}]}<\/script>\n<!-- \/ Yoast SEO plugin. -->","yoast_head_json":{"title":"Panel de madera con grabado met\u00e1lico - Panel s\u00e1ndwich Shang He","description":"Panel decorativo de metal tallado construido para durar, nuestros paneles decorativos met\u00e1licos son resistentes a las condiciones clim\u00e1ticas, la corrosi\u00f3n y los impactos, asegurando belleza y rendimiento duraderos.","robots":{"index":"index","follow":"follow","max-snippet":"max-snippet:-1","max-image-preview":"max-image-preview:large","max-video-preview":"max-video-preview:-1"},"canonical":"https:\/\/shanghepanel.com\/es\/product\/fireproof-pu-foam-sandwich-panel-exterior-wall-metal-carved-board\/","og_locale":"es_ES","og_type":"article","og_title":"Wood Grain Metal Carved Board - Shang He Sandwich Panel","og_description":"Metal carved board Built to last, our metal decorative panels are resistant to weather, corrosion, and impact, ensuring long-lasting beauty and performance.","og_url":"https:\/\/shanghepanel.com\/es\/product\/fireproof-pu-foam-sandwich-panel-exterior-wall-metal-carved-board\/","og_site_name":"Shang He Sandwich Panel","article_modified_time":"2025-06-05T06:09:58+00:00","og_image":[{"width":800,"height":800,"url":"https:\/\/shanghepanel.com\/wp-content\/uploads\/2024\/06\/MW-bd-44.jpg","type":"image\/jpeg"}],"twitter_card":"summary_large_image","twitter_misc":{"Tiempo de lectura":"3 minutos"},"schema":{"@context":"https:\/\/schema.org","@graph":[{"@type":"WebPage","@id":"https:\/\/shanghepanel.com\/product\/fireproof-pu-foam-sandwich-panel-exterior-wall-metal-carved-board\/","url":"https:\/\/shanghepanel.com\/product\/fireproof-pu-foam-sandwich-panel-exterior-wall-metal-carved-board\/","name":"Panel de madera con grabado met\u00e1lico - Panel s\u00e1ndwich Shang He","isPartOf":{"@id":"https:\/\/shanghepanel.com\/#website"},"primaryImageOfPage":{"@id":"https:\/\/shanghepanel.com\/product\/fireproof-pu-foam-sandwich-panel-exterior-wall-metal-carved-board\/#primaryimage"},"image":{"@id":"https:\/\/shanghepanel.com\/product\/fireproof-pu-foam-sandwich-panel-exterior-wall-metal-carved-board\/#primaryimage"},"thumbnailUrl":"https:\/\/shanghepanel.com\/wp-content\/uploads\/2024\/06\/MW-bd-44.jpg","datePublished":"2024-06-11T12:26:50+00:00","dateModified":"2025-06-05T06:09:58+00:00","description":"Panel decorativo de metal tallado construido para durar, nuestros paneles decorativos met\u00e1licos son resistentes a las condiciones clim\u00e1ticas, la corrosi\u00f3n y los impactos, asegurando belleza y rendimiento duraderos.","breadcrumb":{"@id":"https:\/\/shanghepanel.com\/product\/fireproof-pu-foam-sandwich-panel-exterior-wall-metal-carved-board\/#breadcrumb"},"inLanguage":"es","potentialAction":[{"@type":"ReadAction","target":["https:\/\/shanghepanel.com\/product\/fireproof-pu-foam-sandwich-panel-exterior-wall-metal-carved-board\/"]}]},{"@type":"ImageObject","inLanguage":"es","@id":"https:\/\/shanghepanel.com\/product\/fireproof-pu-foam-sandwich-panel-exterior-wall-metal-carved-board\/#primaryimage","url":"https:\/\/shanghepanel.com\/wp-content\/uploads\/2024\/06\/MW-bd-44.jpg","contentUrl":"https:\/\/shanghepanel.com\/wp-content\/uploads\/2024\/06\/MW-bd-44.jpg","width":800,"height":800},{"@type":"BreadcrumbList","@id":"https:\/\/shanghepanel.com\/product\/fireproof-pu-foam-sandwich-panel-exterior-wall-metal-carved-board\/#breadcrumb","itemListElement":[{"@type":"ListItem","position":1,"name":"\u9996\u9875","item":"https:\/\/shanghepanel.com\/en\/"},{"@type":"ListItem","position":2,"name":"\u4ea7\u54c1","item":"https:\/\/shanghepanel.com\/index.php\/shop\/"},{"@type":"ListItem","position":3,"name":"Wood Grain Metal Carved Board"}]},{"@type":"WebSite","@id":"https:\/\/shanghepanel.com\/#website","url":"https:\/\/shanghepanel.com\/","name":"shanghepanel.com","description":"","publisher":{"@id":"https:\/\/shanghepanel.com\/#organization"},"potentialAction":[{"@type":"SearchAction","target":{"@type":"EntryPoint","urlTemplate":"https:\/\/shanghepanel.com\/?s={search_term_string}"},"query-input":{"@type":"PropertyValueSpecification","valueRequired":true,"valueName":"search_term_string"}}],"inLanguage":"es"},{"@type":"Organization","@id":"https:\/\/shanghepanel.com\/#organization","name":"Shandong ShangHe Ingenier\u00eda de Construcci\u00f3n Nueva, S.L.","url":"https:\/\/shanghepanel.com\/","logo":{"@type":"ImageObject","inLanguage":"es","@id":"https:\/\/shanghepanel.com\/#\/schema\/logo\/image\/","url":"https:\/\/shanghepanel.com\/wp-content\/uploads\/2024\/03\/logo-1.png","contentUrl":"https:\/\/shanghepanel.com\/wp-content\/uploads\/2024\/03\/logo-1.png","width":800,"height":800,"caption":"Shandong ShangHe New Construction Engineering Co., ltd."},"image":{"@id":"https:\/\/shanghepanel.com\/#\/schema\/logo\/image\/"}}]}},"_links":{"self":[{"href":"https:\/\/shanghepanel.com\/es\/wp-json\/wp\/v2\/product\/1751","targetHints":{"allow":["GET"]}}],"collection":[{"href":"https:\/\/shanghepanel.com\/es\/wp-json\/wp\/v2\/product"}],"about":[{"href":"https:\/\/shanghepanel.com\/es\/wp-json\/wp\/v2\/types\/product"}],"replies":[{"embeddable":true,"href":"https:\/\/shanghepanel.com\/es\/wp-json\/wp\/v2\/comments?post=1751"}],"version-history":[{"count":0,"href":"https:\/\/shanghepanel.com\/es\/wp-json\/wp\/v2\/product\/1751\/revisions"}],"wp:featuredmedia":[{"embeddable":true,"href":"https:\/\/shanghepanel.com\/es\/wp-json\/wp\/v2\/media\/1758"}],"wp:attachment":[{"href":"https:\/\/shanghepanel.com\/es\/wp-json\/wp\/v2\/media?parent=1751"}],"wp:term":[{"taxonomy":"product_brand","embeddable":true,"href":"https:\/\/shanghepanel.com\/es\/wp-json\/wp\/v2\/product_brand?post=1751"},{"taxonomy":"product_cat","embeddable":true,"href":"https:\/\/shanghepanel.com\/es\/wp-json\/wp\/v2\/product_cat?post=1751"},{"taxonomy":"product_tag","embeddable":true,"href":"https:\/\/shanghepanel.com\/es\/wp-json\/wp\/v2\/product_tag?post=1751"}],"curies":[{"name":"wp","href":"https:\/\/api.w.org\/{rel}","templated":true}]}}