{"id":1776,"date":"2024-06-11T21:11:40","date_gmt":"2024-06-11T13:11:40","guid":{"rendered":"https:\/\/shanghepanel.com\/?post_type=product&#038;p=1776"},"modified":"2024-07-27T17:48:35","modified_gmt":"2024-07-27T09:48:35","slug":"wpc-exterior-wall-facade-panels","status":"publish","type":"product","link":"https:\/\/shanghepanel.com\/es\/product\/wpc-exterior-wall-facade-panels\/","title":{"rendered":"Paneles Facade de Pared Exterior WPC"},"content":{"rendered":"<div data-elementor-type=\"product-post\" data-elementor-id=\"1776\" class=\"elementor elementor-1776\" data-elementor-post-type=\"product\">\n\t\t\t\t<div class=\"elementor-element elementor-element-8efae6a e-flex e-con-boxed e-con e-parent\" data-id=\"8efae6a\" data-element_type=\"container\">\n\t\t\t\t\t<div class=\"e-con-inner\">\n\t\t\t\t<div class=\"elementor-element elementor-element-3f6dfe9 elementor-widget elementor-widget-text-editor\" data-id=\"3f6dfe9\" data-element_type=\"widget\" data-widget_type=\"text-editor.default\">\n\t\t\t\t<div class=\"elementor-widget-container\">\n\t\t\t\t\t\t\t\t\t<div class=\"lake-content\"><span class=\"ne-text\">El panel de pared exterior WPC puede ser una decoraci\u00f3n perfecta para hacer que el edificio de concreto tenga una apariencia natural y perfecta. Seg\u00fan las diferentes demandas del mercado, hay disponibles m\u00e1s dise\u00f1os y colores de revestimientos. Debido a su rendimiento avanzado, como resistencia a los UV, larga duraci\u00f3n, propiedades mec\u00e1nicas estables, aislamiento t\u00e9rmico y f\u00e1cil instalaci\u00f3n, el panel de pared exterior WPC ha sido aplicado en muchas aplicaciones y ha obtenido una gran reputaci\u00f3n entre nuestros clientes.<\/span><\/div>\t\t\t\t\t\t\t\t<\/div>\n\t\t\t\t<\/div>\n\t\t\t\t<div class=\"elementor-element elementor-element-b4651af elementor-widget elementor-widget-image\" data-id=\"b4651af\" data-element_type=\"widget\" data-widget_type=\"image.default\">\n\t\t\t\t<div class=\"elementor-widget-container\">\n\t\t\t\t\t\t\t\t\t\t\t\t\t\t\t<img fetchpriority=\"high\" decoding=\"async\" width=\"800\" height=\"437\" src=\"https:\/\/shanghepanel.com\/wp-content\/uploads\/2024\/06\/WPC-st-5-1024x559.jpg\" class=\"attachment-large size-large wp-image-1782\" alt=\"\" srcset=\"https:\/\/shanghepanel.com\/wp-content\/uploads\/2024\/06\/WPC-st-5-1024x559.jpg 1024w, https:\/\/shanghepanel.com\/wp-content\/uploads\/2024\/06\/WPC-st-5-300x164.jpg 300w, https:\/\/shanghepanel.com\/wp-content\/uploads\/2024\/06\/WPC-st-5-768x420.jpg 768w, https:\/\/shanghepanel.com\/wp-content\/uploads\/2024\/06\/WPC-st-5-600x328.jpg 600w, https:\/\/shanghepanel.com\/wp-content\/uploads\/2024\/06\/WPC-st-5.jpg 1060w\" sizes=\"(max-width: 800px) 100vw, 800px\" \/>\t\t\t\t\t\t\t\t\t\t\t\t\t\t\t<\/div>\n\t\t\t\t<\/div>\n\t\t\t\t<div class=\"elementor-element elementor-element-9659db2 elementor-tabs-view-horizontal elementor-widget elementor-widget-tabs\" data-id=\"9659db2\" data-element_type=\"widget\" data-widget_type=\"tabs.default\">\n\t\t\t\t<div class=\"elementor-widget-container\">\n\t\t\t\t\t\t\t<div class=\"elementor-tabs\">\n\t\t\t<div class=\"elementor-tabs-wrapper\" role=\"tablist\" >\n\t\t\t\t\t\t\t\t\t<div id=\"elementor-tab-title-1571\" class=\"elementor-tab-title elementor-tab-desktop-title\" aria-selected=\"true\" data-tab=\"1\" role=\"tab\" tabindex=\"0\" aria-controls=\"elementor-tab-content-1571\" aria-expanded=\"false\">Par\u00e1metros del Producto<\/div>\n\t\t\t\t\t\t\t\t\t<div id=\"elementor-tab-title-1572\" class=\"elementor-tab-title elementor-tab-desktop-title\" aria-selected=\"false\" data-tab=\"2\" role=\"tab\" tabindex=\"-1\" aria-controls=\"elementor-tab-content-1572\" aria-expanded=\"false\">Descripci\u00f3n del rendimiento<\/div>\n\t\t\t\t\t\t\t\t\t<div id=\"elementor-tab-title-1573\" class=\"elementor-tab-title elementor-tab-desktop-title\" aria-selected=\"false\" data-tab=\"3\" role=\"tab\" tabindex=\"-1\" aria-controls=\"elementor-tab-content-1573\" aria-expanded=\"false\">Informaci\u00f3n de la transacci\u00f3n<\/div>\n\t\t\t\t\t\t\t<\/div>\n\t\t\t<div class=\"elementor-tabs-content-wrapper\" role=\"tablist\" aria-orientation=\"vertical\">\n\t\t\t\t\t\t\t\t\t<div class=\"elementor-tab-title elementor-tab-mobile-title\" aria-selected=\"true\" data-tab=\"1\" role=\"tab\" tabindex=\"0\" aria-controls=\"elementor-tab-content-1571\" aria-expanded=\"false\">Par\u00e1metros del Producto<\/div>\n\t\t\t\t\t<div id=\"elementor-tab-content-1571\" class=\"elementor-tab-content elementor-clearfix\" data-tab=\"1\" role=\"tabpanel\" aria-labelledby=\"elementor-tab-title-1571\" tabindex=\"0\" hidden=\"false\"><table class=\"has-title all magic-13\"><tbody><tr><td colspan=\"1\" rowspan=\"1\"><div class=\"magic-14\" data-spm-anchor-id=\"a2700.details.0.i62.428829b84T7YS2\">Lugar de origen:<\/div><\/td><td colspan=\"1\" rowspan=\"1\"><div class=\"magic-15\">Shandong, China<\/div><\/td><td colspan=\"1\" rowspan=\"1\"><div class=\"magic-16\">N\u00famero de modelo:<\/div><\/td><td colspan=\"1\" rowspan=\"1\"><div class=\"magic-17\">Panel de Pared WPC<\/div><\/td><\/tr><tr><td colspan=\"1\" rowspan=\"1\"><div class=\"magic-14\">Nombre del producto:<\/div><\/td><td colspan=\"1\" rowspan=\"1\"><div class=\"magic-15\">Panel de pared Wpc<\/div><\/td><td colspan=\"1\" rowspan=\"1\"><div class=\"magic-16\">Aplicaci\u00f3n:<\/div><\/td><td colspan=\"1\" rowspan=\"1\"><div class=\"magic-17\">Oficina; hotel; centro comercial; sala de estar, etc<\/div><\/td><\/tr><tr><td colspan=\"1\" rowspan=\"1\"><div class=\"magic-14\">Material:<\/div><\/td><td colspan=\"1\" rowspan=\"1\"><div class=\"magic-15\">Compuesto de Madera y Pl\u00e1stico<\/div><\/td><td colspan=\"1\" rowspan=\"1\"><div class=\"magic-16\">Funci\u00f3n:<\/div><\/td><td colspan=\"1\" rowspan=\"1\"><div class=\"magic-17\">Material de decoraci\u00f3n<\/div><\/td><\/tr><tr><td colspan=\"1\" rowspan=\"1\"><div class=\"magic-14\">Tama\u00f1o:<\/div><\/td><td colspan=\"1\" rowspan=\"1\"><div class=\"magic-15\">159*23\/205*15\/205*27\/170*20mm<\/div><\/td><td colspan=\"1\" rowspan=\"1\"><div class=\"magic-16\">Ventaja:<\/div><\/td><td colspan=\"1\" rowspan=\"1\"><div class=\"magic-17\">Resistente al agua, a prueba de fuego, f\u00e1cil de limpiar<\/div><\/td><\/tr><tr><td colspan=\"1\" rowspan=\"1\"><div class=\"magic-14\">Uso:<\/div><\/td><td colspan=\"1\" rowspan=\"1\"><div class=\"magic-15\">Para decoraci\u00f3n de paredes interiores<\/div><\/td><td colspan=\"1\" rowspan=\"1\"><div class=\"magic-16\">Superficie:<\/div><\/td><td colspan=\"1\" rowspan=\"1\"><div class=\"magic-17\">Lijado, embossing superior<\/div><\/td><\/tr><tr><td colspan=\"1\" rowspan=\"1\"><div class=\"magic-14\">Clasificaci\u00f3n de incendio<\/div><\/td><td colspan=\"1\" rowspan=\"1\"><div class=\"magic-15\">B1 (nivel m\u00e1s alto en el producto de suelo SPC)<\/div><\/td><td colspan=\"1\" rowspan=\"1\"><div class=\"magic-16\">Pago<\/div><\/td><td colspan=\"1\" rowspan=\"1\"><div class=\"magic-17\">30% depositado, el resto debe pagarse antes de la entrega<\/div><\/td><\/tr><tr><td colspan=\"1\" rowspan=\"1\"><div class=\"magic-14\">Paquete<\/div><\/td><td colspan=\"1\" rowspan=\"1\"><div class=\"magic-15\">Palet o embalaje a granel<\/div><\/td><td colspan=\"1\" rowspan=\"1\"><div class=\"magic-16\">Tiempo de entrega<\/div><\/td><td colspan=\"1\" rowspan=\"1\"><div class=\"magic-17\">Aprox. 15-20 d\u00edas para un contenedor de 20\u2019<\/div><\/td><\/tr><tr><td colspan=\"4\" rowspan=\"1\"><div class=\"magic-18\"><div class=\"magic-4\" data-spm-anchor-id=\"a2700.pc-decorate.0.i49.28d33333Ih0RyV\"><b>Los par\u00e1metros anteriores son par\u00e1metros predeterminados de f\u00e1brica, si no puede satisfacer sus necesidades, por favor contacte con el servicio al cliente para personalizar productos.<\/b><\/div><\/div><\/td><\/tr><\/tbody><\/table><\/div>\n\t\t\t\t\t\t\t\t\t<div class=\"elementor-tab-title elementor-tab-mobile-title\" aria-selected=\"false\" data-tab=\"2\" role=\"tab\" tabindex=\"-1\" aria-controls=\"elementor-tab-content-1572\" aria-expanded=\"false\">Descripci\u00f3n del rendimiento<\/div>\n\t\t\t\t\t<div id=\"elementor-tab-content-1572\" class=\"elementor-tab-content elementor-clearfix\" data-tab=\"2\" role=\"tabpanel\" aria-labelledby=\"elementor-tab-title-1572\" tabindex=\"0\" hidden=\"hidden\"><p>Resistente al agua y a la humedad con plasticidad fuerte<br \/>Resolvi\u00f3 el problema de la pudrici\u00f3n, expansi\u00f3n y deformaci\u00f3n de productos de madera en ambientes h\u00famedos y acuosos, buena resistencia a la intemperie y a la decoloraci\u00f3n para uso exterior<\/p><p>Puntos clave de venta:<br \/>Resistente a manchas y al agua, no teme al moho, resistente a ara\u00f1azos y f\u00e1cil de usar, f\u00e1cil de instalar, a prueba de humedad y agua, sin pintura, larga duraci\u00f3n, excelente rendimiento<\/p><p>Mudanza r\u00e1pida: casas con acabado en bruto pueden instalarse con paneles de pared despu\u00e9s de la conexi\u00f3n de agua y electricidad, ahorrando tiempo y dinero<br \/>A prueba de insectos y termitas: materiales resistentes a insectos evitan eficazmente termitas y otras plagas<br \/>Retardante de llama y resistente a altas temperaturas: grado ign\u00edfugo alcanza B1; retardante de llama en caso de incendio, seguro y confiable<\/p><p>Tecnolog\u00eda de nanofibras, resistente a la suciedad y f\u00e1cil de limpiar, vida natural de m\u00e1s de 20 a\u00f1os<\/p><p>Mejor rendimiento: mejor impermeabilidad, mayor dureza, sin expansi\u00f3n ni contracci\u00f3n t\u00e9rmica<\/p><\/div>\n\t\t\t\t\t\t\t\t\t<div class=\"elementor-tab-title elementor-tab-mobile-title\" aria-selected=\"false\" data-tab=\"3\" role=\"tab\" tabindex=\"-1\" aria-controls=\"elementor-tab-content-1573\" aria-expanded=\"false\">Informaci\u00f3n de la transacci\u00f3n<\/div>\n\t\t\t\t\t<div id=\"elementor-tab-content-1573\" class=\"elementor-tab-content elementor-clearfix\" data-tab=\"3\" role=\"tabpanel\" aria-labelledby=\"elementor-tab-title-1573\" tabindex=\"0\" hidden=\"hidden\"><ul><li><p><span style=\"color: #142d7d;\">Pago <\/span>: <span style=\"color: #737373; font-size: 1rem;\">TT\/LC<\/span><\/p><\/li><li><p><span style=\"color: #142d7d;\">Origen del producto <\/span>: <span style=\"color: #737373; font-size: 1rem;\">Provincia de Shandong, China<\/span><\/p><\/li><li><p><span style=\"color: #142d7d;\">Color <\/span>: <span style=\"color: #737373; font-size: 1rem;\">Personalizado seg\u00fan su solicitud<\/span><\/p><\/li><li><p><span style=\"color: #142d7d;\">Cantidad M\u00ednima de Pedido <\/span>: <span style=\"color: #737373; font-size: 1rem;\">\u00a0Mil metros cuadrados<\/span><\/p><\/li><li><p><span style=\"color: #142d7d;\">Puerto de env\u00edo <\/span>: <span style=\"color: #737373; font-size: 1rem;\">Puerto de Qingdao, China<\/span><\/p><\/li><li><p><span style=\"color: #142d7d;\">Tiempo de entrega <\/span>\uff1a <span style=\"color: #737373; font-size: 1rem;\">20-30 d\u00edas despu\u00e9s de recibir su dep\u00f3sito<\/span><\/p><\/li><\/ul><\/div>\n\t\t\t\t\t\t\t<\/div>\n\t\t<\/div>\n\t\t\t\t\t\t<\/div>\n\t\t\t\t<\/div>\n\t\t\t\t\t<\/div>\n\t\t\t\t<\/div>\n\t\t\t\t<\/div>","protected":false},"excerpt":{"rendered":"<div class=\"magic-5\">\n<p data-sourcepos=\"9:1-9:17\"><strong>Beneficios clave de los Paneles de Pared Exterior WPC:<\/strong><\/p>\n<ul data-sourcepos=\"11:1-16:0\">\n<li data-sourcepos=\"11:1-11:102\"><strong>Duradero:<\/strong> Disfruta de a\u00f1os de uso sin problemas sin necesidad de te\u00f1ir o sellar constantemente.<\/li>\n<li data-sourcepos=\"12:1-12:66\"><strong>Resistente a las inclemencias del tiempo:<\/strong> Resistente a la humedad, la pudrici\u00f3n y los da\u00f1os causados por insectos.<\/li>\n<li data-sourcepos=\"13:1-13:92\"><strong>Bajo mantenimiento:<\/strong> Limpieza sencilla con agua y jab\u00f3n mantiene tu terraza en su mejor estado.<\/li>\n<li data-sourcepos=\"14:1-14:84\"><strong>Ecol\u00f3gico:<\/strong> Fabricado con materiales reciclados y 100% reciclable.<\/li>\n<li data-sourcepos=\"15:1-16:0\"><strong>Vers\u00e1til:<\/strong> Disponible en una variedad de colores y acabados para complementar cualquier espacio exterior.<\/li>\n<\/ul>\n<p data-sourcepos=\"17:1-17:14\"><strong>Ideal para:<\/strong><\/p>\n<ul data-sourcepos=\"19:1-21:57\">\n<li data-sourcepos=\"19:1-19:79\"><strong>Patios y terrazas:<\/strong> Crea un espacio exterior hermoso y funcional.<\/li>\n<li data-sourcepos=\"20:1-20:64\"><strong>Alrededores de piscinas:<\/strong> Disfruta de un \u00e1rea de piscina segura y antideslizante.<\/li>\n<li data-sourcepos=\"21:1-21:57\"><strong>Balc\u00f3nes:<\/strong> Agrega estilo y durabilidad a tu balc\u00f3n.<\/li>\n<\/ul>\n<p data-sourcepos=\"23:1-23:80\"><strong>Actualiza tu espacio exterior hoy con nuestras tablas de decking WPC de alta calidad.<\/strong><\/p>\n<\/div>","protected":false},"featured_media":1777,"comment_status":"open","ping_status":"closed","template":"","meta":[],"product_brand":[],"product_cat":[38],"product_tag":[40],"class_list":{"0":"post-1776","1":"product","2":"type-product","3":"status-publish","4":"has-post-thumbnail","6":"product_cat-wpc","7":"product_tag-wpc","9":"first","10":"instock","11":"shipping-taxable","12":"product-type-simple"},"yoast_head":"<!-- This site is optimized with the Yoast SEO plugin v24.2 - https:\/\/yoast.com\/wordpress\/plugins\/seo\/ -->\n<title>WPC Exterior Wall Facade Panels - Shang He Sandwich Panel<\/title>\n<meta name=\"description\" content=\"Say goodbye to staining and sealing. Our WPC Exterior Wall Panels decking requires minimal maintenance, allowing you to enjoy your outdoor space worry-free.\" \/>\n<meta name=\"robots\" content=\"index, follow, max-snippet:-1, max-image-preview:large, max-video-preview:-1\" \/>\n<link rel=\"canonical\" href=\"https:\/\/shanghepanel.com\/es\/product\/wpc-exterior-wall-facade-panels\/\" \/>\n<meta property=\"og:locale\" content=\"es_ES\" \/>\n<meta property=\"og:type\" content=\"article\" \/>\n<meta property=\"og:title\" content=\"WPC Exterior Wall Facade Panels - Shang He Sandwich Panel\" \/>\n<meta property=\"og:description\" content=\"Say goodbye to staining and sealing. Our WPC Exterior Wall Panels decking requires minimal maintenance, allowing you to enjoy your outdoor space worry-free.\" \/>\n<meta property=\"og:url\" content=\"https:\/\/shanghepanel.com\/es\/product\/wpc-exterior-wall-facade-panels\/\" \/>\n<meta property=\"og:site_name\" content=\"Shang He Sandwich Panel\" \/>\n<meta property=\"article:modified_time\" content=\"2024-07-27T09:48:35+00:00\" \/>\n<meta property=\"og:image\" content=\"https:\/\/shanghepanel.com\/wp-content\/uploads\/2024\/06\/WPC-sj-1.jpg\" \/>\n\t<meta property=\"og:image:width\" content=\"800\" \/>\n\t<meta property=\"og:image:height\" content=\"800\" \/>\n\t<meta property=\"og:image:type\" content=\"image\/jpeg\" \/>\n<meta name=\"twitter:card\" content=\"summary_large_image\" \/>\n<meta name=\"twitter:label1\" content=\"Tiempo de lectura\" \/>\n\t<meta name=\"twitter:data1\" content=\"3 minutos\" \/>\n<script type=\"application\/ld+json\" class=\"yoast-schema-graph\">{\"@context\":\"https:\/\/schema.org\",\"@graph\":[{\"@type\":\"WebPage\",\"@id\":\"https:\/\/shanghepanel.com\/product\/wpc-exterior-wall-facade-panels\/\",\"url\":\"https:\/\/shanghepanel.com\/product\/wpc-exterior-wall-facade-panels\/\",\"name\":\"WPC Exterior Wall Facade Panels - Shang He Sandwich Panel\",\"isPartOf\":{\"@id\":\"https:\/\/shanghepanel.com\/#website\"},\"primaryImageOfPage\":{\"@id\":\"https:\/\/shanghepanel.com\/product\/wpc-exterior-wall-facade-panels\/#primaryimage\"},\"image\":{\"@id\":\"https:\/\/shanghepanel.com\/product\/wpc-exterior-wall-facade-panels\/#primaryimage\"},\"thumbnailUrl\":\"https:\/\/shanghepanel.com\/wp-content\/uploads\/2024\/06\/WPC-sj-1.jpg\",\"datePublished\":\"2024-06-11T13:11:40+00:00\",\"dateModified\":\"2024-07-27T09:48:35+00:00\",\"description\":\"Say goodbye to staining and sealing. Our WPC Exterior Wall Panels decking requires minimal maintenance, allowing you to enjoy your outdoor space worry-free.\",\"breadcrumb\":{\"@id\":\"https:\/\/shanghepanel.com\/product\/wpc-exterior-wall-facade-panels\/#breadcrumb\"},\"inLanguage\":\"es\",\"potentialAction\":[{\"@type\":\"ReadAction\",\"target\":[\"https:\/\/shanghepanel.com\/product\/wpc-exterior-wall-facade-panels\/\"]}]},{\"@type\":\"ImageObject\",\"inLanguage\":\"es\",\"@id\":\"https:\/\/shanghepanel.com\/product\/wpc-exterior-wall-facade-panels\/#primaryimage\",\"url\":\"https:\/\/shanghepanel.com\/wp-content\/uploads\/2024\/06\/WPC-sj-1.jpg\",\"contentUrl\":\"https:\/\/shanghepanel.com\/wp-content\/uploads\/2024\/06\/WPC-sj-1.jpg\",\"width\":800,\"height\":800},{\"@type\":\"BreadcrumbList\",\"@id\":\"https:\/\/shanghepanel.com\/product\/wpc-exterior-wall-facade-panels\/#breadcrumb\",\"itemListElement\":[{\"@type\":\"ListItem\",\"position\":1,\"name\":\"\u9996\u9875\",\"item\":\"https:\/\/shanghepanel.com\/en\/\"},{\"@type\":\"ListItem\",\"position\":2,\"name\":\"\u4ea7\u54c1\",\"item\":\"https:\/\/shanghepanel.com\/index.php\/shop\/\"},{\"@type\":\"ListItem\",\"position\":3,\"name\":\"WPC Exterior Wall Facade Panels\"}]},{\"@type\":\"WebSite\",\"@id\":\"https:\/\/shanghepanel.com\/#website\",\"url\":\"https:\/\/shanghepanel.com\/\",\"name\":\"shanghepanel.com\",\"description\":\"\",\"publisher\":{\"@id\":\"https:\/\/shanghepanel.com\/#organization\"},\"potentialAction\":[{\"@type\":\"SearchAction\",\"target\":{\"@type\":\"EntryPoint\",\"urlTemplate\":\"https:\/\/shanghepanel.com\/?s={search_term_string}\"},\"query-input\":{\"@type\":\"PropertyValueSpecification\",\"valueRequired\":true,\"valueName\":\"search_term_string\"}}],\"inLanguage\":\"es\"},{\"@type\":\"Organization\",\"@id\":\"https:\/\/shanghepanel.com\/#organization\",\"name\":\"Shandong ShangHe New Construction Engineering Co., ltd.\",\"url\":\"https:\/\/shanghepanel.com\/\",\"logo\":{\"@type\":\"ImageObject\",\"inLanguage\":\"es\",\"@id\":\"https:\/\/shanghepanel.com\/#\/schema\/logo\/image\/\",\"url\":\"https:\/\/shanghepanel.com\/wp-content\/uploads\/2024\/03\/logo-1.png\",\"contentUrl\":\"https:\/\/shanghepanel.com\/wp-content\/uploads\/2024\/03\/logo-1.png\",\"width\":800,\"height\":800,\"caption\":\"Shandong ShangHe New Construction Engineering Co., ltd.\"},\"image\":{\"@id\":\"https:\/\/shanghepanel.com\/#\/schema\/logo\/image\/\"}}]}<\/script>\n<!-- \/ Yoast SEO plugin. -->","yoast_head_json":{"title":"Paneles de fachada exterior de WPC - Panel Sandwich Shang He","description":"Desp\u00eddase de las manchas y el sellado. Nuestros paneles de revestimiento de pared exterior de WPC requieren un mantenimiento m\u00ednimo, permiti\u00e9ndole disfrutar de su espacio exterior sin preocupaciones.","robots":{"index":"index","follow":"follow","max-snippet":"max-snippet:-1","max-image-preview":"max-image-preview:large","max-video-preview":"max-video-preview:-1"},"canonical":"https:\/\/shanghepanel.com\/es\/product\/wpc-exterior-wall-facade-panels\/","og_locale":"es_ES","og_type":"article","og_title":"WPC Exterior Wall Facade Panels - Shang He Sandwich Panel","og_description":"Say goodbye to staining and sealing. Our WPC Exterior Wall Panels decking requires minimal maintenance, allowing you to enjoy your outdoor space worry-free.","og_url":"https:\/\/shanghepanel.com\/es\/product\/wpc-exterior-wall-facade-panels\/","og_site_name":"Shang He Sandwich Panel","article_modified_time":"2024-07-27T09:48:35+00:00","og_image":[{"width":800,"height":800,"url":"https:\/\/shanghepanel.com\/wp-content\/uploads\/2024\/06\/WPC-sj-1.jpg","type":"image\/jpeg"}],"twitter_card":"summary_large_image","twitter_misc":{"Tiempo de lectura":"3 minutos"},"schema":{"@context":"https:\/\/schema.org","@graph":[{"@type":"WebPage","@id":"https:\/\/shanghepanel.com\/product\/wpc-exterior-wall-facade-panels\/","url":"https:\/\/shanghepanel.com\/product\/wpc-exterior-wall-facade-panels\/","name":"Paneles de fachada exterior de WPC - Panel Sandwich Shang He","isPartOf":{"@id":"https:\/\/shanghepanel.com\/#website"},"primaryImageOfPage":{"@id":"https:\/\/shanghepanel.com\/product\/wpc-exterior-wall-facade-panels\/#primaryimage"},"image":{"@id":"https:\/\/shanghepanel.com\/product\/wpc-exterior-wall-facade-panels\/#primaryimage"},"thumbnailUrl":"https:\/\/shanghepanel.com\/wp-content\/uploads\/2024\/06\/WPC-sj-1.jpg","datePublished":"2024-06-11T13:11:40+00:00","dateModified":"2024-07-27T09:48:35+00:00","description":"Desp\u00eddase de las manchas y el sellado. Nuestros paneles de revestimiento de pared exterior de WPC requieren un mantenimiento m\u00ednimo, permiti\u00e9ndole disfrutar de su espacio exterior sin preocupaciones.","breadcrumb":{"@id":"https:\/\/shanghepanel.com\/product\/wpc-exterior-wall-facade-panels\/#breadcrumb"},"inLanguage":"es","potentialAction":[{"@type":"ReadAction","target":["https:\/\/shanghepanel.com\/product\/wpc-exterior-wall-facade-panels\/"]}]},{"@type":"ImageObject","inLanguage":"es","@id":"https:\/\/shanghepanel.com\/product\/wpc-exterior-wall-facade-panels\/#primaryimage","url":"https:\/\/shanghepanel.com\/wp-content\/uploads\/2024\/06\/WPC-sj-1.jpg","contentUrl":"https:\/\/shanghepanel.com\/wp-content\/uploads\/2024\/06\/WPC-sj-1.jpg","width":800,"height":800},{"@type":"BreadcrumbList","@id":"https:\/\/shanghepanel.com\/product\/wpc-exterior-wall-facade-panels\/#breadcrumb","itemListElement":[{"@type":"ListItem","position":1,"name":"\u9996\u9875","item":"https:\/\/shanghepanel.com\/en\/"},{"@type":"ListItem","position":2,"name":"\u4ea7\u54c1","item":"https:\/\/shanghepanel.com\/index.php\/shop\/"},{"@type":"ListItem","position":3,"name":"WPC Exterior Wall Facade Panels"}]},{"@type":"WebSite","@id":"https:\/\/shanghepanel.com\/#website","url":"https:\/\/shanghepanel.com\/","name":"shanghepanel.com","description":"","publisher":{"@id":"https:\/\/shanghepanel.com\/#organization"},"potentialAction":[{"@type":"SearchAction","target":{"@type":"EntryPoint","urlTemplate":"https:\/\/shanghepanel.com\/?s={search_term_string}"},"query-input":{"@type":"PropertyValueSpecification","valueRequired":true,"valueName":"search_term_string"}}],"inLanguage":"es"},{"@type":"Organization","@id":"https:\/\/shanghepanel.com\/#organization","name":"Shandong ShangHe Ingenier\u00eda de Construcci\u00f3n Nueva, S.L.","url":"https:\/\/shanghepanel.com\/","logo":{"@type":"ImageObject","inLanguage":"es","@id":"https:\/\/shanghepanel.com\/#\/schema\/logo\/image\/","url":"https:\/\/shanghepanel.com\/wp-content\/uploads\/2024\/03\/logo-1.png","contentUrl":"https:\/\/shanghepanel.com\/wp-content\/uploads\/2024\/03\/logo-1.png","width":800,"height":800,"caption":"Shandong ShangHe New Construction Engineering Co., ltd."},"image":{"@id":"https:\/\/shanghepanel.com\/#\/schema\/logo\/image\/"}}]}},"_links":{"self":[{"href":"https:\/\/shanghepanel.com\/es\/wp-json\/wp\/v2\/product\/1776","targetHints":{"allow":["GET"]}}],"collection":[{"href":"https:\/\/shanghepanel.com\/es\/wp-json\/wp\/v2\/product"}],"about":[{"href":"https:\/\/shanghepanel.com\/es\/wp-json\/wp\/v2\/types\/product"}],"replies":[{"embeddable":true,"href":"https:\/\/shanghepanel.com\/es\/wp-json\/wp\/v2\/comments?post=1776"}],"version-history":[{"count":0,"href":"https:\/\/shanghepanel.com\/es\/wp-json\/wp\/v2\/product\/1776\/revisions"}],"wp:featuredmedia":[{"embeddable":true,"href":"https:\/\/shanghepanel.com\/es\/wp-json\/wp\/v2\/media\/1777"}],"wp:attachment":[{"href":"https:\/\/shanghepanel.com\/es\/wp-json\/wp\/v2\/media?parent=1776"}],"wp:term":[{"taxonomy":"product_brand","embeddable":true,"href":"https:\/\/shanghepanel.com\/es\/wp-json\/wp\/v2\/product_brand?post=1776"},{"taxonomy":"product_cat","embeddable":true,"href":"https:\/\/shanghepanel.com\/es\/wp-json\/wp\/v2\/product_cat?post=1776"},{"taxonomy":"product_tag","embeddable":true,"href":"https:\/\/shanghepanel.com\/es\/wp-json\/wp\/v2\/product_tag?post=1776"}],"curies":[{"name":"wp","href":"https:\/\/api.w.org\/{rel}","templated":true}]}}