{"id":3728,"date":"2024-07-31T11:27:56","date_gmt":"2024-07-31T03:27:56","guid":{"rendered":"https:\/\/shanghepanel.com\/?post_type=product&#038;p=3728"},"modified":"2025-06-05T14:09:14","modified_gmt":"2025-06-05T06:09:14","slug":"glass-fiber-rock-wool-wall-panels","status":"publish","type":"product","link":"https:\/\/shanghepanel.com\/es\/product\/glass-fiber-rock-wool-wall-panels\/","title":{"rendered":"Paneles de pared de fibra de vidrio y lana de roca"},"content":{"rendered":"<p>Los Paneles de Pared de Lana de Roca de Fibra de Vidrio est\u00e1n hechos de roca de lana natural, que tiene un excelente rendimiento de aislamiento t\u00e9rmico y puede reducir eficazmente el consumo de energ\u00eda. Su estructura porosa le confiere un excelente efecto de absorci\u00f3n de sonido, proporcionando un ambiente interior tranquilo y c\u00f3modo. Al mismo tiempo, el producto tambi\u00e9n tiene una excelente resistencia al fuego, que puede retardar eficazmente las llamas y proteger la seguridad de vidas y bienes.<\/p>\n<p>Los Paneles de Pared de Lana de Roca de Fibra de Vidrio son adecuados para paredes exteriores e interiores de diversos edificios, incluyendo plantas industriales, edificios comerciales, residenciales, etc. El producto puede mejorar eficazmente el rendimiento de aislamiento t\u00e9rmico de los edificios, reducir el consumo de energ\u00eda y mejorar el ambiente interior.<\/p>\n<p>Los paneles de pared de lana de roca de fibra de vidrio ecol\u00f3gicos utilizan roca de lana natural como materia prima, y durante el proceso de producci\u00f3n no se generan sustancias nocivas, cumpliendo con los requisitos de edificios verdes. El producto puede reducir eficazmente el consumo de energ\u00eda del edificio, disminuir las emisiones de carbono y contribuir a la protecci\u00f3n del medio ambiente.<\/p>\n<p>Densidad y grosor: Especificar la densidad y el grosor disponibles para cumplir con diferentes requisitos de proyecto.<br \/>\nTratamiento de superficie: Mencionar cualquier tratamiento de superficie disponible, como recubrimiento o laminado.<br \/>\nEspecificaci\u00f3n de tama\u00f1o: Describir el tama\u00f1o est\u00e1ndar del producto o el rango de tama\u00f1o personalizable.<br \/>\nM\u00e9todo de instalaci\u00f3n: Describir la facilidad de instalaci\u00f3n y las herramientas requeridas.<br \/>\nResistencia a la humedad: enfatiza la durabilidad del producto en ambientes h\u00famedos.<\/p>","protected":false},"excerpt":{"rendered":"<p>\u00a1Elige paneles de pared de lana de roca de fibra de vidrio para inyectar nueva vitalidad a tu edificio! El producto tiene un excelente aislamiento t\u00e9rmico, aislamiento ac\u00fastico y rendimiento a prueba de incendios, lo que no solo puede proporcionar un ambiente interior c\u00f3modo para el edificio, sino tambi\u00e9n reducir eficazmente el consumo de energ\u00eda y mejorar la durabilidad del edificio.<\/p>","protected":false},"featured_media":3733,"comment_status":"open","ping_status":"closed","template":"","meta":[],"product_brand":[],"product_cat":[34,27],"product_tag":[28],"class_list":{"0":"post-3728","1":"product","2":"type-product","3":"status-publish","4":"has-post-thumbnail","6":"product_cat-glass-wool","7":"product_cat-rockwool","8":"product_tag-rock-wool","10":"first","11":"instock","12":"shipping-taxable","13":"product-type-simple"},"yoast_head":"<!-- This site is optimized with the Yoast SEO plugin v24.2 - https:\/\/yoast.com\/wordpress\/plugins\/seo\/ -->\n<title>Glass Fiber Rock Wool Wall Panels - Shang He Sandwich Panel<\/title>\n<meta name=\"description\" content=\"Glass fiber rock wool sandwich wall panels have excellent thermal insulation , sound insulation and fireproof properties.\" \/>\n<meta name=\"robots\" content=\"index, follow, max-snippet:-1, max-image-preview:large, max-video-preview:-1\" \/>\n<link rel=\"canonical\" href=\"https:\/\/shanghepanel.com\/es\/product\/glass-fiber-rock-wool-wall-panels\/\" \/>\n<meta property=\"og:locale\" content=\"es_ES\" \/>\n<meta property=\"og:type\" content=\"article\" \/>\n<meta property=\"og:title\" content=\"Glass Fiber Rock Wool Wall Panels - Shang He Sandwich Panel\" \/>\n<meta property=\"og:description\" content=\"Glass fiber rock wool sandwich wall panels have excellent thermal insulation , sound insulation and fireproof properties.\" \/>\n<meta property=\"og:url\" content=\"https:\/\/shanghepanel.com\/es\/product\/glass-fiber-rock-wool-wall-panels\/\" \/>\n<meta property=\"og:site_name\" content=\"Shang He Sandwich Panel\" \/>\n<meta property=\"article:modified_time\" content=\"2025-06-05T06:09:14+00:00\" \/>\n<meta property=\"og:image\" content=\"https:\/\/shanghepanel.com\/wp-content\/uploads\/2024\/07\/GW-zt-13.jpg\" \/>\n\t<meta property=\"og:image:width\" content=\"800\" \/>\n\t<meta property=\"og:image:height\" content=\"800\" \/>\n\t<meta property=\"og:image:type\" content=\"image\/jpeg\" \/>\n<meta name=\"twitter:card\" content=\"summary_large_image\" \/>\n<meta name=\"twitter:label1\" content=\"Tiempo de lectura\" \/>\n\t<meta name=\"twitter:data1\" content=\"1 minuto\" \/>\n<script type=\"application\/ld+json\" class=\"yoast-schema-graph\">{\"@context\":\"https:\/\/schema.org\",\"@graph\":[{\"@type\":\"WebPage\",\"@id\":\"https:\/\/shanghepanel.com\/product\/glass-fiber-rock-wool-wall-panels\/\",\"url\":\"https:\/\/shanghepanel.com\/product\/glass-fiber-rock-wool-wall-panels\/\",\"name\":\"Glass Fiber Rock Wool Wall Panels - Shang He Sandwich Panel\",\"isPartOf\":{\"@id\":\"https:\/\/shanghepanel.com\/#website\"},\"primaryImageOfPage\":{\"@id\":\"https:\/\/shanghepanel.com\/product\/glass-fiber-rock-wool-wall-panels\/#primaryimage\"},\"image\":{\"@id\":\"https:\/\/shanghepanel.com\/product\/glass-fiber-rock-wool-wall-panels\/#primaryimage\"},\"thumbnailUrl\":\"https:\/\/shanghepanel.com\/wp-content\/uploads\/2024\/07\/GW-zt-13.jpg\",\"datePublished\":\"2024-07-31T03:27:56+00:00\",\"dateModified\":\"2025-06-05T06:09:14+00:00\",\"description\":\"Glass fiber rock wool sandwich wall panels have excellent thermal insulation , sound insulation and fireproof properties.\",\"breadcrumb\":{\"@id\":\"https:\/\/shanghepanel.com\/product\/glass-fiber-rock-wool-wall-panels\/#breadcrumb\"},\"inLanguage\":\"es\",\"potentialAction\":[{\"@type\":\"ReadAction\",\"target\":[\"https:\/\/shanghepanel.com\/product\/glass-fiber-rock-wool-wall-panels\/\"]}]},{\"@type\":\"ImageObject\",\"inLanguage\":\"es\",\"@id\":\"https:\/\/shanghepanel.com\/product\/glass-fiber-rock-wool-wall-panels\/#primaryimage\",\"url\":\"https:\/\/shanghepanel.com\/wp-content\/uploads\/2024\/07\/GW-zt-13.jpg\",\"contentUrl\":\"https:\/\/shanghepanel.com\/wp-content\/uploads\/2024\/07\/GW-zt-13.jpg\",\"width\":800,\"height\":800},{\"@type\":\"BreadcrumbList\",\"@id\":\"https:\/\/shanghepanel.com\/product\/glass-fiber-rock-wool-wall-panels\/#breadcrumb\",\"itemListElement\":[{\"@type\":\"ListItem\",\"position\":1,\"name\":\"\u9996\u9875\",\"item\":\"https:\/\/shanghepanel.com\/en\/\"},{\"@type\":\"ListItem\",\"position\":2,\"name\":\"\u4ea7\u54c1\",\"item\":\"https:\/\/shanghepanel.com\/index.php\/shop\/\"},{\"@type\":\"ListItem\",\"position\":3,\"name\":\"Glass Fiber Rock Wool Wall Panels\"}]},{\"@type\":\"WebSite\",\"@id\":\"https:\/\/shanghepanel.com\/#website\",\"url\":\"https:\/\/shanghepanel.com\/\",\"name\":\"shanghepanel.com\",\"description\":\"\",\"publisher\":{\"@id\":\"https:\/\/shanghepanel.com\/#organization\"},\"potentialAction\":[{\"@type\":\"SearchAction\",\"target\":{\"@type\":\"EntryPoint\",\"urlTemplate\":\"https:\/\/shanghepanel.com\/?s={search_term_string}\"},\"query-input\":{\"@type\":\"PropertyValueSpecification\",\"valueRequired\":true,\"valueName\":\"search_term_string\"}}],\"inLanguage\":\"es\"},{\"@type\":\"Organization\",\"@id\":\"https:\/\/shanghepanel.com\/#organization\",\"name\":\"Shandong ShangHe New Construction Engineering Co., ltd.\",\"url\":\"https:\/\/shanghepanel.com\/\",\"logo\":{\"@type\":\"ImageObject\",\"inLanguage\":\"es\",\"@id\":\"https:\/\/shanghepanel.com\/#\/schema\/logo\/image\/\",\"url\":\"https:\/\/shanghepanel.com\/wp-content\/uploads\/2024\/03\/logo-1.png\",\"contentUrl\":\"https:\/\/shanghepanel.com\/wp-content\/uploads\/2024\/03\/logo-1.png\",\"width\":800,\"height\":800,\"caption\":\"Shandong ShangHe New Construction Engineering Co., ltd.\"},\"image\":{\"@id\":\"https:\/\/shanghepanel.com\/#\/schema\/logo\/image\/\"}}]}<\/script>\n<!-- \/ Yoast SEO plugin. -->","yoast_head_json":{"title":"Paneles de pared de lana de roca de fibra de vidrio - Panel Sandwich Shang He","description":"Los paneles de pared de lana de roca de fibra de vidrio tienen excelentes propiedades de aislamiento t\u00e9rmico, ac\u00fastico y a prueba de incendios.","robots":{"index":"index","follow":"follow","max-snippet":"max-snippet:-1","max-image-preview":"max-image-preview:large","max-video-preview":"max-video-preview:-1"},"canonical":"https:\/\/shanghepanel.com\/es\/product\/glass-fiber-rock-wool-wall-panels\/","og_locale":"es_ES","og_type":"article","og_title":"Glass Fiber Rock Wool Wall Panels - Shang He Sandwich Panel","og_description":"Glass fiber rock wool sandwich wall panels have excellent thermal insulation , sound insulation and fireproof properties.","og_url":"https:\/\/shanghepanel.com\/es\/product\/glass-fiber-rock-wool-wall-panels\/","og_site_name":"Shang He Sandwich Panel","article_modified_time":"2025-06-05T06:09:14+00:00","og_image":[{"width":800,"height":800,"url":"https:\/\/shanghepanel.com\/wp-content\/uploads\/2024\/07\/GW-zt-13.jpg","type":"image\/jpeg"}],"twitter_card":"summary_large_image","twitter_misc":{"Tiempo de lectura":"1 minuto"},"schema":{"@context":"https:\/\/schema.org","@graph":[{"@type":"WebPage","@id":"https:\/\/shanghepanel.com\/product\/glass-fiber-rock-wool-wall-panels\/","url":"https:\/\/shanghepanel.com\/product\/glass-fiber-rock-wool-wall-panels\/","name":"Paneles de pared de lana de roca de fibra de vidrio - Panel Sandwich Shang He","isPartOf":{"@id":"https:\/\/shanghepanel.com\/#website"},"primaryImageOfPage":{"@id":"https:\/\/shanghepanel.com\/product\/glass-fiber-rock-wool-wall-panels\/#primaryimage"},"image":{"@id":"https:\/\/shanghepanel.com\/product\/glass-fiber-rock-wool-wall-panels\/#primaryimage"},"thumbnailUrl":"https:\/\/shanghepanel.com\/wp-content\/uploads\/2024\/07\/GW-zt-13.jpg","datePublished":"2024-07-31T03:27:56+00:00","dateModified":"2025-06-05T06:09:14+00:00","description":"Los paneles de pared de lana de roca de fibra de vidrio tienen excelentes propiedades de aislamiento t\u00e9rmico, ac\u00fastico y a prueba de incendios.","breadcrumb":{"@id":"https:\/\/shanghepanel.com\/product\/glass-fiber-rock-wool-wall-panels\/#breadcrumb"},"inLanguage":"es","potentialAction":[{"@type":"ReadAction","target":["https:\/\/shanghepanel.com\/product\/glass-fiber-rock-wool-wall-panels\/"]}]},{"@type":"ImageObject","inLanguage":"es","@id":"https:\/\/shanghepanel.com\/product\/glass-fiber-rock-wool-wall-panels\/#primaryimage","url":"https:\/\/shanghepanel.com\/wp-content\/uploads\/2024\/07\/GW-zt-13.jpg","contentUrl":"https:\/\/shanghepanel.com\/wp-content\/uploads\/2024\/07\/GW-zt-13.jpg","width":800,"height":800},{"@type":"BreadcrumbList","@id":"https:\/\/shanghepanel.com\/product\/glass-fiber-rock-wool-wall-panels\/#breadcrumb","itemListElement":[{"@type":"ListItem","position":1,"name":"\u9996\u9875","item":"https:\/\/shanghepanel.com\/en\/"},{"@type":"ListItem","position":2,"name":"\u4ea7\u54c1","item":"https:\/\/shanghepanel.com\/index.php\/shop\/"},{"@type":"ListItem","position":3,"name":"Glass Fiber Rock Wool Wall Panels"}]},{"@type":"WebSite","@id":"https:\/\/shanghepanel.com\/#website","url":"https:\/\/shanghepanel.com\/","name":"shanghepanel.com","description":"","publisher":{"@id":"https:\/\/shanghepanel.com\/#organization"},"potentialAction":[{"@type":"SearchAction","target":{"@type":"EntryPoint","urlTemplate":"https:\/\/shanghepanel.com\/?s={search_term_string}"},"query-input":{"@type":"PropertyValueSpecification","valueRequired":true,"valueName":"search_term_string"}}],"inLanguage":"es"},{"@type":"Organization","@id":"https:\/\/shanghepanel.com\/#organization","name":"Shandong ShangHe Ingenier\u00eda de Construcci\u00f3n Nueva, S.L.","url":"https:\/\/shanghepanel.com\/","logo":{"@type":"ImageObject","inLanguage":"es","@id":"https:\/\/shanghepanel.com\/#\/schema\/logo\/image\/","url":"https:\/\/shanghepanel.com\/wp-content\/uploads\/2024\/03\/logo-1.png","contentUrl":"https:\/\/shanghepanel.com\/wp-content\/uploads\/2024\/03\/logo-1.png","width":800,"height":800,"caption":"Shandong ShangHe New Construction Engineering Co., ltd."},"image":{"@id":"https:\/\/shanghepanel.com\/#\/schema\/logo\/image\/"}}]}},"_links":{"self":[{"href":"https:\/\/shanghepanel.com\/es\/wp-json\/wp\/v2\/product\/3728","targetHints":{"allow":["GET"]}}],"collection":[{"href":"https:\/\/shanghepanel.com\/es\/wp-json\/wp\/v2\/product"}],"about":[{"href":"https:\/\/shanghepanel.com\/es\/wp-json\/wp\/v2\/types\/product"}],"replies":[{"embeddable":true,"href":"https:\/\/shanghepanel.com\/es\/wp-json\/wp\/v2\/comments?post=3728"}],"version-history":[{"count":0,"href":"https:\/\/shanghepanel.com\/es\/wp-json\/wp\/v2\/product\/3728\/revisions"}],"wp:featuredmedia":[{"embeddable":true,"href":"https:\/\/shanghepanel.com\/es\/wp-json\/wp\/v2\/media\/3733"}],"wp:attachment":[{"href":"https:\/\/shanghepanel.com\/es\/wp-json\/wp\/v2\/media?parent=3728"}],"wp:term":[{"taxonomy":"product_brand","embeddable":true,"href":"https:\/\/shanghepanel.com\/es\/wp-json\/wp\/v2\/product_brand?post=3728"},{"taxonomy":"product_cat","embeddable":true,"href":"https:\/\/shanghepanel.com\/es\/wp-json\/wp\/v2\/product_cat?post=3728"},{"taxonomy":"product_tag","embeddable":true,"href":"https:\/\/shanghepanel.com\/es\/wp-json\/wp\/v2\/product_tag?post=3728"}],"curies":[{"name":"wp","href":"https:\/\/api.w.org\/{rel}","templated":true}]}}