{"id":4898,"date":"2025-05-20T14:26:56","date_gmt":"2025-05-20T06:26:56","guid":{"rendered":"https:\/\/shanghepanel.com\/?post_type=product&#038;p=4898"},"modified":"2025-06-05T14:08:53","modified_gmt":"2025-06-05T06:08:53","slug":"marble-decorative-panels-%e5%a4%8d%e5%88%b6","status":"publish","type":"product","link":"https:\/\/shanghepanel.com\/es\/product\/marble-decorative-panels-%e5%a4%8d%e5%88%b6\/","title":{"rendered":"Paneles Decorativos de M\u00e1rmol-1"},"content":{"rendered":"<div data-elementor-type=\"product-post\" data-elementor-id=\"4898\" class=\"elementor elementor-4898\" data-elementor-post-type=\"product\">\n\t\t\t\t<div class=\"elementor-element elementor-element-4766956a e-flex e-con-boxed e-con e-parent\" data-id=\"4766956a\" data-element_type=\"container\">\n\t\t\t\t\t<div class=\"e-con-inner\">\n\t\t\t\t<div class=\"elementor-element elementor-element-37286890 elementor-widget elementor-widget-text-editor\" data-id=\"37286890\" data-element_type=\"widget\" data-widget_type=\"text-editor.default\">\n\t\t\t\t<div class=\"elementor-widget-container\">\n\t\t\t\t\t\t\t\t\tPaneles s\u00e1ndwich decorativos de aislamiento con textura de m\u00e1rmol, con la apariencia elegante del m\u00e1rmol y el excelente rendimiento de los paneles de aislamiento, son una opci\u00f3n ideal para la decoraci\u00f3n arquitect\u00f3nica moderna. El producto tiene un excelente aislamiento t\u00e9rmico, ac\u00fastico y reducci\u00f3n de ruido, adem\u00e1s de funciones ign\u00edfugas, impermeables y resistentes a la humedad, lo que puede mejorar eficazmente la comodidad y durabilidad del edificio.\n\nLos paneles s\u00e1ndwich decorativos de aislamiento con textura de m\u00e1rmol se utilizan ampliamente en decoraci\u00f3n interior y exterior, como hoteles, centros comerciales, edificios de oficinas, residencias, etc. El producto puede usarse en paredes, techos, particiones y otras partes, lo que a\u00f1ade un toque lujoso y noble al espacio del edificio.\n\nLos paneles s\u00e1ndwich decorativos de aislamiento con textura de m\u00e1rmol que son ecol\u00f3gicos utilizan materiales verdes y respetuosos con el medio ambiente, no contienen sustancias nocivas como formaldeh\u00eddo y cumplen con los requisitos de edificios verdes. El producto puede reducir eficazmente el consumo energ\u00e9tico del edificio, disminuir las emisiones de carbono y contribuir a la protecci\u00f3n del medio ambiente.\n\n\u00bfQuieres que tu edificio sea m\u00e1s lujoso? \u00a1Los paneles s\u00e1ndwich decorativos de aislamiento con textura de m\u00e1rmol son tu mejor opci\u00f3n! El producto no solo proporciona un excelente rendimiento de aislamiento para el edificio, sino que tambi\u00e9n crea un ambiente espacial de alta gama y atmosf\u00e9rico. Es una opci\u00f3n moderna para la decoraci\u00f3n arquitect\u00f3nica.\t\t\t\t\t\t\t\t<\/div>\n\t\t\t\t<\/div>\n\t\t\t\t\t<\/div>\n\t\t\t\t<\/div>\n\t\t<div class=\"elementor-element elementor-element-8d6325c e-flex e-con-boxed e-con e-parent\" data-id=\"8d6325c\" data-element_type=\"container\">\n\t\t\t\t\t<div class=\"e-con-inner\">\n\t\t\t\t\t<\/div>\n\t\t\t\t<\/div>\n\t\t<div class=\"elementor-element elementor-element-a48910f e-flex e-con-boxed e-con e-parent\" data-id=\"a48910f\" data-element_type=\"container\">\n\t\t\t\t\t<div class=\"e-con-inner\">\n\t\t\t\t\t<\/div>\n\t\t\t\t<\/div>\n\t\t\t\t<\/div>","protected":false},"excerpt":{"rendered":"<p>Nuestros <strong>panel s\u00e1ndwich decorativo de aislamiento t\u00e9rmico con patr\u00f3n de m\u00e1rmol<\/strong> combina la elegancia del m\u00e1rmol con el rendimiento superior de los materiales de aislamiento. Ofrece un excelente aislamiento t\u00e9rmico, insonorizaci\u00f3n y resistencia al fuego, lo que lo convierte en una opci\u00f3n ideal para la decoraci\u00f3n arquitect\u00f3nica moderna.<\/p>\n<p>&nbsp;<\/p>","protected":false},"featured_media":3783,"comment_status":"open","ping_status":"closed","template":"","meta":[],"product_brand":[],"product_cat":[33],"product_tag":[48,29,49],"class_list":{"0":"post-4898","1":"product","2":"type-product","3":"status-publish","4":"has-post-thumbnail","6":"product_cat-metal-carved-board","7":"product_tag-marble","8":"product_tag-wall-board","9":"product_tag-wall-panel","11":"first","12":"instock","13":"shipping-taxable","14":"product-type-simple"},"yoast_head":"<!-- This site is optimized with the Yoast SEO plugin v24.2 - https:\/\/yoast.com\/wordpress\/plugins\/seo\/ -->\n<title>Marble Decorative Panels-1 - Shang He Sandwich Panel<\/title>\n<meta name=\"description\" content=\"Marble texture insulation decorative sandwich panels use advanced technology to perfectly combine marble texture with high-performance insulation materials.\" \/>\n<meta name=\"robots\" content=\"index, follow, max-snippet:-1, max-image-preview:large, max-video-preview:-1\" \/>\n<link rel=\"canonical\" href=\"https:\/\/shanghepanel.com\/es\/product\/marble-decorative-panels-\u590d\u5236\/\" \/>\n<meta property=\"og:locale\" content=\"es_ES\" \/>\n<meta property=\"og:type\" content=\"article\" \/>\n<meta property=\"og:title\" content=\"Marble Decorative Panels-1 - Shang He Sandwich Panel\" \/>\n<meta property=\"og:description\" content=\"Marble texture insulation decorative sandwich panels use advanced technology to perfectly combine marble texture with high-performance insulation materials.\" \/>\n<meta property=\"og:url\" content=\"https:\/\/shanghepanel.com\/es\/product\/marble-decorative-panels-\u590d\u5236\/\" \/>\n<meta property=\"og:site_name\" content=\"Shang He Sandwich Panel\" \/>\n<meta property=\"article:modified_time\" content=\"2025-06-05T06:08:53+00:00\" \/>\n<meta property=\"og:image\" content=\"https:\/\/shanghepanel.com\/wp-content\/uploads\/2024\/07\/B-zt-12.jpg\" \/>\n\t<meta property=\"og:image:width\" content=\"800\" \/>\n\t<meta property=\"og:image:height\" content=\"800\" \/>\n\t<meta property=\"og:image:type\" content=\"image\/jpeg\" \/>\n<meta name=\"twitter:card\" content=\"summary_large_image\" \/>\n<meta name=\"twitter:label1\" content=\"Tiempo de lectura\" \/>\n\t<meta name=\"twitter:data1\" content=\"2 minutos\" \/>\n<script type=\"application\/ld+json\" class=\"yoast-schema-graph\">{\"@context\":\"https:\/\/schema.org\",\"@graph\":[{\"@type\":\"WebPage\",\"@id\":\"https:\/\/shanghepanel.com\/product\/marble-decorative-panels-%e5%a4%8d%e5%88%b6\/\",\"url\":\"https:\/\/shanghepanel.com\/product\/marble-decorative-panels-%e5%a4%8d%e5%88%b6\/\",\"name\":\"Marble Decorative Panels-1 - Shang He Sandwich Panel\",\"isPartOf\":{\"@id\":\"https:\/\/shanghepanel.com\/#website\"},\"primaryImageOfPage\":{\"@id\":\"https:\/\/shanghepanel.com\/product\/marble-decorative-panels-%e5%a4%8d%e5%88%b6\/#primaryimage\"},\"image\":{\"@id\":\"https:\/\/shanghepanel.com\/product\/marble-decorative-panels-%e5%a4%8d%e5%88%b6\/#primaryimage\"},\"thumbnailUrl\":\"https:\/\/shanghepanel.com\/wp-content\/uploads\/2024\/07\/B-zt-12.jpg\",\"datePublished\":\"2025-05-20T06:26:56+00:00\",\"dateModified\":\"2025-06-05T06:08:53+00:00\",\"description\":\"Marble texture insulation decorative sandwich panels use advanced technology to perfectly combine marble texture with high-performance insulation materials.\",\"breadcrumb\":{\"@id\":\"https:\/\/shanghepanel.com\/product\/marble-decorative-panels-%e5%a4%8d%e5%88%b6\/#breadcrumb\"},\"inLanguage\":\"es\",\"potentialAction\":[{\"@type\":\"ReadAction\",\"target\":[\"https:\/\/shanghepanel.com\/product\/marble-decorative-panels-%e5%a4%8d%e5%88%b6\/\"]}]},{\"@type\":\"ImageObject\",\"inLanguage\":\"es\",\"@id\":\"https:\/\/shanghepanel.com\/product\/marble-decorative-panels-%e5%a4%8d%e5%88%b6\/#primaryimage\",\"url\":\"https:\/\/shanghepanel.com\/wp-content\/uploads\/2024\/07\/B-zt-12.jpg\",\"contentUrl\":\"https:\/\/shanghepanel.com\/wp-content\/uploads\/2024\/07\/B-zt-12.jpg\",\"width\":800,\"height\":800},{\"@type\":\"BreadcrumbList\",\"@id\":\"https:\/\/shanghepanel.com\/product\/marble-decorative-panels-%e5%a4%8d%e5%88%b6\/#breadcrumb\",\"itemListElement\":[{\"@type\":\"ListItem\",\"position\":1,\"name\":\"\u9996\u9875\",\"item\":\"https:\/\/shanghepanel.com\/en\/\"},{\"@type\":\"ListItem\",\"position\":2,\"name\":\"\u4ea7\u54c1\",\"item\":\"https:\/\/shanghepanel.com\/index.php\/shop\/\"},{\"@type\":\"ListItem\",\"position\":3,\"name\":\"Marble Decorative Panels-1\"}]},{\"@type\":\"WebSite\",\"@id\":\"https:\/\/shanghepanel.com\/#website\",\"url\":\"https:\/\/shanghepanel.com\/\",\"name\":\"shanghepanel.com\",\"description\":\"\",\"publisher\":{\"@id\":\"https:\/\/shanghepanel.com\/#organization\"},\"potentialAction\":[{\"@type\":\"SearchAction\",\"target\":{\"@type\":\"EntryPoint\",\"urlTemplate\":\"https:\/\/shanghepanel.com\/?s={search_term_string}\"},\"query-input\":{\"@type\":\"PropertyValueSpecification\",\"valueRequired\":true,\"valueName\":\"search_term_string\"}}],\"inLanguage\":\"es\"},{\"@type\":\"Organization\",\"@id\":\"https:\/\/shanghepanel.com\/#organization\",\"name\":\"Shandong ShangHe New Construction Engineering Co., ltd.\",\"url\":\"https:\/\/shanghepanel.com\/\",\"logo\":{\"@type\":\"ImageObject\",\"inLanguage\":\"es\",\"@id\":\"https:\/\/shanghepanel.com\/#\/schema\/logo\/image\/\",\"url\":\"https:\/\/shanghepanel.com\/wp-content\/uploads\/2024\/03\/logo-1.png\",\"contentUrl\":\"https:\/\/shanghepanel.com\/wp-content\/uploads\/2024\/03\/logo-1.png\",\"width\":800,\"height\":800,\"caption\":\"Shandong ShangHe New Construction Engineering Co., ltd.\"},\"image\":{\"@id\":\"https:\/\/shanghepanel.com\/#\/schema\/logo\/image\/\"}}]}<\/script>\n<!-- \/ Yoast SEO plugin. -->","yoast_head_json":{"title":"Paneles Decorativos de M\u00e1rmol-1 - Panel S\u00e1ndwich Shang He","description":"Los paneles s\u00e1ndwich decorativos de aislamiento con textura de m\u00e1rmol utilizan tecnolog\u00eda avanzada para combinar perfectamente la textura de m\u00e1rmol con materiales de aislamiento de alto rendimiento.","robots":{"index":"index","follow":"follow","max-snippet":"max-snippet:-1","max-image-preview":"max-image-preview:large","max-video-preview":"max-video-preview:-1"},"canonical":"https:\/\/shanghepanel.com\/es\/product\/marble-decorative-panels-\u590d\u5236\/","og_locale":"es_ES","og_type":"article","og_title":"Marble Decorative Panels-1 - Shang He Sandwich Panel","og_description":"Marble texture insulation decorative sandwich panels use advanced technology to perfectly combine marble texture with high-performance insulation materials.","og_url":"https:\/\/shanghepanel.com\/es\/product\/marble-decorative-panels-\u590d\u5236\/","og_site_name":"Shang He Sandwich Panel","article_modified_time":"2025-06-05T06:08:53+00:00","og_image":[{"width":800,"height":800,"url":"https:\/\/shanghepanel.com\/wp-content\/uploads\/2024\/07\/B-zt-12.jpg","type":"image\/jpeg"}],"twitter_card":"summary_large_image","twitter_misc":{"Tiempo de lectura":"2 minutos"},"schema":{"@context":"https:\/\/schema.org","@graph":[{"@type":"WebPage","@id":"https:\/\/shanghepanel.com\/product\/marble-decorative-panels-%e5%a4%8d%e5%88%b6\/","url":"https:\/\/shanghepanel.com\/product\/marble-decorative-panels-%e5%a4%8d%e5%88%b6\/","name":"Paneles Decorativos de M\u00e1rmol-1 - Panel S\u00e1ndwich Shang He","isPartOf":{"@id":"https:\/\/shanghepanel.com\/#website"},"primaryImageOfPage":{"@id":"https:\/\/shanghepanel.com\/product\/marble-decorative-panels-%e5%a4%8d%e5%88%b6\/#primaryimage"},"image":{"@id":"https:\/\/shanghepanel.com\/product\/marble-decorative-panels-%e5%a4%8d%e5%88%b6\/#primaryimage"},"thumbnailUrl":"https:\/\/shanghepanel.com\/wp-content\/uploads\/2024\/07\/B-zt-12.jpg","datePublished":"2025-05-20T06:26:56+00:00","dateModified":"2025-06-05T06:08:53+00:00","description":"Los paneles s\u00e1ndwich decorativos de aislamiento con textura de m\u00e1rmol utilizan tecnolog\u00eda avanzada para combinar perfectamente la textura de m\u00e1rmol con materiales de aislamiento de alto rendimiento.","breadcrumb":{"@id":"https:\/\/shanghepanel.com\/product\/marble-decorative-panels-%e5%a4%8d%e5%88%b6\/#breadcrumb"},"inLanguage":"es","potentialAction":[{"@type":"ReadAction","target":["https:\/\/shanghepanel.com\/product\/marble-decorative-panels-%e5%a4%8d%e5%88%b6\/"]}]},{"@type":"ImageObject","inLanguage":"es","@id":"https:\/\/shanghepanel.com\/product\/marble-decorative-panels-%e5%a4%8d%e5%88%b6\/#primaryimage","url":"https:\/\/shanghepanel.com\/wp-content\/uploads\/2024\/07\/B-zt-12.jpg","contentUrl":"https:\/\/shanghepanel.com\/wp-content\/uploads\/2024\/07\/B-zt-12.jpg","width":800,"height":800},{"@type":"BreadcrumbList","@id":"https:\/\/shanghepanel.com\/product\/marble-decorative-panels-%e5%a4%8d%e5%88%b6\/#breadcrumb","itemListElement":[{"@type":"ListItem","position":1,"name":"\u9996\u9875","item":"https:\/\/shanghepanel.com\/en\/"},{"@type":"ListItem","position":2,"name":"\u4ea7\u54c1","item":"https:\/\/shanghepanel.com\/index.php\/shop\/"},{"@type":"ListItem","position":3,"name":"Marble Decorative Panels-1"}]},{"@type":"WebSite","@id":"https:\/\/shanghepanel.com\/#website","url":"https:\/\/shanghepanel.com\/","name":"shanghepanel.com","description":"","publisher":{"@id":"https:\/\/shanghepanel.com\/#organization"},"potentialAction":[{"@type":"SearchAction","target":{"@type":"EntryPoint","urlTemplate":"https:\/\/shanghepanel.com\/?s={search_term_string}"},"query-input":{"@type":"PropertyValueSpecification","valueRequired":true,"valueName":"search_term_string"}}],"inLanguage":"es"},{"@type":"Organization","@id":"https:\/\/shanghepanel.com\/#organization","name":"Shandong ShangHe Ingenier\u00eda de Construcci\u00f3n Nueva, S.L.","url":"https:\/\/shanghepanel.com\/","logo":{"@type":"ImageObject","inLanguage":"es","@id":"https:\/\/shanghepanel.com\/#\/schema\/logo\/image\/","url":"https:\/\/shanghepanel.com\/wp-content\/uploads\/2024\/03\/logo-1.png","contentUrl":"https:\/\/shanghepanel.com\/wp-content\/uploads\/2024\/03\/logo-1.png","width":800,"height":800,"caption":"Shandong ShangHe New Construction Engineering Co., ltd."},"image":{"@id":"https:\/\/shanghepanel.com\/#\/schema\/logo\/image\/"}}]}},"_links":{"self":[{"href":"https:\/\/shanghepanel.com\/es\/wp-json\/wp\/v2\/product\/4898","targetHints":{"allow":["GET"]}}],"collection":[{"href":"https:\/\/shanghepanel.com\/es\/wp-json\/wp\/v2\/product"}],"about":[{"href":"https:\/\/shanghepanel.com\/es\/wp-json\/wp\/v2\/types\/product"}],"replies":[{"embeddable":true,"href":"https:\/\/shanghepanel.com\/es\/wp-json\/wp\/v2\/comments?post=4898"}],"version-history":[{"count":0,"href":"https:\/\/shanghepanel.com\/es\/wp-json\/wp\/v2\/product\/4898\/revisions"}],"wp:featuredmedia":[{"embeddable":true,"href":"https:\/\/shanghepanel.com\/es\/wp-json\/wp\/v2\/media\/3783"}],"wp:attachment":[{"href":"https:\/\/shanghepanel.com\/es\/wp-json\/wp\/v2\/media?parent=4898"}],"wp:term":[{"taxonomy":"product_brand","embeddable":true,"href":"https:\/\/shanghepanel.com\/es\/wp-json\/wp\/v2\/product_brand?post=4898"},{"taxonomy":"product_cat","embeddable":true,"href":"https:\/\/shanghepanel.com\/es\/wp-json\/wp\/v2\/product_cat?post=4898"},{"taxonomy":"product_tag","embeddable":true,"href":"https:\/\/shanghepanel.com\/es\/wp-json\/wp\/v2\/product_tag?post=4898"}],"curies":[{"name":"wp","href":"https:\/\/api.w.org\/{rel}","templated":true}]}}