{"id":5003,"date":"2025-05-23T17:48:55","date_gmt":"2025-05-23T09:48:55","guid":{"rendered":"https:\/\/shanghepanel.com\/?post_type=product&#038;p=5003"},"modified":"2025-06-05T14:06:10","modified_gmt":"2025-06-05T06:06:10","slug":"aluminum-sandwich-panels","status":"publish","type":"product","link":"https:\/\/shanghepanel.com\/es\/product\/aluminum-sandwich-panels\/","title":{"rendered":"Paneles Sandwich de Aluminio Probados seg\u00fan ASTM"},"content":{"rendered":"<h2 style=\"text-align: center;\"><strong>C\u00f3mo los Paneles Compuestos Revolucionan la Construcci\u00f3n Moderna<\/strong><\/h2>\n<p class=\"ds-markdown-paragraph\"><span>Los paneles compuestos est\u00e1n cambiando las reglas del juego en la construcci\u00f3n, ofreciendo una combinaci\u00f3n de durabilidad y flexibilidad en el dise\u00f1o. A diferencia de los materiales tradicionales, los paneles compuestos de aluminio (ACP) combinan l\u00e1minas de aluminio livianas con capas centrales como polietileno (PE), creando estructuras que resisten deformaciones y condiciones clim\u00e1ticas adversas. Por ejemplo, los proyectos certificados LEED suelen usar ACP por su eficiencia energ\u00e9tica y reciclabilidad. A los arquitectos les encanta c\u00f3mo estos paneles mantienen su acabado durante d\u00e9cadas, incluso en zonas costeras propensas a la salitre. Ya sea un rascacielos o una tienda minorista, los paneles compuestos ofrecen alto rendimiento sin sacrificar la est\u00e9tica.<\/span><\/p>\n<h3 style=\"text-align: center;\"><strong>Las Fortalezas Ocultas de la Tecnolog\u00eda de Paneles S\u00e1ndwich<\/strong><\/h3>\n<p class=\"ds-markdown-paragraph\"><span>Los paneles s\u00e1ndwich no son solo capas de material: est\u00e1n dise\u00f1ados para ofrecer la m\u00e1xima resistencia. En su n\u00facleo, materiales como lana mineral o espuma de PE act\u00faan como aislantes, mientras que las l\u00e1minas de aluminio en el exterior soportan cargas pesadas y condiciones clim\u00e1ticas extremas. Pi\u00e9nselo como la \u201cred de seguridad\u201d de las fachadas de los edificios. Un estudio de 2021 realizado por MIT destac\u00f3 c\u00f3mo los dise\u00f1os de paneles s\u00e1ndwich reducen los costos energ\u00e9ticos hasta en un 30% en edificios comerciales. Desde hangares de aeropuertos hasta instalaciones de almacenamiento en fr\u00edo, estos paneles est\u00e1n dise\u00f1ados para superar a las alternativas de una sola capa.<\/span><\/p>\n<hr \/>\n<table style=\"border-collapse: collapse; width: 1369px; height: 337px;\" border=\"0\" width=\"1354\" cellspacing=\"0\" cellpadding=\"0\">\n<tbody>\n<tr style=\"height: 22.50pt;\">\n<td class=\"et3\" style=\"height: 22.5pt; width: 1015.5pt; text-align: center;\" colspan=\"4\" width=\"1354\" height=\"30\">\n<h3><span style=\"color: #000000;\">Atributos importantes<\/span><\/h3>\n<\/td>\n<\/tr>\n<tr style=\"height: 22.50pt;\">\n<td class=\"et4\" style=\"height: 22.5pt; text-align: center;\" height=\"30\">dise\u00f1o<\/td>\n<td class=\"et4\" style=\"text-align: center;\">la era presente<\/td>\n<td class=\"et4\" style=\"text-align: center;\">Servicio postventa<\/td>\n<td class=\"et4\" style=\"text-align: center;\">Soporte t\u00e9cnico en l\u00ednea, Otros<\/td>\n<\/tr>\n<tr style=\"height: 22.50pt;\">\n<td class=\"et5\" style=\"height: 22.5pt; text-align: center;\" height=\"30\">Origen<\/td>\n<td class=\"et5\" style=\"text-align: center;\">Shandong, China<\/td>\n<td class=\"et5\" style=\"text-align: center;\">Escenarios de Aplicaci\u00f3n<\/td>\n<td class=\"et5\" style=\"text-align: center;\">Almac\u00e9n<\/td>\n<\/tr>\n<tr style=\"height: 23.25pt;\">\n<td class=\"et5\" style=\"height: 23.25pt; text-align: center;\" height=\"31\">Marca<\/td>\n<td class=\"et5\" style=\"text-align: center;\">SH<\/td>\n<td class=\"et5\" style=\"text-align: center;\">Servicio de Garant\u00eda<\/td>\n<td class=\"et6\" style=\"width: 238.5pt; text-align: center;\" width=\"318\">panel sandwich de metal<\/td>\n<\/tr>\n<tr style=\"height: 22.50pt;\">\n<td class=\"et5\" style=\"height: 22.5pt; text-align: center;\" height=\"30\">Material del panel<\/td>\n<td class=\"et5\" style=\"text-align: center;\">Metal<\/td>\n<td class=\"et5\" style=\"text-align: center;\">Modelos<\/td>\n<td class=\"et5\" style=\"text-align: center;\">PU de 150mm SH<\/td>\n<\/tr>\n<tr style=\"height: 23.25pt;\">\n<td class=\"et5\" style=\"height: 23.25pt; text-align: center;\" height=\"31\">Uso<\/td>\n<td class=\"et7\" style=\"width: 256.5pt; text-align: center;\" width=\"342\">Decoraci\u00f3n exterior<\/td>\n<td class=\"et8\" style=\"width: 195pt; text-align: center;\" width=\"260\">Nombre del Producto<\/td>\n<td class=\"et5\" style=\"text-align: center;\">paneles s\u00e1ndwich de aluminio<\/td>\n<\/tr>\n<tr style=\"height: 23.25pt;\">\n<td class=\"et5\" style=\"height: 23.25pt; text-align: center;\" height=\"31\">Material de Superficie<\/td>\n<td class=\"et9\" style=\"width: 256.5pt; text-align: center;\" width=\"342\">Met\u00e1lico<\/td>\n<td class=\"et5\" style=\"text-align: center;\">Pedido M\u00ednimo<\/td>\n<td class=\"et5\" style=\"text-align: center;\">Personalizaci\u00f3n<\/td>\n<\/tr>\n<tr style=\"height: 22.50pt;\">\n<td class=\"et5\" style=\"height: 22.5pt; text-align: center;\" height=\"30\">Grosor<\/td>\n<td class=\"et5\" style=\"text-align: center;\">16MM\/20MM\/25MM<\/td>\n<td class=\"et5\" style=\"text-align: center;\">Color<\/td>\n<td class=\"et5\" style=\"text-align: center;\">Rojo brillante, bermell\u00f3n, lima, azul celeste, aguamarina, verde guisante o personalizado<\/td>\n<\/tr>\n<tr style=\"height: 22.50pt;\">\n<td class=\"et10\" style=\"height: 22.5pt; text-align: center;\" height=\"30\">Ancho<\/td>\n<td class=\"et2\" style=\"text-align: center;\">100mm,120mm,150mm,200mm<\/td>\n<td class=\"et2\"><\/td>\n<td class=\"et2\"><\/td>\n<\/tr>\n<\/tbody>\n<\/table>\n<h4 style=\"text-align: center;\"><span style=\"color: #000000;\"><strong>Por qu\u00e9 los Paneles de Aluminio de Alta Calidad Valen Cada Centavo<\/strong><\/span><\/h4>\n<p class=\"ds-markdown-paragraph\"><span>Los paneles s\u00e1ndwich de aluminio de alta calidad son una inversi\u00f3n, no un gasto. Las imitaciones baratas pueden ahorrar dinero inicialmente, pero se agrietan o decoloran bajo exposici\u00f3n UV. Los paneles premium, como los que tienen recubrimiento PVDF, permanecen vibrantes y resistentes a abolladuras durante m\u00e1s de 20 a\u00f1os. Toma el Burj Khalifa: su fachada utiliza materiales compuestos de aluminio de primera calidad para soportar el calor extremo de Dub\u00e1i. Para proyectos donde la longevidad importa, no se pueden hacer recortes en la calidad.<\/span><\/p>\n<hr \/>\n<h5 style=\"text-align: center;\"><strong>Aluminio Resistente a las Condiciones Clim\u00e1ticas: Equipo de Supervivencia para Edificios<\/strong><\/h5>\n<p class=\"ds-markdown-paragraph\"><span>Si tu edificio enfrenta huracanes, nevadas o sol abrasador, los paneles de aluminio resistentes a las condiciones clim\u00e1ticas son imprescindibles. Estos paneles usan una aleaci\u00f3n patentada (como AluGuard\u2122) para prevenir la oxidaci\u00f3n y el decoloramiento. En Madrid, donde los huracanes no son habituales, los contratistas conf\u00edan en su capacidad para soportar vientos de 150 km\/h sin doblarse. Adem\u00e1s, sus acabados recubiertos en polvo repelen la humedad, haciendo que el moho y el \u00f3xido no sean un problema.<\/span><\/p>\n<p class=\"ds-markdown-paragraph\">\n<hr \/>\n<h3 style=\"text-align: center;\"><strong>Paneles Resistentes a la Corrosi\u00f3n: El Secreto de Fachadas Duraderas<\/strong><\/h3>\n<p><span>El agua salada, la lluvia \u00e1cida y la contaminaci\u00f3n atacan los metales comunes, pero no los paneles compuestos de aluminio resistentes a la corrosi\u00f3n. Marcas como Alucobond\u00ae usan un tratamiento de cromo para crear una barrera contra da\u00f1os qu\u00edmicos. La \u00d3pera de Sydney, expuesta diariamente al aire marino, conf\u00eda en tecnolog\u00eda similar para mantener su aspecto ic\u00f3nico. Para f\u00e1bricas o viviendas costeras, estos paneles son como una p\u00f3liza de seguro incorporada.<\/span><\/p>","protected":false},"excerpt":{"rendered":"<table style=\"border-collapse: collapse; width: 470.27pt;\" border=\"0\" width=\"627\" cellspacing=\"0\" cellpadding=\"0\">\n<tbody>\n<tr style=\"height: 22.50pt;\">\n<td class=\"et2\" style=\"height: 22.5pt; width: 238.5pt; text-align: center;\" width=\"318\" height=\"30\">Tipo<\/td>\n<td class=\"et2\" style=\"width: 231.75pt; text-align: center;\" width=\"309\">organosilicio<\/td>\n<\/tr>\n<tr style=\"height: 22.50pt;\">\n<td class=\"et2\" style=\"height: 22.5pt; text-align: center;\" height=\"30\">Clasificaci\u00f3n de incendio<\/td>\n<td class=\"et2\" style=\"text-align: center;\">Clase A (ASTM E84)<\/td>\n<\/tr>\n<tr style=\"height: 22.50pt;\">\n<td class=\"et2\" style=\"height: 22.5pt; text-align: center;\" height=\"30\">Resistencia a la compresi\u00f3n<\/td>\n<td class=\"et4\" style=\"text-align: center;\">\u2265300\/kPa<\/td>\n<\/tr>\n<tr style=\"height: 22.50pt;\">\n<td class=\"et2\" style=\"height: 22.5pt; text-align: center;\" height=\"30\">M\u00e9todo de entrega<\/td>\n<td class=\"et2\" style=\"text-align: center;\">mercanc\u00eda en stock<\/td>\n<\/tr>\n<tr style=\"height: 22.50pt;\">\n<td class=\"et5\" style=\"height: 22.5pt; text-align: center;\" colspan=\"2\" height=\"30\">\n<h3><span style=\"color: #ff0000;\">(Haz clic en m\u00ed) para muestras gratuitas<\/span><\/h3>\n<\/td>\n<\/tr>\n<tr style=\"height: 22.50pt;\">\n<td class=\"et7\" style=\"height: 22.5pt; width: 238.5pt; text-align: center;\" width=\"318\" height=\"30\">Tipo de transporte<\/td>\n<td class=\"et2\" style=\"text-align: center;\">Transporte mar\u00edtimo, terrestre y a\u00e9reo<\/td>\n<\/tr>\n<\/tbody>\n<\/table>\n<ul>\n<li>Documentos de cumplimiento RoHS listos para descargar \u2013 \u00a1pasa por la aduana con un clic!<\/li>\n<li>Env\u00edo en 24 horas en Paneles de Sandwich Est\u00e1ndar \u2013 \u00a1M\u00e1s R\u00e1pido Que Pedidos en Leroy Merlin!<\/li>\n<li>Paneles de Sandwich de Encaje R\u00e1pido \u2013 Instala 1000 m\u00b2 en 3 horas (\u00a1Mira a Nuestro Perro Hacerlo!)<\/li>\n<li>Paneles de Sandwich Ign\u00edfugos UL \u2013 Descarga Videos de Pruebas y Certificados al Instante<\/li>\n<li>Promesa de 20 A\u00f1os sin \u00d3xido \u2013 Pagamos $1000 si Tus Paneles de Sandwich de Metal se Corroan<\/li>\n<li>\u00a1Cualquier Forma Posible! Paneles de Sandwich Curvos\/Circulares \u2013 Env\u00eda Boceto, Obt\u00e9n Dise\u00f1o 3D<\/li>\n<li>Dise\u00f1os con IA \u2013 Sube Fotos del Almac\u00e9n, Optimiza los Cortes de Paneles de Sandwich<\/li>\n<li>Embalaje de Grado Militar \u2013 Paneles de Sandwich Da\u00f1ados = Reproducci\u00f3n Gratis + Cr\u00e9dito $500<\/li>\n<\/ul>","protected":false},"featured_media":2265,"comment_status":"open","ping_status":"closed","template":"","meta":[],"product_brand":[],"product_cat":[33],"product_tag":[],"class_list":{"0":"post-5003","1":"product","2":"type-product","3":"status-publish","4":"has-post-thumbnail","6":"product_cat-metal-carved-board","8":"first","9":"instock","10":"shipping-taxable","11":"product-type-simple"},"yoast_head":"<!-- This site is optimized with the Yoast SEO plugin v24.2 - https:\/\/yoast.com\/wordpress\/plugins\/seo\/ -->\n<title>Aluminum Sandwich Panels Astm Tested - Shang He Sandwich Panel<\/title>\n<meta name=\"description\" content=\"aluminum sandwich panels 80% Faster Installation Easy to install, modular design, very simple when installing, to meet your different needs\" \/>\n<meta name=\"robots\" content=\"index, follow, max-snippet:-1, max-image-preview:large, max-video-preview:-1\" \/>\n<link rel=\"canonical\" href=\"https:\/\/shanghepanel.com\/es\/product\/aluminum-sandwich-panels\/\" \/>\n<meta property=\"og:locale\" content=\"es_ES\" \/>\n<meta property=\"og:type\" content=\"article\" \/>\n<meta property=\"og:title\" content=\"Aluminum Sandwich Panels Astm Tested - Shang He Sandwich Panel\" \/>\n<meta property=\"og:description\" content=\"aluminum sandwich panels 80% Faster Installation Easy to install, modular design, very simple when installing, to meet your different needs\" \/>\n<meta property=\"og:url\" content=\"https:\/\/shanghepanel.com\/es\/product\/aluminum-sandwich-panels\/\" \/>\n<meta property=\"og:site_name\" content=\"Shang He Sandwich Panel\" \/>\n<meta property=\"article:modified_time\" content=\"2025-06-05T06:06:10+00:00\" \/>\n<meta property=\"og:image\" content=\"https:\/\/shanghepanel.com\/wp-content\/uploads\/2024\/07\/RW-gc-193.jpg\" \/>\n\t<meta property=\"og:image:width\" content=\"800\" \/>\n\t<meta property=\"og:image:height\" content=\"800\" \/>\n\t<meta property=\"og:image:type\" content=\"image\/jpeg\" \/>\n<meta name=\"twitter:card\" content=\"summary_large_image\" \/>\n<meta name=\"twitter:label1\" content=\"Tiempo de lectura\" \/>\n\t<meta name=\"twitter:data1\" content=\"3 minutos\" \/>\n<script type=\"application\/ld+json\" class=\"yoast-schema-graph\">{\"@context\":\"https:\/\/schema.org\",\"@graph\":[{\"@type\":\"WebPage\",\"@id\":\"https:\/\/shanghepanel.com\/product\/aluminum-sandwich-panels\/\",\"url\":\"https:\/\/shanghepanel.com\/product\/aluminum-sandwich-panels\/\",\"name\":\"Aluminum Sandwich Panels Astm Tested - Shang He Sandwich Panel\",\"isPartOf\":{\"@id\":\"https:\/\/shanghepanel.com\/#website\"},\"primaryImageOfPage\":{\"@id\":\"https:\/\/shanghepanel.com\/product\/aluminum-sandwich-panels\/#primaryimage\"},\"image\":{\"@id\":\"https:\/\/shanghepanel.com\/product\/aluminum-sandwich-panels\/#primaryimage\"},\"thumbnailUrl\":\"https:\/\/shanghepanel.com\/wp-content\/uploads\/2024\/07\/RW-gc-193.jpg\",\"datePublished\":\"2025-05-23T09:48:55+00:00\",\"dateModified\":\"2025-06-05T06:06:10+00:00\",\"description\":\"aluminum sandwich panels 80% Faster Installation Easy to install, modular design, very simple when installing, to meet your different needs\",\"breadcrumb\":{\"@id\":\"https:\/\/shanghepanel.com\/product\/aluminum-sandwich-panels\/#breadcrumb\"},\"inLanguage\":\"es\",\"potentialAction\":[{\"@type\":\"ReadAction\",\"target\":[\"https:\/\/shanghepanel.com\/product\/aluminum-sandwich-panels\/\"]}]},{\"@type\":\"ImageObject\",\"inLanguage\":\"es\",\"@id\":\"https:\/\/shanghepanel.com\/product\/aluminum-sandwich-panels\/#primaryimage\",\"url\":\"https:\/\/shanghepanel.com\/wp-content\/uploads\/2024\/07\/RW-gc-193.jpg\",\"contentUrl\":\"https:\/\/shanghepanel.com\/wp-content\/uploads\/2024\/07\/RW-gc-193.jpg\",\"width\":800,\"height\":800},{\"@type\":\"BreadcrumbList\",\"@id\":\"https:\/\/shanghepanel.com\/product\/aluminum-sandwich-panels\/#breadcrumb\",\"itemListElement\":[{\"@type\":\"ListItem\",\"position\":1,\"name\":\"\u9996\u9875\",\"item\":\"https:\/\/shanghepanel.com\/en\/\"},{\"@type\":\"ListItem\",\"position\":2,\"name\":\"\u4ea7\u54c1\",\"item\":\"https:\/\/shanghepanel.com\/index.php\/shop\/\"},{\"@type\":\"ListItem\",\"position\":3,\"name\":\"Aluminum Sandwich Panels Astm Tested\"}]},{\"@type\":\"WebSite\",\"@id\":\"https:\/\/shanghepanel.com\/#website\",\"url\":\"https:\/\/shanghepanel.com\/\",\"name\":\"shanghepanel.com\",\"description\":\"\",\"publisher\":{\"@id\":\"https:\/\/shanghepanel.com\/#organization\"},\"potentialAction\":[{\"@type\":\"SearchAction\",\"target\":{\"@type\":\"EntryPoint\",\"urlTemplate\":\"https:\/\/shanghepanel.com\/?s={search_term_string}\"},\"query-input\":{\"@type\":\"PropertyValueSpecification\",\"valueRequired\":true,\"valueName\":\"search_term_string\"}}],\"inLanguage\":\"es\"},{\"@type\":\"Organization\",\"@id\":\"https:\/\/shanghepanel.com\/#organization\",\"name\":\"Shandong ShangHe New Construction Engineering Co., ltd.\",\"url\":\"https:\/\/shanghepanel.com\/\",\"logo\":{\"@type\":\"ImageObject\",\"inLanguage\":\"es\",\"@id\":\"https:\/\/shanghepanel.com\/#\/schema\/logo\/image\/\",\"url\":\"https:\/\/shanghepanel.com\/wp-content\/uploads\/2024\/03\/logo-1.png\",\"contentUrl\":\"https:\/\/shanghepanel.com\/wp-content\/uploads\/2024\/03\/logo-1.png\",\"width\":800,\"height\":800,\"caption\":\"Shandong ShangHe New Construction Engineering Co., ltd.\"},\"image\":{\"@id\":\"https:\/\/shanghepanel.com\/#\/schema\/logo\/image\/\"}}]}<\/script>\n<!-- \/ Yoast SEO plugin. -->","yoast_head_json":{"title":"Paneles Sandwich de Aluminio Probados seg\u00fan ASTM - Shang He Sandwich Panel","description":"Paneles sandwich de aluminio 80% Instalaci\u00f3n m\u00e1s r\u00e1pida F\u00e1cil de instalar, dise\u00f1o modular, muy sencillo durante la instalaci\u00f3n, para satisfacer diferentes necesidades","robots":{"index":"index","follow":"follow","max-snippet":"max-snippet:-1","max-image-preview":"max-image-preview:large","max-video-preview":"max-video-preview:-1"},"canonical":"https:\/\/shanghepanel.com\/es\/product\/aluminum-sandwich-panels\/","og_locale":"es_ES","og_type":"article","og_title":"Aluminum Sandwich Panels Astm Tested - Shang He Sandwich Panel","og_description":"aluminum sandwich panels 80% Faster Installation Easy to install, modular design, very simple when installing, to meet your different needs","og_url":"https:\/\/shanghepanel.com\/es\/product\/aluminum-sandwich-panels\/","og_site_name":"Shang He Sandwich Panel","article_modified_time":"2025-06-05T06:06:10+00:00","og_image":[{"width":800,"height":800,"url":"https:\/\/shanghepanel.com\/wp-content\/uploads\/2024\/07\/RW-gc-193.jpg","type":"image\/jpeg"}],"twitter_card":"summary_large_image","twitter_misc":{"Tiempo de lectura":"3 minutos"},"schema":{"@context":"https:\/\/schema.org","@graph":[{"@type":"WebPage","@id":"https:\/\/shanghepanel.com\/product\/aluminum-sandwich-panels\/","url":"https:\/\/shanghepanel.com\/product\/aluminum-sandwich-panels\/","name":"Paneles Sandwich de Aluminio Probados seg\u00fan ASTM - Shang He Sandwich Panel","isPartOf":{"@id":"https:\/\/shanghepanel.com\/#website"},"primaryImageOfPage":{"@id":"https:\/\/shanghepanel.com\/product\/aluminum-sandwich-panels\/#primaryimage"},"image":{"@id":"https:\/\/shanghepanel.com\/product\/aluminum-sandwich-panels\/#primaryimage"},"thumbnailUrl":"https:\/\/shanghepanel.com\/wp-content\/uploads\/2024\/07\/RW-gc-193.jpg","datePublished":"2025-05-23T09:48:55+00:00","dateModified":"2025-06-05T06:06:10+00:00","description":"Paneles sandwich de aluminio 80% Instalaci\u00f3n m\u00e1s r\u00e1pida F\u00e1cil de instalar, dise\u00f1o modular, muy sencillo durante la instalaci\u00f3n, para satisfacer diferentes necesidades","breadcrumb":{"@id":"https:\/\/shanghepanel.com\/product\/aluminum-sandwich-panels\/#breadcrumb"},"inLanguage":"es","potentialAction":[{"@type":"ReadAction","target":["https:\/\/shanghepanel.com\/product\/aluminum-sandwich-panels\/"]}]},{"@type":"ImageObject","inLanguage":"es","@id":"https:\/\/shanghepanel.com\/product\/aluminum-sandwich-panels\/#primaryimage","url":"https:\/\/shanghepanel.com\/wp-content\/uploads\/2024\/07\/RW-gc-193.jpg","contentUrl":"https:\/\/shanghepanel.com\/wp-content\/uploads\/2024\/07\/RW-gc-193.jpg","width":800,"height":800},{"@type":"BreadcrumbList","@id":"https:\/\/shanghepanel.com\/product\/aluminum-sandwich-panels\/#breadcrumb","itemListElement":[{"@type":"ListItem","position":1,"name":"\u9996\u9875","item":"https:\/\/shanghepanel.com\/en\/"},{"@type":"ListItem","position":2,"name":"\u4ea7\u54c1","item":"https:\/\/shanghepanel.com\/index.php\/shop\/"},{"@type":"ListItem","position":3,"name":"Aluminum Sandwich Panels Astm Tested"}]},{"@type":"WebSite","@id":"https:\/\/shanghepanel.com\/#website","url":"https:\/\/shanghepanel.com\/","name":"shanghepanel.com","description":"","publisher":{"@id":"https:\/\/shanghepanel.com\/#organization"},"potentialAction":[{"@type":"SearchAction","target":{"@type":"EntryPoint","urlTemplate":"https:\/\/shanghepanel.com\/?s={search_term_string}"},"query-input":{"@type":"PropertyValueSpecification","valueRequired":true,"valueName":"search_term_string"}}],"inLanguage":"es"},{"@type":"Organization","@id":"https:\/\/shanghepanel.com\/#organization","name":"Shandong ShangHe Ingenier\u00eda de Construcci\u00f3n Nueva, S.L.","url":"https:\/\/shanghepanel.com\/","logo":{"@type":"ImageObject","inLanguage":"es","@id":"https:\/\/shanghepanel.com\/#\/schema\/logo\/image\/","url":"https:\/\/shanghepanel.com\/wp-content\/uploads\/2024\/03\/logo-1.png","contentUrl":"https:\/\/shanghepanel.com\/wp-content\/uploads\/2024\/03\/logo-1.png","width":800,"height":800,"caption":"Shandong ShangHe New Construction Engineering Co., ltd."},"image":{"@id":"https:\/\/shanghepanel.com\/#\/schema\/logo\/image\/"}}]}},"_links":{"self":[{"href":"https:\/\/shanghepanel.com\/es\/wp-json\/wp\/v2\/product\/5003","targetHints":{"allow":["GET"]}}],"collection":[{"href":"https:\/\/shanghepanel.com\/es\/wp-json\/wp\/v2\/product"}],"about":[{"href":"https:\/\/shanghepanel.com\/es\/wp-json\/wp\/v2\/types\/product"}],"replies":[{"embeddable":true,"href":"https:\/\/shanghepanel.com\/es\/wp-json\/wp\/v2\/comments?post=5003"}],"version-history":[{"count":0,"href":"https:\/\/shanghepanel.com\/es\/wp-json\/wp\/v2\/product\/5003\/revisions"}],"wp:featuredmedia":[{"embeddable":true,"href":"https:\/\/shanghepanel.com\/es\/wp-json\/wp\/v2\/media\/2265"}],"wp:attachment":[{"href":"https:\/\/shanghepanel.com\/es\/wp-json\/wp\/v2\/media?parent=5003"}],"wp:term":[{"taxonomy":"product_brand","embeddable":true,"href":"https:\/\/shanghepanel.com\/es\/wp-json\/wp\/v2\/product_brand?post=5003"},{"taxonomy":"product_cat","embeddable":true,"href":"https:\/\/shanghepanel.com\/es\/wp-json\/wp\/v2\/product_cat?post=5003"},{"taxonomy":"product_tag","embeddable":true,"href":"https:\/\/shanghepanel.com\/es\/wp-json\/wp\/v2\/product_tag?post=5003"}],"curies":[{"name":"wp","href":"https:\/\/api.w.org\/{rel}","templated":true}]}}