{"id":5015,"date":"2025-05-26T14:26:23","date_gmt":"2025-05-26T06:26:23","guid":{"rendered":"https:\/\/shanghepanel.com\/?post_type=product&#038;p=5015"},"modified":"2025-06-05T14:05:28","modified_gmt":"2025-06-05T06:05:28","slug":"eps-sandwich-panel","status":"publish","type":"product","link":"https:\/\/shanghepanel.com\/es\/product\/eps-sandwich-panel\/","title":{"rendered":"Panel Sandwich de EPS 80% Instalaci\u00f3n m\u00e1s r\u00e1pida"},"content":{"rendered":"<h2 style=\"text-align: center;\"><span style=\"color: #000080;\"><strong>\u00bfQu\u00e9 hace que los Paneles Sandwich de EPS sean una opci\u00f3n principal para los materiales de construcci\u00f3n modernos?<\/strong><\/span><\/h2>\n<p class=\"ds-markdown-paragraph\"><span>Los paneles sandwich de EPS est\u00e1n cambiando las reglas en la construcci\u00f3n\u2014son ligeros, resistentes y econ\u00f3micos. Estos paneles colocan acero en el exterior con un n\u00facleo de espuma de poliestireno expandido (EPS) en el medio, ofreci\u00e9ndote un aislamiento t\u00e9rmico excepcional y una resistencia s\u00f3lida como una roca. Son perfectos para construir almacenes, f\u00e1bricas o tiendas porque reducen a la mitad el tiempo de construcci\u00f3n en comparaci\u00f3n con los m\u00e9todos tradicionales. Los proyectos certificados LEED los adoran por reducir las facturas de calefacci\u00f3n y refrigeraci\u00f3n en un 30-40%. Adem\u00e1s, puedes ajustar su dise\u00f1o para paredes, techos o incluso divisores. Si buscas algo que funcione duro sin gastar una fortuna, los paneles sandwich de EPS son tu mejor opci\u00f3n.<\/span><\/p>\n<h3 style=\"text-align: center;\"><span style=\"color: #000080;\"><strong>Soluciones en Paneles EPS para la reducci\u00f3n de ruido en construcci\u00f3n urbana<\/strong><\/span><\/h3>\n<p class=\"ds-markdown-paragraph\"><span>\u00bfCansado del ruido de la ciudad? Los paneles sandwich de EPS son como tapones para los o\u00eddos de tu edificio. Ese n\u00facleo de espuma densa absorbe 30 decibelios de ruido\u2014perfecto para apartamentos cerca de aeropuertos o calles concurridas. Tomemos los rascacielos de Madrid: despu\u00e9s de colocar paneles de pared de EPS, el ruido ambiental baj\u00f3 en un 40%. A diferencia del concreto, estos paneles se pueden renovar f\u00e1cilmente. \u00bfConstruyendo un estudio u oficina silenciosa? El EPS convierte el caos sonoro en modo zen.<\/span><\/p>\n<hr \/>\n<table style=\"border-collapse: collapse; width: 1369px; height: 337px;\" border=\"0\" width=\"1354\" cellspacing=\"0\" cellpadding=\"0\">\n<tbody>\n<tr style=\"height: 22.50pt;\">\n<td class=\"et3\" style=\"height: 22.5pt; width: 1015.5pt; text-align: center;\" colspan=\"4\" width=\"1354\" height=\"30\">\n<h3><span style=\"color: #000080;\">Atributos importantes<\/span><\/h3>\n<\/td>\n<\/tr>\n<tr style=\"height: 22.50pt;\">\n<td class=\"et4\" style=\"height: 22.5pt; text-align: center;\" height=\"30\">dise\u00f1o<\/td>\n<td class=\"et4\" style=\"text-align: center;\">la era presente<\/td>\n<td class=\"et4\" style=\"text-align: center;\">Servicio postventa<\/td>\n<td class=\"et4\" style=\"text-align: center;\">Soporte t\u00e9cnico en l\u00ednea, Otros<\/td>\n<\/tr>\n<tr style=\"height: 22.50pt;\">\n<td class=\"et5\" style=\"height: 22.5pt; text-align: center;\" height=\"30\">Origen<\/td>\n<td class=\"et5\" style=\"text-align: center;\">Shandong, China<\/td>\n<td class=\"et5\" style=\"text-align: center;\">Escenarios de Aplicaci\u00f3n<\/td>\n<td class=\"et5\" style=\"text-align: center;\">Almac\u00e9n<\/td>\n<\/tr>\n<tr style=\"height: 23.25pt;\">\n<td class=\"et5\" style=\"height: 23.25pt; text-align: center;\" height=\"31\">Marca<\/td>\n<td class=\"et5\" style=\"text-align: center;\">SH<\/td>\n<td class=\"et5\" style=\"text-align: center;\">Servicio de Garant\u00eda<\/td>\n<td class=\"et6\" style=\"width: 238.5pt; text-align: center;\" width=\"318\">poliuretano<\/td>\n<\/tr>\n<tr style=\"height: 22.50pt;\">\n<td class=\"et5\" style=\"height: 22.5pt; text-align: center;\" height=\"30\">Material del panel<\/td>\n<td class=\"et5\" style=\"text-align: center;\">poliuretano<\/td>\n<td class=\"et5\" style=\"text-align: center;\">Modelos<\/td>\n<td class=\"et5\" style=\"text-align: center;\">SH 150mm<\/td>\n<\/tr>\n<tr style=\"height: 23.25pt;\">\n<td class=\"et5\" style=\"height: 23.25pt; text-align: center;\" height=\"31\">Uso<\/td>\n<td class=\"et7\" style=\"width: 256.5pt; text-align: center;\" width=\"342\">Decoraci\u00f3n exterior<\/td>\n<td class=\"et8\" style=\"width: 195pt; text-align: center;\" width=\"260\">Nombre del Producto<\/td>\n<td class=\"et5\" style=\"text-align: center;\">panel sandwich de EPS<\/td>\n<\/tr>\n<tr style=\"height: 23.25pt;\">\n<td class=\"et5\" style=\"height: 23.25pt; text-align: center;\" height=\"31\">Material de Superficie<\/td>\n<td class=\"et9\" style=\"width: 256.5pt; text-align: center;\" width=\"342\">Met\u00e1lico<\/td>\n<td class=\"et5\" style=\"text-align: center;\">Pedido M\u00ednimo<\/td>\n<td class=\"et5\" style=\"text-align: center;\">Personalizaci\u00f3n<\/td>\n<\/tr>\n<tr style=\"height: 22.50pt;\">\n<td class=\"et5\" style=\"height: 22.5pt; text-align: center;\" height=\"30\">Grosor<\/td>\n<td class=\"et5\" style=\"text-align: center;\">16MM\/20MM\/25MM<\/td>\n<td class=\"et5\" style=\"text-align: center;\">Color<\/td>\n<td class=\"et5\" style=\"text-align: center;\">Rojo brillante, bermell\u00f3n, lima, azul celeste, aguamarina, verde guisante o personalizado<\/td>\n<\/tr>\n<tr style=\"height: 22.50pt;\">\n<td class=\"et10\" style=\"height: 22.5pt; text-align: center;\" height=\"30\">Ancho<\/td>\n<td class=\"et2\" style=\"text-align: center;\">100mm,120mm,150mm,200mm<\/td>\n<td class=\"et2\"><\/td>\n<td class=\"et2\"><\/td>\n<\/tr>\n<\/tbody>\n<\/table>\n<h3 style=\"text-align: center;\"><span style=\"color: #000080;\"><strong>Poliestireno Expandido (EPS): El secreto detr\u00e1s de los paneles sandwich de alto rendimiento<\/strong><\/span><\/h3>\n<p class=\"ds-markdown-paragraph\"><span>Olv\u00eddate de las tazas de caf\u00e9\u2014el EPS es el MVP dentro de los paneles sandwich. Su espuma de celda cerrada combate la humedad, el moho y los insectos, por eso los almacenes refrigerados aprobados por el USDA conf\u00edan en \u00e9l. A diferencia de otros aislamientos que se deforman, el EPS mantiene su valor R (poder aislante) durante d\u00e9cadas. Bonus: es 100% reciclable, encajando perfectamente en los objetivos ecol\u00f3gicos. Desde paredes de casas hasta techos de f\u00e1bricas, esta espuma hace que los paneles sean resistentes y vers\u00e1tiles.<\/span><\/p>\n<hr \/>\n<h3 style=\"text-align: center;\"><span style=\"color: #000080;\"><strong>Paneles Sandwich con n\u00facleo de EPS: construcciones m\u00e1s r\u00e1pidas, resultados m\u00e1s fuertes<\/strong><\/span><\/h3>\n<p class=\"ds-markdown-paragraph\"><span>Los paneles sandwich con n\u00facleo de EPS son el sue\u00f1o de cualquier contratista\u2014ahorran tiempo y dinero. El dise\u00f1o prefabricado permite que los equipos levanten paredes o techos tres veces m\u00e1s r\u00e1pido que con ladrillos y mortero. El almac\u00e9n de Walmart en Texas termin\u00f3 ocho semanas antes usando estos paneles. La combinaci\u00f3n de acero y EPS tambi\u00e9n resiste huracanes, superando las duras pruebas de viento de Miami-Dade. Menos retrasos, clientes m\u00e1s felices\u2014\u00bfqu\u00e9 no se puede amar?<\/span><\/p>\n<h3 style=\"text-align: center;\"><span style=\"color: #000080;\"><strong>\u00bfAislamiento ac\u00fastico? Los paneles sandwich de EPS silencian a la competencia<\/strong><\/span><\/h3>\n<p><span>Los paneles sandwich de EPS no solo sirven para el calor\u2014son expertos en cancelaci\u00f3n de ruido. La espuma rompe las ondas sonoras, haci\u00e9ndolos ideales para hoteles, teatros o viviendas cerca de autopistas. Investigadores de UCLA descubrieron que los paneles de EPS reducen a la mitad el ruido de frecuencia media en comparaci\u00f3n con el tabique. Tambi\u00e9n son m\u00e1s delgados que los m\u00e9todos tradicionales de insonorizaci\u00f3n, ahorrando espacio. \u00bfQuieres silencio sin paredes gruesas? El EPS te cubre.<\/span><\/p>\n<h3 style=\"text-align: center;\"><span style=\"color: #000080;\"><strong>Los edificios de m\u00faltiples vanos aman los paneles sandwich de EPS\u2014Aqu\u00ed te contamos por qu\u00e9<\/strong><\/span><\/h3>\n<p class=\"ds-markdown-paragraph\"><span>Los edificios grandes y abiertos necesitan materiales que soporten largos vanos y cargas pesadas. Aqu\u00ed entran los paneles sandwich de EPS\u2014caras de acero y espuma r\u00edgida los hacen resistentes pero ligeros. Los agricultores los usan para mega-granjas que sobreviven a tractores y tormentas de nieve. Menos columnas de soporte significan espacios amplios, como en la f\u00e1brica de Tesla en Nevada donde los robots se mueven libremente. La eficiencia se combina con la flexibilidad, sin esfuerzo.<\/span><\/p>\n<hr \/>\n<h3 style=\"text-align: center;\"><span style=\"color: #000080;\"><strong>Baja conductividad t\u00e9rmica en paneles de EPS: el mejor amigo de los climas fr\u00edos<\/strong><\/span><\/h3>\n<p class=\"ds-markdown-paragraph\"><span>Los paneles de EPS son campeones del aislamiento porque apenas dejan escapar el calor. Con una conductividad t\u00e9rmica tan baja como 0.030 W\/m\u00b7K, superan a la madera, el concreto y los aerogeles de alta tecnolog\u00eda. \u00bfC\u00f3mo? Las perlas de EPS llenas de aire ralentizan la p\u00e9rdida de calor. Almacenes en el \u00c1rtico u oficinas en el desierto\u2014estos paneles manejan extremos como profesionales.<\/span><\/p>\n<hr \/>\n<p>&nbsp;<\/p>","protected":false},"excerpt":{"rendered":"<table style=\"border-collapse: collapse; width: 470.27pt;\" border=\"0\" width=\"627\" cellspacing=\"0\" cellpadding=\"0\">\n<tbody>\n<tr style=\"height: 22.50pt;\">\n<td class=\"et2\" style=\"height: 22.5pt; width: 238.5pt; text-align: center;\" width=\"318\" height=\"30\">Tipo<\/td>\n<td class=\"et2\" style=\"width: 231.75pt; text-align: center;\" width=\"309\">organosilicio<\/td>\n<\/tr>\n<tr style=\"height: 22.50pt;\">\n<td class=\"et2\" style=\"height: 22.5pt; text-align: center;\" height=\"30\">Clasificaci\u00f3n de incendio<\/td>\n<td class=\"et2\" style=\"text-align: center;\">Clase A (ASTM E84)<\/td>\n<\/tr>\n<tr style=\"height: 22.50pt;\">\n<td class=\"et2\" style=\"height: 22.5pt; text-align: center;\" height=\"30\">Resistencia a la compresi\u00f3n<\/td>\n<td class=\"et4\" style=\"text-align: center;\">\u2265300\/kPa<\/td>\n<\/tr>\n<tr style=\"height: 22.50pt;\">\n<td class=\"et2\" style=\"height: 22.5pt; text-align: center;\" height=\"30\">M\u00e9todo de entrega<\/td>\n<td class=\"et2\" style=\"text-align: center;\">mercanc\u00eda en stock<\/td>\n<\/tr>\n<tr style=\"height: 22.50pt;\">\n<td class=\"et5\" style=\"height: 22.5pt; text-align: center;\" colspan=\"2\" height=\"30\">\n<h3><span style=\"color: #ff0000;\">(Haz clic en m\u00ed) para muestras gratuitas<\/span><\/h3>\n<\/td>\n<\/tr>\n<tr style=\"height: 22.50pt;\">\n<td class=\"et7\" style=\"height: 22.5pt; width: 238.5pt; text-align: center;\" width=\"318\" height=\"30\">Tipo de transporte<\/td>\n<td class=\"et2\" style=\"text-align: center;\">Transporte mar\u00edtimo, terrestre y a\u00e9reo<\/td>\n<\/tr>\n<\/tbody>\n<\/table>\n<ul>\n<li>Paneles de Sandwich de Encaje R\u00e1pido \u2013 Instala 1000 m\u00b2 en 3 horas (\u00a1Mira a Nuestro Perro Hacerlo!)<\/li>\n<li>Paneles de Sandwich Ign\u00edfugos UL \u2013 Descarga Videos de Pruebas y Certificados al Instante<\/li>\n<li>Promesa de 20 A\u00f1os sin \u00d3xido \u2013 Pagamos $1000 si Tus Paneles de Sandwich de Metal se Corroan<\/li>\n<li>\u00a1Cualquier Forma Posible! Paneles de Sandwich Curvos\/Circulares \u2013 Env\u00eda Boceto, Obt\u00e9n Dise\u00f1o 3D<\/li>\n<li>Dise\u00f1os con IA \u2013 Sube Fotos del Almac\u00e9n, Optimiza los Cortes de Paneles de Sandwich<\/li>\n<li>Embalaje de Grado Militar \u2013 Paneles de Sandwich Da\u00f1ados = Reproducci\u00f3n Gratis + Cr\u00e9dito $500<\/li>\n<\/ul>","protected":false},"featured_media":2276,"comment_status":"open","ping_status":"closed","template":"","meta":[],"product_brand":[],"product_cat":[33],"product_tag":[],"class_list":{"0":"post-5015","1":"product","2":"type-product","3":"status-publish","4":"has-post-thumbnail","6":"product_cat-metal-carved-board","8":"first","9":"instock","10":"shipping-taxable","11":"product-type-simple"},"yoast_head":"<!-- This site is optimized with the Yoast SEO plugin v24.2 - https:\/\/yoast.com\/wordpress\/plugins\/seo\/ -->\n<title>Eps Sandwich Panel 80% Faster Installation - Shang He Sandwich Panel<\/title>\n<meta name=\"description\" content=\"eps sandwich panel 80% Faster Installation Easy to install, modular design, very simple when installing, to meet your different needseps sandwich panel\" \/>\n<meta name=\"robots\" content=\"index, follow, max-snippet:-1, max-image-preview:large, max-video-preview:-1\" \/>\n<link rel=\"canonical\" href=\"https:\/\/shanghepanel.com\/es\/product\/eps-sandwich-panel\/\" \/>\n<meta property=\"og:locale\" content=\"es_ES\" \/>\n<meta property=\"og:type\" content=\"article\" \/>\n<meta property=\"og:title\" content=\"Eps Sandwich Panel 80% Faster Installation - Shang He Sandwich Panel\" \/>\n<meta property=\"og:description\" content=\"eps sandwich panel 80% Faster Installation Easy to install, modular design, very simple when installing, to meet your different needseps sandwich panel\" \/>\n<meta property=\"og:url\" content=\"https:\/\/shanghepanel.com\/es\/product\/eps-sandwich-panel\/\" \/>\n<meta property=\"og:site_name\" content=\"Shang He Sandwich Panel\" \/>\n<meta property=\"article:modified_time\" content=\"2025-06-05T06:05:28+00:00\" \/>\n<meta property=\"og:image\" content=\"https:\/\/shanghepanel.com\/wp-content\/uploads\/2024\/07\/RW-gc-367.jpg\" \/>\n\t<meta property=\"og:image:width\" content=\"800\" \/>\n\t<meta property=\"og:image:height\" content=\"800\" \/>\n\t<meta property=\"og:image:type\" content=\"image\/jpeg\" \/>\n<meta name=\"twitter:card\" content=\"summary_large_image\" \/>\n<meta name=\"twitter:label1\" content=\"Tiempo de lectura\" \/>\n\t<meta name=\"twitter:data1\" content=\"3 minutos\" \/>\n<script type=\"application\/ld+json\" class=\"yoast-schema-graph\">{\"@context\":\"https:\/\/schema.org\",\"@graph\":[{\"@type\":\"WebPage\",\"@id\":\"https:\/\/shanghepanel.com\/product\/eps-sandwich-panel\/\",\"url\":\"https:\/\/shanghepanel.com\/product\/eps-sandwich-panel\/\",\"name\":\"Eps Sandwich Panel 80% Faster Installation - Shang He Sandwich Panel\",\"isPartOf\":{\"@id\":\"https:\/\/shanghepanel.com\/#website\"},\"primaryImageOfPage\":{\"@id\":\"https:\/\/shanghepanel.com\/product\/eps-sandwich-panel\/#primaryimage\"},\"image\":{\"@id\":\"https:\/\/shanghepanel.com\/product\/eps-sandwich-panel\/#primaryimage\"},\"thumbnailUrl\":\"https:\/\/shanghepanel.com\/wp-content\/uploads\/2024\/07\/RW-gc-367.jpg\",\"datePublished\":\"2025-05-26T06:26:23+00:00\",\"dateModified\":\"2025-06-05T06:05:28+00:00\",\"description\":\"eps sandwich panel 80% Faster Installation Easy to install, modular design, very simple when installing, to meet your different needseps sandwich panel\",\"breadcrumb\":{\"@id\":\"https:\/\/shanghepanel.com\/product\/eps-sandwich-panel\/#breadcrumb\"},\"inLanguage\":\"es\",\"potentialAction\":[{\"@type\":\"ReadAction\",\"target\":[\"https:\/\/shanghepanel.com\/product\/eps-sandwich-panel\/\"]}]},{\"@type\":\"ImageObject\",\"inLanguage\":\"es\",\"@id\":\"https:\/\/shanghepanel.com\/product\/eps-sandwich-panel\/#primaryimage\",\"url\":\"https:\/\/shanghepanel.com\/wp-content\/uploads\/2024\/07\/RW-gc-367.jpg\",\"contentUrl\":\"https:\/\/shanghepanel.com\/wp-content\/uploads\/2024\/07\/RW-gc-367.jpg\",\"width\":800,\"height\":800},{\"@type\":\"BreadcrumbList\",\"@id\":\"https:\/\/shanghepanel.com\/product\/eps-sandwich-panel\/#breadcrumb\",\"itemListElement\":[{\"@type\":\"ListItem\",\"position\":1,\"name\":\"\u9996\u9875\",\"item\":\"https:\/\/shanghepanel.com\/en\/\"},{\"@type\":\"ListItem\",\"position\":2,\"name\":\"\u4ea7\u54c1\",\"item\":\"https:\/\/shanghepanel.com\/index.php\/shop\/\"},{\"@type\":\"ListItem\",\"position\":3,\"name\":\"Eps Sandwich Panel 80% Faster Installation\"}]},{\"@type\":\"WebSite\",\"@id\":\"https:\/\/shanghepanel.com\/#website\",\"url\":\"https:\/\/shanghepanel.com\/\",\"name\":\"shanghepanel.com\",\"description\":\"\",\"publisher\":{\"@id\":\"https:\/\/shanghepanel.com\/#organization\"},\"potentialAction\":[{\"@type\":\"SearchAction\",\"target\":{\"@type\":\"EntryPoint\",\"urlTemplate\":\"https:\/\/shanghepanel.com\/?s={search_term_string}\"},\"query-input\":{\"@type\":\"PropertyValueSpecification\",\"valueRequired\":true,\"valueName\":\"search_term_string\"}}],\"inLanguage\":\"es\"},{\"@type\":\"Organization\",\"@id\":\"https:\/\/shanghepanel.com\/#organization\",\"name\":\"Shandong ShangHe New Construction Engineering Co., ltd.\",\"url\":\"https:\/\/shanghepanel.com\/\",\"logo\":{\"@type\":\"ImageObject\",\"inLanguage\":\"es\",\"@id\":\"https:\/\/shanghepanel.com\/#\/schema\/logo\/image\/\",\"url\":\"https:\/\/shanghepanel.com\/wp-content\/uploads\/2024\/03\/logo-1.png\",\"contentUrl\":\"https:\/\/shanghepanel.com\/wp-content\/uploads\/2024\/03\/logo-1.png\",\"width\":800,\"height\":800,\"caption\":\"Shandong ShangHe New Construction Engineering Co., ltd.\"},\"image\":{\"@id\":\"https:\/\/shanghepanel.com\/#\/schema\/logo\/image\/\"}}]}<\/script>\n<!-- \/ Yoast SEO plugin. -->","yoast_head_json":{"title":"Panel Sandwich de EPS 80% Instalaci\u00f3n m\u00e1s r\u00e1pida - Panel Sandwich Shang He","description":"panel sandwich de EPS 80% Instalaci\u00f3n m\u00e1s r\u00e1pida Dise\u00f1o modular, muy f\u00e1cil de instalar, para satisfacer diferentes necesidades","robots":{"index":"index","follow":"follow","max-snippet":"max-snippet:-1","max-image-preview":"max-image-preview:large","max-video-preview":"max-video-preview:-1"},"canonical":"https:\/\/shanghepanel.com\/es\/product\/eps-sandwich-panel\/","og_locale":"es_ES","og_type":"article","og_title":"Eps Sandwich Panel 80% Faster Installation - Shang He Sandwich Panel","og_description":"eps sandwich panel 80% Faster Installation Easy to install, modular design, very simple when installing, to meet your different needseps sandwich panel","og_url":"https:\/\/shanghepanel.com\/es\/product\/eps-sandwich-panel\/","og_site_name":"Shang He Sandwich Panel","article_modified_time":"2025-06-05T06:05:28+00:00","og_image":[{"width":800,"height":800,"url":"https:\/\/shanghepanel.com\/wp-content\/uploads\/2024\/07\/RW-gc-367.jpg","type":"image\/jpeg"}],"twitter_card":"summary_large_image","twitter_misc":{"Tiempo de lectura":"3 minutos"},"schema":{"@context":"https:\/\/schema.org","@graph":[{"@type":"WebPage","@id":"https:\/\/shanghepanel.com\/product\/eps-sandwich-panel\/","url":"https:\/\/shanghepanel.com\/product\/eps-sandwich-panel\/","name":"Panel Sandwich de EPS 80% Instalaci\u00f3n m\u00e1s r\u00e1pida - Panel Sandwich Shang He","isPartOf":{"@id":"https:\/\/shanghepanel.com\/#website"},"primaryImageOfPage":{"@id":"https:\/\/shanghepanel.com\/product\/eps-sandwich-panel\/#primaryimage"},"image":{"@id":"https:\/\/shanghepanel.com\/product\/eps-sandwich-panel\/#primaryimage"},"thumbnailUrl":"https:\/\/shanghepanel.com\/wp-content\/uploads\/2024\/07\/RW-gc-367.jpg","datePublished":"2025-05-26T06:26:23+00:00","dateModified":"2025-06-05T06:05:28+00:00","description":"panel sandwich de EPS 80% Instalaci\u00f3n m\u00e1s r\u00e1pida Dise\u00f1o modular, muy f\u00e1cil de instalar, para satisfacer diferentes necesidades","breadcrumb":{"@id":"https:\/\/shanghepanel.com\/product\/eps-sandwich-panel\/#breadcrumb"},"inLanguage":"es","potentialAction":[{"@type":"ReadAction","target":["https:\/\/shanghepanel.com\/product\/eps-sandwich-panel\/"]}]},{"@type":"ImageObject","inLanguage":"es","@id":"https:\/\/shanghepanel.com\/product\/eps-sandwich-panel\/#primaryimage","url":"https:\/\/shanghepanel.com\/wp-content\/uploads\/2024\/07\/RW-gc-367.jpg","contentUrl":"https:\/\/shanghepanel.com\/wp-content\/uploads\/2024\/07\/RW-gc-367.jpg","width":800,"height":800},{"@type":"BreadcrumbList","@id":"https:\/\/shanghepanel.com\/product\/eps-sandwich-panel\/#breadcrumb","itemListElement":[{"@type":"ListItem","position":1,"name":"\u9996\u9875","item":"https:\/\/shanghepanel.com\/en\/"},{"@type":"ListItem","position":2,"name":"\u4ea7\u54c1","item":"https:\/\/shanghepanel.com\/index.php\/shop\/"},{"@type":"ListItem","position":3,"name":"Eps Sandwich Panel 80% Faster Installation"}]},{"@type":"WebSite","@id":"https:\/\/shanghepanel.com\/#website","url":"https:\/\/shanghepanel.com\/","name":"shanghepanel.com","description":"","publisher":{"@id":"https:\/\/shanghepanel.com\/#organization"},"potentialAction":[{"@type":"SearchAction","target":{"@type":"EntryPoint","urlTemplate":"https:\/\/shanghepanel.com\/?s={search_term_string}"},"query-input":{"@type":"PropertyValueSpecification","valueRequired":true,"valueName":"search_term_string"}}],"inLanguage":"es"},{"@type":"Organization","@id":"https:\/\/shanghepanel.com\/#organization","name":"Shandong ShangHe Ingenier\u00eda de Construcci\u00f3n Nueva, S.L.","url":"https:\/\/shanghepanel.com\/","logo":{"@type":"ImageObject","inLanguage":"es","@id":"https:\/\/shanghepanel.com\/#\/schema\/logo\/image\/","url":"https:\/\/shanghepanel.com\/wp-content\/uploads\/2024\/03\/logo-1.png","contentUrl":"https:\/\/shanghepanel.com\/wp-content\/uploads\/2024\/03\/logo-1.png","width":800,"height":800,"caption":"Shandong ShangHe New Construction Engineering Co., ltd."},"image":{"@id":"https:\/\/shanghepanel.com\/#\/schema\/logo\/image\/"}}]}},"_links":{"self":[{"href":"https:\/\/shanghepanel.com\/es\/wp-json\/wp\/v2\/product\/5015","targetHints":{"allow":["GET"]}}],"collection":[{"href":"https:\/\/shanghepanel.com\/es\/wp-json\/wp\/v2\/product"}],"about":[{"href":"https:\/\/shanghepanel.com\/es\/wp-json\/wp\/v2\/types\/product"}],"replies":[{"embeddable":true,"href":"https:\/\/shanghepanel.com\/es\/wp-json\/wp\/v2\/comments?post=5015"}],"version-history":[{"count":0,"href":"https:\/\/shanghepanel.com\/es\/wp-json\/wp\/v2\/product\/5015\/revisions"}],"wp:featuredmedia":[{"embeddable":true,"href":"https:\/\/shanghepanel.com\/es\/wp-json\/wp\/v2\/media\/2276"}],"wp:attachment":[{"href":"https:\/\/shanghepanel.com\/es\/wp-json\/wp\/v2\/media?parent=5015"}],"wp:term":[{"taxonomy":"product_brand","embeddable":true,"href":"https:\/\/shanghepanel.com\/es\/wp-json\/wp\/v2\/product_brand?post=5015"},{"taxonomy":"product_cat","embeddable":true,"href":"https:\/\/shanghepanel.com\/es\/wp-json\/wp\/v2\/product_cat?post=5015"},{"taxonomy":"product_tag","embeddable":true,"href":"https:\/\/shanghepanel.com\/es\/wp-json\/wp\/v2\/product_tag?post=5015"}],"curies":[{"name":"wp","href":"https:\/\/api.w.org\/{rel}","templated":true}]}}