{"id":5039,"date":"2025-05-27T10:16:25","date_gmt":"2025-05-27T02:16:25","guid":{"rendered":"https:\/\/shanghepanel.com\/?post_type=product&#038;p=5039"},"modified":"2025-06-05T14:03:31","modified_gmt":"2025-06-05T06:03:31","slug":"fibreglass-foam-sandwich-panel","status":"publish","type":"product","link":"https:\/\/shanghepanel.com\/es\/product\/fibreglass-foam-sandwich-panel\/","title":{"rendered":"Panel de Aislamiento de Fibra de Vidrio y Espuma 60% Instalaci\u00f3n M\u00e1s R\u00e1pida"},"content":{"rendered":"<h2 style=\"text-align: center;\"><strong>\u00bfCostes de Paneles Compuestos Aplastando Tu Presupuesto? C\u00f3mo La Fibra de Carbono Reduce el Peso<span>\u00a0<\/span><em>y<\/em><span>\u00a0<\/span>Gastos<\/strong><\/h2>\n<p class=\"ds-markdown-paragraph\"><span>Seamos realistas: materiales tradicionales como el acero o aluminio est\u00e1n arruinando el presupuesto de tu proyecto con costos ocultos\u2014env\u00edo, mano de obra, reparaciones por corrosi\u00f3n. \u00bfPaneles sandwich de fibra de carbono? Son m\u00e1s ligeros que el chasis de un Tesla Cybertruck, reduciendo los costos de transporte en un 30% (los datos de Boeing no mienten). El n\u00facleo de espuma o panal de abeja acorta el tiempo de instalaci\u00f3n, y que no haya \u00f3xido significa cero dolores de cabeza por mantenimiento. La NASA los usa en sat\u00e9lites porque duran d\u00e9cadas sin degradarse. \u00bfSigues pagando de m\u00e1s por materiales \u201cbaratos\u201d?<\/span><\/p>\n<h3 style=\"text-align: center;\"><strong>\u00bfEl Piso de Panel Compuesto Se Est\u00e1 Rachando Bajo Presi\u00f3n? Arr\u00e9glalo Antes de Que Cerraran Tu Almac\u00e9n<\/strong><\/h3>\n<p class=\"ds-markdown-paragraph\"><span>\u00bfLos pisos de concreto se agrietan bajo carretillas elevadoras? Los paneles compuestos con pieles de fibra de vidrio y n\u00facleos de poliuretano soportan cargas de 15,000 psi\u2014lo demuestran los almacenes de Amazon. Son\u00a0<\/span><em>prefabricados<\/em><span>, as\u00ed que no hay que esperar a que el concreto cure, y la superficie no porosa evita que los derrames de aceite se filtren. \u00bfMultas de OSHA por resbalones y ca\u00eddas? A\u00f1ade recubrimientos antideslizantes. Bonus: el aislamiento reduce las facturas de calefacci\u00f3n en un 25%. No dejes que el tiempo de inactividad te arruine.<\/span><\/p>\n<hr \/>\n<table style=\"border-collapse: collapse; width: 1369px; height: 337px;\" border=\"0\" width=\"1354\" cellspacing=\"0\" cellpadding=\"0\">\n<tbody>\n<tr style=\"height: 22.50pt;\">\n<td class=\"et3\" style=\"height: 22.5pt; width: 1015.5pt; text-align: center;\" colspan=\"4\" width=\"1354\" height=\"30\">\n<h3><span style=\"color: #000000;\">Atributos importantes<\/span><\/h3>\n<\/td>\n<\/tr>\n<tr style=\"height: 22.50pt;\">\n<td class=\"et4\" style=\"height: 22.5pt; text-align: center;\" height=\"30\">dise\u00f1o<\/td>\n<td class=\"et4\" style=\"text-align: center;\">la era presente<\/td>\n<td class=\"et4\" style=\"text-align: center;\">Servicio postventa<\/td>\n<td class=\"et4\" style=\"text-align: center;\">Soporte t\u00e9cnico en l\u00ednea, Otros<\/td>\n<\/tr>\n<tr style=\"height: 22.50pt;\">\n<td class=\"et5\" style=\"height: 22.5pt; text-align: center;\" height=\"30\">Origen<\/td>\n<td class=\"et5\" style=\"text-align: center;\">Shandong, China<\/td>\n<td class=\"et5\" style=\"text-align: center;\">Escenarios de Aplicaci\u00f3n<\/td>\n<td class=\"et5\" style=\"text-align: center;\">Almac\u00e9n<\/td>\n<\/tr>\n<tr style=\"height: 23.25pt;\">\n<td class=\"et5\" style=\"height: 23.25pt; text-align: center;\" height=\"31\">Marca<\/td>\n<td class=\"et5\" style=\"text-align: center;\">SH<\/td>\n<td class=\"et5\" style=\"text-align: center;\">Servicio de Garant\u00eda<\/td>\n<td class=\"et6\" style=\"width: 238.5pt; text-align: center;\" width=\"318\">poliuretano<\/td>\n<\/tr>\n<tr style=\"height: 22.50pt;\">\n<td class=\"et5\" style=\"height: 22.5pt; text-align: center;\" height=\"30\">Material del panel<\/td>\n<td class=\"et5\" style=\"text-align: center;\">poliuretano<\/td>\n<td class=\"et5\" style=\"text-align: center;\">Modelos<\/td>\n<td class=\"et5\" style=\"text-align: center;\">SH 150mm<\/td>\n<\/tr>\n<tr style=\"height: 23.25pt;\">\n<td class=\"et5\" style=\"height: 23.25pt; text-align: center;\" height=\"31\">Uso<\/td>\n<td class=\"et7\" style=\"width: 256.5pt; text-align: center;\" width=\"342\">Decoraci\u00f3n exterior<\/td>\n<td class=\"et8\" style=\"width: 195pt; text-align: center;\" width=\"260\">Nombre del Producto<\/td>\n<td class=\"et5\" style=\"text-align: center;\">panel de espuma de fibra de vidrio sandwich<\/td>\n<\/tr>\n<tr style=\"height: 23.25pt;\">\n<td class=\"et5\" style=\"height: 23.25pt; text-align: center;\" height=\"31\">Material de Superficie<\/td>\n<td class=\"et9\" style=\"width: 256.5pt; text-align: center;\" width=\"342\">Met\u00e1lico<\/td>\n<td class=\"et5\" style=\"text-align: center;\">Pedido M\u00ednimo<\/td>\n<td class=\"et5\" style=\"text-align: center;\">Personalizaci\u00f3n<\/td>\n<\/tr>\n<tr style=\"height: 22.50pt;\">\n<td class=\"et5\" style=\"height: 22.5pt; text-align: center;\" height=\"30\">Grosor<\/td>\n<td class=\"et5\" style=\"text-align: center;\">16MM\/20MM\/25MM<\/td>\n<td class=\"et5\" style=\"text-align: center;\">Color<\/td>\n<td class=\"et5\" style=\"text-align: center;\">Rojo brillante, bermell\u00f3n, lima, azul celeste, aguamarina, verde guisante o personalizado<\/td>\n<\/tr>\n<tr style=\"height: 22.50pt;\">\n<td class=\"et10\" style=\"height: 22.5pt; text-align: center;\" height=\"30\">Ancho<\/td>\n<td class=\"et2\" style=\"text-align: center;\">100mm,120mm,150mm,200mm<\/td>\n<td class=\"et2\"><\/td>\n<td class=\"et2\"><\/td>\n<\/tr>\n<\/tbody>\n<\/table>\n<h3 style=\"text-align: center;\"><strong>\u00bfPesadillas con Materiales del N\u00facleo? Intercambios entre Espuma y Panal de Abeja que Todo Ingeniero Ignora<\/strong><\/h3>\n<p class=\"ds-markdown-paragraph\"><span>Vale, vamos a profundizar en los n\u00facleos. La espuma (como PVC o PET) es barata y excelente para aislamiento\u2014perfecta para paredes de almacenamiento en fr\u00edo. \u00bfPanal de abeja (aluminio o Nomex)? Los coches de F\u00f3rmula 1 usan n\u00facleos de panal de abeja de aluminio porque se deforman en impacto, salvando vidas de los pilotos. Pero aqu\u00ed est\u00e1 lo interesante: investigadores del MIT descubrieron que las estructuras de panal de abeja pueden soportar 5 veces m\u00e1s carga que la espuma antes de colapsar. \u00bfDesventaja? El panal de abeja cuesta 3 veces m\u00e1s. Elige espuma para presupuestos, panal de abeja para rendimiento de vida o muerte.<\/span><\/p>\n<hr \/>\n<h3 class=\"ds-markdown-paragraph\" style=\"text-align: center;\"><strong>Techos de Panel Sandwich: C\u00f3mo Reducen las Facturas de Energ\u00eda en Edificios Certificados LEED<\/strong><\/h3>\n<p class=\"ds-markdown-paragraph\"><span>Elegir entre n\u00facleos de espuma y panal de abeja no es solo cuesti\u00f3n de costo\u2014si te equivocas, tu proyecto fracasa. La espuma (como PET) es muy barata pero se deshace bajo cargas pesadas. \u00bfPanal de abeja? Los n\u00facleos de aluminio salvaron vidas en la F1 al absorber impactos de choques, pero cuestan 3 veces m\u00e1s. El estudio del MIT muestra que el panal de abeja soporta 5 veces m\u00e1s estr\u00e9s, pero si el presupuesto de tu cliente es de nivel Walmart, la espuma es tu \u00fanica opci\u00f3n. Consejo profesional: existen n\u00facleos h\u00edbridos\u2014no te quedes con una demanda judicial.<\/span><\/p>\n<h2 class=\"ds-markdown-paragraph\" style=\"text-align: center;\"><strong>\u00bfFiltraciones en Techos de Panel Sandwich que Est\u00e1n Drenando Tus Ganancias? C\u00f3mo Las Reparaciones Certificadas LEED Reducen Costes<\/strong><\/h2>\n<p class=\"ds-markdown-paragraph\"><span>Las filtraciones en el techo = demandas por moho + facturas de energ\u00eda a lo bestia. \u00bfTechos sandwich con n\u00facleos de espuma PIR? Est\u00e1n sellados m\u00e1s herm\u00e9ticamente que un submarino. Un rascacielos en Madrid redujo los costes de HVAC en un 40% y elimin\u00f3 las balsas de hielo. La piel de fibra de vidrio refleja los rayos UV, y la clasificaci\u00f3n R-7 de la espuma supera a las mantas de fibra de vidrio. Los proyectos LEED adoran estos paneles\u2014son la raz\u00f3n por la que los centros de datos de Google permanecen secos. \u00bfSigues reparando techos de bet\u00fan cada invierno?<\/span><\/p>\n<h2 class=\"ds-markdown-paragraph\" style=\"text-align: center;\"><strong>Las 5 Principales Mitos Sobre Paneles de Espuma de Fibra de Vidrio\u2014\u00a1Desmentidos!<\/strong><\/h2>\n<ol>\n<li class=\"ds-markdown-paragraph\"><span>\u201cSon inflamables.\u201d No\u2014la mayor\u00eda cumplen con las clasificaciones de fuego ASTM E84 Clase 1. Mito<\/span><\/li>\n<li class=\"ds-markdown-paragraph\">\u201cSon malos para el medio ambiente.\u201d En realidad, paneles como los de Metl-Span usan contenido reciclado en un 30%. Mito<\/li>\n<li class=\"ds-markdown-paragraph\">\u201cSe abollan f\u00e1cilmente.\u201d Intenta abollar un panel usado en garajes de NASCAR\u2014es m\u00e1s resistente que el acero. Mito<\/li>\n<li class=\"ds-markdown-paragraph\">\u201cLa instalaci\u00f3n requiere expertos.\u201d Con bordes machihembrados, los aficionados pueden hacerlo. Mito<\/li>\n<li class=\"ds-markdown-paragraph\">\u201cSolo son para techos.\u201d Falso. Revisa los pisos y paredes de almacenamiento en fr\u00edo de RControl. \u00a1Es hora de replantearse esas suposiciones!<br \/>\n<h2 class=\"ds-markdown-paragraph\" style=\"text-align: center;\"><strong>\u00bfPaneles s\u00e1ndwich fallando en humedad? Por qu\u00e9 los constructores de barcos<span>\u00a0<\/span><em>Solo<\/em><span>\u00a0<\/span>Conf\u00eda en las capas compuestas<\/strong><\/h2>\n<p class=\"ds-markdown-paragraph\"><span>\u00bfMadera podrida o metal corro\u00eddo en ambientes marinos? Los cascos de barcos usan paneles s\u00e1ndwich compuestos porque el agua salada no puede tocarlos. \u00bfEl secreto? Caras de fibra de vidrio + n\u00facleos de espuma de celda cerrada bloquean 100% de humedad (probado por la Marina). Los yates de lujo en Madrid sobreviven a huracanes sin delaminaci\u00f3n. Int\u00e9ntalo con madera contrachapada. Si tu proyecto costero se est\u00e1 pudriendo, est\u00e1s usando los paneles equivocados.<\/span><\/p>\n<\/li>\n<\/ol>","protected":false},"excerpt":{"rendered":"<table style=\"border-collapse: collapse; width: 470.27pt;\" border=\"0\" width=\"627\" cellspacing=\"0\" cellpadding=\"0\">\n<tbody>\n<tr style=\"height: 22.50pt;\">\n<td class=\"et2\" style=\"height: 22.5pt; width: 238.5pt; text-align: center;\" width=\"318\" height=\"30\">Tipo<\/td>\n<td class=\"et2\" style=\"width: 231.75pt; text-align: center;\" width=\"309\">organosilicio<\/td>\n<\/tr>\n<tr style=\"height: 22.50pt;\">\n<td class=\"et2\" style=\"height: 22.5pt; text-align: center;\" height=\"30\">Clasificaci\u00f3n de incendio<\/td>\n<td class=\"et2\" style=\"text-align: center;\">Clase A (ASTM E84)<\/td>\n<\/tr>\n<tr style=\"height: 22.50pt;\">\n<td class=\"et2\" style=\"height: 22.5pt; text-align: center;\" height=\"30\">Resistencia a la compresi\u00f3n<\/td>\n<td class=\"et4\" style=\"text-align: center;\">\u2265300\/kPa<\/td>\n<\/tr>\n<tr style=\"height: 22.50pt;\">\n<td class=\"et2\" style=\"height: 22.5pt; text-align: center;\" height=\"30\">M\u00e9todo de entrega<\/td>\n<td class=\"et2\" style=\"text-align: center;\">mercanc\u00eda en stock<\/td>\n<\/tr>\n<tr style=\"height: 22.50pt;\">\n<td class=\"et5\" style=\"height: 22.5pt; text-align: center;\" colspan=\"2\" height=\"30\">\n<h3><span style=\"color: #ff0000;\">(Haz clic en m\u00ed) para muestras gratuitas<\/span><\/h3>\n<\/td>\n<\/tr>\n<tr style=\"height: 22.50pt;\">\n<td class=\"et7\" style=\"height: 22.5pt; width: 238.5pt; text-align: center;\" width=\"318\" height=\"30\">Tipo de transporte<\/td>\n<td class=\"et2\" style=\"text-align: center;\">Transporte mar\u00edtimo, terrestre y a\u00e9reo<\/td>\n<\/tr>\n<\/tbody>\n<\/table>\n<ul>\n<li>Reorden de Contratistas 91% \u2013 Por qu\u00e9 nuestros Paneles Sandwich superan al acero y al hormig\u00f3n<\/li>\n<li>Sistema de cierre dise\u00f1ado por ingenieros de la NASA \u2013 Tus paneles no se mover\u00e1n en huracanes<\/li>\n<li>Protecci\u00f3n de pago en dep\u00f3sito en garant\u00eda \u2013 Solo nos pagan cuando apruebas la instalaci\u00f3n<\/li>\n<li>Dise\u00f1o de encaje r\u00e1pido que reduce a la mitad tu tiempo de montaje<\/li>\n<li>Precios sin conjeturas \u2013 usa nuestra calculadora en l\u00ednea para ver costos exactos de materiales, env\u00edo e impuestos.<\/li>\n<li>Personaliza tus especificaciones: ingresa medidas y ve vistas previas en 3D con precios en tiempo real<\/li>\n<li>Incluye ayuda experta en dise\u00f1o gratuita<\/li>\n<li>Obt\u00e9n cotizaciones instant\u00e1neas en l\u00ednea (env\u00edo e impuestos incluidos) \u2013 sin tarifas ocultas.<\/li>\n<li>Nuestra herramienta inteligente de IA recomienda autom\u00e1ticamente los mejores materiales para tu proyecto.<\/li>\n<li>Documentos de cumplimiento RoHS listos para descargar \u2013 \u00a1pasa por la aduana con un clic!<\/li>\n<li>Env\u00edo en 24 horas en Paneles de Sandwich Est\u00e1ndar \u2013 \u00a1M\u00e1s R\u00e1pido Que Pedidos en Leroy Merlin!<\/li>\n<li>Paneles de Sandwich de Encaje R\u00e1pido \u2013 Instala 1000 m\u00b2 en 3 horas (\u00a1Mira a Nuestro Perro Hacerlo!)<\/li>\n<li>Paneles de Sandwich Ign\u00edfugos UL \u2013 Descarga Videos de Pruebas y Certificados al Instante<\/li>\n<li>Promesa de 20 A\u00f1os sin \u00d3xido \u2013 Pagamos $1000 si Tus Paneles de Sandwich de Metal se Corroan<\/li>\n<li>\u00a1Cualquier Forma Posible! Paneles de Sandwich Curvos\/Circulares \u2013 Env\u00eda Boceto, Obt\u00e9n Dise\u00f1o 3D<\/li>\n<\/ul>","protected":false},"featured_media":2271,"comment_status":"open","ping_status":"closed","template":"","meta":[],"product_brand":[],"product_cat":[33],"product_tag":[],"class_list":{"0":"post-5039","1":"product","2":"type-product","3":"status-publish","4":"has-post-thumbnail","6":"product_cat-metal-carved-board","8":"first","9":"instock","10":"shipping-taxable","11":"product-type-simple"},"yoast_head":"<!-- This site is optimized with the Yoast SEO plugin v24.2 - https:\/\/yoast.com\/wordpress\/plugins\/seo\/ -->\n<title>Fibreglass Foam Sandwich Panel 60% Faster Installation - Shang He Sandwich Panel<\/title>\n<meta name=\"description\" content=\"fibreglass foam sandwich panel Zero VOC (CDPH + French A+) Free yourself from all worries. Detailed description of plate functions on the page\" \/>\n<meta name=\"robots\" content=\"index, follow, max-snippet:-1, max-image-preview:large, max-video-preview:-1\" \/>\n<link rel=\"canonical\" href=\"https:\/\/shanghepanel.com\/es\/product\/fibreglass-foam-sandwich-panel\/\" \/>\n<meta property=\"og:locale\" content=\"es_ES\" \/>\n<meta property=\"og:type\" content=\"article\" \/>\n<meta property=\"og:title\" content=\"Fibreglass Foam Sandwich Panel 60% Faster Installation - Shang He Sandwich Panel\" \/>\n<meta property=\"og:description\" content=\"fibreglass foam sandwich panel Zero VOC (CDPH + French A+) Free yourself from all worries. Detailed description of plate functions on the page\" \/>\n<meta property=\"og:url\" content=\"https:\/\/shanghepanel.com\/es\/product\/fibreglass-foam-sandwich-panel\/\" \/>\n<meta property=\"og:site_name\" content=\"Shang He Sandwich Panel\" \/>\n<meta property=\"article:modified_time\" content=\"2025-06-05T06:03:31+00:00\" \/>\n<meta property=\"og:image\" content=\"https:\/\/shanghepanel.com\/wp-content\/uploads\/2024\/07\/RW-gc-321.jpg\" \/>\n\t<meta property=\"og:image:width\" content=\"800\" \/>\n\t<meta property=\"og:image:height\" content=\"800\" \/>\n\t<meta property=\"og:image:type\" content=\"image\/jpeg\" \/>\n<meta name=\"twitter:card\" content=\"summary_large_image\" \/>\n<meta name=\"twitter:label1\" content=\"Tiempo de lectura\" \/>\n\t<meta name=\"twitter:data1\" content=\"3 minutos\" \/>\n<script type=\"application\/ld+json\" class=\"yoast-schema-graph\">{\"@context\":\"https:\/\/schema.org\",\"@graph\":[{\"@type\":\"WebPage\",\"@id\":\"https:\/\/shanghepanel.com\/product\/fibreglass-foam-sandwich-panel\/\",\"url\":\"https:\/\/shanghepanel.com\/product\/fibreglass-foam-sandwich-panel\/\",\"name\":\"Fibreglass Foam Sandwich Panel 60% Faster Installation - Shang He Sandwich Panel\",\"isPartOf\":{\"@id\":\"https:\/\/shanghepanel.com\/#website\"},\"primaryImageOfPage\":{\"@id\":\"https:\/\/shanghepanel.com\/product\/fibreglass-foam-sandwich-panel\/#primaryimage\"},\"image\":{\"@id\":\"https:\/\/shanghepanel.com\/product\/fibreglass-foam-sandwich-panel\/#primaryimage\"},\"thumbnailUrl\":\"https:\/\/shanghepanel.com\/wp-content\/uploads\/2024\/07\/RW-gc-321.jpg\",\"datePublished\":\"2025-05-27T02:16:25+00:00\",\"dateModified\":\"2025-06-05T06:03:31+00:00\",\"description\":\"fibreglass foam sandwich panel Zero VOC (CDPH + French A+) Free yourself from all worries. Detailed description of plate functions on the page\",\"breadcrumb\":{\"@id\":\"https:\/\/shanghepanel.com\/product\/fibreglass-foam-sandwich-panel\/#breadcrumb\"},\"inLanguage\":\"es\",\"potentialAction\":[{\"@type\":\"ReadAction\",\"target\":[\"https:\/\/shanghepanel.com\/product\/fibreglass-foam-sandwich-panel\/\"]}]},{\"@type\":\"ImageObject\",\"inLanguage\":\"es\",\"@id\":\"https:\/\/shanghepanel.com\/product\/fibreglass-foam-sandwich-panel\/#primaryimage\",\"url\":\"https:\/\/shanghepanel.com\/wp-content\/uploads\/2024\/07\/RW-gc-321.jpg\",\"contentUrl\":\"https:\/\/shanghepanel.com\/wp-content\/uploads\/2024\/07\/RW-gc-321.jpg\",\"width\":800,\"height\":800},{\"@type\":\"BreadcrumbList\",\"@id\":\"https:\/\/shanghepanel.com\/product\/fibreglass-foam-sandwich-panel\/#breadcrumb\",\"itemListElement\":[{\"@type\":\"ListItem\",\"position\":1,\"name\":\"\u9996\u9875\",\"item\":\"https:\/\/shanghepanel.com\/en\/\"},{\"@type\":\"ListItem\",\"position\":2,\"name\":\"\u4ea7\u54c1\",\"item\":\"https:\/\/shanghepanel.com\/index.php\/shop\/\"},{\"@type\":\"ListItem\",\"position\":3,\"name\":\"Fibreglass Foam Sandwich Panel 60% Faster Installation\"}]},{\"@type\":\"WebSite\",\"@id\":\"https:\/\/shanghepanel.com\/#website\",\"url\":\"https:\/\/shanghepanel.com\/\",\"name\":\"shanghepanel.com\",\"description\":\"\",\"publisher\":{\"@id\":\"https:\/\/shanghepanel.com\/#organization\"},\"potentialAction\":[{\"@type\":\"SearchAction\",\"target\":{\"@type\":\"EntryPoint\",\"urlTemplate\":\"https:\/\/shanghepanel.com\/?s={search_term_string}\"},\"query-input\":{\"@type\":\"PropertyValueSpecification\",\"valueRequired\":true,\"valueName\":\"search_term_string\"}}],\"inLanguage\":\"es\"},{\"@type\":\"Organization\",\"@id\":\"https:\/\/shanghepanel.com\/#organization\",\"name\":\"Shandong ShangHe New Construction Engineering Co., ltd.\",\"url\":\"https:\/\/shanghepanel.com\/\",\"logo\":{\"@type\":\"ImageObject\",\"inLanguage\":\"es\",\"@id\":\"https:\/\/shanghepanel.com\/#\/schema\/logo\/image\/\",\"url\":\"https:\/\/shanghepanel.com\/wp-content\/uploads\/2024\/03\/logo-1.png\",\"contentUrl\":\"https:\/\/shanghepanel.com\/wp-content\/uploads\/2024\/03\/logo-1.png\",\"width\":800,\"height\":800,\"caption\":\"Shandong ShangHe New Construction Engineering Co., ltd.\"},\"image\":{\"@id\":\"https:\/\/shanghepanel.com\/#\/schema\/logo\/image\/\"}}]}<\/script>\n<!-- \/ Yoast SEO plugin. -->","yoast_head_json":{"title":"Panel s\u00e1ndwich de fibra de vidrio y espuma 60% Instalaci\u00f3n m\u00e1s r\u00e1pida - Panel s\u00e1ndwich Shang He","description":"Panel s\u00e1ndwich de fibra de vidrio y espuma Zero VOC (CDPH + French A+) Lib\u00e9rate de todas las preocupaciones. Descripci\u00f3n detallada de las funciones de la placa en la p\u00e1gina","robots":{"index":"index","follow":"follow","max-snippet":"max-snippet:-1","max-image-preview":"max-image-preview:large","max-video-preview":"max-video-preview:-1"},"canonical":"https:\/\/shanghepanel.com\/es\/product\/fibreglass-foam-sandwich-panel\/","og_locale":"es_ES","og_type":"article","og_title":"Fibreglass Foam Sandwich Panel 60% Faster Installation - Shang He Sandwich Panel","og_description":"fibreglass foam sandwich panel Zero VOC (CDPH + French A+) Free yourself from all worries. Detailed description of plate functions on the page","og_url":"https:\/\/shanghepanel.com\/es\/product\/fibreglass-foam-sandwich-panel\/","og_site_name":"Shang He Sandwich Panel","article_modified_time":"2025-06-05T06:03:31+00:00","og_image":[{"width":800,"height":800,"url":"https:\/\/shanghepanel.com\/wp-content\/uploads\/2024\/07\/RW-gc-321.jpg","type":"image\/jpeg"}],"twitter_card":"summary_large_image","twitter_misc":{"Tiempo de lectura":"3 minutos"},"schema":{"@context":"https:\/\/schema.org","@graph":[{"@type":"WebPage","@id":"https:\/\/shanghepanel.com\/product\/fibreglass-foam-sandwich-panel\/","url":"https:\/\/shanghepanel.com\/product\/fibreglass-foam-sandwich-panel\/","name":"Panel s\u00e1ndwich de fibra de vidrio y espuma 60% Instalaci\u00f3n m\u00e1s r\u00e1pida - Panel s\u00e1ndwich Shang He","isPartOf":{"@id":"https:\/\/shanghepanel.com\/#website"},"primaryImageOfPage":{"@id":"https:\/\/shanghepanel.com\/product\/fibreglass-foam-sandwich-panel\/#primaryimage"},"image":{"@id":"https:\/\/shanghepanel.com\/product\/fibreglass-foam-sandwich-panel\/#primaryimage"},"thumbnailUrl":"https:\/\/shanghepanel.com\/wp-content\/uploads\/2024\/07\/RW-gc-321.jpg","datePublished":"2025-05-27T02:16:25+00:00","dateModified":"2025-06-05T06:03:31+00:00","description":"Panel s\u00e1ndwich de fibra de vidrio y espuma Zero VOC (CDPH + French A+) Lib\u00e9rate de todas las preocupaciones. Descripci\u00f3n detallada de las funciones de la placa en la p\u00e1gina","breadcrumb":{"@id":"https:\/\/shanghepanel.com\/product\/fibreglass-foam-sandwich-panel\/#breadcrumb"},"inLanguage":"es","potentialAction":[{"@type":"ReadAction","target":["https:\/\/shanghepanel.com\/product\/fibreglass-foam-sandwich-panel\/"]}]},{"@type":"ImageObject","inLanguage":"es","@id":"https:\/\/shanghepanel.com\/product\/fibreglass-foam-sandwich-panel\/#primaryimage","url":"https:\/\/shanghepanel.com\/wp-content\/uploads\/2024\/07\/RW-gc-321.jpg","contentUrl":"https:\/\/shanghepanel.com\/wp-content\/uploads\/2024\/07\/RW-gc-321.jpg","width":800,"height":800},{"@type":"BreadcrumbList","@id":"https:\/\/shanghepanel.com\/product\/fibreglass-foam-sandwich-panel\/#breadcrumb","itemListElement":[{"@type":"ListItem","position":1,"name":"\u9996\u9875","item":"https:\/\/shanghepanel.com\/en\/"},{"@type":"ListItem","position":2,"name":"\u4ea7\u54c1","item":"https:\/\/shanghepanel.com\/index.php\/shop\/"},{"@type":"ListItem","position":3,"name":"Fibreglass Foam Sandwich Panel 60% Faster Installation"}]},{"@type":"WebSite","@id":"https:\/\/shanghepanel.com\/#website","url":"https:\/\/shanghepanel.com\/","name":"shanghepanel.com","description":"","publisher":{"@id":"https:\/\/shanghepanel.com\/#organization"},"potentialAction":[{"@type":"SearchAction","target":{"@type":"EntryPoint","urlTemplate":"https:\/\/shanghepanel.com\/?s={search_term_string}"},"query-input":{"@type":"PropertyValueSpecification","valueRequired":true,"valueName":"search_term_string"}}],"inLanguage":"es"},{"@type":"Organization","@id":"https:\/\/shanghepanel.com\/#organization","name":"Shandong ShangHe Ingenier\u00eda de Construcci\u00f3n Nueva, S.L.","url":"https:\/\/shanghepanel.com\/","logo":{"@type":"ImageObject","inLanguage":"es","@id":"https:\/\/shanghepanel.com\/#\/schema\/logo\/image\/","url":"https:\/\/shanghepanel.com\/wp-content\/uploads\/2024\/03\/logo-1.png","contentUrl":"https:\/\/shanghepanel.com\/wp-content\/uploads\/2024\/03\/logo-1.png","width":800,"height":800,"caption":"Shandong ShangHe New Construction Engineering Co., ltd."},"image":{"@id":"https:\/\/shanghepanel.com\/#\/schema\/logo\/image\/"}}]}},"_links":{"self":[{"href":"https:\/\/shanghepanel.com\/es\/wp-json\/wp\/v2\/product\/5039","targetHints":{"allow":["GET"]}}],"collection":[{"href":"https:\/\/shanghepanel.com\/es\/wp-json\/wp\/v2\/product"}],"about":[{"href":"https:\/\/shanghepanel.com\/es\/wp-json\/wp\/v2\/types\/product"}],"replies":[{"embeddable":true,"href":"https:\/\/shanghepanel.com\/es\/wp-json\/wp\/v2\/comments?post=5039"}],"version-history":[{"count":0,"href":"https:\/\/shanghepanel.com\/es\/wp-json\/wp\/v2\/product\/5039\/revisions"}],"wp:featuredmedia":[{"embeddable":true,"href":"https:\/\/shanghepanel.com\/es\/wp-json\/wp\/v2\/media\/2271"}],"wp:attachment":[{"href":"https:\/\/shanghepanel.com\/es\/wp-json\/wp\/v2\/media?parent=5039"}],"wp:term":[{"taxonomy":"product_brand","embeddable":true,"href":"https:\/\/shanghepanel.com\/es\/wp-json\/wp\/v2\/product_brand?post=5039"},{"taxonomy":"product_cat","embeddable":true,"href":"https:\/\/shanghepanel.com\/es\/wp-json\/wp\/v2\/product_cat?post=5039"},{"taxonomy":"product_tag","embeddable":true,"href":"https:\/\/shanghepanel.com\/es\/wp-json\/wp\/v2\/product_tag?post=5039"}],"curies":[{"name":"wp","href":"https:\/\/api.w.org\/{rel}","templated":true}]}}