{"id":5054,"date":"2025-05-27T15:06:54","date_gmt":"2025-05-27T07:06:54","guid":{"rendered":"https:\/\/shanghepanel.com\/?post_type=product&#038;p=5054"},"modified":"2025-06-05T11:59:14","modified_gmt":"2025-06-05T03:59:14","slug":"aluminium-foam-sandwich-panels","status":"publish","type":"product","link":"https:\/\/shanghepanel.com\/es\/product\/aluminium-foam-sandwich-panels\/","title":{"rendered":"Paneles Sandwich de Espuma de Aluminio (N\u00facleo de Fuego UL 94 V-0)"},"content":{"rendered":"<h2 class=\"ds-markdown-paragraph\" style=\"text-align: center;\"><span style=\"color: #000000;\"><strong>Por qu\u00e9 los Paneles Sandwich de Espuma de Aluminio Superan a los Materiales de Construcci\u00f3n Tradicionales (Perspectiva de la Industria de David de 20 A\u00f1os)<\/strong><\/span><\/h2>\n<p class=\"ds-markdown-paragraph\"><span style=\"color: #000000;\">Hola, soy David, y despu\u00e9s de dos d\u00e9cadas en la industria de paneles sandwich, he visto\u00a0<em><a style=\"color: #000000;\" href=\"https:\/\/shanghepanel.com\/product\/aluminum-sandwich-panels\/\">aluminio<\/a> paneles s\u00e1ndwich de espuma<\/em>\u00a0resolver problemas que la mayor\u00eda de los constructores ni siquiera saben que tienen. Seamos honestos\u2014los materiales tradicionales como el acero o los composites b\u00e1sicos se agrietan bajo presi\u00f3n, literalmente. \u00bfEstos paneles? Son ligeros pero resistentes como el acero, gracias a ese n\u00facleo de espuma que absorbe golpes como un campe\u00f3n. Pi\u00e9nsalos como los \u201camortiguadores\u201d de la construcci\u00f3n\u2014perfectos para almacenes o f\u00e1bricas donde las vibraciones de la maquinaria podr\u00edan arruinar materiales de menor calidad.<\/span><\/p>\n<hr \/>\n<table style=\"border-collapse: collapse; width: 1369px; height: 337px;\" border=\"0\" width=\"1354\" cellspacing=\"0\" cellpadding=\"0\">\n<tbody>\n<tr style=\"height: 22.50pt;\">\n<td class=\"et3\" style=\"height: 22.5pt; width: 1015.5pt; text-align: center;\" colspan=\"4\" width=\"1354\" height=\"30\">\n<h3><span style=\"color: #000000;\">Atributos importantes<\/span><\/h3>\n<\/td>\n<\/tr>\n<tr style=\"height: 22.50pt;\">\n<td class=\"et4\" style=\"height: 22.5pt; text-align: center;\" height=\"30\"><span style=\"color: #000000;\">dise\u00f1o<\/span><\/td>\n<td class=\"et4\" style=\"text-align: center;\"><span style=\"color: #000000;\">la era presente<\/span><\/td>\n<td class=\"et4\" style=\"text-align: center;\"><span style=\"color: #000000;\">Servicio postventa<\/span><\/td>\n<td class=\"et4\" style=\"text-align: center;\"><span style=\"color: #000000;\">Soporte t\u00e9cnico en l\u00ednea, Otros<\/span><\/td>\n<\/tr>\n<tr style=\"height: 22.50pt;\">\n<td class=\"et5\" style=\"height: 22.5pt; text-align: center;\" height=\"30\"><span style=\"color: #000000;\">Origen<\/span><\/td>\n<td class=\"et5\" style=\"text-align: center;\"><span style=\"color: #000000;\">Shandong, China<\/span><\/td>\n<td class=\"et5\" style=\"text-align: center;\"><span style=\"color: #000000;\">Escenarios de Aplicaci\u00f3n<\/span><\/td>\n<td class=\"et5\" style=\"text-align: center;\"><span style=\"color: #000000;\">Almac\u00e9n<\/span><\/td>\n<\/tr>\n<tr style=\"height: 23.25pt;\">\n<td class=\"et5\" style=\"height: 23.25pt; text-align: center;\" height=\"31\"><span style=\"color: #000000;\">Marca<\/span><\/td>\n<td class=\"et5\" style=\"text-align: center;\"><span style=\"color: #000000;\">SH<\/span><\/td>\n<td class=\"et5\" style=\"text-align: center;\"><span style=\"color: #000000;\">Servicio de Garant\u00eda<\/span><\/td>\n<td class=\"et6\" style=\"width: 238.5pt; text-align: center;\" width=\"318\"><span style=\"color: #000000;\">poliuretano<\/span><\/td>\n<\/tr>\n<tr style=\"height: 22.50pt;\">\n<td class=\"et5\" style=\"height: 22.5pt; text-align: center;\" height=\"30\"><span style=\"color: #000000;\">Material del panel<\/span><\/td>\n<td class=\"et5\" style=\"text-align: center;\"><span style=\"color: #000000;\">poliuretano<\/span><\/td>\n<td class=\"et5\" style=\"text-align: center;\"><span style=\"color: #000000;\">Modelos<\/span><\/td>\n<td class=\"et5\" style=\"text-align: center;\"><span style=\"color: #000000;\">SH 150mm<\/span><\/td>\n<\/tr>\n<tr style=\"height: 23.25pt;\">\n<td class=\"et5\" style=\"height: 23.25pt; text-align: center;\" height=\"31\"><span style=\"color: #000000;\">Uso<\/span><\/td>\n<td class=\"et7\" style=\"width: 256.5pt; text-align: center;\" width=\"342\"><span style=\"color: #000000;\">Decoraci\u00f3n exterior<\/span><\/td>\n<td class=\"et8\" style=\"width: 195pt; text-align: center;\" width=\"260\"><span style=\"color: #000000;\">Nombre del Producto<\/span><\/td>\n<td class=\"et5\" style=\"text-align: center;\"><span style=\"color: #000000;\">paneles sandwich de espuma de aluminio<\/span><\/td>\n<\/tr>\n<tr style=\"height: 23.25pt;\">\n<td class=\"et5\" style=\"height: 23.25pt; text-align: center;\" height=\"31\"><span style=\"color: #000000;\">Material de Superficie<\/span><\/td>\n<td class=\"et9\" style=\"width: 256.5pt; text-align: center;\" width=\"342\"><span style=\"color: #000000;\">Met\u00e1lico<\/span><\/td>\n<td class=\"et5\" style=\"text-align: center;\"><span style=\"color: #000000;\">Pedido M\u00ednimo<\/span><\/td>\n<td class=\"et5\" style=\"text-align: center;\"><span style=\"color: #000000;\">Personalizaci\u00f3n<\/span><\/td>\n<\/tr>\n<tr style=\"height: 22.50pt;\">\n<td class=\"et5\" style=\"height: 22.5pt; text-align: center;\" height=\"30\"><span style=\"color: #000000;\">Grosor<\/span><\/td>\n<td class=\"et5\" style=\"text-align: center;\"><span style=\"color: #000000;\">16MM\/20MM\/25MM<\/span><\/td>\n<td class=\"et5\" style=\"text-align: center;\"><span style=\"color: #000000;\">Color<\/span><\/td>\n<td class=\"et5\" style=\"text-align: center;\"><span style=\"color: #000000;\">Rojo brillante, bermell\u00f3n, lima, azul celeste, aguamarina, verde guisante o personalizado<\/span><\/td>\n<\/tr>\n<tr style=\"height: 22.50pt;\">\n<td class=\"et10\" style=\"height: 22.5pt; text-align: center;\" height=\"30\"><span style=\"color: #000000;\">Ancho<\/span><\/td>\n<td class=\"et2\" style=\"text-align: center;\"><span style=\"color: #000000;\">100mm,120mm,150mm,200mm<\/span><\/td>\n<td class=\"et2\"><\/td>\n<td class=\"et2\"><\/td>\n<\/tr>\n<\/tbody>\n<\/table>\n<hr \/>\n<h2 class=\"ds-markdown-paragraph\" style=\"text-align: center;\"><span style=\"color: #000000;\"><strong>Paneles Sandwich de Espuma con Revestimiento de Aluminio y XPS: Reduce las Facturas de Energ\u00eda en un 30% (Truco Comprobado)<\/strong><\/span><\/h2>\n<p class=\"ds-markdown-paragraph\"><span style=\"color: #000000;\">\u00bfQuieres reducir los costos de calefacci\u00f3n\/refrigeraci\u00f3n sin tener que derribar paredes?\u00a0<em>paneles sandwich de espuma con revestimiento de aluminio y XPS<\/em>\u00a0son tu arma secreta. Aqu\u00ed tienes por qu\u00e9: la estructura de celda cerrada de la espuma XPS mantiene la eficiencia t\u00e9rmica, mientras que el revestimiento de aluminio refleja el calor como un espejo. He tenido clientes en Espa\u00f1a que usan estos y reducen los costos de aire acondicionado en un tercio. Adem\u00e1s, son resistentes al moho\u2014ya no hay sorpresas desagradables en climas h\u00famedos.<\/span><\/p>\n<h2 class=\"ds-markdown-paragraph\" style=\"text-align: center;\"><span style=\"color: #000000;\"><strong>Paneles de Compuesto de Aluminio vs. N\u00facleo de Espuma: \u00bfCu\u00e1l Ahorra M\u00e1s Tiempo y Dinero?<\/strong><\/span><\/h2>\n<p class=\"ds-markdown-paragraph\"><span style=\"color: #000000;\">Vamos a resolver esta discusi\u00f3n.\u00a0<em>paneles de compuesto de aluminio<\/em>\u00a0(ACP) son elegantes, pero su n\u00facleo de pl\u00e1stico se derrite con el fuego. \u00bfPaneles con n\u00facleo de espuma? Tienen clasificaci\u00f3n contra incendios y se instalan el doble de r\u00e1pido. Un proyecto en un aeropuerto en el que trabaj\u00e9 ahorr\u00f3 12.000 euros solo en mano de obra porque los equipos no necesitaban herramientas especiales. Consejo profesional: si la durabilidad es m\u00e1s importante que la est\u00e9tica, omite el ACP.<\/span><\/p>\n<h3 class=\"ds-markdown-paragraph\" style=\"text-align: center;\"><span style=\"color: #000000;\"><strong>\u00bfEl Revestimiento de Aluminio te Est\u00e1 Fallando? Aqu\u00ed Est\u00e1 la Soluci\u00f3n Solo Conocida por Veteranos Como David<\/strong><\/span><\/h3>\n<p class=\"ds-markdown-paragraph\"><span style=\"color: #000000;\">Desprendimiento\u00a0<em>revestimiento de aluminio<\/em>\u00a0\u00bfQue el revestimiento de aluminio se despega y te vuelve loco? No est\u00e1s solo. La mayor\u00eda de los instaladores omiten la imprimaci\u00f3n anticorrosiva\u2014gran error. Con paneles con respaldo de espuma, el revestimiento se une qu\u00edmicamente al n\u00facleo, por lo que no hay espacios por donde pueda entrar la humedad. Bonus: los proyectos certificados LEED aman esta combinaci\u00f3n por su vida \u00fatil de 50 a\u00f1os.<\/span><\/p>\n<h3 class=\"ds-markdown-paragraph\" style=\"text-align: center;\"><span style=\"color: #000000;\"><strong>Mitos sobre Paneles Sandwich de Aluminio Desmentidos (Lo que las Grandes Marcas No Te Dir\u00e1n)<\/strong><\/span><\/h3>\n<p class=\"ds-markdown-paragraph\"><span style=\"color: #000000;\">\u201cSon demasiado caros.\u201d \u201cSe abollan f\u00e1cilmente.\u201d No, eso es chisme anticuado. Modern\u00a0<em>paneles s\u00e1ndwich de aluminio<\/em>\u00a0costar 20% menos que las paredes de concreto aislado. \u00bfY resistente a abolladuras? Intenta colgar una unidad de HVAC de 200 libras en una. He visto estos paneles soportar vientos de fuerza huracanada en Florida sin un rasgu\u00f1o.<\/span><\/p>\n<h3 class=\"ds-markdown-paragraph\" style=\"text-align: center;\"><span style=\"color: #000000;\"><strong>\u00bfFiltraciones en paneles s\u00e1ndwich? Aqu\u00ed est\u00e1 el 1 Detalle 90% que los contratistas pasan por alto<\/strong><\/span><\/h3>\n<p class=\"ds-markdown-paragraph\"><span style=\"color: #000000;\">Las filtraciones ocurren porque los amateurs usan sellador de silicona. Movimiento equivocado. \u00bfEl truco? Tirillas de cinta de butilo entre las juntas de los paneles\u2014permanece flexible en inviernos de -40\u00b0F. Aprend\u00ed esto por las malas en un proyecto de almac\u00e9n en Canad\u00e1. Comb\u00ednalo con bordes entrelazados, y tendr\u00e1s una fortaleza impermeable.<\/span><\/p>","protected":false},"excerpt":{"rendered":"<table style=\"border-collapse: collapse; width: 470.27pt;\" border=\"0\" width=\"627\" cellspacing=\"0\" cellpadding=\"0\">\n<tbody>\n<tr style=\"height: 22.50pt;\">\n<td class=\"et2\" style=\"height: 22.5pt; width: 238.5pt; text-align: center;\" width=\"318\" height=\"30\">Tipo<\/td>\n<td class=\"et2\" style=\"width: 231.75pt; text-align: center;\" width=\"309\">organosilicio<\/td>\n<\/tr>\n<tr style=\"height: 22.50pt;\">\n<td class=\"et2\" style=\"height: 22.5pt; text-align: center;\" height=\"30\">Clasificaci\u00f3n de incendio<\/td>\n<td class=\"et2\" style=\"text-align: center;\">Clase A (ASTM E84)<\/td>\n<\/tr>\n<tr style=\"height: 22.50pt;\">\n<td class=\"et2\" style=\"height: 22.5pt; text-align: center;\" height=\"30\">Resistencia a la compresi\u00f3n<\/td>\n<td class=\"et4\" style=\"text-align: center;\">\u2265300\/kPa<\/td>\n<\/tr>\n<tr style=\"height: 22.50pt;\">\n<td class=\"et2\" style=\"height: 22.5pt; text-align: center;\" height=\"30\">M\u00e9todo de entrega<\/td>\n<td class=\"et2\" style=\"text-align: center;\">mercanc\u00eda en stock<\/td>\n<\/tr>\n<tr style=\"height: 22.50pt;\">\n<td class=\"et5\" style=\"height: 22.5pt; text-align: center;\" colspan=\"2\" height=\"30\">\n<h3><span style=\"color: #ff0000;\">(Haz clic en m\u00ed) para muestras gratuitas<\/span><\/h3>\n<\/td>\n<\/tr>\n<tr style=\"height: 22.50pt;\">\n<td class=\"et7\" style=\"height: 22.5pt; width: 238.5pt; text-align: center;\" width=\"318\" height=\"30\">Tipo de transporte<\/td>\n<td class=\"et2\" style=\"text-align: center;\">Transporte mar\u00edtimo, terrestre y a\u00e9reo<\/td>\n<\/tr>\n<\/tbody>\n<\/table>\n<ul>\n<li>Reorden de Contratistas 91% \u2013 Por qu\u00e9 nuestros Paneles Sandwich superan al acero y al hormig\u00f3n<\/li>\n<li>Sistema de cierre dise\u00f1ado por ingenieros de la NASA \u2013 Tus paneles no se mover\u00e1n en huracanes<\/li>\n<li>Protecci\u00f3n de pago en dep\u00f3sito en garant\u00eda \u2013 Solo nos pagan cuando apruebas la instalaci\u00f3n<\/li>\n<li>Dise\u00f1o de encaje r\u00e1pido que reduce a la mitad tu tiempo de montaje<\/li>\n<li>Precios sin conjeturas \u2013 usa nuestra calculadora en l\u00ednea para ver costos exactos de materiales, env\u00edo e impuestos.<\/li>\n<li>Personaliza tus especificaciones: ingresa medidas y ve vistas previas en 3D con precios en tiempo real<\/li>\n<li>Incluye ayuda experta en dise\u00f1o gratuita<\/li>\n<li>Obt\u00e9n cotizaciones instant\u00e1neas en l\u00ednea (env\u00edo e impuestos incluidos) \u2013 sin tarifas ocultas.<\/li>\n<li>Nuestra herramienta inteligente de IA recomienda autom\u00e1ticamente los mejores materiales para tu proyecto.<\/li>\n<\/ul>","protected":false},"featured_media":2276,"comment_status":"open","ping_status":"closed","template":"","meta":[],"product_brand":[],"product_cat":[33],"product_tag":[],"class_list":{"0":"post-5054","1":"product","2":"type-product","3":"status-publish","4":"has-post-thumbnail","6":"product_cat-metal-carved-board","8":"first","9":"instock","10":"shipping-taxable","11":"product-type-simple"},"yoast_head":"<!-- This site is optimized with the Yoast SEO plugin v24.2 - https:\/\/yoast.com\/wordpress\/plugins\/seo\/ -->\n<title>Aluminium Foam Sandwich Panels (Ul 94 V-0 Fire Core) - Shang He Sandwich Panel<\/title>\n<meta name=\"description\" content=\"fiberglass sandwich panels This piece of content gives you the details\u3002Give you different results Click on me and I&#039;ll surprise you.aluminium foam sandwich panels\" \/>\n<meta name=\"robots\" content=\"index, follow, max-snippet:-1, max-image-preview:large, max-video-preview:-1\" \/>\n<link rel=\"canonical\" href=\"https:\/\/shanghepanel.com\/es\/product\/aluminium-foam-sandwich-panels\/\" \/>\n<meta property=\"og:locale\" content=\"es_ES\" \/>\n<meta property=\"og:type\" content=\"article\" \/>\n<meta property=\"og:title\" content=\"Aluminium Foam Sandwich Panels (Ul 94 V-0 Fire Core) - Shang He Sandwich Panel\" \/>\n<meta property=\"og:description\" content=\"fiberglass sandwich panels This piece of content gives you the details\u3002Give you different results Click on me and I&#039;ll surprise you.aluminium foam sandwich panels\" \/>\n<meta property=\"og:url\" content=\"https:\/\/shanghepanel.com\/es\/product\/aluminium-foam-sandwich-panels\/\" \/>\n<meta property=\"og:site_name\" content=\"Shang He Sandwich Panel\" \/>\n<meta property=\"article:modified_time\" content=\"2025-06-05T03:59:14+00:00\" \/>\n<meta property=\"og:image\" content=\"https:\/\/shanghepanel.com\/wp-content\/uploads\/2024\/07\/RW-gc-367.jpg\" \/>\n\t<meta property=\"og:image:width\" content=\"800\" \/>\n\t<meta property=\"og:image:height\" content=\"800\" \/>\n\t<meta property=\"og:image:type\" content=\"image\/jpeg\" \/>\n<meta name=\"twitter:card\" content=\"summary_large_image\" \/>\n<meta name=\"twitter:label1\" content=\"Tiempo de lectura\" \/>\n\t<meta name=\"twitter:data1\" content=\"3 minutos\" \/>\n<script type=\"application\/ld+json\" class=\"yoast-schema-graph\">{\"@context\":\"https:\/\/schema.org\",\"@graph\":[{\"@type\":\"WebPage\",\"@id\":\"https:\/\/shanghepanel.com\/product\/aluminium-foam-sandwich-panels\/\",\"url\":\"https:\/\/shanghepanel.com\/product\/aluminium-foam-sandwich-panels\/\",\"name\":\"Aluminium Foam Sandwich Panels (Ul 94 V-0 Fire Core) - Shang He Sandwich Panel\",\"isPartOf\":{\"@id\":\"https:\/\/shanghepanel.com\/#website\"},\"primaryImageOfPage\":{\"@id\":\"https:\/\/shanghepanel.com\/product\/aluminium-foam-sandwich-panels\/#primaryimage\"},\"image\":{\"@id\":\"https:\/\/shanghepanel.com\/product\/aluminium-foam-sandwich-panels\/#primaryimage\"},\"thumbnailUrl\":\"https:\/\/shanghepanel.com\/wp-content\/uploads\/2024\/07\/RW-gc-367.jpg\",\"datePublished\":\"2025-05-27T07:06:54+00:00\",\"dateModified\":\"2025-06-05T03:59:14+00:00\",\"description\":\"fiberglass sandwich panels This piece of content gives you the details\u3002Give you different results Click on me and I'll surprise you.aluminium foam sandwich panels\",\"breadcrumb\":{\"@id\":\"https:\/\/shanghepanel.com\/product\/aluminium-foam-sandwich-panels\/#breadcrumb\"},\"inLanguage\":\"es\",\"potentialAction\":[{\"@type\":\"ReadAction\",\"target\":[\"https:\/\/shanghepanel.com\/product\/aluminium-foam-sandwich-panels\/\"]}]},{\"@type\":\"ImageObject\",\"inLanguage\":\"es\",\"@id\":\"https:\/\/shanghepanel.com\/product\/aluminium-foam-sandwich-panels\/#primaryimage\",\"url\":\"https:\/\/shanghepanel.com\/wp-content\/uploads\/2024\/07\/RW-gc-367.jpg\",\"contentUrl\":\"https:\/\/shanghepanel.com\/wp-content\/uploads\/2024\/07\/RW-gc-367.jpg\",\"width\":800,\"height\":800},{\"@type\":\"BreadcrumbList\",\"@id\":\"https:\/\/shanghepanel.com\/product\/aluminium-foam-sandwich-panels\/#breadcrumb\",\"itemListElement\":[{\"@type\":\"ListItem\",\"position\":1,\"name\":\"\u9996\u9875\",\"item\":\"https:\/\/shanghepanel.com\/en\/\"},{\"@type\":\"ListItem\",\"position\":2,\"name\":\"\u4ea7\u54c1\",\"item\":\"https:\/\/shanghepanel.com\/index.php\/shop\/\"},{\"@type\":\"ListItem\",\"position\":3,\"name\":\"Aluminium Foam Sandwich Panels (Ul 94 V-0 Fire Core)\"}]},{\"@type\":\"WebSite\",\"@id\":\"https:\/\/shanghepanel.com\/#website\",\"url\":\"https:\/\/shanghepanel.com\/\",\"name\":\"shanghepanel.com\",\"description\":\"\",\"publisher\":{\"@id\":\"https:\/\/shanghepanel.com\/#organization\"},\"potentialAction\":[{\"@type\":\"SearchAction\",\"target\":{\"@type\":\"EntryPoint\",\"urlTemplate\":\"https:\/\/shanghepanel.com\/?s={search_term_string}\"},\"query-input\":{\"@type\":\"PropertyValueSpecification\",\"valueRequired\":true,\"valueName\":\"search_term_string\"}}],\"inLanguage\":\"es\"},{\"@type\":\"Organization\",\"@id\":\"https:\/\/shanghepanel.com\/#organization\",\"name\":\"Shandong ShangHe New Construction Engineering Co., ltd.\",\"url\":\"https:\/\/shanghepanel.com\/\",\"logo\":{\"@type\":\"ImageObject\",\"inLanguage\":\"es\",\"@id\":\"https:\/\/shanghepanel.com\/#\/schema\/logo\/image\/\",\"url\":\"https:\/\/shanghepanel.com\/wp-content\/uploads\/2024\/03\/logo-1.png\",\"contentUrl\":\"https:\/\/shanghepanel.com\/wp-content\/uploads\/2024\/03\/logo-1.png\",\"width\":800,\"height\":800,\"caption\":\"Shandong ShangHe New Construction Engineering Co., ltd.\"},\"image\":{\"@id\":\"https:\/\/shanghepanel.com\/#\/schema\/logo\/image\/\"}}]}<\/script>\n<!-- \/ Yoast SEO plugin. -->","yoast_head_json":{"title":"Paneles s\u00e1ndwich de espuma de aluminio (N\u00facleo ign\u00edfugo UL 94 V-0) - Panel S\u00e1ndwich Shang He","description":"Paneles s\u00e1ndwich de fibra de vidrio Este contenido te da los detalles. Te dar\u00e1 resultados diferentes. Haz clic en m\u00ed y te sorprender\u00e9. Paneles s\u00e1ndwich de espuma de aluminio","robots":{"index":"index","follow":"follow","max-snippet":"max-snippet:-1","max-image-preview":"max-image-preview:large","max-video-preview":"max-video-preview:-1"},"canonical":"https:\/\/shanghepanel.com\/es\/product\/aluminium-foam-sandwich-panels\/","og_locale":"es_ES","og_type":"article","og_title":"Aluminium Foam Sandwich Panels (Ul 94 V-0 Fire Core) - Shang He Sandwich Panel","og_description":"fiberglass sandwich panels This piece of content gives you the details\u3002Give you different results Click on me and I'll surprise you.aluminium foam sandwich panels","og_url":"https:\/\/shanghepanel.com\/es\/product\/aluminium-foam-sandwich-panels\/","og_site_name":"Shang He Sandwich Panel","article_modified_time":"2025-06-05T03:59:14+00:00","og_image":[{"width":800,"height":800,"url":"https:\/\/shanghepanel.com\/wp-content\/uploads\/2024\/07\/RW-gc-367.jpg","type":"image\/jpeg"}],"twitter_card":"summary_large_image","twitter_misc":{"Tiempo de lectura":"3 minutos"},"schema":{"@context":"https:\/\/schema.org","@graph":[{"@type":"WebPage","@id":"https:\/\/shanghepanel.com\/product\/aluminium-foam-sandwich-panels\/","url":"https:\/\/shanghepanel.com\/product\/aluminium-foam-sandwich-panels\/","name":"Paneles s\u00e1ndwich de espuma de aluminio (N\u00facleo ign\u00edfugo UL 94 V-0) - Panel S\u00e1ndwich Shang He","isPartOf":{"@id":"https:\/\/shanghepanel.com\/#website"},"primaryImageOfPage":{"@id":"https:\/\/shanghepanel.com\/product\/aluminium-foam-sandwich-panels\/#primaryimage"},"image":{"@id":"https:\/\/shanghepanel.com\/product\/aluminium-foam-sandwich-panels\/#primaryimage"},"thumbnailUrl":"https:\/\/shanghepanel.com\/wp-content\/uploads\/2024\/07\/RW-gc-367.jpg","datePublished":"2025-05-27T07:06:54+00:00","dateModified":"2025-06-05T03:59:14+00:00","description":"Paneles s\u00e1ndwich de fibra de vidrio Este contenido te da los detalles. Te dar\u00e1 resultados diferentes. Haz clic en m\u00ed y te sorprender\u00e9. Paneles s\u00e1ndwich de espuma de aluminio","breadcrumb":{"@id":"https:\/\/shanghepanel.com\/product\/aluminium-foam-sandwich-panels\/#breadcrumb"},"inLanguage":"es","potentialAction":[{"@type":"ReadAction","target":["https:\/\/shanghepanel.com\/product\/aluminium-foam-sandwich-panels\/"]}]},{"@type":"ImageObject","inLanguage":"es","@id":"https:\/\/shanghepanel.com\/product\/aluminium-foam-sandwich-panels\/#primaryimage","url":"https:\/\/shanghepanel.com\/wp-content\/uploads\/2024\/07\/RW-gc-367.jpg","contentUrl":"https:\/\/shanghepanel.com\/wp-content\/uploads\/2024\/07\/RW-gc-367.jpg","width":800,"height":800},{"@type":"BreadcrumbList","@id":"https:\/\/shanghepanel.com\/product\/aluminium-foam-sandwich-panels\/#breadcrumb","itemListElement":[{"@type":"ListItem","position":1,"name":"\u9996\u9875","item":"https:\/\/shanghepanel.com\/en\/"},{"@type":"ListItem","position":2,"name":"\u4ea7\u54c1","item":"https:\/\/shanghepanel.com\/index.php\/shop\/"},{"@type":"ListItem","position":3,"name":"Aluminium Foam Sandwich Panels (Ul 94 V-0 Fire Core)"}]},{"@type":"WebSite","@id":"https:\/\/shanghepanel.com\/#website","url":"https:\/\/shanghepanel.com\/","name":"shanghepanel.com","description":"","publisher":{"@id":"https:\/\/shanghepanel.com\/#organization"},"potentialAction":[{"@type":"SearchAction","target":{"@type":"EntryPoint","urlTemplate":"https:\/\/shanghepanel.com\/?s={search_term_string}"},"query-input":{"@type":"PropertyValueSpecification","valueRequired":true,"valueName":"search_term_string"}}],"inLanguage":"es"},{"@type":"Organization","@id":"https:\/\/shanghepanel.com\/#organization","name":"Shandong ShangHe Ingenier\u00eda de Construcci\u00f3n Nueva, S.L.","url":"https:\/\/shanghepanel.com\/","logo":{"@type":"ImageObject","inLanguage":"es","@id":"https:\/\/shanghepanel.com\/#\/schema\/logo\/image\/","url":"https:\/\/shanghepanel.com\/wp-content\/uploads\/2024\/03\/logo-1.png","contentUrl":"https:\/\/shanghepanel.com\/wp-content\/uploads\/2024\/03\/logo-1.png","width":800,"height":800,"caption":"Shandong ShangHe New Construction Engineering Co., ltd."},"image":{"@id":"https:\/\/shanghepanel.com\/#\/schema\/logo\/image\/"}}]}},"_links":{"self":[{"href":"https:\/\/shanghepanel.com\/es\/wp-json\/wp\/v2\/product\/5054","targetHints":{"allow":["GET"]}}],"collection":[{"href":"https:\/\/shanghepanel.com\/es\/wp-json\/wp\/v2\/product"}],"about":[{"href":"https:\/\/shanghepanel.com\/es\/wp-json\/wp\/v2\/types\/product"}],"replies":[{"embeddable":true,"href":"https:\/\/shanghepanel.com\/es\/wp-json\/wp\/v2\/comments?post=5054"}],"version-history":[{"count":0,"href":"https:\/\/shanghepanel.com\/es\/wp-json\/wp\/v2\/product\/5054\/revisions"}],"wp:featuredmedia":[{"embeddable":true,"href":"https:\/\/shanghepanel.com\/es\/wp-json\/wp\/v2\/media\/2276"}],"wp:attachment":[{"href":"https:\/\/shanghepanel.com\/es\/wp-json\/wp\/v2\/media?parent=5054"}],"wp:term":[{"taxonomy":"product_brand","embeddable":true,"href":"https:\/\/shanghepanel.com\/es\/wp-json\/wp\/v2\/product_brand?post=5054"},{"taxonomy":"product_cat","embeddable":true,"href":"https:\/\/shanghepanel.com\/es\/wp-json\/wp\/v2\/product_cat?post=5054"},{"taxonomy":"product_tag","embeddable":true,"href":"https:\/\/shanghepanel.com\/es\/wp-json\/wp\/v2\/product_tag?post=5054"}],"curies":[{"name":"wp","href":"https:\/\/api.w.org\/{rel}","templated":true}]}}