{"id":960,"date":"2024-05-14T15:48:39","date_gmt":"2024-05-14T07:48:39","guid":{"rendered":"https:\/\/shanghepanel.com\/?post_type=product&#038;p=960"},"modified":"2025-06-05T14:10:26","modified_gmt":"2025-06-05T06:10:26","slug":"fireproof-rock-wool-sandwich-panel","status":"publish","type":"product","link":"https:\/\/shanghepanel.com\/es\/product\/fireproof-rock-wool-sandwich-panel\/","title":{"rendered":"Paneles de pared s\u00e1ndwich de lana de roca"},"content":{"rendered":"<div data-elementor-type=\"product-post\" data-elementor-id=\"960\" class=\"elementor elementor-960\" data-elementor-post-type=\"product\">\n\t\t\t\t<div class=\"elementor-element elementor-element-63304e52 e-flex e-con-boxed e-con e-parent\" data-id=\"63304e52\" data-element_type=\"container\" data-e-type=\"container\">\n\t\t\t\t\t<div class=\"e-con-inner\">\n\t\t\t\t<div class=\"elementor-element elementor-element-1b00319e elementor-widget elementor-widget-text-editor\" data-id=\"1b00319e\" data-element_type=\"widget\" data-e-type=\"widget\" data-widget_type=\"text-editor.default\">\n\t\t\t\t<div class=\"elementor-widget-container\">\n\t\t\t\t\t\t\t\t\t<h2>Presentamos el panel s\u00e1ndwich de lana de roca<\/h2><p>Nuestro panel s\u00e1ndwich de lana de roca es un material de construcci\u00f3n duradero y vers\u00e1til que ofrece propiedades excepcionales de aislamiento t\u00e9rmico y ac\u00fastico. Fabricado con una combinaci\u00f3n de lana de roca de alta calidad y dos capas de l\u00e1minas de acero o aluminio, este panel proporciona una excelente resistencia al fuego, lo que lo convierte en una opci\u00f3n ideal para una amplia gama de aplicaciones.<\/p><h2>Caracter\u00edsticas y beneficios<\/h2><ol><li>Aislamiento t\u00e9rmico: El n\u00facleo de lana de roca del panel tiene excelentes propiedades de aislamiento t\u00e9rmico, lo que ayuda a mantener una temperatura interior confortable y a reducir el consumo de energ\u00eda.<\/li><li>Aislamiento ac\u00fastico: La estructura densa del material de lana de roca absorbe eficazmente las ondas sonoras, reduciendo la transmisi\u00f3n de ruido y creando un entorno m\u00e1s silencioso.<\/li><li>Resistencia al fuego: El n\u00facleo de lana de roca no es combustible y puede soportar altas temperaturas, proporcionando una valiosa protecci\u00f3n contra incendios para los edificios.<\/li><li>Durabilidad: Las capas exteriores de acero o aluminio del panel son resistentes a la corrosi\u00f3n y pueden soportar condiciones clim\u00e1ticas adversas, lo que garantiza un rendimiento duradero.<\/li><li>F\u00e1cil instalaci\u00f3n: El dise\u00f1o ligero y modular del panel s\u00e1ndwich de lana de roca permite una instalaci\u00f3n r\u00e1pida y sencilla, lo que ahorra tiempo y costes de mano de obra.<\/li><\/ol><h2>Aplicaciones<\/h2><p>Nuestro panel s\u00e1ndwich de lana de roca es adecuado para diversas aplicaciones, incluyendo:<\/p><ul><li>Edificios industriales<\/li><li>Edificios comerciales<\/li><li>Instalaciones de almacenamiento en fr\u00edo<\/li><li>Almacenes<\/li><li>Edificios agr\u00edcolas<\/li><li>Edificios residenciales<\/li><li>Salas insonorizadas<\/li><\/ul><p>Con sus excepcionales propiedades de aislamiento, resistencia al fuego y durabilidad, el panel s\u00e1ndwich de lana de roca es una excelente opci\u00f3n para cualquier proyecto de construcci\u00f3n. P\u00f3ngase en contacto con nosotros hoy mismo para obtener m\u00e1s informaci\u00f3n sobre c\u00f3mo nuestro panel puede satisfacer sus necesidades espec\u00edficas.<\/p>\t\t\t\t\t\t\t\t<\/div>\n\t\t\t\t<\/div>\n\t\t\t\t\t<\/div>\n\t\t\t\t<\/div>\n\t\t<div class=\"elementor-element elementor-element-e7ef516 e-con-full e-flex e-con e-parent\" data-id=\"e7ef516\" data-element_type=\"container\" data-e-type=\"container\">\n\t\t\t\t<div class=\"elementor-element elementor-element-83b69e1 elementor-widget elementor-widget-heading\" data-id=\"83b69e1\" data-element_type=\"widget\" data-e-type=\"widget\" data-widget_type=\"heading.default\">\n\t\t\t\t<div class=\"elementor-widget-container\">\n\t\t\t\t\t<h2 class=\"elementor-heading-title elementor-size-default\">Panel Sandwich de Lana de Roca Resistente al Fuego de Clase para Sistema de Revestimiento de Paredes Met\u00e1licas<\/h2>\t\t\t\t<\/div>\n\t\t\t\t<\/div>\n\t\t\t\t<div class=\"elementor-element elementor-element-f2aa141 elementor-widget elementor-widget-image\" data-id=\"f2aa141\" data-element_type=\"widget\" data-e-type=\"widget\" data-widget_type=\"image.default\">\n\t\t\t\t<div class=\"elementor-widget-container\">\n\t\t\t\t\t\t\t\t\t\t\t\t\t\t\t<img fetchpriority=\"high\" decoding=\"async\" width=\"1060\" height=\"565\" src=\"https:\/\/shanghepanel.com\/wp-content\/uploads\/2024\/05\/RW-st-30.jpg\" class=\"attachment-full size-full wp-image-992\" alt=\"\" srcset=\"https:\/\/shanghepanel.com\/wp-content\/uploads\/2024\/05\/RW-st-30.jpg.webp 1060w, https:\/\/shanghepanel.com\/wp-content\/uploads\/2024\/05\/RW-st-30-300x160.jpg.webp 300w, https:\/\/shanghepanel.com\/wp-content\/uploads\/2024\/05\/RW-st-30-1024x546.jpg.webp 1024w, https:\/\/shanghepanel.com\/wp-content\/uploads\/2024\/05\/RW-st-30-768x409.jpg.webp 768w, https:\/\/shanghepanel.com\/wp-content\/uploads\/2024\/05\/RW-st-30-600x320.jpg.webp 600w\" sizes=\"(max-width: 1060px) 100vw, 1060px\" \/>\t\t\t\t\t\t\t\t\t\t\t\t\t\t\t<\/div>\n\t\t\t\t<\/div>\n\t\t\t\t<div class=\"elementor-element elementor-element-9596700 elementor-tabs-view-horizontal elementor-widget elementor-widget-tabs\" data-id=\"9596700\" data-element_type=\"widget\" data-e-type=\"widget\" data-widget_type=\"tabs.default\">\n\t\t\t\t<div class=\"elementor-widget-container\">\n\t\t\t\t\t\t\t<div class=\"elementor-tabs\">\n\t\t\t<div class=\"elementor-tabs-wrapper\" role=\"tablist\" >\n\t\t\t\t\t\t\t\t\t<div id=\"elementor-tab-title-1561\" class=\"elementor-tab-title elementor-tab-desktop-title\" aria-selected=\"true\" data-tab=\"1\" role=\"tab\" tabindex=\"0\" aria-controls=\"elementor-tab-content-1561\" aria-expanded=\"false\">Par\u00e1metros del Producto<\/div>\n\t\t\t\t\t\t\t\t\t<div id=\"elementor-tab-title-1562\" class=\"elementor-tab-title elementor-tab-desktop-title\" aria-selected=\"false\" data-tab=\"2\" role=\"tab\" tabindex=\"-1\" aria-controls=\"elementor-tab-content-1562\" aria-expanded=\"false\">Descripci\u00f3n del rendimiento<\/div>\n\t\t\t\t\t\t\t\t\t<div id=\"elementor-tab-title-1563\" class=\"elementor-tab-title elementor-tab-desktop-title\" aria-selected=\"false\" data-tab=\"3\" role=\"tab\" tabindex=\"-1\" aria-controls=\"elementor-tab-content-1563\" aria-expanded=\"false\">Informaci\u00f3n de la transacci\u00f3n<\/div>\n\t\t\t\t\t\t\t<\/div>\n\t\t\t<div class=\"elementor-tabs-content-wrapper\" role=\"tablist\" aria-orientation=\"vertical\">\n\t\t\t\t\t\t\t\t\t<div class=\"elementor-tab-title elementor-tab-mobile-title\" aria-selected=\"true\" data-tab=\"1\" role=\"tab\" tabindex=\"0\" aria-controls=\"elementor-tab-content-1561\" aria-expanded=\"false\">Par\u00e1metros del Producto<\/div>\n\t\t\t\t\t<div id=\"elementor-tab-content-1561\" class=\"elementor-tab-content elementor-clearfix\" data-tab=\"1\" role=\"tabpanel\" aria-labelledby=\"elementor-tab-title-1561\" tabindex=\"0\" hidden=\"false\"><table border=\"1\"><tbody><tr><td><p>Marca de placas de acero<\/p><\/td><td><p>Bao Steel, Yieh Phui Steel, Ma Steel, BHP Steel.<\/p><\/td><\/tr><tr><td><p>Pintura de placas de acero<\/p><\/td><td><p>PVDF, SMP, HDP, PE; La pintura superior debe ser superior a 25 \u03bcm.<\/p><\/td><\/tr><tr><td><p>Capa galvanizada de placas de acero<\/p><\/td><td><p>Placa exterior: 55% Aluzinc por encima de 100g\/m\u00b3 o recubrimiento de zinc por encima de 150g\/m\u00b3; placa interior: 55% Aluzinc por encima de 70g\/m\u00b3 o recubrimiento de zinc por encima de 100g\/m\u00b3.<\/p><\/td><\/tr><tr><td><p>Grosor de las placas de acero<\/p><\/td><td><p>0.14mm-0.6mm.<\/p><\/td><\/tr><tr><td><p>Grosor del n\u00facleo<\/p><\/td><td><p>50mm\/75mm\/100mm\/120mm\/150mm.<\/p><\/td><\/tr><tr><td><p>Densidad del n\u00facleo<\/p><\/td><td><p>90\/100\/120kg\/m\u00b3<\/p><\/td><\/tr><tr><td><p>Ancho efectivo<\/p><\/td><td><p>950\/1150mm<\/p><\/td><\/tr><tr><td><p>Longitud del panel<\/p><\/td><td><p>Seg\u00fan la solicitud del cliente<\/p><\/td><\/tr><\/tbody><\/table><\/div>\n\t\t\t\t\t\t\t\t\t<div class=\"elementor-tab-title elementor-tab-mobile-title\" aria-selected=\"false\" data-tab=\"2\" role=\"tab\" tabindex=\"-1\" aria-controls=\"elementor-tab-content-1562\" aria-expanded=\"false\">Descripci\u00f3n del rendimiento<\/div>\n\t\t\t\t\t<div id=\"elementor-tab-content-1562\" class=\"elementor-tab-content elementor-clearfix\" data-tab=\"2\" role=\"tabpanel\" aria-labelledby=\"elementor-tab-title-1562\" tabindex=\"0\" hidden=\"hidden\"><ol><li><strong><span style=\"color: #142d7d;\">Prevenci\u00f3n de incendios<\/span><\/strong>: Lana de roca impermeable de alta calidad y rendimiento contra incendios de clase A.<\/li><li><strong><span style=\"color: #142d7d;\">Aislamiento T\u00e9rmico<\/span><\/strong>: El bajo coeficiente de conductividad t\u00e9rmica y el excelente dise\u00f1o de nodos garantizan la estanqueidad y el aislamiento t\u00e9rmico.<\/li><li><strong><span style=\"color: #142d7d;\">Aislamiento ac\u00fastico<\/span><\/strong>: El efecto de absorci\u00f3n sonora es bueno. El factor de reducci\u00f3n de sonido no es menor a 30dB. Puede reducir eficazmente la interferencia del ruido exterior.<\/li><li><strong><span style=\"color: #142d7d;\">S\u00f3lido<\/span><\/strong>: La placa tiene alta resistencia, dise\u00f1o \u00fanico de interfaz de soporte doble y gran capacidad de resistencia a la presi\u00f3n del viento. Tiene la resistencia necesaria para soportar presi\u00f3n y carga, pudiendo ser utilizada como construcci\u00f3n protegida exterior y construcci\u00f3n de carga.<\/li><li><strong><span style=\"color: #142d7d;\">Dise\u00f1o atractivo<\/span><\/strong>: Color brillante y apariencia atractiva, no es necesario realizar ornamentaci\u00f3n exterior. La placa adopta un dise\u00f1o de nodo con tornillo oculto y tiene efectos de panel diversificados.<\/li><li><strong><span style=\"color: #142d7d;\">Instalaci\u00f3n conveniente<\/span><\/strong>: F\u00e1cil, flexible y r\u00e1pida. En comparaci\u00f3n con la construcci\u00f3n civil, puede reducir en m\u00e1s de 40% el per\u00edodo de construcci\u00f3n.<\/li><\/ol><\/div>\n\t\t\t\t\t\t\t\t\t<div class=\"elementor-tab-title elementor-tab-mobile-title\" aria-selected=\"false\" data-tab=\"3\" role=\"tab\" tabindex=\"-1\" aria-controls=\"elementor-tab-content-1563\" aria-expanded=\"false\">Informaci\u00f3n de la transacci\u00f3n<\/div>\n\t\t\t\t\t<div id=\"elementor-tab-content-1563\" class=\"elementor-tab-content elementor-clearfix\" data-tab=\"3\" role=\"tabpanel\" aria-labelledby=\"elementor-tab-title-1563\" tabindex=\"0\" hidden=\"hidden\"><ul><li><p><span style=\"color: #142d7d;\">Pago <\/span>: <span style=\"color: #737373; font-size: 1rem;\">TT\/LC<\/span><\/p><\/li><li><p><span style=\"color: #142d7d;\">Origen del producto <\/span>: <span style=\"color: #737373; font-size: 1rem;\">Provincia de Shandong, China<\/span><\/p><\/li><li><p><span style=\"color: #142d7d;\">Color <\/span>: <span style=\"color: #737373; font-size: 1rem;\">Personalizado seg\u00fan su solicitud<\/span><\/p><\/li><li><p><span style=\"color: #142d7d;\">Cantidad M\u00ednima de Pedido <\/span>: <span style=\"color: #737373; font-size: 1rem;\">\u00a0Mil metros cuadrados<\/span><\/p><\/li><li><p><span style=\"color: #142d7d;\">Puerto de env\u00edo <\/span>: <span style=\"color: #737373; font-size: 1rem;\">Puerto de Qingdao, China<\/span><\/p><\/li><li><p><span style=\"color: #142d7d;\">Tiempo de entrega <\/span>\uff1a <span style=\"color: #737373; font-size: 1rem;\">20-30 d\u00edas despu\u00e9s de recibir su dep\u00f3sito<\/span><\/p><\/li><\/ul><\/div>\n\t\t\t\t\t\t\t<\/div>\n\t\t<\/div>\n\t\t\t\t\t\t<\/div>\n\t\t\t\t<\/div>\n\t\t\t\t<div class=\"elementor-element elementor-element-9ea5780 elementor-widget elementor-widget-elementskit-faq\" data-id=\"9ea5780\" data-element_type=\"widget\" data-e-type=\"widget\" data-widget_type=\"elementskit-faq.default\">\n\t\t\t\t<div class=\"elementor-widget-container\">\n\t\t\t\t\t<div class=\"ekit-wid-con\" >\n                <div class=\"elementskit-single-faq elementor-repeater-item-f583996\">\n            <div class=\"elementskit-faq-header\">\n                <h2 class=\"elementskit-faq-title\">\u00bfCu\u00e1nto dura en el exterior sin decolorarse?<\/h2>\n            <\/div>\n            <div class=\"elementskit-faq-body\">\n                La capa met\u00e1lica exterior no puede oxidarse durante 45 a\u00f1os, y el color de la pintura no puede desvanecerse durante 15 a\u00f1os.            <\/div>\n        <\/div>\n                <div class=\"elementskit-single-faq elementor-repeater-item-faa9272\">\n            <div class=\"elementskit-faq-header\">\n                <h2 class=\"elementskit-faq-title\">\u00bfTiene efecto de aislamiento ac\u00fastico?<\/h2>\n            <\/div>\n            <div class=\"elementskit-faq-body\">\n                El material central en el medio es una capa de aislamiento t\u00e9rmico y ac\u00fastico compuesta por alta densidad, y su interior es una estructura de celdas cerradas independiente, que tiene un buen efecto de aislamiento ac\u00fastico.            <\/div>\n        <\/div>\n                <div class=\"elementskit-single-faq elementor-repeater-item-f1cd0bf\">\n            <div class=\"elementskit-faq-header\">\n                <h2 class=\"elementskit-faq-title\">\u00bfPuedo obtener muestras para inspecci\u00f3n?<\/h2>\n            <\/div>\n            <div class=\"elementskit-faq-body\">\n                Le proporcionaremos muestras gratuitas antes de la confirmaci\u00f3n del pedido.            <\/div>\n        <\/div>\n                \n    <\/div>\t\t\t\t<\/div>\n\t\t\t\t<\/div>\n\t\t\t\t<\/div>\n\t\t\t\t<\/div>","protected":false},"excerpt":{"rendered":"<p>Para cumplir con los requisitos de mayor resistencia al fuego de los edificios, Shanghe ha lanzado el <strong>panel compuesto s\u00e1ndwich de lana de roca<\/strong>. El producto utiliza lana de roca impermeable de alta calidad como material central. A trav\u00e9s del curado de doble v\u00eda de precisi\u00f3n s\u00faper largo, el producto es excelente en t\u00e9rminos de prevenci\u00f3n de incendios, aislamiento t\u00e9rmico, reducci\u00f3n de ruido y protecci\u00f3n ambiental.11122<\/p>","protected":false},"featured_media":961,"comment_status":"open","ping_status":"closed","template":"","meta":[],"product_brand":[],"product_cat":[27],"product_tag":[30,28,29],"class_list":{"0":"post-960","1":"product","2":"type-product","3":"status-publish","4":"has-post-thumbnail","6":"product_cat-rockwool","7":"product_tag-insulation-board","8":"product_tag-rock-wool","9":"product_tag-wall-board","11":"first","12":"instock","13":"shipping-taxable","14":"product-type-grouped"},"yoast_head":"<!-- This site is optimized with the Yoast SEO plugin v24.2 - https:\/\/yoast.com\/wordpress\/plugins\/seo\/ -->\n<title>Rockwool Sandwich Wall Panels - Shang He Sandwich Panel Rock Wool Sandwich Panel<\/title>\n<meta name=\"description\" content=\"Rock Wool Sandwich Wall Panel offer superior thermal insulation, fire resistance, and sound absorption, making them ideal for various building applications.\" \/>\n<meta name=\"robots\" content=\"index, follow, max-snippet:-1, max-image-preview:large, max-video-preview:-1\" \/>\n<link rel=\"canonical\" href=\"https:\/\/shanghepanel.com\/es\/product\/fireproof-rock-wool-sandwich-panel\/\" \/>\n<meta property=\"og:locale\" content=\"es_ES\" \/>\n<meta property=\"og:type\" content=\"article\" \/>\n<meta property=\"og:title\" content=\"Rockwool Sandwich Wall Panels - Shang He Sandwich Panel Rock Wool Sandwich Panel\" \/>\n<meta property=\"og:description\" content=\"Rock Wool Sandwich Wall Panel offer superior thermal insulation, fire resistance, and sound absorption, making them ideal for various building applications.\" \/>\n<meta property=\"og:url\" content=\"https:\/\/shanghepanel.com\/es\/product\/fireproof-rock-wool-sandwich-panel\/\" \/>\n<meta property=\"og:site_name\" content=\"Shang He Sandwich Panel\" \/>\n<meta property=\"article:modified_time\" content=\"2025-06-05T06:10:26+00:00\" \/>\n<meta property=\"og:image\" content=\"https:\/\/shanghepanel.com\/wp-content\/uploads\/2024\/05\/RW-bd-24.jpg\" \/>\n\t<meta property=\"og:image:width\" content=\"800\" \/>\n\t<meta property=\"og:image:height\" content=\"800\" \/>\n\t<meta property=\"og:image:type\" content=\"image\/jpeg\" \/>\n<meta name=\"twitter:card\" content=\"summary_large_image\" \/>\n<meta name=\"twitter:label1\" content=\"Tiempo de lectura\" \/>\n\t<meta name=\"twitter:data1\" content=\"4 minutos\" \/>\n<script type=\"application\/ld+json\" class=\"yoast-schema-graph\">{\"@context\":\"https:\/\/schema.org\",\"@graph\":[{\"@type\":\"WebPage\",\"@id\":\"https:\/\/shanghepanel.com\/product\/fireproof-rock-wool-sandwich-panel\/\",\"url\":\"https:\/\/shanghepanel.com\/product\/fireproof-rock-wool-sandwich-panel\/\",\"name\":\"Rockwool Sandwich Wall Panels - Shang He Sandwich Panel Rock Wool Sandwich Panel\",\"isPartOf\":{\"@id\":\"https:\/\/shanghepanel.com\/#website\"},\"primaryImageOfPage\":{\"@id\":\"https:\/\/shanghepanel.com\/product\/fireproof-rock-wool-sandwich-panel\/#primaryimage\"},\"image\":{\"@id\":\"https:\/\/shanghepanel.com\/product\/fireproof-rock-wool-sandwich-panel\/#primaryimage\"},\"thumbnailUrl\":\"https:\/\/shanghepanel.com\/wp-content\/uploads\/2024\/05\/RW-bd-24.jpg\",\"datePublished\":\"2024-05-14T07:48:39+00:00\",\"dateModified\":\"2025-06-05T06:10:26+00:00\",\"description\":\"Rock Wool Sandwich Wall Panel offer superior thermal insulation, fire resistance, and sound absorption, making them ideal for various building applications.\",\"breadcrumb\":{\"@id\":\"https:\/\/shanghepanel.com\/product\/fireproof-rock-wool-sandwich-panel\/#breadcrumb\"},\"inLanguage\":\"es\",\"potentialAction\":[{\"@type\":\"ReadAction\",\"target\":[\"https:\/\/shanghepanel.com\/product\/fireproof-rock-wool-sandwich-panel\/\"]}]},{\"@type\":\"ImageObject\",\"inLanguage\":\"es\",\"@id\":\"https:\/\/shanghepanel.com\/product\/fireproof-rock-wool-sandwich-panel\/#primaryimage\",\"url\":\"https:\/\/shanghepanel.com\/wp-content\/uploads\/2024\/05\/RW-bd-24.jpg\",\"contentUrl\":\"https:\/\/shanghepanel.com\/wp-content\/uploads\/2024\/05\/RW-bd-24.jpg\",\"width\":800,\"height\":800},{\"@type\":\"BreadcrumbList\",\"@id\":\"https:\/\/shanghepanel.com\/product\/fireproof-rock-wool-sandwich-panel\/#breadcrumb\",\"itemListElement\":[{\"@type\":\"ListItem\",\"position\":1,\"name\":\"\u9996\u9875\",\"item\":\"https:\/\/shanghepanel.com\/en\/\"},{\"@type\":\"ListItem\",\"position\":2,\"name\":\"\u4ea7\u54c1\",\"item\":\"https:\/\/shanghepanel.com\/index.php\/shop\/\"},{\"@type\":\"ListItem\",\"position\":3,\"name\":\"Rockwool Sandwich Wall Panels\"}]},{\"@type\":\"WebSite\",\"@id\":\"https:\/\/shanghepanel.com\/#website\",\"url\":\"https:\/\/shanghepanel.com\/\",\"name\":\"shanghepanel.com\",\"description\":\"\",\"publisher\":{\"@id\":\"https:\/\/shanghepanel.com\/#organization\"},\"potentialAction\":[{\"@type\":\"SearchAction\",\"target\":{\"@type\":\"EntryPoint\",\"urlTemplate\":\"https:\/\/shanghepanel.com\/?s={search_term_string}\"},\"query-input\":{\"@type\":\"PropertyValueSpecification\",\"valueRequired\":true,\"valueName\":\"search_term_string\"}}],\"inLanguage\":\"es\"},{\"@type\":\"Organization\",\"@id\":\"https:\/\/shanghepanel.com\/#organization\",\"name\":\"Shandong ShangHe New Construction Engineering Co., ltd.\",\"url\":\"https:\/\/shanghepanel.com\/\",\"logo\":{\"@type\":\"ImageObject\",\"inLanguage\":\"es\",\"@id\":\"https:\/\/shanghepanel.com\/#\/schema\/logo\/image\/\",\"url\":\"https:\/\/shanghepanel.com\/wp-content\/uploads\/2024\/03\/logo-1.png\",\"contentUrl\":\"https:\/\/shanghepanel.com\/wp-content\/uploads\/2024\/03\/logo-1.png\",\"width\":800,\"height\":800,\"caption\":\"Shandong ShangHe New Construction Engineering Co., ltd.\"},\"image\":{\"@id\":\"https:\/\/shanghepanel.com\/#\/schema\/logo\/image\/\"}}]}<\/script>\n<!-- \/ Yoast SEO plugin. -->","yoast_head_json":{"title":"Paneles de pared s\u00e1ndwich de lana de roca - Panel s\u00e1ndwich Shang He, Panel s\u00e1ndwich de lana de roca","description":"El panel de pared s\u00e1ndwich de lana de roca ofrece un aislamiento t\u00e9rmico superior, resistencia al fuego y absorci\u00f3n de sonido, lo que los hace ideales para diversas aplicaciones de construcci\u00f3n.","robots":{"index":"index","follow":"follow","max-snippet":"max-snippet:-1","max-image-preview":"max-image-preview:large","max-video-preview":"max-video-preview:-1"},"canonical":"https:\/\/shanghepanel.com\/es\/product\/fireproof-rock-wool-sandwich-panel\/","og_locale":"es_ES","og_type":"article","og_title":"Rockwool Sandwich Wall Panels - Shang He Sandwich Panel Rock Wool Sandwich Panel","og_description":"Rock Wool Sandwich Wall Panel offer superior thermal insulation, fire resistance, and sound absorption, making them ideal for various building applications.","og_url":"https:\/\/shanghepanel.com\/es\/product\/fireproof-rock-wool-sandwich-panel\/","og_site_name":"Shang He Sandwich Panel","article_modified_time":"2025-06-05T06:10:26+00:00","og_image":[{"width":800,"height":800,"url":"https:\/\/shanghepanel.com\/wp-content\/uploads\/2024\/05\/RW-bd-24.jpg","type":"image\/jpeg"}],"twitter_card":"summary_large_image","twitter_misc":{"Tiempo de lectura":"4 minutos"},"schema":{"@context":"https:\/\/schema.org","@graph":[{"@type":"WebPage","@id":"https:\/\/shanghepanel.com\/product\/fireproof-rock-wool-sandwich-panel\/","url":"https:\/\/shanghepanel.com\/product\/fireproof-rock-wool-sandwich-panel\/","name":"Paneles de pared s\u00e1ndwich de lana de roca - Panel s\u00e1ndwich Shang He, Panel s\u00e1ndwich de lana de roca","isPartOf":{"@id":"https:\/\/shanghepanel.com\/#website"},"primaryImageOfPage":{"@id":"https:\/\/shanghepanel.com\/product\/fireproof-rock-wool-sandwich-panel\/#primaryimage"},"image":{"@id":"https:\/\/shanghepanel.com\/product\/fireproof-rock-wool-sandwich-panel\/#primaryimage"},"thumbnailUrl":"https:\/\/shanghepanel.com\/wp-content\/uploads\/2024\/05\/RW-bd-24.jpg","datePublished":"2024-05-14T07:48:39+00:00","dateModified":"2025-06-05T06:10:26+00:00","description":"El panel de pared s\u00e1ndwich de lana de roca ofrece un aislamiento t\u00e9rmico superior, resistencia al fuego y absorci\u00f3n de sonido, lo que los hace ideales para diversas aplicaciones de construcci\u00f3n.","breadcrumb":{"@id":"https:\/\/shanghepanel.com\/product\/fireproof-rock-wool-sandwich-panel\/#breadcrumb"},"inLanguage":"es","potentialAction":[{"@type":"ReadAction","target":["https:\/\/shanghepanel.com\/product\/fireproof-rock-wool-sandwich-panel\/"]}]},{"@type":"ImageObject","inLanguage":"es","@id":"https:\/\/shanghepanel.com\/product\/fireproof-rock-wool-sandwich-panel\/#primaryimage","url":"https:\/\/shanghepanel.com\/wp-content\/uploads\/2024\/05\/RW-bd-24.jpg","contentUrl":"https:\/\/shanghepanel.com\/wp-content\/uploads\/2024\/05\/RW-bd-24.jpg","width":800,"height":800},{"@type":"BreadcrumbList","@id":"https:\/\/shanghepanel.com\/product\/fireproof-rock-wool-sandwich-panel\/#breadcrumb","itemListElement":[{"@type":"ListItem","position":1,"name":"\u9996\u9875","item":"https:\/\/shanghepanel.com\/en\/"},{"@type":"ListItem","position":2,"name":"\u4ea7\u54c1","item":"https:\/\/shanghepanel.com\/index.php\/shop\/"},{"@type":"ListItem","position":3,"name":"Rockwool Sandwich Wall Panels"}]},{"@type":"WebSite","@id":"https:\/\/shanghepanel.com\/#website","url":"https:\/\/shanghepanel.com\/","name":"shanghepanel.com","description":"","publisher":{"@id":"https:\/\/shanghepanel.com\/#organization"},"potentialAction":[{"@type":"SearchAction","target":{"@type":"EntryPoint","urlTemplate":"https:\/\/shanghepanel.com\/?s={search_term_string}"},"query-input":{"@type":"PropertyValueSpecification","valueRequired":true,"valueName":"search_term_string"}}],"inLanguage":"es"},{"@type":"Organization","@id":"https:\/\/shanghepanel.com\/#organization","name":"Shandong ShangHe Ingenier\u00eda de Construcci\u00f3n Nueva, S.L.","url":"https:\/\/shanghepanel.com\/","logo":{"@type":"ImageObject","inLanguage":"es","@id":"https:\/\/shanghepanel.com\/#\/schema\/logo\/image\/","url":"https:\/\/shanghepanel.com\/wp-content\/uploads\/2024\/03\/logo-1.png","contentUrl":"https:\/\/shanghepanel.com\/wp-content\/uploads\/2024\/03\/logo-1.png","width":800,"height":800,"caption":"Shandong ShangHe New Construction Engineering Co., ltd."},"image":{"@id":"https:\/\/shanghepanel.com\/#\/schema\/logo\/image\/"}}]}},"_links":{"self":[{"href":"https:\/\/shanghepanel.com\/es\/wp-json\/wp\/v2\/product\/960","targetHints":{"allow":["GET"]}}],"collection":[{"href":"https:\/\/shanghepanel.com\/es\/wp-json\/wp\/v2\/product"}],"about":[{"href":"https:\/\/shanghepanel.com\/es\/wp-json\/wp\/v2\/types\/product"}],"replies":[{"embeddable":true,"href":"https:\/\/shanghepanel.com\/es\/wp-json\/wp\/v2\/comments?post=960"}],"version-history":[{"count":0,"href":"https:\/\/shanghepanel.com\/es\/wp-json\/wp\/v2\/product\/960\/revisions"}],"wp:featuredmedia":[{"embeddable":true,"href":"https:\/\/shanghepanel.com\/es\/wp-json\/wp\/v2\/media\/961"}],"wp:attachment":[{"href":"https:\/\/shanghepanel.com\/es\/wp-json\/wp\/v2\/media?parent=960"}],"wp:term":[{"taxonomy":"product_brand","embeddable":true,"href":"https:\/\/shanghepanel.com\/es\/wp-json\/wp\/v2\/product_brand?post=960"},{"taxonomy":"product_cat","embeddable":true,"href":"https:\/\/shanghepanel.com\/es\/wp-json\/wp\/v2\/product_cat?post=960"},{"taxonomy":"product_tag","embeddable":true,"href":"https:\/\/shanghepanel.com\/es\/wp-json\/wp\/v2\/product_tag?post=960"}],"curies":[{"name":"wp","href":"https:\/\/api.w.org\/{rel}","templated":true}]}}