{"id":1751,"date":"2024-06-11T20:26:50","date_gmt":"2024-06-11T12:26:50","guid":{"rendered":"https:\/\/shanghepanel.com\/?post_type=product&#038;p=1751"},"modified":"2025-06-05T14:09:58","modified_gmt":"2025-06-05T06:09:58","slug":"fireproof-pu-foam-sandwich-panel-exterior-wall-metal-carved-board","status":"publish","type":"product","link":"https:\/\/shanghepanel.com\/it\/product\/fireproof-pu-foam-sandwich-panel-exterior-wall-metal-carved-board\/","title":{"rendered":"Pannello intagliato in metallo effetto legno"},"content":{"rendered":"<div data-elementor-type=\"product-post\" data-elementor-id=\"1751\" class=\"elementor elementor-1751\" data-elementor-post-type=\"product\">\n\t\t\t\t<div class=\"elementor-element elementor-element-99d86df e-con-full e-flex e-con e-parent\" data-id=\"99d86df\" data-element_type=\"container\">\n\t\t\t\t<div class=\"elementor-element elementor-element-b591a4d elementor-widget elementor-widget-text-editor\" data-id=\"b591a4d\" data-element_type=\"widget\" data-widget_type=\"text-editor.default\">\n\t\t\t\t<div class=\"elementor-widget-container\">\n\t\t\t\t\t\t\t\t\t<div class=\"lake-content\"><span class=\"ne-text\">La superficie del pannello in scultura metallica \u00e8 composta da uno strato di lamiera di zinco alluminato, al centro vi \u00e8 uno strato isolante di schiuma poliuretanica ad alta densit\u00e0, lo strato inferiore \u00e8 di carta stagnola impermeabile e resistente all'umidit\u00e0, una struttura speciale rende il pannello in scultura metallica resistente al calore, al fuoco e all'umidit\u00e0, installazione semplice, lunga durata, oltre cento motivi di rilievo e colori con pi\u00f9 di cento combinazioni di abbinamento, effetto decorativo lussuoso e bello, che mette in risalto la classe e il gusto dell'edificio, facile e flessibile da smontare e installare, rendendo il design della parete facile da sostituire, molto adatto come materiale decorativo per isolamento esterno.<\/span><\/div>\t\t\t\t\t\t\t\t<\/div>\n\t\t\t\t<\/div>\n\t\t\t\t<div class=\"elementor-element elementor-element-52f37b3 elementor-headline--style-highlight elementor-widget elementor-widget-animated-headline\" data-id=\"52f37b3\" data-element_type=\"widget\" data-settings=\"{&quot;marker&quot;:&quot;underline_zigzag&quot;,&quot;highlighted_text&quot;:&quot;PU Foam Sandwich Panel&quot;,&quot;headline_style&quot;:&quot;highlight&quot;,&quot;loop&quot;:&quot;yes&quot;,&quot;highlight_animation_duration&quot;:1200,&quot;highlight_iteration_delay&quot;:8000}\" data-widget_type=\"animated-headline.default\">\n\t\t\t\t<div class=\"elementor-widget-container\">\n\t\t\t\t\t\t\t<div class=\"elementor-headline\">\n\t\t\t\t\t<span class=\"elementor-headline-plain-text elementor-headline-text-wrapper\">Antincendio<\/span>\n\t\t\t\t<span class=\"elementor-headline-dynamic-wrapper elementor-headline-text-wrapper\">\n\t\t\t\t\t<span class=\"elementor-headline-dynamic-text elementor-headline-text-active\">Pannello Sandwich in schiuma di poliuretano<\/span>\n\t\t\t\t<\/span>\n\t\t\t\t\t<span class=\"elementor-headline-plain-text elementor-headline-text-wrapper\">Pannello composito in metallo per rivestimento esterno, pannelli sandwich<\/span>\n\t\t\t\t\t<\/div>\n\t\t\t\t\t\t<\/div>\n\t\t\t\t<\/div>\n\t\t\t\t<div class=\"elementor-element elementor-element-ca5d912 elementor-widget elementor-widget-image\" data-id=\"ca5d912\" data-element_type=\"widget\" data-widget_type=\"image.default\">\n\t\t\t\t<div class=\"elementor-widget-container\">\n\t\t\t\t\t\t\t\t\t\t\t\t\t\t\t<img fetchpriority=\"high\" decoding=\"async\" width=\"800\" height=\"664\" src=\"https:\/\/shanghepanel.com\/wp-content\/uploads\/2024\/06\/B_05-1024x850.jpg\" class=\"attachment-large size-large wp-image-1766\" alt=\"\" srcset=\"https:\/\/shanghepanel.com\/wp-content\/uploads\/2024\/06\/B_05-1024x850.jpg.webp 1024w, https:\/\/shanghepanel.com\/wp-content\/uploads\/2024\/06\/B_05-300x249.jpg.webp 300w, https:\/\/shanghepanel.com\/wp-content\/uploads\/2024\/06\/B_05-768x638.jpg.webp 768w, https:\/\/shanghepanel.com\/wp-content\/uploads\/2024\/06\/B_05-600x498.jpg.webp 600w, https:\/\/shanghepanel.com\/wp-content\/uploads\/2024\/06\/B_05.jpg.webp 1060w\" sizes=\"(max-width: 800px) 100vw, 800px\" \/>\t\t\t\t\t\t\t\t\t\t\t\t\t\t\t<\/div>\n\t\t\t\t<\/div>\n\t\t\t\t<\/div>\n\t\t<div class=\"elementor-element elementor-element-a3000ed e-flex e-con-boxed e-con e-parent\" data-id=\"a3000ed\" data-element_type=\"container\">\n\t\t\t\t\t<div class=\"e-con-inner\">\n\t\t\t\t<div class=\"elementor-element elementor-element-361b511 elementor-tabs-view-horizontal elementor-widget elementor-widget-tabs\" data-id=\"361b511\" data-element_type=\"widget\" data-widget_type=\"tabs.default\">\n\t\t\t\t<div class=\"elementor-widget-container\">\n\t\t\t\t\t\t\t<div class=\"elementor-tabs\">\n\t\t\t<div class=\"elementor-tabs-wrapper\" role=\"tablist\" >\n\t\t\t\t\t\t\t\t\t<div id=\"elementor-tab-title-5671\" class=\"elementor-tab-title elementor-tab-desktop-title\" aria-selected=\"true\" data-tab=\"1\" role=\"tab\" tabindex=\"0\" aria-controls=\"elementor-tab-content-5671\" aria-expanded=\"false\">Parametri del prodotto<\/div>\n\t\t\t\t\t\t\t\t\t<div id=\"elementor-tab-title-5672\" class=\"elementor-tab-title elementor-tab-desktop-title\" aria-selected=\"false\" data-tab=\"2\" role=\"tab\" tabindex=\"-1\" aria-controls=\"elementor-tab-content-5672\" aria-expanded=\"false\">Caratteristiche del prodotto<\/div>\n\t\t\t\t\t\t\t\t\t<div id=\"elementor-tab-title-5673\" class=\"elementor-tab-title elementor-tab-desktop-title\" aria-selected=\"false\" data-tab=\"3\" role=\"tab\" tabindex=\"-1\" aria-controls=\"elementor-tab-content-5673\" aria-expanded=\"false\">Informazioni sulla Transazione<\/div>\n\t\t\t\t\t\t\t<\/div>\n\t\t\t<div class=\"elementor-tabs-content-wrapper\" role=\"tablist\" aria-orientation=\"vertical\">\n\t\t\t\t\t\t\t\t\t<div class=\"elementor-tab-title elementor-tab-mobile-title\" aria-selected=\"true\" data-tab=\"1\" role=\"tab\" tabindex=\"0\" aria-controls=\"elementor-tab-content-5671\" aria-expanded=\"false\">Parametri del prodotto<\/div>\n\t\t\t\t\t<div id=\"elementor-tab-content-5671\" class=\"elementor-tab-content elementor-clearfix\" data-tab=\"1\" role=\"tabpanel\" aria-labelledby=\"elementor-tab-title-5671\" tabindex=\"0\" hidden=\"false\"><table class=\"has-title hight-light-first-column all magic-10\"><tbody><tr><td colspan=\"1\" rowspan=\"1\"><div class=\"magic-11\" data-spm-anchor-id=\"a2700.details.0.i95.2a101888jG48cr\">Nome del prodotto<\/div><\/td><td colspan=\"1\" rowspan=\"1\"><div class=\"magic-12\">Pannello sandwich isolante in poliuretano<\/div><\/td><\/tr><tr><td colspan=\"1\" rowspan=\"1\"><div class=\"magic-11\">Stile di design<\/div><\/td><td colspan=\"1\" rowspan=\"1\"><div class=\"magic-12\">Colore solido, effetto mattone, effetto pietra, effetto legno o personalizzato<\/div><\/td><\/tr><tr><td colspan=\"1\" rowspan=\"1\"><div class=\"magic-11\">Materiale del pannello<\/div><\/td><td colspan=\"1\" rowspan=\"1\"><div class=\"magic-12\">Acciaio Galvalume<\/div><\/td><\/tr><tr><td colspan=\"1\" rowspan=\"1\"><div class=\"magic-11\">Materiale del nucleo<\/div><\/td><td colspan=\"1\" rowspan=\"1\"><div class=\"magic-12\">Schiuma di poliuretano rigido<\/div><\/td><\/tr><tr><td colspan=\"1\" rowspan=\"1\"><div class=\"magic-11\">Superficie verniciata<\/div><\/td><td colspan=\"1\" rowspan=\"1\"><div class=\"magic-12\">Vernice per auto ad alta temperatura<\/div><\/td><\/tr><tr><td colspan=\"1\" rowspan=\"1\"><div class=\"magic-11\">Colore<\/div><\/td><td colspan=\"1\" rowspan=\"1\"><div class=\"magic-12\">Richiesta del cliente<\/div><\/td><\/tr><tr><td colspan=\"1\" rowspan=\"1\"><div class=\"magic-11\">Spessore<\/div><\/td><td colspan=\"1\" rowspan=\"1\"><div class=\"magic-12\">16mm<\/div><\/td><\/tr><tr><td colspan=\"1\" rowspan=\"1\"><div class=\"magic-11\">Lunghezza<\/div><\/td><td colspan=\"1\" rowspan=\"1\"><div class=\"magic-12\">Scelta del cliente<\/div><\/td><\/tr><tr><td colspan=\"1\" rowspan=\"1\"><div class=\"magic-11\">Certificato<\/div><\/td><td colspan=\"1\" rowspan=\"1\"><div class=\"magic-12\">CE ISO<\/div><\/td><\/tr><tr><td colspan=\"1\" rowspan=\"1\"><div class=\"magic-11\">Larghezza efficace<\/div><\/td><td colspan=\"1\" rowspan=\"1\"><div class=\"magic-12\">383mm<\/div><\/td><\/tr><tr><td colspan=\"1\" rowspan=\"1\"><div class=\"magic-13\">Lunghezza<\/div><\/td><td colspan=\"1\" rowspan=\"1\"><div class=\"magic-14\">3800mm, 5800mm<\/div><\/td><\/tr><tr><td colspan=\"1\" rowspan=\"1\"><div class=\"magic-11\">Livello ignifugo<\/div><\/td><td colspan=\"1\" rowspan=\"1\"><div class=\"magic-12\">Livello B<\/div><\/td><\/tr><tr><td colspan=\"1\" rowspan=\"1\"><div class=\"magic-11\">Applicazione<\/div><\/td><td colspan=\"1\" rowspan=\"1\"><div class=\"magic-12\">Hotel, Villa, Appartamento, Edificio Uffici, Ospedale, Scuola, Centro Commerciale<\/div><\/td><\/tr><\/tbody><\/table><\/div>\n\t\t\t\t\t\t\t\t\t<div class=\"elementor-tab-title elementor-tab-mobile-title\" aria-selected=\"false\" data-tab=\"2\" role=\"tab\" tabindex=\"-1\" aria-controls=\"elementor-tab-content-5672\" aria-expanded=\"false\">Caratteristiche del prodotto<\/div>\n\t\t\t\t\t<div id=\"elementor-tab-content-5672\" class=\"elementor-tab-content elementor-clearfix\" data-tab=\"2\" role=\"tabpanel\" aria-labelledby=\"elementor-tab-title-5672\" tabindex=\"0\" hidden=\"hidden\"><p><img decoding=\"async\" class=\"alignnone size-medium wp-image-1771\" src=\"https:\/\/shanghepanel.com\/wp-content\/uploads\/2024\/06\/B-xq-11-300x181.jpg\" alt=\"\" width=\"300\" height=\"181\" srcset=\"https:\/\/shanghepanel.com\/wp-content\/uploads\/2024\/06\/B-xq-11-300x181.jpg 300w, https:\/\/shanghepanel.com\/wp-content\/uploads\/2024\/06\/B-xq-11-1024x619.jpg 1024w, https:\/\/shanghepanel.com\/wp-content\/uploads\/2024\/06\/B-xq-11-768x464.jpg 768w, https:\/\/shanghepanel.com\/wp-content\/uploads\/2024\/06\/B-xq-11-600x363.jpg 600w, https:\/\/shanghepanel.com\/wp-content\/uploads\/2024\/06\/B-xq-11.jpg 1060w\" sizes=\"(max-width: 300px) 100vw, 300px\" \/>Il pannello sandwich in poliuretano ha un peso leggero, un aspetto bello e una buona resistenza alla corrosione, e pu\u00f2 essere lavorato direttamente. Fornisce una nuova tipologia di materiale grezzo per l'industria delle costruzioni, l'industria navale, l'industria della produzione di veicoli, l'industria del mobile, l'industria elettrica, ecc., e ha svolto un buon ruolo nel sostituire il legno con l'acciaio, nella costruzione efficiente, nel risparmio energetico e nella prevenzione dell'inquinamento<\/p><\/div>\n\t\t\t\t\t\t\t\t\t<div class=\"elementor-tab-title elementor-tab-mobile-title\" aria-selected=\"false\" data-tab=\"3\" role=\"tab\" tabindex=\"-1\" aria-controls=\"elementor-tab-content-5673\" aria-expanded=\"false\">Informazioni sulla Transazione<\/div>\n\t\t\t\t\t<div id=\"elementor-tab-content-5673\" class=\"elementor-tab-content elementor-clearfix\" data-tab=\"3\" role=\"tabpanel\" aria-labelledby=\"elementor-tab-title-5673\" tabindex=\"0\" hidden=\"hidden\"><ul><li><p><span style=\"color: #142d7d;\">Pagamento <\/span>: <span style=\"color: #737373; font-size: 1rem;\">TT\/LC<\/span><\/p><\/li><li><p><span style=\"color: #142d7d;\">Origine del prodotto <\/span>: <span style=\"color: #737373; font-size: 1rem;\">Provincia di Shandong, Cina<\/span><\/p><\/li><li><p><span style=\"color: #142d7d;\">Colore <\/span>: <span style=\"color: #737373; font-size: 1rem;\">Personalizzato secondo le tue richieste<\/span><\/p><\/li><li><p><span style=\"color: #142d7d;\">Quantit\u00e0 minima d'ordine <\/span>: <span style=\"color: #737373; font-size: 1rem;\">\u00a0500 metri quadrati<\/span><\/p><\/li><li><p><span style=\"color: #142d7d;\">Porto di Spedizione <\/span>: <span style=\"color: #737373; font-size: 1rem;\">Porto di Qingdao, Cina<\/span><\/p><\/li><li><p><span style=\"color: #142d7d;\">Tempi di consegna <\/span>\uff1a <span style=\"color: #737373; font-size: 1rem;\">20-30 giorni dopo aver ricevuto il deposito<\/span><\/p><\/li><\/ul><\/div>\n\t\t\t\t\t\t\t<\/div>\n\t\t<\/div>\n\t\t\t\t\t\t<\/div>\n\t\t\t\t<\/div>\n\t\t\t\t\t<\/div>\n\t\t\t\t<\/div>\n\t\t\t\t<\/div>","protected":false},"excerpt":{"rendered":"<p>Pannelli in metallo goffrato, caratterizzati da isolamento di alta qualit\u00e0 e design decorativo, sono la scelta definitiva per le costruzioni moderne. Questi pannelli offrono un isolamento termico eccezionale, riducendo i costi energetici per riscaldamento e raffreddamento. Con le loro propriet\u00e0 leggere e ad alta resistenza, garantiscono un'eccellente durabilit\u00e0 e resistenza agli urti. Facili da installare in qualsiasi clima, accorciano i tempi di costruzione e riducono i costi complessivi. Resistenti al fuoco e all'acqua, questi pannelli proteggono gli edifici dai danni atmosferici e migliorano la sicurezza. Disponibili in vari motivi e colori, aggiungono un tocco di lusso a qualsiasi facciata. Ideali per applicazioni residenziali, commerciali e industriali, i pannelli in metallo goffrato sono una soluzione versatile ed economica sia per nuove costruzioni che per ristrutturazioni. Scegli i pannelli in metallo goffrato per un materiale da costruzione ecologico, durevole e di stile.<\/p>","protected":false},"featured_media":1758,"comment_status":"open","ping_status":"closed","template":"","meta":[],"product_brand":[],"product_cat":[33],"product_tag":[32,29],"class_list":{"0":"post-1751","1":"product","2":"type-product","3":"status-publish","4":"has-post-thumbnail","6":"product_cat-metal-carved-board","7":"product_tag-pu","8":"product_tag-wall-board","10":"first","11":"instock","12":"shipping-taxable","13":"product-type-grouped"},"yoast_head":"<!-- This site is optimized with the Yoast SEO plugin v24.2 - https:\/\/yoast.com\/wordpress\/plugins\/seo\/ -->\n<title>Wood Grain Metal Carved Board - Shang He Sandwich Panel<\/title>\n<meta name=\"description\" content=\"Metal carved board Built to last, our metal decorative panels are resistant to weather, corrosion, and impact, ensuring long-lasting beauty and performance.\" \/>\n<meta name=\"robots\" content=\"index, follow, max-snippet:-1, max-image-preview:large, max-video-preview:-1\" \/>\n<link rel=\"canonical\" href=\"https:\/\/shanghepanel.com\/it\/product\/fireproof-pu-foam-sandwich-panel-exterior-wall-metal-carved-board\/\" \/>\n<meta property=\"og:locale\" content=\"it_IT\" \/>\n<meta property=\"og:type\" content=\"article\" \/>\n<meta property=\"og:title\" content=\"Wood Grain Metal Carved Board - Shang He Sandwich Panel\" \/>\n<meta property=\"og:description\" content=\"Metal carved board Built to last, our metal decorative panels are resistant to weather, corrosion, and impact, ensuring long-lasting beauty and performance.\" \/>\n<meta property=\"og:url\" content=\"https:\/\/shanghepanel.com\/it\/product\/fireproof-pu-foam-sandwich-panel-exterior-wall-metal-carved-board\/\" \/>\n<meta property=\"og:site_name\" content=\"Shang He Sandwich Panel\" \/>\n<meta property=\"article:modified_time\" content=\"2025-06-05T06:09:58+00:00\" \/>\n<meta property=\"og:image\" content=\"https:\/\/shanghepanel.com\/wp-content\/uploads\/2024\/06\/MW-bd-44.jpg\" \/>\n\t<meta property=\"og:image:width\" content=\"800\" \/>\n\t<meta property=\"og:image:height\" content=\"800\" \/>\n\t<meta property=\"og:image:type\" content=\"image\/jpeg\" \/>\n<meta name=\"twitter:card\" content=\"summary_large_image\" \/>\n<meta name=\"twitter:label1\" content=\"Tempo di lettura stimato\" \/>\n\t<meta name=\"twitter:data1\" content=\"3 minuti\" \/>\n<script type=\"application\/ld+json\" class=\"yoast-schema-graph\">{\"@context\":\"https:\/\/schema.org\",\"@graph\":[{\"@type\":\"WebPage\",\"@id\":\"https:\/\/shanghepanel.com\/product\/fireproof-pu-foam-sandwich-panel-exterior-wall-metal-carved-board\/\",\"url\":\"https:\/\/shanghepanel.com\/product\/fireproof-pu-foam-sandwich-panel-exterior-wall-metal-carved-board\/\",\"name\":\"Wood Grain Metal Carved Board - Shang He Sandwich Panel\",\"isPartOf\":{\"@id\":\"https:\/\/shanghepanel.com\/#website\"},\"primaryImageOfPage\":{\"@id\":\"https:\/\/shanghepanel.com\/product\/fireproof-pu-foam-sandwich-panel-exterior-wall-metal-carved-board\/#primaryimage\"},\"image\":{\"@id\":\"https:\/\/shanghepanel.com\/product\/fireproof-pu-foam-sandwich-panel-exterior-wall-metal-carved-board\/#primaryimage\"},\"thumbnailUrl\":\"https:\/\/shanghepanel.com\/wp-content\/uploads\/2024\/06\/MW-bd-44.jpg\",\"datePublished\":\"2024-06-11T12:26:50+00:00\",\"dateModified\":\"2025-06-05T06:09:58+00:00\",\"description\":\"Metal carved board Built to last, our metal decorative panels are resistant to weather, corrosion, and impact, ensuring long-lasting beauty and performance.\",\"breadcrumb\":{\"@id\":\"https:\/\/shanghepanel.com\/product\/fireproof-pu-foam-sandwich-panel-exterior-wall-metal-carved-board\/#breadcrumb\"},\"inLanguage\":\"it-IT\",\"potentialAction\":[{\"@type\":\"ReadAction\",\"target\":[\"https:\/\/shanghepanel.com\/product\/fireproof-pu-foam-sandwich-panel-exterior-wall-metal-carved-board\/\"]}]},{\"@type\":\"ImageObject\",\"inLanguage\":\"it-IT\",\"@id\":\"https:\/\/shanghepanel.com\/product\/fireproof-pu-foam-sandwich-panel-exterior-wall-metal-carved-board\/#primaryimage\",\"url\":\"https:\/\/shanghepanel.com\/wp-content\/uploads\/2024\/06\/MW-bd-44.jpg\",\"contentUrl\":\"https:\/\/shanghepanel.com\/wp-content\/uploads\/2024\/06\/MW-bd-44.jpg\",\"width\":800,\"height\":800},{\"@type\":\"BreadcrumbList\",\"@id\":\"https:\/\/shanghepanel.com\/product\/fireproof-pu-foam-sandwich-panel-exterior-wall-metal-carved-board\/#breadcrumb\",\"itemListElement\":[{\"@type\":\"ListItem\",\"position\":1,\"name\":\"\u9996\u9875\",\"item\":\"https:\/\/shanghepanel.com\/en\/\"},{\"@type\":\"ListItem\",\"position\":2,\"name\":\"\u4ea7\u54c1\",\"item\":\"https:\/\/shanghepanel.com\/index.php\/shop\/\"},{\"@type\":\"ListItem\",\"position\":3,\"name\":\"Wood Grain Metal Carved Board\"}]},{\"@type\":\"WebSite\",\"@id\":\"https:\/\/shanghepanel.com\/#website\",\"url\":\"https:\/\/shanghepanel.com\/\",\"name\":\"shanghepanel.com\",\"description\":\"\",\"publisher\":{\"@id\":\"https:\/\/shanghepanel.com\/#organization\"},\"potentialAction\":[{\"@type\":\"SearchAction\",\"target\":{\"@type\":\"EntryPoint\",\"urlTemplate\":\"https:\/\/shanghepanel.com\/?s={search_term_string}\"},\"query-input\":{\"@type\":\"PropertyValueSpecification\",\"valueRequired\":true,\"valueName\":\"search_term_string\"}}],\"inLanguage\":\"it-IT\"},{\"@type\":\"Organization\",\"@id\":\"https:\/\/shanghepanel.com\/#organization\",\"name\":\"Shandong ShangHe New Construction Engineering Co., ltd.\",\"url\":\"https:\/\/shanghepanel.com\/\",\"logo\":{\"@type\":\"ImageObject\",\"inLanguage\":\"it-IT\",\"@id\":\"https:\/\/shanghepanel.com\/#\/schema\/logo\/image\/\",\"url\":\"https:\/\/shanghepanel.com\/wp-content\/uploads\/2024\/03\/logo-1.png\",\"contentUrl\":\"https:\/\/shanghepanel.com\/wp-content\/uploads\/2024\/03\/logo-1.png\",\"width\":800,\"height\":800,\"caption\":\"Shandong ShangHe New Construction Engineering Co., ltd.\"},\"image\":{\"@id\":\"https:\/\/shanghepanel.com\/#\/schema\/logo\/image\/\"}}]}<\/script>\n<!-- \/ Yoast SEO plugin. -->","yoast_head_json":{"title":"Pannello in metallo con motivo legno - Pannello Sandwich Shang He","description":"Pannello decorativo in metallo scolpito Costruito per durare, i nostri pannelli decorativi in metallo sono resistenti alle intemperie, alla corrosione e agli urti, garantendo bellezza e prestazioni durature.","robots":{"index":"index","follow":"follow","max-snippet":"max-snippet:-1","max-image-preview":"max-image-preview:large","max-video-preview":"max-video-preview:-1"},"canonical":"https:\/\/shanghepanel.com\/it\/product\/fireproof-pu-foam-sandwich-panel-exterior-wall-metal-carved-board\/","og_locale":"it_IT","og_type":"article","og_title":"Wood Grain Metal Carved Board - Shang He Sandwich Panel","og_description":"Metal carved board Built to last, our metal decorative panels are resistant to weather, corrosion, and impact, ensuring long-lasting beauty and performance.","og_url":"https:\/\/shanghepanel.com\/it\/product\/fireproof-pu-foam-sandwich-panel-exterior-wall-metal-carved-board\/","og_site_name":"Shang He Sandwich Panel","article_modified_time":"2025-06-05T06:09:58+00:00","og_image":[{"width":800,"height":800,"url":"https:\/\/shanghepanel.com\/wp-content\/uploads\/2024\/06\/MW-bd-44.jpg","type":"image\/jpeg"}],"twitter_card":"summary_large_image","twitter_misc":{"Tempo di lettura stimato":"3 minuti"},"schema":{"@context":"https:\/\/schema.org","@graph":[{"@type":"WebPage","@id":"https:\/\/shanghepanel.com\/product\/fireproof-pu-foam-sandwich-panel-exterior-wall-metal-carved-board\/","url":"https:\/\/shanghepanel.com\/product\/fireproof-pu-foam-sandwich-panel-exterior-wall-metal-carved-board\/","name":"Pannello in metallo con motivo legno - Pannello Sandwich Shang He","isPartOf":{"@id":"https:\/\/shanghepanel.com\/#website"},"primaryImageOfPage":{"@id":"https:\/\/shanghepanel.com\/product\/fireproof-pu-foam-sandwich-panel-exterior-wall-metal-carved-board\/#primaryimage"},"image":{"@id":"https:\/\/shanghepanel.com\/product\/fireproof-pu-foam-sandwich-panel-exterior-wall-metal-carved-board\/#primaryimage"},"thumbnailUrl":"https:\/\/shanghepanel.com\/wp-content\/uploads\/2024\/06\/MW-bd-44.jpg","datePublished":"2024-06-11T12:26:50+00:00","dateModified":"2025-06-05T06:09:58+00:00","description":"Pannello decorativo in metallo scolpito Costruito per durare, i nostri pannelli decorativi in metallo sono resistenti alle intemperie, alla corrosione e agli urti, garantendo bellezza e prestazioni durature.","breadcrumb":{"@id":"https:\/\/shanghepanel.com\/product\/fireproof-pu-foam-sandwich-panel-exterior-wall-metal-carved-board\/#breadcrumb"},"inLanguage":"it-IT","potentialAction":[{"@type":"ReadAction","target":["https:\/\/shanghepanel.com\/product\/fireproof-pu-foam-sandwich-panel-exterior-wall-metal-carved-board\/"]}]},{"@type":"ImageObject","inLanguage":"it-IT","@id":"https:\/\/shanghepanel.com\/product\/fireproof-pu-foam-sandwich-panel-exterior-wall-metal-carved-board\/#primaryimage","url":"https:\/\/shanghepanel.com\/wp-content\/uploads\/2024\/06\/MW-bd-44.jpg","contentUrl":"https:\/\/shanghepanel.com\/wp-content\/uploads\/2024\/06\/MW-bd-44.jpg","width":800,"height":800},{"@type":"BreadcrumbList","@id":"https:\/\/shanghepanel.com\/product\/fireproof-pu-foam-sandwich-panel-exterior-wall-metal-carved-board\/#breadcrumb","itemListElement":[{"@type":"ListItem","position":1,"name":"\u9996\u9875","item":"https:\/\/shanghepanel.com\/en\/"},{"@type":"ListItem","position":2,"name":"\u4ea7\u54c1","item":"https:\/\/shanghepanel.com\/index.php\/shop\/"},{"@type":"ListItem","position":3,"name":"Wood Grain Metal Carved Board"}]},{"@type":"WebSite","@id":"https:\/\/shanghepanel.com\/#website","url":"https:\/\/shanghepanel.com\/","name":"shanghepanel.com","description":"","publisher":{"@id":"https:\/\/shanghepanel.com\/#organization"},"potentialAction":[{"@type":"SearchAction","target":{"@type":"EntryPoint","urlTemplate":"https:\/\/shanghepanel.com\/?s={search_term_string}"},"query-input":{"@type":"PropertyValueSpecification","valueRequired":true,"valueName":"search_term_string"}}],"inLanguage":"it-IT"},{"@type":"Organization","@id":"https:\/\/shanghepanel.com\/#organization","name":"Shandong ShangHe Nuova Costruzione Engineering Co., ltd.","url":"https:\/\/shanghepanel.com\/","logo":{"@type":"ImageObject","inLanguage":"it-IT","@id":"https:\/\/shanghepanel.com\/#\/schema\/logo\/image\/","url":"https:\/\/shanghepanel.com\/wp-content\/uploads\/2024\/03\/logo-1.png","contentUrl":"https:\/\/shanghepanel.com\/wp-content\/uploads\/2024\/03\/logo-1.png","width":800,"height":800,"caption":"Shandong ShangHe New Construction Engineering Co., ltd."},"image":{"@id":"https:\/\/shanghepanel.com\/#\/schema\/logo\/image\/"}}]}},"_links":{"self":[{"href":"https:\/\/shanghepanel.com\/it\/wp-json\/wp\/v2\/product\/1751","targetHints":{"allow":["GET"]}}],"collection":[{"href":"https:\/\/shanghepanel.com\/it\/wp-json\/wp\/v2\/product"}],"about":[{"href":"https:\/\/shanghepanel.com\/it\/wp-json\/wp\/v2\/types\/product"}],"replies":[{"embeddable":true,"href":"https:\/\/shanghepanel.com\/it\/wp-json\/wp\/v2\/comments?post=1751"}],"version-history":[{"count":0,"href":"https:\/\/shanghepanel.com\/it\/wp-json\/wp\/v2\/product\/1751\/revisions"}],"wp:featuredmedia":[{"embeddable":true,"href":"https:\/\/shanghepanel.com\/it\/wp-json\/wp\/v2\/media\/1758"}],"wp:attachment":[{"href":"https:\/\/shanghepanel.com\/it\/wp-json\/wp\/v2\/media?parent=1751"}],"wp:term":[{"taxonomy":"product_brand","embeddable":true,"href":"https:\/\/shanghepanel.com\/it\/wp-json\/wp\/v2\/product_brand?post=1751"},{"taxonomy":"product_cat","embeddable":true,"href":"https:\/\/shanghepanel.com\/it\/wp-json\/wp\/v2\/product_cat?post=1751"},{"taxonomy":"product_tag","embeddable":true,"href":"https:\/\/shanghepanel.com\/it\/wp-json\/wp\/v2\/product_tag?post=1751"}],"curies":[{"name":"wp","href":"https:\/\/api.w.org\/{rel}","templated":true}]}}