{"id":1776,"date":"2024-06-11T21:11:40","date_gmt":"2024-06-11T13:11:40","guid":{"rendered":"https:\/\/shanghepanel.com\/?post_type=product&#038;p=1776"},"modified":"2024-07-27T17:48:35","modified_gmt":"2024-07-27T09:48:35","slug":"wpc-exterior-wall-facade-panels","status":"publish","type":"product","link":"https:\/\/shanghepanel.com\/it\/product\/wpc-exterior-wall-facade-panels\/","title":{"rendered":"Pannelli per Facciata Esterna in WPC"},"content":{"rendered":"<div data-elementor-type=\"product-post\" data-elementor-id=\"1776\" class=\"elementor elementor-1776\" data-elementor-post-type=\"product\">\n\t\t\t\t<div class=\"elementor-element elementor-element-8efae6a e-flex e-con-boxed e-con e-parent\" data-id=\"8efae6a\" data-element_type=\"container\">\n\t\t\t\t\t<div class=\"e-con-inner\">\n\t\t\t\t<div class=\"elementor-element elementor-element-3f6dfe9 elementor-widget elementor-widget-text-editor\" data-id=\"3f6dfe9\" data-element_type=\"widget\" data-widget_type=\"text-editor.default\">\n\t\t\t\t<div class=\"elementor-widget-container\">\n\t\t\t\t\t\t\t\t\t<div class=\"lake-content\"><span class=\"ne-text\">Il pannello per pareti esterne in WPC pu\u00f2 essere una decorazione perfetta per far sembrare l'edificio in cemento pi\u00f9 naturale e perfetto. In base alle diverse esigenze di mercato, sono disponibili pi\u00f9 design e colori di rivestimenti. Grazie alle prestazioni avanzate, come resistenza ai raggi UV, lunga durata, propriet\u00e0 meccaniche stabili, isolamento termico e facile installazione, i pannelli per pareti esterne in WPC sono stati applicati in molteplici ambiti e hanno ottenuto grande reputazione dai nostri clienti.<\/span><\/div>\t\t\t\t\t\t\t\t<\/div>\n\t\t\t\t<\/div>\n\t\t\t\t<div class=\"elementor-element elementor-element-b4651af elementor-widget elementor-widget-image\" data-id=\"b4651af\" data-element_type=\"widget\" data-widget_type=\"image.default\">\n\t\t\t\t<div class=\"elementor-widget-container\">\n\t\t\t\t\t\t\t\t\t\t\t\t\t\t\t<img fetchpriority=\"high\" decoding=\"async\" width=\"800\" height=\"437\" src=\"https:\/\/shanghepanel.com\/wp-content\/uploads\/2024\/06\/WPC-st-5-1024x559.jpg\" class=\"attachment-large size-large wp-image-1782\" alt=\"\" srcset=\"https:\/\/shanghepanel.com\/wp-content\/uploads\/2024\/06\/WPC-st-5-1024x559.jpg 1024w, https:\/\/shanghepanel.com\/wp-content\/uploads\/2024\/06\/WPC-st-5-300x164.jpg 300w, https:\/\/shanghepanel.com\/wp-content\/uploads\/2024\/06\/WPC-st-5-768x420.jpg 768w, https:\/\/shanghepanel.com\/wp-content\/uploads\/2024\/06\/WPC-st-5-600x328.jpg 600w, https:\/\/shanghepanel.com\/wp-content\/uploads\/2024\/06\/WPC-st-5.jpg 1060w\" sizes=\"(max-width: 800px) 100vw, 800px\" \/>\t\t\t\t\t\t\t\t\t\t\t\t\t\t\t<\/div>\n\t\t\t\t<\/div>\n\t\t\t\t<div class=\"elementor-element elementor-element-9659db2 elementor-tabs-view-horizontal elementor-widget elementor-widget-tabs\" data-id=\"9659db2\" data-element_type=\"widget\" data-widget_type=\"tabs.default\">\n\t\t\t\t<div class=\"elementor-widget-container\">\n\t\t\t\t\t\t\t<div class=\"elementor-tabs\">\n\t\t\t<div class=\"elementor-tabs-wrapper\" role=\"tablist\" >\n\t\t\t\t\t\t\t\t\t<div id=\"elementor-tab-title-1571\" class=\"elementor-tab-title elementor-tab-desktop-title\" aria-selected=\"true\" data-tab=\"1\" role=\"tab\" tabindex=\"0\" aria-controls=\"elementor-tab-content-1571\" aria-expanded=\"false\">Parametri del prodotto<\/div>\n\t\t\t\t\t\t\t\t\t<div id=\"elementor-tab-title-1572\" class=\"elementor-tab-title elementor-tab-desktop-title\" aria-selected=\"false\" data-tab=\"2\" role=\"tab\" tabindex=\"-1\" aria-controls=\"elementor-tab-content-1572\" aria-expanded=\"false\">Descrizione delle Prestazioni<\/div>\n\t\t\t\t\t\t\t\t\t<div id=\"elementor-tab-title-1573\" class=\"elementor-tab-title elementor-tab-desktop-title\" aria-selected=\"false\" data-tab=\"3\" role=\"tab\" tabindex=\"-1\" aria-controls=\"elementor-tab-content-1573\" aria-expanded=\"false\">Informazioni sulla Transazione<\/div>\n\t\t\t\t\t\t\t<\/div>\n\t\t\t<div class=\"elementor-tabs-content-wrapper\" role=\"tablist\" aria-orientation=\"vertical\">\n\t\t\t\t\t\t\t\t\t<div class=\"elementor-tab-title elementor-tab-mobile-title\" aria-selected=\"true\" data-tab=\"1\" role=\"tab\" tabindex=\"0\" aria-controls=\"elementor-tab-content-1571\" aria-expanded=\"false\">Parametri del prodotto<\/div>\n\t\t\t\t\t<div id=\"elementor-tab-content-1571\" class=\"elementor-tab-content elementor-clearfix\" data-tab=\"1\" role=\"tabpanel\" aria-labelledby=\"elementor-tab-title-1571\" tabindex=\"0\" hidden=\"false\"><table class=\"has-title all magic-13\"><tbody><tr><td colspan=\"1\" rowspan=\"1\"><div class=\"magic-14\" data-spm-anchor-id=\"a2700.details.0.i62.428829b84T7YS2\">Luogo di Origine:<\/div><\/td><td colspan=\"1\" rowspan=\"1\"><div class=\"magic-15\">Shandong, Cina<\/div><\/td><td colspan=\"1\" rowspan=\"1\"><div class=\"magic-16\">Numero di Modello:<\/div><\/td><td colspan=\"1\" rowspan=\"1\"><div class=\"magic-17\">Pannello Wall WPC<\/div><\/td><\/tr><tr><td colspan=\"1\" rowspan=\"1\"><div class=\"magic-14\">Nome del Prodotto:<\/div><\/td><td colspan=\"1\" rowspan=\"1\"><div class=\"magic-15\">Pannello murale Wpc<\/div><\/td><td colspan=\"1\" rowspan=\"1\"><div class=\"magic-16\">Applicazione:<\/div><\/td><td colspan=\"1\" rowspan=\"1\"><div class=\"magic-17\">Ufficio; hotel; centro commerciale; soggiorno, ecc<\/div><\/td><\/tr><tr><td colspan=\"1\" rowspan=\"1\"><div class=\"magic-14\">Materiale:<\/div><\/td><td colspan=\"1\" rowspan=\"1\"><div class=\"magic-15\">Composito di Legno e Plastica<\/div><\/td><td colspan=\"1\" rowspan=\"1\"><div class=\"magic-16\">Funzione:<\/div><\/td><td colspan=\"1\" rowspan=\"1\"><div class=\"magic-17\">Materiale di Decorazione<\/div><\/td><\/tr><tr><td colspan=\"1\" rowspan=\"1\"><div class=\"magic-14\">Dimensione:<\/div><\/td><td colspan=\"1\" rowspan=\"1\"><div class=\"magic-15\">159*23\/205*15\/205*27\/170*20mm<\/div><\/td><td colspan=\"1\" rowspan=\"1\"><div class=\"magic-16\">Vantaggio:<\/div><\/td><td colspan=\"1\" rowspan=\"1\"><div class=\"magic-17\">Impermeabile, ignifugo, facile da pulire<\/div><\/td><\/tr><tr><td colspan=\"1\" rowspan=\"1\"><div class=\"magic-14\">Utilizzo:<\/div><\/td><td colspan=\"1\" rowspan=\"1\"><div class=\"magic-15\">Per decorazione murale interna<\/div><\/td><td colspan=\"1\" rowspan=\"1\"><div class=\"magic-16\">Superficie:<\/div><\/td><td colspan=\"1\" rowspan=\"1\"><div class=\"magic-17\">Sanding Supper Embossing<\/div><\/td><\/tr><tr><td colspan=\"1\" rowspan=\"1\"><div class=\"magic-14\">Classe di Resistenza al Fuoco<\/div><\/td><td colspan=\"1\" rowspan=\"1\"><div class=\"magic-15\">B1 (Livello pi\u00f9 alto sul prodotto SPC Flooring)<\/div><\/td><td colspan=\"1\" rowspan=\"1\"><div class=\"magic-16\">Pagamento<\/div><\/td><td colspan=\"1\" rowspan=\"1\"><div class=\"magic-17\">30% depositato, il resto dovrebbe essere pagato prima della consegna<\/div><\/td><\/tr><tr><td colspan=\"1\" rowspan=\"1\"><div class=\"magic-14\">Pacchetto<\/div><\/td><td colspan=\"1\" rowspan=\"1\"><div class=\"magic-15\">Imballaggio su pallet o in modo sfuso<\/div><\/td><td colspan=\"1\" rowspan=\"1\"><div class=\"magic-16\">Tempi di consegna<\/div><\/td><td colspan=\"1\" rowspan=\"1\"><div class=\"magic-17\">Circa 15-20 giorni per un contenitore da 20\u2019<\/div><\/td><\/tr><tr><td colspan=\"4\" rowspan=\"1\"><div class=\"magic-18\"><div class=\"magic-4\" data-spm-anchor-id=\"a2700.pc-decorate.0.i49.28d33333Ih0RyV\"><b>I parametri sopra indicati sono parametri predefiniti di fabbrica, se non soddisfano le tue esigenze, contatta il servizio clienti per personalizzare i prodotti.<\/b><\/div><\/div><\/td><\/tr><\/tbody><\/table><\/div>\n\t\t\t\t\t\t\t\t\t<div class=\"elementor-tab-title elementor-tab-mobile-title\" aria-selected=\"false\" data-tab=\"2\" role=\"tab\" tabindex=\"-1\" aria-controls=\"elementor-tab-content-1572\" aria-expanded=\"false\">Descrizione delle Prestazioni<\/div>\n\t\t\t\t\t<div id=\"elementor-tab-content-1572\" class=\"elementor-tab-content elementor-clearfix\" data-tab=\"2\" role=\"tabpanel\" aria-labelledby=\"elementor-tab-title-1572\" tabindex=\"0\" hidden=\"hidden\"><p>Impermeabile e resistente all'umidit\u00e0 con forte plasticit\u00e0<br \/>Risolve il problema di marciume, espansione e deformazione dei prodotti in legno in ambienti umidi e acquatici, buona resistenza alle intemperie e alla stabilit\u00e0 del colore per uso esterno<\/p><p>Punti di vendita principali:<br \/>Resistente alle macchie e all'acqua, non teme muffa, resistente ai graffi e facile da usare, facile da installare, resistente all'umidit\u00e0 e all'acqua, senza vernice, lunga durata, prestazioni eccellenti<\/p><p>Pronto per l'installazione: case con finitura grezza possono essere rivestite con pannelli murali dopo acqua ed elettricit\u00e0, risparmiando tempo e denaro<br \/>Antiparassitario e antitermite: materiali resistenti agli insetti evitano efficacemente termiti e altri parassiti<br \/>Resistente al fuoco e alle alte temperature: grado ignifugo raggiunge B1; resistente al fuoco in caso di incendio, sicuro e affidabile<\/p><p>Tecnologia nanofibra, resistente allo sporco e facile da pulire, vita naturale di oltre 20 anni<\/p><p>Prestazioni migliori: migliore impermeabilit\u00e0, maggiore durezza, nessuna espansione o contrazione termica<\/p><\/div>\n\t\t\t\t\t\t\t\t\t<div class=\"elementor-tab-title elementor-tab-mobile-title\" aria-selected=\"false\" data-tab=\"3\" role=\"tab\" tabindex=\"-1\" aria-controls=\"elementor-tab-content-1573\" aria-expanded=\"false\">Informazioni sulla Transazione<\/div>\n\t\t\t\t\t<div id=\"elementor-tab-content-1573\" class=\"elementor-tab-content elementor-clearfix\" data-tab=\"3\" role=\"tabpanel\" aria-labelledby=\"elementor-tab-title-1573\" tabindex=\"0\" hidden=\"hidden\"><ul><li><p><span style=\"color: #142d7d;\">Pagamento <\/span>: <span style=\"color: #737373; font-size: 1rem;\">TT\/LC<\/span><\/p><\/li><li><p><span style=\"color: #142d7d;\">Origine del prodotto <\/span>: <span style=\"color: #737373; font-size: 1rem;\">Provincia di Shandong, Cina<\/span><\/p><\/li><li><p><span style=\"color: #142d7d;\">Colore <\/span>: <span style=\"color: #737373; font-size: 1rem;\">Personalizzato secondo le tue richieste<\/span><\/p><\/li><li><p><span style=\"color: #142d7d;\">Quantit\u00e0 minima d'ordine <\/span>: <span style=\"color: #737373; font-size: 1rem;\">\u00a01000 metri quadrati<\/span><\/p><\/li><li><p><span style=\"color: #142d7d;\">Porto di Spedizione <\/span>: <span style=\"color: #737373; font-size: 1rem;\">Porto di Qingdao, Cina<\/span><\/p><\/li><li><p><span style=\"color: #142d7d;\">Tempi di consegna <\/span>\uff1a <span style=\"color: #737373; font-size: 1rem;\">20-30 giorni dopo aver ricevuto il deposito<\/span><\/p><\/li><\/ul><\/div>\n\t\t\t\t\t\t\t<\/div>\n\t\t<\/div>\n\t\t\t\t\t\t<\/div>\n\t\t\t\t<\/div>\n\t\t\t\t\t<\/div>\n\t\t\t\t<\/div>\n\t\t\t\t<\/div>","protected":false},"excerpt":{"rendered":"<div class=\"magic-5\">\n<p data-sourcepos=\"9:1-9:17\"><strong>Vantaggi chiave dei pannelli esterni in WPC:<\/strong><\/p>\n<ul data-sourcepos=\"11:1-16:0\">\n<li data-sourcepos=\"11:1-11:102\"><strong>Duraturo:<\/strong> Goditi anni di utilizzo senza problemi senza la necessit\u00e0 di costante verniciatura o sigillatura.<\/li>\n<li data-sourcepos=\"12:1-12:66\"><strong>Impermeabile:<\/strong> Resistente a umidit\u00e0, marciume e danni da insetti.<\/li>\n<li data-sourcepos=\"13:1-13:92\"><strong>Bassa Manutenzione:<\/strong> Pulizia semplice con sapone e acqua per mantenere il tuo deck al meglio.<\/li>\n<li data-sourcepos=\"14:1-14:84\"><strong>Ecologico:<\/strong> Realizzato con materiali riciclati ed \u00e8 riciclabile al 100%.<\/li>\n<li data-sourcepos=\"15:1-16:0\"><strong>Versatile:<\/strong> Disponibile in una variet\u00e0 di colori e finiture per completare qualsiasi spazio esterno.<\/li>\n<\/ul>\n<p data-sourcepos=\"17:1-17:14\"><strong>Ideale per:<\/strong><\/p>\n<ul data-sourcepos=\"19:1-21:57\">\n<li data-sourcepos=\"19:1-19:79\"><strong>Patio e deck:<\/strong> Crea uno spazio esterno bello e funzionale.<\/li>\n<li data-sourcepos=\"20:1-20:64\"><strong>Recinti per piscine:<\/strong> Goditi un'area piscina sicura e antiscivolo.<\/li>\n<li data-sourcepos=\"21:1-21:57\"><strong>Balconi:<\/strong> Aggiungi stile e durabilit\u00e0 al tuo balcone.<\/li>\n<\/ul>\n<p data-sourcepos=\"23:1-23:80\"><strong>Aggiorna il tuo spazio esterno oggi con le nostre tavole in WPC di alta qualit\u00e0.<\/strong><\/p>\n<\/div>","protected":false},"featured_media":1777,"comment_status":"open","ping_status":"closed","template":"","meta":[],"product_brand":[],"product_cat":[38],"product_tag":[40],"class_list":{"0":"post-1776","1":"product","2":"type-product","3":"status-publish","4":"has-post-thumbnail","6":"product_cat-wpc","7":"product_tag-wpc","9":"first","10":"instock","11":"shipping-taxable","12":"product-type-simple"},"yoast_head":"<!-- This site is optimized with the Yoast SEO plugin v24.2 - https:\/\/yoast.com\/wordpress\/plugins\/seo\/ -->\n<title>WPC Exterior Wall Facade Panels - Shang He Sandwich Panel<\/title>\n<meta name=\"description\" content=\"Say goodbye to staining and sealing. Our WPC Exterior Wall Panels decking requires minimal maintenance, allowing you to enjoy your outdoor space worry-free.\" \/>\n<meta name=\"robots\" content=\"index, follow, max-snippet:-1, max-image-preview:large, max-video-preview:-1\" \/>\n<link rel=\"canonical\" href=\"https:\/\/shanghepanel.com\/it\/product\/wpc-exterior-wall-facade-panels\/\" \/>\n<meta property=\"og:locale\" content=\"it_IT\" \/>\n<meta property=\"og:type\" content=\"article\" \/>\n<meta property=\"og:title\" content=\"WPC Exterior Wall Facade Panels - Shang He Sandwich Panel\" \/>\n<meta property=\"og:description\" content=\"Say goodbye to staining and sealing. Our WPC Exterior Wall Panels decking requires minimal maintenance, allowing you to enjoy your outdoor space worry-free.\" \/>\n<meta property=\"og:url\" content=\"https:\/\/shanghepanel.com\/it\/product\/wpc-exterior-wall-facade-panels\/\" \/>\n<meta property=\"og:site_name\" content=\"Shang He Sandwich Panel\" \/>\n<meta property=\"article:modified_time\" content=\"2024-07-27T09:48:35+00:00\" \/>\n<meta property=\"og:image\" content=\"https:\/\/shanghepanel.com\/wp-content\/uploads\/2024\/06\/WPC-sj-1.jpg\" \/>\n\t<meta property=\"og:image:width\" content=\"800\" \/>\n\t<meta property=\"og:image:height\" content=\"800\" \/>\n\t<meta property=\"og:image:type\" content=\"image\/jpeg\" \/>\n<meta name=\"twitter:card\" content=\"summary_large_image\" \/>\n<meta name=\"twitter:label1\" content=\"Tempo di lettura stimato\" \/>\n\t<meta name=\"twitter:data1\" content=\"3 minuti\" \/>\n<script type=\"application\/ld+json\" class=\"yoast-schema-graph\">{\"@context\":\"https:\/\/schema.org\",\"@graph\":[{\"@type\":\"WebPage\",\"@id\":\"https:\/\/shanghepanel.com\/product\/wpc-exterior-wall-facade-panels\/\",\"url\":\"https:\/\/shanghepanel.com\/product\/wpc-exterior-wall-facade-panels\/\",\"name\":\"WPC Exterior Wall Facade Panels - Shang He Sandwich Panel\",\"isPartOf\":{\"@id\":\"https:\/\/shanghepanel.com\/#website\"},\"primaryImageOfPage\":{\"@id\":\"https:\/\/shanghepanel.com\/product\/wpc-exterior-wall-facade-panels\/#primaryimage\"},\"image\":{\"@id\":\"https:\/\/shanghepanel.com\/product\/wpc-exterior-wall-facade-panels\/#primaryimage\"},\"thumbnailUrl\":\"https:\/\/shanghepanel.com\/wp-content\/uploads\/2024\/06\/WPC-sj-1.jpg\",\"datePublished\":\"2024-06-11T13:11:40+00:00\",\"dateModified\":\"2024-07-27T09:48:35+00:00\",\"description\":\"Say goodbye to staining and sealing. Our WPC Exterior Wall Panels decking requires minimal maintenance, allowing you to enjoy your outdoor space worry-free.\",\"breadcrumb\":{\"@id\":\"https:\/\/shanghepanel.com\/product\/wpc-exterior-wall-facade-panels\/#breadcrumb\"},\"inLanguage\":\"it-IT\",\"potentialAction\":[{\"@type\":\"ReadAction\",\"target\":[\"https:\/\/shanghepanel.com\/product\/wpc-exterior-wall-facade-panels\/\"]}]},{\"@type\":\"ImageObject\",\"inLanguage\":\"it-IT\",\"@id\":\"https:\/\/shanghepanel.com\/product\/wpc-exterior-wall-facade-panels\/#primaryimage\",\"url\":\"https:\/\/shanghepanel.com\/wp-content\/uploads\/2024\/06\/WPC-sj-1.jpg\",\"contentUrl\":\"https:\/\/shanghepanel.com\/wp-content\/uploads\/2024\/06\/WPC-sj-1.jpg\",\"width\":800,\"height\":800},{\"@type\":\"BreadcrumbList\",\"@id\":\"https:\/\/shanghepanel.com\/product\/wpc-exterior-wall-facade-panels\/#breadcrumb\",\"itemListElement\":[{\"@type\":\"ListItem\",\"position\":1,\"name\":\"\u9996\u9875\",\"item\":\"https:\/\/shanghepanel.com\/en\/\"},{\"@type\":\"ListItem\",\"position\":2,\"name\":\"\u4ea7\u54c1\",\"item\":\"https:\/\/shanghepanel.com\/index.php\/shop\/\"},{\"@type\":\"ListItem\",\"position\":3,\"name\":\"WPC Exterior Wall Facade Panels\"}]},{\"@type\":\"WebSite\",\"@id\":\"https:\/\/shanghepanel.com\/#website\",\"url\":\"https:\/\/shanghepanel.com\/\",\"name\":\"shanghepanel.com\",\"description\":\"\",\"publisher\":{\"@id\":\"https:\/\/shanghepanel.com\/#organization\"},\"potentialAction\":[{\"@type\":\"SearchAction\",\"target\":{\"@type\":\"EntryPoint\",\"urlTemplate\":\"https:\/\/shanghepanel.com\/?s={search_term_string}\"},\"query-input\":{\"@type\":\"PropertyValueSpecification\",\"valueRequired\":true,\"valueName\":\"search_term_string\"}}],\"inLanguage\":\"it-IT\"},{\"@type\":\"Organization\",\"@id\":\"https:\/\/shanghepanel.com\/#organization\",\"name\":\"Shandong ShangHe New Construction Engineering Co., ltd.\",\"url\":\"https:\/\/shanghepanel.com\/\",\"logo\":{\"@type\":\"ImageObject\",\"inLanguage\":\"it-IT\",\"@id\":\"https:\/\/shanghepanel.com\/#\/schema\/logo\/image\/\",\"url\":\"https:\/\/shanghepanel.com\/wp-content\/uploads\/2024\/03\/logo-1.png\",\"contentUrl\":\"https:\/\/shanghepanel.com\/wp-content\/uploads\/2024\/03\/logo-1.png\",\"width\":800,\"height\":800,\"caption\":\"Shandong ShangHe New Construction Engineering Co., ltd.\"},\"image\":{\"@id\":\"https:\/\/shanghepanel.com\/#\/schema\/logo\/image\/\"}}]}<\/script>\n<!-- \/ Yoast SEO plugin. -->","yoast_head_json":{"title":"Pannelli per Facciata Esterna in WPC - Pannello Sandwich Shang He","description":"Dite addio alle macchie e alla sigillatura. I nostri pannelli per pareti esterne in WPC richiedono una manutenzione minima, permettendovi di godervi il vostro spazio esterno senza preoccupazioni.","robots":{"index":"index","follow":"follow","max-snippet":"max-snippet:-1","max-image-preview":"max-image-preview:large","max-video-preview":"max-video-preview:-1"},"canonical":"https:\/\/shanghepanel.com\/it\/product\/wpc-exterior-wall-facade-panels\/","og_locale":"it_IT","og_type":"article","og_title":"WPC Exterior Wall Facade Panels - Shang He Sandwich Panel","og_description":"Say goodbye to staining and sealing. Our WPC Exterior Wall Panels decking requires minimal maintenance, allowing you to enjoy your outdoor space worry-free.","og_url":"https:\/\/shanghepanel.com\/it\/product\/wpc-exterior-wall-facade-panels\/","og_site_name":"Shang He Sandwich Panel","article_modified_time":"2024-07-27T09:48:35+00:00","og_image":[{"width":800,"height":800,"url":"https:\/\/shanghepanel.com\/wp-content\/uploads\/2024\/06\/WPC-sj-1.jpg","type":"image\/jpeg"}],"twitter_card":"summary_large_image","twitter_misc":{"Tempo di lettura stimato":"3 minuti"},"schema":{"@context":"https:\/\/schema.org","@graph":[{"@type":"WebPage","@id":"https:\/\/shanghepanel.com\/product\/wpc-exterior-wall-facade-panels\/","url":"https:\/\/shanghepanel.com\/product\/wpc-exterior-wall-facade-panels\/","name":"Pannelli per Facciata Esterna in WPC - Pannello Sandwich Shang He","isPartOf":{"@id":"https:\/\/shanghepanel.com\/#website"},"primaryImageOfPage":{"@id":"https:\/\/shanghepanel.com\/product\/wpc-exterior-wall-facade-panels\/#primaryimage"},"image":{"@id":"https:\/\/shanghepanel.com\/product\/wpc-exterior-wall-facade-panels\/#primaryimage"},"thumbnailUrl":"https:\/\/shanghepanel.com\/wp-content\/uploads\/2024\/06\/WPC-sj-1.jpg","datePublished":"2024-06-11T13:11:40+00:00","dateModified":"2024-07-27T09:48:35+00:00","description":"Dite addio alle macchie e alla sigillatura. I nostri pannelli per pareti esterne in WPC richiedono una manutenzione minima, permettendovi di godervi il vostro spazio esterno senza preoccupazioni.","breadcrumb":{"@id":"https:\/\/shanghepanel.com\/product\/wpc-exterior-wall-facade-panels\/#breadcrumb"},"inLanguage":"it-IT","potentialAction":[{"@type":"ReadAction","target":["https:\/\/shanghepanel.com\/product\/wpc-exterior-wall-facade-panels\/"]}]},{"@type":"ImageObject","inLanguage":"it-IT","@id":"https:\/\/shanghepanel.com\/product\/wpc-exterior-wall-facade-panels\/#primaryimage","url":"https:\/\/shanghepanel.com\/wp-content\/uploads\/2024\/06\/WPC-sj-1.jpg","contentUrl":"https:\/\/shanghepanel.com\/wp-content\/uploads\/2024\/06\/WPC-sj-1.jpg","width":800,"height":800},{"@type":"BreadcrumbList","@id":"https:\/\/shanghepanel.com\/product\/wpc-exterior-wall-facade-panels\/#breadcrumb","itemListElement":[{"@type":"ListItem","position":1,"name":"\u9996\u9875","item":"https:\/\/shanghepanel.com\/en\/"},{"@type":"ListItem","position":2,"name":"\u4ea7\u54c1","item":"https:\/\/shanghepanel.com\/index.php\/shop\/"},{"@type":"ListItem","position":3,"name":"WPC Exterior Wall Facade Panels"}]},{"@type":"WebSite","@id":"https:\/\/shanghepanel.com\/#website","url":"https:\/\/shanghepanel.com\/","name":"shanghepanel.com","description":"","publisher":{"@id":"https:\/\/shanghepanel.com\/#organization"},"potentialAction":[{"@type":"SearchAction","target":{"@type":"EntryPoint","urlTemplate":"https:\/\/shanghepanel.com\/?s={search_term_string}"},"query-input":{"@type":"PropertyValueSpecification","valueRequired":true,"valueName":"search_term_string"}}],"inLanguage":"it-IT"},{"@type":"Organization","@id":"https:\/\/shanghepanel.com\/#organization","name":"Shandong ShangHe Nuova Costruzione Engineering Co., ltd.","url":"https:\/\/shanghepanel.com\/","logo":{"@type":"ImageObject","inLanguage":"it-IT","@id":"https:\/\/shanghepanel.com\/#\/schema\/logo\/image\/","url":"https:\/\/shanghepanel.com\/wp-content\/uploads\/2024\/03\/logo-1.png","contentUrl":"https:\/\/shanghepanel.com\/wp-content\/uploads\/2024\/03\/logo-1.png","width":800,"height":800,"caption":"Shandong ShangHe New Construction Engineering Co., ltd."},"image":{"@id":"https:\/\/shanghepanel.com\/#\/schema\/logo\/image\/"}}]}},"_links":{"self":[{"href":"https:\/\/shanghepanel.com\/it\/wp-json\/wp\/v2\/product\/1776","targetHints":{"allow":["GET"]}}],"collection":[{"href":"https:\/\/shanghepanel.com\/it\/wp-json\/wp\/v2\/product"}],"about":[{"href":"https:\/\/shanghepanel.com\/it\/wp-json\/wp\/v2\/types\/product"}],"replies":[{"embeddable":true,"href":"https:\/\/shanghepanel.com\/it\/wp-json\/wp\/v2\/comments?post=1776"}],"version-history":[{"count":0,"href":"https:\/\/shanghepanel.com\/it\/wp-json\/wp\/v2\/product\/1776\/revisions"}],"wp:featuredmedia":[{"embeddable":true,"href":"https:\/\/shanghepanel.com\/it\/wp-json\/wp\/v2\/media\/1777"}],"wp:attachment":[{"href":"https:\/\/shanghepanel.com\/it\/wp-json\/wp\/v2\/media?parent=1776"}],"wp:term":[{"taxonomy":"product_brand","embeddable":true,"href":"https:\/\/shanghepanel.com\/it\/wp-json\/wp\/v2\/product_brand?post=1776"},{"taxonomy":"product_cat","embeddable":true,"href":"https:\/\/shanghepanel.com\/it\/wp-json\/wp\/v2\/product_cat?post=1776"},{"taxonomy":"product_tag","embeddable":true,"href":"https:\/\/shanghepanel.com\/it\/wp-json\/wp\/v2\/product_tag?post=1776"}],"curies":[{"name":"wp","href":"https:\/\/api.w.org\/{rel}","templated":true}]}}