{"id":4898,"date":"2025-05-20T14:26:56","date_gmt":"2025-05-20T06:26:56","guid":{"rendered":"https:\/\/shanghepanel.com\/?post_type=product&#038;p=4898"},"modified":"2025-06-05T14:08:53","modified_gmt":"2025-06-05T06:08:53","slug":"marble-decorative-panels-%e5%a4%8d%e5%88%b6","status":"publish","type":"product","link":"https:\/\/shanghepanel.com\/it\/product\/marble-decorative-panels-%e5%a4%8d%e5%88%b6\/","title":{"rendered":"Pannelli Decorativi in Marmo-1"},"content":{"rendered":"<div data-elementor-type=\"product-post\" data-elementor-id=\"4898\" class=\"elementor elementor-4898\" data-elementor-post-type=\"product\">\n\t\t\t\t<div class=\"elementor-element elementor-element-4766956a e-flex e-con-boxed e-con e-parent\" data-id=\"4766956a\" data-element_type=\"container\">\n\t\t\t\t\t<div class=\"e-con-inner\">\n\t\t\t\t<div class=\"elementor-element elementor-element-37286890 elementor-widget elementor-widget-text-editor\" data-id=\"37286890\" data-element_type=\"widget\" data-widget_type=\"text-editor.default\">\n\t\t\t\t<div class=\"elementor-widget-container\">\n\t\t\t\t\t\t\t\t\tPannelli sandwich decorativi isolanti con texture marmo, con l'aspetto elegante del marmo e le prestazioni eccellenti dei pannelli isolanti, sono una scelta ideale per l'arredamento architettonico moderno. Il prodotto ha ottime prestazioni di isolamento termico, isolamento acustico e riduzione del rumore, ed \u00e8 anche resistente al fuoco, impermeabile e resistente all'umidit\u00e0, migliorando efficacemente il comfort e la durabilit\u00e0 dell'edificio.\n\nI pannelli sandwich decorativi isolanti con texture marmo sono ampiamente utilizzati nell'arredamento interno ed esterno, come hotel, centri commerciali, edifici ufficio, residenze, ecc. Il prodotto pu\u00f2 essere utilizzato per pareti, soffitti, divisori e altre parti, aggiungendo un tocco di lusso e nobilt\u00e0 allo spazio dell'edificio.\n\nI pannelli sandwich decorativi isolanti con texture marmo ecocompatibili utilizzano materiali verdi e rispettosi dell'ambiente, non contengono sostanze nocive come formaldeide e soddisfano i requisiti degli edifici verdi. Il prodotto pu\u00f2 ridurre efficacemente il consumo energetico dell'edificio, le emissioni di carbonio e contribuire alla protezione ambientale.\n\nVuoi che il tuo edificio sia pi\u00f9 lussuoso? I pannelli sandwich decorativi isolanti con texture marmo sono la tua scelta migliore! Il prodotto non solo offre un'eccellente prestazione isolante per l'edificio, ma crea anche un'atmosfera spaziale di alta qualit\u00e0 e atmosfera. \u00c8 una scelta di tendenza per l'arredamento architettonico moderno.\t\t\t\t\t\t\t\t<\/div>\n\t\t\t\t<\/div>\n\t\t\t\t\t<\/div>\n\t\t\t\t<\/div>\n\t\t<div class=\"elementor-element elementor-element-8d6325c e-flex e-con-boxed e-con e-parent\" data-id=\"8d6325c\" data-element_type=\"container\">\n\t\t\t\t\t<div class=\"e-con-inner\">\n\t\t\t\t\t<\/div>\n\t\t\t\t<\/div>\n\t\t<div class=\"elementor-element elementor-element-a48910f e-flex e-con-boxed e-con e-parent\" data-id=\"a48910f\" data-element_type=\"container\">\n\t\t\t\t\t<div class=\"e-con-inner\">\n\t\t\t\t\t<\/div>\n\t\t\t\t<\/div>\n\t\t\t\t<\/div>","protected":false},"excerpt":{"rendered":"<p>Applicazioni Generali <strong>pannello sandwich decorativo isolante con motivo marmo termico<\/strong> combina l'eleganza del marmo con le prestazioni superiori dei materiali isolanti. Offre un'eccellente isolamento termico, insonorizzazione e resistenza al fuoco, rendendolo una scelta ideale per l'arredamento architettonico moderno.<\/p>\n<p>&nbsp;<\/p>","protected":false},"featured_media":3783,"comment_status":"open","ping_status":"closed","template":"","meta":[],"product_brand":[],"product_cat":[33],"product_tag":[48,29,49],"class_list":{"0":"post-4898","1":"product","2":"type-product","3":"status-publish","4":"has-post-thumbnail","6":"product_cat-metal-carved-board","7":"product_tag-marble","8":"product_tag-wall-board","9":"product_tag-wall-panel","11":"first","12":"instock","13":"shipping-taxable","14":"product-type-simple"},"yoast_head":"<!-- This site is optimized with the Yoast SEO plugin v24.2 - https:\/\/yoast.com\/wordpress\/plugins\/seo\/ -->\n<title>Marble Decorative Panels-1 - Shang He Sandwich Panel<\/title>\n<meta name=\"description\" content=\"Marble texture insulation decorative sandwich panels use advanced technology to perfectly combine marble texture with high-performance insulation materials.\" \/>\n<meta name=\"robots\" content=\"index, follow, max-snippet:-1, max-image-preview:large, max-video-preview:-1\" \/>\n<link rel=\"canonical\" href=\"https:\/\/shanghepanel.com\/it\/product\/marble-decorative-panels-\u590d\u5236\/\" \/>\n<meta property=\"og:locale\" content=\"it_IT\" \/>\n<meta property=\"og:type\" content=\"article\" \/>\n<meta property=\"og:title\" content=\"Marble Decorative Panels-1 - Shang He Sandwich Panel\" \/>\n<meta property=\"og:description\" content=\"Marble texture insulation decorative sandwich panels use advanced technology to perfectly combine marble texture with high-performance insulation materials.\" \/>\n<meta property=\"og:url\" content=\"https:\/\/shanghepanel.com\/it\/product\/marble-decorative-panels-\u590d\u5236\/\" \/>\n<meta property=\"og:site_name\" content=\"Shang He Sandwich Panel\" \/>\n<meta property=\"article:modified_time\" content=\"2025-06-05T06:08:53+00:00\" \/>\n<meta property=\"og:image\" content=\"https:\/\/shanghepanel.com\/wp-content\/uploads\/2024\/07\/B-zt-12.jpg\" \/>\n\t<meta property=\"og:image:width\" content=\"800\" \/>\n\t<meta property=\"og:image:height\" content=\"800\" \/>\n\t<meta property=\"og:image:type\" content=\"image\/jpeg\" \/>\n<meta name=\"twitter:card\" content=\"summary_large_image\" \/>\n<meta name=\"twitter:label1\" content=\"Tempo di lettura stimato\" \/>\n\t<meta name=\"twitter:data1\" content=\"2 minuti\" \/>\n<script type=\"application\/ld+json\" class=\"yoast-schema-graph\">{\"@context\":\"https:\/\/schema.org\",\"@graph\":[{\"@type\":\"WebPage\",\"@id\":\"https:\/\/shanghepanel.com\/product\/marble-decorative-panels-%e5%a4%8d%e5%88%b6\/\",\"url\":\"https:\/\/shanghepanel.com\/product\/marble-decorative-panels-%e5%a4%8d%e5%88%b6\/\",\"name\":\"Marble Decorative Panels-1 - Shang He Sandwich Panel\",\"isPartOf\":{\"@id\":\"https:\/\/shanghepanel.com\/#website\"},\"primaryImageOfPage\":{\"@id\":\"https:\/\/shanghepanel.com\/product\/marble-decorative-panels-%e5%a4%8d%e5%88%b6\/#primaryimage\"},\"image\":{\"@id\":\"https:\/\/shanghepanel.com\/product\/marble-decorative-panels-%e5%a4%8d%e5%88%b6\/#primaryimage\"},\"thumbnailUrl\":\"https:\/\/shanghepanel.com\/wp-content\/uploads\/2024\/07\/B-zt-12.jpg\",\"datePublished\":\"2025-05-20T06:26:56+00:00\",\"dateModified\":\"2025-06-05T06:08:53+00:00\",\"description\":\"Marble texture insulation decorative sandwich panels use advanced technology to perfectly combine marble texture with high-performance insulation materials.\",\"breadcrumb\":{\"@id\":\"https:\/\/shanghepanel.com\/product\/marble-decorative-panels-%e5%a4%8d%e5%88%b6\/#breadcrumb\"},\"inLanguage\":\"it-IT\",\"potentialAction\":[{\"@type\":\"ReadAction\",\"target\":[\"https:\/\/shanghepanel.com\/product\/marble-decorative-panels-%e5%a4%8d%e5%88%b6\/\"]}]},{\"@type\":\"ImageObject\",\"inLanguage\":\"it-IT\",\"@id\":\"https:\/\/shanghepanel.com\/product\/marble-decorative-panels-%e5%a4%8d%e5%88%b6\/#primaryimage\",\"url\":\"https:\/\/shanghepanel.com\/wp-content\/uploads\/2024\/07\/B-zt-12.jpg\",\"contentUrl\":\"https:\/\/shanghepanel.com\/wp-content\/uploads\/2024\/07\/B-zt-12.jpg\",\"width\":800,\"height\":800},{\"@type\":\"BreadcrumbList\",\"@id\":\"https:\/\/shanghepanel.com\/product\/marble-decorative-panels-%e5%a4%8d%e5%88%b6\/#breadcrumb\",\"itemListElement\":[{\"@type\":\"ListItem\",\"position\":1,\"name\":\"\u9996\u9875\",\"item\":\"https:\/\/shanghepanel.com\/en\/\"},{\"@type\":\"ListItem\",\"position\":2,\"name\":\"\u4ea7\u54c1\",\"item\":\"https:\/\/shanghepanel.com\/index.php\/shop\/\"},{\"@type\":\"ListItem\",\"position\":3,\"name\":\"Marble Decorative Panels-1\"}]},{\"@type\":\"WebSite\",\"@id\":\"https:\/\/shanghepanel.com\/#website\",\"url\":\"https:\/\/shanghepanel.com\/\",\"name\":\"shanghepanel.com\",\"description\":\"\",\"publisher\":{\"@id\":\"https:\/\/shanghepanel.com\/#organization\"},\"potentialAction\":[{\"@type\":\"SearchAction\",\"target\":{\"@type\":\"EntryPoint\",\"urlTemplate\":\"https:\/\/shanghepanel.com\/?s={search_term_string}\"},\"query-input\":{\"@type\":\"PropertyValueSpecification\",\"valueRequired\":true,\"valueName\":\"search_term_string\"}}],\"inLanguage\":\"it-IT\"},{\"@type\":\"Organization\",\"@id\":\"https:\/\/shanghepanel.com\/#organization\",\"name\":\"Shandong ShangHe New Construction Engineering Co., ltd.\",\"url\":\"https:\/\/shanghepanel.com\/\",\"logo\":{\"@type\":\"ImageObject\",\"inLanguage\":\"it-IT\",\"@id\":\"https:\/\/shanghepanel.com\/#\/schema\/logo\/image\/\",\"url\":\"https:\/\/shanghepanel.com\/wp-content\/uploads\/2024\/03\/logo-1.png\",\"contentUrl\":\"https:\/\/shanghepanel.com\/wp-content\/uploads\/2024\/03\/logo-1.png\",\"width\":800,\"height\":800,\"caption\":\"Shandong ShangHe New Construction Engineering Co., ltd.\"},\"image\":{\"@id\":\"https:\/\/shanghepanel.com\/#\/schema\/logo\/image\/\"}}]}<\/script>\n<!-- \/ Yoast SEO plugin. -->","yoast_head_json":{"title":"Pannelli Decorativi in Marmo-1 - Pannello Sandwich Shang He","description":"I pannelli sandwich decorativi isolanti con texture marmo utilizzano tecnologia avanzata per combinare perfettamente la texture marmo con materiali isolanti ad alte prestazioni.","robots":{"index":"index","follow":"follow","max-snippet":"max-snippet:-1","max-image-preview":"max-image-preview:large","max-video-preview":"max-video-preview:-1"},"canonical":"https:\/\/shanghepanel.com\/it\/product\/marble-decorative-panels-\u590d\u5236\/","og_locale":"it_IT","og_type":"article","og_title":"Marble Decorative Panels-1 - Shang He Sandwich Panel","og_description":"Marble texture insulation decorative sandwich panels use advanced technology to perfectly combine marble texture with high-performance insulation materials.","og_url":"https:\/\/shanghepanel.com\/it\/product\/marble-decorative-panels-\u590d\u5236\/","og_site_name":"Shang He Sandwich Panel","article_modified_time":"2025-06-05T06:08:53+00:00","og_image":[{"width":800,"height":800,"url":"https:\/\/shanghepanel.com\/wp-content\/uploads\/2024\/07\/B-zt-12.jpg","type":"image\/jpeg"}],"twitter_card":"summary_large_image","twitter_misc":{"Tempo di lettura stimato":"2 minuti"},"schema":{"@context":"https:\/\/schema.org","@graph":[{"@type":"WebPage","@id":"https:\/\/shanghepanel.com\/product\/marble-decorative-panels-%e5%a4%8d%e5%88%b6\/","url":"https:\/\/shanghepanel.com\/product\/marble-decorative-panels-%e5%a4%8d%e5%88%b6\/","name":"Pannelli Decorativi in Marmo-1 - Pannello Sandwich Shang He","isPartOf":{"@id":"https:\/\/shanghepanel.com\/#website"},"primaryImageOfPage":{"@id":"https:\/\/shanghepanel.com\/product\/marble-decorative-panels-%e5%a4%8d%e5%88%b6\/#primaryimage"},"image":{"@id":"https:\/\/shanghepanel.com\/product\/marble-decorative-panels-%e5%a4%8d%e5%88%b6\/#primaryimage"},"thumbnailUrl":"https:\/\/shanghepanel.com\/wp-content\/uploads\/2024\/07\/B-zt-12.jpg","datePublished":"2025-05-20T06:26:56+00:00","dateModified":"2025-06-05T06:08:53+00:00","description":"I pannelli sandwich decorativi isolanti con texture marmo utilizzano tecnologia avanzata per combinare perfettamente la texture marmo con materiali isolanti ad alte prestazioni.","breadcrumb":{"@id":"https:\/\/shanghepanel.com\/product\/marble-decorative-panels-%e5%a4%8d%e5%88%b6\/#breadcrumb"},"inLanguage":"it-IT","potentialAction":[{"@type":"ReadAction","target":["https:\/\/shanghepanel.com\/product\/marble-decorative-panels-%e5%a4%8d%e5%88%b6\/"]}]},{"@type":"ImageObject","inLanguage":"it-IT","@id":"https:\/\/shanghepanel.com\/product\/marble-decorative-panels-%e5%a4%8d%e5%88%b6\/#primaryimage","url":"https:\/\/shanghepanel.com\/wp-content\/uploads\/2024\/07\/B-zt-12.jpg","contentUrl":"https:\/\/shanghepanel.com\/wp-content\/uploads\/2024\/07\/B-zt-12.jpg","width":800,"height":800},{"@type":"BreadcrumbList","@id":"https:\/\/shanghepanel.com\/product\/marble-decorative-panels-%e5%a4%8d%e5%88%b6\/#breadcrumb","itemListElement":[{"@type":"ListItem","position":1,"name":"\u9996\u9875","item":"https:\/\/shanghepanel.com\/en\/"},{"@type":"ListItem","position":2,"name":"\u4ea7\u54c1","item":"https:\/\/shanghepanel.com\/index.php\/shop\/"},{"@type":"ListItem","position":3,"name":"Marble Decorative Panels-1"}]},{"@type":"WebSite","@id":"https:\/\/shanghepanel.com\/#website","url":"https:\/\/shanghepanel.com\/","name":"shanghepanel.com","description":"","publisher":{"@id":"https:\/\/shanghepanel.com\/#organization"},"potentialAction":[{"@type":"SearchAction","target":{"@type":"EntryPoint","urlTemplate":"https:\/\/shanghepanel.com\/?s={search_term_string}"},"query-input":{"@type":"PropertyValueSpecification","valueRequired":true,"valueName":"search_term_string"}}],"inLanguage":"it-IT"},{"@type":"Organization","@id":"https:\/\/shanghepanel.com\/#organization","name":"Shandong ShangHe Nuova Costruzione Engineering Co., ltd.","url":"https:\/\/shanghepanel.com\/","logo":{"@type":"ImageObject","inLanguage":"it-IT","@id":"https:\/\/shanghepanel.com\/#\/schema\/logo\/image\/","url":"https:\/\/shanghepanel.com\/wp-content\/uploads\/2024\/03\/logo-1.png","contentUrl":"https:\/\/shanghepanel.com\/wp-content\/uploads\/2024\/03\/logo-1.png","width":800,"height":800,"caption":"Shandong ShangHe New Construction Engineering Co., ltd."},"image":{"@id":"https:\/\/shanghepanel.com\/#\/schema\/logo\/image\/"}}]}},"_links":{"self":[{"href":"https:\/\/shanghepanel.com\/it\/wp-json\/wp\/v2\/product\/4898","targetHints":{"allow":["GET"]}}],"collection":[{"href":"https:\/\/shanghepanel.com\/it\/wp-json\/wp\/v2\/product"}],"about":[{"href":"https:\/\/shanghepanel.com\/it\/wp-json\/wp\/v2\/types\/product"}],"replies":[{"embeddable":true,"href":"https:\/\/shanghepanel.com\/it\/wp-json\/wp\/v2\/comments?post=4898"}],"version-history":[{"count":0,"href":"https:\/\/shanghepanel.com\/it\/wp-json\/wp\/v2\/product\/4898\/revisions"}],"wp:featuredmedia":[{"embeddable":true,"href":"https:\/\/shanghepanel.com\/it\/wp-json\/wp\/v2\/media\/3783"}],"wp:attachment":[{"href":"https:\/\/shanghepanel.com\/it\/wp-json\/wp\/v2\/media?parent=4898"}],"wp:term":[{"taxonomy":"product_brand","embeddable":true,"href":"https:\/\/shanghepanel.com\/it\/wp-json\/wp\/v2\/product_brand?post=4898"},{"taxonomy":"product_cat","embeddable":true,"href":"https:\/\/shanghepanel.com\/it\/wp-json\/wp\/v2\/product_cat?post=4898"},{"taxonomy":"product_tag","embeddable":true,"href":"https:\/\/shanghepanel.com\/it\/wp-json\/wp\/v2\/product_tag?post=4898"}],"curies":[{"name":"wp","href":"https:\/\/api.w.org\/{rel}","templated":true}]}}