{"id":4984,"date":"2025-05-22T14:48:29","date_gmt":"2025-05-22T06:48:29","guid":{"rendered":"https:\/\/shanghepanel.com\/?post_type=product&#038;p=4984"},"modified":"2025-06-05T14:07:27","modified_gmt":"2025-06-05T06:07:27","slug":"metal-roof-sandwich-panels","status":"publish","type":"product","link":"https:\/\/shanghepanel.com\/it\/product\/metal-roof-sandwich-panels\/","title":{"rendered":"Pannelli Sandwich per Tetti in Metallo 1 Lavoratore, 500 piedi quadrati\/giorno"},"content":{"rendered":"<h2 style=\"text-align: center;\"><span style=\"color: #000080;\"><strong>Quali pannelli sandwich metallici per tetti? E come funzionano i pannelli sandwich isolanti?<\/strong><\/span><\/h2>\n<p class=\"ds-markdown-paragraph\"><span>I sistemi di copertura sono le strutture complete che proteggono gli edifici dalle intemperie, regolano la temperatura e aumentano la durabilit\u00e0. Ma come giocano un ruolo qui i pannelli sandwich isolanti? Questi pannelli sono una componente chiave nei sistemi di copertura moderni perch\u00e9 combinano isolamento e resistenza strutturale in un prodotto leggero e facile da installare. A differenza dei materiali di copertura tradizionali che richiedono strati separati per isolamento e impermeabilizzazione, i pannelli sandwich integrano tutto in un'unica unit\u00e0. Questo risparmia tempo durante l'installazione e riduce i costi di manutenzione a lungo termine. Per esempio, nei magazzini o edifici industriali, i pannelli sandwich isolanti forniscono un tetto senza soluzione di continuit\u00e0 che previene la perdita di calore e resiste a venti forti o carichi di neve. Se cerchi un sistema di copertura efficiente, durevole e conveniente, questi pannelli sono una svolta<\/span><\/p>\n<h3 style=\"text-align: center;\"><span style=\"color: #000080;\"><strong>Perch\u00e9 i Pannelli Sandwich Metallici Isolanti sono MIGLIORI dei Tetti Tradizionali?<\/strong><\/span><\/h3>\n<p class=\"ds-markdown-paragraph\">Siamo realistici\u2014i tetti tradizionali come le tegole di asfalto o le piastrelle di cemento sono<span>\u00a0<\/span><em>cos\u00ec decenni fa<\/em>. Pannelli sandwich metallici isolanti? Sono come la Tesla del settore coperture. Ecco perch\u00e9: l'esterno in metallo resiste a ruggine, incendi e anche ai venti di uragano. La schiuma all\u2019interno? \u00c8 come avvolgere il tuo edificio in una coperta calda\u2014niente pi\u00f9 sudore in estate o congelamento in inverno. Inoltre, gli installatori amano questi pannelli perch\u00e9 vengono pretagliati e pronti da avvitare, risparmiando giorni di lavoro. Immagina la sezione del freezer di un supermercato: questi pannelli mantengono il freddo senza consumare troppa energia. Ah, e hanno un aspetto elegante abbastanza per un ufficio moderno o uno spazio commerciale alla moda. Non sorprende che gli appaltatori stiano abbandonando i vecchi materiali!<\/p>\n<hr \/>\n<p class=\"ds-markdown-paragraph\">\n<table style=\"border-collapse: collapse; width: 1369px; height: 337px;\" border=\"0\" width=\"1354\" cellspacing=\"0\" cellpadding=\"0\">\n<tbody>\n<tr style=\"height: 22.50pt;\">\n<td class=\"et3\" style=\"height: 22.5pt; width: 1015.5pt; text-align: center;\" colspan=\"4\" width=\"1354\" height=\"30\">\n<h3><span style=\"color: #000080;\">Attributi importanti<\/span><\/h3>\n<\/td>\n<\/tr>\n<tr style=\"height: 22.50pt;\">\n<td class=\"et4\" style=\"height: 22.5pt; text-align: center;\" height=\"30\">design<\/td>\n<td class=\"et4\" style=\"text-align: center;\">l'epoca presente<\/td>\n<td class=\"et4\" style=\"text-align: center;\">Servizio post-vendita<\/td>\n<td class=\"et4\" style=\"text-align: center;\">Supporto tecnico online, Altro<\/td>\n<\/tr>\n<tr style=\"height: 22.50pt;\">\n<td class=\"et5\" style=\"height: 22.5pt; text-align: center;\" height=\"30\">Origine<\/td>\n<td class=\"et5\" style=\"text-align: center;\">Shandong, Cina<\/td>\n<td class=\"et5\" style=\"text-align: center;\">Scenario di Applicazione<\/td>\n<td class=\"et5\" style=\"text-align: center;\">Magazzino<\/td>\n<\/tr>\n<tr style=\"height: 23.25pt;\">\n<td class=\"et5\" style=\"height: 23.25pt; text-align: center;\" height=\"31\">Marca<\/td>\n<td class=\"et5\" style=\"text-align: center;\">SH<\/td>\n<td class=\"et5\" style=\"text-align: center;\">Servizio di Garanzia<\/td>\n<td class=\"et6\" style=\"width: 238.5pt; text-align: center;\" width=\"318\">pannello sandwich in metallo<\/td>\n<\/tr>\n<tr style=\"height: 22.50pt;\">\n<td class=\"et5\" style=\"height: 22.5pt; text-align: center;\" height=\"30\">Materiale del pannello<\/td>\n<td class=\"et5\" style=\"text-align: center;\">metallo<\/td>\n<td class=\"et5\" style=\"text-align: center;\">Modelli<\/td>\n<td class=\"et5\" style=\"text-align: center;\">PU 150mm in schiuma di poliuretano<\/td>\n<\/tr>\n<tr style=\"height: 23.25pt;\">\n<td class=\"et5\" style=\"height: 23.25pt; text-align: center;\" height=\"31\">: Per zone umide come cucine o bagni, scegli pannelli WPC resistenti all'umidit\u00e0 e impermeabili. I progetti all'aperto necessitano di varianti UV e resistenti alle intemperie.<\/td>\n<td class=\"et7\" style=\"width: 256.5pt; text-align: center;\" width=\"342\">Decorazione esterna<\/td>\n<td class=\"et8\" style=\"width: 195pt; text-align: center;\" width=\"260\">Nome del prodotto<\/td>\n<td class=\"et5\" style=\"text-align: center;\"><a href=\"https:\/\/shanghepanel.com\/product\/metal-sandwich-panel\/\">pannelli sandwich in lamiera<\/a><\/td>\n<\/tr>\n<tr style=\"height: 23.25pt;\">\n<td class=\"et5\" style=\"height: 23.25pt; text-align: center;\" height=\"31\">Materiale di Superficie<\/td>\n<td class=\"et9\" style=\"width: 256.5pt; text-align: center;\" width=\"342\">Metallico<\/td>\n<td class=\"et5\" style=\"text-align: center;\">Quantit\u00e0 minima d'ordine<\/td>\n<td class=\"et5\" style=\"text-align: center;\">Personalizzazione<\/td>\n<\/tr>\n<tr style=\"height: 22.50pt;\">\n<td class=\"et5\" style=\"height: 22.5pt; text-align: center;\" height=\"30\">Spessore<\/td>\n<td class=\"et5\" style=\"text-align: center;\">16MM\/20MM\/25MM<\/td>\n<td class=\"et5\" style=\"text-align: center;\">Colore<\/td>\n<td class=\"et5\" style=\"text-align: center;\">Rosso brillante, vermiglio, lime, azzurro cielo, acquamarina, verde pisello o personalizzato<\/td>\n<\/tr>\n<tr style=\"height: 22.50pt;\">\n<td class=\"et10\" style=\"height: 22.5pt; text-align: center;\" height=\"30\">Larghezza<\/td>\n<td class=\"et2\" style=\"text-align: center;\">100mm,120mm,150mm,200mm<\/td>\n<td class=\"et2\"><\/td>\n<td class=\"et2\"><\/td>\n<\/tr>\n<\/tbody>\n<\/table>\n<h3 style=\"text-align: center;\"><span style=\"color: #000080;\"><strong>Aspetta\u2014Puoi usare anche i pannelli isolanti all\u2019interno di un edificio?<\/strong><\/span><\/h3>\n<p class=\"ds-markdown-paragraph\">Sorpresa! Questi pannelli non sono solo per tetti o pareti esterne. Devi dividere un magazzino in uffici? Vuoi stanze insonorizzate in un ristorante affollato? I pannelli isolanti sono la tua arma segreta. Per gli esterni, sono lo scudo definitivo contro calore, freddo e inquinamento acustico. Ma entrando, sono perfetti per creare camere bianche (pensate a laboratori o ospedali) o anche pareti di accento eleganti. Supponi di progettare un birrificio: usa pannelli all\u2019esterno per bloccare il rumore della strada e all\u2019interno per separare i serbatoi di fermentazione dall\u2019area di degustazione. Il nucleo in schiuma mantiene le temperature stabili, e la superficie liscia \u00e8 facile da pulire. Parliamo di multitasking!<\/p>\n<hr \/>\n<h3 style=\"text-align: center;\"><span style=\"color: #000080;\"><strong>I Pannelli Isolanti RISparmiano DAVVERO Energia? Facciamo i Conti.<\/strong><\/span><\/h3>\n<p class=\"ds-markdown-paragraph\">Le bollette energetiche ti stressano? Ecco la verit\u00e0: i pannelli isolanti sono come un trucco per risparmiare soldi. Quel nucleo di schiuma riduce drasticamente il trasferimento di calore\u2014cos\u00ec il tuo condizionatore non lotta contro i 40\u00b0C dell\u2019estate, e il riscaldamento non combatte i freddi invernali. Per esempio, un magazzino che utilizza questi pannelli potrebbe ridurre i costi HVAC del 40% perch\u00e9 l\u2019edificio rimane pi\u00f9 fresco di giorno e pi\u00f9 caldo di notte. E poich\u00e9 i pannelli si incastrano come i pezzi di un puzzle, non ci sono perdite d\u2019aria furtive. In 10 anni, questo si traduce in migliaia di euro risparmiati. Bonus: molti pannelli sono idonei per certificazioni di edilizia sostenibile, che possono garantirti detrazioni fiscali. Se ti piace risparmiare soldi<span>\u00a0<\/span><em>e<\/em><span>\u00a0<\/span>e il pianeta, questa \u00e8 una scelta ovvia.<\/p>\n<p style=\"text-align: center;\">","protected":false},"excerpt":{"rendered":"<table style=\"border-collapse: collapse; width: 470.27pt;\" border=\"0\" width=\"627\" cellspacing=\"0\" cellpadding=\"0\">\n<tbody>\n<tr style=\"height: 22.50pt;\">\n<td class=\"et2\" style=\"height: 22.5pt; width: 238.5pt; text-align: center;\" width=\"318\" height=\"30\">Tipo<\/td>\n<td class=\"et2\" style=\"width: 231.75pt; text-align: center;\" width=\"309\">organosilicon<\/td>\n<\/tr>\n<tr style=\"height: 22.50pt;\">\n<td class=\"et2\" style=\"height: 22.5pt; text-align: center;\" height=\"30\">Classe di Resistenza al Fuoco<\/td>\n<td class=\"et2\" style=\"text-align: center;\">Classe A (ASTM E84)<\/td>\n<\/tr>\n<tr style=\"height: 22.50pt;\">\n<td class=\"et2\" style=\"height: 22.5pt; text-align: center;\" height=\"30\">Resistenza alla compressione<\/td>\n<td class=\"et4\" style=\"text-align: center;\">\u2265300\/kPa<\/td>\n<\/tr>\n<tr style=\"height: 22.50pt;\">\n<td class=\"et2\" style=\"height: 22.5pt; text-align: center;\" height=\"30\">Metodo di consegna<\/td>\n<td class=\"et2\" style=\"text-align: center;\">merce in stock<\/td>\n<\/tr>\n<tr style=\"height: 22.50pt;\">\n<td class=\"et5\" style=\"height: 22.5pt; text-align: center;\" colspan=\"2\" height=\"30\">\n<h3><span style=\"color: #ff0000;\">(Clicca su di me) per campioni gratuiti<\/span><\/h3>\n<\/td>\n<\/tr>\n<tr style=\"height: 22.50pt;\">\n<td class=\"et7\" style=\"height: 22.5pt; width: 238.5pt; text-align: center;\" width=\"318\" height=\"30\">Tipo di trasporto<\/td>\n<td class=\"et2\" style=\"text-align: center;\">Trasporto marittimo, terrestre e aereo<\/td>\n<\/tr>\n<\/tbody>\n<\/table>\n<ul>\n<li>Pannelli Sandwich a Innesto \u2013 Installa 1000mq in 3 ore (Guarda il Nostro Cane Farlo!)<\/li>\n<li>Pannelli Sandwich Ignifughi UL \u2013 Scarica Video di Test e Certificati Istantaneamente<\/li>\n<li>Promessa di 20 Anni senza Ruggine \u2013 Paghiamo $1000 se i Tuoi Pannelli Sandwich in Metallo si Corrodono<\/li>\n<li>Qualsiasi Forma Possibile! Pannelli Sandwich Curvi\/Circolari \u2013 Invia Schizzo, Ottieni Design 3D<\/li>\n<li>Layout con Intelligenza Artificiale \u2013 Carica Foto del Magazzino, Ottimizza i Tagli dei Pannelli Sandwich<\/li>\n<li>Imballaggio di Grado Militare \u2013 Pannelli Sandwich Danneggiati = Riprogettazione Gratuita + Credito di $500<\/li>\n<\/ul>","protected":false},"featured_media":3788,"comment_status":"open","ping_status":"closed","template":"","meta":[],"product_brand":[],"product_cat":[33],"product_tag":[],"class_list":{"0":"post-4984","1":"product","2":"type-product","3":"status-publish","4":"has-post-thumbnail","6":"product_cat-metal-carved-board","8":"first","9":"instock","10":"shipping-taxable","11":"product-type-simple"},"yoast_head":"<!-- This site is optimized with the Yoast SEO plugin v24.2 - https:\/\/yoast.com\/wordpress\/plugins\/seo\/ -->\n<title>Metal Roof Sandwich Panels 1 Worker, 500 Sqft\/Day - Shang He Sandwich Panel<\/title>\n<meta name=\"description\" content=\"metal roof sandwich panels 80% Faster Installation Easy to install, modular design, very simple when installing, to meet your different needs\" \/>\n<meta name=\"robots\" content=\"index, follow, max-snippet:-1, max-image-preview:large, max-video-preview:-1\" \/>\n<link rel=\"canonical\" href=\"https:\/\/shanghepanel.com\/it\/product\/metal-roof-sandwich-panels\/\" \/>\n<meta property=\"og:locale\" content=\"it_IT\" \/>\n<meta property=\"og:type\" content=\"article\" \/>\n<meta property=\"og:title\" content=\"Metal Roof Sandwich Panels 1 Worker, 500 Sqft\/Day - Shang He Sandwich Panel\" \/>\n<meta property=\"og:description\" content=\"metal roof sandwich panels 80% Faster Installation Easy to install, modular design, very simple when installing, to meet your different needs\" \/>\n<meta property=\"og:url\" content=\"https:\/\/shanghepanel.com\/it\/product\/metal-roof-sandwich-panels\/\" \/>\n<meta property=\"og:site_name\" content=\"Shang He Sandwich Panel\" \/>\n<meta property=\"article:modified_time\" content=\"2025-06-05T06:07:27+00:00\" \/>\n<meta property=\"og:image\" content=\"https:\/\/shanghepanel.com\/wp-content\/uploads\/2024\/07\/B-zt-17.jpg\" \/>\n\t<meta property=\"og:image:width\" content=\"800\" \/>\n\t<meta property=\"og:image:height\" content=\"800\" \/>\n\t<meta property=\"og:image:type\" content=\"image\/jpeg\" \/>\n<meta name=\"twitter:card\" content=\"summary_large_image\" \/>\n<meta name=\"twitter:label1\" content=\"Tempo di lettura stimato\" \/>\n\t<meta name=\"twitter:data1\" content=\"3 minuti\" \/>\n<script type=\"application\/ld+json\" class=\"yoast-schema-graph\">{\"@context\":\"https:\/\/schema.org\",\"@graph\":[{\"@type\":\"WebPage\",\"@id\":\"https:\/\/shanghepanel.com\/product\/metal-roof-sandwich-panels\/\",\"url\":\"https:\/\/shanghepanel.com\/product\/metal-roof-sandwich-panels\/\",\"name\":\"Metal Roof Sandwich Panels 1 Worker, 500 Sqft\/Day - Shang He Sandwich Panel\",\"isPartOf\":{\"@id\":\"https:\/\/shanghepanel.com\/#website\"},\"primaryImageOfPage\":{\"@id\":\"https:\/\/shanghepanel.com\/product\/metal-roof-sandwich-panels\/#primaryimage\"},\"image\":{\"@id\":\"https:\/\/shanghepanel.com\/product\/metal-roof-sandwich-panels\/#primaryimage\"},\"thumbnailUrl\":\"https:\/\/shanghepanel.com\/wp-content\/uploads\/2024\/07\/B-zt-17.jpg\",\"datePublished\":\"2025-05-22T06:48:29+00:00\",\"dateModified\":\"2025-06-05T06:07:27+00:00\",\"description\":\"metal roof sandwich panels 80% Faster Installation Easy to install, modular design, very simple when installing, to meet your different needs\",\"breadcrumb\":{\"@id\":\"https:\/\/shanghepanel.com\/product\/metal-roof-sandwich-panels\/#breadcrumb\"},\"inLanguage\":\"it-IT\",\"potentialAction\":[{\"@type\":\"ReadAction\",\"target\":[\"https:\/\/shanghepanel.com\/product\/metal-roof-sandwich-panels\/\"]}]},{\"@type\":\"ImageObject\",\"inLanguage\":\"it-IT\",\"@id\":\"https:\/\/shanghepanel.com\/product\/metal-roof-sandwich-panels\/#primaryimage\",\"url\":\"https:\/\/shanghepanel.com\/wp-content\/uploads\/2024\/07\/B-zt-17.jpg\",\"contentUrl\":\"https:\/\/shanghepanel.com\/wp-content\/uploads\/2024\/07\/B-zt-17.jpg\",\"width\":800,\"height\":800},{\"@type\":\"BreadcrumbList\",\"@id\":\"https:\/\/shanghepanel.com\/product\/metal-roof-sandwich-panels\/#breadcrumb\",\"itemListElement\":[{\"@type\":\"ListItem\",\"position\":1,\"name\":\"\u9996\u9875\",\"item\":\"https:\/\/shanghepanel.com\/en\/\"},{\"@type\":\"ListItem\",\"position\":2,\"name\":\"\u4ea7\u54c1\",\"item\":\"https:\/\/shanghepanel.com\/index.php\/shop\/\"},{\"@type\":\"ListItem\",\"position\":3,\"name\":\"Metal Roof Sandwich Panels 1 Worker, 500 Sqft\/Day\"}]},{\"@type\":\"WebSite\",\"@id\":\"https:\/\/shanghepanel.com\/#website\",\"url\":\"https:\/\/shanghepanel.com\/\",\"name\":\"shanghepanel.com\",\"description\":\"\",\"publisher\":{\"@id\":\"https:\/\/shanghepanel.com\/#organization\"},\"potentialAction\":[{\"@type\":\"SearchAction\",\"target\":{\"@type\":\"EntryPoint\",\"urlTemplate\":\"https:\/\/shanghepanel.com\/?s={search_term_string}\"},\"query-input\":{\"@type\":\"PropertyValueSpecification\",\"valueRequired\":true,\"valueName\":\"search_term_string\"}}],\"inLanguage\":\"it-IT\"},{\"@type\":\"Organization\",\"@id\":\"https:\/\/shanghepanel.com\/#organization\",\"name\":\"Shandong ShangHe New Construction Engineering Co., ltd.\",\"url\":\"https:\/\/shanghepanel.com\/\",\"logo\":{\"@type\":\"ImageObject\",\"inLanguage\":\"it-IT\",\"@id\":\"https:\/\/shanghepanel.com\/#\/schema\/logo\/image\/\",\"url\":\"https:\/\/shanghepanel.com\/wp-content\/uploads\/2024\/03\/logo-1.png\",\"contentUrl\":\"https:\/\/shanghepanel.com\/wp-content\/uploads\/2024\/03\/logo-1.png\",\"width\":800,\"height\":800,\"caption\":\"Shandong ShangHe New Construction Engineering Co., ltd.\"},\"image\":{\"@id\":\"https:\/\/shanghepanel.com\/#\/schema\/logo\/image\/\"}}]}<\/script>\n<!-- \/ Yoast SEO plugin. -->","yoast_head_json":{"title":"Pannelli Sandwich per Tetti in Metallo 1 Lavoratore, 500 piedi quadrati\/giorno - Shang He Sandwich Panel","description":"pannelli sandwich per tetti in metallo 80% Installazione pi\u00f9 Veloce Facili da installare, design modulare, molto semplici da montare, per soddisfare le tue diverse esigenze","robots":{"index":"index","follow":"follow","max-snippet":"max-snippet:-1","max-image-preview":"max-image-preview:large","max-video-preview":"max-video-preview:-1"},"canonical":"https:\/\/shanghepanel.com\/it\/product\/metal-roof-sandwich-panels\/","og_locale":"it_IT","og_type":"article","og_title":"Metal Roof Sandwich Panels 1 Worker, 500 Sqft\/Day - Shang He Sandwich Panel","og_description":"metal roof sandwich panels 80% Faster Installation Easy to install, modular design, very simple when installing, to meet your different needs","og_url":"https:\/\/shanghepanel.com\/it\/product\/metal-roof-sandwich-panels\/","og_site_name":"Shang He Sandwich Panel","article_modified_time":"2025-06-05T06:07:27+00:00","og_image":[{"width":800,"height":800,"url":"https:\/\/shanghepanel.com\/wp-content\/uploads\/2024\/07\/B-zt-17.jpg","type":"image\/jpeg"}],"twitter_card":"summary_large_image","twitter_misc":{"Tempo di lettura stimato":"3 minuti"},"schema":{"@context":"https:\/\/schema.org","@graph":[{"@type":"WebPage","@id":"https:\/\/shanghepanel.com\/product\/metal-roof-sandwich-panels\/","url":"https:\/\/shanghepanel.com\/product\/metal-roof-sandwich-panels\/","name":"Pannelli Sandwich per Tetti in Metallo 1 Lavoratore, 500 piedi quadrati\/giorno - Shang He Sandwich Panel","isPartOf":{"@id":"https:\/\/shanghepanel.com\/#website"},"primaryImageOfPage":{"@id":"https:\/\/shanghepanel.com\/product\/metal-roof-sandwich-panels\/#primaryimage"},"image":{"@id":"https:\/\/shanghepanel.com\/product\/metal-roof-sandwich-panels\/#primaryimage"},"thumbnailUrl":"https:\/\/shanghepanel.com\/wp-content\/uploads\/2024\/07\/B-zt-17.jpg","datePublished":"2025-05-22T06:48:29+00:00","dateModified":"2025-06-05T06:07:27+00:00","description":"pannelli sandwich per tetti in metallo 80% Installazione pi\u00f9 Veloce Facili da installare, design modulare, molto semplici da montare, per soddisfare le tue diverse esigenze","breadcrumb":{"@id":"https:\/\/shanghepanel.com\/product\/metal-roof-sandwich-panels\/#breadcrumb"},"inLanguage":"it-IT","potentialAction":[{"@type":"ReadAction","target":["https:\/\/shanghepanel.com\/product\/metal-roof-sandwich-panels\/"]}]},{"@type":"ImageObject","inLanguage":"it-IT","@id":"https:\/\/shanghepanel.com\/product\/metal-roof-sandwich-panels\/#primaryimage","url":"https:\/\/shanghepanel.com\/wp-content\/uploads\/2024\/07\/B-zt-17.jpg","contentUrl":"https:\/\/shanghepanel.com\/wp-content\/uploads\/2024\/07\/B-zt-17.jpg","width":800,"height":800},{"@type":"BreadcrumbList","@id":"https:\/\/shanghepanel.com\/product\/metal-roof-sandwich-panels\/#breadcrumb","itemListElement":[{"@type":"ListItem","position":1,"name":"\u9996\u9875","item":"https:\/\/shanghepanel.com\/en\/"},{"@type":"ListItem","position":2,"name":"\u4ea7\u54c1","item":"https:\/\/shanghepanel.com\/index.php\/shop\/"},{"@type":"ListItem","position":3,"name":"Metal Roof Sandwich Panels 1 Worker, 500 Sqft\/Day"}]},{"@type":"WebSite","@id":"https:\/\/shanghepanel.com\/#website","url":"https:\/\/shanghepanel.com\/","name":"shanghepanel.com","description":"","publisher":{"@id":"https:\/\/shanghepanel.com\/#organization"},"potentialAction":[{"@type":"SearchAction","target":{"@type":"EntryPoint","urlTemplate":"https:\/\/shanghepanel.com\/?s={search_term_string}"},"query-input":{"@type":"PropertyValueSpecification","valueRequired":true,"valueName":"search_term_string"}}],"inLanguage":"it-IT"},{"@type":"Organization","@id":"https:\/\/shanghepanel.com\/#organization","name":"Shandong ShangHe Nuova Costruzione Engineering Co., ltd.","url":"https:\/\/shanghepanel.com\/","logo":{"@type":"ImageObject","inLanguage":"it-IT","@id":"https:\/\/shanghepanel.com\/#\/schema\/logo\/image\/","url":"https:\/\/shanghepanel.com\/wp-content\/uploads\/2024\/03\/logo-1.png","contentUrl":"https:\/\/shanghepanel.com\/wp-content\/uploads\/2024\/03\/logo-1.png","width":800,"height":800,"caption":"Shandong ShangHe New Construction Engineering Co., ltd."},"image":{"@id":"https:\/\/shanghepanel.com\/#\/schema\/logo\/image\/"}}]}},"_links":{"self":[{"href":"https:\/\/shanghepanel.com\/it\/wp-json\/wp\/v2\/product\/4984","targetHints":{"allow":["GET"]}}],"collection":[{"href":"https:\/\/shanghepanel.com\/it\/wp-json\/wp\/v2\/product"}],"about":[{"href":"https:\/\/shanghepanel.com\/it\/wp-json\/wp\/v2\/types\/product"}],"replies":[{"embeddable":true,"href":"https:\/\/shanghepanel.com\/it\/wp-json\/wp\/v2\/comments?post=4984"}],"version-history":[{"count":0,"href":"https:\/\/shanghepanel.com\/it\/wp-json\/wp\/v2\/product\/4984\/revisions"}],"wp:featuredmedia":[{"embeddable":true,"href":"https:\/\/shanghepanel.com\/it\/wp-json\/wp\/v2\/media\/3788"}],"wp:attachment":[{"href":"https:\/\/shanghepanel.com\/it\/wp-json\/wp\/v2\/media?parent=4984"}],"wp:term":[{"taxonomy":"product_brand","embeddable":true,"href":"https:\/\/shanghepanel.com\/it\/wp-json\/wp\/v2\/product_brand?post=4984"},{"taxonomy":"product_cat","embeddable":true,"href":"https:\/\/shanghepanel.com\/it\/wp-json\/wp\/v2\/product_cat?post=4984"},{"taxonomy":"product_tag","embeddable":true,"href":"https:\/\/shanghepanel.com\/it\/wp-json\/wp\/v2\/product_tag?post=4984"}],"curies":[{"name":"wp","href":"https:\/\/api.w.org\/{rel}","templated":true}]}}