{"id":5003,"date":"2025-05-23T17:48:55","date_gmt":"2025-05-23T09:48:55","guid":{"rendered":"https:\/\/shanghepanel.com\/?post_type=product&#038;p=5003"},"modified":"2025-06-05T14:06:10","modified_gmt":"2025-06-05T06:06:10","slug":"aluminum-sandwich-panels","status":"publish","type":"product","link":"https:\/\/shanghepanel.com\/it\/product\/aluminum-sandwich-panels\/","title":{"rendered":"Pannelli Sandwich in Alluminio Testati ASTM"},"content":{"rendered":"<h2 style=\"text-align: center;\"><strong>Come i Pannelli Compositi rivoluzionano la costruzione moderna<\/strong><\/h2>\n<p class=\"ds-markdown-paragraph\"><span>I pannelli compositi stanno cambiando le regole del gioco nella costruzione, offrendo una combinazione di durabilit\u00e0 e flessibilit\u00e0 di design. A differenza dei materiali tradizionali, i pannelli compositi in alluminio (ACP) combinano fogli di alluminio leggero con strati di nucleo come polietilene (PE), creando strutture che resistono a deformazioni e agenti atmosferici. Ad esempio, i progetti certificati LEED spesso utilizzano ACP per la loro efficienza energetica e riciclabilit\u00e0. Gli architetti apprezzano come questi pannelli mantengano la loro finitura per decenni, anche in zone costiere soggette a spray salino. Che si tratti di un grattacielo o di un negozio al dettaglio, i pannelli compositi offrono alte prestazioni senza sacrificare l'estetica.<\/span><\/p>\n<h3 style=\"text-align: center;\"><strong>I Nascosti Punti di Forza della Tecnologia dei Pannelli Sandwich<\/strong><\/h3>\n<p class=\"ds-markdown-paragraph\"><span>I pannelli sandwich non sono solo strati di materiale\u2014sono progettati per la massima resistenza. Al loro interno, materiali come lana minerale o schiuma di PE fungono da isolanti, mentre i fogli di alluminio all'esterno gestiscono carichi pesanti e condizioni climatiche avverse. Pensateli come la \u201crete di sicurezza\u201d delle facciate degli edifici. Uno studio del 2021 del MIT ha evidenziato come i design dei pannelli sandwich riducano i costi energetici fino al 30% negli edifici commerciali. Da hangar aeroportuali a strutture di stoccaggio a freddo, questi pannelli sono progettati per superare le alternative a singolo strato.<\/span><\/p>\n<hr \/>\n<table style=\"border-collapse: collapse; width: 1369px; height: 337px;\" border=\"0\" width=\"1354\" cellspacing=\"0\" cellpadding=\"0\">\n<tbody>\n<tr style=\"height: 22.50pt;\">\n<td class=\"et3\" style=\"height: 22.5pt; width: 1015.5pt; text-align: center;\" colspan=\"4\" width=\"1354\" height=\"30\">\n<h3><span style=\"color: #000000;\">Attributi importanti<\/span><\/h3>\n<\/td>\n<\/tr>\n<tr style=\"height: 22.50pt;\">\n<td class=\"et4\" style=\"height: 22.5pt; text-align: center;\" height=\"30\">design<\/td>\n<td class=\"et4\" style=\"text-align: center;\">l'epoca presente<\/td>\n<td class=\"et4\" style=\"text-align: center;\">Servizio post-vendita<\/td>\n<td class=\"et4\" style=\"text-align: center;\">Supporto tecnico online, Altro<\/td>\n<\/tr>\n<tr style=\"height: 22.50pt;\">\n<td class=\"et5\" style=\"height: 22.5pt; text-align: center;\" height=\"30\">Origine<\/td>\n<td class=\"et5\" style=\"text-align: center;\">Shandong, Cina<\/td>\n<td class=\"et5\" style=\"text-align: center;\">Scenario di Applicazione<\/td>\n<td class=\"et5\" style=\"text-align: center;\">Magazzino<\/td>\n<\/tr>\n<tr style=\"height: 23.25pt;\">\n<td class=\"et5\" style=\"height: 23.25pt; text-align: center;\" height=\"31\">Marca<\/td>\n<td class=\"et5\" style=\"text-align: center;\">SH<\/td>\n<td class=\"et5\" style=\"text-align: center;\">Servizio di Garanzia<\/td>\n<td class=\"et6\" style=\"width: 238.5pt; text-align: center;\" width=\"318\">pannello sandwich in metallo<\/td>\n<\/tr>\n<tr style=\"height: 22.50pt;\">\n<td class=\"et5\" style=\"height: 22.5pt; text-align: center;\" height=\"30\">Materiale del pannello<\/td>\n<td class=\"et5\" style=\"text-align: center;\">metallo<\/td>\n<td class=\"et5\" style=\"text-align: center;\">Modelli<\/td>\n<td class=\"et5\" style=\"text-align: center;\">PU 150mm in schiuma di poliuretano<\/td>\n<\/tr>\n<tr style=\"height: 23.25pt;\">\n<td class=\"et5\" style=\"height: 23.25pt; text-align: center;\" height=\"31\">: Per zone umide come cucine o bagni, scegli pannelli WPC resistenti all'umidit\u00e0 e impermeabili. I progetti all'aperto necessitano di varianti UV e resistenti alle intemperie.<\/td>\n<td class=\"et7\" style=\"width: 256.5pt; text-align: center;\" width=\"342\">Decorazione esterna<\/td>\n<td class=\"et8\" style=\"width: 195pt; text-align: center;\" width=\"260\">Nome del prodotto<\/td>\n<td class=\"et5\" style=\"text-align: center;\">pannelli sandwich in alluminio<\/td>\n<\/tr>\n<tr style=\"height: 23.25pt;\">\n<td class=\"et5\" style=\"height: 23.25pt; text-align: center;\" height=\"31\">Materiale di Superficie<\/td>\n<td class=\"et9\" style=\"width: 256.5pt; text-align: center;\" width=\"342\">Metallico<\/td>\n<td class=\"et5\" style=\"text-align: center;\">Quantit\u00e0 minima d'ordine<\/td>\n<td class=\"et5\" style=\"text-align: center;\">Personalizzazione<\/td>\n<\/tr>\n<tr style=\"height: 22.50pt;\">\n<td class=\"et5\" style=\"height: 22.5pt; text-align: center;\" height=\"30\">Spessore<\/td>\n<td class=\"et5\" style=\"text-align: center;\">16MM\/20MM\/25MM<\/td>\n<td class=\"et5\" style=\"text-align: center;\">Colore<\/td>\n<td class=\"et5\" style=\"text-align: center;\">Rosso brillante, vermiglio, lime, azzurro cielo, acquamarina, verde pisello o personalizzato<\/td>\n<\/tr>\n<tr style=\"height: 22.50pt;\">\n<td class=\"et10\" style=\"height: 22.5pt; text-align: center;\" height=\"30\">Larghezza<\/td>\n<td class=\"et2\" style=\"text-align: center;\">100mm,120mm,150mm,200mm<\/td>\n<td class=\"et2\"><\/td>\n<td class=\"et2\"><\/td>\n<\/tr>\n<\/tbody>\n<\/table>\n<h4 style=\"text-align: center;\"><span style=\"color: #000000;\"><strong>Perch\u00e9 i Pannelli in Alluminio di Alta Qualit\u00e0 Vale Ogni Centesimo<\/strong><\/span><\/h4>\n<p class=\"ds-markdown-paragraph\"><span>I pannelli sandwich in alluminio di alta qualit\u00e0 sono un investimento, non una spesa. Le imitazioni economiche potrebbero risparmiare all'inizio, ma si crepano o sbiadiscono sotto esposizione ai raggi UV. I pannelli premium, come quelli con rivestimento PVDF, rimangono vivaci e resistenti alle ammaccature per oltre 20 anni. Prendete il Burj Khalifa\u2014la sua facciata utilizza materiali compositi in alluminio di prima qualit\u00e0 per resistere al caldo estremo di Dubai. Per progetti in cui la longevit\u00e0 \u00e8 importante, non si pu\u00f2 fare economia.<\/span><\/p>\n<hr \/>\n<h5 style=\"text-align: center;\"><strong>Alluminio Resistente alle Intemperie: Equipaggiamento di Sopravvivenza per Edifici<\/strong><\/h5>\n<p class=\"ds-markdown-paragraph\"><span>Se il tuo edificio affronta uragani, bufere di neve o sole cocente, i pannelli in alluminio resistenti alle intemperie sono indispensabili. Questi pannelli usano una lega brevettata (come AluGuard\u2122) per prevenire ossidazione e scolorimento. A Milano, dove gli uragani sono frequenti, gli appaltatori garantiscono la capacit\u00e0 di resistere a venti fino a 150 km\/h senza piegarsi. Inoltre, le finiture verniciate a polvere respingono l'umidit\u00e0, rendendo muffa e ruggine un problema inesistente.<\/span><\/p>\n<p class=\"ds-markdown-paragraph\">\n<hr \/>\n<h3 style=\"text-align: center;\"><strong>Pannelli Resistenti alla Corrosione: Il Segreto per Facciate Durature<\/strong><\/h3>\n<p><span>Acqua salata, pioggia acida e inquinamento corrodono i metalli ordinari\u2014ma non i pannelli compositi in alluminio resistenti alla corrosione. Marchi come Alucobond\u00ae usano un trattamento al cromo per creare una barriera contro i danni chimici. La Casa dell'Opera di Sydney, esposta quotidianamente all'aria marina, si affida a tecnologie simili per mantenere il suo aspetto iconico. Per fabbriche o case costiere, questi pannelli sono come una polizza assicurativa integrata.<\/span><\/p>","protected":false},"excerpt":{"rendered":"<table style=\"border-collapse: collapse; width: 470.27pt;\" border=\"0\" width=\"627\" cellspacing=\"0\" cellpadding=\"0\">\n<tbody>\n<tr style=\"height: 22.50pt;\">\n<td class=\"et2\" style=\"height: 22.5pt; width: 238.5pt; text-align: center;\" width=\"318\" height=\"30\">Tipo<\/td>\n<td class=\"et2\" style=\"width: 231.75pt; text-align: center;\" width=\"309\">organosilicon<\/td>\n<\/tr>\n<tr style=\"height: 22.50pt;\">\n<td class=\"et2\" style=\"height: 22.5pt; text-align: center;\" height=\"30\">Classe di Resistenza al Fuoco<\/td>\n<td class=\"et2\" style=\"text-align: center;\">Classe A (ASTM E84)<\/td>\n<\/tr>\n<tr style=\"height: 22.50pt;\">\n<td class=\"et2\" style=\"height: 22.5pt; text-align: center;\" height=\"30\">Resistenza alla compressione<\/td>\n<td class=\"et4\" style=\"text-align: center;\">\u2265300\/kPa<\/td>\n<\/tr>\n<tr style=\"height: 22.50pt;\">\n<td class=\"et2\" style=\"height: 22.5pt; text-align: center;\" height=\"30\">Metodo di consegna<\/td>\n<td class=\"et2\" style=\"text-align: center;\">merce in stock<\/td>\n<\/tr>\n<tr style=\"height: 22.50pt;\">\n<td class=\"et5\" style=\"height: 22.5pt; text-align: center;\" colspan=\"2\" height=\"30\">\n<h3><span style=\"color: #ff0000;\">(Clicca su di me) per campioni gratuiti<\/span><\/h3>\n<\/td>\n<\/tr>\n<tr style=\"height: 22.50pt;\">\n<td class=\"et7\" style=\"height: 22.5pt; width: 238.5pt; text-align: center;\" width=\"318\" height=\"30\">Tipo di trasporto<\/td>\n<td class=\"et2\" style=\"text-align: center;\">Trasporto marittimo, terrestre e aereo<\/td>\n<\/tr>\n<\/tbody>\n<\/table>\n<ul>\n<li>Documenti di conformit\u00e0 RoHS pronti per il download \u2013 supera facilmente le formalit\u00e0 doganali con un clic!<\/li>\n<li>Spedizione 24 ore su Pannelli Sandwich Standard \u2013 Pi\u00f9 Veloce degli Ordini di Home Depot!<\/li>\n<li>Pannelli Sandwich a Innesto \u2013 Installa 1000mq in 3 ore (Guarda il Nostro Cane Farlo!)<\/li>\n<li>Pannelli Sandwich Ignifughi UL \u2013 Scarica Video di Test e Certificati Istantaneamente<\/li>\n<li>Promessa di 20 Anni senza Ruggine \u2013 Paghiamo $1000 se i Tuoi Pannelli Sandwich in Metallo si Corrodono<\/li>\n<li>Qualsiasi Forma Possibile! Pannelli Sandwich Curvi\/Circolari \u2013 Invia Schizzo, Ottieni Design 3D<\/li>\n<li>Layout con Intelligenza Artificiale \u2013 Carica Foto del Magazzino, Ottimizza i Tagli dei Pannelli Sandwich<\/li>\n<li>Imballaggio di Grado Militare \u2013 Pannelli Sandwich Danneggiati = Riprogettazione Gratuita + Credito di $500<\/li>\n<\/ul>","protected":false},"featured_media":2265,"comment_status":"open","ping_status":"closed","template":"","meta":[],"product_brand":[],"product_cat":[33],"product_tag":[],"class_list":{"0":"post-5003","1":"product","2":"type-product","3":"status-publish","4":"has-post-thumbnail","6":"product_cat-metal-carved-board","8":"first","9":"instock","10":"shipping-taxable","11":"product-type-simple"},"yoast_head":"<!-- This site is optimized with the Yoast SEO plugin v24.2 - https:\/\/yoast.com\/wordpress\/plugins\/seo\/ -->\n<title>Aluminum Sandwich Panels Astm Tested - Shang He Sandwich Panel<\/title>\n<meta name=\"description\" content=\"aluminum sandwich panels 80% Faster Installation Easy to install, modular design, very simple when installing, to meet your different needs\" \/>\n<meta name=\"robots\" content=\"index, follow, max-snippet:-1, max-image-preview:large, max-video-preview:-1\" \/>\n<link rel=\"canonical\" href=\"https:\/\/shanghepanel.com\/it\/product\/aluminum-sandwich-panels\/\" \/>\n<meta property=\"og:locale\" content=\"it_IT\" \/>\n<meta property=\"og:type\" content=\"article\" \/>\n<meta property=\"og:title\" content=\"Aluminum Sandwich Panels Astm Tested - Shang He Sandwich Panel\" \/>\n<meta property=\"og:description\" content=\"aluminum sandwich panels 80% Faster Installation Easy to install, modular design, very simple when installing, to meet your different needs\" \/>\n<meta property=\"og:url\" content=\"https:\/\/shanghepanel.com\/it\/product\/aluminum-sandwich-panels\/\" \/>\n<meta property=\"og:site_name\" content=\"Shang He Sandwich Panel\" \/>\n<meta property=\"article:modified_time\" content=\"2025-06-05T06:06:10+00:00\" \/>\n<meta property=\"og:image\" content=\"https:\/\/shanghepanel.com\/wp-content\/uploads\/2024\/07\/RW-gc-193.jpg\" \/>\n\t<meta property=\"og:image:width\" content=\"800\" \/>\n\t<meta property=\"og:image:height\" content=\"800\" \/>\n\t<meta property=\"og:image:type\" content=\"image\/jpeg\" \/>\n<meta name=\"twitter:card\" content=\"summary_large_image\" \/>\n<meta name=\"twitter:label1\" content=\"Tempo di lettura stimato\" \/>\n\t<meta name=\"twitter:data1\" content=\"3 minuti\" \/>\n<script type=\"application\/ld+json\" class=\"yoast-schema-graph\">{\"@context\":\"https:\/\/schema.org\",\"@graph\":[{\"@type\":\"WebPage\",\"@id\":\"https:\/\/shanghepanel.com\/product\/aluminum-sandwich-panels\/\",\"url\":\"https:\/\/shanghepanel.com\/product\/aluminum-sandwich-panels\/\",\"name\":\"Aluminum Sandwich Panels Astm Tested - Shang He Sandwich Panel\",\"isPartOf\":{\"@id\":\"https:\/\/shanghepanel.com\/#website\"},\"primaryImageOfPage\":{\"@id\":\"https:\/\/shanghepanel.com\/product\/aluminum-sandwich-panels\/#primaryimage\"},\"image\":{\"@id\":\"https:\/\/shanghepanel.com\/product\/aluminum-sandwich-panels\/#primaryimage\"},\"thumbnailUrl\":\"https:\/\/shanghepanel.com\/wp-content\/uploads\/2024\/07\/RW-gc-193.jpg\",\"datePublished\":\"2025-05-23T09:48:55+00:00\",\"dateModified\":\"2025-06-05T06:06:10+00:00\",\"description\":\"aluminum sandwich panels 80% Faster Installation Easy to install, modular design, very simple when installing, to meet your different needs\",\"breadcrumb\":{\"@id\":\"https:\/\/shanghepanel.com\/product\/aluminum-sandwich-panels\/#breadcrumb\"},\"inLanguage\":\"it-IT\",\"potentialAction\":[{\"@type\":\"ReadAction\",\"target\":[\"https:\/\/shanghepanel.com\/product\/aluminum-sandwich-panels\/\"]}]},{\"@type\":\"ImageObject\",\"inLanguage\":\"it-IT\",\"@id\":\"https:\/\/shanghepanel.com\/product\/aluminum-sandwich-panels\/#primaryimage\",\"url\":\"https:\/\/shanghepanel.com\/wp-content\/uploads\/2024\/07\/RW-gc-193.jpg\",\"contentUrl\":\"https:\/\/shanghepanel.com\/wp-content\/uploads\/2024\/07\/RW-gc-193.jpg\",\"width\":800,\"height\":800},{\"@type\":\"BreadcrumbList\",\"@id\":\"https:\/\/shanghepanel.com\/product\/aluminum-sandwich-panels\/#breadcrumb\",\"itemListElement\":[{\"@type\":\"ListItem\",\"position\":1,\"name\":\"\u9996\u9875\",\"item\":\"https:\/\/shanghepanel.com\/en\/\"},{\"@type\":\"ListItem\",\"position\":2,\"name\":\"\u4ea7\u54c1\",\"item\":\"https:\/\/shanghepanel.com\/index.php\/shop\/\"},{\"@type\":\"ListItem\",\"position\":3,\"name\":\"Aluminum Sandwich Panels Astm Tested\"}]},{\"@type\":\"WebSite\",\"@id\":\"https:\/\/shanghepanel.com\/#website\",\"url\":\"https:\/\/shanghepanel.com\/\",\"name\":\"shanghepanel.com\",\"description\":\"\",\"publisher\":{\"@id\":\"https:\/\/shanghepanel.com\/#organization\"},\"potentialAction\":[{\"@type\":\"SearchAction\",\"target\":{\"@type\":\"EntryPoint\",\"urlTemplate\":\"https:\/\/shanghepanel.com\/?s={search_term_string}\"},\"query-input\":{\"@type\":\"PropertyValueSpecification\",\"valueRequired\":true,\"valueName\":\"search_term_string\"}}],\"inLanguage\":\"it-IT\"},{\"@type\":\"Organization\",\"@id\":\"https:\/\/shanghepanel.com\/#organization\",\"name\":\"Shandong ShangHe New Construction Engineering Co., ltd.\",\"url\":\"https:\/\/shanghepanel.com\/\",\"logo\":{\"@type\":\"ImageObject\",\"inLanguage\":\"it-IT\",\"@id\":\"https:\/\/shanghepanel.com\/#\/schema\/logo\/image\/\",\"url\":\"https:\/\/shanghepanel.com\/wp-content\/uploads\/2024\/03\/logo-1.png\",\"contentUrl\":\"https:\/\/shanghepanel.com\/wp-content\/uploads\/2024\/03\/logo-1.png\",\"width\":800,\"height\":800,\"caption\":\"Shandong ShangHe New Construction Engineering Co., ltd.\"},\"image\":{\"@id\":\"https:\/\/shanghepanel.com\/#\/schema\/logo\/image\/\"}}]}<\/script>\n<!-- \/ Yoast SEO plugin. -->","yoast_head_json":{"title":"Pannelli Sandwich in Alluminio Testati ASTM - Shang He Sandwich Panel","description":"pannelli sandwich in alluminio 80% Installazione pi\u00f9 Veloce Facile da installare, design modulare, molto semplice durante l'installazione, per soddisfare le tue diverse esigenze","robots":{"index":"index","follow":"follow","max-snippet":"max-snippet:-1","max-image-preview":"max-image-preview:large","max-video-preview":"max-video-preview:-1"},"canonical":"https:\/\/shanghepanel.com\/it\/product\/aluminum-sandwich-panels\/","og_locale":"it_IT","og_type":"article","og_title":"Aluminum Sandwich Panels Astm Tested - Shang He Sandwich Panel","og_description":"aluminum sandwich panels 80% Faster Installation Easy to install, modular design, very simple when installing, to meet your different needs","og_url":"https:\/\/shanghepanel.com\/it\/product\/aluminum-sandwich-panels\/","og_site_name":"Shang He Sandwich Panel","article_modified_time":"2025-06-05T06:06:10+00:00","og_image":[{"width":800,"height":800,"url":"https:\/\/shanghepanel.com\/wp-content\/uploads\/2024\/07\/RW-gc-193.jpg","type":"image\/jpeg"}],"twitter_card":"summary_large_image","twitter_misc":{"Tempo di lettura stimato":"3 minuti"},"schema":{"@context":"https:\/\/schema.org","@graph":[{"@type":"WebPage","@id":"https:\/\/shanghepanel.com\/product\/aluminum-sandwich-panels\/","url":"https:\/\/shanghepanel.com\/product\/aluminum-sandwich-panels\/","name":"Pannelli Sandwich in Alluminio Testati ASTM - Shang He Sandwich Panel","isPartOf":{"@id":"https:\/\/shanghepanel.com\/#website"},"primaryImageOfPage":{"@id":"https:\/\/shanghepanel.com\/product\/aluminum-sandwich-panels\/#primaryimage"},"image":{"@id":"https:\/\/shanghepanel.com\/product\/aluminum-sandwich-panels\/#primaryimage"},"thumbnailUrl":"https:\/\/shanghepanel.com\/wp-content\/uploads\/2024\/07\/RW-gc-193.jpg","datePublished":"2025-05-23T09:48:55+00:00","dateModified":"2025-06-05T06:06:10+00:00","description":"pannelli sandwich in alluminio 80% Installazione pi\u00f9 Veloce Facile da installare, design modulare, molto semplice durante l'installazione, per soddisfare le tue diverse esigenze","breadcrumb":{"@id":"https:\/\/shanghepanel.com\/product\/aluminum-sandwich-panels\/#breadcrumb"},"inLanguage":"it-IT","potentialAction":[{"@type":"ReadAction","target":["https:\/\/shanghepanel.com\/product\/aluminum-sandwich-panels\/"]}]},{"@type":"ImageObject","inLanguage":"it-IT","@id":"https:\/\/shanghepanel.com\/product\/aluminum-sandwich-panels\/#primaryimage","url":"https:\/\/shanghepanel.com\/wp-content\/uploads\/2024\/07\/RW-gc-193.jpg","contentUrl":"https:\/\/shanghepanel.com\/wp-content\/uploads\/2024\/07\/RW-gc-193.jpg","width":800,"height":800},{"@type":"BreadcrumbList","@id":"https:\/\/shanghepanel.com\/product\/aluminum-sandwich-panels\/#breadcrumb","itemListElement":[{"@type":"ListItem","position":1,"name":"\u9996\u9875","item":"https:\/\/shanghepanel.com\/en\/"},{"@type":"ListItem","position":2,"name":"\u4ea7\u54c1","item":"https:\/\/shanghepanel.com\/index.php\/shop\/"},{"@type":"ListItem","position":3,"name":"Aluminum Sandwich Panels Astm Tested"}]},{"@type":"WebSite","@id":"https:\/\/shanghepanel.com\/#website","url":"https:\/\/shanghepanel.com\/","name":"shanghepanel.com","description":"","publisher":{"@id":"https:\/\/shanghepanel.com\/#organization"},"potentialAction":[{"@type":"SearchAction","target":{"@type":"EntryPoint","urlTemplate":"https:\/\/shanghepanel.com\/?s={search_term_string}"},"query-input":{"@type":"PropertyValueSpecification","valueRequired":true,"valueName":"search_term_string"}}],"inLanguage":"it-IT"},{"@type":"Organization","@id":"https:\/\/shanghepanel.com\/#organization","name":"Shandong ShangHe Nuova Costruzione Engineering Co., ltd.","url":"https:\/\/shanghepanel.com\/","logo":{"@type":"ImageObject","inLanguage":"it-IT","@id":"https:\/\/shanghepanel.com\/#\/schema\/logo\/image\/","url":"https:\/\/shanghepanel.com\/wp-content\/uploads\/2024\/03\/logo-1.png","contentUrl":"https:\/\/shanghepanel.com\/wp-content\/uploads\/2024\/03\/logo-1.png","width":800,"height":800,"caption":"Shandong ShangHe New Construction Engineering Co., ltd."},"image":{"@id":"https:\/\/shanghepanel.com\/#\/schema\/logo\/image\/"}}]}},"_links":{"self":[{"href":"https:\/\/shanghepanel.com\/it\/wp-json\/wp\/v2\/product\/5003","targetHints":{"allow":["GET"]}}],"collection":[{"href":"https:\/\/shanghepanel.com\/it\/wp-json\/wp\/v2\/product"}],"about":[{"href":"https:\/\/shanghepanel.com\/it\/wp-json\/wp\/v2\/types\/product"}],"replies":[{"embeddable":true,"href":"https:\/\/shanghepanel.com\/it\/wp-json\/wp\/v2\/comments?post=5003"}],"version-history":[{"count":0,"href":"https:\/\/shanghepanel.com\/it\/wp-json\/wp\/v2\/product\/5003\/revisions"}],"wp:featuredmedia":[{"embeddable":true,"href":"https:\/\/shanghepanel.com\/it\/wp-json\/wp\/v2\/media\/2265"}],"wp:attachment":[{"href":"https:\/\/shanghepanel.com\/it\/wp-json\/wp\/v2\/media?parent=5003"}],"wp:term":[{"taxonomy":"product_brand","embeddable":true,"href":"https:\/\/shanghepanel.com\/it\/wp-json\/wp\/v2\/product_brand?post=5003"},{"taxonomy":"product_cat","embeddable":true,"href":"https:\/\/shanghepanel.com\/it\/wp-json\/wp\/v2\/product_cat?post=5003"},{"taxonomy":"product_tag","embeddable":true,"href":"https:\/\/shanghepanel.com\/it\/wp-json\/wp\/v2\/product_tag?post=5003"}],"curies":[{"name":"wp","href":"https:\/\/api.w.org\/{rel}","templated":true}]}}