{"id":5015,"date":"2025-05-26T14:26:23","date_gmt":"2025-05-26T06:26:23","guid":{"rendered":"https:\/\/shanghepanel.com\/?post_type=product&#038;p=5015"},"modified":"2025-06-05T14:05:28","modified_gmt":"2025-06-05T06:05:28","slug":"eps-sandwich-panel","status":"publish","type":"product","link":"https:\/\/shanghepanel.com\/it\/product\/eps-sandwich-panel\/","title":{"rendered":"Pannello Sandwich EPS 80% Installazione pi\u00f9 rapida"},"content":{"rendered":"<h2 style=\"text-align: center;\"><span style=\"color: #000080;\"><strong>Cosa rende i pannelli sandwich EPS una scelta preferita per i materiali da costruzione moderni?<\/strong><\/span><\/h2>\n<p class=\"ds-markdown-paragraph\"><span>I pannelli sandwich EPS stanno rivoluzionando il settore delle costruzioni\u2014sono leggeri, resistenti e economici. Questi pannelli sovrappongono acciaio all\u2019esterno con un nucleo di schiuma di polistirene espanso (EPS) al centro, offrendo un\u2019isolamento termico eccezionale e una resistenza solida come una roccia. Sono perfetti per costruire magazzini, fabbriche o negozi perch\u00e9 riducono i tempi di costruzione della met\u00e0 rispetto ai metodi tradizionali. I progetti certificati LEED li adorano perch\u00e9 riducono le bollette di riscaldamento e raffreddamento del 30-40%. Inoltre, puoi personalizzare il loro design per pareti, tetti o anche divisori. Se desideri qualcosa che lavori sodo senza spendere troppo, i pannelli sandwich EPS sono la scelta migliore.<\/span><\/p>\n<h3 style=\"text-align: center;\"><span style=\"color: #000080;\"><strong>Soluzioni con pannelli EPS per la riduzione del rumore nella costruzione urbana<\/strong><\/span><\/h3>\n<p class=\"ds-markdown-paragraph\"><span>Stanco del rumore della citt\u00e0? I pannelli sandwich EPS sono come cuffie antirumore per il tuo edificio. Il loro nucleo di schiuma densa assorbe 30 decibel di rumore\u2014perfetto per appartamenti vicino a aeroporti o strade trafficate. Prendiamo i grattacieli: dopo aver applicato pannelli murali in EPS, il rumore ambientale \u00e8 diminuito del 40-50%. A differenza del cemento, questi pannelli sono facili da retrofitare. Costruisci uno studio o un ufficio silenzioso? L\u2019EPS trasforma il caos acustico in modalit\u00e0 zen.<\/span><\/p>\n<hr \/>\n<table style=\"border-collapse: collapse; width: 1369px; height: 337px;\" border=\"0\" width=\"1354\" cellspacing=\"0\" cellpadding=\"0\">\n<tbody>\n<tr style=\"height: 22.50pt;\">\n<td class=\"et3\" style=\"height: 22.5pt; width: 1015.5pt; text-align: center;\" colspan=\"4\" width=\"1354\" height=\"30\">\n<h3><span style=\"color: #000080;\">Attributi importanti<\/span><\/h3>\n<\/td>\n<\/tr>\n<tr style=\"height: 22.50pt;\">\n<td class=\"et4\" style=\"height: 22.5pt; text-align: center;\" height=\"30\">design<\/td>\n<td class=\"et4\" style=\"text-align: center;\">l'epoca presente<\/td>\n<td class=\"et4\" style=\"text-align: center;\">Servizio post-vendita<\/td>\n<td class=\"et4\" style=\"text-align: center;\">Supporto tecnico online, Altro<\/td>\n<\/tr>\n<tr style=\"height: 22.50pt;\">\n<td class=\"et5\" style=\"height: 22.5pt; text-align: center;\" height=\"30\">Origine<\/td>\n<td class=\"et5\" style=\"text-align: center;\">Shandong, Cina<\/td>\n<td class=\"et5\" style=\"text-align: center;\">Scenario di Applicazione<\/td>\n<td class=\"et5\" style=\"text-align: center;\">Magazzino<\/td>\n<\/tr>\n<tr style=\"height: 23.25pt;\">\n<td class=\"et5\" style=\"height: 23.25pt; text-align: center;\" height=\"31\">Marca<\/td>\n<td class=\"et5\" style=\"text-align: center;\">SH<\/td>\n<td class=\"et5\" style=\"text-align: center;\">Servizio di Garanzia<\/td>\n<td class=\"et6\" style=\"width: 238.5pt; text-align: center;\" width=\"318\">poliuretano<\/td>\n<\/tr>\n<tr style=\"height: 22.50pt;\">\n<td class=\"et5\" style=\"height: 22.5pt; text-align: center;\" height=\"30\">Materiale del pannello<\/td>\n<td class=\"et5\" style=\"text-align: center;\">poliuretano<\/td>\n<td class=\"et5\" style=\"text-align: center;\">Modelli<\/td>\n<td class=\"et5\" style=\"text-align: center;\">SH 150mm<\/td>\n<\/tr>\n<tr style=\"height: 23.25pt;\">\n<td class=\"et5\" style=\"height: 23.25pt; text-align: center;\" height=\"31\">: Per zone umide come cucine o bagni, scegli pannelli WPC resistenti all'umidit\u00e0 e impermeabili. I progetti all'aperto necessitano di varianti UV e resistenti alle intemperie.<\/td>\n<td class=\"et7\" style=\"width: 256.5pt; text-align: center;\" width=\"342\">Decorazione esterna<\/td>\n<td class=\"et8\" style=\"width: 195pt; text-align: center;\" width=\"260\">Nome del prodotto<\/td>\n<td class=\"et5\" style=\"text-align: center;\">pannello sandwich EPS<\/td>\n<\/tr>\n<tr style=\"height: 23.25pt;\">\n<td class=\"et5\" style=\"height: 23.25pt; text-align: center;\" height=\"31\">Materiale di Superficie<\/td>\n<td class=\"et9\" style=\"width: 256.5pt; text-align: center;\" width=\"342\">Metallico<\/td>\n<td class=\"et5\" style=\"text-align: center;\">Quantit\u00e0 minima d'ordine<\/td>\n<td class=\"et5\" style=\"text-align: center;\">Personalizzazione<\/td>\n<\/tr>\n<tr style=\"height: 22.50pt;\">\n<td class=\"et5\" style=\"height: 22.5pt; text-align: center;\" height=\"30\">Spessore<\/td>\n<td class=\"et5\" style=\"text-align: center;\">16MM\/20MM\/25MM<\/td>\n<td class=\"et5\" style=\"text-align: center;\">Colore<\/td>\n<td class=\"et5\" style=\"text-align: center;\">Rosso brillante, vermiglio, lime, azzurro cielo, acquamarina, verde pisello o personalizzato<\/td>\n<\/tr>\n<tr style=\"height: 22.50pt;\">\n<td class=\"et10\" style=\"height: 22.5pt; text-align: center;\" height=\"30\">Larghezza<\/td>\n<td class=\"et2\" style=\"text-align: center;\">100mm,120mm,150mm,200mm<\/td>\n<td class=\"et2\"><\/td>\n<td class=\"et2\"><\/td>\n<\/tr>\n<\/tbody>\n<\/table>\n<h3 style=\"text-align: center;\"><span style=\"color: #000080;\"><strong>Polistirene Espanso (EPS): il segreto dietro i pannelli sandwich ad alte prestazioni<\/strong><\/span><\/h3>\n<p class=\"ds-markdown-paragraph\"><span>Dimentica le tazze di caff\u00e8\u2014l\u2019EPS \u00e8 il protagonista all\u2019interno dei pannelli sandwich. La sua schiuma a celle chiuse combatte umidit\u00e0, muffa e insetti, motivo per cui i magazzini refrigerati approvati dall\u2019USDA ne fanno affidamento. A differenza di altri isolanti che si deformano, l\u2019EPS mantiene il suo valore R (potere isolante) per decenni. Bonus: \u00e8 riciclabile al 100%, perfetto per obiettivi eco-sostenibili. Dalle pareti di casa ai tetti delle fabbriche, questa schiuma rende i pannelli resistenti e versatili.<\/span><\/p>\n<hr \/>\n<h3 style=\"text-align: center;\"><span style=\"color: #000080;\"><strong>Pannelli Sandwich con Nucleo EPS: Costruzioni pi\u00f9 veloci, risultati pi\u00f9 forti<\/strong><\/span><\/h3>\n<p class=\"ds-markdown-paragraph\"><span>I pannelli sandwich con nucleo EPS sono il sogno di ogni appaltatore\u2014risparmiano tempo e denaro. Il design prefabbricato permette alle squadre di montare pareti o tetti tre volte pi\u00f9 velocemente rispetto ai metodi tradizionali. Il magazzino Walmart in Texas ha terminato otto settimane prima del previsto usando questi pannelli. La combinazione acciaio-EPS resiste anche agli uragani, superando i duri test di vento di Miami-Dade. Meno ritardi, clienti pi\u00f9 felici\u2014cosa c\u2019\u00e8 da non amare?<\/span><\/p>\n<h3 style=\"text-align: center;\"><span style=\"color: #000080;\"><strong>Isolamento acustico? I pannelli sandwich EPS sono pi\u00f9 silenziosi della concorrenza<\/strong><\/span><\/h3>\n<p><span>I pannelli sandwich EPS non sono solo per il calore\u2014sono professionisti nella cancellazione del rumore. La schiuma interrompe le onde sonore, rendendoli ideali per hotel, teatri o case vicino alle autostrade. Ricercatori dell\u2019Universit\u00e0 della California hanno scoperto che i pannelli EPS riducono il rumore a frequenza media della met\u00e0 rispetto alle pareti in cartongesso. Sono anche pi\u00f9 sottili rispetto alle vecchie soluzioni acustiche, risparmiando spazio. Vuoi un ambiente silenzioso senza pareti ingombranti? L\u2019EPS ti copre.<\/span><\/p>\n<h3 style=\"text-align: center;\"><span style=\"color: #000080;\"><strong>Edifici a pi\u00f9 campate amano i pannelli sandwich EPS\u2014Ecco perch\u00e9<\/strong><\/span><\/h3>\n<p class=\"ds-markdown-paragraph\"><span>Grandi edifici aperti necessitano di materiali che gestiscano lunghe campate e carichi pesanti. Ecco i pannelli sandwich EPS\u2014pelli in acciaio e schiuma rigida li rendono resistenti ma leggeri. Gli agricoltori li usano per mega-barracche che sopravvivono a trattori e bufere di neve. Meno colonne di supporto significano spazi ampi, come il pavimento della fabbrica Tesla in Nevada dove i robot si muovono liberamente. Efficienza e flessibilit\u00e0, senza sforzo.<\/span><\/p>\n<hr \/>\n<h3 style=\"text-align: center;\"><span style=\"color: #000080;\"><strong>Bassa conduttivit\u00e0 termica negli pannelli EPS: il miglior amico dei climi freddi<\/strong><\/span><\/h3>\n<p class=\"ds-markdown-paragraph\"><span>I pannelli EPS sono campioni dell\u2019isolamento perch\u00e9 quasi non lasciano passare il calore. Con una conduttivit\u00e0 termica fino a 0,030 W\/m\u00b7K, superano legno, cemento e aerogel di alta qualit\u00e0. Come? Le perle di EPS racchiuse nell\u2019aria rallentano la perdita di calore. Magazzini artici o uffici nel deserto\u2014questi pannelli affrontano gli estremi come dei campioni.<\/span><\/p>\n<hr \/>\n<p>&nbsp;<\/p>","protected":false},"excerpt":{"rendered":"<table style=\"border-collapse: collapse; width: 470.27pt;\" border=\"0\" width=\"627\" cellspacing=\"0\" cellpadding=\"0\">\n<tbody>\n<tr style=\"height: 22.50pt;\">\n<td class=\"et2\" style=\"height: 22.5pt; width: 238.5pt; text-align: center;\" width=\"318\" height=\"30\">Tipo<\/td>\n<td class=\"et2\" style=\"width: 231.75pt; text-align: center;\" width=\"309\">organosilicon<\/td>\n<\/tr>\n<tr style=\"height: 22.50pt;\">\n<td class=\"et2\" style=\"height: 22.5pt; text-align: center;\" height=\"30\">Classe di Resistenza al Fuoco<\/td>\n<td class=\"et2\" style=\"text-align: center;\">Classe A (ASTM E84)<\/td>\n<\/tr>\n<tr style=\"height: 22.50pt;\">\n<td class=\"et2\" style=\"height: 22.5pt; text-align: center;\" height=\"30\">Resistenza alla compressione<\/td>\n<td class=\"et4\" style=\"text-align: center;\">\u2265300\/kPa<\/td>\n<\/tr>\n<tr style=\"height: 22.50pt;\">\n<td class=\"et2\" style=\"height: 22.5pt; text-align: center;\" height=\"30\">Metodo di consegna<\/td>\n<td class=\"et2\" style=\"text-align: center;\">merce in stock<\/td>\n<\/tr>\n<tr style=\"height: 22.50pt;\">\n<td class=\"et5\" style=\"height: 22.5pt; text-align: center;\" colspan=\"2\" height=\"30\">\n<h3><span style=\"color: #ff0000;\">(Clicca su di me) per campioni gratuiti<\/span><\/h3>\n<\/td>\n<\/tr>\n<tr style=\"height: 22.50pt;\">\n<td class=\"et7\" style=\"height: 22.5pt; width: 238.5pt; text-align: center;\" width=\"318\" height=\"30\">Tipo di trasporto<\/td>\n<td class=\"et2\" style=\"text-align: center;\">Trasporto marittimo, terrestre e aereo<\/td>\n<\/tr>\n<\/tbody>\n<\/table>\n<ul>\n<li>Pannelli Sandwich a Innesto \u2013 Installa 1000mq in 3 ore (Guarda il Nostro Cane Farlo!)<\/li>\n<li>Pannelli Sandwich Ignifughi UL \u2013 Scarica Video di Test e Certificati Istantaneamente<\/li>\n<li>Promessa di 20 Anni senza Ruggine \u2013 Paghiamo $1000 se i Tuoi Pannelli Sandwich in Metallo si Corrodono<\/li>\n<li>Qualsiasi Forma Possibile! Pannelli Sandwich Curvi\/Circolari \u2013 Invia Schizzo, Ottieni Design 3D<\/li>\n<li>Layout con Intelligenza Artificiale \u2013 Carica Foto del Magazzino, Ottimizza i Tagli dei Pannelli Sandwich<\/li>\n<li>Imballaggio di Grado Militare \u2013 Pannelli Sandwich Danneggiati = Riprogettazione Gratuita + Credito di $500<\/li>\n<\/ul>","protected":false},"featured_media":2276,"comment_status":"open","ping_status":"closed","template":"","meta":[],"product_brand":[],"product_cat":[33],"product_tag":[],"class_list":{"0":"post-5015","1":"product","2":"type-product","3":"status-publish","4":"has-post-thumbnail","6":"product_cat-metal-carved-board","8":"first","9":"instock","10":"shipping-taxable","11":"product-type-simple"},"yoast_head":"<!-- This site is optimized with the Yoast SEO plugin v24.2 - https:\/\/yoast.com\/wordpress\/plugins\/seo\/ -->\n<title>Eps Sandwich Panel 80% Faster Installation - Shang He Sandwich Panel<\/title>\n<meta name=\"description\" content=\"eps sandwich panel 80% Faster Installation Easy to install, modular design, very simple when installing, to meet your different needseps sandwich panel\" \/>\n<meta name=\"robots\" content=\"index, follow, max-snippet:-1, max-image-preview:large, max-video-preview:-1\" \/>\n<link rel=\"canonical\" href=\"https:\/\/shanghepanel.com\/it\/product\/eps-sandwich-panel\/\" \/>\n<meta property=\"og:locale\" content=\"it_IT\" \/>\n<meta property=\"og:type\" content=\"article\" \/>\n<meta property=\"og:title\" content=\"Eps Sandwich Panel 80% Faster Installation - Shang He Sandwich Panel\" \/>\n<meta property=\"og:description\" content=\"eps sandwich panel 80% Faster Installation Easy to install, modular design, very simple when installing, to meet your different needseps sandwich panel\" \/>\n<meta property=\"og:url\" content=\"https:\/\/shanghepanel.com\/it\/product\/eps-sandwich-panel\/\" \/>\n<meta property=\"og:site_name\" content=\"Shang He Sandwich Panel\" \/>\n<meta property=\"article:modified_time\" content=\"2025-06-05T06:05:28+00:00\" \/>\n<meta property=\"og:image\" content=\"https:\/\/shanghepanel.com\/wp-content\/uploads\/2024\/07\/RW-gc-367.jpg\" \/>\n\t<meta property=\"og:image:width\" content=\"800\" \/>\n\t<meta property=\"og:image:height\" content=\"800\" \/>\n\t<meta property=\"og:image:type\" content=\"image\/jpeg\" \/>\n<meta name=\"twitter:card\" content=\"summary_large_image\" \/>\n<meta name=\"twitter:label1\" content=\"Tempo di lettura stimato\" \/>\n\t<meta name=\"twitter:data1\" content=\"3 minuti\" \/>\n<script type=\"application\/ld+json\" class=\"yoast-schema-graph\">{\"@context\":\"https:\/\/schema.org\",\"@graph\":[{\"@type\":\"WebPage\",\"@id\":\"https:\/\/shanghepanel.com\/product\/eps-sandwich-panel\/\",\"url\":\"https:\/\/shanghepanel.com\/product\/eps-sandwich-panel\/\",\"name\":\"Eps Sandwich Panel 80% Faster Installation - Shang He Sandwich Panel\",\"isPartOf\":{\"@id\":\"https:\/\/shanghepanel.com\/#website\"},\"primaryImageOfPage\":{\"@id\":\"https:\/\/shanghepanel.com\/product\/eps-sandwich-panel\/#primaryimage\"},\"image\":{\"@id\":\"https:\/\/shanghepanel.com\/product\/eps-sandwich-panel\/#primaryimage\"},\"thumbnailUrl\":\"https:\/\/shanghepanel.com\/wp-content\/uploads\/2024\/07\/RW-gc-367.jpg\",\"datePublished\":\"2025-05-26T06:26:23+00:00\",\"dateModified\":\"2025-06-05T06:05:28+00:00\",\"description\":\"eps sandwich panel 80% Faster Installation Easy to install, modular design, very simple when installing, to meet your different needseps sandwich panel\",\"breadcrumb\":{\"@id\":\"https:\/\/shanghepanel.com\/product\/eps-sandwich-panel\/#breadcrumb\"},\"inLanguage\":\"it-IT\",\"potentialAction\":[{\"@type\":\"ReadAction\",\"target\":[\"https:\/\/shanghepanel.com\/product\/eps-sandwich-panel\/\"]}]},{\"@type\":\"ImageObject\",\"inLanguage\":\"it-IT\",\"@id\":\"https:\/\/shanghepanel.com\/product\/eps-sandwich-panel\/#primaryimage\",\"url\":\"https:\/\/shanghepanel.com\/wp-content\/uploads\/2024\/07\/RW-gc-367.jpg\",\"contentUrl\":\"https:\/\/shanghepanel.com\/wp-content\/uploads\/2024\/07\/RW-gc-367.jpg\",\"width\":800,\"height\":800},{\"@type\":\"BreadcrumbList\",\"@id\":\"https:\/\/shanghepanel.com\/product\/eps-sandwich-panel\/#breadcrumb\",\"itemListElement\":[{\"@type\":\"ListItem\",\"position\":1,\"name\":\"\u9996\u9875\",\"item\":\"https:\/\/shanghepanel.com\/en\/\"},{\"@type\":\"ListItem\",\"position\":2,\"name\":\"\u4ea7\u54c1\",\"item\":\"https:\/\/shanghepanel.com\/index.php\/shop\/\"},{\"@type\":\"ListItem\",\"position\":3,\"name\":\"Eps Sandwich Panel 80% Faster Installation\"}]},{\"@type\":\"WebSite\",\"@id\":\"https:\/\/shanghepanel.com\/#website\",\"url\":\"https:\/\/shanghepanel.com\/\",\"name\":\"shanghepanel.com\",\"description\":\"\",\"publisher\":{\"@id\":\"https:\/\/shanghepanel.com\/#organization\"},\"potentialAction\":[{\"@type\":\"SearchAction\",\"target\":{\"@type\":\"EntryPoint\",\"urlTemplate\":\"https:\/\/shanghepanel.com\/?s={search_term_string}\"},\"query-input\":{\"@type\":\"PropertyValueSpecification\",\"valueRequired\":true,\"valueName\":\"search_term_string\"}}],\"inLanguage\":\"it-IT\"},{\"@type\":\"Organization\",\"@id\":\"https:\/\/shanghepanel.com\/#organization\",\"name\":\"Shandong ShangHe New Construction Engineering Co., ltd.\",\"url\":\"https:\/\/shanghepanel.com\/\",\"logo\":{\"@type\":\"ImageObject\",\"inLanguage\":\"it-IT\",\"@id\":\"https:\/\/shanghepanel.com\/#\/schema\/logo\/image\/\",\"url\":\"https:\/\/shanghepanel.com\/wp-content\/uploads\/2024\/03\/logo-1.png\",\"contentUrl\":\"https:\/\/shanghepanel.com\/wp-content\/uploads\/2024\/03\/logo-1.png\",\"width\":800,\"height\":800,\"caption\":\"Shandong ShangHe New Construction Engineering Co., ltd.\"},\"image\":{\"@id\":\"https:\/\/shanghepanel.com\/#\/schema\/logo\/image\/\"}}]}<\/script>\n<!-- \/ Yoast SEO plugin. -->","yoast_head_json":{"title":"Pannello Sandwich EPS 80% Installazione pi\u00f9 rapida - Shang He Sandwich Panel","description":"pannello sandwich EPS 80% Installazione pi\u00f9 rapida Facile da installare, design modulare, molto semplice da installare, per soddisfare le tue diverse esigenze","robots":{"index":"index","follow":"follow","max-snippet":"max-snippet:-1","max-image-preview":"max-image-preview:large","max-video-preview":"max-video-preview:-1"},"canonical":"https:\/\/shanghepanel.com\/it\/product\/eps-sandwich-panel\/","og_locale":"it_IT","og_type":"article","og_title":"Eps Sandwich Panel 80% Faster Installation - Shang He Sandwich Panel","og_description":"eps sandwich panel 80% Faster Installation Easy to install, modular design, very simple when installing, to meet your different needseps sandwich panel","og_url":"https:\/\/shanghepanel.com\/it\/product\/eps-sandwich-panel\/","og_site_name":"Shang He Sandwich Panel","article_modified_time":"2025-06-05T06:05:28+00:00","og_image":[{"width":800,"height":800,"url":"https:\/\/shanghepanel.com\/wp-content\/uploads\/2024\/07\/RW-gc-367.jpg","type":"image\/jpeg"}],"twitter_card":"summary_large_image","twitter_misc":{"Tempo di lettura stimato":"3 minuti"},"schema":{"@context":"https:\/\/schema.org","@graph":[{"@type":"WebPage","@id":"https:\/\/shanghepanel.com\/product\/eps-sandwich-panel\/","url":"https:\/\/shanghepanel.com\/product\/eps-sandwich-panel\/","name":"Pannello Sandwich EPS 80% Installazione pi\u00f9 rapida - Shang He Sandwich Panel","isPartOf":{"@id":"https:\/\/shanghepanel.com\/#website"},"primaryImageOfPage":{"@id":"https:\/\/shanghepanel.com\/product\/eps-sandwich-panel\/#primaryimage"},"image":{"@id":"https:\/\/shanghepanel.com\/product\/eps-sandwich-panel\/#primaryimage"},"thumbnailUrl":"https:\/\/shanghepanel.com\/wp-content\/uploads\/2024\/07\/RW-gc-367.jpg","datePublished":"2025-05-26T06:26:23+00:00","dateModified":"2025-06-05T06:05:28+00:00","description":"pannello sandwich EPS 80% Installazione pi\u00f9 rapida Facile da installare, design modulare, molto semplice da installare, per soddisfare le tue diverse esigenze","breadcrumb":{"@id":"https:\/\/shanghepanel.com\/product\/eps-sandwich-panel\/#breadcrumb"},"inLanguage":"it-IT","potentialAction":[{"@type":"ReadAction","target":["https:\/\/shanghepanel.com\/product\/eps-sandwich-panel\/"]}]},{"@type":"ImageObject","inLanguage":"it-IT","@id":"https:\/\/shanghepanel.com\/product\/eps-sandwich-panel\/#primaryimage","url":"https:\/\/shanghepanel.com\/wp-content\/uploads\/2024\/07\/RW-gc-367.jpg","contentUrl":"https:\/\/shanghepanel.com\/wp-content\/uploads\/2024\/07\/RW-gc-367.jpg","width":800,"height":800},{"@type":"BreadcrumbList","@id":"https:\/\/shanghepanel.com\/product\/eps-sandwich-panel\/#breadcrumb","itemListElement":[{"@type":"ListItem","position":1,"name":"\u9996\u9875","item":"https:\/\/shanghepanel.com\/en\/"},{"@type":"ListItem","position":2,"name":"\u4ea7\u54c1","item":"https:\/\/shanghepanel.com\/index.php\/shop\/"},{"@type":"ListItem","position":3,"name":"Eps Sandwich Panel 80% Faster Installation"}]},{"@type":"WebSite","@id":"https:\/\/shanghepanel.com\/#website","url":"https:\/\/shanghepanel.com\/","name":"shanghepanel.com","description":"","publisher":{"@id":"https:\/\/shanghepanel.com\/#organization"},"potentialAction":[{"@type":"SearchAction","target":{"@type":"EntryPoint","urlTemplate":"https:\/\/shanghepanel.com\/?s={search_term_string}"},"query-input":{"@type":"PropertyValueSpecification","valueRequired":true,"valueName":"search_term_string"}}],"inLanguage":"it-IT"},{"@type":"Organization","@id":"https:\/\/shanghepanel.com\/#organization","name":"Shandong ShangHe Nuova Costruzione Engineering Co., ltd.","url":"https:\/\/shanghepanel.com\/","logo":{"@type":"ImageObject","inLanguage":"it-IT","@id":"https:\/\/shanghepanel.com\/#\/schema\/logo\/image\/","url":"https:\/\/shanghepanel.com\/wp-content\/uploads\/2024\/03\/logo-1.png","contentUrl":"https:\/\/shanghepanel.com\/wp-content\/uploads\/2024\/03\/logo-1.png","width":800,"height":800,"caption":"Shandong ShangHe New Construction Engineering Co., ltd."},"image":{"@id":"https:\/\/shanghepanel.com\/#\/schema\/logo\/image\/"}}]}},"_links":{"self":[{"href":"https:\/\/shanghepanel.com\/it\/wp-json\/wp\/v2\/product\/5015","targetHints":{"allow":["GET"]}}],"collection":[{"href":"https:\/\/shanghepanel.com\/it\/wp-json\/wp\/v2\/product"}],"about":[{"href":"https:\/\/shanghepanel.com\/it\/wp-json\/wp\/v2\/types\/product"}],"replies":[{"embeddable":true,"href":"https:\/\/shanghepanel.com\/it\/wp-json\/wp\/v2\/comments?post=5015"}],"version-history":[{"count":0,"href":"https:\/\/shanghepanel.com\/it\/wp-json\/wp\/v2\/product\/5015\/revisions"}],"wp:featuredmedia":[{"embeddable":true,"href":"https:\/\/shanghepanel.com\/it\/wp-json\/wp\/v2\/media\/2276"}],"wp:attachment":[{"href":"https:\/\/shanghepanel.com\/it\/wp-json\/wp\/v2\/media?parent=5015"}],"wp:term":[{"taxonomy":"product_brand","embeddable":true,"href":"https:\/\/shanghepanel.com\/it\/wp-json\/wp\/v2\/product_brand?post=5015"},{"taxonomy":"product_cat","embeddable":true,"href":"https:\/\/shanghepanel.com\/it\/wp-json\/wp\/v2\/product_cat?post=5015"},{"taxonomy":"product_tag","embeddable":true,"href":"https:\/\/shanghepanel.com\/it\/wp-json\/wp\/v2\/product_tag?post=5015"}],"curies":[{"name":"wp","href":"https:\/\/api.w.org\/{rel}","templated":true}]}}