{"id":5020,"date":"2025-05-26T15:29:14","date_gmt":"2025-05-26T07:29:14","guid":{"rendered":"https:\/\/shanghepanel.com\/?post_type=product&#038;p=5020"},"modified":"2025-06-05T14:05:02","modified_gmt":"2025-06-05T06:05:02","slug":"composite-sandwich-panel","status":"publish","type":"product","link":"https:\/\/shanghepanel.com\/it\/product\/composite-sandwich-panel\/","title":{"rendered":"Pannello Sandwich composito Pannelli Sandwich per installazioni rapide"},"content":{"rendered":"<h2 style=\"text-align: center;\"><span style=\"color: #000080;\"><strong>Come la fibra di carbonio trasforma i pannelli compositi sandwich in capolavori ingegneristici<\/strong><\/span><\/h2>\n<p class=\"ds-markdown-paragraph\"><span>Sai cosa sta rivoluzionando tutto, dagli aerei ai grattacieli? Il fibra di carbonio nei pannelli compositi sandwich. Questi pannelli combinano un nucleo leggero\u2014come schiuma o nido d'ape\u2014con superfici in fibra di carbonio ultra-resistenti. Il risultato? Un materiale pi\u00f9 resistente dell'acciaio ma abbastanza leggero da galleggiare. La NASA utilizza famosamente pannelli rinforzati con fibra di carbonio nei veicoli spaziali perch\u00e9 sopportano temperature estreme e stress elevati. Per l'edilizia quotidiana, ci\u00f2 significa che gli edifici diventano pi\u00f9 resistenti senza aumentare il volume. Inoltre, i progetti certificati LEED li apprezzano per la riduzione del consumo energetico. Quindi, se desideri durabilit\u00e0 senza peso, i pannelli sandwich in fibra di carbonio sono la soluzione.<\/span><\/p>\n<h3 style=\"text-align: center;\"><span style=\"color: #000080;\"><strong>Pannelli compositi 101: Comprendere le basi e le loro applicazioni versatili<\/strong><\/span><\/h3>\n<p class=\"ds-markdown-paragraph\"><span>Analizziamolo: i pannelli compositi sono come un panino ad alta tecnologia. Due strati esterni rigidi (pensate all'alluminio o alla fibra di vetro) avvolgono un nucleo pi\u00f9 morbido\u2014ad esempio, schiuma o polimero. Questa combinazione crea un materiale che \u00e8 sia rigido che leggero. Ricercatori del MIT hanno scoperto che i pannelli compositi possono ridurre i costi di costruzione del 20% grazie alla loro facile installazione. Dai tetti degli aeroporti ai pavimenti dei camper, questi pannelli sono ovunque. Sono resistenti al fuoco, impermeabili alle intemperie e assorbono anche il suono. Oh, e gli architetti li adorano per i design eleganti e moderni. In definitiva? Se hai bisogno di versatilit\u00e0, i pannelli compositi sono la soluzione.<\/span><\/p>\n<hr \/>\n<table style=\"border-collapse: collapse; width: 1369px; height: 337px;\" border=\"0\" width=\"1354\" cellspacing=\"0\" cellpadding=\"0\">\n<tbody>\n<tr style=\"height: 22.50pt;\">\n<td class=\"et3\" style=\"height: 22.5pt; width: 1015.5pt; text-align: center;\" colspan=\"4\" width=\"1354\" height=\"30\">\n<h3><span style=\"color: #000080;\">Attributi importanti<\/span><\/h3>\n<\/td>\n<\/tr>\n<tr style=\"height: 22.50pt;\">\n<td class=\"et4\" style=\"height: 22.5pt; text-align: center;\" height=\"30\">design<\/td>\n<td class=\"et4\" style=\"text-align: center;\">l'epoca presente<\/td>\n<td class=\"et4\" style=\"text-align: center;\">Servizio post-vendita<\/td>\n<td class=\"et4\" style=\"text-align: center;\">Supporto tecnico online, Altro<\/td>\n<\/tr>\n<tr style=\"height: 22.50pt;\">\n<td class=\"et5\" style=\"height: 22.5pt; text-align: center;\" height=\"30\">Origine<\/td>\n<td class=\"et5\" style=\"text-align: center;\">Shandong, Cina<\/td>\n<td class=\"et5\" style=\"text-align: center;\">Scenario di Applicazione<\/td>\n<td class=\"et5\" style=\"text-align: center;\">Magazzino<\/td>\n<\/tr>\n<tr style=\"height: 23.25pt;\">\n<td class=\"et5\" style=\"height: 23.25pt; text-align: center;\" height=\"31\">Marca<\/td>\n<td class=\"et5\" style=\"text-align: center;\">SH<\/td>\n<td class=\"et5\" style=\"text-align: center;\">Servizio di Garanzia<\/td>\n<td class=\"et6\" style=\"width: 238.5pt; text-align: center;\" width=\"318\">poliuretano<\/td>\n<\/tr>\n<tr style=\"height: 22.50pt;\">\n<td class=\"et5\" style=\"height: 22.5pt; text-align: center;\" height=\"30\">Materiale del pannello<\/td>\n<td class=\"et5\" style=\"text-align: center;\">poliuretano<\/td>\n<td class=\"et5\" style=\"text-align: center;\">Modelli<\/td>\n<td class=\"et5\" style=\"text-align: center;\">SH 150mm<\/td>\n<\/tr>\n<tr style=\"height: 23.25pt;\">\n<td class=\"et5\" style=\"height: 23.25pt; text-align: center;\" height=\"31\">: Per zone umide come cucine o bagni, scegli pannelli WPC resistenti all'umidit\u00e0 e impermeabili. I progetti all'aperto necessitano di varianti UV e resistenti alle intemperie.<\/td>\n<td class=\"et7\" style=\"width: 256.5pt; text-align: center;\" width=\"342\">Decorazione esterna<\/td>\n<td class=\"et8\" style=\"width: 195pt; text-align: center;\" width=\"260\">Nome del prodotto<\/td>\n<td class=\"et5\" style=\"text-align: center;\">pannello sandwich composito<\/td>\n<\/tr>\n<tr style=\"height: 23.25pt;\">\n<td class=\"et5\" style=\"height: 23.25pt; text-align: center;\" height=\"31\">Materiale di Superficie<\/td>\n<td class=\"et9\" style=\"width: 256.5pt; text-align: center;\" width=\"342\">Metallico<\/td>\n<td class=\"et5\" style=\"text-align: center;\">Quantit\u00e0 minima d'ordine<\/td>\n<td class=\"et5\" style=\"text-align: center;\">Personalizzazione<\/td>\n<\/tr>\n<tr style=\"height: 22.50pt;\">\n<td class=\"et5\" style=\"height: 22.5pt; text-align: center;\" height=\"30\">Spessore<\/td>\n<td class=\"et5\" style=\"text-align: center;\">16MM\/20MM\/25MM<\/td>\n<td class=\"et5\" style=\"text-align: center;\">Colore<\/td>\n<td class=\"et5\" style=\"text-align: center;\">Rosso brillante, vermiglio, lime, azzurro cielo, acquamarina, verde pisello o personalizzato<\/td>\n<\/tr>\n<tr style=\"height: 22.50pt;\">\n<td class=\"et10\" style=\"height: 22.5pt; text-align: center;\" height=\"30\">Larghezza<\/td>\n<td class=\"et2\" style=\"text-align: center;\">100mm,120mm,150mm,200mm<\/td>\n<td class=\"et2\"><\/td>\n<td class=\"et2\"><\/td>\n<\/tr>\n<\/tbody>\n<\/table>\n<h3 style=\"text-align: center;\"><span style=\"color: #000080;\"><strong>L'importanza del materiale di base nella longevit\u00e0 del pannello composito sandwich<\/strong><\/span><\/h3>\n<p class=\"ds-markdown-paragraph\"><span>Ecco il punto: il materiale di nucleo \u00e8 l'eroe nascosto dei pannelli compositi sandwich. Che si tratti di schiuma di poliuretano o di legno di balsa, il nucleo decide come si comporta il pannello. Nel frattempo, i nuclei in schiuma PET sono ecocompatibili e riciclabili al 100%\u2014perfetti per edifici sostenibili. Uno studio del 2023 di Stanford ha mostrato che i pannelli con nuclei avanzati durano 30% di pi\u00f9 in ambienti difficili. Quindi, risparmiare sul nucleo, si pagher\u00e0 in seguito. Scegli con saggezza e i tuoi pannelli supereranno la concorrenza.<\/span><\/p>\n<hr \/>\n<h3 style=\"text-align: center;\"><span style=\"color: #000080;\"><strong>Soluzioni di Sandwich Composito per Edifici Verdi Certificati LEED<\/strong><\/span><\/h3>\n<p class=\"ds-markdown-paragraph\"><span>Ecco il punto: il materiale del nucleo \u00e8 dove avviene la magia. Hai opzioni \u2014 come schiuma di PVC per isolamento o alveare di alluminio quando hai bisogno di modalit\u00e0 \u201cindistruttibile\u201d (le jet fighter usano questa roba). Airbus utilizza schiuma di poliuretano negli aerei per ridurre rumore e vibrazioni. Ma aspetta \u2014 la scelta del nucleo cambia tutto. Vuoi che il pannello galleggi? Opta per una schiuma leggera. Devi sopravvivere a un urto? L\u2019alveare \u00e8 la tua scelta. Gli architetti preferiscono i nuclei in balsa per progetti eco perch\u00e9 sono rinnovabili. In definitiva: abbina il nucleo all\u2019atmosfera del tuo progetto.<\/span><\/p>\n<h3 style=\"text-align: center;\"><span style=\"color: #000080;\"><strong>Perch\u00e9 gli architetti scelgono i pannelli sandwich per progetti ecologici e durevoli<\/strong><\/span><\/h3>\n<p><span>Gli architetti stanno abbandonando i materiali tradizionali a favore dei pannelli sandwich, ecco perch\u00e9: sono leggeri, il che significa fondazioni pi\u00f9 piccole e minori emissioni di trasporto. Un recente rapporto AIA ha evidenziato che 67% delle aziende ora specificano pannelli sandwich per progetti commerciali. I pannelli si piegano (letteralmente!) in forme creative\u2014pensate a facciate curve o tetti a cupola. E con opzioni come nuclei minerali ignifughi, rispettano rigorosi codici di sicurezza senza ingombro. Ah, e la manutenzione? Una semplice risciacquata li mantiene come nuovi. Quindi, per progetti che uniscono bellezza e funzionalit\u00e0, i pannelli sandwich vincono sempre.<\/span><\/p>\n<p>&nbsp;<\/p>","protected":false},"excerpt":{"rendered":"<table style=\"border-collapse: collapse; width: 470.27pt;\" border=\"0\" width=\"627\" cellspacing=\"0\" cellpadding=\"0\">\n<tbody>\n<tr style=\"height: 22.50pt;\">\n<td class=\"et2\" style=\"height: 22.5pt; width: 238.5pt; text-align: center;\" width=\"318\" height=\"30\">Tipo<\/td>\n<td class=\"et2\" style=\"width: 231.75pt; text-align: center;\" width=\"309\">organosilicon<\/td>\n<\/tr>\n<tr style=\"height: 22.50pt;\">\n<td class=\"et2\" style=\"height: 22.5pt; text-align: center;\" height=\"30\">Classe di Resistenza al Fuoco<\/td>\n<td class=\"et2\" style=\"text-align: center;\">Classe A (ASTM E84)<\/td>\n<\/tr>\n<tr style=\"height: 22.50pt;\">\n<td class=\"et2\" style=\"height: 22.5pt; text-align: center;\" height=\"30\">Resistenza alla compressione<\/td>\n<td class=\"et4\" style=\"text-align: center;\">\u2265300\/kPa<\/td>\n<\/tr>\n<tr style=\"height: 22.50pt;\">\n<td class=\"et2\" style=\"height: 22.5pt; text-align: center;\" height=\"30\">Metodo di consegna<\/td>\n<td class=\"et2\" style=\"text-align: center;\">merce in stock<\/td>\n<\/tr>\n<tr style=\"height: 22.50pt;\">\n<td class=\"et5\" style=\"height: 22.5pt; text-align: center;\" colspan=\"2\" height=\"30\">\n<h3><span style=\"color: #ff0000;\">(Clicca su di me) per campioni gratuiti<\/span><\/h3>\n<\/td>\n<\/tr>\n<tr style=\"height: 22.50pt;\">\n<td class=\"et7\" style=\"height: 22.5pt; width: 238.5pt; text-align: center;\" width=\"318\" height=\"30\">Tipo di trasporto<\/td>\n<td class=\"et2\" style=\"text-align: center;\">Trasporto marittimo, terrestre e aereo<\/td>\n<\/tr>\n<\/tbody>\n<\/table>\n<ul>\n<li>Pannelli Sandwich Usati Tesla \u2013 Guarda Video di Test Sismici dalla Loro Fabbrica in Nevada<\/li>\n<li>-40\u00b0F Pannelli Artici \u2013 Mantieni Caldi i Magazzini in Italia con Met\u00e0 dell'Energia<\/li>\n<li>Controlli Annuali Gratuiti \u2013 Scansiona il Codice QR sui Tuoi Pannelli per Prenotare Manutenzione<\/li>\n<li>Riordino appaltatori 91% \u2013 Perch\u00e9 i nostri pannelli sandwich superano acciaio e cemento<\/li>\n<li>Sistema di chiusura progettato da ingegneri NASA \u2013 I tuoi pannelli non si muoveranno in caso di uragani<\/li>\n<li>Protezione del pagamento tramite deposito a garanzia \u2013 Riceviamo pagamento solo quando approvi l'installazione<\/li>\n<li>Design a incastro che dimezza i tempi di installazione<\/li>\n<li>Prezzi senza supposizioni \u2013 usa il nostro calcolatore online per vedere i costi esatti di materiali, spedizione e tasse.<\/li>\n<li>Personalizza le tue specifiche: inserisci le misure e visualizza istantaneamente anteprime 3D con prezzi in tempo reale<\/li>\n<li>Assistenza di progettazione esperta gratuita inclusa<\/li>\n<li>Ottieni preventivi istantanei online (spedizione e tasse incluse) \u2013 nessuna tassa nascosta.<\/li>\n<li>Il nostro strumento intelligente AI raccomanda automaticamente i migliori materiali per il tuo progetto.<\/li>\n<li>Documenti di conformit\u00e0 RoHS pronti per il download \u2013 supera facilmente le formalit\u00e0 doganali con un clic!<\/li>\n<li>Spedizione 24 ore su Pannelli Sandwich Standard \u2013 Pi\u00f9 Veloce degli Ordini di Home Depot!<\/li>\n<li>Pannelli Sandwich a Innesto \u2013 Installa 1000mq in 3 ore (Guarda il Nostro Cane Farlo!)<\/li>\n<li>Pannelli Sandwich Ignifughi UL \u2013 Scarica Video di Test e Certificati Istantaneamente<\/li>\n<li>Promessa di 20 Anni senza Ruggine \u2013 Paghiamo $1000 se i Tuoi Pannelli Sandwich in Metallo si Corrodono<\/li>\n<\/ul>","protected":false},"featured_media":2276,"comment_status":"open","ping_status":"closed","template":"","meta":[],"product_brand":[],"product_cat":[33],"product_tag":[],"class_list":{"0":"post-5020","1":"product","2":"type-product","3":"status-publish","4":"has-post-thumbnail","6":"product_cat-metal-carved-board","8":"first","9":"instock","10":"shipping-taxable","11":"product-type-simple"},"yoast_head":"<!-- This site is optimized with the Yoast SEO plugin v24.2 - https:\/\/yoast.com\/wordpress\/plugins\/seo\/ -->\n<title>Composite Sandwich Panel Sandwich Panels For Fast - Shang He Sandwich Panel<\/title>\n<meta name=\"description\" content=\"composite sandwich panel The block-to-block construction makes it exceptionally easy for installers to work.Contact me to surprise you!\" \/>\n<meta name=\"robots\" content=\"index, follow, max-snippet:-1, max-image-preview:large, max-video-preview:-1\" \/>\n<link rel=\"canonical\" href=\"https:\/\/shanghepanel.com\/it\/product\/composite-sandwich-panel\/\" \/>\n<meta property=\"og:locale\" content=\"it_IT\" \/>\n<meta property=\"og:type\" content=\"article\" \/>\n<meta property=\"og:title\" content=\"Composite Sandwich Panel Sandwich Panels For Fast - Shang He Sandwich Panel\" \/>\n<meta property=\"og:description\" content=\"composite sandwich panel The block-to-block construction makes it exceptionally easy for installers to work.Contact me to surprise you!\" \/>\n<meta property=\"og:url\" content=\"https:\/\/shanghepanel.com\/it\/product\/composite-sandwich-panel\/\" \/>\n<meta property=\"og:site_name\" content=\"Shang He Sandwich Panel\" \/>\n<meta property=\"article:modified_time\" content=\"2025-06-05T06:05:02+00:00\" \/>\n<meta property=\"og:image\" content=\"https:\/\/shanghepanel.com\/wp-content\/uploads\/2024\/07\/RW-gc-367.jpg\" \/>\n\t<meta property=\"og:image:width\" content=\"800\" \/>\n\t<meta property=\"og:image:height\" content=\"800\" \/>\n\t<meta property=\"og:image:type\" content=\"image\/jpeg\" \/>\n<meta name=\"twitter:card\" content=\"summary_large_image\" \/>\n<meta name=\"twitter:label1\" content=\"Tempo di lettura stimato\" \/>\n\t<meta name=\"twitter:data1\" content=\"3 minuti\" \/>\n<script type=\"application\/ld+json\" class=\"yoast-schema-graph\">{\"@context\":\"https:\/\/schema.org\",\"@graph\":[{\"@type\":\"WebPage\",\"@id\":\"https:\/\/shanghepanel.com\/product\/composite-sandwich-panel\/\",\"url\":\"https:\/\/shanghepanel.com\/product\/composite-sandwich-panel\/\",\"name\":\"Composite Sandwich Panel Sandwich Panels For Fast - Shang He Sandwich Panel\",\"isPartOf\":{\"@id\":\"https:\/\/shanghepanel.com\/#website\"},\"primaryImageOfPage\":{\"@id\":\"https:\/\/shanghepanel.com\/product\/composite-sandwich-panel\/#primaryimage\"},\"image\":{\"@id\":\"https:\/\/shanghepanel.com\/product\/composite-sandwich-panel\/#primaryimage\"},\"thumbnailUrl\":\"https:\/\/shanghepanel.com\/wp-content\/uploads\/2024\/07\/RW-gc-367.jpg\",\"datePublished\":\"2025-05-26T07:29:14+00:00\",\"dateModified\":\"2025-06-05T06:05:02+00:00\",\"description\":\"composite sandwich panel The block-to-block construction makes it exceptionally easy for installers to work.Contact me to surprise you!\",\"breadcrumb\":{\"@id\":\"https:\/\/shanghepanel.com\/product\/composite-sandwich-panel\/#breadcrumb\"},\"inLanguage\":\"it-IT\",\"potentialAction\":[{\"@type\":\"ReadAction\",\"target\":[\"https:\/\/shanghepanel.com\/product\/composite-sandwich-panel\/\"]}]},{\"@type\":\"ImageObject\",\"inLanguage\":\"it-IT\",\"@id\":\"https:\/\/shanghepanel.com\/product\/composite-sandwich-panel\/#primaryimage\",\"url\":\"https:\/\/shanghepanel.com\/wp-content\/uploads\/2024\/07\/RW-gc-367.jpg\",\"contentUrl\":\"https:\/\/shanghepanel.com\/wp-content\/uploads\/2024\/07\/RW-gc-367.jpg\",\"width\":800,\"height\":800},{\"@type\":\"BreadcrumbList\",\"@id\":\"https:\/\/shanghepanel.com\/product\/composite-sandwich-panel\/#breadcrumb\",\"itemListElement\":[{\"@type\":\"ListItem\",\"position\":1,\"name\":\"\u9996\u9875\",\"item\":\"https:\/\/shanghepanel.com\/en\/\"},{\"@type\":\"ListItem\",\"position\":2,\"name\":\"\u4ea7\u54c1\",\"item\":\"https:\/\/shanghepanel.com\/index.php\/shop\/\"},{\"@type\":\"ListItem\",\"position\":3,\"name\":\"Composite Sandwich Panel Sandwich Panels For Fast\"}]},{\"@type\":\"WebSite\",\"@id\":\"https:\/\/shanghepanel.com\/#website\",\"url\":\"https:\/\/shanghepanel.com\/\",\"name\":\"shanghepanel.com\",\"description\":\"\",\"publisher\":{\"@id\":\"https:\/\/shanghepanel.com\/#organization\"},\"potentialAction\":[{\"@type\":\"SearchAction\",\"target\":{\"@type\":\"EntryPoint\",\"urlTemplate\":\"https:\/\/shanghepanel.com\/?s={search_term_string}\"},\"query-input\":{\"@type\":\"PropertyValueSpecification\",\"valueRequired\":true,\"valueName\":\"search_term_string\"}}],\"inLanguage\":\"it-IT\"},{\"@type\":\"Organization\",\"@id\":\"https:\/\/shanghepanel.com\/#organization\",\"name\":\"Shandong ShangHe New Construction Engineering Co., ltd.\",\"url\":\"https:\/\/shanghepanel.com\/\",\"logo\":{\"@type\":\"ImageObject\",\"inLanguage\":\"it-IT\",\"@id\":\"https:\/\/shanghepanel.com\/#\/schema\/logo\/image\/\",\"url\":\"https:\/\/shanghepanel.com\/wp-content\/uploads\/2024\/03\/logo-1.png\",\"contentUrl\":\"https:\/\/shanghepanel.com\/wp-content\/uploads\/2024\/03\/logo-1.png\",\"width\":800,\"height\":800,\"caption\":\"Shandong ShangHe New Construction Engineering Co., ltd.\"},\"image\":{\"@id\":\"https:\/\/shanghepanel.com\/#\/schema\/logo\/image\/\"}}]}<\/script>\n<!-- \/ Yoast SEO plugin. -->","yoast_head_json":{"title":"Pannello Sandwich Composito Pannelli Sandwich per Fast - Shang He Sandwich Panel","description":"Pannello sandwich composito La costruzione blocco su blocco rende estremamente facile il lavoro degli installatori. Contattami per sorprenderti!","robots":{"index":"index","follow":"follow","max-snippet":"max-snippet:-1","max-image-preview":"max-image-preview:large","max-video-preview":"max-video-preview:-1"},"canonical":"https:\/\/shanghepanel.com\/it\/product\/composite-sandwich-panel\/","og_locale":"it_IT","og_type":"article","og_title":"Composite Sandwich Panel Sandwich Panels For Fast - Shang He Sandwich Panel","og_description":"composite sandwich panel The block-to-block construction makes it exceptionally easy for installers to work.Contact me to surprise you!","og_url":"https:\/\/shanghepanel.com\/it\/product\/composite-sandwich-panel\/","og_site_name":"Shang He Sandwich Panel","article_modified_time":"2025-06-05T06:05:02+00:00","og_image":[{"width":800,"height":800,"url":"https:\/\/shanghepanel.com\/wp-content\/uploads\/2024\/07\/RW-gc-367.jpg","type":"image\/jpeg"}],"twitter_card":"summary_large_image","twitter_misc":{"Tempo di lettura stimato":"3 minuti"},"schema":{"@context":"https:\/\/schema.org","@graph":[{"@type":"WebPage","@id":"https:\/\/shanghepanel.com\/product\/composite-sandwich-panel\/","url":"https:\/\/shanghepanel.com\/product\/composite-sandwich-panel\/","name":"Pannello Sandwich Composito Pannelli Sandwich per Fast - Shang He Sandwich Panel","isPartOf":{"@id":"https:\/\/shanghepanel.com\/#website"},"primaryImageOfPage":{"@id":"https:\/\/shanghepanel.com\/product\/composite-sandwich-panel\/#primaryimage"},"image":{"@id":"https:\/\/shanghepanel.com\/product\/composite-sandwich-panel\/#primaryimage"},"thumbnailUrl":"https:\/\/shanghepanel.com\/wp-content\/uploads\/2024\/07\/RW-gc-367.jpg","datePublished":"2025-05-26T07:29:14+00:00","dateModified":"2025-06-05T06:05:02+00:00","description":"Pannello sandwich composito La costruzione blocco su blocco rende estremamente facile il lavoro degli installatori. Contattami per sorprenderti!","breadcrumb":{"@id":"https:\/\/shanghepanel.com\/product\/composite-sandwich-panel\/#breadcrumb"},"inLanguage":"it-IT","potentialAction":[{"@type":"ReadAction","target":["https:\/\/shanghepanel.com\/product\/composite-sandwich-panel\/"]}]},{"@type":"ImageObject","inLanguage":"it-IT","@id":"https:\/\/shanghepanel.com\/product\/composite-sandwich-panel\/#primaryimage","url":"https:\/\/shanghepanel.com\/wp-content\/uploads\/2024\/07\/RW-gc-367.jpg","contentUrl":"https:\/\/shanghepanel.com\/wp-content\/uploads\/2024\/07\/RW-gc-367.jpg","width":800,"height":800},{"@type":"BreadcrumbList","@id":"https:\/\/shanghepanel.com\/product\/composite-sandwich-panel\/#breadcrumb","itemListElement":[{"@type":"ListItem","position":1,"name":"\u9996\u9875","item":"https:\/\/shanghepanel.com\/en\/"},{"@type":"ListItem","position":2,"name":"\u4ea7\u54c1","item":"https:\/\/shanghepanel.com\/index.php\/shop\/"},{"@type":"ListItem","position":3,"name":"Composite Sandwich Panel Sandwich Panels For Fast"}]},{"@type":"WebSite","@id":"https:\/\/shanghepanel.com\/#website","url":"https:\/\/shanghepanel.com\/","name":"shanghepanel.com","description":"","publisher":{"@id":"https:\/\/shanghepanel.com\/#organization"},"potentialAction":[{"@type":"SearchAction","target":{"@type":"EntryPoint","urlTemplate":"https:\/\/shanghepanel.com\/?s={search_term_string}"},"query-input":{"@type":"PropertyValueSpecification","valueRequired":true,"valueName":"search_term_string"}}],"inLanguage":"it-IT"},{"@type":"Organization","@id":"https:\/\/shanghepanel.com\/#organization","name":"Shandong ShangHe Nuova Costruzione Engineering Co., ltd.","url":"https:\/\/shanghepanel.com\/","logo":{"@type":"ImageObject","inLanguage":"it-IT","@id":"https:\/\/shanghepanel.com\/#\/schema\/logo\/image\/","url":"https:\/\/shanghepanel.com\/wp-content\/uploads\/2024\/03\/logo-1.png","contentUrl":"https:\/\/shanghepanel.com\/wp-content\/uploads\/2024\/03\/logo-1.png","width":800,"height":800,"caption":"Shandong ShangHe New Construction Engineering Co., ltd."},"image":{"@id":"https:\/\/shanghepanel.com\/#\/schema\/logo\/image\/"}}]}},"_links":{"self":[{"href":"https:\/\/shanghepanel.com\/it\/wp-json\/wp\/v2\/product\/5020","targetHints":{"allow":["GET"]}}],"collection":[{"href":"https:\/\/shanghepanel.com\/it\/wp-json\/wp\/v2\/product"}],"about":[{"href":"https:\/\/shanghepanel.com\/it\/wp-json\/wp\/v2\/types\/product"}],"replies":[{"embeddable":true,"href":"https:\/\/shanghepanel.com\/it\/wp-json\/wp\/v2\/comments?post=5020"}],"version-history":[{"count":0,"href":"https:\/\/shanghepanel.com\/it\/wp-json\/wp\/v2\/product\/5020\/revisions"}],"wp:featuredmedia":[{"embeddable":true,"href":"https:\/\/shanghepanel.com\/it\/wp-json\/wp\/v2\/media\/2276"}],"wp:attachment":[{"href":"https:\/\/shanghepanel.com\/it\/wp-json\/wp\/v2\/media?parent=5020"}],"wp:term":[{"taxonomy":"product_brand","embeddable":true,"href":"https:\/\/shanghepanel.com\/it\/wp-json\/wp\/v2\/product_brand?post=5020"},{"taxonomy":"product_cat","embeddable":true,"href":"https:\/\/shanghepanel.com\/it\/wp-json\/wp\/v2\/product_cat?post=5020"},{"taxonomy":"product_tag","embeddable":true,"href":"https:\/\/shanghepanel.com\/it\/wp-json\/wp\/v2\/product_tag?post=5020"}],"curies":[{"name":"wp","href":"https:\/\/api.w.org\/{rel}","templated":true}]}}