{"id":5022,"date":"2025-05-26T16:03:52","date_gmt":"2025-05-26T08:03:52","guid":{"rendered":"https:\/\/shanghepanel.com\/?post_type=product&#038;p=5022"},"modified":"2025-06-05T14:04:51","modified_gmt":"2025-06-05T06:04:51","slug":"pir-sandwich-panel","status":"publish","type":"product","link":"https:\/\/shanghepanel.com\/it\/product\/pir-sandwich-panel\/","title":{"rendered":"Pannello Sandwich Pir"},"content":{"rendered":"<h2 style=\"text-align: center;\"><span style=\"color: #000080;\"><strong>Perch\u00e9 i Pannelli Sandwich PIR Superano la Schiuma di Poliuretano Tradizionale nell'Isolamento Termico?<\/strong><\/span><\/h2>\n<p class=\"ds-markdown-paragraph\"><span>Ecco la questione: i pannelli sandwich PIR sono imbattibili rispetto alla schiuma di poliuretano tradizionale quando si tratta di isolamento. Perch\u00e9? Tutto si riduce a quella struttura a celle chiuse strette \u2013 immagina di scambiare un maglione sottile con una coperta termica ad alta tecnologia. Studi dell'Istituto Fraunhofer mostrano che il PIR trattiene il 15% in pi\u00f9 di calore rispetto alla schiuma normale. Ah, e ascolta questa: puoi effettivamente usare pannelli pi\u00f9 sottili senza sacrificare le prestazioni. Perfetto per spazi ristretti dove ogni centimetro conta!<\/span><\/p>\n<h3 style=\"text-align: center;\"><span style=\"color: #000080;\"><strong>Come i Pannelli Isolanti con Nucleo PIR Riducano le Bollette Energetiche nelle Camere Fredde<\/strong><\/span><\/h3>\n<p class=\"ds-markdown-paragraph\"><span>Analizziamo la questione in stile conservazione del freddo. I pannelli isolanti a base di PIR funzionano come dei campioni nel trattenere l'aria fresca. Quel valore di conduttivit\u00e0 termica incredibilmente basso di 0.022 W\/mK? \u00c8 il tuo biglietto per ridurre i costi energetici. Prendi l'impianto Tyson Foods in Iowa \u2013 hanno ridotto i costi di refrigerazione del 23% dopo aver effettuato il cambio. Consiglio professionale? Abbinali a barriere al vapore per eliminare l'umidit\u00e0. Il tuo portafoglio ti ringrazier\u00e0 pi\u00f9 tardi.<\/span><\/p>\n<hr \/>\n<table style=\"border-collapse: collapse; width: 1369px; height: 337px;\" border=\"0\" width=\"1354\" cellspacing=\"0\" cellpadding=\"0\">\n<tbody>\n<tr style=\"height: 22.50pt;\">\n<td class=\"et3\" style=\"height: 22.5pt; width: 1015.5pt; text-align: center;\" colspan=\"4\" width=\"1354\" height=\"30\">\n<h3><span style=\"color: #000080;\">Attributi importanti<\/span><\/h3>\n<\/td>\n<\/tr>\n<tr style=\"height: 22.50pt;\">\n<td class=\"et4\" style=\"height: 22.5pt; text-align: center;\" height=\"30\">design<\/td>\n<td class=\"et4\" style=\"text-align: center;\">l'epoca presente<\/td>\n<td class=\"et4\" style=\"text-align: center;\">Servizio post-vendita<\/td>\n<td class=\"et4\" style=\"text-align: center;\">Supporto tecnico online, Altro<\/td>\n<\/tr>\n<tr style=\"height: 22.50pt;\">\n<td class=\"et5\" style=\"height: 22.5pt; text-align: center;\" height=\"30\">Origine<\/td>\n<td class=\"et5\" style=\"text-align: center;\">Shandong, Cina<\/td>\n<td class=\"et5\" style=\"text-align: center;\">Scenario di Applicazione<\/td>\n<td class=\"et5\" style=\"text-align: center;\">Magazzino<\/td>\n<\/tr>\n<tr style=\"height: 23.25pt;\">\n<td class=\"et5\" style=\"height: 23.25pt; text-align: center;\" height=\"31\">Marca<\/td>\n<td class=\"et5\" style=\"text-align: center;\">SH<\/td>\n<td class=\"et5\" style=\"text-align: center;\">Servizio di Garanzia<\/td>\n<td class=\"et6\" style=\"width: 238.5pt; text-align: center;\" width=\"318\">poliuretano<\/td>\n<\/tr>\n<tr style=\"height: 22.50pt;\">\n<td class=\"et5\" style=\"height: 22.5pt; text-align: center;\" height=\"30\">Materiale del pannello<\/td>\n<td class=\"et5\" style=\"text-align: center;\">poliuretano<\/td>\n<td class=\"et5\" style=\"text-align: center;\">Modelli<\/td>\n<td class=\"et5\" style=\"text-align: center;\">SH 150mm<\/td>\n<\/tr>\n<tr style=\"height: 23.25pt;\">\n<td class=\"et5\" style=\"height: 23.25pt; text-align: center;\" height=\"31\">: Per zone umide come cucine o bagni, scegli pannelli WPC resistenti all'umidit\u00e0 e impermeabili. I progetti all'aperto necessitano di varianti UV e resistenti alle intemperie.<\/td>\n<td class=\"et7\" style=\"width: 256.5pt; text-align: center;\" width=\"342\">Decorazione esterna<\/td>\n<td class=\"et8\" style=\"width: 195pt; text-align: center;\" width=\"260\">Nome del prodotto<\/td>\n<td class=\"et5\" style=\"text-align: center;\">pannello sandwich pir<\/td>\n<\/tr>\n<tr style=\"height: 23.25pt;\">\n<td class=\"et5\" style=\"height: 23.25pt; text-align: center;\" height=\"31\">Materiale di Superficie<\/td>\n<td class=\"et9\" style=\"width: 256.5pt; text-align: center;\" width=\"342\">Metallico<\/td>\n<td class=\"et5\" style=\"text-align: center;\">Quantit\u00e0 minima d'ordine<\/td>\n<td class=\"et5\" style=\"text-align: center;\">Personalizzazione<\/td>\n<\/tr>\n<tr style=\"height: 22.50pt;\">\n<td class=\"et5\" style=\"height: 22.5pt; text-align: center;\" height=\"30\">Spessore<\/td>\n<td class=\"et5\" style=\"text-align: center;\">16MM\/20MM\/25MM<\/td>\n<td class=\"et5\" style=\"text-align: center;\">Colore<\/td>\n<td class=\"et5\" style=\"text-align: center;\">Rosso brillante, vermiglio, lime, azzurro cielo, acquamarina, verde pisello o personalizzato<\/td>\n<\/tr>\n<tr style=\"height: 22.50pt;\">\n<td class=\"et10\" style=\"height: 22.5pt; text-align: center;\" height=\"30\">Larghezza<\/td>\n<td class=\"et2\" style=\"text-align: center;\">100mm,120mm,150mm,200mm<\/td>\n<td class=\"et2\"><\/td>\n<td class=\"et2\"><\/td>\n<\/tr>\n<\/tbody>\n<\/table>\n<h3 style=\"text-align: center;\"><span style=\"color: #000080;\"><strong>Materiali Edili Resistente al Fuoco: Il Superpotere Nascosto dei Pannelli Sandwich PIR<\/strong><\/span><\/h3>\n<p class=\"ds-markdown-paragraph\"><span>Ecco qualcosa che non si vede tutti i giorni. Mentre altre isolazioni si sciolgono pi\u00f9 velocemente del gelato a luglio, i pannelli PIR resistono. Quelle classificazioni Euroclass B-s1,d0 non sono solo lettere di facciata \u2013 i test di UL Labs hanno dimostrato che questi ragazzi possono sopportare 1200\u00b0F per un'intera durata di 90 minuti. Non sorprende che l'ultimo magazzino Disney in Florida abbia scelto il PIR. Sicurezza prima di tutto, ma senza la parte noiosa.<\/span><\/p>\n<hr \/>\n<h3 style=\"text-align: center;\"><span style=\"color: #000080;\"><strong>Pannelli Sandwich Che Offrono Di Pi\u00f9: Il Vantaggio PIR nella Costruzione Moderna<\/strong><\/span><\/h3>\n<p class=\"ds-markdown-paragraph\"><span>Ecco la conclusione: i pannelli sandwich PIR sono il coltellino svizzero delle involucri edilizi. Resistenza al fuoco? Controllato. Protezione dall'umidit\u00e0? Certamente. Integrit\u00e0 strutturale? Assolutamente. L'ultimo rapporto sulla tecnologia edilizia del MIT definisce il PIR come \u201cla soluzione di isolamento pi\u00f9 versatile post-2020\u201d. Che tu stia costruendo una camera bianca farmaceutica o uno stabilimento automobilistico, questi pannelli offrono il pacchetto completo.<\/span><\/p>\n<p class=\"ds-markdown-paragraph\">\n<hr \/>","protected":false},"excerpt":{"rendered":"<table style=\"border-collapse: collapse; width: 470.27pt;\" border=\"0\" width=\"627\" cellspacing=\"0\" cellpadding=\"0\">\n<tbody>\n<tr style=\"height: 22.50pt;\">\n<td class=\"et2\" style=\"height: 22.5pt; width: 238.5pt; text-align: center;\" width=\"318\" height=\"30\">Tipo<\/td>\n<td class=\"et2\" style=\"width: 231.75pt; text-align: center;\" width=\"309\">organosilicon<\/td>\n<\/tr>\n<tr style=\"height: 22.50pt;\">\n<td class=\"et2\" style=\"height: 22.5pt; text-align: center;\" height=\"30\">Classe di Resistenza al Fuoco<\/td>\n<td class=\"et2\" style=\"text-align: center;\">Classe A (ASTM E84)<\/td>\n<\/tr>\n<tr style=\"height: 22.50pt;\">\n<td class=\"et2\" style=\"height: 22.5pt; text-align: center;\" height=\"30\">Resistenza alla compressione<\/td>\n<td class=\"et4\" style=\"text-align: center;\">\u2265300\/kPa<\/td>\n<\/tr>\n<tr style=\"height: 22.50pt;\">\n<td class=\"et2\" style=\"height: 22.5pt; text-align: center;\" height=\"30\">Metodo di consegna<\/td>\n<td class=\"et2\" style=\"text-align: center;\">merce in stock<\/td>\n<\/tr>\n<tr style=\"height: 22.50pt;\">\n<td class=\"et5\" style=\"height: 22.5pt; text-align: center;\" colspan=\"2\" height=\"30\">\n<h3><span style=\"color: #ff0000;\">(Clicca su di me) per campioni gratuiti<\/span><\/h3>\n<\/td>\n<\/tr>\n<tr style=\"height: 22.50pt;\">\n<td class=\"et7\" style=\"height: 22.5pt; width: 238.5pt; text-align: center;\" width=\"318\" height=\"30\">Tipo di trasporto<\/td>\n<td class=\"et2\" style=\"text-align: center;\">Trasporto marittimo, terrestre e aereo<\/td>\n<\/tr>\n<\/tbody>\n<\/table>\n<ul>\n<li>Pannelli Sandwich Usati Tesla \u2013 Guarda Video di Test Sismici dalla Loro Fabbrica in Nevada<\/li>\n<li>Qualsiasi Forma Possibile! Pannelli Sandwich Curvi\/Circolari \u2013 Invia Schizzo, Ottieni Design 3D<\/li>\n<li>Layout con Intelligenza Artificiale \u2013 Carica Foto del Magazzino, Ottimizza i Tagli dei Pannelli Sandwich<\/li>\n<li>Imballaggio di Grado Militare \u2013 Pannelli Sandwich Danneggiati = Riprogettazione Gratuita + Credito di $500<\/li>\n<li>Pannelli Sandwich Approvati dall'EPA \u2013 Qualifica per Crediti Fiscali per Edifici Ecologici<\/li>\n<li>Ricicla Vecchi Pannelli \u2013 Ottieni 50% di Sconto su Nuovo Ordine + Smaltimento Eco Gratuito<\/li>\n<li>Pannelli Sandwich Usati Tesla \u2013 Guarda Video di Test Sismici dalla Loro Fabbrica in Nevada<\/li>\n<li>-40\u00b0F Pannelli Artici \u2013 Mantieni Caldi i Magazzini in Italia con Met\u00e0 dell'Energia<\/li>\n<li>Controlli Annuali Gratuiti \u2013 Scansiona il Codice QR sui Tuoi Pannelli per Prenotare Manutenzione<\/li>\n<li>Riordino appaltatori 91% \u2013 Perch\u00e9 i nostri pannelli sandwich superano acciaio e cemento<\/li>\n<li>Sistema di chiusura progettato da ingegneri NASA \u2013 I tuoi pannelli non si muoveranno in caso di uragani<\/li>\n<li>Protezione del pagamento tramite deposito a garanzia \u2013 Riceviamo pagamento solo quando approvi l'installazione<\/li>\n<\/ul>","protected":false},"featured_media":2276,"comment_status":"open","ping_status":"closed","template":"","meta":[],"product_brand":[],"product_cat":[33],"product_tag":[],"class_list":{"0":"post-5022","1":"product","2":"type-product","3":"status-publish","4":"has-post-thumbnail","6":"product_cat-metal-carved-board","8":"first","9":"instock","10":"shipping-taxable","11":"product-type-simple"},"yoast_head":"<!-- This site is optimized with the Yoast SEO plugin v24.2 - https:\/\/yoast.com\/wordpress\/plugins\/seo\/ -->\n<title>Pir Sandwich Panel - Shang He Sandwich Panel<\/title>\n<meta name=\"description\" content=\"pir sandwich panel Easy to install, easy to operate to meet your different needs, click me to give you a quote!Hurry up!Get in touch!\" \/>\n<meta name=\"robots\" content=\"index, follow, max-snippet:-1, max-image-preview:large, max-video-preview:-1\" \/>\n<link rel=\"canonical\" href=\"https:\/\/shanghepanel.com\/it\/product\/pir-sandwich-panel\/\" \/>\n<meta property=\"og:locale\" content=\"it_IT\" \/>\n<meta property=\"og:type\" content=\"article\" \/>\n<meta property=\"og:title\" content=\"Pir Sandwich Panel - Shang He Sandwich Panel\" \/>\n<meta property=\"og:description\" content=\"pir sandwich panel Easy to install, easy to operate to meet your different needs, click me to give you a quote!Hurry up!Get in touch!\" \/>\n<meta property=\"og:url\" content=\"https:\/\/shanghepanel.com\/it\/product\/pir-sandwich-panel\/\" \/>\n<meta property=\"og:site_name\" content=\"Shang He Sandwich Panel\" \/>\n<meta property=\"article:modified_time\" content=\"2025-06-05T06:04:51+00:00\" \/>\n<meta property=\"og:image\" content=\"https:\/\/shanghepanel.com\/wp-content\/uploads\/2024\/07\/RW-gc-367.jpg\" \/>\n\t<meta property=\"og:image:width\" content=\"800\" \/>\n\t<meta property=\"og:image:height\" content=\"800\" \/>\n\t<meta property=\"og:image:type\" content=\"image\/jpeg\" \/>\n<meta name=\"twitter:card\" content=\"summary_large_image\" \/>\n<meta name=\"twitter:label1\" content=\"Tempo di lettura stimato\" \/>\n\t<meta name=\"twitter:data1\" content=\"2 minuti\" \/>\n<script type=\"application\/ld+json\" class=\"yoast-schema-graph\">{\"@context\":\"https:\/\/schema.org\",\"@graph\":[{\"@type\":\"WebPage\",\"@id\":\"https:\/\/shanghepanel.com\/product\/pir-sandwich-panel\/\",\"url\":\"https:\/\/shanghepanel.com\/product\/pir-sandwich-panel\/\",\"name\":\"Pir Sandwich Panel - Shang He Sandwich Panel\",\"isPartOf\":{\"@id\":\"https:\/\/shanghepanel.com\/#website\"},\"primaryImageOfPage\":{\"@id\":\"https:\/\/shanghepanel.com\/product\/pir-sandwich-panel\/#primaryimage\"},\"image\":{\"@id\":\"https:\/\/shanghepanel.com\/product\/pir-sandwich-panel\/#primaryimage\"},\"thumbnailUrl\":\"https:\/\/shanghepanel.com\/wp-content\/uploads\/2024\/07\/RW-gc-367.jpg\",\"datePublished\":\"2025-05-26T08:03:52+00:00\",\"dateModified\":\"2025-06-05T06:04:51+00:00\",\"description\":\"pir sandwich panel Easy to install, easy to operate to meet your different needs, click me to give you a quote!Hurry up!Get in touch!\",\"breadcrumb\":{\"@id\":\"https:\/\/shanghepanel.com\/product\/pir-sandwich-panel\/#breadcrumb\"},\"inLanguage\":\"it-IT\",\"potentialAction\":[{\"@type\":\"ReadAction\",\"target\":[\"https:\/\/shanghepanel.com\/product\/pir-sandwich-panel\/\"]}]},{\"@type\":\"ImageObject\",\"inLanguage\":\"it-IT\",\"@id\":\"https:\/\/shanghepanel.com\/product\/pir-sandwich-panel\/#primaryimage\",\"url\":\"https:\/\/shanghepanel.com\/wp-content\/uploads\/2024\/07\/RW-gc-367.jpg\",\"contentUrl\":\"https:\/\/shanghepanel.com\/wp-content\/uploads\/2024\/07\/RW-gc-367.jpg\",\"width\":800,\"height\":800},{\"@type\":\"BreadcrumbList\",\"@id\":\"https:\/\/shanghepanel.com\/product\/pir-sandwich-panel\/#breadcrumb\",\"itemListElement\":[{\"@type\":\"ListItem\",\"position\":1,\"name\":\"\u9996\u9875\",\"item\":\"https:\/\/shanghepanel.com\/en\/\"},{\"@type\":\"ListItem\",\"position\":2,\"name\":\"\u4ea7\u54c1\",\"item\":\"https:\/\/shanghepanel.com\/index.php\/shop\/\"},{\"@type\":\"ListItem\",\"position\":3,\"name\":\"Pir Sandwich Panel\"}]},{\"@type\":\"WebSite\",\"@id\":\"https:\/\/shanghepanel.com\/#website\",\"url\":\"https:\/\/shanghepanel.com\/\",\"name\":\"shanghepanel.com\",\"description\":\"\",\"publisher\":{\"@id\":\"https:\/\/shanghepanel.com\/#organization\"},\"potentialAction\":[{\"@type\":\"SearchAction\",\"target\":{\"@type\":\"EntryPoint\",\"urlTemplate\":\"https:\/\/shanghepanel.com\/?s={search_term_string}\"},\"query-input\":{\"@type\":\"PropertyValueSpecification\",\"valueRequired\":true,\"valueName\":\"search_term_string\"}}],\"inLanguage\":\"it-IT\"},{\"@type\":\"Organization\",\"@id\":\"https:\/\/shanghepanel.com\/#organization\",\"name\":\"Shandong ShangHe New Construction Engineering Co., ltd.\",\"url\":\"https:\/\/shanghepanel.com\/\",\"logo\":{\"@type\":\"ImageObject\",\"inLanguage\":\"it-IT\",\"@id\":\"https:\/\/shanghepanel.com\/#\/schema\/logo\/image\/\",\"url\":\"https:\/\/shanghepanel.com\/wp-content\/uploads\/2024\/03\/logo-1.png\",\"contentUrl\":\"https:\/\/shanghepanel.com\/wp-content\/uploads\/2024\/03\/logo-1.png\",\"width\":800,\"height\":800,\"caption\":\"Shandong ShangHe New Construction Engineering Co., ltd.\"},\"image\":{\"@id\":\"https:\/\/shanghepanel.com\/#\/schema\/logo\/image\/\"}}]}<\/script>\n<!-- \/ Yoast SEO plugin. -->","yoast_head_json":{"title":"Pannello Sandwich Pir - Shang He Pannello Sandwich","description":"pannello sandwich pir Facile da installare, facile da usare per soddisfare le tue diverse esigenze, clicca qui per un preventivo! Affrettati! Mettiti in contatto!","robots":{"index":"index","follow":"follow","max-snippet":"max-snippet:-1","max-image-preview":"max-image-preview:large","max-video-preview":"max-video-preview:-1"},"canonical":"https:\/\/shanghepanel.com\/it\/product\/pir-sandwich-panel\/","og_locale":"it_IT","og_type":"article","og_title":"Pir Sandwich Panel - Shang He Sandwich Panel","og_description":"pir sandwich panel Easy to install, easy to operate to meet your different needs, click me to give you a quote!Hurry up!Get in touch!","og_url":"https:\/\/shanghepanel.com\/it\/product\/pir-sandwich-panel\/","og_site_name":"Shang He Sandwich Panel","article_modified_time":"2025-06-05T06:04:51+00:00","og_image":[{"width":800,"height":800,"url":"https:\/\/shanghepanel.com\/wp-content\/uploads\/2024\/07\/RW-gc-367.jpg","type":"image\/jpeg"}],"twitter_card":"summary_large_image","twitter_misc":{"Tempo di lettura stimato":"2 minuti"},"schema":{"@context":"https:\/\/schema.org","@graph":[{"@type":"WebPage","@id":"https:\/\/shanghepanel.com\/product\/pir-sandwich-panel\/","url":"https:\/\/shanghepanel.com\/product\/pir-sandwich-panel\/","name":"Pannello Sandwich Pir - Shang He Pannello Sandwich","isPartOf":{"@id":"https:\/\/shanghepanel.com\/#website"},"primaryImageOfPage":{"@id":"https:\/\/shanghepanel.com\/product\/pir-sandwich-panel\/#primaryimage"},"image":{"@id":"https:\/\/shanghepanel.com\/product\/pir-sandwich-panel\/#primaryimage"},"thumbnailUrl":"https:\/\/shanghepanel.com\/wp-content\/uploads\/2024\/07\/RW-gc-367.jpg","datePublished":"2025-05-26T08:03:52+00:00","dateModified":"2025-06-05T06:04:51+00:00","description":"pannello sandwich pir Facile da installare, facile da usare per soddisfare le tue diverse esigenze, clicca qui per un preventivo! Affrettati! Mettiti in contatto!","breadcrumb":{"@id":"https:\/\/shanghepanel.com\/product\/pir-sandwich-panel\/#breadcrumb"},"inLanguage":"it-IT","potentialAction":[{"@type":"ReadAction","target":["https:\/\/shanghepanel.com\/product\/pir-sandwich-panel\/"]}]},{"@type":"ImageObject","inLanguage":"it-IT","@id":"https:\/\/shanghepanel.com\/product\/pir-sandwich-panel\/#primaryimage","url":"https:\/\/shanghepanel.com\/wp-content\/uploads\/2024\/07\/RW-gc-367.jpg","contentUrl":"https:\/\/shanghepanel.com\/wp-content\/uploads\/2024\/07\/RW-gc-367.jpg","width":800,"height":800},{"@type":"BreadcrumbList","@id":"https:\/\/shanghepanel.com\/product\/pir-sandwich-panel\/#breadcrumb","itemListElement":[{"@type":"ListItem","position":1,"name":"\u9996\u9875","item":"https:\/\/shanghepanel.com\/en\/"},{"@type":"ListItem","position":2,"name":"\u4ea7\u54c1","item":"https:\/\/shanghepanel.com\/index.php\/shop\/"},{"@type":"ListItem","position":3,"name":"Pir Sandwich Panel"}]},{"@type":"WebSite","@id":"https:\/\/shanghepanel.com\/#website","url":"https:\/\/shanghepanel.com\/","name":"shanghepanel.com","description":"","publisher":{"@id":"https:\/\/shanghepanel.com\/#organization"},"potentialAction":[{"@type":"SearchAction","target":{"@type":"EntryPoint","urlTemplate":"https:\/\/shanghepanel.com\/?s={search_term_string}"},"query-input":{"@type":"PropertyValueSpecification","valueRequired":true,"valueName":"search_term_string"}}],"inLanguage":"it-IT"},{"@type":"Organization","@id":"https:\/\/shanghepanel.com\/#organization","name":"Shandong ShangHe Nuova Costruzione Engineering Co., ltd.","url":"https:\/\/shanghepanel.com\/","logo":{"@type":"ImageObject","inLanguage":"it-IT","@id":"https:\/\/shanghepanel.com\/#\/schema\/logo\/image\/","url":"https:\/\/shanghepanel.com\/wp-content\/uploads\/2024\/03\/logo-1.png","contentUrl":"https:\/\/shanghepanel.com\/wp-content\/uploads\/2024\/03\/logo-1.png","width":800,"height":800,"caption":"Shandong ShangHe New Construction Engineering Co., ltd."},"image":{"@id":"https:\/\/shanghepanel.com\/#\/schema\/logo\/image\/"}}]}},"_links":{"self":[{"href":"https:\/\/shanghepanel.com\/it\/wp-json\/wp\/v2\/product\/5022","targetHints":{"allow":["GET"]}}],"collection":[{"href":"https:\/\/shanghepanel.com\/it\/wp-json\/wp\/v2\/product"}],"about":[{"href":"https:\/\/shanghepanel.com\/it\/wp-json\/wp\/v2\/types\/product"}],"replies":[{"embeddable":true,"href":"https:\/\/shanghepanel.com\/it\/wp-json\/wp\/v2\/comments?post=5022"}],"version-history":[{"count":0,"href":"https:\/\/shanghepanel.com\/it\/wp-json\/wp\/v2\/product\/5022\/revisions"}],"wp:featuredmedia":[{"embeddable":true,"href":"https:\/\/shanghepanel.com\/it\/wp-json\/wp\/v2\/media\/2276"}],"wp:attachment":[{"href":"https:\/\/shanghepanel.com\/it\/wp-json\/wp\/v2\/media?parent=5022"}],"wp:term":[{"taxonomy":"product_brand","embeddable":true,"href":"https:\/\/shanghepanel.com\/it\/wp-json\/wp\/v2\/product_brand?post=5022"},{"taxonomy":"product_cat","embeddable":true,"href":"https:\/\/shanghepanel.com\/it\/wp-json\/wp\/v2\/product_cat?post=5022"},{"taxonomy":"product_tag","embeddable":true,"href":"https:\/\/shanghepanel.com\/it\/wp-json\/wp\/v2\/product_tag?post=5022"}],"curies":[{"name":"wp","href":"https:\/\/api.w.org\/{rel}","templated":true}]}}