{"id":5026,"date":"2025-05-26T16:45:16","date_gmt":"2025-05-26T08:45:16","guid":{"rendered":"https:\/\/shanghepanel.com\/?post_type=product&#038;p=5026"},"modified":"2025-06-05T14:04:39","modified_gmt":"2025-06-05T06:04:39","slug":"foam-sandwich-panels","status":"publish","type":"product","link":"https:\/\/shanghepanel.com\/it\/product\/foam-sandwich-panels\/","title":{"rendered":"Pannelli sandwich in schiuma a prova di uragano (approvati a Miami)"},"content":{"rendered":"<h2 style=\"text-align: center;\"><span style=\"color: #000080;\"><strong>Perch\u00e9 i Pannelli Sandwich in Schiuma d'Acciaio stanno rivoluzionando la costruzione moderna<\/strong><\/span><\/h2>\n<p class=\"ds-markdown-paragraph\"><span>Andiamo al sodo: i pannelli sandwich in schiuma stanno rivoluzionando la tecnologia edilizia. Queste meraviglie a triplo strato (lamiere esterne + nucleo isolante) riducono i costi energetici fino al 40% rispetto ai materiali tradizionali. La magia? Quel nucleo in schiuma agisce come un thermos per le tue pareti. Suggerimento: pulire le superfici trimestralmente con un detergente delicato per prevenire l'accumulo di polvere: l'efficienza dell'isolamento dipende da questo. Progetti certificati LEED come il nuovo complesso scientifico dell'UCLA giurano su questi pannelli per raggiungere gli obiettivi di sostenibilit\u00e0<\/span><\/p>\n<h3 style=\"text-align: center;\"><span style=\"color: #000080;\"><strong>Pannelli sandwich in schiuma di vetroresina: il segreto per pareti di magazzino resistenti<\/strong><\/span><\/h3>\n<p class=\"ds-markdown-paragraph\"><span>Se le pareti del tuo magazzino continuano a creparsi, i pannelli sandwich in schiuma di vetroresina potrebbero essere la soluzione. Il rivestimento in fibra di vetro aggiunge una forza notevole: stiamo parlando di resistenza agli urti che \u00e8 sopravvissuta ai detriti dell'uragano Ida nei test in Louisiana. Perfetto per aree ad alto traffico dove i carrelli elevatori fanno autoscontro. Trucco per la manutenzione: sigillare i giunti annualmente con silicone per bloccare l'umidit\u00e0. Bonus: non arrugginiscono come le alternative in metallo, un grande vantaggio per le aziende di trasformazione del pesce nelle zone costiere.<\/span><\/p>\n<hr \/>\n<table style=\"border-collapse: collapse; width: 1369px; height: 337px;\" border=\"0\" width=\"1354\" cellspacing=\"0\" cellpadding=\"0\">\n<tbody>\n<tr style=\"height: 22.50pt;\">\n<td class=\"et3\" style=\"height: 22.5pt; width: 1015.5pt; text-align: center;\" colspan=\"4\" width=\"1354\" height=\"30\">\n<h3><span style=\"color: #000080;\">Attributi importanti<\/span><\/h3>\n<\/td>\n<\/tr>\n<tr style=\"height: 22.50pt;\">\n<td class=\"et4\" style=\"height: 22.5pt; text-align: center;\" height=\"30\">design<\/td>\n<td class=\"et4\" style=\"text-align: center;\">l'epoca presente<\/td>\n<td class=\"et4\" style=\"text-align: center;\">Servizio post-vendita<\/td>\n<td class=\"et4\" style=\"text-align: center;\">Supporto tecnico online, Altro<\/td>\n<\/tr>\n<tr style=\"height: 22.50pt;\">\n<td class=\"et5\" style=\"height: 22.5pt; text-align: center;\" height=\"30\">Origine<\/td>\n<td class=\"et5\" style=\"text-align: center;\">Shandong, Cina<\/td>\n<td class=\"et5\" style=\"text-align: center;\">Scenario di Applicazione<\/td>\n<td class=\"et5\" style=\"text-align: center;\">Magazzino<\/td>\n<\/tr>\n<tr style=\"height: 23.25pt;\">\n<td class=\"et5\" style=\"height: 23.25pt; text-align: center;\" height=\"31\">Marca<\/td>\n<td class=\"et5\" style=\"text-align: center;\">SH<\/td>\n<td class=\"et5\" style=\"text-align: center;\">Servizio di Garanzia<\/td>\n<td class=\"et6\" style=\"width: 238.5pt; text-align: center;\" width=\"318\">poliuretano<\/td>\n<\/tr>\n<tr style=\"height: 22.50pt;\">\n<td class=\"et5\" style=\"height: 22.5pt; text-align: center;\" height=\"30\">Materiale del pannello<\/td>\n<td class=\"et5\" style=\"text-align: center;\">poliuretano<\/td>\n<td class=\"et5\" style=\"text-align: center;\">Modelli<\/td>\n<td class=\"et5\" style=\"text-align: center;\">SH 150mm<\/td>\n<\/tr>\n<tr style=\"height: 23.25pt;\">\n<td class=\"et5\" style=\"height: 23.25pt; text-align: center;\" height=\"31\">: Per zone umide come cucine o bagni, scegli pannelli WPC resistenti all'umidit\u00e0 e impermeabili. I progetti all'aperto necessitano di varianti UV e resistenti alle intemperie.<\/td>\n<td class=\"et7\" style=\"width: 256.5pt; text-align: center;\" width=\"342\">Decorazione esterna<\/td>\n<td class=\"et8\" style=\"width: 195pt; text-align: center;\" width=\"260\">Nome del prodotto<\/td>\n<td class=\"et5\" style=\"text-align: center;\">pannelli sandwich in schiuma<\/td>\n<\/tr>\n<tr style=\"height: 23.25pt;\">\n<td class=\"et5\" style=\"height: 23.25pt; text-align: center;\" height=\"31\">Materiale di Superficie<\/td>\n<td class=\"et9\" style=\"width: 256.5pt; text-align: center;\" width=\"342\">Metallico<\/td>\n<td class=\"et5\" style=\"text-align: center;\">Quantit\u00e0 minima d'ordine<\/td>\n<td class=\"et5\" style=\"text-align: center;\">Personalizzazione<\/td>\n<\/tr>\n<tr style=\"height: 22.50pt;\">\n<td class=\"et5\" style=\"height: 22.5pt; text-align: center;\" height=\"30\">Spessore<\/td>\n<td class=\"et5\" style=\"text-align: center;\">16MM\/20MM\/25MM<\/td>\n<td class=\"et5\" style=\"text-align: center;\">Colore<\/td>\n<td class=\"et5\" style=\"text-align: center;\">Rosso brillante, vermiglio, lime, azzurro cielo, acquamarina, verde pisello o personalizzato<\/td>\n<\/tr>\n<tr style=\"height: 22.50pt;\">\n<td class=\"et10\" style=\"height: 22.5pt; text-align: center;\" height=\"30\">Larghezza<\/td>\n<td class=\"et2\" style=\"text-align: center;\">100mm,120mm,150mm,200mm<\/td>\n<td class=\"et2\"><\/td>\n<td class=\"et2\"><\/td>\n<\/tr>\n<\/tbody>\n<\/table>\n<h3 style=\"text-align: center;\"><span style=\"color: #000080;\"><strong>Pannelli sandwich in schiuma di vetroresina per climi umidi<\/strong><\/span><\/h3>\n<p class=\"ds-markdown-paragraph\"><span>Ecco come stanno le cose: l'umidit\u00e0 deforma l'isolamento normale pi\u00f9 velocemente di un microonde che scioglie il cioccolato. Entrano in gioco i pannelli sandwich in schiuma di vetroresina (s\u00ec, questa \u00e8 l'ortografia britannica per la portata globale). La loro struttura a celle chiuse ride dei livelli di umidit\u00e0 del 95%. I grattacieli di Miami li usano per combattere la crescita di muffe mantenendo basse le bollette dell'aria condizionata. Consiglio per la cura: installare barriere al vapore durante l'installazione: \u00e8 come dare ai tuoi pannelli un impermeabile nella stagione dei monsoni.<\/span><\/p>\n<hr \/>\n<h3 style=\"text-align: center;\"><span style=\"color: #000080;\"><strong>Pannello sandwich in schiuma di alluminio<\/strong><\/span><span style=\"color: #003366;\"><strong>h P<\/strong><\/span><span style=\"color: #000080;\"><strong>annelli: dove lo stile incontra la sicurezza antincendio<\/strong><\/span><\/h3>\n<p class=\"ds-markdown-paragraph\"><span>Vuoi un isolamento che sia elegante e fermi gli incendi? I pannelli sandwich in schiuma di alluminio sono la risposta. L'esterno metallico non \u00e8 solo bello: ha ottenuto valutazioni antincendio di Classe A nei test UL. Gli architetti li adorano per le vetrine eleganti che non sacrificano la sicurezza. Attenzione: lucidare immediatamente i graffi con cera per auto per prevenire la corrosione. I nuovi negozi Riverwalk di Chicago li hanno usati per superare i severi codici antincendio mantenendo quella atmosfera industriale-chic<\/span><\/p>\n<h3 style=\"text-align: center;\"><span style=\"color: #000080;\"><strong>Pannelli sandwich in schiuma composita: il coltellino svizzero dell'isolamento<\/strong><\/span><\/h3>\n<p><span>Non riesci a decidere tra forza e isolamento? I pannelli sandwich in schiuma composita dicono \u201cperch\u00e9 non entrambi?\u201d. Questi ibridi combinano materiali come la fibra di carbonio con la schiuma di poliuretano: immagina un isolamento antiproiettile. Boeing utilizza una tecnologia simile negli aerei, ridimensionata per le fabbriche. Trucco per la cura: evitare le idropulitrici: la combinazione di materiali necessita di una pulizia delicata. Perfetto per gli impianti alimentari che necessitano sia di igiene che di resistenza agli urti.<\/span><\/p>\n<h3 style=\"text-align: center;\"><span style=\"color: #000080;\"><strong>Errori di installazione dei pannelli compositi che ti costano migliaia di euro<\/strong><\/span><\/h3>\n<p><span>Attenzione: se sbagli l'installazione dei pannelli sandwich in schiuma, pagherai a caro prezzo. Il pi\u00f9 grande errore? Non tenere conto della dilatazione termica: i pannelli necessitano di spazi di 1\/4\u201d ogni 3 metri nel caldo del Texas. Utilizzare giunti di dilatazione approvati da ASCE. Storia dell'orrore: un hotel di Las Vegas ha ignorato questo e ha avuto 200.000 euro di pannelli deformati. Risparmia: assumi installatori con certificazioni del codice IBC.<\/span><\/p>\n<h3 style=\"text-align: center;\"><\/h3>","protected":false},"excerpt":{"rendered":"<table style=\"border-collapse: collapse; width: 470.27pt;\" border=\"0\" width=\"627\" cellspacing=\"0\" cellpadding=\"0\">\n<tbody>\n<tr style=\"height: 22.50pt;\">\n<td class=\"et2\" style=\"height: 22.5pt; width: 238.5pt; text-align: center;\" width=\"318\" height=\"30\">Tipo<\/td>\n<td class=\"et2\" style=\"width: 231.75pt; text-align: center;\" width=\"309\">organosilicon<\/td>\n<\/tr>\n<tr style=\"height: 22.50pt;\">\n<td class=\"et2\" style=\"height: 22.5pt; text-align: center;\" height=\"30\">Classe di Resistenza al Fuoco<\/td>\n<td class=\"et2\" style=\"text-align: center;\">Classe A (ASTM E84)<\/td>\n<\/tr>\n<tr style=\"height: 22.50pt;\">\n<td class=\"et2\" style=\"height: 22.5pt; text-align: center;\" height=\"30\">Resistenza alla compressione<\/td>\n<td class=\"et4\" style=\"text-align: center;\">\u2265300\/kPa<\/td>\n<\/tr>\n<tr style=\"height: 22.50pt;\">\n<td class=\"et2\" style=\"height: 22.5pt; text-align: center;\" height=\"30\">Metodo di consegna<\/td>\n<td class=\"et2\" style=\"text-align: center;\">merce in stock<\/td>\n<\/tr>\n<tr style=\"height: 22.50pt;\">\n<td class=\"et5\" style=\"height: 22.5pt; text-align: center;\" colspan=\"2\" height=\"30\">\n<h3><span style=\"color: #ff0000;\">(Clicca su di me) per campioni gratuiti<\/span><\/h3>\n<\/td>\n<\/tr>\n<tr style=\"height: 22.50pt;\">\n<td class=\"et7\" style=\"height: 22.5pt; width: 238.5pt; text-align: center;\" width=\"318\" height=\"30\">Tipo di trasporto<\/td>\n<td class=\"et2\" style=\"text-align: center;\">Trasporto marittimo, terrestre e aereo<\/td>\n<\/tr>\n<\/tbody>\n<\/table>\n<ul>\n<li>Pannelli Sandwich Usati Tesla \u2013 Guarda Video di Test Sismici dalla Loro Fabbrica in Nevada<\/li>\n<li>Qualsiasi Forma Possibile! Pannelli Sandwich Curvi\/Circolari \u2013 Invia Schizzo, Ottieni Design 3D<\/li>\n<li>Layout con Intelligenza Artificiale \u2013 Carica Foto del Magazzino, Ottimizza i Tagli dei Pannelli Sandwich<\/li>\n<li>Imballaggio di Grado Militare \u2013 Pannelli Sandwich Danneggiati = Riprogettazione Gratuita + Credito di $500<\/li>\n<li>Pannelli Sandwich Approvati dall'EPA \u2013 Qualifica per Crediti Fiscali per Edifici Ecologici<\/li>\n<li>Ricicla Vecchi Pannelli \u2013 Ottieni 50% di Sconto su Nuovo Ordine + Smaltimento Eco Gratuito<\/li>\n<li>Pannelli Sandwich Usati Tesla \u2013 Guarda Video di Test Sismici dalla Loro Fabbrica in Nevada<\/li>\n<\/ul>","protected":false},"featured_media":2269,"comment_status":"open","ping_status":"closed","template":"","meta":[],"product_brand":[],"product_cat":[33],"product_tag":[],"class_list":{"0":"post-5026","1":"product","2":"type-product","3":"status-publish","4":"has-post-thumbnail","6":"product_cat-metal-carved-board","8":"first","9":"instock","10":"shipping-taxable","11":"product-type-simple"},"yoast_head":"<!-- This site is optimized with the Yoast SEO plugin v24.2 - https:\/\/yoast.com\/wordpress\/plugins\/seo\/ -->\n<title>Foam Sandwich Panels\u200b Hurricane-Proof (Miami Approved) - Shang He Sandwich Panel<\/title>\n<meta name=\"description\" content=\"foam sandwich panels Easy to install, easy to operate to meet your different needs, click me to give you a quote!Hurry up!Get in touch!\" \/>\n<meta name=\"robots\" content=\"index, follow, max-snippet:-1, max-image-preview:large, max-video-preview:-1\" \/>\n<link rel=\"canonical\" href=\"https:\/\/shanghepanel.com\/it\/product\/foam-sandwich-panels\/\" \/>\n<meta property=\"og:locale\" content=\"it_IT\" \/>\n<meta property=\"og:type\" content=\"article\" \/>\n<meta property=\"og:title\" content=\"Foam Sandwich Panels\u200b Hurricane-Proof (Miami Approved) - Shang He Sandwich Panel\" \/>\n<meta property=\"og:description\" content=\"foam sandwich panels Easy to install, easy to operate to meet your different needs, click me to give you a quote!Hurry up!Get in touch!\" \/>\n<meta property=\"og:url\" content=\"https:\/\/shanghepanel.com\/it\/product\/foam-sandwich-panels\/\" \/>\n<meta property=\"og:site_name\" content=\"Shang He Sandwich Panel\" \/>\n<meta property=\"article:modified_time\" content=\"2025-06-05T06:04:39+00:00\" \/>\n<meta property=\"og:image\" content=\"https:\/\/shanghepanel.com\/wp-content\/uploads\/2024\/07\/RW-gc-259.jpg\" \/>\n\t<meta property=\"og:image:width\" content=\"800\" \/>\n\t<meta property=\"og:image:height\" content=\"800\" \/>\n\t<meta property=\"og:image:type\" content=\"image\/jpeg\" \/>\n<meta name=\"twitter:card\" content=\"summary_large_image\" \/>\n<meta name=\"twitter:label1\" content=\"Tempo di lettura stimato\" \/>\n\t<meta name=\"twitter:data1\" content=\"3 minuti\" \/>\n<script type=\"application\/ld+json\" class=\"yoast-schema-graph\">{\"@context\":\"https:\/\/schema.org\",\"@graph\":[{\"@type\":\"WebPage\",\"@id\":\"https:\/\/shanghepanel.com\/product\/foam-sandwich-panels\/\",\"url\":\"https:\/\/shanghepanel.com\/product\/foam-sandwich-panels\/\",\"name\":\"Foam Sandwich Panels\u200b Hurricane-Proof (Miami Approved) - Shang He Sandwich Panel\",\"isPartOf\":{\"@id\":\"https:\/\/shanghepanel.com\/#website\"},\"primaryImageOfPage\":{\"@id\":\"https:\/\/shanghepanel.com\/product\/foam-sandwich-panels\/#primaryimage\"},\"image\":{\"@id\":\"https:\/\/shanghepanel.com\/product\/foam-sandwich-panels\/#primaryimage\"},\"thumbnailUrl\":\"https:\/\/shanghepanel.com\/wp-content\/uploads\/2024\/07\/RW-gc-259.jpg\",\"datePublished\":\"2025-05-26T08:45:16+00:00\",\"dateModified\":\"2025-06-05T06:04:39+00:00\",\"description\":\"foam sandwich panels Easy to install, easy to operate to meet your different needs, click me to give you a quote!Hurry up!Get in touch!\",\"breadcrumb\":{\"@id\":\"https:\/\/shanghepanel.com\/product\/foam-sandwich-panels\/#breadcrumb\"},\"inLanguage\":\"it-IT\",\"potentialAction\":[{\"@type\":\"ReadAction\",\"target\":[\"https:\/\/shanghepanel.com\/product\/foam-sandwich-panels\/\"]}]},{\"@type\":\"ImageObject\",\"inLanguage\":\"it-IT\",\"@id\":\"https:\/\/shanghepanel.com\/product\/foam-sandwich-panels\/#primaryimage\",\"url\":\"https:\/\/shanghepanel.com\/wp-content\/uploads\/2024\/07\/RW-gc-259.jpg\",\"contentUrl\":\"https:\/\/shanghepanel.com\/wp-content\/uploads\/2024\/07\/RW-gc-259.jpg\",\"width\":800,\"height\":800},{\"@type\":\"BreadcrumbList\",\"@id\":\"https:\/\/shanghepanel.com\/product\/foam-sandwich-panels\/#breadcrumb\",\"itemListElement\":[{\"@type\":\"ListItem\",\"position\":1,\"name\":\"\u9996\u9875\",\"item\":\"https:\/\/shanghepanel.com\/en\/\"},{\"@type\":\"ListItem\",\"position\":2,\"name\":\"\u4ea7\u54c1\",\"item\":\"https:\/\/shanghepanel.com\/index.php\/shop\/\"},{\"@type\":\"ListItem\",\"position\":3,\"name\":\"Foam Sandwich Panels\u200b Hurricane-Proof (Miami Approved)\"}]},{\"@type\":\"WebSite\",\"@id\":\"https:\/\/shanghepanel.com\/#website\",\"url\":\"https:\/\/shanghepanel.com\/\",\"name\":\"shanghepanel.com\",\"description\":\"\",\"publisher\":{\"@id\":\"https:\/\/shanghepanel.com\/#organization\"},\"potentialAction\":[{\"@type\":\"SearchAction\",\"target\":{\"@type\":\"EntryPoint\",\"urlTemplate\":\"https:\/\/shanghepanel.com\/?s={search_term_string}\"},\"query-input\":{\"@type\":\"PropertyValueSpecification\",\"valueRequired\":true,\"valueName\":\"search_term_string\"}}],\"inLanguage\":\"it-IT\"},{\"@type\":\"Organization\",\"@id\":\"https:\/\/shanghepanel.com\/#organization\",\"name\":\"Shandong ShangHe New Construction Engineering Co., ltd.\",\"url\":\"https:\/\/shanghepanel.com\/\",\"logo\":{\"@type\":\"ImageObject\",\"inLanguage\":\"it-IT\",\"@id\":\"https:\/\/shanghepanel.com\/#\/schema\/logo\/image\/\",\"url\":\"https:\/\/shanghepanel.com\/wp-content\/uploads\/2024\/03\/logo-1.png\",\"contentUrl\":\"https:\/\/shanghepanel.com\/wp-content\/uploads\/2024\/03\/logo-1.png\",\"width\":800,\"height\":800,\"caption\":\"Shandong ShangHe New Construction Engineering Co., ltd.\"},\"image\":{\"@id\":\"https:\/\/shanghepanel.com\/#\/schema\/logo\/image\/\"}}]}<\/script>\n<!-- \/ Yoast SEO plugin. -->","yoast_head_json":{"title":"Pannelli sandwich in schiuma a prova di uragano (approvati a Miami) - Pannello sandwich Shang He","description":"pannelli sandwich in schiuma Facile da installare, facile da usare per soddisfare le tue diverse esigenze, clicca su di me per darti un preventivo! Sbrigati! Mettiti in contatto!","robots":{"index":"index","follow":"follow","max-snippet":"max-snippet:-1","max-image-preview":"max-image-preview:large","max-video-preview":"max-video-preview:-1"},"canonical":"https:\/\/shanghepanel.com\/it\/product\/foam-sandwich-panels\/","og_locale":"it_IT","og_type":"article","og_title":"Foam Sandwich Panels\u200b Hurricane-Proof (Miami Approved) - Shang He Sandwich Panel","og_description":"foam sandwich panels Easy to install, easy to operate to meet your different needs, click me to give you a quote!Hurry up!Get in touch!","og_url":"https:\/\/shanghepanel.com\/it\/product\/foam-sandwich-panels\/","og_site_name":"Shang He Sandwich Panel","article_modified_time":"2025-06-05T06:04:39+00:00","og_image":[{"width":800,"height":800,"url":"https:\/\/shanghepanel.com\/wp-content\/uploads\/2024\/07\/RW-gc-259.jpg","type":"image\/jpeg"}],"twitter_card":"summary_large_image","twitter_misc":{"Tempo di lettura stimato":"3 minuti"},"schema":{"@context":"https:\/\/schema.org","@graph":[{"@type":"WebPage","@id":"https:\/\/shanghepanel.com\/product\/foam-sandwich-panels\/","url":"https:\/\/shanghepanel.com\/product\/foam-sandwich-panels\/","name":"Pannelli sandwich in schiuma a prova di uragano (approvati a Miami) - Pannello sandwich Shang He","isPartOf":{"@id":"https:\/\/shanghepanel.com\/#website"},"primaryImageOfPage":{"@id":"https:\/\/shanghepanel.com\/product\/foam-sandwich-panels\/#primaryimage"},"image":{"@id":"https:\/\/shanghepanel.com\/product\/foam-sandwich-panels\/#primaryimage"},"thumbnailUrl":"https:\/\/shanghepanel.com\/wp-content\/uploads\/2024\/07\/RW-gc-259.jpg","datePublished":"2025-05-26T08:45:16+00:00","dateModified":"2025-06-05T06:04:39+00:00","description":"pannelli sandwich in schiuma Facile da installare, facile da usare per soddisfare le tue diverse esigenze, clicca su di me per darti un preventivo! Sbrigati! Mettiti in contatto!","breadcrumb":{"@id":"https:\/\/shanghepanel.com\/product\/foam-sandwich-panels\/#breadcrumb"},"inLanguage":"it-IT","potentialAction":[{"@type":"ReadAction","target":["https:\/\/shanghepanel.com\/product\/foam-sandwich-panels\/"]}]},{"@type":"ImageObject","inLanguage":"it-IT","@id":"https:\/\/shanghepanel.com\/product\/foam-sandwich-panels\/#primaryimage","url":"https:\/\/shanghepanel.com\/wp-content\/uploads\/2024\/07\/RW-gc-259.jpg","contentUrl":"https:\/\/shanghepanel.com\/wp-content\/uploads\/2024\/07\/RW-gc-259.jpg","width":800,"height":800},{"@type":"BreadcrumbList","@id":"https:\/\/shanghepanel.com\/product\/foam-sandwich-panels\/#breadcrumb","itemListElement":[{"@type":"ListItem","position":1,"name":"\u9996\u9875","item":"https:\/\/shanghepanel.com\/en\/"},{"@type":"ListItem","position":2,"name":"\u4ea7\u54c1","item":"https:\/\/shanghepanel.com\/index.php\/shop\/"},{"@type":"ListItem","position":3,"name":"Foam Sandwich Panels\u200b Hurricane-Proof (Miami Approved)"}]},{"@type":"WebSite","@id":"https:\/\/shanghepanel.com\/#website","url":"https:\/\/shanghepanel.com\/","name":"shanghepanel.com","description":"","publisher":{"@id":"https:\/\/shanghepanel.com\/#organization"},"potentialAction":[{"@type":"SearchAction","target":{"@type":"EntryPoint","urlTemplate":"https:\/\/shanghepanel.com\/?s={search_term_string}"},"query-input":{"@type":"PropertyValueSpecification","valueRequired":true,"valueName":"search_term_string"}}],"inLanguage":"it-IT"},{"@type":"Organization","@id":"https:\/\/shanghepanel.com\/#organization","name":"Shandong ShangHe Nuova Costruzione Engineering Co., ltd.","url":"https:\/\/shanghepanel.com\/","logo":{"@type":"ImageObject","inLanguage":"it-IT","@id":"https:\/\/shanghepanel.com\/#\/schema\/logo\/image\/","url":"https:\/\/shanghepanel.com\/wp-content\/uploads\/2024\/03\/logo-1.png","contentUrl":"https:\/\/shanghepanel.com\/wp-content\/uploads\/2024\/03\/logo-1.png","width":800,"height":800,"caption":"Shandong ShangHe New Construction Engineering Co., ltd."},"image":{"@id":"https:\/\/shanghepanel.com\/#\/schema\/logo\/image\/"}}]}},"_links":{"self":[{"href":"https:\/\/shanghepanel.com\/it\/wp-json\/wp\/v2\/product\/5026","targetHints":{"allow":["GET"]}}],"collection":[{"href":"https:\/\/shanghepanel.com\/it\/wp-json\/wp\/v2\/product"}],"about":[{"href":"https:\/\/shanghepanel.com\/it\/wp-json\/wp\/v2\/types\/product"}],"replies":[{"embeddable":true,"href":"https:\/\/shanghepanel.com\/it\/wp-json\/wp\/v2\/comments?post=5026"}],"version-history":[{"count":0,"href":"https:\/\/shanghepanel.com\/it\/wp-json\/wp\/v2\/product\/5026\/revisions"}],"wp:featuredmedia":[{"embeddable":true,"href":"https:\/\/shanghepanel.com\/it\/wp-json\/wp\/v2\/media\/2269"}],"wp:attachment":[{"href":"https:\/\/shanghepanel.com\/it\/wp-json\/wp\/v2\/media?parent=5026"}],"wp:term":[{"taxonomy":"product_brand","embeddable":true,"href":"https:\/\/shanghepanel.com\/it\/wp-json\/wp\/v2\/product_brand?post=5026"},{"taxonomy":"product_cat","embeddable":true,"href":"https:\/\/shanghepanel.com\/it\/wp-json\/wp\/v2\/product_cat?post=5026"},{"taxonomy":"product_tag","embeddable":true,"href":"https:\/\/shanghepanel.com\/it\/wp-json\/wp\/v2\/product_tag?post=5026"}],"curies":[{"name":"wp","href":"https:\/\/api.w.org\/{rel}","templated":true}]}}