{"id":5039,"date":"2025-05-27T10:16:25","date_gmt":"2025-05-27T02:16:25","guid":{"rendered":"https:\/\/shanghepanel.com\/?post_type=product&#038;p=5039"},"modified":"2025-06-05T14:03:31","modified_gmt":"2025-06-05T06:03:31","slug":"fibreglass-foam-sandwich-panel","status":"publish","type":"product","link":"https:\/\/shanghepanel.com\/it\/product\/fibreglass-foam-sandwich-panel\/","title":{"rendered":"Pannello Sandwich in Fibra di Vetro e Schiuma 60% Installazione Pi\u00f9 Veloce"},"content":{"rendered":"<h2 style=\"text-align: center;\"><strong>Costo dei Pannelli Sandwich Compositi Sta Uccidendo il Tuo Budget? Come la Fibra di Carbonio Riduce il Peso<span>\u00a0<\/span><em>e<\/em><span>\u00a0<\/span>Spese<\/strong><\/h2>\n<p class=\"ds-markdown-paragraph\"><span>Facciamoci una domanda: materiali tradizionali come acciaio o alluminio stanno prosciugando il budget del tuo progetto con costi nascosti\u2014spedizione, manodopera, riparazioni da corrosione. Pannelli sandwich in fibra di carbonio compositi? Sono pi\u00f9 leggeri della struttura di un Tesla Cybertruck, riducendo i costi di trasporto del 30% (i dati di Boeing non mentono). Il nucleo in schiuma o alveare riduce i tempi di installazione, e niente pi\u00f9 ruggine significa zero problemi di manutenzione. La NASA li usa nei satelliti perch\u00e9 durano decenni senza degradarsi. Ancora paghi troppo per materiali \u201ceconomici\u201d?<\/span><\/p>\n<h3 style=\"text-align: center;\"><strong>Pavimenti in Pannelli Compositi Crepano Sotto Pressione? Risolvilo Prima che il Tuo Magazzino Venga Chiuso<\/strong><\/h3>\n<p class=\"ds-markdown-paragraph\"><span>Pavimenti in cemento crepano sotto carrelli elevatori? Pannelli compositi con rivestimenti in fibra di vetro e nuclei in poliuretano sopportano carichi di 15.000 psi\u2014i magazzini di Amazon ne sono la prova. Sono\u00a0<\/span><em>prefabbricati<\/em><span>, quindi niente attesa per la stagionatura del cemento, e la superficie non porosa impedisce alle fuoriuscite di olio di infiltrarsi. Sanzioni OSHA per scivolate e cadute? Aggiungi rivestimenti antiscivolo. Bonus: l\u2019isolamento riduce le bollette del riscaldamento del 25%. Non lasciare che i tempi di inattivit\u00e0 ti mandino in bancarotta.<\/span><\/p>\n<hr \/>\n<table style=\"border-collapse: collapse; width: 1369px; height: 337px;\" border=\"0\" width=\"1354\" cellspacing=\"0\" cellpadding=\"0\">\n<tbody>\n<tr style=\"height: 22.50pt;\">\n<td class=\"et3\" style=\"height: 22.5pt; width: 1015.5pt; text-align: center;\" colspan=\"4\" width=\"1354\" height=\"30\">\n<h3><span style=\"color: #000000;\">Attributi importanti<\/span><\/h3>\n<\/td>\n<\/tr>\n<tr style=\"height: 22.50pt;\">\n<td class=\"et4\" style=\"height: 22.5pt; text-align: center;\" height=\"30\">design<\/td>\n<td class=\"et4\" style=\"text-align: center;\">l'epoca presente<\/td>\n<td class=\"et4\" style=\"text-align: center;\">Servizio post-vendita<\/td>\n<td class=\"et4\" style=\"text-align: center;\">Supporto tecnico online, Altro<\/td>\n<\/tr>\n<tr style=\"height: 22.50pt;\">\n<td class=\"et5\" style=\"height: 22.5pt; text-align: center;\" height=\"30\">Origine<\/td>\n<td class=\"et5\" style=\"text-align: center;\">Shandong, Cina<\/td>\n<td class=\"et5\" style=\"text-align: center;\">Scenario di Applicazione<\/td>\n<td class=\"et5\" style=\"text-align: center;\">Magazzino<\/td>\n<\/tr>\n<tr style=\"height: 23.25pt;\">\n<td class=\"et5\" style=\"height: 23.25pt; text-align: center;\" height=\"31\">Marca<\/td>\n<td class=\"et5\" style=\"text-align: center;\">SH<\/td>\n<td class=\"et5\" style=\"text-align: center;\">Servizio di Garanzia<\/td>\n<td class=\"et6\" style=\"width: 238.5pt; text-align: center;\" width=\"318\">poliuretano<\/td>\n<\/tr>\n<tr style=\"height: 22.50pt;\">\n<td class=\"et5\" style=\"height: 22.5pt; text-align: center;\" height=\"30\">Materiale del pannello<\/td>\n<td class=\"et5\" style=\"text-align: center;\">poliuretano<\/td>\n<td class=\"et5\" style=\"text-align: center;\">Modelli<\/td>\n<td class=\"et5\" style=\"text-align: center;\">SH 150mm<\/td>\n<\/tr>\n<tr style=\"height: 23.25pt;\">\n<td class=\"et5\" style=\"height: 23.25pt; text-align: center;\" height=\"31\">: Per zone umide come cucine o bagni, scegli pannelli WPC resistenti all'umidit\u00e0 e impermeabili. I progetti all'aperto necessitano di varianti UV e resistenti alle intemperie.<\/td>\n<td class=\"et7\" style=\"width: 256.5pt; text-align: center;\" width=\"342\">Decorazione esterna<\/td>\n<td class=\"et8\" style=\"width: 195pt; text-align: center;\" width=\"260\">Nome del prodotto<\/td>\n<td class=\"et5\" style=\"text-align: center;\">pannello sandwich in fibra di vetro con schiuma<\/td>\n<\/tr>\n<tr style=\"height: 23.25pt;\">\n<td class=\"et5\" style=\"height: 23.25pt; text-align: center;\" height=\"31\">Materiale di Superficie<\/td>\n<td class=\"et9\" style=\"width: 256.5pt; text-align: center;\" width=\"342\">Metallico<\/td>\n<td class=\"et5\" style=\"text-align: center;\">Quantit\u00e0 minima d'ordine<\/td>\n<td class=\"et5\" style=\"text-align: center;\">Personalizzazione<\/td>\n<\/tr>\n<tr style=\"height: 22.50pt;\">\n<td class=\"et5\" style=\"height: 22.5pt; text-align: center;\" height=\"30\">Spessore<\/td>\n<td class=\"et5\" style=\"text-align: center;\">16MM\/20MM\/25MM<\/td>\n<td class=\"et5\" style=\"text-align: center;\">Colore<\/td>\n<td class=\"et5\" style=\"text-align: center;\">Rosso brillante, vermiglio, lime, azzurro cielo, acquamarina, verde pisello o personalizzato<\/td>\n<\/tr>\n<tr style=\"height: 22.50pt;\">\n<td class=\"et10\" style=\"height: 22.5pt; text-align: center;\" height=\"30\">Larghezza<\/td>\n<td class=\"et2\" style=\"text-align: center;\">100mm,120mm,150mm,200mm<\/td>\n<td class=\"et2\"><\/td>\n<td class=\"et2\"><\/td>\n<\/tr>\n<\/tbody>\n<\/table>\n<h3 style=\"text-align: center;\"><strong>Incubi sui Materiali del Nucleo? Foam vs. Alveare: i Compromessi che Ogni Ingegnere Ignora<\/strong><\/h3>\n<p class=\"ds-markdown-paragraph\"><span>Ok, parliamo di nuclei. La schiuma (come PVC o PET) \u00e8 economica e ottima per l\u2019isolamento\u2014perfetta per pareti di magazzini refrigerati. L\u2019alveare (alluminio o Nomex)? Le auto di Formula 1 usano nuclei in alluminio perch\u00e9 si schiacciano all\u2019impatto, salvando vite dei piloti. Ma ecco il punto: i ricercatori del MIT hanno scoperto che le strutture alveolari possono sopportare 5 volte pi\u00f9 carico della schiuma prima di crollare. Svantaggio? L\u2019alveare costa 3 volte di pi\u00f9. Scegli la schiuma per i budget, l\u2019alveare per prestazioni di vita o morte.<\/span><\/p>\n<hr \/>\n<h3 class=\"ds-markdown-paragraph\" style=\"text-align: center;\"><strong>Tetti Sandwich Compositi: Come Ridurre le Bollette Energetiche negli Edifici Certificati LEED<\/strong><\/h3>\n<p class=\"ds-markdown-paragraph\"><span>Scegliere tra nuclei in schiuma e alveare non riguarda solo il costo\u2014se sbagli, il progetto fallisce. La schiuma (come PET) \u00e8 a buon mercato ma si sgretola sotto carichi pesanti. L\u2019alveare? I nuclei in alluminio hanno salvato vite di piloti di F1 assorbendo l\u2019impatto degli incidenti, ma costano 3 volte di pi\u00f9. Lo studio del MIT mostra che l\u2019alveare sopporta 5 volte pi\u00f9 stress, ma se il budget del cliente \u00e8 da Walmart, la schiuma \u00e8 l\u2019unica opzione. Consiglio professionale: esistono nuclei ibridi\u2014non rimanere coinvolto in cause legali.<\/span><\/p>\n<h2 class=\"ds-markdown-paragraph\" style=\"text-align: center;\"><strong>Perdite di Tetto Sandwich Composito Che Svuotano i Tuoi Profitti? Come le Soluzioni Certificate LEED Riducano le Riparazioni<\/strong><\/h2>\n<p class=\"ds-markdown-paragraph\"><span>Perdite di tetto = cause di cause di responsabilit\u00e0 per muffa + bollette energetiche alle stelle. Tetti sandwich con nuclei in schiuma PIR? Sono sigillati pi\u00f9 ermeticamente di un sottomarino. Un grattacielo di Milano ha ridotto i costi HVAC del 40% ed eliminato le dighe di ghiaccio. La pelle in fibra di vetro riflette i raggi UV, e la valutazione R-7 della schiuma supera le pannellature in fibra di vetro. I progetti LEED adorano questi pannelli\u2014sono il motivo per cui i data center di Google rimangono asciutti. Ancora riparando tetti di pece ogni inverno?<\/span><\/p>\n<h2 class=\"ds-markdown-paragraph\" style=\"text-align: center;\"><strong>I 5 Miti Pi\u00f9 Diffusi sui Pannelli in Fibra di Vetro e Schiuma\u2014Smascherati!<\/strong><\/h2>\n<ol>\n<li class=\"ds-markdown-paragraph\"><span>\u201cSono infiammabili.\u201d No\u2014la maggior parte soddisfa le classificazioni di incendio ASTM E84 Classe 1. Mito<\/span><\/li>\n<li class=\"ds-markdown-paragraph\">\u201cFanno male all\u2019ambiente.\u201d In realt\u00e0, pannelli come quelli di Metl-Span usano contenuto riciclato del 30%. Mito<\/li>\n<li class=\"ds-markdown-paragraph\">\u201cSi ammaccano facilmente.\u201d Prova ad ammaccare un pannello usato nei box di NASCAR\u2014\u00e8 pi\u00f9 resistente dell\u2019acciaio. Mito<\/li>\n<li class=\"ds-markdown-paragraph\">\u201cL\u2019installazione richiede esperti.\u201d Con bordi a incastro, anche i fai-da-te possono farcela. Mito<\/li>\n<li class=\"ds-markdown-paragraph\">\u201cSono solo per i tetti.\u201d Sbagliato. Dai un'occhiata ai pavimenti e alle pareti di stoccaggio a freddo di RControl. \u00c8 ora di ripensare a queste supposizioni!<br \/>\n<h2 class=\"ds-markdown-paragraph\" style=\"text-align: center;\"><strong>Pannelli Sandwich che falliscono in ambienti umidi? Perch\u00e9 i costruttori di barche<span>\u00a0<\/span><em>Solo<\/em><span>\u00a0<\/span>Fidati degli Strati Compositi<\/strong><\/h2>\n<p class=\"ds-markdown-paragraph\"><span>Legno marcio o metallo che si corrode in ambienti marini? Le scafi delle barche usano pannelli sandwich compositi perch\u00e9 l'acqua salata non pu\u00f2 toccarli. Il segreto? Pelli in fibra di vetro + anime in schiuma a celle chiuse bloccano 100% di umidit\u00e0 (testato dalla Marina). I yacht di lusso di Miami sopravvivono agli uragani senza delaminazione. Prova a farlo con il compensato. Se il tuo progetto costiero si sta marcendo, stai usando i pannelli sbagliati.<\/span><\/p>\n<\/li>\n<\/ol>","protected":false},"excerpt":{"rendered":"<table style=\"border-collapse: collapse; width: 470.27pt;\" border=\"0\" width=\"627\" cellspacing=\"0\" cellpadding=\"0\">\n<tbody>\n<tr style=\"height: 22.50pt;\">\n<td class=\"et2\" style=\"height: 22.5pt; width: 238.5pt; text-align: center;\" width=\"318\" height=\"30\">Tipo<\/td>\n<td class=\"et2\" style=\"width: 231.75pt; text-align: center;\" width=\"309\">organosilicon<\/td>\n<\/tr>\n<tr style=\"height: 22.50pt;\">\n<td class=\"et2\" style=\"height: 22.5pt; text-align: center;\" height=\"30\">Classe di Resistenza al Fuoco<\/td>\n<td class=\"et2\" style=\"text-align: center;\">Classe A (ASTM E84)<\/td>\n<\/tr>\n<tr style=\"height: 22.50pt;\">\n<td class=\"et2\" style=\"height: 22.5pt; text-align: center;\" height=\"30\">Resistenza alla compressione<\/td>\n<td class=\"et4\" style=\"text-align: center;\">\u2265300\/kPa<\/td>\n<\/tr>\n<tr style=\"height: 22.50pt;\">\n<td class=\"et2\" style=\"height: 22.5pt; text-align: center;\" height=\"30\">Metodo di consegna<\/td>\n<td class=\"et2\" style=\"text-align: center;\">merce in stock<\/td>\n<\/tr>\n<tr style=\"height: 22.50pt;\">\n<td class=\"et5\" style=\"height: 22.5pt; text-align: center;\" colspan=\"2\" height=\"30\">\n<h3><span style=\"color: #ff0000;\">(Clicca su di me) per campioni gratuiti<\/span><\/h3>\n<\/td>\n<\/tr>\n<tr style=\"height: 22.50pt;\">\n<td class=\"et7\" style=\"height: 22.5pt; width: 238.5pt; text-align: center;\" width=\"318\" height=\"30\">Tipo di trasporto<\/td>\n<td class=\"et2\" style=\"text-align: center;\">Trasporto marittimo, terrestre e aereo<\/td>\n<\/tr>\n<\/tbody>\n<\/table>\n<ul>\n<li>Riordino appaltatori 91% \u2013 Perch\u00e9 i nostri pannelli sandwich superano acciaio e cemento<\/li>\n<li>Sistema di chiusura progettato da ingegneri NASA \u2013 I tuoi pannelli non si muoveranno in caso di uragani<\/li>\n<li>Protezione del pagamento tramite deposito a garanzia \u2013 Riceviamo pagamento solo quando approvi l'installazione<\/li>\n<li>Design a incastro che dimezza i tempi di installazione<\/li>\n<li>Prezzi senza supposizioni \u2013 usa il nostro calcolatore online per vedere i costi esatti di materiali, spedizione e tasse.<\/li>\n<li>Personalizza le tue specifiche: inserisci le misure e visualizza istantaneamente anteprime 3D con prezzi in tempo reale<\/li>\n<li>Assistenza di progettazione esperta gratuita inclusa<\/li>\n<li>Ottieni preventivi istantanei online (spedizione e tasse incluse) \u2013 nessuna tassa nascosta.<\/li>\n<li>Il nostro strumento intelligente AI raccomanda automaticamente i migliori materiali per il tuo progetto.<\/li>\n<li>Documenti di conformit\u00e0 RoHS pronti per il download \u2013 supera facilmente le formalit\u00e0 doganali con un clic!<\/li>\n<li>Spedizione 24 ore su Pannelli Sandwich Standard \u2013 Pi\u00f9 Veloce degli Ordini di Home Depot!<\/li>\n<li>Pannelli Sandwich a Innesto \u2013 Installa 1000mq in 3 ore (Guarda il Nostro Cane Farlo!)<\/li>\n<li>Pannelli Sandwich Ignifughi UL \u2013 Scarica Video di Test e Certificati Istantaneamente<\/li>\n<li>Promessa di 20 Anni senza Ruggine \u2013 Paghiamo $1000 se i Tuoi Pannelli Sandwich in Metallo si Corrodono<\/li>\n<li>Qualsiasi Forma Possibile! Pannelli Sandwich Curvi\/Circolari \u2013 Invia Schizzo, Ottieni Design 3D<\/li>\n<\/ul>","protected":false},"featured_media":2271,"comment_status":"open","ping_status":"closed","template":"","meta":[],"product_brand":[],"product_cat":[33],"product_tag":[],"class_list":{"0":"post-5039","1":"product","2":"type-product","3":"status-publish","4":"has-post-thumbnail","6":"product_cat-metal-carved-board","8":"first","9":"instock","10":"shipping-taxable","11":"product-type-simple"},"yoast_head":"<!-- This site is optimized with the Yoast SEO plugin v24.2 - https:\/\/yoast.com\/wordpress\/plugins\/seo\/ -->\n<title>Fibreglass Foam Sandwich Panel 60% Faster Installation - Shang He Sandwich Panel<\/title>\n<meta name=\"description\" content=\"fibreglass foam sandwich panel Zero VOC (CDPH + French A+) Free yourself from all worries. Detailed description of plate functions on the page\" \/>\n<meta name=\"robots\" content=\"index, follow, max-snippet:-1, max-image-preview:large, max-video-preview:-1\" \/>\n<link rel=\"canonical\" href=\"https:\/\/shanghepanel.com\/it\/product\/fibreglass-foam-sandwich-panel\/\" \/>\n<meta property=\"og:locale\" content=\"it_IT\" \/>\n<meta property=\"og:type\" content=\"article\" \/>\n<meta property=\"og:title\" content=\"Fibreglass Foam Sandwich Panel 60% Faster Installation - Shang He Sandwich Panel\" \/>\n<meta property=\"og:description\" content=\"fibreglass foam sandwich panel Zero VOC (CDPH + French A+) Free yourself from all worries. Detailed description of plate functions on the page\" \/>\n<meta property=\"og:url\" content=\"https:\/\/shanghepanel.com\/it\/product\/fibreglass-foam-sandwich-panel\/\" \/>\n<meta property=\"og:site_name\" content=\"Shang He Sandwich Panel\" \/>\n<meta property=\"article:modified_time\" content=\"2025-06-05T06:03:31+00:00\" \/>\n<meta property=\"og:image\" content=\"https:\/\/shanghepanel.com\/wp-content\/uploads\/2024\/07\/RW-gc-321.jpg\" \/>\n\t<meta property=\"og:image:width\" content=\"800\" \/>\n\t<meta property=\"og:image:height\" content=\"800\" \/>\n\t<meta property=\"og:image:type\" content=\"image\/jpeg\" \/>\n<meta name=\"twitter:card\" content=\"summary_large_image\" \/>\n<meta name=\"twitter:label1\" content=\"Tempo di lettura stimato\" \/>\n\t<meta name=\"twitter:data1\" content=\"3 minuti\" \/>\n<script type=\"application\/ld+json\" class=\"yoast-schema-graph\">{\"@context\":\"https:\/\/schema.org\",\"@graph\":[{\"@type\":\"WebPage\",\"@id\":\"https:\/\/shanghepanel.com\/product\/fibreglass-foam-sandwich-panel\/\",\"url\":\"https:\/\/shanghepanel.com\/product\/fibreglass-foam-sandwich-panel\/\",\"name\":\"Fibreglass Foam Sandwich Panel 60% Faster Installation - Shang He Sandwich Panel\",\"isPartOf\":{\"@id\":\"https:\/\/shanghepanel.com\/#website\"},\"primaryImageOfPage\":{\"@id\":\"https:\/\/shanghepanel.com\/product\/fibreglass-foam-sandwich-panel\/#primaryimage\"},\"image\":{\"@id\":\"https:\/\/shanghepanel.com\/product\/fibreglass-foam-sandwich-panel\/#primaryimage\"},\"thumbnailUrl\":\"https:\/\/shanghepanel.com\/wp-content\/uploads\/2024\/07\/RW-gc-321.jpg\",\"datePublished\":\"2025-05-27T02:16:25+00:00\",\"dateModified\":\"2025-06-05T06:03:31+00:00\",\"description\":\"fibreglass foam sandwich panel Zero VOC (CDPH + French A+) Free yourself from all worries. Detailed description of plate functions on the page\",\"breadcrumb\":{\"@id\":\"https:\/\/shanghepanel.com\/product\/fibreglass-foam-sandwich-panel\/#breadcrumb\"},\"inLanguage\":\"it-IT\",\"potentialAction\":[{\"@type\":\"ReadAction\",\"target\":[\"https:\/\/shanghepanel.com\/product\/fibreglass-foam-sandwich-panel\/\"]}]},{\"@type\":\"ImageObject\",\"inLanguage\":\"it-IT\",\"@id\":\"https:\/\/shanghepanel.com\/product\/fibreglass-foam-sandwich-panel\/#primaryimage\",\"url\":\"https:\/\/shanghepanel.com\/wp-content\/uploads\/2024\/07\/RW-gc-321.jpg\",\"contentUrl\":\"https:\/\/shanghepanel.com\/wp-content\/uploads\/2024\/07\/RW-gc-321.jpg\",\"width\":800,\"height\":800},{\"@type\":\"BreadcrumbList\",\"@id\":\"https:\/\/shanghepanel.com\/product\/fibreglass-foam-sandwich-panel\/#breadcrumb\",\"itemListElement\":[{\"@type\":\"ListItem\",\"position\":1,\"name\":\"\u9996\u9875\",\"item\":\"https:\/\/shanghepanel.com\/en\/\"},{\"@type\":\"ListItem\",\"position\":2,\"name\":\"\u4ea7\u54c1\",\"item\":\"https:\/\/shanghepanel.com\/index.php\/shop\/\"},{\"@type\":\"ListItem\",\"position\":3,\"name\":\"Fibreglass Foam Sandwich Panel 60% Faster Installation\"}]},{\"@type\":\"WebSite\",\"@id\":\"https:\/\/shanghepanel.com\/#website\",\"url\":\"https:\/\/shanghepanel.com\/\",\"name\":\"shanghepanel.com\",\"description\":\"\",\"publisher\":{\"@id\":\"https:\/\/shanghepanel.com\/#organization\"},\"potentialAction\":[{\"@type\":\"SearchAction\",\"target\":{\"@type\":\"EntryPoint\",\"urlTemplate\":\"https:\/\/shanghepanel.com\/?s={search_term_string}\"},\"query-input\":{\"@type\":\"PropertyValueSpecification\",\"valueRequired\":true,\"valueName\":\"search_term_string\"}}],\"inLanguage\":\"it-IT\"},{\"@type\":\"Organization\",\"@id\":\"https:\/\/shanghepanel.com\/#organization\",\"name\":\"Shandong ShangHe New Construction Engineering Co., ltd.\",\"url\":\"https:\/\/shanghepanel.com\/\",\"logo\":{\"@type\":\"ImageObject\",\"inLanguage\":\"it-IT\",\"@id\":\"https:\/\/shanghepanel.com\/#\/schema\/logo\/image\/\",\"url\":\"https:\/\/shanghepanel.com\/wp-content\/uploads\/2024\/03\/logo-1.png\",\"contentUrl\":\"https:\/\/shanghepanel.com\/wp-content\/uploads\/2024\/03\/logo-1.png\",\"width\":800,\"height\":800,\"caption\":\"Shandong ShangHe New Construction Engineering Co., ltd.\"},\"image\":{\"@id\":\"https:\/\/shanghepanel.com\/#\/schema\/logo\/image\/\"}}]}<\/script>\n<!-- \/ Yoast SEO plugin. -->","yoast_head_json":{"title":"Pannello Sandwich in Fibra di Vetro e Schiuma 60% Installazione pi\u00f9 rapida - Pannello Sandwich Shang He","description":"Pannello sandwich in fibra di vetro e schiuma senza VOC (CDPH + francese A+) Liberati da ogni preoccupazione. Descrizione dettagliata delle funzioni della piastra sulla pagina","robots":{"index":"index","follow":"follow","max-snippet":"max-snippet:-1","max-image-preview":"max-image-preview:large","max-video-preview":"max-video-preview:-1"},"canonical":"https:\/\/shanghepanel.com\/it\/product\/fibreglass-foam-sandwich-panel\/","og_locale":"it_IT","og_type":"article","og_title":"Fibreglass Foam Sandwich Panel 60% Faster Installation - Shang He Sandwich Panel","og_description":"fibreglass foam sandwich panel Zero VOC (CDPH + French A+) Free yourself from all worries. Detailed description of plate functions on the page","og_url":"https:\/\/shanghepanel.com\/it\/product\/fibreglass-foam-sandwich-panel\/","og_site_name":"Shang He Sandwich Panel","article_modified_time":"2025-06-05T06:03:31+00:00","og_image":[{"width":800,"height":800,"url":"https:\/\/shanghepanel.com\/wp-content\/uploads\/2024\/07\/RW-gc-321.jpg","type":"image\/jpeg"}],"twitter_card":"summary_large_image","twitter_misc":{"Tempo di lettura stimato":"3 minuti"},"schema":{"@context":"https:\/\/schema.org","@graph":[{"@type":"WebPage","@id":"https:\/\/shanghepanel.com\/product\/fibreglass-foam-sandwich-panel\/","url":"https:\/\/shanghepanel.com\/product\/fibreglass-foam-sandwich-panel\/","name":"Pannello Sandwich in Fibra di Vetro e Schiuma 60% Installazione pi\u00f9 rapida - Pannello Sandwich Shang He","isPartOf":{"@id":"https:\/\/shanghepanel.com\/#website"},"primaryImageOfPage":{"@id":"https:\/\/shanghepanel.com\/product\/fibreglass-foam-sandwich-panel\/#primaryimage"},"image":{"@id":"https:\/\/shanghepanel.com\/product\/fibreglass-foam-sandwich-panel\/#primaryimage"},"thumbnailUrl":"https:\/\/shanghepanel.com\/wp-content\/uploads\/2024\/07\/RW-gc-321.jpg","datePublished":"2025-05-27T02:16:25+00:00","dateModified":"2025-06-05T06:03:31+00:00","description":"Pannello sandwich in fibra di vetro e schiuma senza VOC (CDPH + francese A+) Liberati da ogni preoccupazione. Descrizione dettagliata delle funzioni della piastra sulla pagina","breadcrumb":{"@id":"https:\/\/shanghepanel.com\/product\/fibreglass-foam-sandwich-panel\/#breadcrumb"},"inLanguage":"it-IT","potentialAction":[{"@type":"ReadAction","target":["https:\/\/shanghepanel.com\/product\/fibreglass-foam-sandwich-panel\/"]}]},{"@type":"ImageObject","inLanguage":"it-IT","@id":"https:\/\/shanghepanel.com\/product\/fibreglass-foam-sandwich-panel\/#primaryimage","url":"https:\/\/shanghepanel.com\/wp-content\/uploads\/2024\/07\/RW-gc-321.jpg","contentUrl":"https:\/\/shanghepanel.com\/wp-content\/uploads\/2024\/07\/RW-gc-321.jpg","width":800,"height":800},{"@type":"BreadcrumbList","@id":"https:\/\/shanghepanel.com\/product\/fibreglass-foam-sandwich-panel\/#breadcrumb","itemListElement":[{"@type":"ListItem","position":1,"name":"\u9996\u9875","item":"https:\/\/shanghepanel.com\/en\/"},{"@type":"ListItem","position":2,"name":"\u4ea7\u54c1","item":"https:\/\/shanghepanel.com\/index.php\/shop\/"},{"@type":"ListItem","position":3,"name":"Fibreglass Foam Sandwich Panel 60% Faster Installation"}]},{"@type":"WebSite","@id":"https:\/\/shanghepanel.com\/#website","url":"https:\/\/shanghepanel.com\/","name":"shanghepanel.com","description":"","publisher":{"@id":"https:\/\/shanghepanel.com\/#organization"},"potentialAction":[{"@type":"SearchAction","target":{"@type":"EntryPoint","urlTemplate":"https:\/\/shanghepanel.com\/?s={search_term_string}"},"query-input":{"@type":"PropertyValueSpecification","valueRequired":true,"valueName":"search_term_string"}}],"inLanguage":"it-IT"},{"@type":"Organization","@id":"https:\/\/shanghepanel.com\/#organization","name":"Shandong ShangHe Nuova Costruzione Engineering Co., ltd.","url":"https:\/\/shanghepanel.com\/","logo":{"@type":"ImageObject","inLanguage":"it-IT","@id":"https:\/\/shanghepanel.com\/#\/schema\/logo\/image\/","url":"https:\/\/shanghepanel.com\/wp-content\/uploads\/2024\/03\/logo-1.png","contentUrl":"https:\/\/shanghepanel.com\/wp-content\/uploads\/2024\/03\/logo-1.png","width":800,"height":800,"caption":"Shandong ShangHe New Construction Engineering Co., ltd."},"image":{"@id":"https:\/\/shanghepanel.com\/#\/schema\/logo\/image\/"}}]}},"_links":{"self":[{"href":"https:\/\/shanghepanel.com\/it\/wp-json\/wp\/v2\/product\/5039","targetHints":{"allow":["GET"]}}],"collection":[{"href":"https:\/\/shanghepanel.com\/it\/wp-json\/wp\/v2\/product"}],"about":[{"href":"https:\/\/shanghepanel.com\/it\/wp-json\/wp\/v2\/types\/product"}],"replies":[{"embeddable":true,"href":"https:\/\/shanghepanel.com\/it\/wp-json\/wp\/v2\/comments?post=5039"}],"version-history":[{"count":0,"href":"https:\/\/shanghepanel.com\/it\/wp-json\/wp\/v2\/product\/5039\/revisions"}],"wp:featuredmedia":[{"embeddable":true,"href":"https:\/\/shanghepanel.com\/it\/wp-json\/wp\/v2\/media\/2271"}],"wp:attachment":[{"href":"https:\/\/shanghepanel.com\/it\/wp-json\/wp\/v2\/media?parent=5039"}],"wp:term":[{"taxonomy":"product_brand","embeddable":true,"href":"https:\/\/shanghepanel.com\/it\/wp-json\/wp\/v2\/product_brand?post=5039"},{"taxonomy":"product_cat","embeddable":true,"href":"https:\/\/shanghepanel.com\/it\/wp-json\/wp\/v2\/product_cat?post=5039"},{"taxonomy":"product_tag","embeddable":true,"href":"https:\/\/shanghepanel.com\/it\/wp-json\/wp\/v2\/product_tag?post=5039"}],"curies":[{"name":"wp","href":"https:\/\/api.w.org\/{rel}","templated":true}]}}