{"id":5054,"date":"2025-05-27T15:06:54","date_gmt":"2025-05-27T07:06:54","guid":{"rendered":"https:\/\/shanghepanel.com\/?post_type=product&#038;p=5054"},"modified":"2025-06-05T11:59:14","modified_gmt":"2025-06-05T03:59:14","slug":"aluminium-foam-sandwich-panels","status":"publish","type":"product","link":"https:\/\/shanghepanel.com\/it\/product\/aluminium-foam-sandwich-panels\/","title":{"rendered":"Pannelli Sandwich in Schiuma di Alluminio (Nucleo di Fuoco Ul 94 V-0)"},"content":{"rendered":"<h2 class=\"ds-markdown-paragraph\" style=\"text-align: center;\"><span style=\"color: #000000;\"><strong>Perch\u00e9 i Pannelli Sandwich in Schiuma di Alluminio Durano Pi\u00f9 dei Materiali Edilizi Tradizionali (Insight di 20 Anni di David nel Settore)<\/strong><\/span><\/h2>\n<p class=\"ds-markdown-paragraph\"><span style=\"color: #000000;\">Ciao, sono David, e dopo due decenni nell'industria dei pannelli sandwich, ho visto\u00a0<em><a style=\"color: #000000;\" href=\"https:\/\/shanghepanel.com\/product\/aluminum-sandwich-panels\/\">alluminio<\/a> pannelli sandwich in schiuma<\/em>\u00a0risolvere problemi che la maggior parte dei costruttori nemmeno si rendono conto di avere. Siamo onesti\u2014materiali tradizionali come l'acciaio o i compositi di base si crepano sotto pressione, letteralmente. Questi pannelli? Sono leggeri ma resistenti come l'acciaio, grazie al nucleo in schiuma che assorbe gli urti come un campione. Pensali come gli \u201cammortizzatori\u201d della costruzione\u2014perfetti per magazzini o fabbriche dove le vibrazioni delle macchine potrebbero danneggiare materiali meno resistenti.<\/span><\/p>\n<hr \/>\n<table style=\"border-collapse: collapse; width: 1369px; height: 337px;\" border=\"0\" width=\"1354\" cellspacing=\"0\" cellpadding=\"0\">\n<tbody>\n<tr style=\"height: 22.50pt;\">\n<td class=\"et3\" style=\"height: 22.5pt; width: 1015.5pt; text-align: center;\" colspan=\"4\" width=\"1354\" height=\"30\">\n<h3><span style=\"color: #000000;\">Attributi importanti<\/span><\/h3>\n<\/td>\n<\/tr>\n<tr style=\"height: 22.50pt;\">\n<td class=\"et4\" style=\"height: 22.5pt; text-align: center;\" height=\"30\"><span style=\"color: #000000;\">design<\/span><\/td>\n<td class=\"et4\" style=\"text-align: center;\"><span style=\"color: #000000;\">l'epoca presente<\/span><\/td>\n<td class=\"et4\" style=\"text-align: center;\"><span style=\"color: #000000;\">Servizio post-vendita<\/span><\/td>\n<td class=\"et4\" style=\"text-align: center;\"><span style=\"color: #000000;\">Supporto tecnico online, Altro<\/span><\/td>\n<\/tr>\n<tr style=\"height: 22.50pt;\">\n<td class=\"et5\" style=\"height: 22.5pt; text-align: center;\" height=\"30\"><span style=\"color: #000000;\">Origine<\/span><\/td>\n<td class=\"et5\" style=\"text-align: center;\"><span style=\"color: #000000;\">Shandong, Cina<\/span><\/td>\n<td class=\"et5\" style=\"text-align: center;\"><span style=\"color: #000000;\">Scenario di Applicazione<\/span><\/td>\n<td class=\"et5\" style=\"text-align: center;\"><span style=\"color: #000000;\">Magazzino<\/span><\/td>\n<\/tr>\n<tr style=\"height: 23.25pt;\">\n<td class=\"et5\" style=\"height: 23.25pt; text-align: center;\" height=\"31\"><span style=\"color: #000000;\">Marca<\/span><\/td>\n<td class=\"et5\" style=\"text-align: center;\"><span style=\"color: #000000;\">SH<\/span><\/td>\n<td class=\"et5\" style=\"text-align: center;\"><span style=\"color: #000000;\">Servizio di Garanzia<\/span><\/td>\n<td class=\"et6\" style=\"width: 238.5pt; text-align: center;\" width=\"318\"><span style=\"color: #000000;\">poliuretano<\/span><\/td>\n<\/tr>\n<tr style=\"height: 22.50pt;\">\n<td class=\"et5\" style=\"height: 22.5pt; text-align: center;\" height=\"30\"><span style=\"color: #000000;\">Materiale del pannello<\/span><\/td>\n<td class=\"et5\" style=\"text-align: center;\"><span style=\"color: #000000;\">poliuretano<\/span><\/td>\n<td class=\"et5\" style=\"text-align: center;\"><span style=\"color: #000000;\">Modelli<\/span><\/td>\n<td class=\"et5\" style=\"text-align: center;\"><span style=\"color: #000000;\">SH 150mm<\/span><\/td>\n<\/tr>\n<tr style=\"height: 23.25pt;\">\n<td class=\"et5\" style=\"height: 23.25pt; text-align: center;\" height=\"31\"><span style=\"color: #000000;\">: Per zone umide come cucine o bagni, scegli pannelli WPC resistenti all'umidit\u00e0 e impermeabili. I progetti all'aperto necessitano di varianti UV e resistenti alle intemperie.<\/span><\/td>\n<td class=\"et7\" style=\"width: 256.5pt; text-align: center;\" width=\"342\"><span style=\"color: #000000;\">Decorazione esterna<\/span><\/td>\n<td class=\"et8\" style=\"width: 195pt; text-align: center;\" width=\"260\"><span style=\"color: #000000;\">Nome del prodotto<\/span><\/td>\n<td class=\"et5\" style=\"text-align: center;\"><span style=\"color: #000000;\">pannelli sandwich in schiuma di alluminio<\/span><\/td>\n<\/tr>\n<tr style=\"height: 23.25pt;\">\n<td class=\"et5\" style=\"height: 23.25pt; text-align: center;\" height=\"31\"><span style=\"color: #000000;\">Materiale di Superficie<\/span><\/td>\n<td class=\"et9\" style=\"width: 256.5pt; text-align: center;\" width=\"342\"><span style=\"color: #000000;\">Metallico<\/span><\/td>\n<td class=\"et5\" style=\"text-align: center;\"><span style=\"color: #000000;\">Quantit\u00e0 minima d'ordine<\/span><\/td>\n<td class=\"et5\" style=\"text-align: center;\"><span style=\"color: #000000;\">Personalizzazione<\/span><\/td>\n<\/tr>\n<tr style=\"height: 22.50pt;\">\n<td class=\"et5\" style=\"height: 22.5pt; text-align: center;\" height=\"30\"><span style=\"color: #000000;\">Spessore<\/span><\/td>\n<td class=\"et5\" style=\"text-align: center;\"><span style=\"color: #000000;\">16MM\/20MM\/25MM<\/span><\/td>\n<td class=\"et5\" style=\"text-align: center;\"><span style=\"color: #000000;\">Colore<\/span><\/td>\n<td class=\"et5\" style=\"text-align: center;\"><span style=\"color: #000000;\">Rosso brillante, vermiglio, lime, azzurro cielo, acquamarina, verde pisello o personalizzato<\/span><\/td>\n<\/tr>\n<tr style=\"height: 22.50pt;\">\n<td class=\"et10\" style=\"height: 22.5pt; text-align: center;\" height=\"30\"><span style=\"color: #000000;\">Larghezza<\/span><\/td>\n<td class=\"et2\" style=\"text-align: center;\"><span style=\"color: #000000;\">100mm,120mm,150mm,200mm<\/span><\/td>\n<td class=\"et2\"><\/td>\n<td class=\"et2\"><\/td>\n<\/tr>\n<\/tbody>\n<\/table>\n<hr \/>\n<h2 class=\"ds-markdown-paragraph\" style=\"text-align: center;\"><span style=\"color: #000000;\"><strong>Pannelli Sandwich in Schiuma di Alluminio con Pelle in XPS: Riduci le Bollette Energetiche del 30% (Trucco Provato)<\/strong><\/span><\/h2>\n<p class=\"ds-markdown-paragraph\"><span style=\"color: #000000;\">Vuoi ridurre i costi di riscaldamento\/raffreddamento senza demolire le pareti?\u00a0<em>pannelli sandwich in schiuma di alluminio con pelle in XPS<\/em>\u00a0sono la tua arma segreta. Ecco perch\u00e9: la struttura a celle chiuse della schiuma XPS blocca l'efficienza termica, mentre la pelle in alluminio riflette il calore come uno specchio. Ho avuto clienti in Italia che li hanno usati e hanno ridotto i costi di aria condizionata di un terzo. Inoltre, sono resistenti alla muffa\u2014niente pi\u00f9 brutte sorprese in climi umidi.<\/span><\/p>\n<h2 class=\"ds-markdown-paragraph\" style=\"text-align: center;\"><span style=\"color: #000000;\"><strong>Pannello Composito in Alluminio vs. Nucleo in Schiuma: Chi Risparmia Pi\u00f9 Tempo e Denaro?<\/strong><\/span><\/h2>\n<p class=\"ds-markdown-paragraph\"><span style=\"color: #000000;\">Risolveremo questa disputa.\u00a0<em>pannelli compositi in alluminio<\/em>\u00a0(ACP) sono eleganti, ma il loro nucleo di plastica si scioglie sotto il fuoco. I pannelli con nucleo in schiuma? Sono a prova di incendio e si installano il doppio pi\u00f9 velocemente. Un progetto in aeroporto su cui ho lavorato ha risparmiato 12.000 euro solo in manodopera perch\u00e9 le squadre non avevano bisogno di strumenti speciali. Consiglio professionale: se la durabilit\u00e0 \u00e8 pi\u00f9 importante dell'estetica, evita l'ACP.<\/span><\/p>\n<h3 class=\"ds-markdown-paragraph\" style=\"text-align: center;\"><span style=\"color: #000000;\"><strong>Rivestimento in Alluminio che Ti Sta Fallendo? Ecco la Soluzione Solo per Veterani come David<\/strong><\/span><\/h3>\n<p class=\"ds-markdown-paragraph\"><span style=\"color: #000000;\">Scrostamento\u00a0<em>rivestimento in alluminio<\/em>\u00a0che ti fa impazzire? Non sei il solo. La maggior parte degli installatori salta la primer anti-corrosione\u2014grande errore. Con pannelli con supporto in schiuma, il rivestimento si lega chimicamente al nucleo, quindi nessuno spazio per l'umidit\u00e0 di infiltrarsi. Bonus: i progetti certificati LEED amano questa combinazione per la sua durata di 50 anni.<\/span><\/p>\n<h3 class=\"ds-markdown-paragraph\" style=\"text-align: center;\"><span style=\"color: #000000;\"><strong>Miti sui Pannelli Sandwich in Alluminio Sfatati (Cosa le Grandi Marche Non Ti Diranno)<\/strong><\/span><\/h3>\n<p class=\"ds-markdown-paragraph\"><span style=\"color: #000000;\">\u201cSono troppo costosi.\u201d \u201cSi ammaccano facilmente.\u201d No\u2014questo \u00e8 gossip obsoleto. Moderno\u00a0<em>pannelli sandwich in alluminio<\/em>\u00a0costano 20% meno delle pareti in calcestruzzo isolato. E resistenti alle ammaccature? Prova a appendere un'unit\u00e0 HVAC da 200 libbre su una di esse. Ho visto questi pannelli resistere a venti da uragano in Florida senza un graffio.<\/span><\/p>\n<h3 class=\"ds-markdown-paragraph\" style=\"text-align: center;\"><span style=\"color: #000000;\"><strong>Fessure nelle Pannelli Sandwich? Ecco il Dettaglio 1 90% che gli appaltatori trascurano<\/strong><\/span><\/h3>\n<p class=\"ds-markdown-paragraph\"><span style=\"color: #000000;\">Le perdite avvengono perch\u00e9 gli amatori usano sigillante in silicone. Mossa sbagliata. Il trucco? Nastri di butile tra le giunzioni dei pannelli\u2014rimangono flessibili a -40\u00b0F d'inverno. L'ho imparato a mie spese in un progetto di magazzino in Canada. Abbinalo a bordi interbloccanti, e avrai una fortezza impermeabile.<\/span><\/p>","protected":false},"excerpt":{"rendered":"<table style=\"border-collapse: collapse; width: 470.27pt;\" border=\"0\" width=\"627\" cellspacing=\"0\" cellpadding=\"0\">\n<tbody>\n<tr style=\"height: 22.50pt;\">\n<td class=\"et2\" style=\"height: 22.5pt; width: 238.5pt; text-align: center;\" width=\"318\" height=\"30\">Tipo<\/td>\n<td class=\"et2\" style=\"width: 231.75pt; text-align: center;\" width=\"309\">organosilicon<\/td>\n<\/tr>\n<tr style=\"height: 22.50pt;\">\n<td class=\"et2\" style=\"height: 22.5pt; text-align: center;\" height=\"30\">Classe di Resistenza al Fuoco<\/td>\n<td class=\"et2\" style=\"text-align: center;\">Classe A (ASTM E84)<\/td>\n<\/tr>\n<tr style=\"height: 22.50pt;\">\n<td class=\"et2\" style=\"height: 22.5pt; text-align: center;\" height=\"30\">Resistenza alla compressione<\/td>\n<td class=\"et4\" style=\"text-align: center;\">\u2265300\/kPa<\/td>\n<\/tr>\n<tr style=\"height: 22.50pt;\">\n<td class=\"et2\" style=\"height: 22.5pt; text-align: center;\" height=\"30\">Metodo di consegna<\/td>\n<td class=\"et2\" style=\"text-align: center;\">merce in stock<\/td>\n<\/tr>\n<tr style=\"height: 22.50pt;\">\n<td class=\"et5\" style=\"height: 22.5pt; text-align: center;\" colspan=\"2\" height=\"30\">\n<h3><span style=\"color: #ff0000;\">(Clicca su di me) per campioni gratuiti<\/span><\/h3>\n<\/td>\n<\/tr>\n<tr style=\"height: 22.50pt;\">\n<td class=\"et7\" style=\"height: 22.5pt; width: 238.5pt; text-align: center;\" width=\"318\" height=\"30\">Tipo di trasporto<\/td>\n<td class=\"et2\" style=\"text-align: center;\">Trasporto marittimo, terrestre e aereo<\/td>\n<\/tr>\n<\/tbody>\n<\/table>\n<ul>\n<li>Riordino appaltatori 91% \u2013 Perch\u00e9 i nostri pannelli sandwich superano acciaio e cemento<\/li>\n<li>Sistema di chiusura progettato da ingegneri NASA \u2013 I tuoi pannelli non si muoveranno in caso di uragani<\/li>\n<li>Protezione del pagamento tramite deposito a garanzia \u2013 Riceviamo pagamento solo quando approvi l'installazione<\/li>\n<li>Design a incastro che dimezza i tempi di installazione<\/li>\n<li>Prezzi senza supposizioni \u2013 usa il nostro calcolatore online per vedere i costi esatti di materiali, spedizione e tasse.<\/li>\n<li>Personalizza le tue specifiche: inserisci le misure e visualizza istantaneamente anteprime 3D con prezzi in tempo reale<\/li>\n<li>Assistenza di progettazione esperta gratuita inclusa<\/li>\n<li>Ottieni preventivi istantanei online (spedizione e tasse incluse) \u2013 nessuna tassa nascosta.<\/li>\n<li>Il nostro strumento intelligente AI raccomanda automaticamente i migliori materiali per il tuo progetto.<\/li>\n<\/ul>","protected":false},"featured_media":2276,"comment_status":"open","ping_status":"closed","template":"","meta":[],"product_brand":[],"product_cat":[33],"product_tag":[],"class_list":{"0":"post-5054","1":"product","2":"type-product","3":"status-publish","4":"has-post-thumbnail","6":"product_cat-metal-carved-board","8":"first","9":"instock","10":"shipping-taxable","11":"product-type-simple"},"yoast_head":"<!-- This site is optimized with the Yoast SEO plugin v24.2 - https:\/\/yoast.com\/wordpress\/plugins\/seo\/ -->\n<title>Aluminium Foam Sandwich Panels (Ul 94 V-0 Fire Core) - Shang He Sandwich Panel<\/title>\n<meta name=\"description\" content=\"fiberglass sandwich panels This piece of content gives you the details\u3002Give you different results Click on me and I&#039;ll surprise you.aluminium foam sandwich panels\" \/>\n<meta name=\"robots\" content=\"index, follow, max-snippet:-1, max-image-preview:large, max-video-preview:-1\" \/>\n<link rel=\"canonical\" href=\"https:\/\/shanghepanel.com\/it\/product\/aluminium-foam-sandwich-panels\/\" \/>\n<meta property=\"og:locale\" content=\"it_IT\" \/>\n<meta property=\"og:type\" content=\"article\" \/>\n<meta property=\"og:title\" content=\"Aluminium Foam Sandwich Panels (Ul 94 V-0 Fire Core) - Shang He Sandwich Panel\" \/>\n<meta property=\"og:description\" content=\"fiberglass sandwich panels This piece of content gives you the details\u3002Give you different results Click on me and I&#039;ll surprise you.aluminium foam sandwich panels\" \/>\n<meta property=\"og:url\" content=\"https:\/\/shanghepanel.com\/it\/product\/aluminium-foam-sandwich-panels\/\" \/>\n<meta property=\"og:site_name\" content=\"Shang He Sandwich Panel\" \/>\n<meta property=\"article:modified_time\" content=\"2025-06-05T03:59:14+00:00\" \/>\n<meta property=\"og:image\" content=\"https:\/\/shanghepanel.com\/wp-content\/uploads\/2024\/07\/RW-gc-367.jpg\" \/>\n\t<meta property=\"og:image:width\" content=\"800\" \/>\n\t<meta property=\"og:image:height\" content=\"800\" \/>\n\t<meta property=\"og:image:type\" content=\"image\/jpeg\" \/>\n<meta name=\"twitter:card\" content=\"summary_large_image\" \/>\n<meta name=\"twitter:label1\" content=\"Tempo di lettura stimato\" \/>\n\t<meta name=\"twitter:data1\" content=\"3 minuti\" \/>\n<script type=\"application\/ld+json\" class=\"yoast-schema-graph\">{\"@context\":\"https:\/\/schema.org\",\"@graph\":[{\"@type\":\"WebPage\",\"@id\":\"https:\/\/shanghepanel.com\/product\/aluminium-foam-sandwich-panels\/\",\"url\":\"https:\/\/shanghepanel.com\/product\/aluminium-foam-sandwich-panels\/\",\"name\":\"Aluminium Foam Sandwich Panels (Ul 94 V-0 Fire Core) - Shang He Sandwich Panel\",\"isPartOf\":{\"@id\":\"https:\/\/shanghepanel.com\/#website\"},\"primaryImageOfPage\":{\"@id\":\"https:\/\/shanghepanel.com\/product\/aluminium-foam-sandwich-panels\/#primaryimage\"},\"image\":{\"@id\":\"https:\/\/shanghepanel.com\/product\/aluminium-foam-sandwich-panels\/#primaryimage\"},\"thumbnailUrl\":\"https:\/\/shanghepanel.com\/wp-content\/uploads\/2024\/07\/RW-gc-367.jpg\",\"datePublished\":\"2025-05-27T07:06:54+00:00\",\"dateModified\":\"2025-06-05T03:59:14+00:00\",\"description\":\"fiberglass sandwich panels This piece of content gives you the details\u3002Give you different results Click on me and I'll surprise you.aluminium foam sandwich panels\",\"breadcrumb\":{\"@id\":\"https:\/\/shanghepanel.com\/product\/aluminium-foam-sandwich-panels\/#breadcrumb\"},\"inLanguage\":\"it-IT\",\"potentialAction\":[{\"@type\":\"ReadAction\",\"target\":[\"https:\/\/shanghepanel.com\/product\/aluminium-foam-sandwich-panels\/\"]}]},{\"@type\":\"ImageObject\",\"inLanguage\":\"it-IT\",\"@id\":\"https:\/\/shanghepanel.com\/product\/aluminium-foam-sandwich-panels\/#primaryimage\",\"url\":\"https:\/\/shanghepanel.com\/wp-content\/uploads\/2024\/07\/RW-gc-367.jpg\",\"contentUrl\":\"https:\/\/shanghepanel.com\/wp-content\/uploads\/2024\/07\/RW-gc-367.jpg\",\"width\":800,\"height\":800},{\"@type\":\"BreadcrumbList\",\"@id\":\"https:\/\/shanghepanel.com\/product\/aluminium-foam-sandwich-panels\/#breadcrumb\",\"itemListElement\":[{\"@type\":\"ListItem\",\"position\":1,\"name\":\"\u9996\u9875\",\"item\":\"https:\/\/shanghepanel.com\/en\/\"},{\"@type\":\"ListItem\",\"position\":2,\"name\":\"\u4ea7\u54c1\",\"item\":\"https:\/\/shanghepanel.com\/index.php\/shop\/\"},{\"@type\":\"ListItem\",\"position\":3,\"name\":\"Aluminium Foam Sandwich Panels (Ul 94 V-0 Fire Core)\"}]},{\"@type\":\"WebSite\",\"@id\":\"https:\/\/shanghepanel.com\/#website\",\"url\":\"https:\/\/shanghepanel.com\/\",\"name\":\"shanghepanel.com\",\"description\":\"\",\"publisher\":{\"@id\":\"https:\/\/shanghepanel.com\/#organization\"},\"potentialAction\":[{\"@type\":\"SearchAction\",\"target\":{\"@type\":\"EntryPoint\",\"urlTemplate\":\"https:\/\/shanghepanel.com\/?s={search_term_string}\"},\"query-input\":{\"@type\":\"PropertyValueSpecification\",\"valueRequired\":true,\"valueName\":\"search_term_string\"}}],\"inLanguage\":\"it-IT\"},{\"@type\":\"Organization\",\"@id\":\"https:\/\/shanghepanel.com\/#organization\",\"name\":\"Shandong ShangHe New Construction Engineering Co., ltd.\",\"url\":\"https:\/\/shanghepanel.com\/\",\"logo\":{\"@type\":\"ImageObject\",\"inLanguage\":\"it-IT\",\"@id\":\"https:\/\/shanghepanel.com\/#\/schema\/logo\/image\/\",\"url\":\"https:\/\/shanghepanel.com\/wp-content\/uploads\/2024\/03\/logo-1.png\",\"contentUrl\":\"https:\/\/shanghepanel.com\/wp-content\/uploads\/2024\/03\/logo-1.png\",\"width\":800,\"height\":800,\"caption\":\"Shandong ShangHe New Construction Engineering Co., ltd.\"},\"image\":{\"@id\":\"https:\/\/shanghepanel.com\/#\/schema\/logo\/image\/\"}}]}<\/script>\n<!-- \/ Yoast SEO plugin. -->","yoast_head_json":{"title":"Pannelli Sandwich in Schiuma di Alluminio (Nucleo ignifugo UL 94 V-0) - Pannello Sandwich Shang He","description":"Pannelli sandwich in fibra di vetro Questo contenuto ti d\u00e0 i dettagli. Ti dar\u00e0 risultati diversi. Clicca su di me e ti sorprender\u00f2. Pannelli sandwich in schiuma di alluminio","robots":{"index":"index","follow":"follow","max-snippet":"max-snippet:-1","max-image-preview":"max-image-preview:large","max-video-preview":"max-video-preview:-1"},"canonical":"https:\/\/shanghepanel.com\/it\/product\/aluminium-foam-sandwich-panels\/","og_locale":"it_IT","og_type":"article","og_title":"Aluminium Foam Sandwich Panels (Ul 94 V-0 Fire Core) - Shang He Sandwich Panel","og_description":"fiberglass sandwich panels This piece of content gives you the details\u3002Give you different results Click on me and I'll surprise you.aluminium foam sandwich panels","og_url":"https:\/\/shanghepanel.com\/it\/product\/aluminium-foam-sandwich-panels\/","og_site_name":"Shang He Sandwich Panel","article_modified_time":"2025-06-05T03:59:14+00:00","og_image":[{"width":800,"height":800,"url":"https:\/\/shanghepanel.com\/wp-content\/uploads\/2024\/07\/RW-gc-367.jpg","type":"image\/jpeg"}],"twitter_card":"summary_large_image","twitter_misc":{"Tempo di lettura stimato":"3 minuti"},"schema":{"@context":"https:\/\/schema.org","@graph":[{"@type":"WebPage","@id":"https:\/\/shanghepanel.com\/product\/aluminium-foam-sandwich-panels\/","url":"https:\/\/shanghepanel.com\/product\/aluminium-foam-sandwich-panels\/","name":"Pannelli Sandwich in Schiuma di Alluminio (Nucleo ignifugo UL 94 V-0) - Pannello Sandwich Shang He","isPartOf":{"@id":"https:\/\/shanghepanel.com\/#website"},"primaryImageOfPage":{"@id":"https:\/\/shanghepanel.com\/product\/aluminium-foam-sandwich-panels\/#primaryimage"},"image":{"@id":"https:\/\/shanghepanel.com\/product\/aluminium-foam-sandwich-panels\/#primaryimage"},"thumbnailUrl":"https:\/\/shanghepanel.com\/wp-content\/uploads\/2024\/07\/RW-gc-367.jpg","datePublished":"2025-05-27T07:06:54+00:00","dateModified":"2025-06-05T03:59:14+00:00","description":"Pannelli sandwich in fibra di vetro Questo contenuto ti d\u00e0 i dettagli. Ti dar\u00e0 risultati diversi. Clicca su di me e ti sorprender\u00f2. Pannelli sandwich in schiuma di alluminio","breadcrumb":{"@id":"https:\/\/shanghepanel.com\/product\/aluminium-foam-sandwich-panels\/#breadcrumb"},"inLanguage":"it-IT","potentialAction":[{"@type":"ReadAction","target":["https:\/\/shanghepanel.com\/product\/aluminium-foam-sandwich-panels\/"]}]},{"@type":"ImageObject","inLanguage":"it-IT","@id":"https:\/\/shanghepanel.com\/product\/aluminium-foam-sandwich-panels\/#primaryimage","url":"https:\/\/shanghepanel.com\/wp-content\/uploads\/2024\/07\/RW-gc-367.jpg","contentUrl":"https:\/\/shanghepanel.com\/wp-content\/uploads\/2024\/07\/RW-gc-367.jpg","width":800,"height":800},{"@type":"BreadcrumbList","@id":"https:\/\/shanghepanel.com\/product\/aluminium-foam-sandwich-panels\/#breadcrumb","itemListElement":[{"@type":"ListItem","position":1,"name":"\u9996\u9875","item":"https:\/\/shanghepanel.com\/en\/"},{"@type":"ListItem","position":2,"name":"\u4ea7\u54c1","item":"https:\/\/shanghepanel.com\/index.php\/shop\/"},{"@type":"ListItem","position":3,"name":"Aluminium Foam Sandwich Panels (Ul 94 V-0 Fire Core)"}]},{"@type":"WebSite","@id":"https:\/\/shanghepanel.com\/#website","url":"https:\/\/shanghepanel.com\/","name":"shanghepanel.com","description":"","publisher":{"@id":"https:\/\/shanghepanel.com\/#organization"},"potentialAction":[{"@type":"SearchAction","target":{"@type":"EntryPoint","urlTemplate":"https:\/\/shanghepanel.com\/?s={search_term_string}"},"query-input":{"@type":"PropertyValueSpecification","valueRequired":true,"valueName":"search_term_string"}}],"inLanguage":"it-IT"},{"@type":"Organization","@id":"https:\/\/shanghepanel.com\/#organization","name":"Shandong ShangHe Nuova Costruzione Engineering Co., ltd.","url":"https:\/\/shanghepanel.com\/","logo":{"@type":"ImageObject","inLanguage":"it-IT","@id":"https:\/\/shanghepanel.com\/#\/schema\/logo\/image\/","url":"https:\/\/shanghepanel.com\/wp-content\/uploads\/2024\/03\/logo-1.png","contentUrl":"https:\/\/shanghepanel.com\/wp-content\/uploads\/2024\/03\/logo-1.png","width":800,"height":800,"caption":"Shandong ShangHe New Construction Engineering Co., ltd."},"image":{"@id":"https:\/\/shanghepanel.com\/#\/schema\/logo\/image\/"}}]}},"_links":{"self":[{"href":"https:\/\/shanghepanel.com\/it\/wp-json\/wp\/v2\/product\/5054","targetHints":{"allow":["GET"]}}],"collection":[{"href":"https:\/\/shanghepanel.com\/it\/wp-json\/wp\/v2\/product"}],"about":[{"href":"https:\/\/shanghepanel.com\/it\/wp-json\/wp\/v2\/types\/product"}],"replies":[{"embeddable":true,"href":"https:\/\/shanghepanel.com\/it\/wp-json\/wp\/v2\/comments?post=5054"}],"version-history":[{"count":0,"href":"https:\/\/shanghepanel.com\/it\/wp-json\/wp\/v2\/product\/5054\/revisions"}],"wp:featuredmedia":[{"embeddable":true,"href":"https:\/\/shanghepanel.com\/it\/wp-json\/wp\/v2\/media\/2276"}],"wp:attachment":[{"href":"https:\/\/shanghepanel.com\/it\/wp-json\/wp\/v2\/media?parent=5054"}],"wp:term":[{"taxonomy":"product_brand","embeddable":true,"href":"https:\/\/shanghepanel.com\/it\/wp-json\/wp\/v2\/product_brand?post=5054"},{"taxonomy":"product_cat","embeddable":true,"href":"https:\/\/shanghepanel.com\/it\/wp-json\/wp\/v2\/product_cat?post=5054"},{"taxonomy":"product_tag","embeddable":true,"href":"https:\/\/shanghepanel.com\/it\/wp-json\/wp\/v2\/product_tag?post=5054"}],"curies":[{"name":"wp","href":"https:\/\/api.w.org\/{rel}","templated":true}]}}