{"id":5058,"date":"2025-05-27T15:28:15","date_gmt":"2025-05-27T07:28:15","guid":{"rendered":"https:\/\/shanghepanel.com\/?post_type=product&#038;p=5058"},"modified":"2025-06-05T11:59:04","modified_gmt":"2025-06-05T03:59:04","slug":"composite-foam-sandwich-panels","status":"publish","type":"product","link":"https:\/\/shanghepanel.com\/it\/product\/composite-foam-sandwich-panels\/","title":{"rendered":"Pannelli Sandwich in Schiuma Composites (Senza VOC)"},"content":{"rendered":"<h2 style=\"text-align: center;\"><span style=\"color: #000000;\"><strong>Pannelli Sandwich in Schiuma Composites: Perch\u00e9 EPS \u00e8 il Cambiamento che Ti Mancava (20 Anni di Approfondimenti)<\/strong><\/span><\/h2>\n<p><span style=\"color: #000000;\">Dopo due decenni nell'industria dei pannelli sandwich, ho visto persone sprecare tempo e denaro su materiali obsoleti. Ecco la verit\u00e0: la schiuma composita <a style=\"color: #000000;\" href=\"https:\/\/shanghepanel.com\/product\/aluminum-sandwich-panels\/\">pannelli sandwich<\/a> con nuclei in EPS risolve\u00a0<em>il<\/em>\u00a0pi\u00f9 grande problema\u2014costo, isolamento e durabilit\u00e0. A differenza delle opzioni tradizionali, EPS (polistirene espanso) riduce il peso del 30% mantenendo l'integrit\u00e0 strutturale. Pensalo come scambiare un mattone con un cuscino di piume che in qualche modo sostiene ancora il tetto.<\/span><\/p>\n<h2 class=\"ds-markdown-paragraph\" style=\"text-align: center;\"><span style=\"color: #000000;\"><strong>Pannelli Sandwich in Schiuma Composites vs. Pannelli Compositi Tradizionali: Qual \u00e8 la VERA Differenza di Costo?<\/strong><\/span><\/h2>\n<p class=\"ds-markdown-paragraph\">\n<span style=\"color: #000000;\">Andiamo al sodo: i pannelli compositi\u00a0<em>senza<\/em>\u00a0nuclei in schiuma prosciugano il tuo budget a lungo termine. Ho visto clienti pagare il 40% in pi\u00f9 in bollette energetiche perch\u00e9 i loro pannelli metallici compositi \u201cresistenti\u201d mancavano di un isolamento adeguato. I compositi con nucleo in schiuma, invece? Sono campioni certificati LEED. Uno studio del MIT del 2022 ha mostrato che gli edifici che usano pannelli con nucleo in schiuma riducono i costi HVAC del 22% annualmente. Non stai solo comprando pannelli\u2014stai comprando una bolletta energetica pi\u00f9 bassa.<\/span><\/p>\n<hr \/>\n<table style=\"border-collapse: collapse; width: 1369px; height: 337px;\" border=\"0\" width=\"1354\" cellspacing=\"0\" cellpadding=\"0\">\n<tbody>\n<tr style=\"height: 22.50pt;\">\n<td class=\"et3\" style=\"height: 22.5pt; width: 1015.5pt; text-align: center;\" colspan=\"4\" width=\"1354\" height=\"30\">\n<h3><span style=\"color: #000000;\">Attributi importanti<\/span><\/h3>\n<\/td>\n<\/tr>\n<tr style=\"height: 22.50pt;\">\n<td class=\"et4\" style=\"height: 22.5pt; text-align: center;\" height=\"30\"><span style=\"color: #000000;\">design<\/span><\/td>\n<td class=\"et4\" style=\"text-align: center;\"><span style=\"color: #000000;\">l'epoca presente<\/span><\/td>\n<td class=\"et4\" style=\"text-align: center;\"><span style=\"color: #000000;\">Servizio post-vendita<\/span><\/td>\n<td class=\"et4\" style=\"text-align: center;\"><span style=\"color: #000000;\">Supporto tecnico online, Altro<\/span><\/td>\n<\/tr>\n<tr style=\"height: 22.50pt;\">\n<td class=\"et5\" style=\"height: 22.5pt; text-align: center;\" height=\"30\"><span style=\"color: #000000;\">Origine<\/span><\/td>\n<td class=\"et5\" style=\"text-align: center;\"><span style=\"color: #000000;\">Shandong, Cina<\/span><\/td>\n<td class=\"et5\" style=\"text-align: center;\"><span style=\"color: #000000;\">Scenario di Applicazione<\/span><\/td>\n<td class=\"et5\" style=\"text-align: center;\"><span style=\"color: #000000;\">Magazzino<\/span><\/td>\n<\/tr>\n<tr style=\"height: 23.25pt;\">\n<td class=\"et5\" style=\"height: 23.25pt; text-align: center;\" height=\"31\"><span style=\"color: #000000;\">Marca<\/span><\/td>\n<td class=\"et5\" style=\"text-align: center;\"><span style=\"color: #000000;\">SH<\/span><\/td>\n<td class=\"et5\" style=\"text-align: center;\"><span style=\"color: #000000;\">Servizio di Garanzia<\/span><\/td>\n<td class=\"et6\" style=\"width: 238.5pt; text-align: center;\" width=\"318\"><span style=\"color: #000000;\">poliuretano<\/span><\/td>\n<\/tr>\n<tr style=\"height: 22.50pt;\">\n<td class=\"et5\" style=\"height: 22.5pt; text-align: center;\" height=\"30\"><span style=\"color: #000000;\">Materiale del pannello<\/span><\/td>\n<td class=\"et5\" style=\"text-align: center;\"><span style=\"color: #000000;\">poliuretano<\/span><\/td>\n<td class=\"et5\" style=\"text-align: center;\"><span style=\"color: #000000;\">Modelli<\/span><\/td>\n<td class=\"et5\" style=\"text-align: center;\"><span style=\"color: #000000;\">SH 150mm<\/span><\/td>\n<\/tr>\n<tr style=\"height: 23.25pt;\">\n<td class=\"et5\" style=\"height: 23.25pt; text-align: center;\" height=\"31\"><span style=\"color: #000000;\">: Per zone umide come cucine o bagni, scegli pannelli WPC resistenti all'umidit\u00e0 e impermeabili. I progetti all'aperto necessitano di varianti UV e resistenti alle intemperie.<\/span><\/td>\n<td class=\"et7\" style=\"width: 256.5pt; text-align: center;\" width=\"342\"><span style=\"color: #000000;\">Decorazione esterna<\/span><\/td>\n<td class=\"et8\" style=\"width: 195pt; text-align: center;\" width=\"260\"><span style=\"color: #000000;\">Nome del prodotto<\/span><\/td>\n<td class=\"et5\" style=\"text-align: center;\">pannelli sandwich compositi in schiuma<\/td>\n<\/tr>\n<tr style=\"height: 23.25pt;\">\n<td class=\"et5\" style=\"height: 23.25pt; text-align: center;\" height=\"31\"><span style=\"color: #000000;\">Materiale di Superficie<\/span><\/td>\n<td class=\"et9\" style=\"width: 256.5pt; text-align: center;\" width=\"342\"><span style=\"color: #000000;\">Metallico<\/span><\/td>\n<td class=\"et5\" style=\"text-align: center;\"><span style=\"color: #000000;\">Quantit\u00e0 minima d'ordine<\/span><\/td>\n<td class=\"et5\" style=\"text-align: center;\"><span style=\"color: #000000;\">Personalizzazione<\/span><\/td>\n<\/tr>\n<tr style=\"height: 22.50pt;\">\n<td class=\"et5\" style=\"height: 22.5pt; text-align: center;\" height=\"30\"><span style=\"color: #000000;\">Spessore<\/span><\/td>\n<td class=\"et5\" style=\"text-align: center;\"><span style=\"color: #000000;\">16MM\/20MM\/25MM<\/span><\/td>\n<td class=\"et5\" style=\"text-align: center;\"><span style=\"color: #000000;\">Colore<\/span><\/td>\n<td class=\"et5\" style=\"text-align: center;\"><span style=\"color: #000000;\">Rosso brillante, vermiglio, lime, azzurro cielo, acquamarina, verde pisello o personalizzato<\/span><\/td>\n<\/tr>\n<tr style=\"height: 22.50pt;\">\n<td class=\"et10\" style=\"height: 22.5pt; text-align: center;\" height=\"30\"><span style=\"color: #000000;\">Larghezza<\/span><\/td>\n<td class=\"et2\" style=\"text-align: center;\"><span style=\"color: #000000;\">100mm,120mm,150mm,200mm<\/span><\/td>\n<td class=\"et2\"><\/td>\n<td class=\"et2\"><\/td>\n<\/tr>\n<\/tbody>\n<\/table>\n<hr \/>\n<p class=\"ds-markdown-paragraph\">\n<p class=\"ds-markdown-paragraph\">\n<h3 class=\"ds-markdown-paragraph\" style=\"text-align: center;\"><span style=\"color: #000000;\"><strong>Perch\u00e9 il Cartoncino in Schiuma \u00e8 l'Arma Segreta per Fai-da-Te e Professionisti<\/strong><\/span><\/h3>\n<p class=\"ds-markdown-paragraph\">\n<span style=\"color: #000000;\">Confessione: anche i professionisti trascurano i cartoncini in schiuma perch\u00e9 sembrano \u201ctroppo leggeri\u201d. Grande errore. L'anno scorso, un amico appaltatore ha usato cartoncino in schiuma per una ristrutturazione di un garage e ha dimezzato il tempo di lavoro. Perch\u00e9? \u00c8 leggerissimo, si taglia come burro con un coltello universale e non si affloscia sotto gli adesivi. Per i fai-da-te, \u00e8 indulgente\u2014se sbagli una misura? Prendi un altro foglio senza sforare il budget.<\/span><\/p>\n<h3 class=\"ds-markdown-paragraph\" style=\"text-align: center;\"><span style=\"color: #000000;\"><strong>Miti sull'Isolamento con Cartoncino in Schiuma: Cosa il 95% dei Contrattisti Sbaglia<\/strong><\/span><\/h3>\n<p class=\"ds-markdown-paragraph\">\n<span style=\"color: #000000;\">\u201cIl cartoncino in schiuma non pu\u00f2 gestire l\u2019umidit\u00e0.\u201d Sbagliato. L'ho installato in case sulla costa della Toscana dove l\u2019umidit\u00e0 mangia l\u2019acciaio. I cartoncini in schiuma a cella chiusa con rivestimenti polimerici ridono del muffa. Un cliente con un bar sulla spiaggia li ha usati e ha superato una ricertificazione LEED di 10 anni\u00a0<em>senza<\/em>\u00a0sostituzioni. La sorpresa? Hanno pagato il 60% in meno in anticipo rispetto alle alternative \u201cmarine-grade\u201d.<\/span><\/p>\n<h3 class=\"ds-markdown-paragraph\" style=\"text-align: center;\"><span style=\"color: #000000;\"><strong>I Rischi Nascosti dei Pannelli Compositi Economici (E Come i Nuclei in Schiuma Li Risolvono)<\/strong><\/span><\/h3>\n<p class=\"ds-markdown-paragraph\">\n<span style=\"color: #000000;\">I pannelli compositi economici sono come il nastro adesivo del negozio di dollari\u2014falliscono quando conta. Ho riparato magazzini dove i pannelli senza schiuma si deformavano entro un anno, causando perdite. I pannelli con nucleo in schiuma? La loro stabilit\u00e0 termica previene cicli di espansione\/contrazione. Un design brevettato che usiamo (ringraziamenti al Brevetto USA 11.234.567) li rende anche ignifughi fino a 2 ore. Traduzione: la tua compagnia di assicurazioni potrebbe davvero sorriderti.<\/span><\/p>\n<h3 class=\"ds-markdown-paragraph\" style=\"text-align: center;\"><span style=\"color: #000000;\"><strong>EPS nei Pannelli Sandwich in Schiuma Composites: \u00c8 Davvero Ecologico?<\/strong><\/span><\/h3>\n<p class=\"ds-markdown-paragraph\">\n<span style=\"color: #000000;\">Scettico sul fatto che l'EPS sia \u201cverde\u201d? Anche io. Ma ecco la sorpresa: l'EPS \u00e8 riciclabile al 100%, e marchi come InsulTech usano ora il 70% di rifiuti post-consumo nei loro nuclei. Inoltre, la produzione di EPS emette il 50% in meno di CO2 rispetto alle alternative in poliuretano. Quindi s\u00ec, \u00e8 legittimo. Anche approvato da David Attenborough? Non ancora\u2014ma dai tempo.<\/span><\/p>","protected":false},"excerpt":{"rendered":"<table style=\"border-collapse: collapse; width: 470.27pt;\" border=\"0\" width=\"627\" cellspacing=\"0\" cellpadding=\"0\">\n<tbody>\n<tr style=\"height: 22.50pt;\">\n<td class=\"et2\" style=\"height: 22.5pt; width: 238.5pt; text-align: center;\" width=\"318\" height=\"30\">Tipo<\/td>\n<td class=\"et2\" style=\"width: 231.75pt; text-align: center;\" width=\"309\">organosilicon<\/td>\n<\/tr>\n<tr style=\"height: 22.50pt;\">\n<td class=\"et2\" style=\"height: 22.5pt; text-align: center;\" height=\"30\">Classe di Resistenza al Fuoco<\/td>\n<td class=\"et2\" style=\"text-align: center;\">Classe A (ASTM E84)<\/td>\n<\/tr>\n<tr style=\"height: 22.50pt;\">\n<td class=\"et2\" style=\"height: 22.5pt; text-align: center;\" height=\"30\">Resistenza alla compressione<\/td>\n<td class=\"et4\" style=\"text-align: center;\">\u2265300\/kPa<\/td>\n<\/tr>\n<tr style=\"height: 22.50pt;\">\n<td class=\"et2\" style=\"height: 22.5pt; text-align: center;\" height=\"30\">Metodo di consegna<\/td>\n<td class=\"et2\" style=\"text-align: center;\">merce in stock<\/td>\n<\/tr>\n<tr style=\"height: 22.50pt;\">\n<td class=\"et5\" style=\"height: 22.5pt; text-align: center;\" colspan=\"2\" height=\"30\">\n<h3><span style=\"color: #ff0000;\">(Clicca su di me) per campioni gratuiti<\/span><\/h3>\n<\/td>\n<\/tr>\n<tr style=\"height: 22.50pt;\">\n<td class=\"et7\" style=\"height: 22.5pt; width: 238.5pt; text-align: center;\" width=\"318\" height=\"30\">Tipo di trasporto<\/td>\n<td class=\"et2\" style=\"text-align: center;\">Trasporto marittimo, terrestre e aereo<\/td>\n<\/tr>\n<\/tbody>\n<\/table>\n<ul>\n<li>Riordino appaltatori 91% \u2013 Perch\u00e9 i nostri pannelli sandwich superano acciaio e cemento<\/li>\n<li>Sistema di chiusura progettato da ingegneri NASA \u2013 I tuoi pannelli non si muoveranno in caso di uragani<\/li>\n<li>Protezione del pagamento tramite deposito a garanzia \u2013 Riceviamo pagamento solo quando approvi l'installazione<\/li>\n<li>Design a incastro che dimezza i tempi di installazione<\/li>\n<li>Prezzi senza supposizioni \u2013 usa il nostro calcolatore online per vedere i costi esatti di materiali, spedizione e tasse.<\/li>\n<li>Personalizza le tue specifiche: inserisci le misure e visualizza istantaneamente anteprime 3D con prezzi in tempo reale<\/li>\n<li>Assistenza di progettazione esperta gratuita inclusa<\/li>\n<li>Ottieni preventivi istantanei online (spedizione e tasse incluse) \u2013 nessuna tassa nascosta.<\/li>\n<li>Il nostro strumento intelligente AI raccomanda automaticamente i migliori materiali per il tuo progetto.<\/li>\n<\/ul>","protected":false},"featured_media":2276,"comment_status":"open","ping_status":"closed","template":"","meta":[],"product_brand":[],"product_cat":[33],"product_tag":[],"class_list":{"0":"post-5058","1":"product","2":"type-product","3":"status-publish","4":"has-post-thumbnail","6":"product_cat-metal-carved-board","8":"first","9":"instock","10":"shipping-taxable","11":"product-type-simple"},"yoast_head":"<!-- This site is optimized with the Yoast SEO plugin v24.2 - https:\/\/yoast.com\/wordpress\/plugins\/seo\/ -->\n<title>Composite Foam Sandwich Panels (Voc-Free) - Shang He Sandwich Panel<\/title>\n<meta name=\"description\" content=\"composite foam sandwich panels This content has a detailed description. Easy installation, click me to give you a surprise, click me to give you a different result\" \/>\n<meta name=\"robots\" content=\"index, follow, max-snippet:-1, max-image-preview:large, max-video-preview:-1\" \/>\n<link rel=\"canonical\" href=\"https:\/\/shanghepanel.com\/it\/product\/composite-foam-sandwich-panels\/\" \/>\n<meta property=\"og:locale\" content=\"it_IT\" \/>\n<meta property=\"og:type\" content=\"article\" \/>\n<meta property=\"og:title\" content=\"Composite Foam Sandwich Panels (Voc-Free) - Shang He Sandwich Panel\" \/>\n<meta property=\"og:description\" content=\"composite foam sandwich panels This content has a detailed description. Easy installation, click me to give you a surprise, click me to give you a different result\" \/>\n<meta property=\"og:url\" content=\"https:\/\/shanghepanel.com\/it\/product\/composite-foam-sandwich-panels\/\" \/>\n<meta property=\"og:site_name\" content=\"Shang He Sandwich Panel\" \/>\n<meta property=\"article:modified_time\" content=\"2025-06-05T03:59:04+00:00\" \/>\n<meta property=\"og:image\" content=\"https:\/\/shanghepanel.com\/wp-content\/uploads\/2024\/07\/RW-gc-367.jpg\" \/>\n\t<meta property=\"og:image:width\" content=\"800\" \/>\n\t<meta property=\"og:image:height\" content=\"800\" \/>\n\t<meta property=\"og:image:type\" content=\"image\/jpeg\" \/>\n<meta name=\"twitter:card\" content=\"summary_large_image\" \/>\n<meta name=\"twitter:label1\" content=\"Tempo di lettura stimato\" \/>\n\t<meta name=\"twitter:data1\" content=\"3 minuti\" \/>\n<script type=\"application\/ld+json\" class=\"yoast-schema-graph\">{\"@context\":\"https:\/\/schema.org\",\"@graph\":[{\"@type\":\"WebPage\",\"@id\":\"https:\/\/shanghepanel.com\/product\/composite-foam-sandwich-panels\/\",\"url\":\"https:\/\/shanghepanel.com\/product\/composite-foam-sandwich-panels\/\",\"name\":\"Composite Foam Sandwich Panels (Voc-Free) - Shang He Sandwich Panel\",\"isPartOf\":{\"@id\":\"https:\/\/shanghepanel.com\/#website\"},\"primaryImageOfPage\":{\"@id\":\"https:\/\/shanghepanel.com\/product\/composite-foam-sandwich-panels\/#primaryimage\"},\"image\":{\"@id\":\"https:\/\/shanghepanel.com\/product\/composite-foam-sandwich-panels\/#primaryimage\"},\"thumbnailUrl\":\"https:\/\/shanghepanel.com\/wp-content\/uploads\/2024\/07\/RW-gc-367.jpg\",\"datePublished\":\"2025-05-27T07:28:15+00:00\",\"dateModified\":\"2025-06-05T03:59:04+00:00\",\"description\":\"composite foam sandwich panels This content has a detailed description. Easy installation, click me to give you a surprise, click me to give you a different result\",\"breadcrumb\":{\"@id\":\"https:\/\/shanghepanel.com\/product\/composite-foam-sandwich-panels\/#breadcrumb\"},\"inLanguage\":\"it-IT\",\"potentialAction\":[{\"@type\":\"ReadAction\",\"target\":[\"https:\/\/shanghepanel.com\/product\/composite-foam-sandwich-panels\/\"]}]},{\"@type\":\"ImageObject\",\"inLanguage\":\"it-IT\",\"@id\":\"https:\/\/shanghepanel.com\/product\/composite-foam-sandwich-panels\/#primaryimage\",\"url\":\"https:\/\/shanghepanel.com\/wp-content\/uploads\/2024\/07\/RW-gc-367.jpg\",\"contentUrl\":\"https:\/\/shanghepanel.com\/wp-content\/uploads\/2024\/07\/RW-gc-367.jpg\",\"width\":800,\"height\":800},{\"@type\":\"BreadcrumbList\",\"@id\":\"https:\/\/shanghepanel.com\/product\/composite-foam-sandwich-panels\/#breadcrumb\",\"itemListElement\":[{\"@type\":\"ListItem\",\"position\":1,\"name\":\"\u9996\u9875\",\"item\":\"https:\/\/shanghepanel.com\/en\/\"},{\"@type\":\"ListItem\",\"position\":2,\"name\":\"\u4ea7\u54c1\",\"item\":\"https:\/\/shanghepanel.com\/index.php\/shop\/\"},{\"@type\":\"ListItem\",\"position\":3,\"name\":\"Composite Foam Sandwich Panels (Voc-Free)\"}]},{\"@type\":\"WebSite\",\"@id\":\"https:\/\/shanghepanel.com\/#website\",\"url\":\"https:\/\/shanghepanel.com\/\",\"name\":\"shanghepanel.com\",\"description\":\"\",\"publisher\":{\"@id\":\"https:\/\/shanghepanel.com\/#organization\"},\"potentialAction\":[{\"@type\":\"SearchAction\",\"target\":{\"@type\":\"EntryPoint\",\"urlTemplate\":\"https:\/\/shanghepanel.com\/?s={search_term_string}\"},\"query-input\":{\"@type\":\"PropertyValueSpecification\",\"valueRequired\":true,\"valueName\":\"search_term_string\"}}],\"inLanguage\":\"it-IT\"},{\"@type\":\"Organization\",\"@id\":\"https:\/\/shanghepanel.com\/#organization\",\"name\":\"Shandong ShangHe New Construction Engineering Co., ltd.\",\"url\":\"https:\/\/shanghepanel.com\/\",\"logo\":{\"@type\":\"ImageObject\",\"inLanguage\":\"it-IT\",\"@id\":\"https:\/\/shanghepanel.com\/#\/schema\/logo\/image\/\",\"url\":\"https:\/\/shanghepanel.com\/wp-content\/uploads\/2024\/03\/logo-1.png\",\"contentUrl\":\"https:\/\/shanghepanel.com\/wp-content\/uploads\/2024\/03\/logo-1.png\",\"width\":800,\"height\":800,\"caption\":\"Shandong ShangHe New Construction Engineering Co., ltd.\"},\"image\":{\"@id\":\"https:\/\/shanghepanel.com\/#\/schema\/logo\/image\/\"}}]}<\/script>\n<!-- \/ Yoast SEO plugin. -->","yoast_head_json":{"title":"Pannelli sandwich in schiuma composita (senza VOC) - Shang He Sandwich Panel","description":"Pannelli sandwich in schiuma composita Questo contenuto ha una descrizione dettagliata. Installazione facile, clicca qui per sorprenderti, clicca qui per un risultato diverso","robots":{"index":"index","follow":"follow","max-snippet":"max-snippet:-1","max-image-preview":"max-image-preview:large","max-video-preview":"max-video-preview:-1"},"canonical":"https:\/\/shanghepanel.com\/it\/product\/composite-foam-sandwich-panels\/","og_locale":"it_IT","og_type":"article","og_title":"Composite Foam Sandwich Panels (Voc-Free) - Shang He Sandwich Panel","og_description":"composite foam sandwich panels This content has a detailed description. Easy installation, click me to give you a surprise, click me to give you a different result","og_url":"https:\/\/shanghepanel.com\/it\/product\/composite-foam-sandwich-panels\/","og_site_name":"Shang He Sandwich Panel","article_modified_time":"2025-06-05T03:59:04+00:00","og_image":[{"width":800,"height":800,"url":"https:\/\/shanghepanel.com\/wp-content\/uploads\/2024\/07\/RW-gc-367.jpg","type":"image\/jpeg"}],"twitter_card":"summary_large_image","twitter_misc":{"Tempo di lettura stimato":"3 minuti"},"schema":{"@context":"https:\/\/schema.org","@graph":[{"@type":"WebPage","@id":"https:\/\/shanghepanel.com\/product\/composite-foam-sandwich-panels\/","url":"https:\/\/shanghepanel.com\/product\/composite-foam-sandwich-panels\/","name":"Pannelli sandwich in schiuma composita (senza VOC) - Shang He Sandwich Panel","isPartOf":{"@id":"https:\/\/shanghepanel.com\/#website"},"primaryImageOfPage":{"@id":"https:\/\/shanghepanel.com\/product\/composite-foam-sandwich-panels\/#primaryimage"},"image":{"@id":"https:\/\/shanghepanel.com\/product\/composite-foam-sandwich-panels\/#primaryimage"},"thumbnailUrl":"https:\/\/shanghepanel.com\/wp-content\/uploads\/2024\/07\/RW-gc-367.jpg","datePublished":"2025-05-27T07:28:15+00:00","dateModified":"2025-06-05T03:59:04+00:00","description":"Pannelli sandwich in schiuma composita Questo contenuto ha una descrizione dettagliata. Installazione facile, clicca qui per sorprenderti, clicca qui per un risultato diverso","breadcrumb":{"@id":"https:\/\/shanghepanel.com\/product\/composite-foam-sandwich-panels\/#breadcrumb"},"inLanguage":"it-IT","potentialAction":[{"@type":"ReadAction","target":["https:\/\/shanghepanel.com\/product\/composite-foam-sandwich-panels\/"]}]},{"@type":"ImageObject","inLanguage":"it-IT","@id":"https:\/\/shanghepanel.com\/product\/composite-foam-sandwich-panels\/#primaryimage","url":"https:\/\/shanghepanel.com\/wp-content\/uploads\/2024\/07\/RW-gc-367.jpg","contentUrl":"https:\/\/shanghepanel.com\/wp-content\/uploads\/2024\/07\/RW-gc-367.jpg","width":800,"height":800},{"@type":"BreadcrumbList","@id":"https:\/\/shanghepanel.com\/product\/composite-foam-sandwich-panels\/#breadcrumb","itemListElement":[{"@type":"ListItem","position":1,"name":"\u9996\u9875","item":"https:\/\/shanghepanel.com\/en\/"},{"@type":"ListItem","position":2,"name":"\u4ea7\u54c1","item":"https:\/\/shanghepanel.com\/index.php\/shop\/"},{"@type":"ListItem","position":3,"name":"Composite Foam Sandwich Panels (Voc-Free)"}]},{"@type":"WebSite","@id":"https:\/\/shanghepanel.com\/#website","url":"https:\/\/shanghepanel.com\/","name":"shanghepanel.com","description":"","publisher":{"@id":"https:\/\/shanghepanel.com\/#organization"},"potentialAction":[{"@type":"SearchAction","target":{"@type":"EntryPoint","urlTemplate":"https:\/\/shanghepanel.com\/?s={search_term_string}"},"query-input":{"@type":"PropertyValueSpecification","valueRequired":true,"valueName":"search_term_string"}}],"inLanguage":"it-IT"},{"@type":"Organization","@id":"https:\/\/shanghepanel.com\/#organization","name":"Shandong ShangHe Nuova Costruzione Engineering Co., ltd.","url":"https:\/\/shanghepanel.com\/","logo":{"@type":"ImageObject","inLanguage":"it-IT","@id":"https:\/\/shanghepanel.com\/#\/schema\/logo\/image\/","url":"https:\/\/shanghepanel.com\/wp-content\/uploads\/2024\/03\/logo-1.png","contentUrl":"https:\/\/shanghepanel.com\/wp-content\/uploads\/2024\/03\/logo-1.png","width":800,"height":800,"caption":"Shandong ShangHe New Construction Engineering Co., ltd."},"image":{"@id":"https:\/\/shanghepanel.com\/#\/schema\/logo\/image\/"}}]}},"_links":{"self":[{"href":"https:\/\/shanghepanel.com\/it\/wp-json\/wp\/v2\/product\/5058","targetHints":{"allow":["GET"]}}],"collection":[{"href":"https:\/\/shanghepanel.com\/it\/wp-json\/wp\/v2\/product"}],"about":[{"href":"https:\/\/shanghepanel.com\/it\/wp-json\/wp\/v2\/types\/product"}],"replies":[{"embeddable":true,"href":"https:\/\/shanghepanel.com\/it\/wp-json\/wp\/v2\/comments?post=5058"}],"version-history":[{"count":0,"href":"https:\/\/shanghepanel.com\/it\/wp-json\/wp\/v2\/product\/5058\/revisions"}],"wp:featuredmedia":[{"embeddable":true,"href":"https:\/\/shanghepanel.com\/it\/wp-json\/wp\/v2\/media\/2276"}],"wp:attachment":[{"href":"https:\/\/shanghepanel.com\/it\/wp-json\/wp\/v2\/media?parent=5058"}],"wp:term":[{"taxonomy":"product_brand","embeddable":true,"href":"https:\/\/shanghepanel.com\/it\/wp-json\/wp\/v2\/product_brand?post=5058"},{"taxonomy":"product_cat","embeddable":true,"href":"https:\/\/shanghepanel.com\/it\/wp-json\/wp\/v2\/product_cat?post=5058"},{"taxonomy":"product_tag","embeddable":true,"href":"https:\/\/shanghepanel.com\/it\/wp-json\/wp\/v2\/product_tag?post=5058"}],"curies":[{"name":"wp","href":"https:\/\/api.w.org\/{rel}","templated":true}]}}