{"id":960,"date":"2024-05-14T15:48:39","date_gmt":"2024-05-14T07:48:39","guid":{"rendered":"https:\/\/shanghepanel.com\/?post_type=product&#038;p=960"},"modified":"2025-06-05T14:10:26","modified_gmt":"2025-06-05T06:10:26","slug":"fireproof-rock-wool-sandwich-panel","status":"publish","type":"product","link":"https:\/\/shanghepanel.com\/it\/product\/fireproof-rock-wool-sandwich-panel\/","title":{"rendered":"Pannelli murali sandwich in lana di roccia"},"content":{"rendered":"<div data-elementor-type=\"product-post\" data-elementor-id=\"960\" class=\"elementor elementor-960\" data-elementor-post-type=\"product\">\n\t\t\t\t<div class=\"elementor-element elementor-element-63304e52 e-flex e-con-boxed e-con e-parent\" data-id=\"63304e52\" data-element_type=\"container\" data-e-type=\"container\">\n\t\t\t\t\t<div class=\"e-con-inner\">\n\t\t\t\t<div class=\"elementor-element elementor-element-1b00319e elementor-widget elementor-widget-text-editor\" data-id=\"1b00319e\" data-element_type=\"widget\" data-e-type=\"widget\" data-widget_type=\"text-editor.default\">\n\t\t\t\t<div class=\"elementor-widget-container\">\n\t\t\t\t\t\t\t\t\t<h2>Presentazione del pannello sandwich in lana di roccia<\/h2><p>Il nostro pannello sandwich in lana di roccia \u00e8 un materiale da costruzione durevole e versatile che offre eccezionali propriet\u00e0 di isolamento termico e acustico. Realizzato con una combinazione di lana di roccia di alta qualit\u00e0 e due strati di lamiere di acciaio o alluminio, questo pannello offre un'eccellente resistenza al fuoco, rendendolo una scelta ideale per una vasta gamma di applicazioni.<\/p><h2>Caratteristiche e vantaggi<\/h2><ol><li>Isolamento termico: il nucleo in lana di roccia del pannello ha eccellenti propriet\u00e0 di isolamento termico, contribuendo a mantenere una temperatura interna confortevole e a ridurre il consumo di energia.<\/li><li>Isolamento acustico: la struttura densa del materiale in lana di roccia assorbe efficacemente le onde sonore, riducendo la trasmissione del rumore e creando un ambiente pi\u00f9 silenzioso.<\/li><li>Resistenza al fuoco: il nucleo in lana di roccia \u00e8 non combustibile e pu\u00f2 resistere alle alte temperature, fornendo una preziosa protezione antincendio per gli edifici.<\/li><li>Durabilit\u00e0: gli strati esterni in acciaio o alluminio del pannello sono resistenti alla corrosione e possono resistere a condizioni meteorologiche avverse, garantendo prestazioni di lunga durata.<\/li><li>Facilit\u00e0 di installazione: il design leggero e modulare del pannello sandwich in lana di roccia consente un'installazione facile e veloce, risparmiando tempo e costi di manodopera.<\/li><\/ol><h2>Applicazioni<\/h2><p>Il nostro pannello sandwich in lana di roccia \u00e8 adatto a varie applicazioni, tra cui:<\/p><ul><li>Edifici industriali<\/li><li>edifici commerciali<\/li><li>Impianti di stoccaggio a freddo<\/li><li>Magazzini<\/li><li>Edifici agricoli<\/li><li>Edifici residenziali<\/li><li>Stanze insonorizzate<\/li><\/ul><p>Con le sue eccezionali propriet\u00e0 di isolamento, resistenza al fuoco e durata, il pannello sandwich in lana di roccia \u00e8 una scelta eccellente per qualsiasi progetto di costruzione. Contattaci oggi stesso per saperne di pi\u00f9 su come il nostro pannello pu\u00f2 soddisfare le tue esigenze specifiche.<\/p>\t\t\t\t\t\t\t\t<\/div>\n\t\t\t\t<\/div>\n\t\t\t\t\t<\/div>\n\t\t\t\t<\/div>\n\t\t<div class=\"elementor-element elementor-element-e7ef516 e-con-full e-flex e-con e-parent\" data-id=\"e7ef516\" data-element_type=\"container\" data-e-type=\"container\">\n\t\t\t\t<div class=\"elementor-element elementor-element-83b69e1 elementor-widget elementor-widget-heading\" data-id=\"83b69e1\" data-element_type=\"widget\" data-e-type=\"widget\" data-widget_type=\"heading.default\">\n\t\t\t\t<div class=\"elementor-widget-container\">\n\t\t\t\t\t<h2 class=\"elementor-heading-title elementor-size-default\">Pannello Sandwich in Lana di Roccia Resistente al Fuoco di Classe per Sistema di Rivestimento Murale in Metallo<\/h2>\t\t\t\t<\/div>\n\t\t\t\t<\/div>\n\t\t\t\t<div class=\"elementor-element elementor-element-f2aa141 elementor-widget elementor-widget-image\" data-id=\"f2aa141\" data-element_type=\"widget\" data-e-type=\"widget\" data-widget_type=\"image.default\">\n\t\t\t\t<div class=\"elementor-widget-container\">\n\t\t\t\t\t\t\t\t\t\t\t\t\t\t\t<img fetchpriority=\"high\" decoding=\"async\" width=\"1060\" height=\"565\" src=\"https:\/\/shanghepanel.com\/wp-content\/uploads\/2024\/05\/RW-st-30.jpg\" class=\"attachment-full size-full wp-image-992\" alt=\"\" srcset=\"https:\/\/shanghepanel.com\/wp-content\/uploads\/2024\/05\/RW-st-30.jpg 1060w, https:\/\/shanghepanel.com\/wp-content\/uploads\/2024\/05\/RW-st-30-300x160.jpg 300w, https:\/\/shanghepanel.com\/wp-content\/uploads\/2024\/05\/RW-st-30-1024x546.jpg 1024w, https:\/\/shanghepanel.com\/wp-content\/uploads\/2024\/05\/RW-st-30-768x409.jpg 768w, https:\/\/shanghepanel.com\/wp-content\/uploads\/2024\/05\/RW-st-30-600x320.jpg 600w\" sizes=\"(max-width: 1060px) 100vw, 1060px\" \/>\t\t\t\t\t\t\t\t\t\t\t\t\t\t\t<\/div>\n\t\t\t\t<\/div>\n\t\t\t\t<div class=\"elementor-element elementor-element-9596700 elementor-tabs-view-horizontal elementor-widget elementor-widget-tabs\" data-id=\"9596700\" data-element_type=\"widget\" data-e-type=\"widget\" data-widget_type=\"tabs.default\">\n\t\t\t\t<div class=\"elementor-widget-container\">\n\t\t\t\t\t\t\t<div class=\"elementor-tabs\">\n\t\t\t<div class=\"elementor-tabs-wrapper\" role=\"tablist\" >\n\t\t\t\t\t\t\t\t\t<div id=\"elementor-tab-title-1561\" class=\"elementor-tab-title elementor-tab-desktop-title\" aria-selected=\"true\" data-tab=\"1\" role=\"tab\" tabindex=\"0\" aria-controls=\"elementor-tab-content-1561\" aria-expanded=\"false\">Parametri del prodotto<\/div>\n\t\t\t\t\t\t\t\t\t<div id=\"elementor-tab-title-1562\" class=\"elementor-tab-title elementor-tab-desktop-title\" aria-selected=\"false\" data-tab=\"2\" role=\"tab\" tabindex=\"-1\" aria-controls=\"elementor-tab-content-1562\" aria-expanded=\"false\">Descrizione delle Prestazioni<\/div>\n\t\t\t\t\t\t\t\t\t<div id=\"elementor-tab-title-1563\" class=\"elementor-tab-title elementor-tab-desktop-title\" aria-selected=\"false\" data-tab=\"3\" role=\"tab\" tabindex=\"-1\" aria-controls=\"elementor-tab-content-1563\" aria-expanded=\"false\">Informazioni sulla Transazione<\/div>\n\t\t\t\t\t\t\t<\/div>\n\t\t\t<div class=\"elementor-tabs-content-wrapper\" role=\"tablist\" aria-orientation=\"vertical\">\n\t\t\t\t\t\t\t\t\t<div class=\"elementor-tab-title elementor-tab-mobile-title\" aria-selected=\"true\" data-tab=\"1\" role=\"tab\" tabindex=\"0\" aria-controls=\"elementor-tab-content-1561\" aria-expanded=\"false\">Parametri del prodotto<\/div>\n\t\t\t\t\t<div id=\"elementor-tab-content-1561\" class=\"elementor-tab-content elementor-clearfix\" data-tab=\"1\" role=\"tabpanel\" aria-labelledby=\"elementor-tab-title-1561\" tabindex=\"0\" hidden=\"false\"><table border=\"1\"><tbody><tr><td><p>Marca delle lamiere d'acciaio<\/p><\/td><td><p>Bao Steel, Yieh Phui Steel, Ma Steel, BHP Steel.<\/p><\/td><\/tr><tr><td><p>Verniciatura delle lamiere d'acciaio<\/p><\/td><td><p>PVDF, SMP, HDP, PE; La verniciatura superiore deve essere superiore a 25 \u03bcm.<\/p><\/td><\/tr><tr><td><p>Strato di zincatura delle lamiere in acciaio<\/p><\/td><td><p>Piastra esterna: 55% Aluzinc sopra 100g\/m\u00b3 o rivestimento di zinco sopra 150g\/m\u00b3; piastra interna: 55% Aluzinc sopra 70g\/m\u00b3 o rivestimento di zinco sopra 100g\/m\u00b3.<\/p><\/td><\/tr><tr><td><p>Spessore delle lamiere in acciaio<\/p><\/td><td><p>0,14mm-0,6mm.<\/p><\/td><\/tr><tr><td><p>Spessore del nucleo<\/p><\/td><td><p>50mm\/75mm\/100mm\/120mm\/150mm.<\/p><\/td><\/tr><tr><td><p>Densit\u00e0 del nucleo<\/p><\/td><td><p>90\/100\/120kg\/m\u00b3<\/p><\/td><\/tr><tr><td><p>Larghezza efficace<\/p><\/td><td><p>950\/1150mm<\/p><\/td><\/tr><tr><td><p>Lunghezza del Pannello<\/p><\/td><td><p>Su richiesta del cliente<\/p><\/td><\/tr><\/tbody><\/table><\/div>\n\t\t\t\t\t\t\t\t\t<div class=\"elementor-tab-title elementor-tab-mobile-title\" aria-selected=\"false\" data-tab=\"2\" role=\"tab\" tabindex=\"-1\" aria-controls=\"elementor-tab-content-1562\" aria-expanded=\"false\">Descrizione delle Prestazioni<\/div>\n\t\t\t\t\t<div id=\"elementor-tab-content-1562\" class=\"elementor-tab-content elementor-clearfix\" data-tab=\"2\" role=\"tabpanel\" aria-labelledby=\"elementor-tab-title-1562\" tabindex=\"0\" hidden=\"hidden\"><ol><li><strong><span style=\"color: #142d7d;\">Prevenzione incendi<\/span><\/strong>: Lana di roccia impermeabile di alta qualit\u00e0 e prestazioni antincendio di classe A.<\/li><li><strong><span style=\"color: #142d7d;\">Isolamento Termico<\/span><\/strong>: Il basso coefficiente di conducibilit\u00e0 termica e il design eccellente dei nodi garantiscono la tenuta e l'isolamento termico.<\/li><li><strong><span style=\"color: #142d7d;\">Isolamento acustico<\/span><\/strong>: L'effetto di assorbimento acustico \u00e8 buono. Il fattore di riduzione del suono \u00e8 di almeno 30dB. Pu\u00f2 ridurre efficacemente l'interferenza del rumore esterno.<\/li><li><strong><span style=\"color: #142d7d;\">Solido<\/span><\/strong>: Il pannello ha alta resistenza, un design unico di interfaccia a doppia supporto con supporto a vite nascosta e forte capacit\u00e0 di resistenza alla pressione del vento. Ha una forte resistenza alla pressione e al carico, ed \u00e8 utilizzabile come costruzione protetta esterna e costruzione portante.<\/li><li><strong><span style=\"color: #142d7d;\">Design bello<\/span><\/strong>: Colore brillante e aspetto attraente, senza bisogno di ornamenti esterni. Il pannello adotta un design con nodo a vite nascosta e presenta effetti di pannello diversificati.<\/li><li><strong><span style=\"color: #142d7d;\">Installazione conveniente<\/span><\/strong>: Facile, flessibile e veloce. Rispetto alla costruzione civile, pu\u00f2 ridurre il periodo di costruzione di oltre 40%.<\/li><\/ol><\/div>\n\t\t\t\t\t\t\t\t\t<div class=\"elementor-tab-title elementor-tab-mobile-title\" aria-selected=\"false\" data-tab=\"3\" role=\"tab\" tabindex=\"-1\" aria-controls=\"elementor-tab-content-1563\" aria-expanded=\"false\">Informazioni sulla Transazione<\/div>\n\t\t\t\t\t<div id=\"elementor-tab-content-1563\" class=\"elementor-tab-content elementor-clearfix\" data-tab=\"3\" role=\"tabpanel\" aria-labelledby=\"elementor-tab-title-1563\" tabindex=\"0\" hidden=\"hidden\"><ul><li><p><span style=\"color: #142d7d;\">Pagamento <\/span>: <span style=\"color: #737373; font-size: 1rem;\">TT\/LC<\/span><\/p><\/li><li><p><span style=\"color: #142d7d;\">Origine del prodotto <\/span>: <span style=\"color: #737373; font-size: 1rem;\">Provincia di Shandong, Cina<\/span><\/p><\/li><li><p><span style=\"color: #142d7d;\">Colore <\/span>: <span style=\"color: #737373; font-size: 1rem;\">Personalizzato secondo le tue richieste<\/span><\/p><\/li><li><p><span style=\"color: #142d7d;\">Quantit\u00e0 minima d'ordine <\/span>: <span style=\"color: #737373; font-size: 1rem;\">\u00a01000 metri quadrati<\/span><\/p><\/li><li><p><span style=\"color: #142d7d;\">Porto di Spedizione <\/span>: <span style=\"color: #737373; font-size: 1rem;\">Porto di Qingdao, Cina<\/span><\/p><\/li><li><p><span style=\"color: #142d7d;\">Tempi di consegna <\/span>\uff1a <span style=\"color: #737373; font-size: 1rem;\">20-30 giorni dopo aver ricevuto il deposito<\/span><\/p><\/li><\/ul><\/div>\n\t\t\t\t\t\t\t<\/div>\n\t\t<\/div>\n\t\t\t\t\t\t<\/div>\n\t\t\t\t<\/div>\n\t\t\t\t<div class=\"elementor-element elementor-element-9ea5780 elementor-widget elementor-widget-elementskit-faq\" data-id=\"9ea5780\" data-element_type=\"widget\" data-e-type=\"widget\" data-widget_type=\"elementskit-faq.default\">\n\t\t\t\t<div class=\"elementor-widget-container\">\n\t\t\t\t\t<div class=\"ekit-wid-con\" >\n                <div class=\"elementskit-single-faq elementor-repeater-item-f583996\">\n            <div class=\"elementskit-faq-header\">\n                <h2 class=\"elementskit-faq-title\">Quanto dura all'esterno senza sbiadire?<\/h2>\n            <\/div>\n            <div class=\"elementskit-faq-body\">\n                Lo strato metallico esterno non pu\u00f2 arrugginire per 45 anni, e il colore della vernice non pu\u00f2 sbiadire per 15 anni.            <\/div>\n        <\/div>\n                <div class=\"elementskit-single-faq elementor-repeater-item-faa9272\">\n            <div class=\"elementskit-faq-header\">\n                <h2 class=\"elementskit-faq-title\">C'\u00e8 effetto isolamento acustico?<\/h2>\n            <\/div>\n            <div class=\"elementskit-faq-body\">\n                Il materiale centrale al centro \u00e8 uno strato di isolamento termico e acustico composto da alta densit\u00e0, e al suo interno ha una struttura a celle chiuse indipendente, che garantisce un buon effetto di isolamento acustico.            <\/div>\n        <\/div>\n                <div class=\"elementskit-single-faq elementor-repeater-item-f1cd0bf\">\n            <div class=\"elementskit-faq-header\">\n                <h2 class=\"elementskit-faq-title\">Posso ottenere campioni per ispezione?<\/h2>\n            <\/div>\n            <div class=\"elementskit-faq-body\">\n                Forniamo campioni gratuiti prima della conferma dell'ordine.            <\/div>\n        <\/div>\n                \n    <\/div>\t\t\t\t<\/div>\n\t\t\t\t<\/div>\n\t\t\t\t<\/div>\n\t\t\t\t<\/div>","protected":false},"excerpt":{"rendered":"<p>Per soddisfare i pi\u00f9 elevati requisiti di resistenza al fuoco degli edifici, Shanghe ha lanciato l'alta qualit\u00e0 <strong>pannello composito sandwich in lana di roccia<\/strong>. Il prodotto utilizza lana di roccia impermeabile di alta qualit\u00e0 come materiale principale. Attraverso la polimerizzazione a doppio binario di precisione super lunga, il prodotto \u00e8 eccellente in termini di prevenzione degli incendi, isolamento termico, riduzione del rumore e protezione ambientale.11122<\/p>","protected":false},"featured_media":961,"comment_status":"open","ping_status":"closed","template":"","meta":[],"product_brand":[],"product_cat":[27],"product_tag":[30,28,29],"class_list":{"0":"post-960","1":"product","2":"type-product","3":"status-publish","4":"has-post-thumbnail","6":"product_cat-rockwool","7":"product_tag-insulation-board","8":"product_tag-rock-wool","9":"product_tag-wall-board","11":"first","12":"instock","13":"shipping-taxable","14":"product-type-grouped"},"yoast_head":"<!-- This site is optimized with the Yoast SEO plugin v24.2 - https:\/\/yoast.com\/wordpress\/plugins\/seo\/ -->\n<title>Rockwool Sandwich Wall Panels - Shang He Sandwich Panel Rock Wool Sandwich Panel<\/title>\n<meta name=\"description\" content=\"Rock Wool Sandwich Wall Panel offer superior thermal insulation, fire resistance, and sound absorption, making them ideal for various building applications.\" \/>\n<meta name=\"robots\" content=\"index, follow, max-snippet:-1, max-image-preview:large, max-video-preview:-1\" \/>\n<link rel=\"canonical\" href=\"https:\/\/shanghepanel.com\/it\/product\/fireproof-rock-wool-sandwich-panel\/\" \/>\n<meta property=\"og:locale\" content=\"it_IT\" \/>\n<meta property=\"og:type\" content=\"article\" \/>\n<meta property=\"og:title\" content=\"Rockwool Sandwich Wall Panels - Shang He Sandwich Panel Rock Wool Sandwich Panel\" \/>\n<meta property=\"og:description\" content=\"Rock Wool Sandwich Wall Panel offer superior thermal insulation, fire resistance, and sound absorption, making them ideal for various building applications.\" \/>\n<meta property=\"og:url\" content=\"https:\/\/shanghepanel.com\/it\/product\/fireproof-rock-wool-sandwich-panel\/\" \/>\n<meta property=\"og:site_name\" content=\"Shang He Sandwich Panel\" \/>\n<meta property=\"article:modified_time\" content=\"2025-06-05T06:10:26+00:00\" \/>\n<meta property=\"og:image\" content=\"https:\/\/shanghepanel.com\/wp-content\/uploads\/2024\/05\/RW-bd-24.jpg\" \/>\n\t<meta property=\"og:image:width\" content=\"800\" \/>\n\t<meta property=\"og:image:height\" content=\"800\" \/>\n\t<meta property=\"og:image:type\" content=\"image\/jpeg\" \/>\n<meta name=\"twitter:card\" content=\"summary_large_image\" \/>\n<meta name=\"twitter:label1\" content=\"Tempo di lettura stimato\" \/>\n\t<meta name=\"twitter:data1\" content=\"4 minuti\" \/>\n<script type=\"application\/ld+json\" class=\"yoast-schema-graph\">{\"@context\":\"https:\/\/schema.org\",\"@graph\":[{\"@type\":\"WebPage\",\"@id\":\"https:\/\/shanghepanel.com\/product\/fireproof-rock-wool-sandwich-panel\/\",\"url\":\"https:\/\/shanghepanel.com\/product\/fireproof-rock-wool-sandwich-panel\/\",\"name\":\"Rockwool Sandwich Wall Panels - Shang He Sandwich Panel Rock Wool Sandwich Panel\",\"isPartOf\":{\"@id\":\"https:\/\/shanghepanel.com\/#website\"},\"primaryImageOfPage\":{\"@id\":\"https:\/\/shanghepanel.com\/product\/fireproof-rock-wool-sandwich-panel\/#primaryimage\"},\"image\":{\"@id\":\"https:\/\/shanghepanel.com\/product\/fireproof-rock-wool-sandwich-panel\/#primaryimage\"},\"thumbnailUrl\":\"https:\/\/shanghepanel.com\/wp-content\/uploads\/2024\/05\/RW-bd-24.jpg\",\"datePublished\":\"2024-05-14T07:48:39+00:00\",\"dateModified\":\"2025-06-05T06:10:26+00:00\",\"description\":\"Rock Wool Sandwich Wall Panel offer superior thermal insulation, fire resistance, and sound absorption, making them ideal for various building applications.\",\"breadcrumb\":{\"@id\":\"https:\/\/shanghepanel.com\/product\/fireproof-rock-wool-sandwich-panel\/#breadcrumb\"},\"inLanguage\":\"it-IT\",\"potentialAction\":[{\"@type\":\"ReadAction\",\"target\":[\"https:\/\/shanghepanel.com\/product\/fireproof-rock-wool-sandwich-panel\/\"]}]},{\"@type\":\"ImageObject\",\"inLanguage\":\"it-IT\",\"@id\":\"https:\/\/shanghepanel.com\/product\/fireproof-rock-wool-sandwich-panel\/#primaryimage\",\"url\":\"https:\/\/shanghepanel.com\/wp-content\/uploads\/2024\/05\/RW-bd-24.jpg\",\"contentUrl\":\"https:\/\/shanghepanel.com\/wp-content\/uploads\/2024\/05\/RW-bd-24.jpg\",\"width\":800,\"height\":800},{\"@type\":\"BreadcrumbList\",\"@id\":\"https:\/\/shanghepanel.com\/product\/fireproof-rock-wool-sandwich-panel\/#breadcrumb\",\"itemListElement\":[{\"@type\":\"ListItem\",\"position\":1,\"name\":\"\u9996\u9875\",\"item\":\"https:\/\/shanghepanel.com\/en\/\"},{\"@type\":\"ListItem\",\"position\":2,\"name\":\"\u4ea7\u54c1\",\"item\":\"https:\/\/shanghepanel.com\/index.php\/shop\/\"},{\"@type\":\"ListItem\",\"position\":3,\"name\":\"Rockwool Sandwich Wall Panels\"}]},{\"@type\":\"WebSite\",\"@id\":\"https:\/\/shanghepanel.com\/#website\",\"url\":\"https:\/\/shanghepanel.com\/\",\"name\":\"shanghepanel.com\",\"description\":\"\",\"publisher\":{\"@id\":\"https:\/\/shanghepanel.com\/#organization\"},\"potentialAction\":[{\"@type\":\"SearchAction\",\"target\":{\"@type\":\"EntryPoint\",\"urlTemplate\":\"https:\/\/shanghepanel.com\/?s={search_term_string}\"},\"query-input\":{\"@type\":\"PropertyValueSpecification\",\"valueRequired\":true,\"valueName\":\"search_term_string\"}}],\"inLanguage\":\"it-IT\"},{\"@type\":\"Organization\",\"@id\":\"https:\/\/shanghepanel.com\/#organization\",\"name\":\"Shandong ShangHe New Construction Engineering Co., ltd.\",\"url\":\"https:\/\/shanghepanel.com\/\",\"logo\":{\"@type\":\"ImageObject\",\"inLanguage\":\"it-IT\",\"@id\":\"https:\/\/shanghepanel.com\/#\/schema\/logo\/image\/\",\"url\":\"https:\/\/shanghepanel.com\/wp-content\/uploads\/2024\/03\/logo-1.png\",\"contentUrl\":\"https:\/\/shanghepanel.com\/wp-content\/uploads\/2024\/03\/logo-1.png\",\"width\":800,\"height\":800,\"caption\":\"Shandong ShangHe New Construction Engineering Co., ltd.\"},\"image\":{\"@id\":\"https:\/\/shanghepanel.com\/#\/schema\/logo\/image\/\"}}]}<\/script>\n<!-- \/ Yoast SEO plugin. -->","yoast_head_json":{"title":"Pannelli Sandwich in Lana di Roccia - Pannello Sandwich Shang He Pannello Sandwich in Lana di Roccia","description":"Il pannello sandwich in lana di roccia offre un isolamento termico superiore, resistenza al fuoco e assorbimento acustico, rendendolo ideale per varie applicazioni edilizie.","robots":{"index":"index","follow":"follow","max-snippet":"max-snippet:-1","max-image-preview":"max-image-preview:large","max-video-preview":"max-video-preview:-1"},"canonical":"https:\/\/shanghepanel.com\/it\/product\/fireproof-rock-wool-sandwich-panel\/","og_locale":"it_IT","og_type":"article","og_title":"Rockwool Sandwich Wall Panels - Shang He Sandwich Panel Rock Wool Sandwich Panel","og_description":"Rock Wool Sandwich Wall Panel offer superior thermal insulation, fire resistance, and sound absorption, making them ideal for various building applications.","og_url":"https:\/\/shanghepanel.com\/it\/product\/fireproof-rock-wool-sandwich-panel\/","og_site_name":"Shang He Sandwich Panel","article_modified_time":"2025-06-05T06:10:26+00:00","og_image":[{"width":800,"height":800,"url":"https:\/\/shanghepanel.com\/wp-content\/uploads\/2024\/05\/RW-bd-24.jpg","type":"image\/jpeg"}],"twitter_card":"summary_large_image","twitter_misc":{"Tempo di lettura stimato":"4 minuti"},"schema":{"@context":"https:\/\/schema.org","@graph":[{"@type":"WebPage","@id":"https:\/\/shanghepanel.com\/product\/fireproof-rock-wool-sandwich-panel\/","url":"https:\/\/shanghepanel.com\/product\/fireproof-rock-wool-sandwich-panel\/","name":"Pannelli Sandwich in Lana di Roccia - Pannello Sandwich Shang He Pannello Sandwich in Lana di Roccia","isPartOf":{"@id":"https:\/\/shanghepanel.com\/#website"},"primaryImageOfPage":{"@id":"https:\/\/shanghepanel.com\/product\/fireproof-rock-wool-sandwich-panel\/#primaryimage"},"image":{"@id":"https:\/\/shanghepanel.com\/product\/fireproof-rock-wool-sandwich-panel\/#primaryimage"},"thumbnailUrl":"https:\/\/shanghepanel.com\/wp-content\/uploads\/2024\/05\/RW-bd-24.jpg","datePublished":"2024-05-14T07:48:39+00:00","dateModified":"2025-06-05T06:10:26+00:00","description":"Il pannello sandwich in lana di roccia offre un isolamento termico superiore, resistenza al fuoco e assorbimento acustico, rendendolo ideale per varie applicazioni edilizie.","breadcrumb":{"@id":"https:\/\/shanghepanel.com\/product\/fireproof-rock-wool-sandwich-panel\/#breadcrumb"},"inLanguage":"it-IT","potentialAction":[{"@type":"ReadAction","target":["https:\/\/shanghepanel.com\/product\/fireproof-rock-wool-sandwich-panel\/"]}]},{"@type":"ImageObject","inLanguage":"it-IT","@id":"https:\/\/shanghepanel.com\/product\/fireproof-rock-wool-sandwich-panel\/#primaryimage","url":"https:\/\/shanghepanel.com\/wp-content\/uploads\/2024\/05\/RW-bd-24.jpg","contentUrl":"https:\/\/shanghepanel.com\/wp-content\/uploads\/2024\/05\/RW-bd-24.jpg","width":800,"height":800},{"@type":"BreadcrumbList","@id":"https:\/\/shanghepanel.com\/product\/fireproof-rock-wool-sandwich-panel\/#breadcrumb","itemListElement":[{"@type":"ListItem","position":1,"name":"\u9996\u9875","item":"https:\/\/shanghepanel.com\/en\/"},{"@type":"ListItem","position":2,"name":"\u4ea7\u54c1","item":"https:\/\/shanghepanel.com\/index.php\/shop\/"},{"@type":"ListItem","position":3,"name":"Rockwool Sandwich Wall Panels"}]},{"@type":"WebSite","@id":"https:\/\/shanghepanel.com\/#website","url":"https:\/\/shanghepanel.com\/","name":"shanghepanel.com","description":"","publisher":{"@id":"https:\/\/shanghepanel.com\/#organization"},"potentialAction":[{"@type":"SearchAction","target":{"@type":"EntryPoint","urlTemplate":"https:\/\/shanghepanel.com\/?s={search_term_string}"},"query-input":{"@type":"PropertyValueSpecification","valueRequired":true,"valueName":"search_term_string"}}],"inLanguage":"it-IT"},{"@type":"Organization","@id":"https:\/\/shanghepanel.com\/#organization","name":"Shandong ShangHe Nuova Costruzione Engineering Co., ltd.","url":"https:\/\/shanghepanel.com\/","logo":{"@type":"ImageObject","inLanguage":"it-IT","@id":"https:\/\/shanghepanel.com\/#\/schema\/logo\/image\/","url":"https:\/\/shanghepanel.com\/wp-content\/uploads\/2024\/03\/logo-1.png","contentUrl":"https:\/\/shanghepanel.com\/wp-content\/uploads\/2024\/03\/logo-1.png","width":800,"height":800,"caption":"Shandong ShangHe New Construction Engineering Co., ltd."},"image":{"@id":"https:\/\/shanghepanel.com\/#\/schema\/logo\/image\/"}}]}},"_links":{"self":[{"href":"https:\/\/shanghepanel.com\/it\/wp-json\/wp\/v2\/product\/960","targetHints":{"allow":["GET"]}}],"collection":[{"href":"https:\/\/shanghepanel.com\/it\/wp-json\/wp\/v2\/product"}],"about":[{"href":"https:\/\/shanghepanel.com\/it\/wp-json\/wp\/v2\/types\/product"}],"replies":[{"embeddable":true,"href":"https:\/\/shanghepanel.com\/it\/wp-json\/wp\/v2\/comments?post=960"}],"version-history":[{"count":0,"href":"https:\/\/shanghepanel.com\/it\/wp-json\/wp\/v2\/product\/960\/revisions"}],"wp:featuredmedia":[{"embeddable":true,"href":"https:\/\/shanghepanel.com\/it\/wp-json\/wp\/v2\/media\/961"}],"wp:attachment":[{"href":"https:\/\/shanghepanel.com\/it\/wp-json\/wp\/v2\/media?parent=960"}],"wp:term":[{"taxonomy":"product_brand","embeddable":true,"href":"https:\/\/shanghepanel.com\/it\/wp-json\/wp\/v2\/product_brand?post=960"},{"taxonomy":"product_cat","embeddable":true,"href":"https:\/\/shanghepanel.com\/it\/wp-json\/wp\/v2\/product_cat?post=960"},{"taxonomy":"product_tag","embeddable":true,"href":"https:\/\/shanghepanel.com\/it\/wp-json\/wp\/v2\/product_tag?post=960"}],"curies":[{"name":"wp","href":"https:\/\/api.w.org\/{rel}","templated":true}]}}