{"id":1024,"date":"2024-05-14T17:49:59","date_gmt":"2024-05-14T09:49:59","guid":{"rendered":"https:\/\/shanghepanel.com\/?post_type=product&#038;p=1024"},"modified":"2025-06-05T14:10:17","modified_gmt":"2025-06-05T06:10:17","slug":"polyurethane-sandwich-wall-panels-for-superior-insulation-and-durability","status":"publish","type":"product","link":"https:\/\/shanghepanel.com\/pt\/product\/polyurethane-sandwich-wall-panels-for-superior-insulation-and-durability\/","title":{"rendered":"Pain\u00e9is de Parede Sandwich de Poliuretano"},"content":{"rendered":"<div data-elementor-type=\"product-post\" data-elementor-id=\"1024\" class=\"elementor elementor-1024\" data-elementor-post-type=\"product\">\n\t\t\t\t<div class=\"elementor-element elementor-element-4db54157 e-flex e-con-boxed e-con e-parent\" data-id=\"4db54157\" data-element_type=\"container\">\n\t\t\t\t\t<div class=\"e-con-inner\">\n\t\t\t\t<div class=\"elementor-element elementor-element-5f88902f elementor-widget elementor-widget-text-editor\" data-id=\"5f88902f\" data-element_type=\"widget\" data-widget_type=\"text-editor.default\">\n\t\t\t\t<div class=\"elementor-widget-container\">\n\t\t\t\t\t\t\t\t\t<h2>Introdu\u00e7\u00e3o<\/h2>\r\nNossos pain\u00e9is de parede sandwich isolados de poliuretano s\u00e3o projetados para fornecer isolamento t\u00e9rmico excepcional para diversos projetos de constru\u00e7\u00e3o. Esses pain\u00e9is s\u00e3o feitos de espuma de poliuretano (PU) de alta qualidade, que fica entre duas camadas de chapas dur\u00e1veis de PIR (poliisocianurato) ou PUR (poliuretano).\r\n<h2>Isolamento Superior<\/h2>\r\nNossos pain\u00e9is de parede sandwich isolados oferecem excelentes propriedades de isolamento t\u00e9rmico, ajudando a manter uma temperatura interna confort\u00e1vel independentemente das condi\u00e7\u00f5es clim\u00e1ticas externas. O n\u00facleo de espuma de poliuretano possui um alto valor R, o que significa que reduz efetivamente a transfer\u00eancia de calor e minimiza o consumo de energia para aquecimento e resfriamento.\r\n<h2>Dur\u00e1vel e Leve<\/h2>\r\nNossos pain\u00e9is n\u00e3o s\u00e3o apenas altamente isolantes, mas tamb\u00e9m incrivelmente dur\u00e1veis e leves. As chapas de PIR ou PUR proporcionam excelente integridade estrutural, garantindo que os pain\u00e9is possam suportar v\u00e1rias for\u00e7as externas. Al\u00e9m disso, sua leveza torna a instala\u00e7\u00e3o r\u00e1pida e f\u00e1cil, economizando tempo e custos de m\u00e3o de obra.\r\n<h2>Aplica\u00e7\u00f5es Vers\u00e1teis<\/h2>\r\nNossos pain\u00e9is de parede sandwich isolados de poliuretano s\u00e3o adequados para uma ampla variedade de aplica\u00e7\u00f5es, incluindo edif\u00edcios residenciais, comerciais e industriais. Podem ser usados em paredes externas, divis\u00f3rias, telhados e at\u00e9 instala\u00e7\u00f5es de armazenamento refrigerado. Com sua versatilidade, esses pain\u00e9is oferecem uma solu\u00e7\u00e3o econ\u00f4mica para alcan\u00e7ar efici\u00eancia energ\u00e9tica e conforto t\u00e9rmico em qualquer projeto de constru\u00e7\u00e3o.\r\n<h2>Conclus\u00e3o<\/h2>\r\nNossos pain\u00e9is de parede sandwich isolados de poliuretano oferecem isolamento t\u00e9rmico excepcional, durabilidade e versatilidade para diversos projetos de constru\u00e7\u00e3o. Com seu desempenho superior e facilidade de instala\u00e7\u00e3o, esses pain\u00e9is s\u00e3o uma escolha ideal para quem busca melhorar a efici\u00eancia energ\u00e9tica e o conforto em seus edif\u00edcios.\t\t\t\t\t\t\t\t<\/div>\n\t\t\t\t<\/div>\n\t\t\t\t\t<\/div>\n\t\t\t\t<\/div>\n\t\t<div class=\"elementor-element elementor-element-cf5a449 e-con-full e-flex e-con e-parent\" data-id=\"cf5a449\" data-element_type=\"container\">\n\t\t\t\t<div class=\"elementor-element elementor-element-470e426 elementor-widget elementor-widget-heading\" data-id=\"470e426\" data-element_type=\"widget\" data-widget_type=\"heading.default\">\n\t\t\t\t<div class=\"elementor-widget-container\">\n\t\t\t\t\t<h2 class=\"elementor-heading-title elementor-size-default\">Painel Sandu\u00edche de L\u00e3 de Rocha \u00e0 Prova de Fogo Classe A para Sistema de Revestimento de Parede Met\u00e1lica<\/h2>\t\t\t\t<\/div>\n\t\t\t\t<\/div>\n\t\t\t\t<div class=\"elementor-element elementor-element-76333ff elementor-widget elementor-widget-image\" data-id=\"76333ff\" data-element_type=\"widget\" data-widget_type=\"image.default\">\n\t\t\t\t<div class=\"elementor-widget-container\">\n\t\t\t\t\t\t\t\t\t\t\t\t\t\t\t<img fetchpriority=\"high\" decoding=\"async\" width=\"1060\" height=\"565\" src=\"https:\/\/shanghepanel.com\/wp-content\/uploads\/2024\/05\/PU-st-19.jpg\" class=\"attachment-full size-full wp-image-1036\" alt=\"\" srcset=\"https:\/\/shanghepanel.com\/wp-content\/uploads\/2024\/05\/PU-st-19.jpg.webp 1060w, https:\/\/shanghepanel.com\/wp-content\/uploads\/2024\/05\/PU-st-19-300x160.jpg.webp 300w, https:\/\/shanghepanel.com\/wp-content\/uploads\/2024\/05\/PU-st-19-1024x546.jpg.webp 1024w, https:\/\/shanghepanel.com\/wp-content\/uploads\/2024\/05\/PU-st-19-768x409.jpg.webp 768w, https:\/\/shanghepanel.com\/wp-content\/uploads\/2024\/05\/PU-st-19-600x320.jpg.webp 600w\" sizes=\"(max-width: 1060px) 100vw, 1060px\" \/>\t\t\t\t\t\t\t\t\t\t\t\t\t\t\t<\/div>\n\t\t\t\t<\/div>\n\t\t\t\t<div class=\"elementor-element elementor-element-d7b951c elementor-tabs-view-horizontal elementor-widget elementor-widget-tabs\" data-id=\"d7b951c\" data-element_type=\"widget\" data-widget_type=\"tabs.default\">\n\t\t\t\t<div class=\"elementor-widget-container\">\n\t\t\t\t\t\t\t<div class=\"elementor-tabs\">\n\t\t\t<div class=\"elementor-tabs-wrapper\" role=\"tablist\" >\n\t\t\t\t\t\t\t\t\t<div id=\"elementor-tab-title-2261\" class=\"elementor-tab-title elementor-tab-desktop-title\" aria-selected=\"true\" data-tab=\"1\" role=\"tab\" tabindex=\"0\" aria-controls=\"elementor-tab-content-2261\" aria-expanded=\"false\">Par\u00e2metros do Produto<\/div>\n\t\t\t\t\t\t\t\t\t<div id=\"elementor-tab-title-2262\" class=\"elementor-tab-title elementor-tab-desktop-title\" aria-selected=\"false\" data-tab=\"2\" role=\"tab\" tabindex=\"-1\" aria-controls=\"elementor-tab-content-2262\" aria-expanded=\"false\">Caracter\u00edsticas do Produto<\/div>\n\t\t\t\t\t\t\t\t\t<div id=\"elementor-tab-title-2263\" class=\"elementor-tab-title elementor-tab-desktop-title\" aria-selected=\"false\" data-tab=\"3\" role=\"tab\" tabindex=\"-1\" aria-controls=\"elementor-tab-content-2263\" aria-expanded=\"false\">Informa\u00e7\u00f5es de Transa\u00e7\u00e3o<\/div>\n\t\t\t\t\t\t\t<\/div>\n\t\t\t<div class=\"elementor-tabs-content-wrapper\" role=\"tablist\" aria-orientation=\"vertical\">\n\t\t\t\t\t\t\t\t\t<div class=\"elementor-tab-title elementor-tab-mobile-title\" aria-selected=\"true\" data-tab=\"1\" role=\"tab\" tabindex=\"0\" aria-controls=\"elementor-tab-content-2261\" aria-expanded=\"false\">Par\u00e2metros do Produto<\/div>\n\t\t\t\t\t<div id=\"elementor-tab-content-2261\" class=\"elementor-tab-content elementor-clearfix\" data-tab=\"1\" role=\"tabpanel\" aria-labelledby=\"elementor-tab-title-2261\" tabindex=\"0\" hidden=\"false\"><table style=\"font-weight: 400;\"><tbody><tr><td rowspan=\"5\" width=\"169\"><p>Camada Externa de A\u00e7o<\/p><\/td><td width=\"164\"><p>\u00a0ComumT(mm)<\/p><\/td><td width=\"267\"><p>Especifica\u00e7\u00f5es0.5-0.8(Painel de A\u00e7o Revestido)<\/p><\/td><\/tr><tr><td width=\"164\">\u00a0<\/td><td width=\"267\"><p>Especifica\u00e7\u00f5es0.46-0.7(A\u00e7o Inoxid\u00e1vel)<\/p><\/td><\/tr><tr><td width=\"164\"><p>Comprimento ComumL(mm)<\/p><\/td><td width=\"267\"><p>\u226415.000<\/p><\/td><\/tr><tr><td width=\"164\"><p>Largura Comum W(mm)<\/p><\/td><td width=\"267\"><p>920-1120<\/p><\/td><\/tr><tr><td width=\"164\"><p>Revestimento<\/p><\/td><td width=\"267\"><p>PVDF\/HDP\/PE\u00a0\u00a0\u00a0\u00a0\u00a0\u00a0<\/p><\/td><\/tr><tr><td rowspan=\"5\" width=\"169\"><p>N\u00facleo de Isolamento<\/p><\/td><td width=\"164\"><p>Material do N\u00facleo<\/p><\/td><td width=\"267\"><p>PU<\/p><\/td><\/tr><tr><td width=\"164\"><p>VW(kg\/m\u00b3)<\/p><\/td><td width=\"267\"><p>PU: 40\u00b12<\/p><\/td><\/tr><tr><td width=\"164\"><p>Espessura(mm)<\/p><\/td><td width=\"267\"><p>50-200\u00a0\u00a0<\/p><\/td><\/tr><tr><td width=\"164\"><p>Valor U(w\/mk)<\/p><\/td><td width=\"267\"><p>PU:\u22640.024<\/p><\/td><\/tr><tr><td width=\"164\"><p>Classifica\u00e7\u00e3o de Resist\u00eancia ao Fogo<\/p><\/td><td width=\"267\"><p>PU:CLASS B1<\/p><\/td><\/tr><tr><td rowspan=\"3\" width=\"169\"><p>Processo<\/p><\/td><td width=\"164\"><p>Uni\u00e3o<\/p><\/td><td width=\"267\"><p>Uni\u00e3o de Ponto de Dois Lados - Macho-F\u00eamea<\/p><\/td><\/tr><tr><td width=\"164\"><p>Processo de Produ\u00e7\u00e3o<\/p><\/td><td width=\"267\"><p>Processo de Produ\u00e7\u00e3o Cont\u00ednua<\/p><\/td><\/tr><tr><td width=\"164\"><p>Textura de Superf\u00edcie<\/p><\/td><td width=\"267\"><p>Fio Plano\/Retinho\/Microondula\u00e7\u00e3o<\/p><\/td><\/tr><tr><td width=\"169\"><p>Tratamento de Acabamento Central<\/p><\/td><td colspan=\"2\" width=\"431\"><p>Recheio de PU + Capa Decorativa<\/p><\/td><\/tr><\/tbody><\/table><\/div>\n\t\t\t\t\t\t\t\t\t<div class=\"elementor-tab-title elementor-tab-mobile-title\" aria-selected=\"false\" data-tab=\"2\" role=\"tab\" tabindex=\"-1\" aria-controls=\"elementor-tab-content-2262\" aria-expanded=\"false\">Caracter\u00edsticas do Produto<\/div>\n\t\t\t\t\t<div id=\"elementor-tab-content-2262\" class=\"elementor-tab-content elementor-clearfix\" data-tab=\"2\" role=\"tabpanel\" aria-labelledby=\"elementor-tab-title-2262\" tabindex=\"0\" hidden=\"hidden\"><ol><li><div>O material central adota um sistema de material composto de espuma r\u00edgida de PU PIR de nova gera\u00e7\u00e3o, que bloqueia efetivamente a condu\u00e7\u00e3o de calor, proporcionando excelente desempenho de isolamento t\u00e9rmico<\/div><\/li><li><div>Design racional de uni\u00e3o, grande efeito de isolamento t\u00e9rmico e desempenho mec\u00e2nico superior<\/div><\/li><li><div>Excelente desempenho de isolamento t\u00e9rmico, altos benef\u00edcios econ\u00f4micos, redu\u00e7\u00e3o da perda de ar e do aquecimento por radia\u00e7\u00e3o solar, resultando em menor consumo de energia e custos, emiss\u00f5es de CO2 e consumo de energia do edif\u00edcio<\/div><\/li><li><div>Atende a diversos padr\u00f5es de prote\u00e7\u00e3o contra inc\u00eandios em todo o mundo<\/div><\/li><li><div>Emiss\u00f5es mais baixas de compostos org\u00e2nicos vol\u00e1teis (VOC), ecologicamente amig\u00e1vel e sustent\u00e1vel.<\/div><img decoding=\"async\" class=\"aligncenter wp-image-1034 size-full\" src=\"https:\/\/shanghepanel.com\/wp-content\/uploads\/2024\/05\/20220628092208_82797.jpg\" alt=\"\" width=\"865\" height=\"166\" srcset=\"https:\/\/shanghepanel.com\/wp-content\/uploads\/2024\/05\/20220628092208_82797.jpg 865w, https:\/\/shanghepanel.com\/wp-content\/uploads\/2024\/05\/20220628092208_82797-300x58.jpg 300w, https:\/\/shanghepanel.com\/wp-content\/uploads\/2024\/05\/20220628092208_82797-768x147.jpg 768w, https:\/\/shanghepanel.com\/wp-content\/uploads\/2024\/05\/20220628092208_82797-600x115.jpg 600w\" sizes=\"(max-width: 865px) 100vw, 865px\" \/><\/li><\/ol><\/div>\n\t\t\t\t\t\t\t\t\t<div class=\"elementor-tab-title elementor-tab-mobile-title\" aria-selected=\"false\" data-tab=\"3\" role=\"tab\" tabindex=\"-1\" aria-controls=\"elementor-tab-content-2263\" aria-expanded=\"false\">Informa\u00e7\u00f5es de Transa\u00e7\u00e3o<\/div>\n\t\t\t\t\t<div id=\"elementor-tab-content-2263\" class=\"elementor-tab-content elementor-clearfix\" data-tab=\"3\" role=\"tabpanel\" aria-labelledby=\"elementor-tab-title-2263\" tabindex=\"0\" hidden=\"hidden\"><ul><li><p><span style=\"color: #142d7d;\">Pagamento <\/span>: <span style=\"color: #737373; font-size: 1rem;\">TT\/LC<\/span><\/p><\/li><li><p><span style=\"color: #142d7d;\">Origem do Produto <\/span>: <span style=\"color: #737373; font-size: 1rem;\">Prov\u00edncia de Shandong, China<\/span><\/p><\/li><li><p><span style=\"color: #142d7d;\">Cor <\/span>: <span style=\"color: #737373; font-size: 1rem;\">Personalizado conforme sua solicita\u00e7\u00e3o<\/span><\/p><\/li><li><p><span style=\"color: #142d7d;\">MOQ <\/span>: <span style=\"color: #737373; font-size: 1rem;\">\u00a0500 metros quadrados<\/span><\/p><\/li><li><p><span style=\"color: #142d7d;\">Porto de embarque <\/span>: <span style=\"color: #737373; font-size: 1rem;\">Porto de Qingdao, China<\/span><\/p><\/li><li><p><span style=\"color: #142d7d;\">Prazo de entrega <\/span>\uff1a <span style=\"color: #737373; font-size: 1rem;\">20-30 dias ap\u00f3s o recebimento do seu dep\u00f3sito<\/span><\/p><\/li><\/ul><\/div>\n\t\t\t\t\t\t\t<\/div>\n\t\t<\/div>\n\t\t\t\t\t\t<\/div>\n\t\t\t\t<\/div>\n\t\t\t\t<div class=\"elementor-element elementor-element-0c84ed5 elementor-widget elementor-widget-elementskit-faq\" data-id=\"0c84ed5\" data-element_type=\"widget\" data-widget_type=\"elementskit-faq.default\">\n\t\t\t\t<div class=\"elementor-widget-container\">\n\t\t\t\t\t<div class=\"ekit-wid-con\" >\n                <div class=\"elementskit-single-faq elementor-repeater-item-f583996\">\n            <div class=\"elementskit-faq-header\">\n                <h2 class=\"elementskit-faq-title\">Por quanto tempo dura ao ar livre sem desbotar?<\/h2>\n            <\/div>\n            <div class=\"elementskit-faq-body\">\n                A camada externa de metal n\u00e3o pode enferrujar por 45 anos, e a cor da tinta n\u00e3o pode desbotar por 15 anos.            <\/div>\n        <\/div>\n                <div class=\"elementskit-single-faq elementor-repeater-item-faa9272\">\n            <div class=\"elementskit-faq-header\">\n                <h2 class=\"elementskit-faq-title\">Existe efeito de isolamento ac\u00fastico?<\/h2>\n            <\/div>\n            <div class=\"elementskit-faq-body\">\n                O material central no meio \u00e9 uma camada de isolamento t\u00e9rmico e ac\u00fastico composta de alta densidade, e seu interior possui uma estrutura de c\u00e9lulas fechadas independente, que possui um bom efeito de isolamento ac\u00fastico.            <\/div>\n        <\/div>\n                <div class=\"elementskit-single-faq elementor-repeater-item-f1cd0bf\">\n            <div class=\"elementskit-faq-header\">\n                <h2 class=\"elementskit-faq-title\">Posso obter amostras para inspe\u00e7\u00e3o?<\/h2>\n            <\/div>\n            <div class=\"elementskit-faq-body\">\n                Forneceremos amostras gratuitas para voc\u00ea antes da confirma\u00e7\u00e3o do pedido.            <\/div>\n        <\/div>\n                \n    <\/div>\t\t\t\t<\/div>\n\t\t\t\t<\/div>\n\t\t\t\t<\/div>\n\t\t\t\t<\/div>","protected":false},"excerpt":{"rendered":"<p>Descubra o m\u00e1ximo em constru\u00e7\u00e3o com nossos pain\u00e9is de parede sandwich de poliuretano PU de alta qualidade. Projetados para isolamento t\u00e9rmico excepcional, esses pain\u00e9is apresentam um n\u00facleo robusto de poliuretano entre duas chapas met\u00e1licas dur\u00e1veis. Ideais para aplica\u00e7\u00f5es comerciais, industriais e residenciais, nossos pain\u00e9is garantem efici\u00eancia energ\u00e9tica e economia de custos. O design leve permite instala\u00e7\u00e3o f\u00e1cil, enquanto a excelente resist\u00eancia ao fogo aumenta a seguran\u00e7a. Escolha nossos pain\u00e9is de parede sandwich de poliuretano para desempenho duradouro, manuten\u00e7\u00e3o reduzida e maior conforto interno. Invista em qualidade superior e sustentabilidade com nossas solu\u00e7\u00f5es inovadoras de constru\u00e7\u00e3o.<\/p>","protected":false},"featured_media":1028,"comment_status":"open","ping_status":"closed","template":"","meta":[],"product_brand":[],"product_cat":[31],"product_tag":[30,32,29],"class_list":{"0":"post-1024","1":"product","2":"type-product","3":"status-publish","4":"has-post-thumbnail","6":"product_cat-pu","7":"product_tag-insulation-board","8":"product_tag-pu","9":"product_tag-wall-board","11":"first","12":"instock","13":"shipping-taxable","14":"product-type-simple"},"yoast_head":"<!-- This site is optimized with the Yoast SEO plugin v24.2 - https:\/\/yoast.com\/wordpress\/plugins\/seo\/ -->\n<title>Polyurethane Sandwich Wall Panels - Shang He Sandwich Panel<\/title>\n<meta name=\"description\" content=\"PU Polyurethane Wall Sandwich Panels offer superior insulation, lightweight strength, and moisture resistance, perfect for energy-efficient buildings.\" \/>\n<meta name=\"robots\" content=\"index, follow, max-snippet:-1, max-image-preview:large, max-video-preview:-1\" \/>\n<link rel=\"canonical\" href=\"https:\/\/shanghepanel.com\/pt\/product\/polyurethane-sandwich-wall-panels-for-superior-insulation-and-durability\/\" \/>\n<meta property=\"og:locale\" content=\"pt_BR\" \/>\n<meta property=\"og:type\" content=\"article\" \/>\n<meta property=\"og:title\" content=\"Polyurethane Sandwich Wall Panels - Shang He Sandwich Panel\" \/>\n<meta property=\"og:description\" content=\"PU Polyurethane Wall Sandwich Panels offer superior insulation, lightweight strength, and moisture resistance, perfect for energy-efficient buildings.\" \/>\n<meta property=\"og:url\" content=\"https:\/\/shanghepanel.com\/pt\/product\/polyurethane-sandwich-wall-panels-for-superior-insulation-and-durability\/\" \/>\n<meta property=\"og:site_name\" content=\"Shang He Sandwich Panel\" \/>\n<meta property=\"article:modified_time\" content=\"2025-06-05T06:10:17+00:00\" \/>\n<meta property=\"og:image\" content=\"https:\/\/shanghepanel.com\/wp-content\/uploads\/2024\/05\/PU-bd-111.jpg\" \/>\n\t<meta property=\"og:image:width\" content=\"800\" \/>\n\t<meta property=\"og:image:height\" content=\"800\" \/>\n\t<meta property=\"og:image:type\" content=\"image\/jpeg\" \/>\n<meta name=\"twitter:card\" content=\"summary_large_image\" \/>\n<meta name=\"twitter:label1\" content=\"Est. tempo de leitura\" \/>\n\t<meta name=\"twitter:data1\" content=\"4 minutos\" \/>\n<script type=\"application\/ld+json\" class=\"yoast-schema-graph\">{\"@context\":\"https:\/\/schema.org\",\"@graph\":[{\"@type\":\"WebPage\",\"@id\":\"https:\/\/shanghepanel.com\/product\/polyurethane-sandwich-wall-panels-for-superior-insulation-and-durability\/\",\"url\":\"https:\/\/shanghepanel.com\/product\/polyurethane-sandwich-wall-panels-for-superior-insulation-and-durability\/\",\"name\":\"Polyurethane Sandwich Wall Panels - Shang He Sandwich Panel\",\"isPartOf\":{\"@id\":\"https:\/\/shanghepanel.com\/#website\"},\"primaryImageOfPage\":{\"@id\":\"https:\/\/shanghepanel.com\/product\/polyurethane-sandwich-wall-panels-for-superior-insulation-and-durability\/#primaryimage\"},\"image\":{\"@id\":\"https:\/\/shanghepanel.com\/product\/polyurethane-sandwich-wall-panels-for-superior-insulation-and-durability\/#primaryimage\"},\"thumbnailUrl\":\"https:\/\/shanghepanel.com\/wp-content\/uploads\/2024\/05\/PU-bd-111.jpg\",\"datePublished\":\"2024-05-14T09:49:59+00:00\",\"dateModified\":\"2025-06-05T06:10:17+00:00\",\"description\":\"PU Polyurethane Wall Sandwich Panels offer superior insulation, lightweight strength, and moisture resistance, perfect for energy-efficient buildings.\",\"breadcrumb\":{\"@id\":\"https:\/\/shanghepanel.com\/product\/polyurethane-sandwich-wall-panels-for-superior-insulation-and-durability\/#breadcrumb\"},\"inLanguage\":\"pt-BR\",\"potentialAction\":[{\"@type\":\"ReadAction\",\"target\":[\"https:\/\/shanghepanel.com\/product\/polyurethane-sandwich-wall-panels-for-superior-insulation-and-durability\/\"]}]},{\"@type\":\"ImageObject\",\"inLanguage\":\"pt-BR\",\"@id\":\"https:\/\/shanghepanel.com\/product\/polyurethane-sandwich-wall-panels-for-superior-insulation-and-durability\/#primaryimage\",\"url\":\"https:\/\/shanghepanel.com\/wp-content\/uploads\/2024\/05\/PU-bd-111.jpg\",\"contentUrl\":\"https:\/\/shanghepanel.com\/wp-content\/uploads\/2024\/05\/PU-bd-111.jpg\",\"width\":800,\"height\":800},{\"@type\":\"BreadcrumbList\",\"@id\":\"https:\/\/shanghepanel.com\/product\/polyurethane-sandwich-wall-panels-for-superior-insulation-and-durability\/#breadcrumb\",\"itemListElement\":[{\"@type\":\"ListItem\",\"position\":1,\"name\":\"\u9996\u9875\",\"item\":\"https:\/\/shanghepanel.com\/en\/\"},{\"@type\":\"ListItem\",\"position\":2,\"name\":\"\u4ea7\u54c1\",\"item\":\"https:\/\/shanghepanel.com\/index.php\/shop\/\"},{\"@type\":\"ListItem\",\"position\":3,\"name\":\"Polyurethane Sandwich Wall Panels\"}]},{\"@type\":\"WebSite\",\"@id\":\"https:\/\/shanghepanel.com\/#website\",\"url\":\"https:\/\/shanghepanel.com\/\",\"name\":\"shanghepanel.com\",\"description\":\"\",\"publisher\":{\"@id\":\"https:\/\/shanghepanel.com\/#organization\"},\"potentialAction\":[{\"@type\":\"SearchAction\",\"target\":{\"@type\":\"EntryPoint\",\"urlTemplate\":\"https:\/\/shanghepanel.com\/?s={search_term_string}\"},\"query-input\":{\"@type\":\"PropertyValueSpecification\",\"valueRequired\":true,\"valueName\":\"search_term_string\"}}],\"inLanguage\":\"pt-BR\"},{\"@type\":\"Organization\",\"@id\":\"https:\/\/shanghepanel.com\/#organization\",\"name\":\"Shandong ShangHe New Construction Engineering Co., ltd.\",\"url\":\"https:\/\/shanghepanel.com\/\",\"logo\":{\"@type\":\"ImageObject\",\"inLanguage\":\"pt-BR\",\"@id\":\"https:\/\/shanghepanel.com\/#\/schema\/logo\/image\/\",\"url\":\"https:\/\/shanghepanel.com\/wp-content\/uploads\/2024\/03\/logo-1.png\",\"contentUrl\":\"https:\/\/shanghepanel.com\/wp-content\/uploads\/2024\/03\/logo-1.png\",\"width\":800,\"height\":800,\"caption\":\"Shandong ShangHe New Construction Engineering Co., ltd.\"},\"image\":{\"@id\":\"https:\/\/shanghepanel.com\/#\/schema\/logo\/image\/\"}}]}<\/script>\n<!-- \/ Yoast SEO plugin. -->","yoast_head_json":{"title":"Pain\u00e9is de Parede Sandu\u00edche de Poliuretano - Painel Sandu\u00edche Shang He","description":"Pain\u00e9is de Parede Sandu\u00edche de Poliuretano oferecem isolamento superior, resist\u00eancia leve e resist\u00eancia \u00e0 umidade, perfeitos para edif\u00edcios de alta efici\u00eancia energ\u00e9tica.","robots":{"index":"index","follow":"follow","max-snippet":"max-snippet:-1","max-image-preview":"max-image-preview:large","max-video-preview":"max-video-preview:-1"},"canonical":"https:\/\/shanghepanel.com\/pt\/product\/polyurethane-sandwich-wall-panels-for-superior-insulation-and-durability\/","og_locale":"pt_BR","og_type":"article","og_title":"Polyurethane Sandwich Wall Panels - Shang He Sandwich Panel","og_description":"PU Polyurethane Wall Sandwich Panels offer superior insulation, lightweight strength, and moisture resistance, perfect for energy-efficient buildings.","og_url":"https:\/\/shanghepanel.com\/pt\/product\/polyurethane-sandwich-wall-panels-for-superior-insulation-and-durability\/","og_site_name":"Shang He Sandwich Panel","article_modified_time":"2025-06-05T06:10:17+00:00","og_image":[{"width":800,"height":800,"url":"https:\/\/shanghepanel.com\/wp-content\/uploads\/2024\/05\/PU-bd-111.jpg","type":"image\/jpeg"}],"twitter_card":"summary_large_image","twitter_misc":{"Est. tempo de leitura":"4 minutos"},"schema":{"@context":"https:\/\/schema.org","@graph":[{"@type":"WebPage","@id":"https:\/\/shanghepanel.com\/product\/polyurethane-sandwich-wall-panels-for-superior-insulation-and-durability\/","url":"https:\/\/shanghepanel.com\/product\/polyurethane-sandwich-wall-panels-for-superior-insulation-and-durability\/","name":"Pain\u00e9is de Parede Sandu\u00edche de Poliuretano - Painel Sandu\u00edche Shang He","isPartOf":{"@id":"https:\/\/shanghepanel.com\/#website"},"primaryImageOfPage":{"@id":"https:\/\/shanghepanel.com\/product\/polyurethane-sandwich-wall-panels-for-superior-insulation-and-durability\/#primaryimage"},"image":{"@id":"https:\/\/shanghepanel.com\/product\/polyurethane-sandwich-wall-panels-for-superior-insulation-and-durability\/#primaryimage"},"thumbnailUrl":"https:\/\/shanghepanel.com\/wp-content\/uploads\/2024\/05\/PU-bd-111.jpg","datePublished":"2024-05-14T09:49:59+00:00","dateModified":"2025-06-05T06:10:17+00:00","description":"Pain\u00e9is de Parede Sandu\u00edche de Poliuretano oferecem isolamento superior, resist\u00eancia leve e resist\u00eancia \u00e0 umidade, perfeitos para edif\u00edcios de alta efici\u00eancia energ\u00e9tica.","breadcrumb":{"@id":"https:\/\/shanghepanel.com\/product\/polyurethane-sandwich-wall-panels-for-superior-insulation-and-durability\/#breadcrumb"},"inLanguage":"pt-BR","potentialAction":[{"@type":"ReadAction","target":["https:\/\/shanghepanel.com\/product\/polyurethane-sandwich-wall-panels-for-superior-insulation-and-durability\/"]}]},{"@type":"ImageObject","inLanguage":"pt-BR","@id":"https:\/\/shanghepanel.com\/product\/polyurethane-sandwich-wall-panels-for-superior-insulation-and-durability\/#primaryimage","url":"https:\/\/shanghepanel.com\/wp-content\/uploads\/2024\/05\/PU-bd-111.jpg","contentUrl":"https:\/\/shanghepanel.com\/wp-content\/uploads\/2024\/05\/PU-bd-111.jpg","width":800,"height":800},{"@type":"BreadcrumbList","@id":"https:\/\/shanghepanel.com\/product\/polyurethane-sandwich-wall-panels-for-superior-insulation-and-durability\/#breadcrumb","itemListElement":[{"@type":"ListItem","position":1,"name":"\u9996\u9875","item":"https:\/\/shanghepanel.com\/en\/"},{"@type":"ListItem","position":2,"name":"\u4ea7\u54c1","item":"https:\/\/shanghepanel.com\/index.php\/shop\/"},{"@type":"ListItem","position":3,"name":"Polyurethane Sandwich Wall Panels"}]},{"@type":"WebSite","@id":"https:\/\/shanghepanel.com\/#website","url":"https:\/\/shanghepanel.com\/","name":"shanghepanel.com","description":"","publisher":{"@id":"https:\/\/shanghepanel.com\/#organization"},"potentialAction":[{"@type":"SearchAction","target":{"@type":"EntryPoint","urlTemplate":"https:\/\/shanghepanel.com\/?s={search_term_string}"},"query-input":{"@type":"PropertyValueSpecification","valueRequired":true,"valueName":"search_term_string"}}],"inLanguage":"pt-BR"},{"@type":"Organization","@id":"https:\/\/shanghepanel.com\/#organization","name":"Shandong ShangHe Engenharia de Constru\u00e7\u00e3o Nova Ltda.","url":"https:\/\/shanghepanel.com\/","logo":{"@type":"ImageObject","inLanguage":"pt-BR","@id":"https:\/\/shanghepanel.com\/#\/schema\/logo\/image\/","url":"https:\/\/shanghepanel.com\/wp-content\/uploads\/2024\/03\/logo-1.png","contentUrl":"https:\/\/shanghepanel.com\/wp-content\/uploads\/2024\/03\/logo-1.png","width":800,"height":800,"caption":"Shandong ShangHe New Construction Engineering Co., ltd."},"image":{"@id":"https:\/\/shanghepanel.com\/#\/schema\/logo\/image\/"}}]}},"_links":{"self":[{"href":"https:\/\/shanghepanel.com\/pt\/wp-json\/wp\/v2\/product\/1024","targetHints":{"allow":["GET"]}}],"collection":[{"href":"https:\/\/shanghepanel.com\/pt\/wp-json\/wp\/v2\/product"}],"about":[{"href":"https:\/\/shanghepanel.com\/pt\/wp-json\/wp\/v2\/types\/product"}],"replies":[{"embeddable":true,"href":"https:\/\/shanghepanel.com\/pt\/wp-json\/wp\/v2\/comments?post=1024"}],"version-history":[{"count":0,"href":"https:\/\/shanghepanel.com\/pt\/wp-json\/wp\/v2\/product\/1024\/revisions"}],"wp:featuredmedia":[{"embeddable":true,"href":"https:\/\/shanghepanel.com\/pt\/wp-json\/wp\/v2\/media\/1028"}],"wp:attachment":[{"href":"https:\/\/shanghepanel.com\/pt\/wp-json\/wp\/v2\/media?parent=1024"}],"wp:term":[{"taxonomy":"product_brand","embeddable":true,"href":"https:\/\/shanghepanel.com\/pt\/wp-json\/wp\/v2\/product_brand?post=1024"},{"taxonomy":"product_cat","embeddable":true,"href":"https:\/\/shanghepanel.com\/pt\/wp-json\/wp\/v2\/product_cat?post=1024"},{"taxonomy":"product_tag","embeddable":true,"href":"https:\/\/shanghepanel.com\/pt\/wp-json\/wp\/v2\/product_tag?post=1024"}],"curies":[{"name":"wp","href":"https:\/\/api.w.org\/{rel}","templated":true}]}}