{"id":1751,"date":"2024-06-11T20:26:50","date_gmt":"2024-06-11T12:26:50","guid":{"rendered":"https:\/\/shanghepanel.com\/?post_type=product&#038;p=1751"},"modified":"2025-06-05T14:09:58","modified_gmt":"2025-06-05T06:09:58","slug":"fireproof-pu-foam-sandwich-panel-exterior-wall-metal-carved-board","status":"publish","type":"product","link":"https:\/\/shanghepanel.com\/pt\/product\/fireproof-pu-foam-sandwich-panel-exterior-wall-metal-carved-board\/","title":{"rendered":"Painel de Metal com Gr\u00e3o de Madeira Carimbado"},"content":{"rendered":"<div data-elementor-type=\"product-post\" data-elementor-id=\"1751\" class=\"elementor elementor-1751\" data-elementor-post-type=\"product\">\n\t\t\t\t<div class=\"elementor-element elementor-element-99d86df e-con-full e-flex e-con e-parent\" data-id=\"99d86df\" data-element_type=\"container\">\n\t\t\t\t<div class=\"elementor-element elementor-element-b591a4d elementor-widget elementor-widget-text-editor\" data-id=\"b591a4d\" data-element_type=\"widget\" data-widget_type=\"text-editor.default\">\n\t\t\t\t<div class=\"elementor-widget-container\">\n\t\t\t\t\t\t\t\t\t<div class=\"lake-content\"><span class=\"ne-text\">A superf\u00edcie do painel de escultura de metal \u00e9 composta por uma camada de chapa de a\u00e7o zincado aluminizado, o interior \u00e9 uma camada de isolamento de espuma de poliuretano de alta densidade, a camada inferior \u00e9 papel de alum\u00ednio imperme\u00e1vel e \u00e0 prova de umidade, estrutura especial faz com que o painel de escultura de metal tenha isolamento t\u00e9rmico, resist\u00eancia ao fogo e \u00e0 umidade, instala\u00e7\u00e3o simples, longa vida \u00fatil, mais de cem tipos de padr\u00f5es de relevo e cores com mais de cem combina\u00e7\u00f5es, efeito decorativo luxuoso e bonito, fazendo com que o edif\u00edcio destaque-se pelo estilo e bom gosto, desmontagem e instala\u00e7\u00e3o f\u00e1ceis e flex\u00edveis, permitindo que o design da parede seja facilmente substitu\u00eddo, muito adequado para materiais decorativos de isolamento de paredes externas.<\/span><\/div>\t\t\t\t\t\t\t\t<\/div>\n\t\t\t\t<\/div>\n\t\t\t\t<div class=\"elementor-element elementor-element-52f37b3 elementor-headline--style-highlight elementor-widget elementor-widget-animated-headline\" data-id=\"52f37b3\" data-element_type=\"widget\" data-settings=\"{&quot;marker&quot;:&quot;underline_zigzag&quot;,&quot;highlighted_text&quot;:&quot;PU Foam Sandwich Panel&quot;,&quot;headline_style&quot;:&quot;highlight&quot;,&quot;loop&quot;:&quot;yes&quot;,&quot;highlight_animation_duration&quot;:1200,&quot;highlight_iteration_delay&quot;:8000}\" data-widget_type=\"animated-headline.default\">\n\t\t\t\t<div class=\"elementor-widget-container\">\n\t\t\t\t\t\t\t<div class=\"elementor-headline\">\n\t\t\t\t\t<span class=\"elementor-headline-plain-text elementor-headline-text-wrapper\">\u00c0 prova de fogo<\/span>\n\t\t\t\t<span class=\"elementor-headline-dynamic-wrapper elementor-headline-text-wrapper\">\n\t\t\t\t\t<span class=\"elementor-headline-dynamic-text elementor-headline-text-active\">Painel Sandu\u00edche de Espuma de Poliuretano<\/span>\n\t\t\t\t<\/span>\n\t\t\t\t\t<span class=\"elementor-headline-plain-text elementor-headline-text-wrapper\">Painel de Revestimento Met\u00e1lico para Parede Externa, Pain\u00e9is Sandwich Compostos<\/span>\n\t\t\t\t\t<\/div>\n\t\t\t\t\t\t<\/div>\n\t\t\t\t<\/div>\n\t\t\t\t<div class=\"elementor-element elementor-element-ca5d912 elementor-widget elementor-widget-image\" data-id=\"ca5d912\" data-element_type=\"widget\" data-widget_type=\"image.default\">\n\t\t\t\t<div class=\"elementor-widget-container\">\n\t\t\t\t\t\t\t\t\t\t\t\t\t\t\t<img fetchpriority=\"high\" decoding=\"async\" width=\"800\" height=\"664\" src=\"https:\/\/shanghepanel.com\/wp-content\/uploads\/2024\/06\/B_05-1024x850.jpg\" class=\"attachment-large size-large wp-image-1766\" alt=\"\" srcset=\"https:\/\/shanghepanel.com\/wp-content\/uploads\/2024\/06\/B_05-1024x850.jpg 1024w, https:\/\/shanghepanel.com\/wp-content\/uploads\/2024\/06\/B_05-300x249.jpg 300w, https:\/\/shanghepanel.com\/wp-content\/uploads\/2024\/06\/B_05-768x638.jpg 768w, https:\/\/shanghepanel.com\/wp-content\/uploads\/2024\/06\/B_05-600x498.jpg 600w, https:\/\/shanghepanel.com\/wp-content\/uploads\/2024\/06\/B_05.jpg 1060w\" sizes=\"(max-width: 800px) 100vw, 800px\" \/>\t\t\t\t\t\t\t\t\t\t\t\t\t\t\t<\/div>\n\t\t\t\t<\/div>\n\t\t\t\t<\/div>\n\t\t<div class=\"elementor-element elementor-element-a3000ed e-flex e-con-boxed e-con e-parent\" data-id=\"a3000ed\" data-element_type=\"container\">\n\t\t\t\t\t<div class=\"e-con-inner\">\n\t\t\t\t<div class=\"elementor-element elementor-element-361b511 elementor-tabs-view-horizontal elementor-widget elementor-widget-tabs\" data-id=\"361b511\" data-element_type=\"widget\" data-widget_type=\"tabs.default\">\n\t\t\t\t<div class=\"elementor-widget-container\">\n\t\t\t\t\t\t\t<div class=\"elementor-tabs\">\n\t\t\t<div class=\"elementor-tabs-wrapper\" role=\"tablist\" >\n\t\t\t\t\t\t\t\t\t<div id=\"elementor-tab-title-5671\" class=\"elementor-tab-title elementor-tab-desktop-title\" aria-selected=\"true\" data-tab=\"1\" role=\"tab\" tabindex=\"0\" aria-controls=\"elementor-tab-content-5671\" aria-expanded=\"false\">Par\u00e2metros do Produto<\/div>\n\t\t\t\t\t\t\t\t\t<div id=\"elementor-tab-title-5672\" class=\"elementor-tab-title elementor-tab-desktop-title\" aria-selected=\"false\" data-tab=\"2\" role=\"tab\" tabindex=\"-1\" aria-controls=\"elementor-tab-content-5672\" aria-expanded=\"false\">Caracter\u00edsticas do Produto<\/div>\n\t\t\t\t\t\t\t\t\t<div id=\"elementor-tab-title-5673\" class=\"elementor-tab-title elementor-tab-desktop-title\" aria-selected=\"false\" data-tab=\"3\" role=\"tab\" tabindex=\"-1\" aria-controls=\"elementor-tab-content-5673\" aria-expanded=\"false\">Informa\u00e7\u00f5es de Transa\u00e7\u00e3o<\/div>\n\t\t\t\t\t\t\t<\/div>\n\t\t\t<div class=\"elementor-tabs-content-wrapper\" role=\"tablist\" aria-orientation=\"vertical\">\n\t\t\t\t\t\t\t\t\t<div class=\"elementor-tab-title elementor-tab-mobile-title\" aria-selected=\"true\" data-tab=\"1\" role=\"tab\" tabindex=\"0\" aria-controls=\"elementor-tab-content-5671\" aria-expanded=\"false\">Par\u00e2metros do Produto<\/div>\n\t\t\t\t\t<div id=\"elementor-tab-content-5671\" class=\"elementor-tab-content elementor-clearfix\" data-tab=\"1\" role=\"tabpanel\" aria-labelledby=\"elementor-tab-title-5671\" tabindex=\"0\" hidden=\"false\"><table class=\"has-title hight-light-first-column all magic-10\"><tbody><tr><td colspan=\"1\" rowspan=\"1\"><div class=\"magic-11\" data-spm-anchor-id=\"a2700.details.0.i95.2a101888jG48cr\">Nome do Produto<\/div><\/td><td colspan=\"1\" rowspan=\"1\"><div class=\"magic-12\">Painel sandu\u00edche de poliuretano isolante<\/div><\/td><\/tr><tr><td colspan=\"1\" rowspan=\"1\"><div class=\"magic-11\">Estilo de Design<\/div><\/td><td colspan=\"1\" rowspan=\"1\"><div class=\"magic-12\">Cor s\u00f3lida, gr\u00e3o de tijolo, gr\u00e3o de pedra, gr\u00e3o de madeira ou personalizado<\/div><\/td><\/tr><tr><td colspan=\"1\" rowspan=\"1\"><div class=\"magic-11\">Material do Painel<\/div><\/td><td colspan=\"1\" rowspan=\"1\"><div class=\"magic-12\">A\u00e7o Galvalume<\/div><\/td><\/tr><tr><td colspan=\"1\" rowspan=\"1\"><div class=\"magic-11\">Material do n\u00facleo<\/div><\/td><td colspan=\"1\" rowspan=\"1\"><div class=\"magic-12\">Espuma de Poliuretano Dura<\/div><\/td><\/tr><tr><td colspan=\"1\" rowspan=\"1\"><div class=\"magic-11\">Superf\u00edcie Pintada<\/div><\/td><td colspan=\"1\" rowspan=\"1\"><div class=\"magic-12\">Tinta automotiva de alta temperatura<\/div><\/td><\/tr><tr><td colspan=\"1\" rowspan=\"1\"><div class=\"magic-11\">Cor<\/div><\/td><td colspan=\"1\" rowspan=\"1\"><div class=\"magic-12\">Requisito do Cliente<\/div><\/td><\/tr><tr><td colspan=\"1\" rowspan=\"1\"><div class=\"magic-11\">Espessura<\/div><\/td><td colspan=\"1\" rowspan=\"1\"><div class=\"magic-12\">16mm<\/div><\/td><\/tr><tr><td colspan=\"1\" rowspan=\"1\"><div class=\"magic-11\">Comprimento<\/div><\/td><td colspan=\"1\" rowspan=\"1\"><div class=\"magic-12\">Escolha do Cliente<\/div><\/td><\/tr><tr><td colspan=\"1\" rowspan=\"1\"><div class=\"magic-11\">Certificado<\/div><\/td><td colspan=\"1\" rowspan=\"1\"><div class=\"magic-12\">CE ISO<\/div><\/td><\/tr><tr><td colspan=\"1\" rowspan=\"1\"><div class=\"magic-11\">Largura efetiva<\/div><\/td><td colspan=\"1\" rowspan=\"1\"><div class=\"magic-12\">383mm<\/div><\/td><\/tr><tr><td colspan=\"1\" rowspan=\"1\"><div class=\"magic-13\">Comprimento<\/div><\/td><td colspan=\"1\" rowspan=\"1\"><div class=\"magic-14\">3800mm, 5800mm<\/div><\/td><\/tr><tr><td colspan=\"1\" rowspan=\"1\"><div class=\"magic-11\">N\u00edvel de resist\u00eancia ao fogo<\/div><\/td><td colspan=\"1\" rowspan=\"1\"><div class=\"magic-12\">N\u00edvel B<\/div><\/td><\/tr><tr><td colspan=\"1\" rowspan=\"1\"><div class=\"magic-11\">Aplica\u00e7\u00e3o<\/div><\/td><td colspan=\"1\" rowspan=\"1\"><div class=\"magic-12\">Hotel, Villa, Apartamento, Edif\u00edcio Comercial, Hospital, Escola, Shopping<\/div><\/td><\/tr><\/tbody><\/table><\/div>\n\t\t\t\t\t\t\t\t\t<div class=\"elementor-tab-title elementor-tab-mobile-title\" aria-selected=\"false\" data-tab=\"2\" role=\"tab\" tabindex=\"-1\" aria-controls=\"elementor-tab-content-5672\" aria-expanded=\"false\">Caracter\u00edsticas do Produto<\/div>\n\t\t\t\t\t<div id=\"elementor-tab-content-5672\" class=\"elementor-tab-content elementor-clearfix\" data-tab=\"2\" role=\"tabpanel\" aria-labelledby=\"elementor-tab-title-5672\" tabindex=\"0\" hidden=\"hidden\"><p><img decoding=\"async\" class=\"alignnone size-medium wp-image-1771\" src=\"https:\/\/shanghepanel.com\/wp-content\/uploads\/2024\/06\/B-xq-11-300x181.jpg\" alt=\"\" width=\"300\" height=\"181\" srcset=\"https:\/\/shanghepanel.com\/wp-content\/uploads\/2024\/06\/B-xq-11-300x181.jpg 300w, https:\/\/shanghepanel.com\/wp-content\/uploads\/2024\/06\/B-xq-11-1024x619.jpg 1024w, https:\/\/shanghepanel.com\/wp-content\/uploads\/2024\/06\/B-xq-11-768x464.jpg 768w, https:\/\/shanghepanel.com\/wp-content\/uploads\/2024\/06\/B-xq-11-600x363.jpg 600w, https:\/\/shanghepanel.com\/wp-content\/uploads\/2024\/06\/B-xq-11.jpg 1060w\" sizes=\"(max-width: 300px) 100vw, 300px\" \/>Painel sandu\u00edche de poliuretano possui peso leve, apar\u00eancia bonita e bom desempenho anticorrosivo, podendo ser processado diretamente. Oferece um novo tipo de mat\u00e9ria-prima para a ind\u00fastria da constru\u00e7\u00e3o, ind\u00fastria naval, fabrica\u00e7\u00e3o de ve\u00edculos, ind\u00fastria de m\u00f3veis, ind\u00fastria el\u00e9trica, etc., e desempenhou um bom papel na substitui\u00e7\u00e3o da madeira pelo a\u00e7o, constru\u00e7\u00e3o eficiente, economia de energia e preven\u00e7\u00e3o da polui\u00e7\u00e3o<\/p><\/div>\n\t\t\t\t\t\t\t\t\t<div class=\"elementor-tab-title elementor-tab-mobile-title\" aria-selected=\"false\" data-tab=\"3\" role=\"tab\" tabindex=\"-1\" aria-controls=\"elementor-tab-content-5673\" aria-expanded=\"false\">Informa\u00e7\u00f5es de Transa\u00e7\u00e3o<\/div>\n\t\t\t\t\t<div id=\"elementor-tab-content-5673\" class=\"elementor-tab-content elementor-clearfix\" data-tab=\"3\" role=\"tabpanel\" aria-labelledby=\"elementor-tab-title-5673\" tabindex=\"0\" hidden=\"hidden\"><ul><li><p><span style=\"color: #142d7d;\">Pagamento <\/span>: <span style=\"color: #737373; font-size: 1rem;\">TT\/LC<\/span><\/p><\/li><li><p><span style=\"color: #142d7d;\">Origem do Produto <\/span>: <span style=\"color: #737373; font-size: 1rem;\">Prov\u00edncia de Shandong, China<\/span><\/p><\/li><li><p><span style=\"color: #142d7d;\">Cor <\/span>: <span style=\"color: #737373; font-size: 1rem;\">Personalizado conforme sua solicita\u00e7\u00e3o<\/span><\/p><\/li><li><p><span style=\"color: #142d7d;\">MOQ <\/span>: <span style=\"color: #737373; font-size: 1rem;\">\u00a0500 metros quadrados<\/span><\/p><\/li><li><p><span style=\"color: #142d7d;\">Porto de embarque <\/span>: <span style=\"color: #737373; font-size: 1rem;\">Porto de Qingdao, China<\/span><\/p><\/li><li><p><span style=\"color: #142d7d;\">Prazo de entrega <\/span>\uff1a <span style=\"color: #737373; font-size: 1rem;\">20-30 dias ap\u00f3s o recebimento do seu dep\u00f3sito<\/span><\/p><\/li><\/ul><\/div>\n\t\t\t\t\t\t\t<\/div>\n\t\t<\/div>\n\t\t\t\t\t\t<\/div>\n\t\t\t\t<\/div>\n\t\t\t\t\t<\/div>\n\t\t\t\t<\/div>\n\t\t\t\t<\/div>","protected":false},"excerpt":{"rendered":"<p>Pain\u00e9is em relevo de metal, com isolamento de alta qualidade e design decorativo, s\u00e3o a escolha definitiva para constru\u00e7\u00f5es modernas. Esses pain\u00e9is proporcionam isolamento t\u00e9rmico excepcional, reduzindo custos de energia para aquecimento e resfriamento. Com suas propriedades leves e de alta resist\u00eancia, oferecem durabilidade excelente e resist\u00eancia a impactos. F\u00e1cil de instalar em qualquer clima, reduzem o tempo de constru\u00e7\u00e3o e os custos gerais. Resistente ao fogo e \u00e0 \u00e1gua, esses pain\u00e9is protegem os edif\u00edcios contra danos causados pelo clima e aumentam a seguran\u00e7a. Dispon\u00edveis em v\u00e1rios padr\u00f5es e cores, adicionam um toque de luxo a qualquer fachada. Ideais para aplica\u00e7\u00f5es residenciais, comerciais e industriais, os Pain\u00e9is em Relevo de Metal s\u00e3o uma solu\u00e7\u00e3o vers\u00e1til e econ\u00f4mica para novas constru\u00e7\u00f5es e reformas. Escolha Pain\u00e9is em Relevo de Metal para um material de constru\u00e7\u00e3o ecol\u00f3gico, dur\u00e1vel e elegante.<\/p>","protected":false},"featured_media":1758,"comment_status":"open","ping_status":"closed","template":"","meta":[],"product_brand":[],"product_cat":[33],"product_tag":[32,29],"class_list":{"0":"post-1751","1":"product","2":"type-product","3":"status-publish","4":"has-post-thumbnail","6":"product_cat-metal-carved-board","7":"product_tag-pu","8":"product_tag-wall-board","10":"first","11":"instock","12":"shipping-taxable","13":"product-type-grouped"},"yoast_head":"<!-- This site is optimized with the Yoast SEO plugin v24.2 - https:\/\/yoast.com\/wordpress\/plugins\/seo\/ -->\n<title>Wood Grain Metal Carved Board - Shang He Sandwich Panel<\/title>\n<meta name=\"description\" content=\"Metal carved board Built to last, our metal decorative panels are resistant to weather, corrosion, and impact, ensuring long-lasting beauty and performance.\" \/>\n<meta name=\"robots\" content=\"index, follow, max-snippet:-1, max-image-preview:large, max-video-preview:-1\" \/>\n<link rel=\"canonical\" href=\"https:\/\/shanghepanel.com\/pt\/product\/fireproof-pu-foam-sandwich-panel-exterior-wall-metal-carved-board\/\" \/>\n<meta property=\"og:locale\" content=\"pt_BR\" \/>\n<meta property=\"og:type\" content=\"article\" \/>\n<meta property=\"og:title\" content=\"Wood Grain Metal Carved Board - Shang He Sandwich Panel\" \/>\n<meta property=\"og:description\" content=\"Metal carved board Built to last, our metal decorative panels are resistant to weather, corrosion, and impact, ensuring long-lasting beauty and performance.\" \/>\n<meta property=\"og:url\" content=\"https:\/\/shanghepanel.com\/pt\/product\/fireproof-pu-foam-sandwich-panel-exterior-wall-metal-carved-board\/\" \/>\n<meta property=\"og:site_name\" content=\"Shang He Sandwich Panel\" \/>\n<meta property=\"article:modified_time\" content=\"2025-06-05T06:09:58+00:00\" \/>\n<meta property=\"og:image\" content=\"https:\/\/shanghepanel.com\/wp-content\/uploads\/2024\/06\/MW-bd-44.jpg\" \/>\n\t<meta property=\"og:image:width\" content=\"800\" \/>\n\t<meta property=\"og:image:height\" content=\"800\" \/>\n\t<meta property=\"og:image:type\" content=\"image\/jpeg\" \/>\n<meta name=\"twitter:card\" content=\"summary_large_image\" \/>\n<meta name=\"twitter:label1\" content=\"Est. tempo de leitura\" \/>\n\t<meta name=\"twitter:data1\" content=\"3 minutos\" \/>\n<script type=\"application\/ld+json\" class=\"yoast-schema-graph\">{\"@context\":\"https:\/\/schema.org\",\"@graph\":[{\"@type\":\"WebPage\",\"@id\":\"https:\/\/shanghepanel.com\/product\/fireproof-pu-foam-sandwich-panel-exterior-wall-metal-carved-board\/\",\"url\":\"https:\/\/shanghepanel.com\/product\/fireproof-pu-foam-sandwich-panel-exterior-wall-metal-carved-board\/\",\"name\":\"Wood Grain Metal Carved Board - Shang He Sandwich Panel\",\"isPartOf\":{\"@id\":\"https:\/\/shanghepanel.com\/#website\"},\"primaryImageOfPage\":{\"@id\":\"https:\/\/shanghepanel.com\/product\/fireproof-pu-foam-sandwich-panel-exterior-wall-metal-carved-board\/#primaryimage\"},\"image\":{\"@id\":\"https:\/\/shanghepanel.com\/product\/fireproof-pu-foam-sandwich-panel-exterior-wall-metal-carved-board\/#primaryimage\"},\"thumbnailUrl\":\"https:\/\/shanghepanel.com\/wp-content\/uploads\/2024\/06\/MW-bd-44.jpg\",\"datePublished\":\"2024-06-11T12:26:50+00:00\",\"dateModified\":\"2025-06-05T06:09:58+00:00\",\"description\":\"Metal carved board Built to last, our metal decorative panels are resistant to weather, corrosion, and impact, ensuring long-lasting beauty and performance.\",\"breadcrumb\":{\"@id\":\"https:\/\/shanghepanel.com\/product\/fireproof-pu-foam-sandwich-panel-exterior-wall-metal-carved-board\/#breadcrumb\"},\"inLanguage\":\"pt-BR\",\"potentialAction\":[{\"@type\":\"ReadAction\",\"target\":[\"https:\/\/shanghepanel.com\/product\/fireproof-pu-foam-sandwich-panel-exterior-wall-metal-carved-board\/\"]}]},{\"@type\":\"ImageObject\",\"inLanguage\":\"pt-BR\",\"@id\":\"https:\/\/shanghepanel.com\/product\/fireproof-pu-foam-sandwich-panel-exterior-wall-metal-carved-board\/#primaryimage\",\"url\":\"https:\/\/shanghepanel.com\/wp-content\/uploads\/2024\/06\/MW-bd-44.jpg\",\"contentUrl\":\"https:\/\/shanghepanel.com\/wp-content\/uploads\/2024\/06\/MW-bd-44.jpg\",\"width\":800,\"height\":800},{\"@type\":\"BreadcrumbList\",\"@id\":\"https:\/\/shanghepanel.com\/product\/fireproof-pu-foam-sandwich-panel-exterior-wall-metal-carved-board\/#breadcrumb\",\"itemListElement\":[{\"@type\":\"ListItem\",\"position\":1,\"name\":\"\u9996\u9875\",\"item\":\"https:\/\/shanghepanel.com\/en\/\"},{\"@type\":\"ListItem\",\"position\":2,\"name\":\"\u4ea7\u54c1\",\"item\":\"https:\/\/shanghepanel.com\/index.php\/shop\/\"},{\"@type\":\"ListItem\",\"position\":3,\"name\":\"Wood Grain Metal Carved Board\"}]},{\"@type\":\"WebSite\",\"@id\":\"https:\/\/shanghepanel.com\/#website\",\"url\":\"https:\/\/shanghepanel.com\/\",\"name\":\"shanghepanel.com\",\"description\":\"\",\"publisher\":{\"@id\":\"https:\/\/shanghepanel.com\/#organization\"},\"potentialAction\":[{\"@type\":\"SearchAction\",\"target\":{\"@type\":\"EntryPoint\",\"urlTemplate\":\"https:\/\/shanghepanel.com\/?s={search_term_string}\"},\"query-input\":{\"@type\":\"PropertyValueSpecification\",\"valueRequired\":true,\"valueName\":\"search_term_string\"}}],\"inLanguage\":\"pt-BR\"},{\"@type\":\"Organization\",\"@id\":\"https:\/\/shanghepanel.com\/#organization\",\"name\":\"Shandong ShangHe New Construction Engineering Co., ltd.\",\"url\":\"https:\/\/shanghepanel.com\/\",\"logo\":{\"@type\":\"ImageObject\",\"inLanguage\":\"pt-BR\",\"@id\":\"https:\/\/shanghepanel.com\/#\/schema\/logo\/image\/\",\"url\":\"https:\/\/shanghepanel.com\/wp-content\/uploads\/2024\/03\/logo-1.png\",\"contentUrl\":\"https:\/\/shanghepanel.com\/wp-content\/uploads\/2024\/03\/logo-1.png\",\"width\":800,\"height\":800,\"caption\":\"Shandong ShangHe New Construction Engineering Co., ltd.\"},\"image\":{\"@id\":\"https:\/\/shanghepanel.com\/#\/schema\/logo\/image\/\"}}]}<\/script>\n<!-- \/ Yoast SEO plugin. -->","yoast_head_json":{"title":"Painel de Metal com Gr\u00e3o de Madeira - Painel Sandu\u00edche Shang He","description":"Painel decorativo de metal resistente, nossos pain\u00e9is decorativos met\u00e1licos s\u00e3o resistentes \u00e0s intemp\u00e9ries, corros\u00e3o e impacto, garantindo beleza e desempenho duradouros.","robots":{"index":"index","follow":"follow","max-snippet":"max-snippet:-1","max-image-preview":"max-image-preview:large","max-video-preview":"max-video-preview:-1"},"canonical":"https:\/\/shanghepanel.com\/pt\/product\/fireproof-pu-foam-sandwich-panel-exterior-wall-metal-carved-board\/","og_locale":"pt_BR","og_type":"article","og_title":"Wood Grain Metal Carved Board - Shang He Sandwich Panel","og_description":"Metal carved board Built to last, our metal decorative panels are resistant to weather, corrosion, and impact, ensuring long-lasting beauty and performance.","og_url":"https:\/\/shanghepanel.com\/pt\/product\/fireproof-pu-foam-sandwich-panel-exterior-wall-metal-carved-board\/","og_site_name":"Shang He Sandwich Panel","article_modified_time":"2025-06-05T06:09:58+00:00","og_image":[{"width":800,"height":800,"url":"https:\/\/shanghepanel.com\/wp-content\/uploads\/2024\/06\/MW-bd-44.jpg","type":"image\/jpeg"}],"twitter_card":"summary_large_image","twitter_misc":{"Est. tempo de leitura":"3 minutos"},"schema":{"@context":"https:\/\/schema.org","@graph":[{"@type":"WebPage","@id":"https:\/\/shanghepanel.com\/product\/fireproof-pu-foam-sandwich-panel-exterior-wall-metal-carved-board\/","url":"https:\/\/shanghepanel.com\/product\/fireproof-pu-foam-sandwich-panel-exterior-wall-metal-carved-board\/","name":"Painel de Metal com Gr\u00e3o de Madeira - Painel Sandu\u00edche Shang He","isPartOf":{"@id":"https:\/\/shanghepanel.com\/#website"},"primaryImageOfPage":{"@id":"https:\/\/shanghepanel.com\/product\/fireproof-pu-foam-sandwich-panel-exterior-wall-metal-carved-board\/#primaryimage"},"image":{"@id":"https:\/\/shanghepanel.com\/product\/fireproof-pu-foam-sandwich-panel-exterior-wall-metal-carved-board\/#primaryimage"},"thumbnailUrl":"https:\/\/shanghepanel.com\/wp-content\/uploads\/2024\/06\/MW-bd-44.jpg","datePublished":"2024-06-11T12:26:50+00:00","dateModified":"2025-06-05T06:09:58+00:00","description":"Painel decorativo de metal resistente, nossos pain\u00e9is decorativos met\u00e1licos s\u00e3o resistentes \u00e0s intemp\u00e9ries, corros\u00e3o e impacto, garantindo beleza e desempenho duradouros.","breadcrumb":{"@id":"https:\/\/shanghepanel.com\/product\/fireproof-pu-foam-sandwich-panel-exterior-wall-metal-carved-board\/#breadcrumb"},"inLanguage":"pt-BR","potentialAction":[{"@type":"ReadAction","target":["https:\/\/shanghepanel.com\/product\/fireproof-pu-foam-sandwich-panel-exterior-wall-metal-carved-board\/"]}]},{"@type":"ImageObject","inLanguage":"pt-BR","@id":"https:\/\/shanghepanel.com\/product\/fireproof-pu-foam-sandwich-panel-exterior-wall-metal-carved-board\/#primaryimage","url":"https:\/\/shanghepanel.com\/wp-content\/uploads\/2024\/06\/MW-bd-44.jpg","contentUrl":"https:\/\/shanghepanel.com\/wp-content\/uploads\/2024\/06\/MW-bd-44.jpg","width":800,"height":800},{"@type":"BreadcrumbList","@id":"https:\/\/shanghepanel.com\/product\/fireproof-pu-foam-sandwich-panel-exterior-wall-metal-carved-board\/#breadcrumb","itemListElement":[{"@type":"ListItem","position":1,"name":"\u9996\u9875","item":"https:\/\/shanghepanel.com\/en\/"},{"@type":"ListItem","position":2,"name":"\u4ea7\u54c1","item":"https:\/\/shanghepanel.com\/index.php\/shop\/"},{"@type":"ListItem","position":3,"name":"Wood Grain Metal Carved Board"}]},{"@type":"WebSite","@id":"https:\/\/shanghepanel.com\/#website","url":"https:\/\/shanghepanel.com\/","name":"shanghepanel.com","description":"","publisher":{"@id":"https:\/\/shanghepanel.com\/#organization"},"potentialAction":[{"@type":"SearchAction","target":{"@type":"EntryPoint","urlTemplate":"https:\/\/shanghepanel.com\/?s={search_term_string}"},"query-input":{"@type":"PropertyValueSpecification","valueRequired":true,"valueName":"search_term_string"}}],"inLanguage":"pt-BR"},{"@type":"Organization","@id":"https:\/\/shanghepanel.com\/#organization","name":"Shandong ShangHe Engenharia de Constru\u00e7\u00e3o Nova Ltda.","url":"https:\/\/shanghepanel.com\/","logo":{"@type":"ImageObject","inLanguage":"pt-BR","@id":"https:\/\/shanghepanel.com\/#\/schema\/logo\/image\/","url":"https:\/\/shanghepanel.com\/wp-content\/uploads\/2024\/03\/logo-1.png","contentUrl":"https:\/\/shanghepanel.com\/wp-content\/uploads\/2024\/03\/logo-1.png","width":800,"height":800,"caption":"Shandong ShangHe New Construction Engineering Co., ltd."},"image":{"@id":"https:\/\/shanghepanel.com\/#\/schema\/logo\/image\/"}}]}},"_links":{"self":[{"href":"https:\/\/shanghepanel.com\/pt\/wp-json\/wp\/v2\/product\/1751","targetHints":{"allow":["GET"]}}],"collection":[{"href":"https:\/\/shanghepanel.com\/pt\/wp-json\/wp\/v2\/product"}],"about":[{"href":"https:\/\/shanghepanel.com\/pt\/wp-json\/wp\/v2\/types\/product"}],"replies":[{"embeddable":true,"href":"https:\/\/shanghepanel.com\/pt\/wp-json\/wp\/v2\/comments?post=1751"}],"version-history":[{"count":0,"href":"https:\/\/shanghepanel.com\/pt\/wp-json\/wp\/v2\/product\/1751\/revisions"}],"wp:featuredmedia":[{"embeddable":true,"href":"https:\/\/shanghepanel.com\/pt\/wp-json\/wp\/v2\/media\/1758"}],"wp:attachment":[{"href":"https:\/\/shanghepanel.com\/pt\/wp-json\/wp\/v2\/media?parent=1751"}],"wp:term":[{"taxonomy":"product_brand","embeddable":true,"href":"https:\/\/shanghepanel.com\/pt\/wp-json\/wp\/v2\/product_brand?post=1751"},{"taxonomy":"product_cat","embeddable":true,"href":"https:\/\/shanghepanel.com\/pt\/wp-json\/wp\/v2\/product_cat?post=1751"},{"taxonomy":"product_tag","embeddable":true,"href":"https:\/\/shanghepanel.com\/pt\/wp-json\/wp\/v2\/product_tag?post=1751"}],"curies":[{"name":"wp","href":"https:\/\/api.w.org\/{rel}","templated":true}]}}