{"id":1776,"date":"2024-06-11T21:11:40","date_gmt":"2024-06-11T13:11:40","guid":{"rendered":"https:\/\/shanghepanel.com\/?post_type=product&#038;p=1776"},"modified":"2024-07-27T17:48:35","modified_gmt":"2024-07-27T09:48:35","slug":"wpc-exterior-wall-facade-panels","status":"publish","type":"product","link":"https:\/\/shanghepanel.com\/pt\/product\/wpc-exterior-wall-facade-panels\/","title":{"rendered":"Pain\u00e9is de Fachada de Parede Exterior de WPC"},"content":{"rendered":"<div data-elementor-type=\"product-post\" data-elementor-id=\"1776\" class=\"elementor elementor-1776\" data-elementor-post-type=\"product\">\n\t\t\t\t<div class=\"elementor-element elementor-element-8efae6a e-flex e-con-boxed e-con e-parent\" data-id=\"8efae6a\" data-element_type=\"container\">\n\t\t\t\t\t<div class=\"e-con-inner\">\n\t\t\t\t<div class=\"elementor-element elementor-element-3f6dfe9 elementor-widget elementor-widget-text-editor\" data-id=\"3f6dfe9\" data-element_type=\"widget\" data-widget_type=\"text-editor.default\">\n\t\t\t\t<div class=\"elementor-widget-container\">\n\t\t\t\t\t\t\t\t\t<div class=\"lake-content\"><span class=\"ne-text\">O painel de parede externa WPC pode ser uma decora\u00e7\u00e3o perfeita para fazer o edif\u00edcio de concreto adquirir uma apar\u00eancia natural e perfeita. De acordo com as diferentes demandas do mercado, mais designs e cores de revestimento est\u00e3o dispon\u00edveis. Devido ao desempenho avan\u00e7ado, como resist\u00eancia aos UV, longa dura\u00e7\u00e3o, propriedades mec\u00e2nicas est\u00e1veis, isolamento t\u00e9rmico e f\u00e1cil instala\u00e7\u00e3o, o painel de parede externa WPC tem sido aplicado em muitas aplica\u00e7\u00f5es e recebeu grande reputa\u00e7\u00e3o de nossos clientes.<\/span><\/div>\t\t\t\t\t\t\t\t<\/div>\n\t\t\t\t<\/div>\n\t\t\t\t<div class=\"elementor-element elementor-element-b4651af elementor-widget elementor-widget-image\" data-id=\"b4651af\" data-element_type=\"widget\" data-widget_type=\"image.default\">\n\t\t\t\t<div class=\"elementor-widget-container\">\n\t\t\t\t\t\t\t\t\t\t\t\t\t\t\t<img fetchpriority=\"high\" decoding=\"async\" width=\"800\" height=\"437\" src=\"https:\/\/shanghepanel.com\/wp-content\/uploads\/2024\/06\/WPC-st-5-1024x559.jpg\" class=\"attachment-large size-large wp-image-1782\" alt=\"\" srcset=\"https:\/\/shanghepanel.com\/wp-content\/uploads\/2024\/06\/WPC-st-5-1024x559.jpg 1024w, https:\/\/shanghepanel.com\/wp-content\/uploads\/2024\/06\/WPC-st-5-300x164.jpg 300w, https:\/\/shanghepanel.com\/wp-content\/uploads\/2024\/06\/WPC-st-5-768x420.jpg 768w, https:\/\/shanghepanel.com\/wp-content\/uploads\/2024\/06\/WPC-st-5-600x328.jpg 600w, https:\/\/shanghepanel.com\/wp-content\/uploads\/2024\/06\/WPC-st-5.jpg 1060w\" sizes=\"(max-width: 800px) 100vw, 800px\" \/>\t\t\t\t\t\t\t\t\t\t\t\t\t\t\t<\/div>\n\t\t\t\t<\/div>\n\t\t\t\t<div class=\"elementor-element elementor-element-9659db2 elementor-tabs-view-horizontal elementor-widget elementor-widget-tabs\" data-id=\"9659db2\" data-element_type=\"widget\" data-widget_type=\"tabs.default\">\n\t\t\t\t<div class=\"elementor-widget-container\">\n\t\t\t\t\t\t\t<div class=\"elementor-tabs\">\n\t\t\t<div class=\"elementor-tabs-wrapper\" role=\"tablist\" >\n\t\t\t\t\t\t\t\t\t<div id=\"elementor-tab-title-1571\" class=\"elementor-tab-title elementor-tab-desktop-title\" aria-selected=\"true\" data-tab=\"1\" role=\"tab\" tabindex=\"0\" aria-controls=\"elementor-tab-content-1571\" aria-expanded=\"false\">Par\u00e2metros do Produto<\/div>\n\t\t\t\t\t\t\t\t\t<div id=\"elementor-tab-title-1572\" class=\"elementor-tab-title elementor-tab-desktop-title\" aria-selected=\"false\" data-tab=\"2\" role=\"tab\" tabindex=\"-1\" aria-controls=\"elementor-tab-content-1572\" aria-expanded=\"false\">Descri\u00e7\u00e3o de Desempenho<\/div>\n\t\t\t\t\t\t\t\t\t<div id=\"elementor-tab-title-1573\" class=\"elementor-tab-title elementor-tab-desktop-title\" aria-selected=\"false\" data-tab=\"3\" role=\"tab\" tabindex=\"-1\" aria-controls=\"elementor-tab-content-1573\" aria-expanded=\"false\">Informa\u00e7\u00f5es de Transa\u00e7\u00e3o<\/div>\n\t\t\t\t\t\t\t<\/div>\n\t\t\t<div class=\"elementor-tabs-content-wrapper\" role=\"tablist\" aria-orientation=\"vertical\">\n\t\t\t\t\t\t\t\t\t<div class=\"elementor-tab-title elementor-tab-mobile-title\" aria-selected=\"true\" data-tab=\"1\" role=\"tab\" tabindex=\"0\" aria-controls=\"elementor-tab-content-1571\" aria-expanded=\"false\">Par\u00e2metros do Produto<\/div>\n\t\t\t\t\t<div id=\"elementor-tab-content-1571\" class=\"elementor-tab-content elementor-clearfix\" data-tab=\"1\" role=\"tabpanel\" aria-labelledby=\"elementor-tab-title-1571\" tabindex=\"0\" hidden=\"false\"><table class=\"has-title all magic-13\"><tbody><tr><td colspan=\"1\" rowspan=\"1\"><div class=\"magic-14\" data-spm-anchor-id=\"a2700.details.0.i62.428829b84T7YS2\">Local de Origem:<\/div><\/td><td colspan=\"1\" rowspan=\"1\"><div class=\"magic-15\">Shandong, China<\/div><\/td><td colspan=\"1\" rowspan=\"1\"><div class=\"magic-16\">N\u00famero do Modelo:<\/div><\/td><td colspan=\"1\" rowspan=\"1\"><div class=\"magic-17\">Painel de Parede WPC<\/div><\/td><\/tr><tr><td colspan=\"1\" rowspan=\"1\"><div class=\"magic-14\">Nome do Produto:<\/div><\/td><td colspan=\"1\" rowspan=\"1\"><div class=\"magic-15\">Painel de parede Wpc<\/div><\/td><td colspan=\"1\" rowspan=\"1\"><div class=\"magic-16\">Aplica\u00e7\u00e3o:<\/div><\/td><td colspan=\"1\" rowspan=\"1\"><div class=\"magic-17\">Escrit\u00f3rio; hotel; shopping; sala de estar, etc<\/div><\/td><\/tr><tr><td colspan=\"1\" rowspan=\"1\"><div class=\"magic-14\">Material:<\/div><\/td><td colspan=\"1\" rowspan=\"1\"><div class=\"magic-15\">Composto de Madeira e Pl\u00e1stico<\/div><\/td><td colspan=\"1\" rowspan=\"1\"><div class=\"magic-16\">Fun\u00e7\u00e3o:<\/div><\/td><td colspan=\"1\" rowspan=\"1\"><div class=\"magic-17\">Material de Decora\u00e7\u00e3o<\/div><\/td><\/tr><tr><td colspan=\"1\" rowspan=\"1\"><div class=\"magic-14\">Tamanho:<\/div><\/td><td colspan=\"1\" rowspan=\"1\"><div class=\"magic-15\">159*23\/205*15\/205*27\/170*20mm<\/div><\/td><td colspan=\"1\" rowspan=\"1\"><div class=\"magic-16\">Vantagem:<\/div><\/td><td colspan=\"1\" rowspan=\"1\"><div class=\"magic-17\">\u00c0 prova d'\u00e1gua, \u00e0 prova de fogo, f\u00e1cil de limpar<\/div><\/td><\/tr><tr><td colspan=\"1\" rowspan=\"1\"><div class=\"magic-14\">Uso:<\/div><\/td><td colspan=\"1\" rowspan=\"1\"><div class=\"magic-15\">Para decora\u00e7\u00e3o de parede interna<\/div><\/td><td colspan=\"1\" rowspan=\"1\"><div class=\"magic-16\">Superf\u00edcie:<\/div><\/td><td colspan=\"1\" rowspan=\"1\"><div class=\"magic-17\">Lixamento, Relevo Embossed<\/div><\/td><\/tr><tr><td colspan=\"1\" rowspan=\"1\"><div class=\"magic-14\">Classifica\u00e7\u00e3o de Resist\u00eancia ao Fogo<\/div><\/td><td colspan=\"1\" rowspan=\"1\"><div class=\"magic-15\">B1 (N\u00edvel mais alto no produto de piso SPC)<\/div><\/td><td colspan=\"1\" rowspan=\"1\"><div class=\"magic-16\">Pagamento<\/div><\/td><td colspan=\"1\" rowspan=\"1\"><div class=\"magic-17\">30% depositado, o restante deve ser pago antes da entrega<\/div><\/td><\/tr><tr><td colspan=\"1\" rowspan=\"1\"><div class=\"magic-14\">Pacote<\/div><\/td><td colspan=\"1\" rowspan=\"1\"><div class=\"magic-15\">Palete ou embalagem a granel<\/div><\/td><td colspan=\"1\" rowspan=\"1\"><div class=\"magic-16\">Prazo de entrega<\/div><\/td><td colspan=\"1\" rowspan=\"1\"><div class=\"magic-17\">Cerca de 15-20 dias para uma caixa de 20\u2019<\/div><\/td><\/tr><tr><td colspan=\"4\" rowspan=\"1\"><div class=\"magic-18\"><div class=\"magic-4\" data-spm-anchor-id=\"a2700.pc-decorate.0.i49.28d33333Ih0RyV\"><b>Os par\u00e2metros acima s\u00e3o par\u00e2metros padr\u00e3o de f\u00e1brica, se n\u00e3o puder atender \u00e0s suas necessidades, entre em contato com o atendimento ao cliente para personalizar os produtos.<\/b><\/div><\/div><\/td><\/tr><\/tbody><\/table><\/div>\n\t\t\t\t\t\t\t\t\t<div class=\"elementor-tab-title elementor-tab-mobile-title\" aria-selected=\"false\" data-tab=\"2\" role=\"tab\" tabindex=\"-1\" aria-controls=\"elementor-tab-content-1572\" aria-expanded=\"false\">Descri\u00e7\u00e3o de Desempenho<\/div>\n\t\t\t\t\t<div id=\"elementor-tab-content-1572\" class=\"elementor-tab-content elementor-clearfix\" data-tab=\"2\" role=\"tabpanel\" aria-labelledby=\"elementor-tab-title-1572\" tabindex=\"0\" hidden=\"hidden\"><p>\u00c0 prova d'\u00e1gua e resistente \u00e0 umidade com pl\u00e1stico resistente<br \/>Resolvido o problema de apodrecimento, expans\u00e3o e deforma\u00e7\u00e3o de produtos de madeira em ambientes \u00famidos e aqu\u00e1ticos, boa resist\u00eancia \u00e0s intemp\u00e9ries e fixa\u00e7\u00e3o de cor para uso externo<\/p><p>Pontos de venda principais:<br \/>Resistente a manchas e \u00e0 \u00e1gua, n\u00e3o teme mofo, resistente a riscos e f\u00e1cil de usar, f\u00e1cil de instalar, \u00e0 prova de umidade e \u00e1gua, sem tinta, longa dura\u00e7\u00e3o, desempenho excelente<\/p><p>Mudan\u00e7a r\u00e1pida: casas com acabamento bruto podem ser instaladas com pain\u00e9is de parede ap\u00f3s \u00e1gua e eletricidade, economizando tempo e dinheiro<br \/>\u00c0 prova de insetos e cupins: materiais \u00e0 prova de insetos evitam efetivamente cupins e outras pragas<br \/>Retardante de chamas e resistente a altas temperaturas: grau de resist\u00eancia ao fogo alcan\u00e7a B1; retardante de chamas em caso de inc\u00eandio, seguro e confi\u00e1vel<\/p><p>Tecnologia de nanofibras, resistente \u00e0 sujeira e f\u00e1cil de limpar, vida \u00fatil natural de mais de 20 anos<\/p><p>Melhor desempenho: melhor impermeabilidade, maior dureza, sem expans\u00e3o ou contra\u00e7\u00e3o t\u00e9rmica<\/p><\/div>\n\t\t\t\t\t\t\t\t\t<div class=\"elementor-tab-title elementor-tab-mobile-title\" aria-selected=\"false\" data-tab=\"3\" role=\"tab\" tabindex=\"-1\" aria-controls=\"elementor-tab-content-1573\" aria-expanded=\"false\">Informa\u00e7\u00f5es de Transa\u00e7\u00e3o<\/div>\n\t\t\t\t\t<div id=\"elementor-tab-content-1573\" class=\"elementor-tab-content elementor-clearfix\" data-tab=\"3\" role=\"tabpanel\" aria-labelledby=\"elementor-tab-title-1573\" tabindex=\"0\" hidden=\"hidden\"><ul><li><p><span style=\"color: #142d7d;\">Pagamento <\/span>: <span style=\"color: #737373; font-size: 1rem;\">TT\/LC<\/span><\/p><\/li><li><p><span style=\"color: #142d7d;\">Origem do Produto <\/span>: <span style=\"color: #737373; font-size: 1rem;\">Prov\u00edncia de Shandong, China<\/span><\/p><\/li><li><p><span style=\"color: #142d7d;\">Cor <\/span>: <span style=\"color: #737373; font-size: 1rem;\">Personalizado conforme sua solicita\u00e7\u00e3o<\/span><\/p><\/li><li><p><span style=\"color: #142d7d;\">MOQ <\/span>: <span style=\"color: #737373; font-size: 1rem;\">\u00a01000 metros quadrados<\/span><\/p><\/li><li><p><span style=\"color: #142d7d;\">Porto de embarque <\/span>: <span style=\"color: #737373; font-size: 1rem;\">Porto de Qingdao, China<\/span><\/p><\/li><li><p><span style=\"color: #142d7d;\">Prazo de entrega <\/span>\uff1a <span style=\"color: #737373; font-size: 1rem;\">20-30 dias ap\u00f3s o recebimento do seu dep\u00f3sito<\/span><\/p><\/li><\/ul><\/div>\n\t\t\t\t\t\t\t<\/div>\n\t\t<\/div>\n\t\t\t\t\t\t<\/div>\n\t\t\t\t<\/div>\n\t\t\t\t\t<\/div>\n\t\t\t\t<\/div>\n\t\t\t\t<\/div>","protected":false},"excerpt":{"rendered":"<div class=\"magic-5\">\n<p data-sourcepos=\"9:1-9:17\"><strong>Benef\u00edcios principais dos pain\u00e9is de parede externa WPC:<\/strong><\/p>\n<ul data-sourcepos=\"11:1-16:0\">\n<li data-sourcepos=\"11:1-11:102\"><strong>Duradouro:<\/strong> Desfrute de anos de uso sem problemas, sem necessidade de manchas ou veda\u00e7\u00e3o constantes.<\/li>\n<li data-sourcepos=\"12:1-12:66\"><strong>\u00c0 prova de intemp\u00e9ries:<\/strong> Resistente \u00e0 umidade, podrid\u00e3o e danos causados por insetos.<\/li>\n<li data-sourcepos=\"13:1-13:92\"><strong>Baixa Manuten\u00e7\u00e3o:<\/strong> Limpeza simples com \u00e1gua e sab\u00e3o mant\u00e9m sua \u00e1rea externa com apar\u00eancia de nova.<\/li>\n<li data-sourcepos=\"14:1-14:84\"><strong>Ecol\u00f3gico:<\/strong> Feito de materiais reciclados e 100% recicl\u00e1vel.<\/li>\n<li data-sourcepos=\"15:1-16:0\"><strong>Vers\u00e1til:<\/strong> Dispon\u00edvel em v\u00e1rias cores e acabamentos para complementar qualquer espa\u00e7o ao ar livre.<\/li>\n<\/ul>\n<p data-sourcepos=\"17:1-17:14\"><strong>Ideal para:<\/strong><\/p>\n<ul data-sourcepos=\"19:1-21:57\">\n<li data-sourcepos=\"19:1-19:79\"><strong>P\u00e1tios e decks:<\/strong> Crie um espa\u00e7o externo bonito e funcional.<\/li>\n<li data-sourcepos=\"20:1-20:64\"><strong>\u00c1reas ao redor da piscina:<\/strong> Desfrute de uma \u00e1rea de piscina segura e antiderrapante.<\/li>\n<li data-sourcepos=\"21:1-21:57\"><strong>Varandas:<\/strong> Adicione estilo e durabilidade \u00e0 sua varanda.<\/li>\n<\/ul>\n<p data-sourcepos=\"23:1-23:80\"><strong>Atualize seu espa\u00e7o externo hoje com nossas t\u00e1buas de deck WPC premium.<\/strong><\/p>\n<\/div>","protected":false},"featured_media":1777,"comment_status":"open","ping_status":"closed","template":"","meta":[],"product_brand":[],"product_cat":[38],"product_tag":[40],"class_list":{"0":"post-1776","1":"product","2":"type-product","3":"status-publish","4":"has-post-thumbnail","6":"product_cat-wpc","7":"product_tag-wpc","9":"first","10":"instock","11":"shipping-taxable","12":"product-type-simple"},"yoast_head":"<!-- This site is optimized with the Yoast SEO plugin v24.2 - https:\/\/yoast.com\/wordpress\/plugins\/seo\/ -->\n<title>WPC Exterior Wall Facade Panels - Shang He Sandwich Panel<\/title>\n<meta name=\"description\" content=\"Say goodbye to staining and sealing. Our WPC Exterior Wall Panels decking requires minimal maintenance, allowing you to enjoy your outdoor space worry-free.\" \/>\n<meta name=\"robots\" content=\"index, follow, max-snippet:-1, max-image-preview:large, max-video-preview:-1\" \/>\n<link rel=\"canonical\" href=\"https:\/\/shanghepanel.com\/pt\/product\/wpc-exterior-wall-facade-panels\/\" \/>\n<meta property=\"og:locale\" content=\"pt_BR\" \/>\n<meta property=\"og:type\" content=\"article\" \/>\n<meta property=\"og:title\" content=\"WPC Exterior Wall Facade Panels - Shang He Sandwich Panel\" \/>\n<meta property=\"og:description\" content=\"Say goodbye to staining and sealing. Our WPC Exterior Wall Panels decking requires minimal maintenance, allowing you to enjoy your outdoor space worry-free.\" \/>\n<meta property=\"og:url\" content=\"https:\/\/shanghepanel.com\/pt\/product\/wpc-exterior-wall-facade-panels\/\" \/>\n<meta property=\"og:site_name\" content=\"Shang He Sandwich Panel\" \/>\n<meta property=\"article:modified_time\" content=\"2024-07-27T09:48:35+00:00\" \/>\n<meta property=\"og:image\" content=\"https:\/\/shanghepanel.com\/wp-content\/uploads\/2024\/06\/WPC-sj-1.jpg\" \/>\n\t<meta property=\"og:image:width\" content=\"800\" \/>\n\t<meta property=\"og:image:height\" content=\"800\" \/>\n\t<meta property=\"og:image:type\" content=\"image\/jpeg\" \/>\n<meta name=\"twitter:card\" content=\"summary_large_image\" \/>\n<meta name=\"twitter:label1\" content=\"Est. tempo de leitura\" \/>\n\t<meta name=\"twitter:data1\" content=\"3 minutos\" \/>\n<script type=\"application\/ld+json\" class=\"yoast-schema-graph\">{\"@context\":\"https:\/\/schema.org\",\"@graph\":[{\"@type\":\"WebPage\",\"@id\":\"https:\/\/shanghepanel.com\/product\/wpc-exterior-wall-facade-panels\/\",\"url\":\"https:\/\/shanghepanel.com\/product\/wpc-exterior-wall-facade-panels\/\",\"name\":\"WPC Exterior Wall Facade Panels - Shang He Sandwich Panel\",\"isPartOf\":{\"@id\":\"https:\/\/shanghepanel.com\/#website\"},\"primaryImageOfPage\":{\"@id\":\"https:\/\/shanghepanel.com\/product\/wpc-exterior-wall-facade-panels\/#primaryimage\"},\"image\":{\"@id\":\"https:\/\/shanghepanel.com\/product\/wpc-exterior-wall-facade-panels\/#primaryimage\"},\"thumbnailUrl\":\"https:\/\/shanghepanel.com\/wp-content\/uploads\/2024\/06\/WPC-sj-1.jpg\",\"datePublished\":\"2024-06-11T13:11:40+00:00\",\"dateModified\":\"2024-07-27T09:48:35+00:00\",\"description\":\"Say goodbye to staining and sealing. Our WPC Exterior Wall Panels decking requires minimal maintenance, allowing you to enjoy your outdoor space worry-free.\",\"breadcrumb\":{\"@id\":\"https:\/\/shanghepanel.com\/product\/wpc-exterior-wall-facade-panels\/#breadcrumb\"},\"inLanguage\":\"pt-BR\",\"potentialAction\":[{\"@type\":\"ReadAction\",\"target\":[\"https:\/\/shanghepanel.com\/product\/wpc-exterior-wall-facade-panels\/\"]}]},{\"@type\":\"ImageObject\",\"inLanguage\":\"pt-BR\",\"@id\":\"https:\/\/shanghepanel.com\/product\/wpc-exterior-wall-facade-panels\/#primaryimage\",\"url\":\"https:\/\/shanghepanel.com\/wp-content\/uploads\/2024\/06\/WPC-sj-1.jpg\",\"contentUrl\":\"https:\/\/shanghepanel.com\/wp-content\/uploads\/2024\/06\/WPC-sj-1.jpg\",\"width\":800,\"height\":800},{\"@type\":\"BreadcrumbList\",\"@id\":\"https:\/\/shanghepanel.com\/product\/wpc-exterior-wall-facade-panels\/#breadcrumb\",\"itemListElement\":[{\"@type\":\"ListItem\",\"position\":1,\"name\":\"\u9996\u9875\",\"item\":\"https:\/\/shanghepanel.com\/en\/\"},{\"@type\":\"ListItem\",\"position\":2,\"name\":\"\u4ea7\u54c1\",\"item\":\"https:\/\/shanghepanel.com\/index.php\/shop\/\"},{\"@type\":\"ListItem\",\"position\":3,\"name\":\"WPC Exterior Wall Facade Panels\"}]},{\"@type\":\"WebSite\",\"@id\":\"https:\/\/shanghepanel.com\/#website\",\"url\":\"https:\/\/shanghepanel.com\/\",\"name\":\"shanghepanel.com\",\"description\":\"\",\"publisher\":{\"@id\":\"https:\/\/shanghepanel.com\/#organization\"},\"potentialAction\":[{\"@type\":\"SearchAction\",\"target\":{\"@type\":\"EntryPoint\",\"urlTemplate\":\"https:\/\/shanghepanel.com\/?s={search_term_string}\"},\"query-input\":{\"@type\":\"PropertyValueSpecification\",\"valueRequired\":true,\"valueName\":\"search_term_string\"}}],\"inLanguage\":\"pt-BR\"},{\"@type\":\"Organization\",\"@id\":\"https:\/\/shanghepanel.com\/#organization\",\"name\":\"Shandong ShangHe New Construction Engineering Co., ltd.\",\"url\":\"https:\/\/shanghepanel.com\/\",\"logo\":{\"@type\":\"ImageObject\",\"inLanguage\":\"pt-BR\",\"@id\":\"https:\/\/shanghepanel.com\/#\/schema\/logo\/image\/\",\"url\":\"https:\/\/shanghepanel.com\/wp-content\/uploads\/2024\/03\/logo-1.png\",\"contentUrl\":\"https:\/\/shanghepanel.com\/wp-content\/uploads\/2024\/03\/logo-1.png\",\"width\":800,\"height\":800,\"caption\":\"Shandong ShangHe New Construction Engineering Co., ltd.\"},\"image\":{\"@id\":\"https:\/\/shanghepanel.com\/#\/schema\/logo\/image\/\"}}]}<\/script>\n<!-- \/ Yoast SEO plugin. -->","yoast_head_json":{"title":"Pain\u00e9is de Fachada de Parede Externa de WPC - Painel Sandu\u00edche Shang He","description":"Diga adeus \u00e0s manchas e ao selante. Nossos pain\u00e9is de parede externa de WPC para revestimento exigem manuten\u00e7\u00e3o m\u00ednima, permitindo que voc\u00ea aproveite seu espa\u00e7o ao ar livre sem preocupa\u00e7\u00f5es.","robots":{"index":"index","follow":"follow","max-snippet":"max-snippet:-1","max-image-preview":"max-image-preview:large","max-video-preview":"max-video-preview:-1"},"canonical":"https:\/\/shanghepanel.com\/pt\/product\/wpc-exterior-wall-facade-panels\/","og_locale":"pt_BR","og_type":"article","og_title":"WPC Exterior Wall Facade Panels - Shang He Sandwich Panel","og_description":"Say goodbye to staining and sealing. Our WPC Exterior Wall Panels decking requires minimal maintenance, allowing you to enjoy your outdoor space worry-free.","og_url":"https:\/\/shanghepanel.com\/pt\/product\/wpc-exterior-wall-facade-panels\/","og_site_name":"Shang He Sandwich Panel","article_modified_time":"2024-07-27T09:48:35+00:00","og_image":[{"width":800,"height":800,"url":"https:\/\/shanghepanel.com\/wp-content\/uploads\/2024\/06\/WPC-sj-1.jpg","type":"image\/jpeg"}],"twitter_card":"summary_large_image","twitter_misc":{"Est. tempo de leitura":"3 minutos"},"schema":{"@context":"https:\/\/schema.org","@graph":[{"@type":"WebPage","@id":"https:\/\/shanghepanel.com\/product\/wpc-exterior-wall-facade-panels\/","url":"https:\/\/shanghepanel.com\/product\/wpc-exterior-wall-facade-panels\/","name":"Pain\u00e9is de Fachada de Parede Externa de WPC - Painel Sandu\u00edche Shang He","isPartOf":{"@id":"https:\/\/shanghepanel.com\/#website"},"primaryImageOfPage":{"@id":"https:\/\/shanghepanel.com\/product\/wpc-exterior-wall-facade-panels\/#primaryimage"},"image":{"@id":"https:\/\/shanghepanel.com\/product\/wpc-exterior-wall-facade-panels\/#primaryimage"},"thumbnailUrl":"https:\/\/shanghepanel.com\/wp-content\/uploads\/2024\/06\/WPC-sj-1.jpg","datePublished":"2024-06-11T13:11:40+00:00","dateModified":"2024-07-27T09:48:35+00:00","description":"Diga adeus \u00e0s manchas e ao selante. Nossos pain\u00e9is de parede externa de WPC para revestimento exigem manuten\u00e7\u00e3o m\u00ednima, permitindo que voc\u00ea aproveite seu espa\u00e7o ao ar livre sem preocupa\u00e7\u00f5es.","breadcrumb":{"@id":"https:\/\/shanghepanel.com\/product\/wpc-exterior-wall-facade-panels\/#breadcrumb"},"inLanguage":"pt-BR","potentialAction":[{"@type":"ReadAction","target":["https:\/\/shanghepanel.com\/product\/wpc-exterior-wall-facade-panels\/"]}]},{"@type":"ImageObject","inLanguage":"pt-BR","@id":"https:\/\/shanghepanel.com\/product\/wpc-exterior-wall-facade-panels\/#primaryimage","url":"https:\/\/shanghepanel.com\/wp-content\/uploads\/2024\/06\/WPC-sj-1.jpg","contentUrl":"https:\/\/shanghepanel.com\/wp-content\/uploads\/2024\/06\/WPC-sj-1.jpg","width":800,"height":800},{"@type":"BreadcrumbList","@id":"https:\/\/shanghepanel.com\/product\/wpc-exterior-wall-facade-panels\/#breadcrumb","itemListElement":[{"@type":"ListItem","position":1,"name":"\u9996\u9875","item":"https:\/\/shanghepanel.com\/en\/"},{"@type":"ListItem","position":2,"name":"\u4ea7\u54c1","item":"https:\/\/shanghepanel.com\/index.php\/shop\/"},{"@type":"ListItem","position":3,"name":"WPC Exterior Wall Facade Panels"}]},{"@type":"WebSite","@id":"https:\/\/shanghepanel.com\/#website","url":"https:\/\/shanghepanel.com\/","name":"shanghepanel.com","description":"","publisher":{"@id":"https:\/\/shanghepanel.com\/#organization"},"potentialAction":[{"@type":"SearchAction","target":{"@type":"EntryPoint","urlTemplate":"https:\/\/shanghepanel.com\/?s={search_term_string}"},"query-input":{"@type":"PropertyValueSpecification","valueRequired":true,"valueName":"search_term_string"}}],"inLanguage":"pt-BR"},{"@type":"Organization","@id":"https:\/\/shanghepanel.com\/#organization","name":"Shandong ShangHe Engenharia de Constru\u00e7\u00e3o Nova Ltda.","url":"https:\/\/shanghepanel.com\/","logo":{"@type":"ImageObject","inLanguage":"pt-BR","@id":"https:\/\/shanghepanel.com\/#\/schema\/logo\/image\/","url":"https:\/\/shanghepanel.com\/wp-content\/uploads\/2024\/03\/logo-1.png","contentUrl":"https:\/\/shanghepanel.com\/wp-content\/uploads\/2024\/03\/logo-1.png","width":800,"height":800,"caption":"Shandong ShangHe New Construction Engineering Co., ltd."},"image":{"@id":"https:\/\/shanghepanel.com\/#\/schema\/logo\/image\/"}}]}},"_links":{"self":[{"href":"https:\/\/shanghepanel.com\/pt\/wp-json\/wp\/v2\/product\/1776","targetHints":{"allow":["GET"]}}],"collection":[{"href":"https:\/\/shanghepanel.com\/pt\/wp-json\/wp\/v2\/product"}],"about":[{"href":"https:\/\/shanghepanel.com\/pt\/wp-json\/wp\/v2\/types\/product"}],"replies":[{"embeddable":true,"href":"https:\/\/shanghepanel.com\/pt\/wp-json\/wp\/v2\/comments?post=1776"}],"version-history":[{"count":0,"href":"https:\/\/shanghepanel.com\/pt\/wp-json\/wp\/v2\/product\/1776\/revisions"}],"wp:featuredmedia":[{"embeddable":true,"href":"https:\/\/shanghepanel.com\/pt\/wp-json\/wp\/v2\/media\/1777"}],"wp:attachment":[{"href":"https:\/\/shanghepanel.com\/pt\/wp-json\/wp\/v2\/media?parent=1776"}],"wp:term":[{"taxonomy":"product_brand","embeddable":true,"href":"https:\/\/shanghepanel.com\/pt\/wp-json\/wp\/v2\/product_brand?post=1776"},{"taxonomy":"product_cat","embeddable":true,"href":"https:\/\/shanghepanel.com\/pt\/wp-json\/wp\/v2\/product_cat?post=1776"},{"taxonomy":"product_tag","embeddable":true,"href":"https:\/\/shanghepanel.com\/pt\/wp-json\/wp\/v2\/product_tag?post=1776"}],"curies":[{"name":"wp","href":"https:\/\/api.w.org\/{rel}","templated":true}]}}