{"id":3713,"date":"2024-07-31T10:41:42","date_gmt":"2024-07-31T02:41:42","guid":{"rendered":"https:\/\/shanghepanel.com\/?post_type=product&#038;p=3713"},"modified":"2025-06-05T14:09:40","modified_gmt":"2025-06-05T06:09:40","slug":"polyurethane-wall-panels","status":"publish","type":"product","link":"https:\/\/shanghepanel.com\/pt\/product\/polyurethane-wall-panels\/","title":{"rendered":"Pain\u00e9is de Parede de Poliuretano"},"content":{"rendered":"<div data-elementor-type=\"product-post\" data-elementor-id=\"3713\" class=\"elementor elementor-3713\" data-elementor-post-type=\"product\">\n\t\t\t\t<div class=\"elementor-element elementor-element-5cc123c3 e-flex e-con-boxed e-con e-parent\" data-id=\"5cc123c3\" data-element_type=\"container\">\n\t\t\t\t\t<div class=\"e-con-inner\">\n\t\t\t\t<div class=\"elementor-element elementor-element-666ae6d0 elementor-widget elementor-widget-text-editor\" data-id=\"666ae6d0\" data-element_type=\"widget\" data-widget_type=\"text-editor.default\">\n\t\t\t\t<div class=\"elementor-widget-container\">\n\t\t\t\t\t\t\t\t\t<h2>Introdu\u00e7\u00e3o aos Pain\u00e9is de Parede de Poliuretano<\/h2>\nOs pain\u00e9is de parede de poliuretano s\u00e3o projetados para fornecer isolamento t\u00e9rmico excepcional, reduzindo significativamente o consumo de energia e melhorando o conforto interno. Esses pain\u00e9is s\u00e3o uma excelente escolha para aplica\u00e7\u00f5es residenciais e comerciais.\n<h2>Propriedades de Isolamento T\u00e9rmico<\/h2>\nA alta densidade e a estrutura de c\u00e9lula fechada dos pain\u00e9is de parede de poliuretano garantem desempenho t\u00e9rmico m\u00e1ximo. Esse design avan\u00e7ado minimiza a transfer\u00eancia de calor, ajudando a manter uma temperatura interna consistente e reduzindo a necessidade de aquecimento ou resfriamento adicionais.\n<h2>Capacidades de isolamento ac\u00fastico<\/h2>\nAl\u00e9m dos benef\u00edcios t\u00e9rmicos, os pain\u00e9is de parede de poliuretano oferecem excelente isolamento ac\u00fastico. A estrutura densa de c\u00e9lula fechada atua como uma barreira formid\u00e1vel contra o ru\u00eddo, tornando esses pain\u00e9is ideais para ambientes onde a redu\u00e7\u00e3o de som \u00e9 crucial, como est\u00fadios de grava\u00e7\u00e3o, escrit\u00f3rios e resid\u00eancias.\t\t\t\t\t\t\t\t<\/div>\n\t\t\t\t<\/div>\n\t\t\t\t\t<\/div>\n\t\t\t\t<\/div>\n\t\t\t\t<\/div>","protected":false},"excerpt":{"rendered":"<p><strong>Eleve seus projetos de constru\u00e7\u00e3o com nossos pain\u00e9is de parede de poliuretano de alto desempenho.<\/strong><\/p>\n<p>Experimente isolamento, isolamento ac\u00fastico e durabilidade incompar\u00e1veis. Nossos pain\u00e9is s\u00e3o projetados para atender aos c\u00f3digos e padr\u00f5es de constru\u00e7\u00e3o mais exigentes.<\/p>\n<p><strong>Pain\u00e9is de parede de poliuretano ecol\u00f3gicos<\/strong> combinam isolamento superior com sustentabilidade. Feitos de materiais reciclados e livres de produtos qu\u00edmicos nocivos, eles contribuem para um ambiente mais saud\u00e1vel e mais verde.<\/p>","protected":false},"featured_media":1051,"comment_status":"open","ping_status":"closed","template":"","meta":[],"product_brand":[],"product_cat":[31],"product_tag":[30,32,29],"class_list":{"0":"post-3713","1":"product","2":"type-product","3":"status-publish","4":"has-post-thumbnail","6":"product_cat-pu","7":"product_tag-insulation-board","8":"product_tag-pu","9":"product_tag-wall-board","11":"first","12":"instock","13":"shipping-taxable","14":"product-type-simple"},"yoast_head":"<!-- This site is optimized with the Yoast SEO plugin v24.2 - https:\/\/yoast.com\/wordpress\/plugins\/seo\/ -->\n<title>Polyurethane Wall Panels - Shang He Sandwich Panel<\/title>\n<meta name=\"description\" content=\"Polyurethane wall panels offer superior insulation, soundproofing, and durability. Ideal for a wide range of applications\" \/>\n<meta name=\"robots\" content=\"index, follow, max-snippet:-1, max-image-preview:large, max-video-preview:-1\" \/>\n<link rel=\"canonical\" href=\"https:\/\/shanghepanel.com\/pt\/product\/polyurethane-wall-panels\/\" \/>\n<meta property=\"og:locale\" content=\"pt_BR\" \/>\n<meta property=\"og:type\" content=\"article\" \/>\n<meta property=\"og:title\" content=\"Polyurethane Wall Panels - Shang He Sandwich Panel\" \/>\n<meta property=\"og:description\" content=\"Polyurethane wall panels offer superior insulation, soundproofing, and durability. Ideal for a wide range of applications\" \/>\n<meta property=\"og:url\" content=\"https:\/\/shanghepanel.com\/pt\/product\/polyurethane-wall-panels\/\" \/>\n<meta property=\"og:site_name\" content=\"Shang He Sandwich Panel\" \/>\n<meta property=\"article:modified_time\" content=\"2025-06-05T06:09:40+00:00\" \/>\n<meta property=\"og:image\" content=\"https:\/\/shanghepanel.com\/wp-content\/uploads\/2024\/05\/PU-bd-6.jpg\" \/>\n\t<meta property=\"og:image:width\" content=\"800\" \/>\n\t<meta property=\"og:image:height\" content=\"800\" \/>\n\t<meta property=\"og:image:type\" content=\"image\/jpeg\" \/>\n<meta name=\"twitter:card\" content=\"summary_large_image\" \/>\n<meta name=\"twitter:label1\" content=\"Est. tempo de leitura\" \/>\n\t<meta name=\"twitter:data1\" content=\"1 minuto\" \/>\n<script type=\"application\/ld+json\" class=\"yoast-schema-graph\">{\"@context\":\"https:\/\/schema.org\",\"@graph\":[{\"@type\":\"WebPage\",\"@id\":\"https:\/\/shanghepanel.com\/product\/polyurethane-wall-panels\/\",\"url\":\"https:\/\/shanghepanel.com\/product\/polyurethane-wall-panels\/\",\"name\":\"Polyurethane Wall Panels - Shang He Sandwich Panel\",\"isPartOf\":{\"@id\":\"https:\/\/shanghepanel.com\/#website\"},\"primaryImageOfPage\":{\"@id\":\"https:\/\/shanghepanel.com\/product\/polyurethane-wall-panels\/#primaryimage\"},\"image\":{\"@id\":\"https:\/\/shanghepanel.com\/product\/polyurethane-wall-panels\/#primaryimage\"},\"thumbnailUrl\":\"https:\/\/shanghepanel.com\/wp-content\/uploads\/2024\/05\/PU-bd-6.jpg\",\"datePublished\":\"2024-07-31T02:41:42+00:00\",\"dateModified\":\"2025-06-05T06:09:40+00:00\",\"description\":\"Polyurethane wall panels offer superior insulation, soundproofing, and durability. Ideal for a wide range of applications\",\"breadcrumb\":{\"@id\":\"https:\/\/shanghepanel.com\/product\/polyurethane-wall-panels\/#breadcrumb\"},\"inLanguage\":\"pt-BR\",\"potentialAction\":[{\"@type\":\"ReadAction\",\"target\":[\"https:\/\/shanghepanel.com\/product\/polyurethane-wall-panels\/\"]}]},{\"@type\":\"ImageObject\",\"inLanguage\":\"pt-BR\",\"@id\":\"https:\/\/shanghepanel.com\/product\/polyurethane-wall-panels\/#primaryimage\",\"url\":\"https:\/\/shanghepanel.com\/wp-content\/uploads\/2024\/05\/PU-bd-6.jpg\",\"contentUrl\":\"https:\/\/shanghepanel.com\/wp-content\/uploads\/2024\/05\/PU-bd-6.jpg\",\"width\":800,\"height\":800},{\"@type\":\"BreadcrumbList\",\"@id\":\"https:\/\/shanghepanel.com\/product\/polyurethane-wall-panels\/#breadcrumb\",\"itemListElement\":[{\"@type\":\"ListItem\",\"position\":1,\"name\":\"\u9996\u9875\",\"item\":\"https:\/\/shanghepanel.com\/en\/\"},{\"@type\":\"ListItem\",\"position\":2,\"name\":\"\u4ea7\u54c1\",\"item\":\"https:\/\/shanghepanel.com\/index.php\/shop\/\"},{\"@type\":\"ListItem\",\"position\":3,\"name\":\"Polyurethane Wall Panels\"}]},{\"@type\":\"WebSite\",\"@id\":\"https:\/\/shanghepanel.com\/#website\",\"url\":\"https:\/\/shanghepanel.com\/\",\"name\":\"shanghepanel.com\",\"description\":\"\",\"publisher\":{\"@id\":\"https:\/\/shanghepanel.com\/#organization\"},\"potentialAction\":[{\"@type\":\"SearchAction\",\"target\":{\"@type\":\"EntryPoint\",\"urlTemplate\":\"https:\/\/shanghepanel.com\/?s={search_term_string}\"},\"query-input\":{\"@type\":\"PropertyValueSpecification\",\"valueRequired\":true,\"valueName\":\"search_term_string\"}}],\"inLanguage\":\"pt-BR\"},{\"@type\":\"Organization\",\"@id\":\"https:\/\/shanghepanel.com\/#organization\",\"name\":\"Shandong ShangHe New Construction Engineering Co., ltd.\",\"url\":\"https:\/\/shanghepanel.com\/\",\"logo\":{\"@type\":\"ImageObject\",\"inLanguage\":\"pt-BR\",\"@id\":\"https:\/\/shanghepanel.com\/#\/schema\/logo\/image\/\",\"url\":\"https:\/\/shanghepanel.com\/wp-content\/uploads\/2024\/03\/logo-1.png\",\"contentUrl\":\"https:\/\/shanghepanel.com\/wp-content\/uploads\/2024\/03\/logo-1.png\",\"width\":800,\"height\":800,\"caption\":\"Shandong ShangHe New Construction Engineering Co., ltd.\"},\"image\":{\"@id\":\"https:\/\/shanghepanel.com\/#\/schema\/logo\/image\/\"}}]}<\/script>\n<!-- \/ Yoast SEO plugin. -->","yoast_head_json":{"title":"Pain\u00e9is de Parede de Poliuretano - Painel Sandu\u00edche Shang He","description":"Pain\u00e9is de parede de poliuretano oferecem isolamento superior, isolamento ac\u00fastico e durabilidade. Ideais para uma ampla gama de aplica\u00e7\u00f5es","robots":{"index":"index","follow":"follow","max-snippet":"max-snippet:-1","max-image-preview":"max-image-preview:large","max-video-preview":"max-video-preview:-1"},"canonical":"https:\/\/shanghepanel.com\/pt\/product\/polyurethane-wall-panels\/","og_locale":"pt_BR","og_type":"article","og_title":"Polyurethane Wall Panels - Shang He Sandwich Panel","og_description":"Polyurethane wall panels offer superior insulation, soundproofing, and durability. Ideal for a wide range of applications","og_url":"https:\/\/shanghepanel.com\/pt\/product\/polyurethane-wall-panels\/","og_site_name":"Shang He Sandwich Panel","article_modified_time":"2025-06-05T06:09:40+00:00","og_image":[{"width":800,"height":800,"url":"https:\/\/shanghepanel.com\/wp-content\/uploads\/2024\/05\/PU-bd-6.jpg","type":"image\/jpeg"}],"twitter_card":"summary_large_image","twitter_misc":{"Est. tempo de leitura":"1 minuto"},"schema":{"@context":"https:\/\/schema.org","@graph":[{"@type":"WebPage","@id":"https:\/\/shanghepanel.com\/product\/polyurethane-wall-panels\/","url":"https:\/\/shanghepanel.com\/product\/polyurethane-wall-panels\/","name":"Pain\u00e9is de Parede de Poliuretano - Painel Sandu\u00edche Shang He","isPartOf":{"@id":"https:\/\/shanghepanel.com\/#website"},"primaryImageOfPage":{"@id":"https:\/\/shanghepanel.com\/product\/polyurethane-wall-panels\/#primaryimage"},"image":{"@id":"https:\/\/shanghepanel.com\/product\/polyurethane-wall-panels\/#primaryimage"},"thumbnailUrl":"https:\/\/shanghepanel.com\/wp-content\/uploads\/2024\/05\/PU-bd-6.jpg","datePublished":"2024-07-31T02:41:42+00:00","dateModified":"2025-06-05T06:09:40+00:00","description":"Pain\u00e9is de parede de poliuretano oferecem isolamento superior, isolamento ac\u00fastico e durabilidade. Ideais para uma ampla gama de aplica\u00e7\u00f5es","breadcrumb":{"@id":"https:\/\/shanghepanel.com\/product\/polyurethane-wall-panels\/#breadcrumb"},"inLanguage":"pt-BR","potentialAction":[{"@type":"ReadAction","target":["https:\/\/shanghepanel.com\/product\/polyurethane-wall-panels\/"]}]},{"@type":"ImageObject","inLanguage":"pt-BR","@id":"https:\/\/shanghepanel.com\/product\/polyurethane-wall-panels\/#primaryimage","url":"https:\/\/shanghepanel.com\/wp-content\/uploads\/2024\/05\/PU-bd-6.jpg","contentUrl":"https:\/\/shanghepanel.com\/wp-content\/uploads\/2024\/05\/PU-bd-6.jpg","width":800,"height":800},{"@type":"BreadcrumbList","@id":"https:\/\/shanghepanel.com\/product\/polyurethane-wall-panels\/#breadcrumb","itemListElement":[{"@type":"ListItem","position":1,"name":"\u9996\u9875","item":"https:\/\/shanghepanel.com\/en\/"},{"@type":"ListItem","position":2,"name":"\u4ea7\u54c1","item":"https:\/\/shanghepanel.com\/index.php\/shop\/"},{"@type":"ListItem","position":3,"name":"Polyurethane Wall Panels"}]},{"@type":"WebSite","@id":"https:\/\/shanghepanel.com\/#website","url":"https:\/\/shanghepanel.com\/","name":"shanghepanel.com","description":"","publisher":{"@id":"https:\/\/shanghepanel.com\/#organization"},"potentialAction":[{"@type":"SearchAction","target":{"@type":"EntryPoint","urlTemplate":"https:\/\/shanghepanel.com\/?s={search_term_string}"},"query-input":{"@type":"PropertyValueSpecification","valueRequired":true,"valueName":"search_term_string"}}],"inLanguage":"pt-BR"},{"@type":"Organization","@id":"https:\/\/shanghepanel.com\/#organization","name":"Shandong ShangHe Engenharia de Constru\u00e7\u00e3o Nova Ltda.","url":"https:\/\/shanghepanel.com\/","logo":{"@type":"ImageObject","inLanguage":"pt-BR","@id":"https:\/\/shanghepanel.com\/#\/schema\/logo\/image\/","url":"https:\/\/shanghepanel.com\/wp-content\/uploads\/2024\/03\/logo-1.png","contentUrl":"https:\/\/shanghepanel.com\/wp-content\/uploads\/2024\/03\/logo-1.png","width":800,"height":800,"caption":"Shandong ShangHe New Construction Engineering Co., ltd."},"image":{"@id":"https:\/\/shanghepanel.com\/#\/schema\/logo\/image\/"}}]}},"_links":{"self":[{"href":"https:\/\/shanghepanel.com\/pt\/wp-json\/wp\/v2\/product\/3713","targetHints":{"allow":["GET"]}}],"collection":[{"href":"https:\/\/shanghepanel.com\/pt\/wp-json\/wp\/v2\/product"}],"about":[{"href":"https:\/\/shanghepanel.com\/pt\/wp-json\/wp\/v2\/types\/product"}],"replies":[{"embeddable":true,"href":"https:\/\/shanghepanel.com\/pt\/wp-json\/wp\/v2\/comments?post=3713"}],"version-history":[{"count":0,"href":"https:\/\/shanghepanel.com\/pt\/wp-json\/wp\/v2\/product\/3713\/revisions"}],"wp:featuredmedia":[{"embeddable":true,"href":"https:\/\/shanghepanel.com\/pt\/wp-json\/wp\/v2\/media\/1051"}],"wp:attachment":[{"href":"https:\/\/shanghepanel.com\/pt\/wp-json\/wp\/v2\/media?parent=3713"}],"wp:term":[{"taxonomy":"product_brand","embeddable":true,"href":"https:\/\/shanghepanel.com\/pt\/wp-json\/wp\/v2\/product_brand?post=3713"},{"taxonomy":"product_cat","embeddable":true,"href":"https:\/\/shanghepanel.com\/pt\/wp-json\/wp\/v2\/product_cat?post=3713"},{"taxonomy":"product_tag","embeddable":true,"href":"https:\/\/shanghepanel.com\/pt\/wp-json\/wp\/v2\/product_tag?post=3713"}],"curies":[{"name":"wp","href":"https:\/\/api.w.org\/{rel}","templated":true}]}}