{"id":3726,"date":"2024-07-31T11:13:38","date_gmt":"2024-07-31T03:13:38","guid":{"rendered":"https:\/\/shanghepanel.com\/?post_type=product&#038;p=3726"},"modified":"2025-06-05T14:09:25","modified_gmt":"2025-06-05T06:09:25","slug":"pur-roof-panels","status":"publish","type":"product","link":"https:\/\/shanghepanel.com\/pt\/product\/pur-roof-panels\/","title":{"rendered":"Pain\u00e9is de Telhado Pur"},"content":{"rendered":"<p>Pain\u00e9is de telhado PUR usam tecnologia avan\u00e7ada de espuma de poliuretano para fornecer excelente isolamento t\u00e9rmico e reduzir efetivamente o consumo de energia. Sua estrutura de c\u00e9lulas fechadas de alta densidade o torna extremamente imperme\u00e1vel e ac\u00fastico.<\/p>\n<p>Pain\u00e9is de telhado PUR s\u00e3o amplamente utilizados em telhados de edif\u00edcios industriais, comerciais e civis. Seja em uma constru\u00e7\u00e3o nova ou na renova\u00e7\u00e3o de um edif\u00edcio antigo, pode oferecer uma solu\u00e7\u00e3o de cobertura eficiente e econ\u00f4mica em termos de energia.<\/p>","protected":false},"excerpt":{"rendered":"<p>Pain\u00e9is de telhado PUR s\u00e3o um material de cobertura ecol\u00f3gico feito de materiais recicl\u00e1veis, e o processo de produ\u00e7\u00e3o atende aos padr\u00f5es ambientais.<\/p>\n<p>Escolha pain\u00e9is de telhado PUR para adicionar uma camada s\u00f3lida de prote\u00e7\u00e3o ao seu edif\u00edcio. Nossos pain\u00e9is de telhado PUR n\u00e3o apenas possuem excelentes propriedades de isolamento t\u00e9rmico e impermeabilidade, mas tamb\u00e9m t\u00eam as vantagens de serem leves e f\u00e1ceis de instalar, tornando-os uma escolha ideal para edif\u00edcios modernos.<\/p>\n<p>Tamanho e espessura: Especifique os tamanhos e espessuras dispon\u00edveis para atender \u00e0s diferentes necessidades do projeto.<br \/>\nTratamento de superf\u00edcie: Mencione quaisquer tratamentos ou revestimentos de superf\u00edcie dispon\u00edveis, como texturizado, liso ou resistente ao fogo.<br \/>\nOp\u00e7\u00f5es de cores: Enfatize as cores ou padr\u00f5es dispon\u00edveis para combinar com diferentes est\u00e9ticas de design.<br \/>\nM\u00e9todo de instala\u00e7\u00e3o: Descreva a facilidade de instala\u00e7\u00e3o e quaisquer ferramentas ou equipamentos especiais necess\u00e1rios.<br \/>\nResist\u00eancia ao fogo: Se seus pain\u00e9is forem resistentes ao fogo, destaque essa caracter\u00edstica.<br \/>\nResist\u00eancia \u00e0s intemp\u00e9ries: refere-se \u00e0 resist\u00eancia do painel \u00e0 umidade, raios UV e outros fatores ambientais.<\/p>","protected":false},"featured_media":1055,"comment_status":"open","ping_status":"closed","template":"","meta":[],"product_brand":[],"product_cat":[31],"product_tag":[32,47],"class_list":{"0":"post-3726","1":"product","2":"type-product","3":"status-publish","4":"has-post-thumbnail","6":"product_cat-pu","7":"product_tag-pu","8":"product_tag-roof","10":"first","11":"instock","12":"shipping-taxable","13":"product-type-simple"},"yoast_head":"<!-- This site is optimized with the Yoast SEO plugin v24.2 - https:\/\/yoast.com\/wordpress\/plugins\/seo\/ -->\n<title>Pur Roof Panels - Shang He Sandwich Panel<\/title>\n<meta name=\"description\" content=\"PUR roof panels have excellent thermal insulation, waterproof and weather resistance, suitable for various building roofs\" \/>\n<meta name=\"robots\" content=\"index, follow, max-snippet:-1, max-image-preview:large, max-video-preview:-1\" \/>\n<link rel=\"canonical\" href=\"https:\/\/shanghepanel.com\/pt\/product\/pur-roof-panels\/\" \/>\n<meta property=\"og:locale\" content=\"pt_BR\" \/>\n<meta property=\"og:type\" content=\"article\" \/>\n<meta property=\"og:title\" content=\"Pur Roof Panels - Shang He Sandwich Panel\" \/>\n<meta property=\"og:description\" content=\"PUR roof panels have excellent thermal insulation, waterproof and weather resistance, suitable for various building roofs\" \/>\n<meta property=\"og:url\" content=\"https:\/\/shanghepanel.com\/pt\/product\/pur-roof-panels\/\" \/>\n<meta property=\"og:site_name\" content=\"Shang He Sandwich Panel\" \/>\n<meta property=\"article:modified_time\" content=\"2025-06-05T06:09:25+00:00\" \/>\n<meta property=\"og:image\" content=\"https:\/\/shanghepanel.com\/wp-content\/uploads\/2024\/05\/PU-bd-165.jpg\" \/>\n\t<meta property=\"og:image:width\" content=\"800\" \/>\n\t<meta property=\"og:image:height\" content=\"800\" \/>\n\t<meta property=\"og:image:type\" content=\"image\/jpeg\" \/>\n<meta name=\"twitter:card\" content=\"summary_large_image\" \/>\n<meta name=\"twitter:label1\" content=\"Est. tempo de leitura\" \/>\n\t<meta name=\"twitter:data1\" content=\"1 minuto\" \/>\n<script type=\"application\/ld+json\" class=\"yoast-schema-graph\">{\"@context\":\"https:\/\/schema.org\",\"@graph\":[{\"@type\":\"WebPage\",\"@id\":\"https:\/\/shanghepanel.com\/product\/pur-roof-panels\/\",\"url\":\"https:\/\/shanghepanel.com\/product\/pur-roof-panels\/\",\"name\":\"Pur Roof Panels - Shang He Sandwich Panel\",\"isPartOf\":{\"@id\":\"https:\/\/shanghepanel.com\/#website\"},\"primaryImageOfPage\":{\"@id\":\"https:\/\/shanghepanel.com\/product\/pur-roof-panels\/#primaryimage\"},\"image\":{\"@id\":\"https:\/\/shanghepanel.com\/product\/pur-roof-panels\/#primaryimage\"},\"thumbnailUrl\":\"https:\/\/shanghepanel.com\/wp-content\/uploads\/2024\/05\/PU-bd-165.jpg\",\"datePublished\":\"2024-07-31T03:13:38+00:00\",\"dateModified\":\"2025-06-05T06:09:25+00:00\",\"description\":\"PUR roof panels have excellent thermal insulation, waterproof and weather resistance, suitable for various building roofs\",\"breadcrumb\":{\"@id\":\"https:\/\/shanghepanel.com\/product\/pur-roof-panels\/#breadcrumb\"},\"inLanguage\":\"pt-BR\",\"potentialAction\":[{\"@type\":\"ReadAction\",\"target\":[\"https:\/\/shanghepanel.com\/product\/pur-roof-panels\/\"]}]},{\"@type\":\"ImageObject\",\"inLanguage\":\"pt-BR\",\"@id\":\"https:\/\/shanghepanel.com\/product\/pur-roof-panels\/#primaryimage\",\"url\":\"https:\/\/shanghepanel.com\/wp-content\/uploads\/2024\/05\/PU-bd-165.jpg\",\"contentUrl\":\"https:\/\/shanghepanel.com\/wp-content\/uploads\/2024\/05\/PU-bd-165.jpg\",\"width\":800,\"height\":800},{\"@type\":\"BreadcrumbList\",\"@id\":\"https:\/\/shanghepanel.com\/product\/pur-roof-panels\/#breadcrumb\",\"itemListElement\":[{\"@type\":\"ListItem\",\"position\":1,\"name\":\"\u9996\u9875\",\"item\":\"https:\/\/shanghepanel.com\/en\/\"},{\"@type\":\"ListItem\",\"position\":2,\"name\":\"\u4ea7\u54c1\",\"item\":\"https:\/\/shanghepanel.com\/index.php\/shop\/\"},{\"@type\":\"ListItem\",\"position\":3,\"name\":\"Pur Roof Panels\"}]},{\"@type\":\"WebSite\",\"@id\":\"https:\/\/shanghepanel.com\/#website\",\"url\":\"https:\/\/shanghepanel.com\/\",\"name\":\"shanghepanel.com\",\"description\":\"\",\"publisher\":{\"@id\":\"https:\/\/shanghepanel.com\/#organization\"},\"potentialAction\":[{\"@type\":\"SearchAction\",\"target\":{\"@type\":\"EntryPoint\",\"urlTemplate\":\"https:\/\/shanghepanel.com\/?s={search_term_string}\"},\"query-input\":{\"@type\":\"PropertyValueSpecification\",\"valueRequired\":true,\"valueName\":\"search_term_string\"}}],\"inLanguage\":\"pt-BR\"},{\"@type\":\"Organization\",\"@id\":\"https:\/\/shanghepanel.com\/#organization\",\"name\":\"Shandong ShangHe New Construction Engineering Co., ltd.\",\"url\":\"https:\/\/shanghepanel.com\/\",\"logo\":{\"@type\":\"ImageObject\",\"inLanguage\":\"pt-BR\",\"@id\":\"https:\/\/shanghepanel.com\/#\/schema\/logo\/image\/\",\"url\":\"https:\/\/shanghepanel.com\/wp-content\/uploads\/2024\/03\/logo-1.png\",\"contentUrl\":\"https:\/\/shanghepanel.com\/wp-content\/uploads\/2024\/03\/logo-1.png\",\"width\":800,\"height\":800,\"caption\":\"Shandong ShangHe New Construction Engineering Co., ltd.\"},\"image\":{\"@id\":\"https:\/\/shanghepanel.com\/#\/schema\/logo\/image\/\"}}]}<\/script>\n<!-- \/ Yoast SEO plugin. -->","yoast_head_json":{"title":"Pain\u00e9is de Telhado Pur - Painel Sandwich Shang He","description":"Pain\u00e9is de telhado PUR possuem excelente isolamento t\u00e9rmico, impermeabilidade e resist\u00eancia \u00e0s intemp\u00e9ries, sendo adequados para diversos tipos de telhados de edif\u00edcios","robots":{"index":"index","follow":"follow","max-snippet":"max-snippet:-1","max-image-preview":"max-image-preview:large","max-video-preview":"max-video-preview:-1"},"canonical":"https:\/\/shanghepanel.com\/pt\/product\/pur-roof-panels\/","og_locale":"pt_BR","og_type":"article","og_title":"Pur Roof Panels - Shang He Sandwich Panel","og_description":"PUR roof panels have excellent thermal insulation, waterproof and weather resistance, suitable for various building roofs","og_url":"https:\/\/shanghepanel.com\/pt\/product\/pur-roof-panels\/","og_site_name":"Shang He Sandwich Panel","article_modified_time":"2025-06-05T06:09:25+00:00","og_image":[{"width":800,"height":800,"url":"https:\/\/shanghepanel.com\/wp-content\/uploads\/2024\/05\/PU-bd-165.jpg","type":"image\/jpeg"}],"twitter_card":"summary_large_image","twitter_misc":{"Est. tempo de leitura":"1 minuto"},"schema":{"@context":"https:\/\/schema.org","@graph":[{"@type":"WebPage","@id":"https:\/\/shanghepanel.com\/product\/pur-roof-panels\/","url":"https:\/\/shanghepanel.com\/product\/pur-roof-panels\/","name":"Pain\u00e9is de Telhado Pur - Painel Sandwich Shang He","isPartOf":{"@id":"https:\/\/shanghepanel.com\/#website"},"primaryImageOfPage":{"@id":"https:\/\/shanghepanel.com\/product\/pur-roof-panels\/#primaryimage"},"image":{"@id":"https:\/\/shanghepanel.com\/product\/pur-roof-panels\/#primaryimage"},"thumbnailUrl":"https:\/\/shanghepanel.com\/wp-content\/uploads\/2024\/05\/PU-bd-165.jpg","datePublished":"2024-07-31T03:13:38+00:00","dateModified":"2025-06-05T06:09:25+00:00","description":"Pain\u00e9is de telhado PUR possuem excelente isolamento t\u00e9rmico, impermeabilidade e resist\u00eancia \u00e0s intemp\u00e9ries, sendo adequados para diversos tipos de telhados de edif\u00edcios","breadcrumb":{"@id":"https:\/\/shanghepanel.com\/product\/pur-roof-panels\/#breadcrumb"},"inLanguage":"pt-BR","potentialAction":[{"@type":"ReadAction","target":["https:\/\/shanghepanel.com\/product\/pur-roof-panels\/"]}]},{"@type":"ImageObject","inLanguage":"pt-BR","@id":"https:\/\/shanghepanel.com\/product\/pur-roof-panels\/#primaryimage","url":"https:\/\/shanghepanel.com\/wp-content\/uploads\/2024\/05\/PU-bd-165.jpg","contentUrl":"https:\/\/shanghepanel.com\/wp-content\/uploads\/2024\/05\/PU-bd-165.jpg","width":800,"height":800},{"@type":"BreadcrumbList","@id":"https:\/\/shanghepanel.com\/product\/pur-roof-panels\/#breadcrumb","itemListElement":[{"@type":"ListItem","position":1,"name":"\u9996\u9875","item":"https:\/\/shanghepanel.com\/en\/"},{"@type":"ListItem","position":2,"name":"\u4ea7\u54c1","item":"https:\/\/shanghepanel.com\/index.php\/shop\/"},{"@type":"ListItem","position":3,"name":"Pur Roof Panels"}]},{"@type":"WebSite","@id":"https:\/\/shanghepanel.com\/#website","url":"https:\/\/shanghepanel.com\/","name":"shanghepanel.com","description":"","publisher":{"@id":"https:\/\/shanghepanel.com\/#organization"},"potentialAction":[{"@type":"SearchAction","target":{"@type":"EntryPoint","urlTemplate":"https:\/\/shanghepanel.com\/?s={search_term_string}"},"query-input":{"@type":"PropertyValueSpecification","valueRequired":true,"valueName":"search_term_string"}}],"inLanguage":"pt-BR"},{"@type":"Organization","@id":"https:\/\/shanghepanel.com\/#organization","name":"Shandong ShangHe Engenharia de Constru\u00e7\u00e3o Nova Ltda.","url":"https:\/\/shanghepanel.com\/","logo":{"@type":"ImageObject","inLanguage":"pt-BR","@id":"https:\/\/shanghepanel.com\/#\/schema\/logo\/image\/","url":"https:\/\/shanghepanel.com\/wp-content\/uploads\/2024\/03\/logo-1.png","contentUrl":"https:\/\/shanghepanel.com\/wp-content\/uploads\/2024\/03\/logo-1.png","width":800,"height":800,"caption":"Shandong ShangHe New Construction Engineering Co., ltd."},"image":{"@id":"https:\/\/shanghepanel.com\/#\/schema\/logo\/image\/"}}]}},"_links":{"self":[{"href":"https:\/\/shanghepanel.com\/pt\/wp-json\/wp\/v2\/product\/3726","targetHints":{"allow":["GET"]}}],"collection":[{"href":"https:\/\/shanghepanel.com\/pt\/wp-json\/wp\/v2\/product"}],"about":[{"href":"https:\/\/shanghepanel.com\/pt\/wp-json\/wp\/v2\/types\/product"}],"replies":[{"embeddable":true,"href":"https:\/\/shanghepanel.com\/pt\/wp-json\/wp\/v2\/comments?post=3726"}],"version-history":[{"count":0,"href":"https:\/\/shanghepanel.com\/pt\/wp-json\/wp\/v2\/product\/3726\/revisions"}],"wp:featuredmedia":[{"embeddable":true,"href":"https:\/\/shanghepanel.com\/pt\/wp-json\/wp\/v2\/media\/1055"}],"wp:attachment":[{"href":"https:\/\/shanghepanel.com\/pt\/wp-json\/wp\/v2\/media?parent=3726"}],"wp:term":[{"taxonomy":"product_brand","embeddable":true,"href":"https:\/\/shanghepanel.com\/pt\/wp-json\/wp\/v2\/product_brand?post=3726"},{"taxonomy":"product_cat","embeddable":true,"href":"https:\/\/shanghepanel.com\/pt\/wp-json\/wp\/v2\/product_cat?post=3726"},{"taxonomy":"product_tag","embeddable":true,"href":"https:\/\/shanghepanel.com\/pt\/wp-json\/wp\/v2\/product_tag?post=3726"}],"curies":[{"name":"wp","href":"https:\/\/api.w.org\/{rel}","templated":true}]}}