{"id":3728,"date":"2024-07-31T11:27:56","date_gmt":"2024-07-31T03:27:56","guid":{"rendered":"https:\/\/shanghepanel.com\/?post_type=product&#038;p=3728"},"modified":"2025-06-05T14:09:14","modified_gmt":"2025-06-05T06:09:14","slug":"glass-fiber-rock-wool-wall-panels","status":"publish","type":"product","link":"https:\/\/shanghepanel.com\/pt\/product\/glass-fiber-rock-wool-wall-panels\/","title":{"rendered":"Pain\u00e9is de Parede de Fibra de Vidro e L\u00e3 de Rocha"},"content":{"rendered":"<p>Pain\u00e9is de Parede de L\u00e3 de Rocha de Fibra de Vidro s\u00e3o feitos de l\u00e3 de rocha natural, que possui excelente desempenho de isolamento t\u00e9rmico e pode reduzir efetivamente o consumo de energia. Sua estrutura porosa confere-lhe excelente efeito de absor\u00e7\u00e3o sonora, proporcionando um ambiente interno silencioso e confort\u00e1vel. Ao mesmo tempo, o produto tamb\u00e9m possui excelente resist\u00eancia ao fogo, podendo retardar a chama de forma eficaz e proteger a seguran\u00e7a de vidas e bens.<\/p>\n<p>Pain\u00e9is de Parede de L\u00e3 de Rocha de Fibra de Vidro s\u00e3o adequados para paredes externas e internas de diversos edif\u00edcios, incluindo f\u00e1bricas industriais, edif\u00edcios comerciais, residenciais, etc. O produto pode melhorar efetivamente o desempenho de isolamento t\u00e9rmico dos edif\u00edcios, reduzir o consumo de energia e melhorar o ambiente interno.<\/p>\n<p>Pain\u00e9is de parede de l\u00e3 de rocha de fibra de vidro ecol\u00f3gicos usam l\u00e3 de rocha natural como mat\u00e9ria-prima, e n\u00e3o produzem subst\u00e2ncias nocivas durante o processo de fabrica\u00e7\u00e3o, atendendo aos requisitos de edif\u00edcios verdes. O produto pode reduzir efetivamente o consumo de energia do edif\u00edcio, diminuir as emiss\u00f5es de carbono e contribuir para a prote\u00e7\u00e3o ambiental.<\/p>\n<p>Densidade e espessura: Especifique a densidade e espessura dispon\u00edveis para atender aos diferentes requisitos do projeto.<br \/>\nTratamento de superf\u00edcie: Mencione qualquer tratamento de superf\u00edcie dispon\u00edvel, como revestimento ou lamina\u00e7\u00e3o.<br \/>\nEspecifica\u00e7\u00e3o de tamanho: Descreva o tamanho padr\u00e3o do produto ou a faixa de tamanho personaliz\u00e1vel.<br \/>\nM\u00e9todo de instala\u00e7\u00e3o: Descreva a facilidade de instala\u00e7\u00e3o e as ferramentas necess\u00e1rias.<br \/>\nResist\u00eancia \u00e0 umidade: enfatiza a durabilidade do produto em ambientes \u00famidos.<\/p>","protected":false},"excerpt":{"rendered":"<p>Escolha pain\u00e9is de parede de l\u00e3 de rocha de fibra de vidro para injectar nova vitalidade no seu edif\u00edcio! O produto possui excelente isolamento t\u00e9rmico, isolamento ac\u00fastico e desempenho \u00e0 prova de fogo, que podem n\u00e3o apenas proporcionar um ambiente interno confort\u00e1vel para o edif\u00edcio, mas tamb\u00e9m reduzir efetivamente o consumo de energia e melhorar a durabilidade do edif\u00edcio.<\/p>","protected":false},"featured_media":3733,"comment_status":"open","ping_status":"closed","template":"","meta":[],"product_brand":[],"product_cat":[34,27],"product_tag":[28],"class_list":{"0":"post-3728","1":"product","2":"type-product","3":"status-publish","4":"has-post-thumbnail","6":"product_cat-glass-wool","7":"product_cat-rockwool","8":"product_tag-rock-wool","10":"first","11":"instock","12":"shipping-taxable","13":"product-type-simple"},"yoast_head":"<!-- This site is optimized with the Yoast SEO plugin v24.2 - https:\/\/yoast.com\/wordpress\/plugins\/seo\/ -->\n<title>Glass Fiber Rock Wool Wall Panels - Shang He Sandwich Panel<\/title>\n<meta name=\"description\" content=\"Glass fiber rock wool sandwich wall panels have excellent thermal insulation , sound insulation and fireproof properties.\" \/>\n<meta name=\"robots\" content=\"index, follow, max-snippet:-1, max-image-preview:large, max-video-preview:-1\" \/>\n<link rel=\"canonical\" href=\"https:\/\/shanghepanel.com\/pt\/product\/glass-fiber-rock-wool-wall-panels\/\" \/>\n<meta property=\"og:locale\" content=\"pt_BR\" \/>\n<meta property=\"og:type\" content=\"article\" \/>\n<meta property=\"og:title\" content=\"Glass Fiber Rock Wool Wall Panels - Shang He Sandwich Panel\" \/>\n<meta property=\"og:description\" content=\"Glass fiber rock wool sandwich wall panels have excellent thermal insulation , sound insulation and fireproof properties.\" \/>\n<meta property=\"og:url\" content=\"https:\/\/shanghepanel.com\/pt\/product\/glass-fiber-rock-wool-wall-panels\/\" \/>\n<meta property=\"og:site_name\" content=\"Shang He Sandwich Panel\" \/>\n<meta property=\"article:modified_time\" content=\"2025-06-05T06:09:14+00:00\" \/>\n<meta property=\"og:image\" content=\"https:\/\/shanghepanel.com\/wp-content\/uploads\/2024\/07\/GW-zt-13.jpg\" \/>\n\t<meta property=\"og:image:width\" content=\"800\" \/>\n\t<meta property=\"og:image:height\" content=\"800\" \/>\n\t<meta property=\"og:image:type\" content=\"image\/jpeg\" \/>\n<meta name=\"twitter:card\" content=\"summary_large_image\" \/>\n<meta name=\"twitter:label1\" content=\"Est. tempo de leitura\" \/>\n\t<meta name=\"twitter:data1\" content=\"1 minuto\" \/>\n<script type=\"application\/ld+json\" class=\"yoast-schema-graph\">{\"@context\":\"https:\/\/schema.org\",\"@graph\":[{\"@type\":\"WebPage\",\"@id\":\"https:\/\/shanghepanel.com\/product\/glass-fiber-rock-wool-wall-panels\/\",\"url\":\"https:\/\/shanghepanel.com\/product\/glass-fiber-rock-wool-wall-panels\/\",\"name\":\"Glass Fiber Rock Wool Wall Panels - Shang He Sandwich Panel\",\"isPartOf\":{\"@id\":\"https:\/\/shanghepanel.com\/#website\"},\"primaryImageOfPage\":{\"@id\":\"https:\/\/shanghepanel.com\/product\/glass-fiber-rock-wool-wall-panels\/#primaryimage\"},\"image\":{\"@id\":\"https:\/\/shanghepanel.com\/product\/glass-fiber-rock-wool-wall-panels\/#primaryimage\"},\"thumbnailUrl\":\"https:\/\/shanghepanel.com\/wp-content\/uploads\/2024\/07\/GW-zt-13.jpg\",\"datePublished\":\"2024-07-31T03:27:56+00:00\",\"dateModified\":\"2025-06-05T06:09:14+00:00\",\"description\":\"Glass fiber rock wool sandwich wall panels have excellent thermal insulation , sound insulation and fireproof properties.\",\"breadcrumb\":{\"@id\":\"https:\/\/shanghepanel.com\/product\/glass-fiber-rock-wool-wall-panels\/#breadcrumb\"},\"inLanguage\":\"pt-BR\",\"potentialAction\":[{\"@type\":\"ReadAction\",\"target\":[\"https:\/\/shanghepanel.com\/product\/glass-fiber-rock-wool-wall-panels\/\"]}]},{\"@type\":\"ImageObject\",\"inLanguage\":\"pt-BR\",\"@id\":\"https:\/\/shanghepanel.com\/product\/glass-fiber-rock-wool-wall-panels\/#primaryimage\",\"url\":\"https:\/\/shanghepanel.com\/wp-content\/uploads\/2024\/07\/GW-zt-13.jpg\",\"contentUrl\":\"https:\/\/shanghepanel.com\/wp-content\/uploads\/2024\/07\/GW-zt-13.jpg\",\"width\":800,\"height\":800},{\"@type\":\"BreadcrumbList\",\"@id\":\"https:\/\/shanghepanel.com\/product\/glass-fiber-rock-wool-wall-panels\/#breadcrumb\",\"itemListElement\":[{\"@type\":\"ListItem\",\"position\":1,\"name\":\"\u9996\u9875\",\"item\":\"https:\/\/shanghepanel.com\/en\/\"},{\"@type\":\"ListItem\",\"position\":2,\"name\":\"\u4ea7\u54c1\",\"item\":\"https:\/\/shanghepanel.com\/index.php\/shop\/\"},{\"@type\":\"ListItem\",\"position\":3,\"name\":\"Glass Fiber Rock Wool Wall Panels\"}]},{\"@type\":\"WebSite\",\"@id\":\"https:\/\/shanghepanel.com\/#website\",\"url\":\"https:\/\/shanghepanel.com\/\",\"name\":\"shanghepanel.com\",\"description\":\"\",\"publisher\":{\"@id\":\"https:\/\/shanghepanel.com\/#organization\"},\"potentialAction\":[{\"@type\":\"SearchAction\",\"target\":{\"@type\":\"EntryPoint\",\"urlTemplate\":\"https:\/\/shanghepanel.com\/?s={search_term_string}\"},\"query-input\":{\"@type\":\"PropertyValueSpecification\",\"valueRequired\":true,\"valueName\":\"search_term_string\"}}],\"inLanguage\":\"pt-BR\"},{\"@type\":\"Organization\",\"@id\":\"https:\/\/shanghepanel.com\/#organization\",\"name\":\"Shandong ShangHe New Construction Engineering Co., ltd.\",\"url\":\"https:\/\/shanghepanel.com\/\",\"logo\":{\"@type\":\"ImageObject\",\"inLanguage\":\"pt-BR\",\"@id\":\"https:\/\/shanghepanel.com\/#\/schema\/logo\/image\/\",\"url\":\"https:\/\/shanghepanel.com\/wp-content\/uploads\/2024\/03\/logo-1.png\",\"contentUrl\":\"https:\/\/shanghepanel.com\/wp-content\/uploads\/2024\/03\/logo-1.png\",\"width\":800,\"height\":800,\"caption\":\"Shandong ShangHe New Construction Engineering Co., ltd.\"},\"image\":{\"@id\":\"https:\/\/shanghepanel.com\/#\/schema\/logo\/image\/\"}}]}<\/script>\n<!-- \/ Yoast SEO plugin. -->","yoast_head_json":{"title":"Pain\u00e9is de Parede de L\u00e3 de Rocha de Fibra de Vidro - Painel Sandu\u00edche Shang He","description":"Pain\u00e9is de parede de l\u00e3 de rocha de fibra de vidro com sandu\u00edche possuem excelentes propriedades de isolamento t\u00e9rmico, ac\u00fastico e resist\u00eancia ao fogo.","robots":{"index":"index","follow":"follow","max-snippet":"max-snippet:-1","max-image-preview":"max-image-preview:large","max-video-preview":"max-video-preview:-1"},"canonical":"https:\/\/shanghepanel.com\/pt\/product\/glass-fiber-rock-wool-wall-panels\/","og_locale":"pt_BR","og_type":"article","og_title":"Glass Fiber Rock Wool Wall Panels - Shang He Sandwich Panel","og_description":"Glass fiber rock wool sandwich wall panels have excellent thermal insulation , sound insulation and fireproof properties.","og_url":"https:\/\/shanghepanel.com\/pt\/product\/glass-fiber-rock-wool-wall-panels\/","og_site_name":"Shang He Sandwich Panel","article_modified_time":"2025-06-05T06:09:14+00:00","og_image":[{"width":800,"height":800,"url":"https:\/\/shanghepanel.com\/wp-content\/uploads\/2024\/07\/GW-zt-13.jpg","type":"image\/jpeg"}],"twitter_card":"summary_large_image","twitter_misc":{"Est. tempo de leitura":"1 minuto"},"schema":{"@context":"https:\/\/schema.org","@graph":[{"@type":"WebPage","@id":"https:\/\/shanghepanel.com\/product\/glass-fiber-rock-wool-wall-panels\/","url":"https:\/\/shanghepanel.com\/product\/glass-fiber-rock-wool-wall-panels\/","name":"Pain\u00e9is de Parede de L\u00e3 de Rocha de Fibra de Vidro - Painel Sandu\u00edche Shang He","isPartOf":{"@id":"https:\/\/shanghepanel.com\/#website"},"primaryImageOfPage":{"@id":"https:\/\/shanghepanel.com\/product\/glass-fiber-rock-wool-wall-panels\/#primaryimage"},"image":{"@id":"https:\/\/shanghepanel.com\/product\/glass-fiber-rock-wool-wall-panels\/#primaryimage"},"thumbnailUrl":"https:\/\/shanghepanel.com\/wp-content\/uploads\/2024\/07\/GW-zt-13.jpg","datePublished":"2024-07-31T03:27:56+00:00","dateModified":"2025-06-05T06:09:14+00:00","description":"Pain\u00e9is de parede de l\u00e3 de rocha de fibra de vidro com sandu\u00edche possuem excelentes propriedades de isolamento t\u00e9rmico, ac\u00fastico e resist\u00eancia ao fogo.","breadcrumb":{"@id":"https:\/\/shanghepanel.com\/product\/glass-fiber-rock-wool-wall-panels\/#breadcrumb"},"inLanguage":"pt-BR","potentialAction":[{"@type":"ReadAction","target":["https:\/\/shanghepanel.com\/product\/glass-fiber-rock-wool-wall-panels\/"]}]},{"@type":"ImageObject","inLanguage":"pt-BR","@id":"https:\/\/shanghepanel.com\/product\/glass-fiber-rock-wool-wall-panels\/#primaryimage","url":"https:\/\/shanghepanel.com\/wp-content\/uploads\/2024\/07\/GW-zt-13.jpg","contentUrl":"https:\/\/shanghepanel.com\/wp-content\/uploads\/2024\/07\/GW-zt-13.jpg","width":800,"height":800},{"@type":"BreadcrumbList","@id":"https:\/\/shanghepanel.com\/product\/glass-fiber-rock-wool-wall-panels\/#breadcrumb","itemListElement":[{"@type":"ListItem","position":1,"name":"\u9996\u9875","item":"https:\/\/shanghepanel.com\/en\/"},{"@type":"ListItem","position":2,"name":"\u4ea7\u54c1","item":"https:\/\/shanghepanel.com\/index.php\/shop\/"},{"@type":"ListItem","position":3,"name":"Glass Fiber Rock Wool Wall Panels"}]},{"@type":"WebSite","@id":"https:\/\/shanghepanel.com\/#website","url":"https:\/\/shanghepanel.com\/","name":"shanghepanel.com","description":"","publisher":{"@id":"https:\/\/shanghepanel.com\/#organization"},"potentialAction":[{"@type":"SearchAction","target":{"@type":"EntryPoint","urlTemplate":"https:\/\/shanghepanel.com\/?s={search_term_string}"},"query-input":{"@type":"PropertyValueSpecification","valueRequired":true,"valueName":"search_term_string"}}],"inLanguage":"pt-BR"},{"@type":"Organization","@id":"https:\/\/shanghepanel.com\/#organization","name":"Shandong ShangHe Engenharia de Constru\u00e7\u00e3o Nova Ltda.","url":"https:\/\/shanghepanel.com\/","logo":{"@type":"ImageObject","inLanguage":"pt-BR","@id":"https:\/\/shanghepanel.com\/#\/schema\/logo\/image\/","url":"https:\/\/shanghepanel.com\/wp-content\/uploads\/2024\/03\/logo-1.png","contentUrl":"https:\/\/shanghepanel.com\/wp-content\/uploads\/2024\/03\/logo-1.png","width":800,"height":800,"caption":"Shandong ShangHe New Construction Engineering Co., ltd."},"image":{"@id":"https:\/\/shanghepanel.com\/#\/schema\/logo\/image\/"}}]}},"_links":{"self":[{"href":"https:\/\/shanghepanel.com\/pt\/wp-json\/wp\/v2\/product\/3728","targetHints":{"allow":["GET"]}}],"collection":[{"href":"https:\/\/shanghepanel.com\/pt\/wp-json\/wp\/v2\/product"}],"about":[{"href":"https:\/\/shanghepanel.com\/pt\/wp-json\/wp\/v2\/types\/product"}],"replies":[{"embeddable":true,"href":"https:\/\/shanghepanel.com\/pt\/wp-json\/wp\/v2\/comments?post=3728"}],"version-history":[{"count":0,"href":"https:\/\/shanghepanel.com\/pt\/wp-json\/wp\/v2\/product\/3728\/revisions"}],"wp:featuredmedia":[{"embeddable":true,"href":"https:\/\/shanghepanel.com\/pt\/wp-json\/wp\/v2\/media\/3733"}],"wp:attachment":[{"href":"https:\/\/shanghepanel.com\/pt\/wp-json\/wp\/v2\/media?parent=3728"}],"wp:term":[{"taxonomy":"product_brand","embeddable":true,"href":"https:\/\/shanghepanel.com\/pt\/wp-json\/wp\/v2\/product_brand?post=3728"},{"taxonomy":"product_cat","embeddable":true,"href":"https:\/\/shanghepanel.com\/pt\/wp-json\/wp\/v2\/product_cat?post=3728"},{"taxonomy":"product_tag","embeddable":true,"href":"https:\/\/shanghepanel.com\/pt\/wp-json\/wp\/v2\/product_tag?post=3728"}],"curies":[{"name":"wp","href":"https:\/\/api.w.org\/{rel}","templated":true}]}}