{"id":4898,"date":"2025-05-20T14:26:56","date_gmt":"2025-05-20T06:26:56","guid":{"rendered":"https:\/\/shanghepanel.com\/?post_type=product&#038;p=4898"},"modified":"2025-06-05T14:08:53","modified_gmt":"2025-06-05T06:08:53","slug":"marble-decorative-panels-%e5%a4%8d%e5%88%b6","status":"publish","type":"product","link":"https:\/\/shanghepanel.com\/pt\/product\/marble-decorative-panels-%e5%a4%8d%e5%88%b6\/","title":{"rendered":"Pain\u00e9is Decorativos de M\u00e1rmore-1"},"content":{"rendered":"<div data-elementor-type=\"product-post\" data-elementor-id=\"4898\" class=\"elementor elementor-4898\" data-elementor-post-type=\"product\">\n\t\t\t\t<div class=\"elementor-element elementor-element-4766956a e-flex e-con-boxed e-con e-parent\" data-id=\"4766956a\" data-element_type=\"container\">\n\t\t\t\t\t<div class=\"e-con-inner\">\n\t\t\t\t<div class=\"elementor-element elementor-element-37286890 elementor-widget elementor-widget-text-editor\" data-id=\"37286890\" data-element_type=\"widget\" data-widget_type=\"text-editor.default\">\n\t\t\t\t<div class=\"elementor-widget-container\">\n\t\t\t\t\t\t\t\t\tPain\u00e9is sandu\u00edche decorativos de isolamento com textura de m\u00e1rmore, com a apar\u00eancia elegante do m\u00e1rmore e o excelente desempenho dos pain\u00e9is de isolamento, s\u00e3o uma escolha ideal para decora\u00e7\u00e3o arquitet\u00f4nica moderna. O produto possui excelente isolamento t\u00e9rmico, ac\u00fastico e redu\u00e7\u00e3o de ru\u00eddo, al\u00e9m de fun\u00e7\u00f5es \u00e0 prova de fogo, \u00e0 prova d'\u00e1gua e contra umidade, podendo melhorar efetivamente o conforto e a durabilidade do edif\u00edcio.\n\nPain\u00e9is sandu\u00edche decorativos de isolamento com textura de m\u00e1rmore s\u00e3o amplamente utilizados na decora\u00e7\u00e3o interna e externa, como hot\u00e9is, shoppings, edif\u00edcios comerciais, resid\u00eancias, etc. O produto pode ser usado em paredes, tetos, divis\u00f3rias e outras partes, adicionando um toque de luxo e nobreza ao espa\u00e7o do edif\u00edcio.\n\nPain\u00e9is sandu\u00edche decorativos de isolamento com textura de m\u00e1rmore que utilizam materiais verdes e ecol\u00f3gicos, n\u00e3o cont\u00eam subst\u00e2ncias nocivas como formalde\u00eddo e atendem aos requisitos de constru\u00e7\u00f5es verdes. O produto pode reduzir efetivamente o consumo de energia do edif\u00edcio, diminuir as emiss\u00f5es de carbono e contribuir para a prote\u00e7\u00e3o ambiental.\n\nQuer que seu edif\u00edcio seja mais luxuoso? Pain\u00e9is sandu\u00edche decorativos de isolamento com textura de m\u00e1rmore s\u00e3o sua melhor escolha! O produto n\u00e3o s\u00f3 oferece excelente desempenho de isolamento para o edif\u00edcio, mas tamb\u00e9m cria uma atmosfera de espa\u00e7o de alto padr\u00e3o e atmosfera. \u00c9 uma escolha moderna para decora\u00e7\u00e3o arquitet\u00f4nica.\t\t\t\t\t\t\t\t<\/div>\n\t\t\t\t<\/div>\n\t\t\t\t\t<\/div>\n\t\t\t\t<\/div>\n\t\t<div class=\"elementor-element elementor-element-8d6325c e-flex e-con-boxed e-con e-parent\" data-id=\"8d6325c\" data-element_type=\"container\">\n\t\t\t\t\t<div class=\"e-con-inner\">\n\t\t\t\t\t<\/div>\n\t\t\t\t<\/div>\n\t\t<div class=\"elementor-element elementor-element-a48910f e-flex e-con-boxed e-con e-parent\" data-id=\"a48910f\" data-element_type=\"container\">\n\t\t\t\t\t<div class=\"e-con-inner\">\n\t\t\t\t\t<\/div>\n\t\t\t\t<\/div>\n\t\t\t\t<\/div>","protected":false},"excerpt":{"rendered":"<p>Nosso <strong>painel sandu\u00edche decorativo de isolamento t\u00e9rmico com padr\u00e3o de m\u00e1rmore<\/strong> une a eleg\u00e2ncia do m\u00e1rmore com o desempenho superior dos materiais de isolamento. Oferece excelente isolamento t\u00e9rmico, isolamento ac\u00fastico e resist\u00eancia ao fogo, tornando-se uma escolha ideal para decora\u00e7\u00e3o arquitet\u00f4nica moderna.<\/p>\n<p>&nbsp;<\/p>","protected":false},"featured_media":3783,"comment_status":"open","ping_status":"closed","template":"","meta":[],"product_brand":[],"product_cat":[33],"product_tag":[48,29,49],"class_list":{"0":"post-4898","1":"product","2":"type-product","3":"status-publish","4":"has-post-thumbnail","6":"product_cat-metal-carved-board","7":"product_tag-marble","8":"product_tag-wall-board","9":"product_tag-wall-panel","11":"first","12":"instock","13":"shipping-taxable","14":"product-type-simple"},"yoast_head":"<!-- This site is optimized with the Yoast SEO plugin v24.2 - https:\/\/yoast.com\/wordpress\/plugins\/seo\/ -->\n<title>Marble Decorative Panels-1 - Shang He Sandwich Panel<\/title>\n<meta name=\"description\" content=\"Marble texture insulation decorative sandwich panels use advanced technology to perfectly combine marble texture with high-performance insulation materials.\" \/>\n<meta name=\"robots\" content=\"index, follow, max-snippet:-1, max-image-preview:large, max-video-preview:-1\" \/>\n<link rel=\"canonical\" href=\"https:\/\/shanghepanel.com\/pt\/product\/marble-decorative-panels-\u590d\u5236\/\" \/>\n<meta property=\"og:locale\" content=\"pt_BR\" \/>\n<meta property=\"og:type\" content=\"article\" \/>\n<meta property=\"og:title\" content=\"Marble Decorative Panels-1 - Shang He Sandwich Panel\" \/>\n<meta property=\"og:description\" content=\"Marble texture insulation decorative sandwich panels use advanced technology to perfectly combine marble texture with high-performance insulation materials.\" \/>\n<meta property=\"og:url\" content=\"https:\/\/shanghepanel.com\/pt\/product\/marble-decorative-panels-\u590d\u5236\/\" \/>\n<meta property=\"og:site_name\" content=\"Shang He Sandwich Panel\" \/>\n<meta property=\"article:modified_time\" content=\"2025-06-05T06:08:53+00:00\" \/>\n<meta property=\"og:image\" content=\"https:\/\/shanghepanel.com\/wp-content\/uploads\/2024\/07\/B-zt-12.jpg\" \/>\n\t<meta property=\"og:image:width\" content=\"800\" \/>\n\t<meta property=\"og:image:height\" content=\"800\" \/>\n\t<meta property=\"og:image:type\" content=\"image\/jpeg\" \/>\n<meta name=\"twitter:card\" content=\"summary_large_image\" \/>\n<meta name=\"twitter:label1\" content=\"Est. tempo de leitura\" \/>\n\t<meta name=\"twitter:data1\" content=\"2 minutos\" \/>\n<script type=\"application\/ld+json\" class=\"yoast-schema-graph\">{\"@context\":\"https:\/\/schema.org\",\"@graph\":[{\"@type\":\"WebPage\",\"@id\":\"https:\/\/shanghepanel.com\/product\/marble-decorative-panels-%e5%a4%8d%e5%88%b6\/\",\"url\":\"https:\/\/shanghepanel.com\/product\/marble-decorative-panels-%e5%a4%8d%e5%88%b6\/\",\"name\":\"Marble Decorative Panels-1 - Shang He Sandwich Panel\",\"isPartOf\":{\"@id\":\"https:\/\/shanghepanel.com\/#website\"},\"primaryImageOfPage\":{\"@id\":\"https:\/\/shanghepanel.com\/product\/marble-decorative-panels-%e5%a4%8d%e5%88%b6\/#primaryimage\"},\"image\":{\"@id\":\"https:\/\/shanghepanel.com\/product\/marble-decorative-panels-%e5%a4%8d%e5%88%b6\/#primaryimage\"},\"thumbnailUrl\":\"https:\/\/shanghepanel.com\/wp-content\/uploads\/2024\/07\/B-zt-12.jpg\",\"datePublished\":\"2025-05-20T06:26:56+00:00\",\"dateModified\":\"2025-06-05T06:08:53+00:00\",\"description\":\"Marble texture insulation decorative sandwich panels use advanced technology to perfectly combine marble texture with high-performance insulation materials.\",\"breadcrumb\":{\"@id\":\"https:\/\/shanghepanel.com\/product\/marble-decorative-panels-%e5%a4%8d%e5%88%b6\/#breadcrumb\"},\"inLanguage\":\"pt-BR\",\"potentialAction\":[{\"@type\":\"ReadAction\",\"target\":[\"https:\/\/shanghepanel.com\/product\/marble-decorative-panels-%e5%a4%8d%e5%88%b6\/\"]}]},{\"@type\":\"ImageObject\",\"inLanguage\":\"pt-BR\",\"@id\":\"https:\/\/shanghepanel.com\/product\/marble-decorative-panels-%e5%a4%8d%e5%88%b6\/#primaryimage\",\"url\":\"https:\/\/shanghepanel.com\/wp-content\/uploads\/2024\/07\/B-zt-12.jpg\",\"contentUrl\":\"https:\/\/shanghepanel.com\/wp-content\/uploads\/2024\/07\/B-zt-12.jpg\",\"width\":800,\"height\":800},{\"@type\":\"BreadcrumbList\",\"@id\":\"https:\/\/shanghepanel.com\/product\/marble-decorative-panels-%e5%a4%8d%e5%88%b6\/#breadcrumb\",\"itemListElement\":[{\"@type\":\"ListItem\",\"position\":1,\"name\":\"\u9996\u9875\",\"item\":\"https:\/\/shanghepanel.com\/en\/\"},{\"@type\":\"ListItem\",\"position\":2,\"name\":\"\u4ea7\u54c1\",\"item\":\"https:\/\/shanghepanel.com\/index.php\/shop\/\"},{\"@type\":\"ListItem\",\"position\":3,\"name\":\"Marble Decorative Panels-1\"}]},{\"@type\":\"WebSite\",\"@id\":\"https:\/\/shanghepanel.com\/#website\",\"url\":\"https:\/\/shanghepanel.com\/\",\"name\":\"shanghepanel.com\",\"description\":\"\",\"publisher\":{\"@id\":\"https:\/\/shanghepanel.com\/#organization\"},\"potentialAction\":[{\"@type\":\"SearchAction\",\"target\":{\"@type\":\"EntryPoint\",\"urlTemplate\":\"https:\/\/shanghepanel.com\/?s={search_term_string}\"},\"query-input\":{\"@type\":\"PropertyValueSpecification\",\"valueRequired\":true,\"valueName\":\"search_term_string\"}}],\"inLanguage\":\"pt-BR\"},{\"@type\":\"Organization\",\"@id\":\"https:\/\/shanghepanel.com\/#organization\",\"name\":\"Shandong ShangHe New Construction Engineering Co., ltd.\",\"url\":\"https:\/\/shanghepanel.com\/\",\"logo\":{\"@type\":\"ImageObject\",\"inLanguage\":\"pt-BR\",\"@id\":\"https:\/\/shanghepanel.com\/#\/schema\/logo\/image\/\",\"url\":\"https:\/\/shanghepanel.com\/wp-content\/uploads\/2024\/03\/logo-1.png\",\"contentUrl\":\"https:\/\/shanghepanel.com\/wp-content\/uploads\/2024\/03\/logo-1.png\",\"width\":800,\"height\":800,\"caption\":\"Shandong ShangHe New Construction Engineering Co., ltd.\"},\"image\":{\"@id\":\"https:\/\/shanghepanel.com\/#\/schema\/logo\/image\/\"}}]}<\/script>\n<!-- \/ Yoast SEO plugin. -->","yoast_head_json":{"title":"Pain\u00e9is Decorativos de M\u00e1rmore-1 - Painel Sandu\u00edche Shang He","description":"Pain\u00e9is sandu\u00edche decorativos de isolamento com textura de m\u00e1rmore usam tecnologia avan\u00e7ada para combinar perfeitamente a textura de m\u00e1rmore com materiais de isolamento de alto desempenho.","robots":{"index":"index","follow":"follow","max-snippet":"max-snippet:-1","max-image-preview":"max-image-preview:large","max-video-preview":"max-video-preview:-1"},"canonical":"https:\/\/shanghepanel.com\/pt\/product\/marble-decorative-panels-\u590d\u5236\/","og_locale":"pt_BR","og_type":"article","og_title":"Marble Decorative Panels-1 - Shang He Sandwich Panel","og_description":"Marble texture insulation decorative sandwich panels use advanced technology to perfectly combine marble texture with high-performance insulation materials.","og_url":"https:\/\/shanghepanel.com\/pt\/product\/marble-decorative-panels-\u590d\u5236\/","og_site_name":"Shang He Sandwich Panel","article_modified_time":"2025-06-05T06:08:53+00:00","og_image":[{"width":800,"height":800,"url":"https:\/\/shanghepanel.com\/wp-content\/uploads\/2024\/07\/B-zt-12.jpg","type":"image\/jpeg"}],"twitter_card":"summary_large_image","twitter_misc":{"Est. tempo de leitura":"2 minutos"},"schema":{"@context":"https:\/\/schema.org","@graph":[{"@type":"WebPage","@id":"https:\/\/shanghepanel.com\/product\/marble-decorative-panels-%e5%a4%8d%e5%88%b6\/","url":"https:\/\/shanghepanel.com\/product\/marble-decorative-panels-%e5%a4%8d%e5%88%b6\/","name":"Pain\u00e9is Decorativos de M\u00e1rmore-1 - Painel Sandu\u00edche Shang He","isPartOf":{"@id":"https:\/\/shanghepanel.com\/#website"},"primaryImageOfPage":{"@id":"https:\/\/shanghepanel.com\/product\/marble-decorative-panels-%e5%a4%8d%e5%88%b6\/#primaryimage"},"image":{"@id":"https:\/\/shanghepanel.com\/product\/marble-decorative-panels-%e5%a4%8d%e5%88%b6\/#primaryimage"},"thumbnailUrl":"https:\/\/shanghepanel.com\/wp-content\/uploads\/2024\/07\/B-zt-12.jpg","datePublished":"2025-05-20T06:26:56+00:00","dateModified":"2025-06-05T06:08:53+00:00","description":"Pain\u00e9is sandu\u00edche decorativos de isolamento com textura de m\u00e1rmore usam tecnologia avan\u00e7ada para combinar perfeitamente a textura de m\u00e1rmore com materiais de isolamento de alto desempenho.","breadcrumb":{"@id":"https:\/\/shanghepanel.com\/product\/marble-decorative-panels-%e5%a4%8d%e5%88%b6\/#breadcrumb"},"inLanguage":"pt-BR","potentialAction":[{"@type":"ReadAction","target":["https:\/\/shanghepanel.com\/product\/marble-decorative-panels-%e5%a4%8d%e5%88%b6\/"]}]},{"@type":"ImageObject","inLanguage":"pt-BR","@id":"https:\/\/shanghepanel.com\/product\/marble-decorative-panels-%e5%a4%8d%e5%88%b6\/#primaryimage","url":"https:\/\/shanghepanel.com\/wp-content\/uploads\/2024\/07\/B-zt-12.jpg","contentUrl":"https:\/\/shanghepanel.com\/wp-content\/uploads\/2024\/07\/B-zt-12.jpg","width":800,"height":800},{"@type":"BreadcrumbList","@id":"https:\/\/shanghepanel.com\/product\/marble-decorative-panels-%e5%a4%8d%e5%88%b6\/#breadcrumb","itemListElement":[{"@type":"ListItem","position":1,"name":"\u9996\u9875","item":"https:\/\/shanghepanel.com\/en\/"},{"@type":"ListItem","position":2,"name":"\u4ea7\u54c1","item":"https:\/\/shanghepanel.com\/index.php\/shop\/"},{"@type":"ListItem","position":3,"name":"Marble Decorative Panels-1"}]},{"@type":"WebSite","@id":"https:\/\/shanghepanel.com\/#website","url":"https:\/\/shanghepanel.com\/","name":"shanghepanel.com","description":"","publisher":{"@id":"https:\/\/shanghepanel.com\/#organization"},"potentialAction":[{"@type":"SearchAction","target":{"@type":"EntryPoint","urlTemplate":"https:\/\/shanghepanel.com\/?s={search_term_string}"},"query-input":{"@type":"PropertyValueSpecification","valueRequired":true,"valueName":"search_term_string"}}],"inLanguage":"pt-BR"},{"@type":"Organization","@id":"https:\/\/shanghepanel.com\/#organization","name":"Shandong ShangHe Engenharia de Constru\u00e7\u00e3o Nova Ltda.","url":"https:\/\/shanghepanel.com\/","logo":{"@type":"ImageObject","inLanguage":"pt-BR","@id":"https:\/\/shanghepanel.com\/#\/schema\/logo\/image\/","url":"https:\/\/shanghepanel.com\/wp-content\/uploads\/2024\/03\/logo-1.png","contentUrl":"https:\/\/shanghepanel.com\/wp-content\/uploads\/2024\/03\/logo-1.png","width":800,"height":800,"caption":"Shandong ShangHe New Construction Engineering Co., ltd."},"image":{"@id":"https:\/\/shanghepanel.com\/#\/schema\/logo\/image\/"}}]}},"_links":{"self":[{"href":"https:\/\/shanghepanel.com\/pt\/wp-json\/wp\/v2\/product\/4898","targetHints":{"allow":["GET"]}}],"collection":[{"href":"https:\/\/shanghepanel.com\/pt\/wp-json\/wp\/v2\/product"}],"about":[{"href":"https:\/\/shanghepanel.com\/pt\/wp-json\/wp\/v2\/types\/product"}],"replies":[{"embeddable":true,"href":"https:\/\/shanghepanel.com\/pt\/wp-json\/wp\/v2\/comments?post=4898"}],"version-history":[{"count":0,"href":"https:\/\/shanghepanel.com\/pt\/wp-json\/wp\/v2\/product\/4898\/revisions"}],"wp:featuredmedia":[{"embeddable":true,"href":"https:\/\/shanghepanel.com\/pt\/wp-json\/wp\/v2\/media\/3783"}],"wp:attachment":[{"href":"https:\/\/shanghepanel.com\/pt\/wp-json\/wp\/v2\/media?parent=4898"}],"wp:term":[{"taxonomy":"product_brand","embeddable":true,"href":"https:\/\/shanghepanel.com\/pt\/wp-json\/wp\/v2\/product_brand?post=4898"},{"taxonomy":"product_cat","embeddable":true,"href":"https:\/\/shanghepanel.com\/pt\/wp-json\/wp\/v2\/product_cat?post=4898"},{"taxonomy":"product_tag","embeddable":true,"href":"https:\/\/shanghepanel.com\/pt\/wp-json\/wp\/v2\/product_tag?post=4898"}],"curies":[{"name":"wp","href":"https:\/\/api.w.org\/{rel}","templated":true}]}}